{"id":5799,"date":"2021-09-08T16:57:27","date_gmt":"2021-09-08T14:57:27","guid":{"rendered":"https:\/\/nature4me.eu\/?page_id=5799"},"modified":"2025-08-08T09:55:35","modified_gmt":"2025-08-08T07:55:35","slug":"calivita-produkte-qualitaet","status":"publish","type":"page","link":"https:\/\/nature4me.eu\/de\/calivita-produkte-qualitaet\/","title":{"rendered":"CaliVita Produkte Qualit\u00e4t"},"content":{"rendered":"<h1>100 % Qualit\u00e4t \u2013 Erfolgsgarantie<\/h1>\n<p>Die \u00fcberwiegende Mehrheit unserer Produkte wird in den USA in einem pharmazeutischen Umfeld hergestellt. Die Herstellung der Produkte erfolgt in \u00dcbereinstimmung mit strengen Qualit\u00e4tssicherungs- und Qualit\u00e4tskontrollprinzipien (GMP \u2013 Good Manufacturing Practice) sowie < strenge laufende \u00dcberwachung und regelm\u00e4\u00dfige \u00dcberpr\u00fcfung durch die FDA (U.S. Food and Drug Administration). In unserem europ\u00e4ischen Vertrieb, in dem unsere Produkte alle Anforderungen der EU-Gesetzgebung erf\u00fcllen, arbeiten wir eng mit den \u00f6rtlichen Zulassungsbeh\u00f6rden zusammen, um sicherzustellen, dass unsere Produkte den \u00f6rtlichen Vorschriften entsprechen.\n\n<img decoding=\"async\" class=\"size-full wp-image-5789 aligncenter\" src=\"https:\/\/nature4me.eu\/wp-content\/uploads\/2021\/09\/proizvodi01.jpg\" alt=\"\" width=\"550\" height =\"365\" srcset=\"https:\/\/nature4me.eu\/wp-content\/uploads\/2021\/09\/proizvodi01-500x332.jpg 500w, https:\/\/nature4me.eu\/wp-content\/uploads\/2021\/09\/proizvodi01.jpg 550w\" sizes=\"(max-width: 550px) 100vw, 550px\" \/><\/p>\n<div class=\"txt-container-gray\">\n<h2>STRENGE QUALIT\u00c4TSKONTROLLE<\/h2>\n<p>CaliVita International ist bestrebt, den Verbrauchern das Beste zu bieten. F\u00fcr uns bedeutet das nicht nur, dass sich die Richtung unserer Entwicklungen an Ihren Bed\u00fcrfnissen orientiert, sondern auch, dass mehr als 3.000 erfahrene und engagierte Fachleute weltweit unerm\u00fcdlich daran arbeiten, dass unsere Produkte auf den neuesten Erkenntnissen und Entwicklungen der medizinischen Forschung basieren.<\/p>\n<p>Unsere Experten gew\u00e4hrleisten die Qualit\u00e4t und Kontrolle der Produkte von der Entstehung bis zum Erreichen des Verbrauchers.<\/p>\n<h2>Was unterscheidet die Produkte von Calivita?<\/h2>\n<ul>\n<li class=\"firstItem\"><strong>NAT\u00dcRLICH UND BIOLOGISCH <\/strong>\u2013 rohe und organische Materialien<\/li>\n<li><strong>CHELATFORM <\/strong>(bessere Absorption)<\/li>\n<li><strong>TIMED RELEASE <\/strong>(verz\u00f6gerte Ver\u00f6ffentlichung)<\/li>\n<li><strong>100 % QUALIT\u00c4TSGARANTIE F\u00dcR UNSERE PRODUKTE<\/strong><\/li>\n<li><strong>UNGIFTIGE PRODUKTE<\/strong><\/li>\n<li class=\"lastItem\"><strong>PREISE F\u00dcR CaliVita-PRODUKTE<\/strong> sind viel akzeptabler als die Preise anderer Produkte<\/li>\n<\/ul>\n<p><img decoding=\"async\" class=\"size-full wp-image-5793 aligncenter\" src=\"https:\/\/nature4me.eu\/wp-content\/uploads\/2021\/09\/proizvodi02.jpg\" alt=\"\" width=\"500\" height =\"332\" \/><\/p>\n<div class=\"txt-container-gray\">\n<h2>ZERTIFIKATE, DIE DIE AUSGEZEICHNETE QUALIT\u00c4T UNSERER PRODUKTE BEWEISEN:<\/h2>\n<\/div>\n<\/p>\n<div class=\"table-1\">\n<table width=\"100%\">\n<tbody>\n<tr>\n<td align=\"left\"><img decoding=\"async\" class=\"alignnone size-full wp-image-3683\" src=\"https:\/\/nature4me.eu\/wp-content\/uploads\/2021\/08\/fda.jpg\" alt= \"\" width=\"106\" height=\"50\" \/><\/td>\n<td align=\"left\"><span class=\"green-text\"><strong>USA Lebensmittel- und Arzneimittelbeh\u00f6rde<\/strong><\/span><br \/>\nUnsere Nahrungserg\u00e4nzungsmittel werden unter der Aufsicht der US-amerikanischen Food and Drug Administration und in \u00dcbereinstimmung mit deren Anforderungen hergestellt und vermarktet.<\/td>\n<\/tr>\n<tr>\n<td align=\"left\"><img decoding=\"async\" class=\"alignnone size-full wp-image-3671\" src=\"https:\/\/nature4me.eu\/wp-content\/uploads\/2021\/08\/GMP_logo.jpg\" alt= \"\" width=\"53\" height=\"50\" \/><\/td>\n<td align=\"left\"><span class=\"green-text\"><strong>Gute Herstellungspraxis<\/strong><\/span><br \/>\nDie Herstellung unserer Nahrungserg\u00e4nzungsmittel erfolgt nach den strengen Qualit\u00e4tsmanagement- und Qualit\u00e4tskontrollgrunds\u00e4tzen der GMP (Good Manufacturing Practices). Die GMP ist die Zusammenfassung der Mindestanforderungen an die Qualit\u00e4tskontrolle in Bezug auf die Herstellung von Arzneimitteln, Nahrungserg\u00e4nzungsmitteln oder Lebensmittelprodukten, von der Herstellung der Grundstoffe \u00fcber die an der Produktion beteiligten Arbeitskr\u00e4fte bis hin zur Verwaltung des Endprodukts.<\/ td><br \/>\n<\/tr>\n<tr>\n<td align=\"left\"><img decoding=\"async\" class=\"alignnone size-full wp-image-3679\" src=\"https:\/\/nature4me.eu\/wp-content\/uploads\/2021\/08\/USDA.jpg\" alt= \"\" width=\"50\" height=\"50\" \/><\/td>\n<td align=\"left\"><span class=\"green-text\"><strong>Landwirtschaftsministerium der Vereinigten Staaten<\/strong><\/span><br \/>\nEin vom US-Landwirtschaftsministerium (USDA) ausgestelltes Zertifikat, das bescheinigt, dass das Produkt den Anforderungen von Bio-Produkten entspricht.<\/td>\n<\/tr>\n<tr>\n<td align=\"left\"><img decoding=\"async\" class=\"alignnone size-full wp-image-3675\" src=\"https:\/\/nature4me.eu\/wp-content\/uploads\/2021\/08\/EU_Organic_Logo.jpg\" alt= \"\" width=\"75\" height=\"50\" \/><\/td>\n<td align=\"left\"><span class=\"green-text\"><strong>Bio-Logo der Europ\u00e4ischen Union<\/strong><\/span><br \/>\nDas Hauptziel des europ\u00e4ischen Logos besteht darin, den Verbrauchern die Identifizierung von Bio-Produkten zu erleichtern. Die Verwendung des Logos und die korrekte Kennzeichnung sind f\u00fcr alle in der Europ\u00e4ischen Union hergestellten vorverpackten Bio-Lebensmittel verpflichtend.<\/td>\n<\/tr>\n<tr>\n<td align=\"left\"><img decoding=\"async\" class=\"alignnone size-full wp-image-3663\" src=\"https:\/\/nature4me.eu\/wp-content\/uploads\/2021\/08\/CE.jpg\" alt= \"\" width=\"63\" height=\"50\" \/><\/td>\n<td align=\"left\"><span class=\"green-text\"><strong>Conformit\u00e9 Europ\u00e9ene<\/strong><\/span><br \/>\nDas Produkt entspricht in vollem Umfang allen von der Europ\u00e4ischen Union festgelegten Regeln.<\/td>\n<\/tr>\n<tr>\n<td align=\"left\"><img decoding=\"async\" class=\"alignnone size-full wp-image-3667\" src=\"https:\/\/nature4me.eu\/wp-content\/uploads\/2021\/08\/US_EPA.jpg\" alt= \"\" width=\"50\" height=\"50\" \/><\/td>\n<td align=\"left\"><span class=\"green-text\"><strong>USA Umweltschutzbeh\u00f6rde<br \/>\n<\/strong>Das Zertifikat der US-amerikanischen Umweltschutzbeh\u00f6rde (EPA oder USEPA), das bescheinigt, dass jede Komponente des Produkts kontrolliert und sowohl f\u00fcr die Umwelt als auch f\u00fcr den Menschen sicher ist.<\/span><\/td>\n<\/tr>\n<tr>\n<td align=\"left\"><img decoding=\"async\" class=\"alignnone size-full wp-image-3659\" src=\"https:\/\/nature4me.eu\/wp-content\/uploads\/2021\/08\/igef.jpg\" alt= \"\" width=\"50\" height=\"50\" \/><\/td>\n<td align=\"left\"><span class=\"green-text\"><strong>Internationale Gesellschaft f\u00fcr Elektrosmog-Forschung<br \/>\n<\/strong>Ein von der International Electrosmog Research Institution (IGEF) getestetes und empfohlenes Produkt.<\/span><\/td>\n<\/tr>\n<\/tbody>\n<\/table>\n<\/div>\n<p>\n<\/div>\n","protected":false},"excerpt":{"rendered":"<p>100 % Qualit\u00e4t \u2013 Erfolgsgarantie Die \u00fcberwiegende Mehrheit unserer Produkte [&hellip;]<\/p>\n","protected":false},"author":1,"featured_media":0,"parent":0,"menu_order":0,"comment_status":"closed","ping_status":"closed","template":"","meta":{"inline_featured_image":false,"_monsterinsights_skip_tracking":false,"_monsterinsights_sitenote_active":false,"_monsterinsights_sitenote_note":"","_monsterinsights_sitenote_category":0,"footnotes":""},"class_list":["post-5799","page","type-page","status-publish","hentry"],"yoast_head":"<!-- This site is optimized with the Yoast SEO Premium plugin v21.9 (Yoast SEO v26.6) - https:\/\/yoast.com\/wordpress\/plugins\/seo\/ -->\n<title>CaliVita Erfahrungen<\/title>\n<meta name=\"robots\" content=\"index, follow, max-snippet:-1, max-image-preview:large, max-video-preview:-1\" \/>\n<link rel=\"canonical\" href=\"https:\/\/nature4me.eu\/de\/calivita-produkte-qualitaet\/\" \/>\n<meta property=\"og:locale\" content=\"de_DE\" \/>\n<meta property=\"og:type\" content=\"article\" \/>\n<meta property=\"og:title\" content=\"CaliVita Produkte Qualit\u00e4t\" \/>\n<meta property=\"og:description\" content=\"100 % Qualit\u00e4t \u2013 Erfolgsgarantie Die \u00fcberwiegende Mehrheit unserer Produkte [&hellip;]\" \/>\n<meta property=\"og:url\" content=\"https:\/\/nature4me.eu\/de\/calivita-produkte-qualitaet\/\" \/>\n<meta property=\"og:site_name\" content=\"CaliVita Nature4me\" \/>\n<meta property=\"article:publisher\" content=\"https:\/\/www.facebook.com\/zdravjeiznarave.eu\" \/>\n<meta property=\"article:modified_time\" content=\"2025-08-08T07:55:35+00:00\" \/>\n<meta property=\"og:image\" content=\"https:\/\/nature4me.eu\/wp-content\/uploads\/2021\/09\/proizvodi01.jpg\" \/>\n<meta name=\"twitter:card\" content=\"summary_large_image\" \/>\n<meta name=\"twitter:label1\" content=\"Gesch\u00e4tzte Lesezeit\" \/>\n\t<meta name=\"twitter:data1\" content=\"2\u00a0Minuten\" \/>\n<script type=\"application\/ld+json\" class=\"yoast-schema-graph\">{\"@context\":\"https:\/\/schema.org\",\"@graph\":[{\"@type\":\"WebPage\",\"@id\":\"https:\/\/nature4me.eu\/de\/calivita-produkte-qualitaet\/\",\"url\":\"https:\/\/nature4me.eu\/de\/calivita-produkte-qualitaet\/\",\"name\":\"CaliVita Erfahrungen\",\"isPartOf\":{\"@id\":\"https:\/\/nature4me.eu\/de\/#website\"},\"primaryImageOfPage\":{\"@id\":\"https:\/\/nature4me.eu\/de\/calivita-produkte-qualitaet\/#primaryimage\"},\"image\":{\"@id\":\"https:\/\/nature4me.eu\/de\/calivita-produkte-qualitaet\/#primaryimage\"},\"thumbnailUrl\":\"https:\/\/nature4me.eu\/wp-content\/uploads\/2021\/09\/proizvodi01.jpg\",\"datePublished\":\"2021-09-08T14:57:27+00:00\",\"dateModified\":\"2025-08-08T07:55:35+00:00\",\"breadcrumb\":{\"@id\":\"https:\/\/nature4me.eu\/de\/calivita-produkte-qualitaet\/#breadcrumb\"},\"inLanguage\":\"de\",\"potentialAction\":[{\"@type\":\"ReadAction\",\"target\":[\"https:\/\/nature4me.eu\/de\/calivita-produkte-qualitaet\/\"]}]},{\"@type\":\"ImageObject\",\"inLanguage\":\"de\",\"@id\":\"https:\/\/nature4me.eu\/de\/calivita-produkte-qualitaet\/#primaryimage\",\"url\":\"https:\/\/nature4me.eu\/wp-content\/uploads\/2021\/09\/proizvodi01.jpg\",\"contentUrl\":\"https:\/\/nature4me.eu\/wp-content\/uploads\/2021\/09\/proizvodi01.jpg\"},{\"@type\":\"BreadcrumbList\",\"@id\":\"https:\/\/nature4me.eu\/de\/calivita-produkte-qualitaet\/#breadcrumb\",\"itemListElement\":[{\"@type\":\"ListItem\",\"position\":1,\"name\":\"Po\u010detna stranica\",\"item\":\"https:\/\/nature4me.eu\/de\/\"},{\"@type\":\"ListItem\",\"position\":2,\"name\":\"CaliVita Produkte Qualit\u00e4t\"}]},{\"@type\":\"WebSite\",\"@id\":\"https:\/\/nature4me.eu\/de\/#website\",\"url\":\"https:\/\/nature4me.eu\/de\/\",\"name\":\"CaliVita Nature4me\",\"description\":\"CaliVita Nature4me\",\"potentialAction\":[{\"@type\":\"SearchAction\",\"target\":{\"@type\":\"EntryPoint\",\"urlTemplate\":\"https:\/\/nature4me.eu\/de\/?s={search_term_string}\"},\"query-input\":{\"@type\":\"PropertyValueSpecification\",\"valueRequired\":true,\"valueName\":\"search_term_string\"}}],\"inLanguage\":\"de\"}]}<\/script>\n<!-- \/ Yoast SEO Premium plugin. -->","yoast_head_json":{"title":"CaliVita Erfahrungen","robots":{"index":"index","follow":"follow","max-snippet":"max-snippet:-1","max-image-preview":"max-image-preview:large","max-video-preview":"max-video-preview:-1"},"canonical":"https:\/\/nature4me.eu\/de\/calivita-produkte-qualitaet\/","og_locale":"de_DE","og_type":"article","og_title":"CaliVita Produkte Qualit\u00e4t","og_description":"100 % Qualit\u00e4t \u2013 Erfolgsgarantie Die \u00fcberwiegende Mehrheit unserer Produkte [&hellip;]","og_url":"https:\/\/nature4me.eu\/de\/calivita-produkte-qualitaet\/","og_site_name":"CaliVita Nature4me","article_publisher":"https:\/\/www.facebook.com\/zdravjeiznarave.eu","article_modified_time":"2025-08-08T07:55:35+00:00","og_image":[{"url":"https:\/\/nature4me.eu\/wp-content\/uploads\/2021\/09\/proizvodi01.jpg","type":"","width":"","height":""}],"twitter_card":"summary_large_image","twitter_misc":{"Gesch\u00e4tzte Lesezeit":"2\u00a0Minuten"},"schema":{"@context":"https:\/\/schema.org","@graph":[{"@type":"WebPage","@id":"https:\/\/nature4me.eu\/de\/calivita-produkte-qualitaet\/","url":"https:\/\/nature4me.eu\/de\/calivita-produkte-qualitaet\/","name":"CaliVita Erfahrungen","isPartOf":{"@id":"https:\/\/nature4me.eu\/de\/#website"},"primaryImageOfPage":{"@id":"https:\/\/nature4me.eu\/de\/calivita-produkte-qualitaet\/#primaryimage"},"image":{"@id":"https:\/\/nature4me.eu\/de\/calivita-produkte-qualitaet\/#primaryimage"},"thumbnailUrl":"https:\/\/nature4me.eu\/wp-content\/uploads\/2021\/09\/proizvodi01.jpg","datePublished":"2021-09-08T14:57:27+00:00","dateModified":"2025-08-08T07:55:35+00:00","breadcrumb":{"@id":"https:\/\/nature4me.eu\/de\/calivita-produkte-qualitaet\/#breadcrumb"},"inLanguage":"de","potentialAction":[{"@type":"ReadAction","target":["https:\/\/nature4me.eu\/de\/calivita-produkte-qualitaet\/"]}]},{"@type":"ImageObject","inLanguage":"de","@id":"https:\/\/nature4me.eu\/de\/calivita-produkte-qualitaet\/#primaryimage","url":"https:\/\/nature4me.eu\/wp-content\/uploads\/2021\/09\/proizvodi01.jpg","contentUrl":"https:\/\/nature4me.eu\/wp-content\/uploads\/2021\/09\/proizvodi01.jpg"},{"@type":"BreadcrumbList","@id":"https:\/\/nature4me.eu\/de\/calivita-produkte-qualitaet\/#breadcrumb","itemListElement":[{"@type":"ListItem","position":1,"name":"Po\u010detna stranica","item":"https:\/\/nature4me.eu\/de\/"},{"@type":"ListItem","position":2,"name":"CaliVita Produkte Qualit\u00e4t"}]},{"@type":"WebSite","@id":"https:\/\/nature4me.eu\/de\/#website","url":"https:\/\/nature4me.eu\/de\/","name":"CaliVita Nature4me","description":"CaliVita Nature4me","potentialAction":[{"@type":"SearchAction","target":{"@type":"EntryPoint","urlTemplate":"https:\/\/nature4me.eu\/de\/?s={search_term_string}"},"query-input":{"@type":"PropertyValueSpecification","valueRequired":true,"valueName":"search_term_string"}}],"inLanguage":"de"}]}},"_links":{"self":[{"href":"https:\/\/nature4me.eu\/de\/wp-json\/wp\/v2\/pages\/5799","targetHints":{"allow":["GET"]}}],"collection":[{"href":"https:\/\/nature4me.eu\/de\/wp-json\/wp\/v2\/pages"}],"about":[{"href":"https:\/\/nature4me.eu\/de\/wp-json\/wp\/v2\/types\/page"}],"author":[{"embeddable":true,"href":"https:\/\/nature4me.eu\/de\/wp-json\/wp\/v2\/users\/1"}],"replies":[{"embeddable":true,"href":"https:\/\/nature4me.eu\/de\/wp-json\/wp\/v2\/comments?post=5799"}],"version-history":[{"count":0,"href":"https:\/\/nature4me.eu\/de\/wp-json\/wp\/v2\/pages\/5799\/revisions"}],"wp:attachment":[{"href":"https:\/\/nature4me.eu\/de\/wp-json\/wp\/v2\/media?parent=5799"}],"curies":[{"name":"wp","href":"https:\/\/api.w.org\/{rel}","templated":true}]}}