{"id":8404,"date":"2024-02-23T02:10:22","date_gmt":"2024-02-23T00:10:22","guid":{"rendered":"https:\/\/nature4me.eu\/schutz-personenbezogener-daten\/"},"modified":"2024-07-23T19:38:46","modified_gmt":"2024-07-23T17:38:46","slug":"schutz-personenbezogener-daten","status":"publish","type":"page","link":"https:\/\/nature4me.eu\/de\/schutz-personenbezogener-daten\/","title":{"rendered":"Schutz personenbezogener Daten"},"content":{"rendered":"<div id=\"product-long-decs\">\n<h2>SCHUTZ PERSONENBEZOGENER DATEN<\/h2>\n<\/div>\n<div id=\"policy-box\">\n<p>Der Webshop www.zdravjeiznarave.eu verpflichtet sich zum dauerhaften Schutz personenbezogener Daten. Wir erheben nur Daten, die Sie uns freiwillig mitteilen.<br \/>\nDie Daten werden zu keinem anderen Zweck verwendet, mit Ausnahme der Zusendung von Informationsmaterial, Angeboten, Rechnungen und anderen f\u00fcr die Kommunikation notwendigen Dingen.<\/p>\n<p>Das Unternehmen CaliSi d.o.o. gem\u00e4\u00df dem Gesetz zum Schutz personenbezogener Daten (ZVOP-1), Ed. l. RS, nein. 86\/04 verpflichtet sich zum dauerhaften Schutz aller personenbezogenen Daten. Wir erheben nur die Daten, die Sie uns freiwillig zur Verf\u00fcgung stellen, wir verwenden die angegebenen Daten nur f\u00fcr Zwecke, die sich aus unserer Gesch\u00e4ftst\u00e4tigkeit ergeben und sich auf die Allgemeinen Gesch\u00e4ftsbedingungen beziehen. Eine Weitergabe Ihrer Daten an Dritte erfolgt nicht. Zum Schutz Ihrer Privatsph\u00e4re verwenden wir sichere Software. Ihr Bewerbungsformular ist auf Slowenisch verfasst und wird am Hauptsitz von CaliSi, d.o.o. aufbewahrt. in schriftlicher und\/oder elektronischer Form erfolgen und unterliegen dem Gesch\u00e4ftsgeheimnis.<\/p>\n<\/div>\n","protected":false},"excerpt":{"rendered":"<p>SCHUTZ PERSONENBEZOGENER DATEN Der Webshop www.zdravjeiznarave.eu verpflichtet sich zum dauerhaften [&hellip;]<\/p>\n","protected":false},"author":1,"featured_media":0,"parent":0,"menu_order":0,"comment_status":"closed","ping_status":"closed","template":"","meta":{"inline_featured_image":false,"_monsterinsights_skip_tracking":false,"_monsterinsights_sitenote_active":false,"_monsterinsights_sitenote_note":"","_monsterinsights_sitenote_category":0,"footnotes":""},"class_list":["post-8404","page","type-page","status-publish","hentry"],"yoast_head":"<!-- This site is optimized with the Yoast SEO Premium plugin v21.9 (Yoast SEO v26.6) - https:\/\/yoast.com\/wordpress\/plugins\/seo\/ -->\n<title>Schutz personenbezogener Daten - CaliVita Nature4me<\/title>\n<meta name=\"robots\" content=\"index, follow, max-snippet:-1, max-image-preview:large, max-video-preview:-1\" \/>\n<link rel=\"canonical\" href=\"https:\/\/nature4me.eu\/de\/schutz-personenbezogener-daten\/\" \/>\n<meta property=\"og:locale\" content=\"de_DE\" \/>\n<meta property=\"og:type\" content=\"article\" \/>\n<meta property=\"og:title\" content=\"Schutz personenbezogener Daten\" \/>\n<meta property=\"og:description\" content=\"SCHUTZ PERSONENBEZOGENER DATEN Der Webshop www.zdravjeiznarave.eu verpflichtet sich zum dauerhaften [&hellip;]\" \/>\n<meta property=\"og:url\" content=\"https:\/\/nature4me.eu\/de\/schutz-personenbezogener-daten\/\" \/>\n<meta property=\"og:site_name\" content=\"CaliVita Nature4me\" \/>\n<meta property=\"article:publisher\" content=\"https:\/\/www.facebook.com\/zdravjeiznarave.eu\" \/>\n<meta property=\"article:modified_time\" content=\"2024-07-23T17:38:46+00:00\" \/>\n<meta name=\"twitter:card\" content=\"summary_large_image\" \/>\n<meta name=\"twitter:label1\" content=\"Gesch\u00e4tzte Lesezeit\" \/>\n\t<meta name=\"twitter:data1\" content=\"1\u00a0Minute\" \/>\n<script type=\"application\/ld+json\" class=\"yoast-schema-graph\">{\"@context\":\"https:\/\/schema.org\",\"@graph\":[{\"@type\":\"WebPage\",\"@id\":\"https:\/\/nature4me.eu\/de\/schutz-personenbezogener-daten\/\",\"url\":\"https:\/\/nature4me.eu\/de\/schutz-personenbezogener-daten\/\",\"name\":\"Schutz personenbezogener Daten - CaliVita Nature4me\",\"isPartOf\":{\"@id\":\"https:\/\/nature4me.eu\/de\/#website\"},\"datePublished\":\"2024-02-23T00:10:22+00:00\",\"dateModified\":\"2024-07-23T17:38:46+00:00\",\"breadcrumb\":{\"@id\":\"https:\/\/nature4me.eu\/de\/schutz-personenbezogener-daten\/#breadcrumb\"},\"inLanguage\":\"de\",\"potentialAction\":[{\"@type\":\"ReadAction\",\"target\":[\"https:\/\/nature4me.eu\/de\/schutz-personenbezogener-daten\/\"]}]},{\"@type\":\"BreadcrumbList\",\"@id\":\"https:\/\/nature4me.eu\/de\/schutz-personenbezogener-daten\/#breadcrumb\",\"itemListElement\":[{\"@type\":\"ListItem\",\"position\":1,\"name\":\"Po\u010detna stranica\",\"item\":\"https:\/\/nature4me.eu\/de\/\"},{\"@type\":\"ListItem\",\"position\":2,\"name\":\"Schutz personenbezogener Daten\"}]},{\"@type\":\"WebSite\",\"@id\":\"https:\/\/nature4me.eu\/de\/#website\",\"url\":\"https:\/\/nature4me.eu\/de\/\",\"name\":\"CaliVita Nature4me\",\"description\":\"CaliVita Nature4me\",\"potentialAction\":[{\"@type\":\"SearchAction\",\"target\":{\"@type\":\"EntryPoint\",\"urlTemplate\":\"https:\/\/nature4me.eu\/de\/?s={search_term_string}\"},\"query-input\":{\"@type\":\"PropertyValueSpecification\",\"valueRequired\":true,\"valueName\":\"search_term_string\"}}],\"inLanguage\":\"de\"}]}<\/script>\n<!-- \/ Yoast SEO Premium plugin. -->","yoast_head_json":{"title":"Schutz personenbezogener Daten - CaliVita Nature4me","robots":{"index":"index","follow":"follow","max-snippet":"max-snippet:-1","max-image-preview":"max-image-preview:large","max-video-preview":"max-video-preview:-1"},"canonical":"https:\/\/nature4me.eu\/de\/schutz-personenbezogener-daten\/","og_locale":"de_DE","og_type":"article","og_title":"Schutz personenbezogener Daten","og_description":"SCHUTZ PERSONENBEZOGENER DATEN Der Webshop www.zdravjeiznarave.eu verpflichtet sich zum dauerhaften [&hellip;]","og_url":"https:\/\/nature4me.eu\/de\/schutz-personenbezogener-daten\/","og_site_name":"CaliVita Nature4me","article_publisher":"https:\/\/www.facebook.com\/zdravjeiznarave.eu","article_modified_time":"2024-07-23T17:38:46+00:00","twitter_card":"summary_large_image","twitter_misc":{"Gesch\u00e4tzte Lesezeit":"1\u00a0Minute"},"schema":{"@context":"https:\/\/schema.org","@graph":[{"@type":"WebPage","@id":"https:\/\/nature4me.eu\/de\/schutz-personenbezogener-daten\/","url":"https:\/\/nature4me.eu\/de\/schutz-personenbezogener-daten\/","name":"Schutz personenbezogener Daten - CaliVita Nature4me","isPartOf":{"@id":"https:\/\/nature4me.eu\/de\/#website"},"datePublished":"2024-02-23T00:10:22+00:00","dateModified":"2024-07-23T17:38:46+00:00","breadcrumb":{"@id":"https:\/\/nature4me.eu\/de\/schutz-personenbezogener-daten\/#breadcrumb"},"inLanguage":"de","potentialAction":[{"@type":"ReadAction","target":["https:\/\/nature4me.eu\/de\/schutz-personenbezogener-daten\/"]}]},{"@type":"BreadcrumbList","@id":"https:\/\/nature4me.eu\/de\/schutz-personenbezogener-daten\/#breadcrumb","itemListElement":[{"@type":"ListItem","position":1,"name":"Po\u010detna stranica","item":"https:\/\/nature4me.eu\/de\/"},{"@type":"ListItem","position":2,"name":"Schutz personenbezogener Daten"}]},{"@type":"WebSite","@id":"https:\/\/nature4me.eu\/de\/#website","url":"https:\/\/nature4me.eu\/de\/","name":"CaliVita Nature4me","description":"CaliVita Nature4me","potentialAction":[{"@type":"SearchAction","target":{"@type":"EntryPoint","urlTemplate":"https:\/\/nature4me.eu\/de\/?s={search_term_string}"},"query-input":{"@type":"PropertyValueSpecification","valueRequired":true,"valueName":"search_term_string"}}],"inLanguage":"de"}]}},"_links":{"self":[{"href":"https:\/\/nature4me.eu\/de\/wp-json\/wp\/v2\/pages\/8404","targetHints":{"allow":["GET"]}}],"collection":[{"href":"https:\/\/nature4me.eu\/de\/wp-json\/wp\/v2\/pages"}],"about":[{"href":"https:\/\/nature4me.eu\/de\/wp-json\/wp\/v2\/types\/page"}],"author":[{"embeddable":true,"href":"https:\/\/nature4me.eu\/de\/wp-json\/wp\/v2\/users\/1"}],"replies":[{"embeddable":true,"href":"https:\/\/nature4me.eu\/de\/wp-json\/wp\/v2\/comments?post=8404"}],"version-history":[{"count":0,"href":"https:\/\/nature4me.eu\/de\/wp-json\/wp\/v2\/pages\/8404\/revisions"}],"wp:attachment":[{"href":"https:\/\/nature4me.eu\/de\/wp-json\/wp\/v2\/media?parent=8404"}],"curies":[{"name":"wp","href":"https:\/\/api.w.org\/{rel}","templated":true}]}}