{"id":8405,"date":"2024-02-23T02:13:36","date_gmt":"2024-02-23T00:13:36","guid":{"rendered":"https:\/\/nature4me.eu\/beschwerden\/"},"modified":"2025-08-08T10:01:06","modified_gmt":"2025-08-08T08:01:06","slug":"beschwerden","status":"publish","type":"page","link":"https:\/\/nature4me.eu\/de\/beschwerden\/","title":{"rendered":"Beschwerden"},"content":{"rendered":"<div id=\"product-long-decs\">\n<h2>BESCHWERDEN<\/h2>\n<\/div>\n<div id=\"policy-box\">\n<p>Wir sind f\u00fcr dich da!<\/p>\n<p>Wenn Sie uns loben, uns eine Anregung geben oder Ihre Unzufriedenheit mit dem Service im Webshop www.zdravjeiznarave.eu zum Ausdruck bringen m\u00f6chten, kontaktieren Sie uns bitte unter 040 61 82 61 oder unter der E-Mail-Adresse:<a href=\"mailto :info@ zdravjeiznarave.eu\"> info@zdravjeiznarave.eu<\/a>.<\/p>\n<p>Sollten Sie mit den CaliVita-Produkten nicht zufrieden sein, rufen Sie bitte die Kontaktnummer an<br \/>\n+386 (0)1 420 16 00 oder per E-Mail an: <a href=\"mailto:trgovina@calivita.si\">trgovina@calivita.si<\/a><\/p>\n<p>Wir freuen uns \u00fcber Ihr Feedback, damit wir rechtzeitig reagieren und negative Erfahrungen verhindern k\u00f6nnen.<\/p>\n<hr \/>\n<p>Widerrufsrecht: Gem\u00e4\u00df dem Verbraucherschutzgesetz hat der K\u00e4ufer das Recht, innerhalb von 15 Tagen nach Erhalt der Ware schriftlich vom Kauf zur\u00fcckzutreten. Die Ware kann unbesch\u00e4digt und in unbesch\u00e4digter Originalverpackung (unge\u00f6ffnet) und mit der Originalrechnung zur\u00fcckgesendet werden, andernfalls ber\u00fccksichtigen wir keine Reklamationen oder einen R\u00fccktritt vom Vertrag.<br \/>\nAlle Preise f\u00fcr Nahrungserg\u00e4nzungsmittel und Produkte f\u00fcr Sportler verstehen sich inklusive 9,5 % Mehrwertsteuer, bei anderen Produkten ist 22 % Mehrwertsteuer enthalten.<\/p>\n<p>Hat der K\u00e4ufer die Ware bereits erhalten und tritt vom Vertrag zur\u00fcck, muss er die Ware innerhalb von 15 Tagen nach der Mitteilung \u00fcber den R\u00fccktritt vom Vertrag unbesch\u00e4digt und in gleicher Menge an den Anbieter senden, es sei denn, die Ware ist zerst\u00f6rt, besch\u00e4digt, verloren gegangen oder deren Menge ist ohne Verschulden des K\u00e4ufers zur\u00fcckgegangen.<\/p>\n<p>Der K\u00e4ufer kann dem Anbieter den R\u00fccktritt vom Vertrag per E-Mail info@zdravjeiznarave.eu, Faxnummer 01 420 16 09 oder CaliSi d.o.o., Barjanska cesta 60, 1000 Ljubljana mitteilen.<\/p>\n<p>Andernfalls gen\u00fcgt es, wenn der K\u00e4ufer die erhaltene Ware innerhalb der Widerrufsfrist zur\u00fcckgibt, was als R\u00fccktritt vom Vertrag gilt.<\/p>\n<p>Die Adresse f\u00fcr die R\u00fccksendung der Ware an den Verk\u00e4ufer lautet CaliSi d.o.o., Barjanska cesta 60, 1000 Ljubljana. Bitte senden Sie das Produkt in der Originalverpackung zur\u00fcck. Das Produkt muss unge\u00f6ffnet, unbesch\u00e4digt und in unver\u00e4nderter Menge sein. Der K\u00e4ufer muss den zur\u00fcckgegebenen Produkten eine Rechnung beif\u00fcgen bzw sein Exemplar.<\/p>\n<p>Der Anbieter erstattet dem K\u00e4ufer s\u00e4mtliche geleisteten Zahlungen unverz\u00fcglich, sp\u00e4testens jedoch 30 Tage nach Erhalt der Mitteilung \u00fcber den R\u00fccktritt vom Vertrag. Wir erstatten Ihre Zahlung per \u00dcberweisung auf Ihr pers\u00f6nliches Bankkonto (dies m\u00fcssen Sie uns im Rahmen des R\u00fcckerstattungsprozesses mitteilen). Leider zahlen wir nicht bar. Die einzigen Kosten, die dem K\u00e4ufer im Zusammenhang mit dem R\u00fccktritt vom Vertrag in Rechnung gestellt werden, sind die unmittelbaren Kosten der R\u00fccksendung der Waren.<\/p>\n<p>Der K\u00e4ufer kann auch Ware zur\u00fccksenden, die beim Transport zerst\u00f6rt oder besch\u00e4digt wurde. In diesem Fall ersetzt der Anbieter das Produkt auf eigene Kosten. Sollten an der Lieferung durch den Transport erkennbare Sch\u00e4den erkennbar sein, kann der K\u00e4ufer die Lieferung sofort bei Lieferung zur\u00fcckweisen.<\/p>\n<\/div>\n","protected":false},"excerpt":{"rendered":"<p>BESCHWERDEN Wir sind f\u00fcr dich da! Wenn Sie uns loben, [&hellip;]<\/p>\n","protected":false},"author":1,"featured_media":0,"parent":0,"menu_order":0,"comment_status":"closed","ping_status":"closed","template":"","meta":{"inline_featured_image":false,"_monsterinsights_skip_tracking":false,"_monsterinsights_sitenote_active":false,"_monsterinsights_sitenote_note":"","_monsterinsights_sitenote_category":0,"footnotes":""},"class_list":["post-8405","page","type-page","status-publish","hentry"],"yoast_head":"<!-- This site is optimized with the Yoast SEO Premium plugin v21.9 (Yoast SEO v26.6) - https:\/\/yoast.com\/wordpress\/plugins\/seo\/ -->\n<title>Beschwerden - CaliVita Nature4me<\/title>\n<meta name=\"robots\" content=\"index, follow, max-snippet:-1, max-image-preview:large, max-video-preview:-1\" \/>\n<link rel=\"canonical\" href=\"https:\/\/nature4me.eu\/de\/beschwerden\/\" \/>\n<meta property=\"og:locale\" content=\"de_DE\" \/>\n<meta property=\"og:type\" content=\"article\" \/>\n<meta property=\"og:title\" content=\"Beschwerden\" \/>\n<meta property=\"og:description\" content=\"BESCHWERDEN Wir sind f\u00fcr dich da! Wenn Sie uns loben, [&hellip;]\" \/>\n<meta property=\"og:url\" content=\"https:\/\/nature4me.eu\/de\/beschwerden\/\" \/>\n<meta property=\"og:site_name\" content=\"CaliVita Nature4me\" \/>\n<meta property=\"article:publisher\" content=\"https:\/\/www.facebook.com\/zdravjeiznarave.eu\" \/>\n<meta property=\"article:modified_time\" content=\"2025-08-08T08:01:06+00:00\" \/>\n<meta name=\"twitter:card\" content=\"summary_large_image\" \/>\n<meta name=\"twitter:label1\" content=\"Gesch\u00e4tzte Lesezeit\" \/>\n\t<meta name=\"twitter:data1\" content=\"2\u00a0Minuten\" \/>\n<script type=\"application\/ld+json\" class=\"yoast-schema-graph\">{\"@context\":\"https:\/\/schema.org\",\"@graph\":[{\"@type\":\"WebPage\",\"@id\":\"https:\/\/nature4me.eu\/de\/beschwerden\/\",\"url\":\"https:\/\/nature4me.eu\/de\/beschwerden\/\",\"name\":\"Beschwerden - CaliVita Nature4me\",\"isPartOf\":{\"@id\":\"https:\/\/nature4me.eu\/de\/#website\"},\"datePublished\":\"2024-02-23T00:13:36+00:00\",\"dateModified\":\"2025-08-08T08:01:06+00:00\",\"breadcrumb\":{\"@id\":\"https:\/\/nature4me.eu\/de\/beschwerden\/#breadcrumb\"},\"inLanguage\":\"de\",\"potentialAction\":[{\"@type\":\"ReadAction\",\"target\":[\"https:\/\/nature4me.eu\/de\/beschwerden\/\"]}]},{\"@type\":\"BreadcrumbList\",\"@id\":\"https:\/\/nature4me.eu\/de\/beschwerden\/#breadcrumb\",\"itemListElement\":[{\"@type\":\"ListItem\",\"position\":1,\"name\":\"Po\u010detna stranica\",\"item\":\"https:\/\/nature4me.eu\/de\/\"},{\"@type\":\"ListItem\",\"position\":2,\"name\":\"Beschwerden\"}]},{\"@type\":\"WebSite\",\"@id\":\"https:\/\/nature4me.eu\/de\/#website\",\"url\":\"https:\/\/nature4me.eu\/de\/\",\"name\":\"CaliVita Nature4me\",\"description\":\"CaliVita Nature4me\",\"potentialAction\":[{\"@type\":\"SearchAction\",\"target\":{\"@type\":\"EntryPoint\",\"urlTemplate\":\"https:\/\/nature4me.eu\/de\/?s={search_term_string}\"},\"query-input\":{\"@type\":\"PropertyValueSpecification\",\"valueRequired\":true,\"valueName\":\"search_term_string\"}}],\"inLanguage\":\"de\"}]}<\/script>\n<!-- \/ Yoast SEO Premium plugin. -->","yoast_head_json":{"title":"Beschwerden - CaliVita Nature4me","robots":{"index":"index","follow":"follow","max-snippet":"max-snippet:-1","max-image-preview":"max-image-preview:large","max-video-preview":"max-video-preview:-1"},"canonical":"https:\/\/nature4me.eu\/de\/beschwerden\/","og_locale":"de_DE","og_type":"article","og_title":"Beschwerden","og_description":"BESCHWERDEN Wir sind f\u00fcr dich da! Wenn Sie uns loben, [&hellip;]","og_url":"https:\/\/nature4me.eu\/de\/beschwerden\/","og_site_name":"CaliVita Nature4me","article_publisher":"https:\/\/www.facebook.com\/zdravjeiznarave.eu","article_modified_time":"2025-08-08T08:01:06+00:00","twitter_card":"summary_large_image","twitter_misc":{"Gesch\u00e4tzte Lesezeit":"2\u00a0Minuten"},"schema":{"@context":"https:\/\/schema.org","@graph":[{"@type":"WebPage","@id":"https:\/\/nature4me.eu\/de\/beschwerden\/","url":"https:\/\/nature4me.eu\/de\/beschwerden\/","name":"Beschwerden - CaliVita Nature4me","isPartOf":{"@id":"https:\/\/nature4me.eu\/de\/#website"},"datePublished":"2024-02-23T00:13:36+00:00","dateModified":"2025-08-08T08:01:06+00:00","breadcrumb":{"@id":"https:\/\/nature4me.eu\/de\/beschwerden\/#breadcrumb"},"inLanguage":"de","potentialAction":[{"@type":"ReadAction","target":["https:\/\/nature4me.eu\/de\/beschwerden\/"]}]},{"@type":"BreadcrumbList","@id":"https:\/\/nature4me.eu\/de\/beschwerden\/#breadcrumb","itemListElement":[{"@type":"ListItem","position":1,"name":"Po\u010detna stranica","item":"https:\/\/nature4me.eu\/de\/"},{"@type":"ListItem","position":2,"name":"Beschwerden"}]},{"@type":"WebSite","@id":"https:\/\/nature4me.eu\/de\/#website","url":"https:\/\/nature4me.eu\/de\/","name":"CaliVita Nature4me","description":"CaliVita Nature4me","potentialAction":[{"@type":"SearchAction","target":{"@type":"EntryPoint","urlTemplate":"https:\/\/nature4me.eu\/de\/?s={search_term_string}"},"query-input":{"@type":"PropertyValueSpecification","valueRequired":true,"valueName":"search_term_string"}}],"inLanguage":"de"}]}},"_links":{"self":[{"href":"https:\/\/nature4me.eu\/de\/wp-json\/wp\/v2\/pages\/8405","targetHints":{"allow":["GET"]}}],"collection":[{"href":"https:\/\/nature4me.eu\/de\/wp-json\/wp\/v2\/pages"}],"about":[{"href":"https:\/\/nature4me.eu\/de\/wp-json\/wp\/v2\/types\/page"}],"author":[{"embeddable":true,"href":"https:\/\/nature4me.eu\/de\/wp-json\/wp\/v2\/users\/1"}],"replies":[{"embeddable":true,"href":"https:\/\/nature4me.eu\/de\/wp-json\/wp\/v2\/comments?post=8405"}],"version-history":[{"count":0,"href":"https:\/\/nature4me.eu\/de\/wp-json\/wp\/v2\/pages\/8405\/revisions"}],"wp:attachment":[{"href":"https:\/\/nature4me.eu\/de\/wp-json\/wp\/v2\/media?parent=8405"}],"curies":[{"name":"wp","href":"https:\/\/api.w.org\/{rel}","templated":true}]}}