{"id":8406,"date":"2024-02-23T02:15:01","date_gmt":"2024-02-23T00:15:01","guid":{"rendered":"https:\/\/nature4me.eu\/lieferung\/"},"modified":"2024-07-23T19:58:16","modified_gmt":"2024-07-23T17:58:16","slug":"lieferung","status":"publish","type":"page","link":"https:\/\/nature4me.eu\/de\/lieferung\/","title":{"rendered":"Lieferung"},"content":{"rendered":"<h1>Bestellungen von CaliVita-Produkten<\/h1>\n<p class=\"product_text\" align=\"left\"><strong>1. \u00fcber den Webshop unter www.zdravjeiznarave.eu<br \/>\n<strong>2. per E-Mail<\/strong>: <u><a href=\"mailto:info@zdravjeiznarave.eu?subject=Naro%C4%8Danje%20CaliVita%20izdelkov\">info@zdravjeiznarave.eu<\/a><\/u ><\/p>\n<p><strong>3. mit telefonischer Anmeldung: 040 61 82 61<\/p>\n<h2>Liefermethode:<\/h2>\n<p>\u2022 \u00fcber Po\u0161ta Slovenije (PS)<br \/>\n\u2022 oder per GLS (Fast Post)<\/p>\n<p>Die Lieferzeit betr\u00e4gt 2-4 Werktage ab Eingang der Bestellung.<\/p>\n<p><span class=\"green\"><strong>F\u00fcr alle Bestellungen \u00fcber 50,00 \u20ac ist die Lieferung kostenlos.<\/strong><\/span><br \/>\nBei einem Bestellwert unter 50 \u20ac werden die Versandkosten gem\u00e4\u00df der untenstehenden Preisliste berechnet.<br \/>\nDie Lieferung per Post Slovenije kostet 4,47 \u20ac. Gesamtpreis = 4,47 \u20ac inkl. MwSt. (Es wird kein L\u00f6segeld erhoben.)<br \/>\nLieferung per GLS (Expressversand f\u00fcr Pakete bis 30 kg kostet 5,03 \u20ac). Gesamtpreis = 5,03 \u20ac inkl. MwSt.<br \/>\nDie Kosten f\u00fcr die regul\u00e4re Lieferung sind f\u00fcr ganz Slowenien einheitlich.<\/p>\n<p class=\"product_text\">Ihre Bestellung (Vertrag) wird g\u00fcltig, wenn Sie sie versenden. Es gelten die am Tag des Versands der Bestellung aufgef\u00fchrten Preise.<br \/>\nGem\u00e4\u00df dem Verbraucherschutzgesetz hat der K\u00e4ufer im E-Shop www.zdravjeiznarave.eu das Recht, den Kauf innerhalb von 15 Tagen nach Erhalt der Ware schriftlich zu stornieren. Die Ware muss unbesch\u00e4digt und in unbesch\u00e4digter Originalverpackung (unge\u00f6ffnet) und mit der Originalrechnung sein, andernfalls k\u00f6nnen wir keine Reklamationen oder einen R\u00fccktritt vom Vertrag ber\u00fccksichtigen.<\/p>\n<h2>Bezahlung der Produkte<\/h2>\n<p>1. ZUSAMMENFASSUNG:<\/strong><br \/>\nBarzahlung an den Zusteller bei Abholung des Pakets;<\/p>\n<p><strong>2. BANK\u00dcBERWEISUNG \u2013 (laut Proforma-Rechnung):<\/strong><br \/>\nZahlung per Angebot auf unser Gesch\u00e4ftskonto.<br \/>\nNach Eingang der Bestellung per E-Mail senden wir Ihnen ein Angebot mit Bankkontonummer und Referenz, das Sie online bezahlen k\u00f6nnen. Alle Informationen f\u00fcr die \u00dcberweisung werden Ihnen von <b>CaliSi, Unternehmen f\u00fcr Handel und Dienstleistungen, d.o.o.<\/b> zugesandt. Senden Sie die Zahlungsbest\u00e4tigung an \u201einfo@zdravjeiznarave.com\u201c oder per Fax an:<br \/>\n01 420 16 09, damit wir Ihnen die gew\u00fcnschten Produkte umgehend zusenden k\u00f6nnen!<br \/>\nHINWEIS: Aufgrund m\u00f6glicher zus\u00e4tzlicher Rabatte werden Angebote nicht allgemein \u00fcber die Website abgegeben. Es dauert einige Zeit, bis das Angebot an Ihre E-Mail-Adresse gesendet wird.<br \/>\nF\u00fcr die Bank\u00fcberweisung wird keine R\u00fccknahmegeb\u00fchr erhoben. M\u00f6gliche Provisionen werden von der Bank erhoben, je nachdem, mit welcher Bank Sie Gesch\u00e4fte t\u00e4tigen<\/p>\n","protected":false},"excerpt":{"rendered":"<p>Bestellungen von CaliVita-Produkten 1. \u00fcber den Webshop unter www.zdravjeiznarave.eu 2. [&hellip;]<\/p>\n","protected":false},"author":1,"featured_media":0,"parent":0,"menu_order":0,"comment_status":"closed","ping_status":"closed","template":"","meta":{"inline_featured_image":false,"_monsterinsights_skip_tracking":false,"_monsterinsights_sitenote_active":false,"_monsterinsights_sitenote_note":"","_monsterinsights_sitenote_category":0,"footnotes":""},"class_list":["post-8406","page","type-page","status-publish","hentry"],"yoast_head":"<!-- This site is optimized with the Yoast SEO Premium plugin v21.9 (Yoast SEO v26.6) - https:\/\/yoast.com\/wordpress\/plugins\/seo\/ -->\n<title>Lieferung - CaliVita Nature4me<\/title>\n<meta name=\"robots\" content=\"index, follow, max-snippet:-1, max-image-preview:large, max-video-preview:-1\" \/>\n<link rel=\"canonical\" href=\"https:\/\/nature4me.eu\/de\/lieferung\/\" \/>\n<meta property=\"og:locale\" content=\"de_DE\" \/>\n<meta property=\"og:type\" content=\"article\" \/>\n<meta property=\"og:title\" content=\"Lieferung\" \/>\n<meta property=\"og:description\" content=\"Bestellungen von CaliVita-Produkten 1. \u00fcber den Webshop unter www.zdravjeiznarave.eu 2. [&hellip;]\" \/>\n<meta property=\"og:url\" content=\"https:\/\/nature4me.eu\/de\/lieferung\/\" \/>\n<meta property=\"og:site_name\" content=\"CaliVita Nature4me\" \/>\n<meta property=\"article:publisher\" content=\"https:\/\/www.facebook.com\/zdravjeiznarave.eu\" \/>\n<meta property=\"article:modified_time\" content=\"2024-07-23T17:58:16+00:00\" \/>\n<meta name=\"twitter:card\" content=\"summary_large_image\" \/>\n<meta name=\"twitter:label1\" content=\"Gesch\u00e4tzte Lesezeit\" \/>\n\t<meta name=\"twitter:data1\" content=\"2\u00a0Minuten\" \/>\n<script type=\"application\/ld+json\" class=\"yoast-schema-graph\">{\"@context\":\"https:\/\/schema.org\",\"@graph\":[{\"@type\":\"WebPage\",\"@id\":\"https:\/\/nature4me.eu\/de\/lieferung\/\",\"url\":\"https:\/\/nature4me.eu\/de\/lieferung\/\",\"name\":\"Lieferung - CaliVita Nature4me\",\"isPartOf\":{\"@id\":\"https:\/\/nature4me.eu\/de\/#website\"},\"datePublished\":\"2024-02-23T00:15:01+00:00\",\"dateModified\":\"2024-07-23T17:58:16+00:00\",\"breadcrumb\":{\"@id\":\"https:\/\/nature4me.eu\/de\/lieferung\/#breadcrumb\"},\"inLanguage\":\"de\",\"potentialAction\":[{\"@type\":\"ReadAction\",\"target\":[\"https:\/\/nature4me.eu\/de\/lieferung\/\"]}]},{\"@type\":\"BreadcrumbList\",\"@id\":\"https:\/\/nature4me.eu\/de\/lieferung\/#breadcrumb\",\"itemListElement\":[{\"@type\":\"ListItem\",\"position\":1,\"name\":\"Po\u010detna stranica\",\"item\":\"https:\/\/nature4me.eu\/de\/\"},{\"@type\":\"ListItem\",\"position\":2,\"name\":\"Lieferung\"}]},{\"@type\":\"WebSite\",\"@id\":\"https:\/\/nature4me.eu\/de\/#website\",\"url\":\"https:\/\/nature4me.eu\/de\/\",\"name\":\"CaliVita Nature4me\",\"description\":\"CaliVita Nature4me\",\"potentialAction\":[{\"@type\":\"SearchAction\",\"target\":{\"@type\":\"EntryPoint\",\"urlTemplate\":\"https:\/\/nature4me.eu\/de\/?s={search_term_string}\"},\"query-input\":{\"@type\":\"PropertyValueSpecification\",\"valueRequired\":true,\"valueName\":\"search_term_string\"}}],\"inLanguage\":\"de\"}]}<\/script>\n<!-- \/ Yoast SEO Premium plugin. -->","yoast_head_json":{"title":"Lieferung - CaliVita Nature4me","robots":{"index":"index","follow":"follow","max-snippet":"max-snippet:-1","max-image-preview":"max-image-preview:large","max-video-preview":"max-video-preview:-1"},"canonical":"https:\/\/nature4me.eu\/de\/lieferung\/","og_locale":"de_DE","og_type":"article","og_title":"Lieferung","og_description":"Bestellungen von CaliVita-Produkten 1. \u00fcber den Webshop unter www.zdravjeiznarave.eu 2. [&hellip;]","og_url":"https:\/\/nature4me.eu\/de\/lieferung\/","og_site_name":"CaliVita Nature4me","article_publisher":"https:\/\/www.facebook.com\/zdravjeiznarave.eu","article_modified_time":"2024-07-23T17:58:16+00:00","twitter_card":"summary_large_image","twitter_misc":{"Gesch\u00e4tzte Lesezeit":"2\u00a0Minuten"},"schema":{"@context":"https:\/\/schema.org","@graph":[{"@type":"WebPage","@id":"https:\/\/nature4me.eu\/de\/lieferung\/","url":"https:\/\/nature4me.eu\/de\/lieferung\/","name":"Lieferung - CaliVita Nature4me","isPartOf":{"@id":"https:\/\/nature4me.eu\/de\/#website"},"datePublished":"2024-02-23T00:15:01+00:00","dateModified":"2024-07-23T17:58:16+00:00","breadcrumb":{"@id":"https:\/\/nature4me.eu\/de\/lieferung\/#breadcrumb"},"inLanguage":"de","potentialAction":[{"@type":"ReadAction","target":["https:\/\/nature4me.eu\/de\/lieferung\/"]}]},{"@type":"BreadcrumbList","@id":"https:\/\/nature4me.eu\/de\/lieferung\/#breadcrumb","itemListElement":[{"@type":"ListItem","position":1,"name":"Po\u010detna stranica","item":"https:\/\/nature4me.eu\/de\/"},{"@type":"ListItem","position":2,"name":"Lieferung"}]},{"@type":"WebSite","@id":"https:\/\/nature4me.eu\/de\/#website","url":"https:\/\/nature4me.eu\/de\/","name":"CaliVita Nature4me","description":"CaliVita Nature4me","potentialAction":[{"@type":"SearchAction","target":{"@type":"EntryPoint","urlTemplate":"https:\/\/nature4me.eu\/de\/?s={search_term_string}"},"query-input":{"@type":"PropertyValueSpecification","valueRequired":true,"valueName":"search_term_string"}}],"inLanguage":"de"}]}},"_links":{"self":[{"href":"https:\/\/nature4me.eu\/de\/wp-json\/wp\/v2\/pages\/8406","targetHints":{"allow":["GET"]}}],"collection":[{"href":"https:\/\/nature4me.eu\/de\/wp-json\/wp\/v2\/pages"}],"about":[{"href":"https:\/\/nature4me.eu\/de\/wp-json\/wp\/v2\/types\/page"}],"author":[{"embeddable":true,"href":"https:\/\/nature4me.eu\/de\/wp-json\/wp\/v2\/users\/1"}],"replies":[{"embeddable":true,"href":"https:\/\/nature4me.eu\/de\/wp-json\/wp\/v2\/comments?post=8406"}],"version-history":[{"count":0,"href":"https:\/\/nature4me.eu\/de\/wp-json\/wp\/v2\/pages\/8406\/revisions"}],"wp:attachment":[{"href":"https:\/\/nature4me.eu\/de\/wp-json\/wp\/v2\/media?parent=8406"}],"curies":[{"name":"wp","href":"https:\/\/api.w.org\/{rel}","templated":true}]}}