{"id":8652,"date":"2024-07-23T19:09:15","date_gmt":"2024-07-23T17:09:15","guid":{"rendered":"https:\/\/nature4me.eu\/online-streitbeilegung\/"},"modified":"2024-07-23T19:09:15","modified_gmt":"2024-07-23T17:09:15","slug":"online-streitbeilegung","status":"publish","type":"page","link":"https:\/\/nature4me.eu\/de\/online-streitbeilegung\/","title":{"rendered":"Online-Streitbeilegung"},"content":{"rendered":"<div id=\"product-long-decs\">\n<h2>Au\u00dfergerichtliche Beilegung von Verbraucherstreitigkeiten<\/h2>\n<\/div>\n<div id=\"policy-box\">\n<p>In \u00dcbereinstimmung mit den gesetzlichen Normen erkennt www.zdravjeiznarave.eu keinen Anbieter der au\u00dfergerichtlichen Beilegung von Verbraucherstreitigkeiten als zust\u00e4ndig f\u00fcr die Beilegung eines Verbraucherstreits an, den ein Verbraucher gem\u00e4\u00df dem Gesetz \u00fcber au\u00dfergerichtliche Streitigkeiten einleiten k\u00f6nnte. Gerichtliche Beilegung von Verbraucherstreitigkeiten. Die Website www.zdravjeiznarave.eu erm\u00f6glicht Online-Shopping auf dem Gebiet Sloweniens und der gesamten EU und ver\u00f6ffentlicht auf ihrer Website einen elektronischen Link zur Plattform zur Online-Beilegung von Verbraucherstreitigkeiten (SRPS). Die Plattform steht Verbrauchern <a href=\"https:\/\/webgate.ec.europa.eu\/odr\/main\/index.cfm?event=main.home.show&amp;lng=SL\">hier<\/a> zur Verf\u00fcgung. < a href=\"https:\/\/webgate.ec.europa.eu\/odr\/main\/index.cfm?event=main.home.show&amp;lng=SL\">https:\/\/webgate.ec.europa.eu\/ odr \/main\/index.cfm?event=main.home.show&amp;lng=SL<\/a><\/p>\n<p>Die vorgenannte Regelung stammt aus dem Gesetz zur au\u00dfergerichtlichen Beilegung verbraucherrechtlicher Streitigkeiten, Verordnung (EU) Nr. 524\/2013 des Europ\u00e4ischen Parlaments und des Rates zur Online-Beilegung verbraucherrechtlicher Streitigkeiten und zur \u00c4nderung der Verordnung (EG) Nr. 2016\/2004 und Richtlinie 2009\/22\/EG.<\/p>\n<\/div>\n","protected":false},"excerpt":{"rendered":"<p>Au\u00dfergerichtliche Beilegung von Verbraucherstreitigkeiten In \u00dcbereinstimmung mit den gesetzlichen Normen [&hellip;]<\/p>\n","protected":false},"author":1,"featured_media":0,"parent":0,"menu_order":0,"comment_status":"closed","ping_status":"closed","template":"","meta":{"inline_featured_image":false,"_monsterinsights_skip_tracking":false,"_monsterinsights_sitenote_active":false,"_monsterinsights_sitenote_note":"","_monsterinsights_sitenote_category":0,"footnotes":""},"class_list":["post-8652","page","type-page","status-publish","hentry"],"yoast_head":"<!-- This site is optimized with the Yoast SEO Premium plugin v21.9 (Yoast SEO v26.6) - https:\/\/yoast.com\/wordpress\/plugins\/seo\/ -->\n<title>Online-Streitbeilegung - CaliVita Nature4me<\/title>\n<meta name=\"robots\" content=\"index, follow, max-snippet:-1, max-image-preview:large, max-video-preview:-1\" \/>\n<link rel=\"canonical\" href=\"https:\/\/nature4me.eu\/de\/online-streitbeilegung\/\" \/>\n<meta property=\"og:locale\" content=\"de_DE\" \/>\n<meta property=\"og:type\" content=\"article\" \/>\n<meta property=\"og:title\" content=\"Online-Streitbeilegung\" \/>\n<meta property=\"og:description\" content=\"Au\u00dfergerichtliche Beilegung von Verbraucherstreitigkeiten In \u00dcbereinstimmung mit den gesetzlichen Normen [&hellip;]\" \/>\n<meta property=\"og:url\" content=\"https:\/\/nature4me.eu\/de\/online-streitbeilegung\/\" \/>\n<meta property=\"og:site_name\" content=\"CaliVita Nature4me\" \/>\n<meta property=\"article:publisher\" content=\"https:\/\/www.facebook.com\/zdravjeiznarave.eu\" \/>\n<meta name=\"twitter:card\" content=\"summary_large_image\" \/>\n<meta name=\"twitter:label1\" content=\"Gesch\u00e4tzte Lesezeit\" \/>\n\t<meta name=\"twitter:data1\" content=\"1\u00a0Minute\" \/>\n<script type=\"application\/ld+json\" class=\"yoast-schema-graph\">{\"@context\":\"https:\/\/schema.org\",\"@graph\":[{\"@type\":\"WebPage\",\"@id\":\"https:\/\/nature4me.eu\/de\/online-streitbeilegung\/\",\"url\":\"https:\/\/nature4me.eu\/de\/online-streitbeilegung\/\",\"name\":\"Online-Streitbeilegung - CaliVita Nature4me\",\"isPartOf\":{\"@id\":\"https:\/\/nature4me.eu\/de\/#website\"},\"datePublished\":\"2024-07-23T17:09:15+00:00\",\"breadcrumb\":{\"@id\":\"https:\/\/nature4me.eu\/de\/online-streitbeilegung\/#breadcrumb\"},\"inLanguage\":\"de\",\"potentialAction\":[{\"@type\":\"ReadAction\",\"target\":[\"https:\/\/nature4me.eu\/de\/online-streitbeilegung\/\"]}]},{\"@type\":\"BreadcrumbList\",\"@id\":\"https:\/\/nature4me.eu\/de\/online-streitbeilegung\/#breadcrumb\",\"itemListElement\":[{\"@type\":\"ListItem\",\"position\":1,\"name\":\"Po\u010detna stranica\",\"item\":\"https:\/\/nature4me.eu\/de\/\"},{\"@type\":\"ListItem\",\"position\":2,\"name\":\"Online-Streitbeilegung\"}]},{\"@type\":\"WebSite\",\"@id\":\"https:\/\/nature4me.eu\/de\/#website\",\"url\":\"https:\/\/nature4me.eu\/de\/\",\"name\":\"CaliVita Nature4me\",\"description\":\"CaliVita Nature4me\",\"potentialAction\":[{\"@type\":\"SearchAction\",\"target\":{\"@type\":\"EntryPoint\",\"urlTemplate\":\"https:\/\/nature4me.eu\/de\/?s={search_term_string}\"},\"query-input\":{\"@type\":\"PropertyValueSpecification\",\"valueRequired\":true,\"valueName\":\"search_term_string\"}}],\"inLanguage\":\"de\"}]}<\/script>\n<!-- \/ Yoast SEO Premium plugin. -->","yoast_head_json":{"title":"Online-Streitbeilegung - CaliVita Nature4me","robots":{"index":"index","follow":"follow","max-snippet":"max-snippet:-1","max-image-preview":"max-image-preview:large","max-video-preview":"max-video-preview:-1"},"canonical":"https:\/\/nature4me.eu\/de\/online-streitbeilegung\/","og_locale":"de_DE","og_type":"article","og_title":"Online-Streitbeilegung","og_description":"Au\u00dfergerichtliche Beilegung von Verbraucherstreitigkeiten In \u00dcbereinstimmung mit den gesetzlichen Normen [&hellip;]","og_url":"https:\/\/nature4me.eu\/de\/online-streitbeilegung\/","og_site_name":"CaliVita Nature4me","article_publisher":"https:\/\/www.facebook.com\/zdravjeiznarave.eu","twitter_card":"summary_large_image","twitter_misc":{"Gesch\u00e4tzte Lesezeit":"1\u00a0Minute"},"schema":{"@context":"https:\/\/schema.org","@graph":[{"@type":"WebPage","@id":"https:\/\/nature4me.eu\/de\/online-streitbeilegung\/","url":"https:\/\/nature4me.eu\/de\/online-streitbeilegung\/","name":"Online-Streitbeilegung - CaliVita Nature4me","isPartOf":{"@id":"https:\/\/nature4me.eu\/de\/#website"},"datePublished":"2024-07-23T17:09:15+00:00","breadcrumb":{"@id":"https:\/\/nature4me.eu\/de\/online-streitbeilegung\/#breadcrumb"},"inLanguage":"de","potentialAction":[{"@type":"ReadAction","target":["https:\/\/nature4me.eu\/de\/online-streitbeilegung\/"]}]},{"@type":"BreadcrumbList","@id":"https:\/\/nature4me.eu\/de\/online-streitbeilegung\/#breadcrumb","itemListElement":[{"@type":"ListItem","position":1,"name":"Po\u010detna stranica","item":"https:\/\/nature4me.eu\/de\/"},{"@type":"ListItem","position":2,"name":"Online-Streitbeilegung"}]},{"@type":"WebSite","@id":"https:\/\/nature4me.eu\/de\/#website","url":"https:\/\/nature4me.eu\/de\/","name":"CaliVita Nature4me","description":"CaliVita Nature4me","potentialAction":[{"@type":"SearchAction","target":{"@type":"EntryPoint","urlTemplate":"https:\/\/nature4me.eu\/de\/?s={search_term_string}"},"query-input":{"@type":"PropertyValueSpecification","valueRequired":true,"valueName":"search_term_string"}}],"inLanguage":"de"}]}},"_links":{"self":[{"href":"https:\/\/nature4me.eu\/de\/wp-json\/wp\/v2\/pages\/8652","targetHints":{"allow":["GET"]}}],"collection":[{"href":"https:\/\/nature4me.eu\/de\/wp-json\/wp\/v2\/pages"}],"about":[{"href":"https:\/\/nature4me.eu\/de\/wp-json\/wp\/v2\/types\/page"}],"author":[{"embeddable":true,"href":"https:\/\/nature4me.eu\/de\/wp-json\/wp\/v2\/users\/1"}],"replies":[{"embeddable":true,"href":"https:\/\/nature4me.eu\/de\/wp-json\/wp\/v2\/comments?post=8652"}],"version-history":[{"count":0,"href":"https:\/\/nature4me.eu\/de\/wp-json\/wp\/v2\/pages\/8652\/revisions"}],"wp:attachment":[{"href":"https:\/\/nature4me.eu\/de\/wp-json\/wp\/v2\/media?parent=8652"}],"curies":[{"name":"wp","href":"https:\/\/api.w.org\/{rel}","templated":true}]}}