{"id":5498,"date":"2021-03-17T09:26:03","date_gmt":"2021-08-26T12:43:22","guid":{"rendered":"https:\/\/nature4me.eu\/?post_type=product&#038;p=5498"},"modified":"2023-02-21T19:17:22","modified_gmt":"2023-02-21T17:17:22","slug":"immunvirex","status":"publish","type":"product","link":"https:\/\/nature4me.eu\/de\/produkt\/immunvirex\/","title":{"rendered":"Immunvirex (30 kapseln)"},"content":{"rendered":"<p><!-- Product Specification --><\/p>\n<table class=\"product_details_body\" border=\"0\" width=\"500\" cellspacing=\"0\" align=\"center\" bgcolor=\"#7CDB8B\">\n<tbody>\n<tr bgcolor=\"\">\n<td height=\"20\"><u>Wirkstoffe\/Kapsel:<\/u><\/td>\n<td width=\"100\"><span class=\"pvdecla\">(View Declaration)<\/span><\/td>\n<td width=\"70\"><span class=\"pd-rda\">*RDA:<\/span><\/td>\n<\/tr>\n<tr>\n<td>Querzetin<\/td>\n<td>200 mg<\/td>\n<td><\/td>\n<\/tr>\n<tr>\n<td>Kudzu Wurzelpulver<\/td>\n<td>50 mg<\/td>\n<td><\/td>\n<\/tr>\n<tr>\n<td>Beta Glucan<\/td>\n<td>30 mg<\/td>\n<td><\/td>\n<\/tr>\n<tr>\n<td>Zinc<\/td>\n<td>10 mg<\/td>\n<td><\/td>\n<\/tr>\n<tr>\n<td>Bioperin<\/td>\n<td>5 mg<\/td>\n<td><\/td>\n<\/tr>\n<tr>\n<td>Vitamin D3<\/td>\n<td>400 I.E.<\/td>\n<td><\/td>\n<\/tr>\n<tr>\n<td>Lactobacillus Rhamnosus<\/td>\n<td>1 milion<\/td>\n<td><\/td>\n<\/tr>\n<tr>\n<td colspan=\"3\" height=\"10\"><\/td>\n<\/tr>\n<tr bgcolor=\"\">\n<td colspan=\"3\" height=\"20\"><u>Dosierung: *RDA:<\/u><\/td>\n<\/tr>\n<tr>\n<td colspan=\"3\" align=\"center\" height=\"15\">1 Kapsel t\u00e4glich.<\/td>\n<\/tr>\n<tr bgcolor=\"\">\n<td colspan=\"3\" height=\"20\"><u>Andere Zutaten:<\/u><\/td>\n<\/tr>\n<tr>\n<td colspan=\"3\" height=\"10\"><\/td>\n<\/tr>\n<tr>\n<td colspan=\"3\" height=\"10\"><\/td>\n<\/tr>\n<\/tbody>\n<\/table>\n<p><!-- End Product Specification --><\/p>\n<p><!-- Product Declaration --><\/p>\n<div id=\"product-declaration-title\">Nahrungserg\u00e4nzungsmittel<\/div>\n<div class=\"prod-declaration\">\n<div class=\"declar-txt\">\n<p>(* RDA = Tageswert) Die empfohlenen Tagesmengen sollten nicht \u00fcberschritten werden. Das Nahrungserg\u00e4nzungsmittel ist kein Ersatz f\u00fcr eine ausgewogene und abwechslungsreiche Ern\u00e4hrung. Au\u00dferhalb der Reichweite von Kindern aufbewahren.<\/p>\n<\/div>\n<\/div>\n<p><!-- End Product Declaration --><\/p>\n<div class=\"\u201cquotes\u201c\">\n","protected":false},"excerpt":{"rendered":"<p>Wirkstoffe\/Kapsel: (View Declaration) *RDA: Querzetin 200 mg Kudzu Wurzelpulver 50 [&hellip;]<\/p>\n","protected":false},"featured_media":7125,"comment_status":"closed","ping_status":"closed","template":"","meta":{"inline_featured_image":false,"_monsterinsights_skip_tracking":false,"_monsterinsights_sitenote_active":false,"_monsterinsights_sitenote_note":"","_monsterinsights_sitenote_category":0},"product_brand":[],"product_cat":[164,157,163],"product_tag":[],"class_list":{"0":"post-5498","1":"product","2":"type-product","3":"status-publish","4":"has-post-thumbnail","6":"product_cat-immunsystem-staerken-de","7":"product_cat-pflanzenextrakte-de","8":"product_cat-vegetarier-veganer-de","10":"first","11":"instock","12":"taxable","13":"shipping-taxable","14":"purchasable","15":"product-type-simple"},"yoast_head":"<!-- This site is optimized with the Yoast SEO Premium plugin v21.9 (Yoast SEO v26.6) - https:\/\/yoast.com\/wordpress\/plugins\/seo\/ -->\n<title>Immunvirex Kapseln f\u00fcr das Immunsystem mit Beta-Glucan<\/title>\n<meta name=\"description\" content=\"Immunvirex Kapseln f\u00fcr das Immunsystem mit Beta-Glucan und Quercetin sowie einer Kombination aus Vitaminen und Mineralstoffen.\" \/>\n<meta name=\"robots\" content=\"index, follow, max-snippet:-1, max-image-preview:large, max-video-preview:-1\" \/>\n<link rel=\"canonical\" href=\"https:\/\/nature4me.eu\/de\/produkt\/immunvirex\/\" \/>\n<meta property=\"og:locale\" content=\"de_DE\" \/>\n<meta property=\"og:type\" content=\"article\" \/>\n<meta property=\"og:title\" content=\"Immunvirex (30 kapseln)\" \/>\n<meta property=\"og:description\" content=\"Immunvirex Kapseln f\u00fcr das Immunsystem mit Beta-Glucan und Quercetin sowie einer Kombination aus Vitaminen und Mineralstoffen.\" \/>\n<meta property=\"og:url\" content=\"https:\/\/nature4me.eu\/de\/produkt\/immunvirex\/\" \/>\n<meta property=\"og:site_name\" content=\"CaliVita Nature4me\" \/>\n<meta property=\"article:publisher\" content=\"https:\/\/www.facebook.com\/zdravjeiznarave.eu\" \/>\n<meta property=\"article:modified_time\" content=\"2023-02-21T17:17:22+00:00\" \/>\n<meta property=\"og:image\" content=\"https:\/\/nature4me.eu\/wp-content\/uploads\/2021\/03\/immunvirex.jpg\" \/>\n\t<meta property=\"og:image:width\" content=\"200\" \/>\n\t<meta property=\"og:image:height\" content=\"368\" \/>\n\t<meta property=\"og:image:type\" content=\"image\/jpeg\" \/>\n<meta name=\"twitter:card\" content=\"summary_large_image\" \/>\n<script type=\"application\/ld+json\" class=\"yoast-schema-graph\">{\"@context\":\"https:\/\/schema.org\",\"@graph\":[{\"@type\":\"WebPage\",\"@id\":\"https:\/\/nature4me.eu\/de\/produkt\/immunvirex\/\",\"url\":\"https:\/\/nature4me.eu\/de\/produkt\/immunvirex\/\",\"name\":\"Immunvirex Kapseln f\u00fcr das Immunsystem mit Beta-Glucan\",\"isPartOf\":{\"@id\":\"https:\/\/nature4me.eu\/de\/#website\"},\"primaryImageOfPage\":{\"@id\":\"https:\/\/nature4me.eu\/de\/produkt\/immunvirex\/#primaryimage\"},\"image\":{\"@id\":\"https:\/\/nature4me.eu\/de\/produkt\/immunvirex\/#primaryimage\"},\"thumbnailUrl\":\"https:\/\/nature4me.eu\/wp-content\/uploads\/2021\/03\/Immunvirex.png\",\"datePublished\":\"2021-08-26T12:43:22+00:00\",\"dateModified\":\"2023-02-21T17:17:22+00:00\",\"description\":\"Immunvirex Kapseln f\u00fcr das Immunsystem mit Beta-Glucan und Quercetin sowie einer Kombination aus Vitaminen und Mineralstoffen.\",\"breadcrumb\":{\"@id\":\"https:\/\/nature4me.eu\/de\/produkt\/immunvirex\/#breadcrumb\"},\"inLanguage\":\"de\",\"potentialAction\":[{\"@type\":\"ReadAction\",\"target\":[\"https:\/\/nature4me.eu\/de\/produkt\/immunvirex\/\"]}]},{\"@type\":\"ImageObject\",\"inLanguage\":\"de\",\"@id\":\"https:\/\/nature4me.eu\/de\/produkt\/immunvirex\/#primaryimage\",\"url\":\"https:\/\/nature4me.eu\/wp-content\/uploads\/2021\/03\/Immunvirex.png\",\"contentUrl\":\"https:\/\/nature4me.eu\/wp-content\/uploads\/2021\/03\/Immunvirex.png\",\"width\":200,\"height\":357,\"caption\":\"za delovanje imunosti\"},{\"@type\":\"BreadcrumbList\",\"@id\":\"https:\/\/nature4me.eu\/de\/produkt\/immunvirex\/#breadcrumb\",\"itemListElement\":[{\"@type\":\"ListItem\",\"position\":1,\"name\":\"Po\u010detna stranica\",\"item\":\"https:\/\/nature4me.eu\/de\/\"},{\"@type\":\"ListItem\",\"position\":2,\"name\":\"Webshop\",\"item\":\"https:\/\/nature4me.eu\/de\/shop\/\"},{\"@type\":\"ListItem\",\"position\":3,\"name\":\"Immunvirex (30 kapseln)\"}]},{\"@type\":\"WebSite\",\"@id\":\"https:\/\/nature4me.eu\/de\/#website\",\"url\":\"https:\/\/nature4me.eu\/de\/\",\"name\":\"CaliVita Nature4me\",\"description\":\"CaliVita Nature4me\",\"potentialAction\":[{\"@type\":\"SearchAction\",\"target\":{\"@type\":\"EntryPoint\",\"urlTemplate\":\"https:\/\/nature4me.eu\/de\/?s={search_term_string}\"},\"query-input\":{\"@type\":\"PropertyValueSpecification\",\"valueRequired\":true,\"valueName\":\"search_term_string\"}}],\"inLanguage\":\"de\"}]}<\/script>\n<!-- \/ Yoast SEO Premium plugin. -->","yoast_head_json":{"title":"Immunvirex Kapseln f\u00fcr das Immunsystem mit Beta-Glucan","description":"Immunvirex Kapseln f\u00fcr das Immunsystem mit Beta-Glucan und Quercetin sowie einer Kombination aus Vitaminen und Mineralstoffen.","robots":{"index":"index","follow":"follow","max-snippet":"max-snippet:-1","max-image-preview":"max-image-preview:large","max-video-preview":"max-video-preview:-1"},"canonical":"https:\/\/nature4me.eu\/de\/produkt\/immunvirex\/","og_locale":"de_DE","og_type":"article","og_title":"Immunvirex (30 kapseln)","og_description":"Immunvirex Kapseln f\u00fcr das Immunsystem mit Beta-Glucan und Quercetin sowie einer Kombination aus Vitaminen und Mineralstoffen.","og_url":"https:\/\/nature4me.eu\/de\/produkt\/immunvirex\/","og_site_name":"CaliVita Nature4me","article_publisher":"https:\/\/www.facebook.com\/zdravjeiznarave.eu","article_modified_time":"2023-02-21T17:17:22+00:00","og_image":[{"width":200,"height":368,"url":"https:\/\/nature4me.eu\/wp-content\/uploads\/2021\/03\/immunvirex.jpg","type":"image\/jpeg"}],"twitter_card":"summary_large_image","schema":{"@context":"https:\/\/schema.org","@graph":[{"@type":"WebPage","@id":"https:\/\/nature4me.eu\/de\/produkt\/immunvirex\/","url":"https:\/\/nature4me.eu\/de\/produkt\/immunvirex\/","name":"Immunvirex Kapseln f\u00fcr das Immunsystem mit Beta-Glucan","isPartOf":{"@id":"https:\/\/nature4me.eu\/de\/#website"},"primaryImageOfPage":{"@id":"https:\/\/nature4me.eu\/de\/produkt\/immunvirex\/#primaryimage"},"image":{"@id":"https:\/\/nature4me.eu\/de\/produkt\/immunvirex\/#primaryimage"},"thumbnailUrl":"https:\/\/nature4me.eu\/wp-content\/uploads\/2021\/03\/Immunvirex.png","datePublished":"2021-08-26T12:43:22+00:00","dateModified":"2023-02-21T17:17:22+00:00","description":"Immunvirex Kapseln f\u00fcr das Immunsystem mit Beta-Glucan und Quercetin sowie einer Kombination aus Vitaminen und Mineralstoffen.","breadcrumb":{"@id":"https:\/\/nature4me.eu\/de\/produkt\/immunvirex\/#breadcrumb"},"inLanguage":"de","potentialAction":[{"@type":"ReadAction","target":["https:\/\/nature4me.eu\/de\/produkt\/immunvirex\/"]}]},{"@type":"ImageObject","inLanguage":"de","@id":"https:\/\/nature4me.eu\/de\/produkt\/immunvirex\/#primaryimage","url":"https:\/\/nature4me.eu\/wp-content\/uploads\/2021\/03\/Immunvirex.png","contentUrl":"https:\/\/nature4me.eu\/wp-content\/uploads\/2021\/03\/Immunvirex.png","width":200,"height":357,"caption":"za delovanje imunosti"},{"@type":"BreadcrumbList","@id":"https:\/\/nature4me.eu\/de\/produkt\/immunvirex\/#breadcrumb","itemListElement":[{"@type":"ListItem","position":1,"name":"Po\u010detna stranica","item":"https:\/\/nature4me.eu\/de\/"},{"@type":"ListItem","position":2,"name":"Webshop","item":"https:\/\/nature4me.eu\/de\/shop\/"},{"@type":"ListItem","position":3,"name":"Immunvirex (30 kapseln)"}]},{"@type":"WebSite","@id":"https:\/\/nature4me.eu\/de\/#website","url":"https:\/\/nature4me.eu\/de\/","name":"CaliVita Nature4me","description":"CaliVita Nature4me","potentialAction":[{"@type":"SearchAction","target":{"@type":"EntryPoint","urlTemplate":"https:\/\/nature4me.eu\/de\/?s={search_term_string}"},"query-input":{"@type":"PropertyValueSpecification","valueRequired":true,"valueName":"search_term_string"}}],"inLanguage":"de"}]}},"_links":{"self":[{"href":"https:\/\/nature4me.eu\/de\/wp-json\/wp\/v2\/product\/5498","targetHints":{"allow":["GET"]}}],"collection":[{"href":"https:\/\/nature4me.eu\/de\/wp-json\/wp\/v2\/product"}],"about":[{"href":"https:\/\/nature4me.eu\/de\/wp-json\/wp\/v2\/types\/product"}],"replies":[{"embeddable":true,"href":"https:\/\/nature4me.eu\/de\/wp-json\/wp\/v2\/comments?post=5498"}],"wp:featuredmedia":[{"embeddable":true,"href":"https:\/\/nature4me.eu\/de\/wp-json\/wp\/v2\/media\/7125"}],"wp:attachment":[{"href":"https:\/\/nature4me.eu\/de\/wp-json\/wp\/v2\/media?parent=5498"}],"wp:term":[{"taxonomy":"product_brand","embeddable":true,"href":"https:\/\/nature4me.eu\/de\/wp-json\/wp\/v2\/product_brand?post=5498"},{"taxonomy":"product_cat","embeddable":true,"href":"https:\/\/nature4me.eu\/de\/wp-json\/wp\/v2\/product_cat?post=5498"},{"taxonomy":"product_tag","embeddable":true,"href":"https:\/\/nature4me.eu\/de\/wp-json\/wp\/v2\/product_tag?post=5498"}],"curies":[{"name":"wp","href":"https:\/\/api.w.org\/{rel}","templated":true}]}}