{"id":5508,"date":"2020-05-19T07:38:29","date_gmt":"2021-08-27T07:10:33","guid":{"rendered":"https:\/\/nature4me.eu\/?post_type=product&#038;p=5508"},"modified":"2023-03-09T19:34:20","modified_gmt":"2023-03-09T17:34:20","slug":"glamup","status":"publish","type":"product","link":"https:\/\/nature4me.eu\/de\/produkt\/glamup\/","title":{"rendered":"glamUp (500 gr)"},"content":{"rendered":"<div id=\"product-long-decs\">\n<p>Das Beauty Collagen Getr\u00e4nkepulver glamUp ist einzigartig auf dem Markt. Es enth\u00e4lt eine sehr <strong>hohe Dosis (10 g) hydrolysiertes Kollagen<\/strong> mit ausgezeichneter Absorption, Hyalurons\u00e4ure und nat\u00fcrlichen Antioxidantien, CoQ10 50 g.<\/p>\n<p>Collagen GlamUp <strong>kann die Tiefe Ihrer Falten verringern<\/strong> und verhindern, dass sich neue bilden. Es kann die Sichtbarkeit von Dehnungsstreifen verringern.<\/p>\n<p>Glam Up ist das beste Pulver f\u00fcr ein Getr\u00e4nk mit einem Kollagen komplex in einer nat\u00fcrlichen Apotheke ohne Rezept.<\/p>\n<h2>Was ist Kollagen?<\/h2>\n<p>Kollagen ist das k\u00f6rpereigene Protein, das in Haut, Knochen, Knorpel und allen Bindegeweben vorkommt.<\/p>\n<p>Der K\u00f6rper produziert es selbstst\u00e4ndig bis zum Alter von 20 Jahren, aber seine endogene Produktion verlangsamt sich mit zunehmendem Alter erheblich. Kollagenmangel tritt zuerst an Haut, Haaren und N\u00e4geln auf, die an <strong>Festigkeit, Glanz und Sch\u00f6nheit<\/strong> verlieren.<br \/>\nHydrolysiertes Kollagen ist Kollagen, das nach einer speziellen Methode in kleinere Partikel, sogenannte Peptide, zerlegt oder &#8220;geschnitten&#8221; wird. Diese bestehen aus den gleichen Aminos\u00e4uren, so dass die Zellen unseres K\u00f6rpers sie sp\u00e4ter wieder zu Kollagen &#8220;zusammensetzen&#8221;, wo sie sie ben\u00f6tigen.<\/p>\n<p>Die Kollagenpeptide von h\u00f6chster Qualit\u00e4t sind solche, bei denen die Molmasse 2000 bis 4000 Dalton (Einheit der Molmasse) \u00fcberschreitet.<br \/>\nMit zunehmendem Alter nimmt die Fl\u00fcssigkeit im Knorpel zwischen den Gelenken ab, ebenso wie die Produktion von Kollagen.<\/p>\n<p>Nach 35 Jahren beginnt sich die Kollagenproduktion zu verlangsamen und mit 40 Jahren ist der R\u00fcckgang gr\u00f6\u00dfer als die tats\u00e4chliche Kollagenproduktion. Daher ist es sinnvoll, den K\u00f6rper durch Zugabe von hochwertigem kurzkettigem Kollagen zu unterst\u00fctzen<\/p>\n<p>Daher ist es sinnvoll und empfehlenswert, Nahrungserg\u00e4nzungsmittel mit <strong>hydrolysiertem Kollagen<\/strong> einzunehmen.<\/p>\n<p>Das Produkt enth\u00e4lt keine Konservierungsstoffe, k\u00fcnstlichen Farbstoffe, Zucker, Gluten, Soja, Laktose oder GVO.<\/p>\n<p>KoagKag approval number: 4340-0620-2305<\/p>\n<\/div>\n<p><!-- Product Specification --><\/p>\n<table class=\"product_details_body\" border=\"0\" width=\"500\" cellspacing=\"0\" align=\"center\" bgcolor=\"#7CDB8B\">\n<tbody>\n<tr bgcolor=\"\">\n<td height=\"20\"><u> Wirkstoffe\/1 scoop :<\/u><\/td>\n<td width=\"100\"><span class=\"pvdecla\">Zutaten<\/span><\/td>\n<td width=\"70\"><span class=\"pd-rda\">*RDA:<\/span><\/td>\n<\/tr>\n<tr>\n<td>Hydrolyzed Collagen<\/td>\n<td>10 g<\/td>\n<td><\/td>\n<\/tr>\n<tr>\n<td>Alpha Lipoic Acid<\/td>\n<td>100 mg<\/td>\n<td><\/td>\n<\/tr>\n<tr>\n<td>Hyaluronic AcidSodium<\/td>\n<td>75 mg<\/td>\n<td><\/td>\n<\/tr>\n<tr>\n<td>Pomegranate Extract (DER: 45:1)<\/td>\n<td>50 mg<\/td>\n<td><\/td>\n<\/tr>\n<tr>\n<td>Ellagic acid<\/td>\n<td>20 mg<\/td>\n<td><\/td>\n<\/tr>\n<tr>\n<td>Coenzyme Q10<\/td>\n<td>50 mg<\/td>\n<td><\/td>\n<\/tr>\n<tr>\n<td>Sweet Potato Extract<\/td>\n<td>40 mg<\/td>\n<td><\/td>\n<\/tr>\n<tr>\n<td>Carotenoid Complex (*from which:)<\/td>\n<td>15 mg<\/td>\n<td><\/td>\n<\/tr>\n<tr>\n<td>*Beta Karotene\/Vitamin A<\/td>\n<td>5 mg\/833 mcg<\/td>\n<td>104%<\/td>\n<\/tr>\n<tr>\n<td>*Lutein<\/td>\n<td>2.5 mg<\/td>\n<td><\/td>\n<\/tr>\n<tr>\n<td>*Zeaxanthin<\/td>\n<td>2.5 mg<\/td>\n<td><\/td>\n<\/tr>\n<tr>\n<td>Vitamin E (D-Alpha-Tocopherol)<\/td>\n<td>5 mg<\/td>\n<td>41%<\/td>\n<\/tr>\n<tr>\n<td colspan=\"3\" align=\"center\" height=\"15\"><\/td>\n<\/tr>\n<tr>\n<td colspan=\"3\" height=\"10\"><\/td>\n<\/tr>\n<tr bgcolor=\"\">\n<td colspan=\"3\" height=\"20\"><u>Dosierung:<\/u><\/td>\n<\/tr>\n<tr>\n<td colspan=\"3\" align=\"center\" height=\"15\">1 scoop (17 g) \u2022 Servings per container: about 29.<\/td>\n<\/tr>\n<tr bgcolor=\"\">\n<td colspan=\"3\" height=\"20\"><u>Andere Zutaten:<\/u><\/td>\n<\/tr>\n<tr>\n<td colspan=\"3\" align=\"center\" height=\"15\"><\/td>\n<\/tr>\n<tr>\n<td colspan=\"3\" height=\"10\"><\/td>\n<\/tr>\n<\/tbody>\n<\/table>\n<p><!-- End Product Specification --><\/p>\n<p><!-- Product Declaration --><\/p>\n<div id=\"product-declaration-title\">Food Supplement<\/div>\n<div class=\"prod-declaration\">\n<div class=\"declar-txt\">\n<p>(* RDA = Tageswert) Die empfohlenen Tagesmengen sollten nicht \u00fcberschritten werden. Das Nahrungserg\u00e4nzungsmittel ist kein Ersatz f\u00fcr eine ausgewogene und abwechslungsreiche Ern\u00e4hrung. Au\u00dferhalb der Reichweite von Kindern aufbewahren<\/p>\n<\/div>\n<\/div>\n","protected":false},"excerpt":{"rendered":"<p><!-- Short Details --><\/p>\n<div class=\"short-product-desc\">\n<h2>Collagen Pulver Glam Up<\/h2>\n<\/div>\n<div class=\"short-product-desc-txt\">Das Beauty Collagen Drink #glamUp ist einzigartig auf dem Markt. Es enth\u00e4lt eine sehr hohe Dosis (10 g) hydrolysiertes Kollagen mit ausgezeichneter Absorption, Hyalurons\u00e4ure und nat\u00fcrlichen Antioxidantien.<\/div>\n<p><!-- End Short Details --><\/p>\n","protected":false},"featured_media":7129,"comment_status":"closed","ping_status":"closed","template":"","meta":{"inline_featured_image":false,"_monsterinsights_skip_tracking":false,"_monsterinsights_sitenote_active":false,"_monsterinsights_sitenote_note":"","_monsterinsights_sitenote_category":0},"product_brand":[],"product_cat":[36,158,175],"product_tag":[],"class_list":{"0":"post-5508","1":"product","2":"type-product","3":"status-publish","4":"has-post-thumbnail","6":"product_cat-andere-nahrungsergaenzungsmittel","7":"product_cat-kosmetikprodukte-de","8":"product_cat-meistverkaufte-produkte","10":"first","11":"instock","12":"featured","13":"taxable","14":"shipping-taxable","15":"purchasable","16":"product-type-simple"},"yoast_head":"<!-- This site is optimized with the Yoast SEO Premium plugin v21.9 (Yoast SEO v26.6) - https:\/\/yoast.com\/wordpress\/plugins\/seo\/ -->\n<title>glamUp Calivita 500 g - Nature4Me<\/title>\n<meta name=\"description\" content=\"glamUp Calivita 500 g. Kollagen Getr\u00e4nkepulver, hohe Dosis (10 g) hydrolysiertes Kollagen und CoQ10 50 mg. Paleo-freundlich, Keto freundlich.\" \/>\n<meta name=\"robots\" content=\"index, follow, max-snippet:-1, max-image-preview:large, max-video-preview:-1\" \/>\n<link rel=\"canonical\" href=\"https:\/\/nature4me.eu\/de\/produkt\/glamup\/\" \/>\n<meta property=\"og:locale\" content=\"de_DE\" \/>\n<meta property=\"og:type\" content=\"article\" \/>\n<meta property=\"og:title\" content=\"glamUp (500 gr)\" \/>\n<meta property=\"og:description\" content=\"glamUp Calivita 500 g. Kollagen Getr\u00e4nkepulver, hohe Dosis (10 g) hydrolysiertes Kollagen und CoQ10 50 mg. Paleo-freundlich, Keto freundlich.\" \/>\n<meta property=\"og:url\" content=\"https:\/\/nature4me.eu\/de\/produkt\/glamup\/\" \/>\n<meta property=\"og:site_name\" content=\"CaliVita Nature4me\" \/>\n<meta property=\"article:publisher\" content=\"https:\/\/www.facebook.com\/zdravjeiznarave.eu\" \/>\n<meta property=\"article:modified_time\" content=\"2023-03-09T17:34:20+00:00\" \/>\n<meta property=\"og:image\" content=\"https:\/\/zdravjeiznarave.eu\/skin\/uploads\/glam-up.png\" \/>\n<meta name=\"twitter:card\" content=\"summary_large_image\" \/>\n<meta name=\"twitter:label1\" content=\"Gesch\u00e4tzte Lesezeit\" \/>\n\t<meta name=\"twitter:data1\" content=\"2\u00a0Minuten\" \/>\n<script type=\"application\/ld+json\" class=\"yoast-schema-graph\">{\"@context\":\"https:\/\/schema.org\",\"@graph\":[{\"@type\":\"WebPage\",\"@id\":\"https:\/\/nature4me.eu\/de\/produkt\/glamup\/\",\"url\":\"https:\/\/nature4me.eu\/de\/produkt\/glamup\/\",\"name\":\"glamUp Calivita 500 g - Nature4Me\",\"isPartOf\":{\"@id\":\"https:\/\/nature4me.eu\/de\/#website\"},\"primaryImageOfPage\":{\"@id\":\"https:\/\/nature4me.eu\/de\/produkt\/glamup\/#primaryimage\"},\"image\":{\"@id\":\"https:\/\/nature4me.eu\/de\/produkt\/glamup\/#primaryimage\"},\"thumbnailUrl\":\"https:\/\/nature4me.eu\/wp-content\/uploads\/2020\/05\/glamup.png\",\"datePublished\":\"2021-08-27T07:10:33+00:00\",\"dateModified\":\"2023-03-09T17:34:20+00:00\",\"description\":\"glamUp Calivita 500 g. Kollagen Getr\u00e4nkepulver, hohe Dosis (10 g) hydrolysiertes Kollagen und CoQ10 50 mg. Paleo-freundlich, Keto freundlich.\",\"breadcrumb\":{\"@id\":\"https:\/\/nature4me.eu\/de\/produkt\/glamup\/#breadcrumb\"},\"inLanguage\":\"de\",\"potentialAction\":[{\"@type\":\"ReadAction\",\"target\":[\"https:\/\/nature4me.eu\/de\/produkt\/glamup\/\"]}]},{\"@type\":\"ImageObject\",\"inLanguage\":\"de\",\"@id\":\"https:\/\/nature4me.eu\/de\/produkt\/glamup\/#primaryimage\",\"url\":\"https:\/\/nature4me.eu\/wp-content\/uploads\/2020\/05\/glamup.png\",\"contentUrl\":\"https:\/\/nature4me.eu\/wp-content\/uploads\/2020\/05\/glamup.png\",\"width\":240,\"height\":300,\"caption\":\"kolagen v prahu\"},{\"@type\":\"BreadcrumbList\",\"@id\":\"https:\/\/nature4me.eu\/de\/produkt\/glamup\/#breadcrumb\",\"itemListElement\":[{\"@type\":\"ListItem\",\"position\":1,\"name\":\"Po\u010detna stranica\",\"item\":\"https:\/\/nature4me.eu\/de\/\"},{\"@type\":\"ListItem\",\"position\":2,\"name\":\"Webshop\",\"item\":\"https:\/\/nature4me.eu\/de\/shop\/\"},{\"@type\":\"ListItem\",\"position\":3,\"name\":\"glamUp (500 gr)\"}]},{\"@type\":\"WebSite\",\"@id\":\"https:\/\/nature4me.eu\/de\/#website\",\"url\":\"https:\/\/nature4me.eu\/de\/\",\"name\":\"CaliVita Nature4me\",\"description\":\"CaliVita Nature4me\",\"potentialAction\":[{\"@type\":\"SearchAction\",\"target\":{\"@type\":\"EntryPoint\",\"urlTemplate\":\"https:\/\/nature4me.eu\/de\/?s={search_term_string}\"},\"query-input\":{\"@type\":\"PropertyValueSpecification\",\"valueRequired\":true,\"valueName\":\"search_term_string\"}}],\"inLanguage\":\"de\"}]}<\/script>\n<!-- \/ Yoast SEO Premium plugin. -->","yoast_head_json":{"title":"glamUp Calivita 500 g - Nature4Me","description":"glamUp Calivita 500 g. Kollagen Getr\u00e4nkepulver, hohe Dosis (10 g) hydrolysiertes Kollagen und CoQ10 50 mg. Paleo-freundlich, Keto freundlich.","robots":{"index":"index","follow":"follow","max-snippet":"max-snippet:-1","max-image-preview":"max-image-preview:large","max-video-preview":"max-video-preview:-1"},"canonical":"https:\/\/nature4me.eu\/de\/produkt\/glamup\/","og_locale":"de_DE","og_type":"article","og_title":"glamUp (500 gr)","og_description":"glamUp Calivita 500 g. Kollagen Getr\u00e4nkepulver, hohe Dosis (10 g) hydrolysiertes Kollagen und CoQ10 50 mg. Paleo-freundlich, Keto freundlich.","og_url":"https:\/\/nature4me.eu\/de\/produkt\/glamup\/","og_site_name":"CaliVita Nature4me","article_publisher":"https:\/\/www.facebook.com\/zdravjeiznarave.eu","article_modified_time":"2023-03-09T17:34:20+00:00","og_image":[{"url":"https:\/\/zdravjeiznarave.eu\/skin\/uploads\/glam-up.png","type":"","width":"","height":""}],"twitter_card":"summary_large_image","twitter_misc":{"Gesch\u00e4tzte Lesezeit":"2\u00a0Minuten"},"schema":{"@context":"https:\/\/schema.org","@graph":[{"@type":"WebPage","@id":"https:\/\/nature4me.eu\/de\/produkt\/glamup\/","url":"https:\/\/nature4me.eu\/de\/produkt\/glamup\/","name":"glamUp Calivita 500 g - Nature4Me","isPartOf":{"@id":"https:\/\/nature4me.eu\/de\/#website"},"primaryImageOfPage":{"@id":"https:\/\/nature4me.eu\/de\/produkt\/glamup\/#primaryimage"},"image":{"@id":"https:\/\/nature4me.eu\/de\/produkt\/glamup\/#primaryimage"},"thumbnailUrl":"https:\/\/nature4me.eu\/wp-content\/uploads\/2020\/05\/glamup.png","datePublished":"2021-08-27T07:10:33+00:00","dateModified":"2023-03-09T17:34:20+00:00","description":"glamUp Calivita 500 g. Kollagen Getr\u00e4nkepulver, hohe Dosis (10 g) hydrolysiertes Kollagen und CoQ10 50 mg. Paleo-freundlich, Keto freundlich.","breadcrumb":{"@id":"https:\/\/nature4me.eu\/de\/produkt\/glamup\/#breadcrumb"},"inLanguage":"de","potentialAction":[{"@type":"ReadAction","target":["https:\/\/nature4me.eu\/de\/produkt\/glamup\/"]}]},{"@type":"ImageObject","inLanguage":"de","@id":"https:\/\/nature4me.eu\/de\/produkt\/glamup\/#primaryimage","url":"https:\/\/nature4me.eu\/wp-content\/uploads\/2020\/05\/glamup.png","contentUrl":"https:\/\/nature4me.eu\/wp-content\/uploads\/2020\/05\/glamup.png","width":240,"height":300,"caption":"kolagen v prahu"},{"@type":"BreadcrumbList","@id":"https:\/\/nature4me.eu\/de\/produkt\/glamup\/#breadcrumb","itemListElement":[{"@type":"ListItem","position":1,"name":"Po\u010detna stranica","item":"https:\/\/nature4me.eu\/de\/"},{"@type":"ListItem","position":2,"name":"Webshop","item":"https:\/\/nature4me.eu\/de\/shop\/"},{"@type":"ListItem","position":3,"name":"glamUp (500 gr)"}]},{"@type":"WebSite","@id":"https:\/\/nature4me.eu\/de\/#website","url":"https:\/\/nature4me.eu\/de\/","name":"CaliVita Nature4me","description":"CaliVita Nature4me","potentialAction":[{"@type":"SearchAction","target":{"@type":"EntryPoint","urlTemplate":"https:\/\/nature4me.eu\/de\/?s={search_term_string}"},"query-input":{"@type":"PropertyValueSpecification","valueRequired":true,"valueName":"search_term_string"}}],"inLanguage":"de"}]}},"_links":{"self":[{"href":"https:\/\/nature4me.eu\/de\/wp-json\/wp\/v2\/product\/5508","targetHints":{"allow":["GET"]}}],"collection":[{"href":"https:\/\/nature4me.eu\/de\/wp-json\/wp\/v2\/product"}],"about":[{"href":"https:\/\/nature4me.eu\/de\/wp-json\/wp\/v2\/types\/product"}],"replies":[{"embeddable":true,"href":"https:\/\/nature4me.eu\/de\/wp-json\/wp\/v2\/comments?post=5508"}],"wp:featuredmedia":[{"embeddable":true,"href":"https:\/\/nature4me.eu\/de\/wp-json\/wp\/v2\/media\/7129"}],"wp:attachment":[{"href":"https:\/\/nature4me.eu\/de\/wp-json\/wp\/v2\/media?parent=5508"}],"wp:term":[{"taxonomy":"product_brand","embeddable":true,"href":"https:\/\/nature4me.eu\/de\/wp-json\/wp\/v2\/product_brand?post=5508"},{"taxonomy":"product_cat","embeddable":true,"href":"https:\/\/nature4me.eu\/de\/wp-json\/wp\/v2\/product_cat?post=5508"},{"taxonomy":"product_tag","embeddable":true,"href":"https:\/\/nature4me.eu\/de\/wp-json\/wp\/v2\/product_tag?post=5508"}],"curies":[{"name":"wp","href":"https:\/\/api.w.org\/{rel}","templated":true}]}}