{"id":5518,"date":"2019-04-12T07:40:33","date_gmt":"2021-08-27T18:11:02","guid":{"rendered":"https:\/\/nature4me.eu\/?post_type=product&#038;p=5518"},"modified":"2023-02-21T19:17:23","modified_gmt":"2023-02-21T17:17:23","slug":"e-protect-personal-e-protect-card-1-stueck-und-e-protect-sticker-2-st","status":"publish","type":"product","link":"https:\/\/nature4me.eu\/de\/produkt\/e-protect-personal-e-protect-card-1-stueck-und-e-protect-sticker-2-st\/","title":{"rendered":"E-Protect Personal (E-Protect Card 1 St\u00fcck und E-Protect Sticker 2 St)"},"content":{"rendered":"<div id=\"product-long-decs\">\n<p>Das Paket enth\u00e4lt: E-Protect Card 1 St\u00fcck und E-Protect Sticker 2 St\u00fcck.<\/p>\n<\/div>\n<div class=\"details_flex col_body\">\n<p>E-PROTECT STICKER<\/p>\n<p class=\"Norml1\">Der <strong>E-Protect Sticker<\/strong> soll <strong>unmittelbar an das elektrische Ger\u00e4t aufgeklebt werden<\/strong>: an das Handy, an das Notebook, an den Bildschirm, an den Mikrowellenherd oder an das Armaturenbrett im Auto. Benutze den Sticker an jedem der Ger\u00e4te, die Du anwendest!<\/p>\n<p class=\"Norml1\">E-PROTECT CARD<\/p>\n<p>Die <strong>E-Protect Card<\/strong> ist ein \u201epers\u00f6nlicher Leibw\u00e4chter\u201d. Sie soll in der N\u00e4he des K\u00f6rpers, in der Hosentasche, Handtasche oder im Portemonnaie aufbewahrt werden. \u00a0So kann die Harmonisierung der EMF-Wellen gesichert werden, die von den elektronischen Ger\u00e4ten emittiert werden, an denen noch kein E-Protect Sticker angebracht wurde.<\/p>\n<\/div>\n","protected":false},"excerpt":{"rendered":"<p><!-- Short Details --><\/p>\n<div class=\"short-product-desc\">\n<h2>Mittel zur Harmonisierung gegen E-Strahlungen<\/h2>\n<div class=\"short-product-desc-txt\">(E-Protect Card 1 St\u00fcck und E-Protect Sticker 2 St\u00fcck)<\/div>\n<\/div>\n<p><!-- End Short Details --><\/p>\n","protected":false},"featured_media":4955,"comment_status":"closed","ping_status":"closed","template":"","meta":{"inline_featured_image":false,"_monsterinsights_skip_tracking":false,"_monsterinsights_sitenote_active":false,"_monsterinsights_sitenote_note":"","_monsterinsights_sitenote_category":0},"product_brand":[],"product_cat":[56],"product_tag":[],"class_list":{"0":"post-5518","1":"product","2":"type-product","3":"status-publish","4":"has-post-thumbnail","6":"product_cat-elektronik","8":"first","9":"outofstock","10":"taxable","11":"shipping-taxable","12":"purchasable","13":"product-type-simple"},"yoast_head":"<!-- This site is optimized with the Yoast SEO Premium plugin v21.9 (Yoast SEO v26.6) - https:\/\/yoast.com\/wordpress\/plugins\/seo\/ -->\n<title>E-Protect Personal (E-Protect Card 1 St\u00fcck und E-Protect Sticker 2 St) - CaliVita Nature4me<\/title>\n<meta name=\"robots\" content=\"index, follow, max-snippet:-1, max-image-preview:large, max-video-preview:-1\" \/>\n<link rel=\"canonical\" href=\"https:\/\/nature4me.eu\/de\/produkt\/e-protect-personal-e-protect-card-1-stueck-und-e-protect-sticker-2-st\/\" \/>\n<meta property=\"og:locale\" content=\"de_DE\" \/>\n<meta property=\"og:type\" content=\"article\" \/>\n<meta property=\"og:title\" content=\"E-Protect Personal (E-Protect Card 1 St\u00fcck und E-Protect Sticker 2 St)\" \/>\n<meta property=\"og:description\" content=\"Mittel zur Harmonisierung gegen E-Strahlungen (E-Protect Card 1 St\u00fcck und E-Protect Sticker 2 St\u00fcck)\" \/>\n<meta property=\"og:url\" content=\"https:\/\/nature4me.eu\/de\/produkt\/e-protect-personal-e-protect-card-1-stueck-und-e-protect-sticker-2-st\/\" \/>\n<meta property=\"og:site_name\" content=\"CaliVita Nature4me\" \/>\n<meta property=\"article:publisher\" content=\"https:\/\/www.facebook.com\/zdravjeiznarave.eu\" \/>\n<meta property=\"article:modified_time\" content=\"2023-02-21T17:17:23+00:00\" \/>\n<meta property=\"og:image\" content=\"https:\/\/nature4me.eu\/wp-content\/uploads\/2019\/04\/E-protect-osebni-paket.png\" \/>\n\t<meta property=\"og:image:width\" content=\"271\" \/>\n\t<meta property=\"og:image:height\" content=\"250\" \/>\n\t<meta property=\"og:image:type\" content=\"image\/png\" \/>\n<meta name=\"twitter:card\" content=\"summary_large_image\" \/>\n<meta name=\"twitter:label1\" content=\"Gesch\u00e4tzte Lesezeit\" \/>\n\t<meta name=\"twitter:data1\" content=\"1\u00a0Minute\" \/>\n<script type=\"application\/ld+json\" class=\"yoast-schema-graph\">{\"@context\":\"https:\/\/schema.org\",\"@graph\":[{\"@type\":\"WebPage\",\"@id\":\"https:\/\/nature4me.eu\/de\/produkt\/e-protect-personal-e-protect-card-1-stueck-und-e-protect-sticker-2-st\/\",\"url\":\"https:\/\/nature4me.eu\/de\/produkt\/e-protect-personal-e-protect-card-1-stueck-und-e-protect-sticker-2-st\/\",\"name\":\"E-Protect Personal (E-Protect Card 1 St\u00fcck und E-Protect Sticker 2 St) - CaliVita Nature4me\",\"isPartOf\":{\"@id\":\"https:\/\/nature4me.eu\/de\/#website\"},\"primaryImageOfPage\":{\"@id\":\"https:\/\/nature4me.eu\/de\/produkt\/e-protect-personal-e-protect-card-1-stueck-und-e-protect-sticker-2-st\/#primaryimage\"},\"image\":{\"@id\":\"https:\/\/nature4me.eu\/de\/produkt\/e-protect-personal-e-protect-card-1-stueck-und-e-protect-sticker-2-st\/#primaryimage\"},\"thumbnailUrl\":\"https:\/\/nature4me.eu\/wp-content\/uploads\/2019\/04\/E-protect-osebni-paket.png\",\"datePublished\":\"2021-08-27T18:11:02+00:00\",\"dateModified\":\"2023-02-21T17:17:23+00:00\",\"breadcrumb\":{\"@id\":\"https:\/\/nature4me.eu\/de\/produkt\/e-protect-personal-e-protect-card-1-stueck-und-e-protect-sticker-2-st\/#breadcrumb\"},\"inLanguage\":\"de\",\"potentialAction\":[{\"@type\":\"ReadAction\",\"target\":[\"https:\/\/nature4me.eu\/de\/produkt\/e-protect-personal-e-protect-card-1-stueck-und-e-protect-sticker-2-st\/\"]}]},{\"@type\":\"ImageObject\",\"inLanguage\":\"de\",\"@id\":\"https:\/\/nature4me.eu\/de\/produkt\/e-protect-personal-e-protect-card-1-stueck-und-e-protect-sticker-2-st\/#primaryimage\",\"url\":\"https:\/\/nature4me.eu\/wp-content\/uploads\/2019\/04\/E-protect-osebni-paket.png\",\"contentUrl\":\"https:\/\/nature4me.eu\/wp-content\/uploads\/2019\/04\/E-protect-osebni-paket.png\",\"width\":271,\"height\":250,\"caption\":\"Gegen E-Strahlungen\"},{\"@type\":\"BreadcrumbList\",\"@id\":\"https:\/\/nature4me.eu\/de\/produkt\/e-protect-personal-e-protect-card-1-stueck-und-e-protect-sticker-2-st\/#breadcrumb\",\"itemListElement\":[{\"@type\":\"ListItem\",\"position\":1,\"name\":\"Po\u010detna stranica\",\"item\":\"https:\/\/nature4me.eu\/de\/\"},{\"@type\":\"ListItem\",\"position\":2,\"name\":\"Webshop\",\"item\":\"https:\/\/nature4me.eu\/de\/shop\/\"},{\"@type\":\"ListItem\",\"position\":3,\"name\":\"E-Protect Personal (E-Protect Card 1 St\u00fcck und E-Protect Sticker 2 St)\"}]},{\"@type\":\"WebSite\",\"@id\":\"https:\/\/nature4me.eu\/de\/#website\",\"url\":\"https:\/\/nature4me.eu\/de\/\",\"name\":\"CaliVita Nature4me\",\"description\":\"CaliVita Nature4me\",\"potentialAction\":[{\"@type\":\"SearchAction\",\"target\":{\"@type\":\"EntryPoint\",\"urlTemplate\":\"https:\/\/nature4me.eu\/de\/?s={search_term_string}\"},\"query-input\":{\"@type\":\"PropertyValueSpecification\",\"valueRequired\":true,\"valueName\":\"search_term_string\"}}],\"inLanguage\":\"de\"}]}<\/script>\n<!-- \/ Yoast SEO Premium plugin. -->","yoast_head_json":{"title":"E-Protect Personal (E-Protect Card 1 St\u00fcck und E-Protect Sticker 2 St) - CaliVita Nature4me","robots":{"index":"index","follow":"follow","max-snippet":"max-snippet:-1","max-image-preview":"max-image-preview:large","max-video-preview":"max-video-preview:-1"},"canonical":"https:\/\/nature4me.eu\/de\/produkt\/e-protect-personal-e-protect-card-1-stueck-und-e-protect-sticker-2-st\/","og_locale":"de_DE","og_type":"article","og_title":"E-Protect Personal (E-Protect Card 1 St\u00fcck und E-Protect Sticker 2 St)","og_description":"Mittel zur Harmonisierung gegen E-Strahlungen (E-Protect Card 1 St\u00fcck und E-Protect Sticker 2 St\u00fcck)","og_url":"https:\/\/nature4me.eu\/de\/produkt\/e-protect-personal-e-protect-card-1-stueck-und-e-protect-sticker-2-st\/","og_site_name":"CaliVita Nature4me","article_publisher":"https:\/\/www.facebook.com\/zdravjeiznarave.eu","article_modified_time":"2023-02-21T17:17:23+00:00","og_image":[{"width":271,"height":250,"url":"https:\/\/nature4me.eu\/wp-content\/uploads\/2019\/04\/E-protect-osebni-paket.png","type":"image\/png"}],"twitter_card":"summary_large_image","twitter_misc":{"Gesch\u00e4tzte Lesezeit":"1\u00a0Minute"},"schema":{"@context":"https:\/\/schema.org","@graph":[{"@type":"WebPage","@id":"https:\/\/nature4me.eu\/de\/produkt\/e-protect-personal-e-protect-card-1-stueck-und-e-protect-sticker-2-st\/","url":"https:\/\/nature4me.eu\/de\/produkt\/e-protect-personal-e-protect-card-1-stueck-und-e-protect-sticker-2-st\/","name":"E-Protect Personal (E-Protect Card 1 St\u00fcck und E-Protect Sticker 2 St) - CaliVita Nature4me","isPartOf":{"@id":"https:\/\/nature4me.eu\/de\/#website"},"primaryImageOfPage":{"@id":"https:\/\/nature4me.eu\/de\/produkt\/e-protect-personal-e-protect-card-1-stueck-und-e-protect-sticker-2-st\/#primaryimage"},"image":{"@id":"https:\/\/nature4me.eu\/de\/produkt\/e-protect-personal-e-protect-card-1-stueck-und-e-protect-sticker-2-st\/#primaryimage"},"thumbnailUrl":"https:\/\/nature4me.eu\/wp-content\/uploads\/2019\/04\/E-protect-osebni-paket.png","datePublished":"2021-08-27T18:11:02+00:00","dateModified":"2023-02-21T17:17:23+00:00","breadcrumb":{"@id":"https:\/\/nature4me.eu\/de\/produkt\/e-protect-personal-e-protect-card-1-stueck-und-e-protect-sticker-2-st\/#breadcrumb"},"inLanguage":"de","potentialAction":[{"@type":"ReadAction","target":["https:\/\/nature4me.eu\/de\/produkt\/e-protect-personal-e-protect-card-1-stueck-und-e-protect-sticker-2-st\/"]}]},{"@type":"ImageObject","inLanguage":"de","@id":"https:\/\/nature4me.eu\/de\/produkt\/e-protect-personal-e-protect-card-1-stueck-und-e-protect-sticker-2-st\/#primaryimage","url":"https:\/\/nature4me.eu\/wp-content\/uploads\/2019\/04\/E-protect-osebni-paket.png","contentUrl":"https:\/\/nature4me.eu\/wp-content\/uploads\/2019\/04\/E-protect-osebni-paket.png","width":271,"height":250,"caption":"Gegen E-Strahlungen"},{"@type":"BreadcrumbList","@id":"https:\/\/nature4me.eu\/de\/produkt\/e-protect-personal-e-protect-card-1-stueck-und-e-protect-sticker-2-st\/#breadcrumb","itemListElement":[{"@type":"ListItem","position":1,"name":"Po\u010detna stranica","item":"https:\/\/nature4me.eu\/de\/"},{"@type":"ListItem","position":2,"name":"Webshop","item":"https:\/\/nature4me.eu\/de\/shop\/"},{"@type":"ListItem","position":3,"name":"E-Protect Personal (E-Protect Card 1 St\u00fcck und E-Protect Sticker 2 St)"}]},{"@type":"WebSite","@id":"https:\/\/nature4me.eu\/de\/#website","url":"https:\/\/nature4me.eu\/de\/","name":"CaliVita Nature4me","description":"CaliVita Nature4me","potentialAction":[{"@type":"SearchAction","target":{"@type":"EntryPoint","urlTemplate":"https:\/\/nature4me.eu\/de\/?s={search_term_string}"},"query-input":{"@type":"PropertyValueSpecification","valueRequired":true,"valueName":"search_term_string"}}],"inLanguage":"de"}]}},"_links":{"self":[{"href":"https:\/\/nature4me.eu\/de\/wp-json\/wp\/v2\/product\/5518","targetHints":{"allow":["GET"]}}],"collection":[{"href":"https:\/\/nature4me.eu\/de\/wp-json\/wp\/v2\/product"}],"about":[{"href":"https:\/\/nature4me.eu\/de\/wp-json\/wp\/v2\/types\/product"}],"replies":[{"embeddable":true,"href":"https:\/\/nature4me.eu\/de\/wp-json\/wp\/v2\/comments?post=5518"}],"wp:featuredmedia":[{"embeddable":true,"href":"https:\/\/nature4me.eu\/de\/wp-json\/wp\/v2\/media\/4955"}],"wp:attachment":[{"href":"https:\/\/nature4me.eu\/de\/wp-json\/wp\/v2\/media?parent=5518"}],"wp:term":[{"taxonomy":"product_brand","embeddable":true,"href":"https:\/\/nature4me.eu\/de\/wp-json\/wp\/v2\/product_brand?post=5518"},{"taxonomy":"product_cat","embeddable":true,"href":"https:\/\/nature4me.eu\/de\/wp-json\/wp\/v2\/product_cat?post=5518"},{"taxonomy":"product_tag","embeddable":true,"href":"https:\/\/nature4me.eu\/de\/wp-json\/wp\/v2\/product_tag?post=5518"}],"curies":[{"name":"wp","href":"https:\/\/api.w.org\/{rel}","templated":true}]}}