{"id":5545,"date":"2018-03-29T08:36:18","date_gmt":"2021-08-27T19:22:20","guid":{"rendered":"https:\/\/nature4me.eu\/?post_type=product&#038;p=5545"},"modified":"2022-02-20T16:14:22","modified_gmt":"2022-02-20T14:14:22","slug":"c-plus","status":"publish","type":"product","link":"https:\/\/nature4me.eu\/de\/produkt\/c-plus\/","title":{"rendered":"C plus (100 tabletten)"},"content":{"rendered":"<div id=\"product-long-decs\">\n<p>Das C Plus ist ein allgemeines Erzeugnis von Vitamin C, das einen allt\u00e4glichen Schutz vor freien Radikalen sichert, und es tr\u00e4gt zur angemessenen Funktion des Immunsystems bei. Das Vitamin C und die mit Vitamin C zusammenwirkenden Bioflavonoiden verst\u00e4rken die innere Struktur der Kapillaren und sie haben auch eine Kreislauf st\u00e4rkende Wirkung. Das Vitamin C hilft auch beim Bewahren von Gesundheit der Haut, des Zahnfleisches, der Knochen und der Knorpel.<\/p>\n<h5>Wem und wozu empfehlen wir es:<\/h5>\n<ul>\n<li>Jedem f\u00fcr die Verst\u00e4rkung des Immunsystems,<\/li>\n<li>wegen seiner Rolle beim Schutz gegen oxidativen Stress,<\/li>\n<li>aktiven oder passiven Rauchern,<\/li>\n<li>Einwohnern der Siedlungen, wo die Luft verschmutzt ist<\/li>\n<\/ul>\n<p>Eine Tablette C Plus enth\u00e4lt so viel Vitamin C wie eine grosse Orange oder 1.5 Kilo \u00c4pfel<strong>.<\/strong><\/p>\n<p>KoagKag approval number: 4340-0119-0363<\/p>\n<\/div>\n<p><!-- Product Specification --><\/p>\n<table class=\"product_details_body\" border=\"0\" width=\"500\" cellspacing=\"0\" align=\"center\" bgcolor=\"#7CDB8B\">\n<tbody>\n<tr bgcolor=>\n<td height=\"20\"><u>Wirkstoffe\/Tablette:<\/u><\/td>\n<td width=\"100\"><span class=\"pvdecla\">(View Declaration)<\/span><\/td>\n<td width=\"70\"><span class=\"pd-rda\">*RDA:<\/span><\/td>\n<\/tr>\n<tr>\n<td>Vitamin C<\/td>\n<td>70 mg<\/td>\n<td>125%<\/td>\n<\/tr>\n<tr>\n<td>Hagebutte<\/td>\n<td>100 mg<\/td>\n<td><\/td>\n<\/tr>\n<tr>\n<td>Zitrus Bioflavonoide<\/td>\n<td>100 mg<\/td>\n<td><\/td>\n<\/tr>\n<tr>\n<td colspan=\"3\" height=\"10\"><\/td>\n<\/tr>\n<tr bgcolor=>\n<td colspan=\"3\" height=\"20\"><u>Dosierung: *RDA:<\/u><\/td>\n<\/tr>\n<tr>\n<td colspan=\"3\" align=\"center\" height=\"15\">1 Tablette t\u00e4glich.<\/td>\n<\/tr>\n<tr bgcolor=>\n<td colspan=\"3\" height=\"20\"><u>Andere Zutaten:<\/u><\/td>\n<\/tr>\n<tr>\n<td colspan=\"3\" height=\"10\">Kalziumkarbonat, mikrokristalline Cellulose, Molke **, Natriumcarboxymethylcellulose, Fetts\u00e4uren, Magnesiumstearat, Siliciumdioxid, Schellack, Talkum<br \/>\n** Die Zutat kann als Allergen wirken oder Intoleranz verursachen<\/td>\n<\/tr>\n<tr>\n<td colspan=\"3\" height=\"10\"><\/td>\n<\/tr>\n<\/tbody>\n<\/table>\n<p><!-- End Product Specification --><\/p>\n<p><!-- Product Declaration --><\/p>\n<div id=\"product-declaration-title\">Nahrungserg\u00e4nzungsmittel<\/div>\n<div class=\"prod-declaration\">\n<div class=\"declar-txt\">\n<p>Achtung! Das Vitamin C ist hitze- und lichtempfindlich, dies muss bei seiner Lagerung beachtet werden. Wenn in der Vorgeschichte Nierenkrankheiten vorkommen, konsultieren Sie vor der Einnahme des Erzeugnisses Ihren behandelnden Arzt. Die \u00fcbertriebene Einnahme von Bioflavonoiden kann Durchfall verursachen!.<\/p>\n<p>(* RDA = Tageswert) Die empfohlenen Tagesmengen sollten nicht \u00fcberschritten werden. Das Nahrungserg\u00e4nzungsmittel ist kein Ersatz f\u00fcr eine ausgewogene und abwechslungsreiche Ern\u00e4hrung. Au\u00dferhalb der Reichweite von Kindern aufbewahren<\/p>\n<\/div>\n<\/div>\n","protected":false},"excerpt":{"rendered":"<p><!-- Short Details --><\/p>\n<div class=\"short-product-desc\">\n<h3 class=\"details_h3\">Vitamin C Komplex<\/h3>\n<\/div>\n","protected":false},"featured_media":7173,"comment_status":"closed","ping_status":"closed","template":"","meta":{"inline_featured_image":false,"_monsterinsights_skip_tracking":false,"_monsterinsights_sitenote_active":false,"_monsterinsights_sitenote_note":"","_monsterinsights_sitenote_category":0},"product_brand":[],"product_cat":[163,166],"product_tag":[],"class_list":{"0":"post-5545","1":"product","2":"type-product","3":"status-publish","4":"has-post-thumbnail","6":"product_cat-vegetarier-veganer-de","7":"product_cat-vitamine-de","9":"first","10":"instock","11":"taxable","12":"shipping-taxable","13":"purchasable","14":"product-type-simple"},"yoast_head":"<!-- This site is optimized with the Yoast SEO Premium plugin v21.9 (Yoast SEO v26.6) - https:\/\/yoast.com\/wordpress\/plugins\/seo\/ -->\n<title>C Plus CaliVita - Nature4Me<\/title>\n<meta name=\"description\" content=\"Vitamin C komplex 100 tabletten Online kaufen.\" \/>\n<meta name=\"robots\" content=\"index, follow, max-snippet:-1, max-image-preview:large, max-video-preview:-1\" \/>\n<link rel=\"canonical\" href=\"https:\/\/nature4me.eu\/de\/produkt\/c-plus\/\" \/>\n<meta property=\"og:locale\" content=\"de_DE\" \/>\n<meta property=\"og:type\" content=\"article\" \/>\n<meta property=\"og:title\" content=\"C plus (100 tabletten)\" \/>\n<meta property=\"og:description\" content=\"Vitamin C komplex 100 tabletten Online kaufen.\" \/>\n<meta property=\"og:url\" content=\"https:\/\/nature4me.eu\/de\/produkt\/c-plus\/\" \/>\n<meta property=\"og:site_name\" content=\"CaliVita Nature4me\" \/>\n<meta property=\"article:publisher\" content=\"https:\/\/www.facebook.com\/zdravjeiznarave.eu\" \/>\n<meta property=\"article:modified_time\" content=\"2022-02-20T14:14:22+00:00\" \/>\n<meta property=\"og:image\" content=\"https:\/\/nature4me.eu\/wp-content\/uploads\/2018\/03\/C-plus-2.png\" \/>\n\t<meta property=\"og:image:width\" content=\"200\" \/>\n\t<meta property=\"og:image:height\" content=\"372\" \/>\n\t<meta property=\"og:image:type\" content=\"image\/png\" \/>\n<meta name=\"twitter:card\" content=\"summary_large_image\" \/>\n<meta name=\"twitter:label1\" content=\"Gesch\u00e4tzte Lesezeit\" \/>\n\t<meta name=\"twitter:data1\" content=\"1\u00a0Minute\" \/>\n<script type=\"application\/ld+json\" class=\"yoast-schema-graph\">{\"@context\":\"https:\/\/schema.org\",\"@graph\":[{\"@type\":\"WebPage\",\"@id\":\"https:\/\/nature4me.eu\/de\/produkt\/c-plus\/\",\"url\":\"https:\/\/nature4me.eu\/de\/produkt\/c-plus\/\",\"name\":\"C Plus CaliVita - Nature4Me\",\"isPartOf\":{\"@id\":\"https:\/\/nature4me.eu\/de\/#website\"},\"primaryImageOfPage\":{\"@id\":\"https:\/\/nature4me.eu\/de\/produkt\/c-plus\/#primaryimage\"},\"image\":{\"@id\":\"https:\/\/nature4me.eu\/de\/produkt\/c-plus\/#primaryimage\"},\"thumbnailUrl\":\"https:\/\/nature4me.eu\/wp-content\/uploads\/2018\/03\/C-plus-2.png\",\"datePublished\":\"2021-08-27T19:22:20+00:00\",\"dateModified\":\"2022-02-20T14:14:22+00:00\",\"description\":\"Vitamin C komplex 100 tabletten Online kaufen.\",\"breadcrumb\":{\"@id\":\"https:\/\/nature4me.eu\/de\/produkt\/c-plus\/#breadcrumb\"},\"inLanguage\":\"de\",\"potentialAction\":[{\"@type\":\"ReadAction\",\"target\":[\"https:\/\/nature4me.eu\/de\/produkt\/c-plus\/\"]}]},{\"@type\":\"ImageObject\",\"inLanguage\":\"de\",\"@id\":\"https:\/\/nature4me.eu\/de\/produkt\/c-plus\/#primaryimage\",\"url\":\"https:\/\/nature4me.eu\/wp-content\/uploads\/2018\/03\/C-plus-2.png\",\"contentUrl\":\"https:\/\/nature4me.eu\/wp-content\/uploads\/2018\/03\/C-plus-2.png\",\"width\":200,\"height\":372},{\"@type\":\"BreadcrumbList\",\"@id\":\"https:\/\/nature4me.eu\/de\/produkt\/c-plus\/#breadcrumb\",\"itemListElement\":[{\"@type\":\"ListItem\",\"position\":1,\"name\":\"Po\u010detna stranica\",\"item\":\"https:\/\/nature4me.eu\/de\/\"},{\"@type\":\"ListItem\",\"position\":2,\"name\":\"Webshop\",\"item\":\"https:\/\/nature4me.eu\/de\/shop\/\"},{\"@type\":\"ListItem\",\"position\":3,\"name\":\"C plus (100 tabletten)\"}]},{\"@type\":\"WebSite\",\"@id\":\"https:\/\/nature4me.eu\/de\/#website\",\"url\":\"https:\/\/nature4me.eu\/de\/\",\"name\":\"CaliVita Nature4me\",\"description\":\"CaliVita Nature4me\",\"potentialAction\":[{\"@type\":\"SearchAction\",\"target\":{\"@type\":\"EntryPoint\",\"urlTemplate\":\"https:\/\/nature4me.eu\/de\/?s={search_term_string}\"},\"query-input\":{\"@type\":\"PropertyValueSpecification\",\"valueRequired\":true,\"valueName\":\"search_term_string\"}}],\"inLanguage\":\"de\"}]}<\/script>\n<!-- \/ Yoast SEO Premium plugin. -->","yoast_head_json":{"title":"C Plus CaliVita - Nature4Me","description":"Vitamin C komplex 100 tabletten Online kaufen.","robots":{"index":"index","follow":"follow","max-snippet":"max-snippet:-1","max-image-preview":"max-image-preview:large","max-video-preview":"max-video-preview:-1"},"canonical":"https:\/\/nature4me.eu\/de\/produkt\/c-plus\/","og_locale":"de_DE","og_type":"article","og_title":"C plus (100 tabletten)","og_description":"Vitamin C komplex 100 tabletten Online kaufen.","og_url":"https:\/\/nature4me.eu\/de\/produkt\/c-plus\/","og_site_name":"CaliVita Nature4me","article_publisher":"https:\/\/www.facebook.com\/zdravjeiznarave.eu","article_modified_time":"2022-02-20T14:14:22+00:00","og_image":[{"width":200,"height":372,"url":"https:\/\/nature4me.eu\/wp-content\/uploads\/2018\/03\/C-plus-2.png","type":"image\/png"}],"twitter_card":"summary_large_image","twitter_misc":{"Gesch\u00e4tzte Lesezeit":"1\u00a0Minute"},"schema":{"@context":"https:\/\/schema.org","@graph":[{"@type":"WebPage","@id":"https:\/\/nature4me.eu\/de\/produkt\/c-plus\/","url":"https:\/\/nature4me.eu\/de\/produkt\/c-plus\/","name":"C Plus CaliVita - Nature4Me","isPartOf":{"@id":"https:\/\/nature4me.eu\/de\/#website"},"primaryImageOfPage":{"@id":"https:\/\/nature4me.eu\/de\/produkt\/c-plus\/#primaryimage"},"image":{"@id":"https:\/\/nature4me.eu\/de\/produkt\/c-plus\/#primaryimage"},"thumbnailUrl":"https:\/\/nature4me.eu\/wp-content\/uploads\/2018\/03\/C-plus-2.png","datePublished":"2021-08-27T19:22:20+00:00","dateModified":"2022-02-20T14:14:22+00:00","description":"Vitamin C komplex 100 tabletten Online kaufen.","breadcrumb":{"@id":"https:\/\/nature4me.eu\/de\/produkt\/c-plus\/#breadcrumb"},"inLanguage":"de","potentialAction":[{"@type":"ReadAction","target":["https:\/\/nature4me.eu\/de\/produkt\/c-plus\/"]}]},{"@type":"ImageObject","inLanguage":"de","@id":"https:\/\/nature4me.eu\/de\/produkt\/c-plus\/#primaryimage","url":"https:\/\/nature4me.eu\/wp-content\/uploads\/2018\/03\/C-plus-2.png","contentUrl":"https:\/\/nature4me.eu\/wp-content\/uploads\/2018\/03\/C-plus-2.png","width":200,"height":372},{"@type":"BreadcrumbList","@id":"https:\/\/nature4me.eu\/de\/produkt\/c-plus\/#breadcrumb","itemListElement":[{"@type":"ListItem","position":1,"name":"Po\u010detna stranica","item":"https:\/\/nature4me.eu\/de\/"},{"@type":"ListItem","position":2,"name":"Webshop","item":"https:\/\/nature4me.eu\/de\/shop\/"},{"@type":"ListItem","position":3,"name":"C plus (100 tabletten)"}]},{"@type":"WebSite","@id":"https:\/\/nature4me.eu\/de\/#website","url":"https:\/\/nature4me.eu\/de\/","name":"CaliVita Nature4me","description":"CaliVita Nature4me","potentialAction":[{"@type":"SearchAction","target":{"@type":"EntryPoint","urlTemplate":"https:\/\/nature4me.eu\/de\/?s={search_term_string}"},"query-input":{"@type":"PropertyValueSpecification","valueRequired":true,"valueName":"search_term_string"}}],"inLanguage":"de"}]}},"_links":{"self":[{"href":"https:\/\/nature4me.eu\/de\/wp-json\/wp\/v2\/product\/5545","targetHints":{"allow":["GET"]}}],"collection":[{"href":"https:\/\/nature4me.eu\/de\/wp-json\/wp\/v2\/product"}],"about":[{"href":"https:\/\/nature4me.eu\/de\/wp-json\/wp\/v2\/types\/product"}],"replies":[{"embeddable":true,"href":"https:\/\/nature4me.eu\/de\/wp-json\/wp\/v2\/comments?post=5545"}],"wp:featuredmedia":[{"embeddable":true,"href":"https:\/\/nature4me.eu\/de\/wp-json\/wp\/v2\/media\/7173"}],"wp:attachment":[{"href":"https:\/\/nature4me.eu\/de\/wp-json\/wp\/v2\/media?parent=5545"}],"wp:term":[{"taxonomy":"product_brand","embeddable":true,"href":"https:\/\/nature4me.eu\/de\/wp-json\/wp\/v2\/product_brand?post=5545"},{"taxonomy":"product_cat","embeddable":true,"href":"https:\/\/nature4me.eu\/de\/wp-json\/wp\/v2\/product_cat?post=5545"},{"taxonomy":"product_tag","embeddable":true,"href":"https:\/\/nature4me.eu\/de\/wp-json\/wp\/v2\/product_tag?post=5545"}],"curies":[{"name":"wp","href":"https:\/\/api.w.org\/{rel}","templated":true}]}}