{"id":5550,"date":"2018-03-12T15:29:50","date_gmt":"2021-08-28T06:17:46","guid":{"rendered":"https:\/\/nature4me.eu\/?post_type=product&#038;p=5550"},"modified":"2024-10-22T08:08:14","modified_gmt":"2024-10-22T06:08:14","slug":"coq10-20mg-plus","status":"publish","type":"product","link":"https:\/\/nature4me.eu\/de\/produkt\/coq10-20mg-plus\/","title":{"rendered":"Super CoQ10 Plus (120 kapseln)"},"content":{"rendered":"<div id=\"product-long-decs\">\n<p>Das Super CoQ10 Plus erf\u00fcllt unsere t\u00e4glichen CoQ10-Bed\u00fcrfnisse angemessen, das wir mit Beta-Karotin, Vitamin E, Selen, mit diesen drei synergetisch zusammenwirkenden Antioxidantien erg\u00e4nzt haben. Mit diesen Zusammensetzungen k\u00f6nnen wir unsere Kondition verbessern, unsere Energievorr\u00e4te erh\u00f6hen, unser Herz- und Immunsystem verst\u00e4rken, zum Bewahren unserer Jugend beitragen.<\/p>\n<h5>Wem und wozu empfehlen wir es:<\/h5>\n<ul>\n<li>Denjenigen, die schon \u00fcber 30 Jahre alt sind,<\/li>\n<li>bei erh\u00f6hter geistiger und physikalischer Belastung, f\u00fcr Sportler,<\/li>\n<li>bei gestresster Lebensweise,<\/li>\n<li>Rauchern,<\/li>\n<li>bei mangelhafter Ern\u00e4hrung,<\/li>\n<li>bei Ohrensausen,<\/li>\n<li>denen das Bewahren der Gesundheit des Herzens wichtig ist,<\/li>\n<li>jedem, der in Bezug auf die Lebensweise mit der Jugend Schritt halten m\u00f6chte.<\/li>\n<\/ul>\n<\/div>\n<p>KoagKag approval number: 4340-0419-1408<br \/>\n<!-- Product Specification --><\/p>\n<table class=\"product_details_body\" border=\"0\" width=\"500\" cellspacing=\"0\" align=\"center\" bgcolor=\"#7CDB8B\">\n<tbody>\n<tr bgcolor=>\n<td height=\"20\"><u>Wirkstoffe Tablette\/Kapsel:<\/u><\/td>\n<td width=\"100\"><span class=\"pvdecla\">(View Declaration)<\/span><\/td>\n<td width=\"70\"><span class=\"pd-rda\">*RDA:<\/span><\/td>\n<\/tr>\n<tr>\n<td>Q10 Koenzym<\/td>\n<td>20 mg<\/td>\n<td><\/td>\n<\/tr>\n<tr>\n<td>Vitamin E<\/td>\n<td>10 I.E.<\/td>\n<td><\/td>\n<\/tr>\n<tr>\n<td>Beta-Karotin<\/td>\n<td>1000 I.E.<\/td>\n<td><\/td>\n<\/tr>\n<tr>\n<td>Selen<\/td>\n<td>10 mcg<\/td>\n<td><\/td>\n<\/tr>\n<tr>\n<td colspan=\"3\" height=\"10\"><\/td>\n<\/tr>\n<tr bgcolor=>\n<td colspan=\"3\" height=\"20\"><u>Dosierung *RDA:<\/u><\/td>\n<\/tr>\n<tr>\n<td colspan=\"3\" align=\"center\" height=\"15\">3&#215;1 Kapsel t\u00e4glich.<\/td>\n<\/tr>\n<tr bgcolor=>\n<td colspan=\"3\" height=\"20\"><u>Inaktive Inhaltsstoffe, Warnungen und Produktdeklarationen:<\/u><\/td>\n<\/tr>\n<tr>\n<td colspan=\"3\" height=\"10\">Andere Zutaten:<\/td>\n<\/tr>\n<tr>\n<td colspan=\"3\" height=\"10\"><\/td>\n<\/tr>\n<\/tbody>\n<\/table>\n<p><!-- End Product Specification --><\/p>\n<p><!-- Product Declaration --><\/p>\n<div id=\"product-declaration-title\">Nahrungserg\u00e4nzungsmittel<\/div>\n<div class=\"prod-declaration\">\n<div class=\"declar-txt\">\n<p>(* RDA = Tageswert) Die empfohlenen Tagesmengen sollten nicht \u00fcberschritten werden. Das Nahrungserg\u00e4nzungsmittel ist kein Ersatz f\u00fcr eine ausgewogene und abwechslungsreiche Ern\u00e4hrung. Au\u00dferhalb der Reichweite von Kindern aufbewahren.<\/p>\n<\/div>\n<div class=\"declar-img\"><a href=\"https:\/\/nature4me.eu\/wp-content\/themes\/n4mtheme\/images\/declaration\/FL0064_AC_Zyme_EN.pdf\" target=\"_blank\" rel=\"noopener\">View Declaration ENG<\/a><\/div>\n<\/div>\n<p><!-- End Product Declaration --><\/p>\n","protected":false},"excerpt":{"rendered":"<p><!-- Short Details --><\/p>\n<div class=\"short-product-desc\">\n<h3 class=\"details_h3\">Q10 Komplex<\/h3>\n<\/div>\n","protected":false},"featured_media":7177,"comment_status":"closed","ping_status":"closed","template":"","meta":{"inline_featured_image":false,"_monsterinsights_skip_tracking":false,"_monsterinsights_sitenote_active":false,"_monsterinsights_sitenote_note":"","_monsterinsights_sitenote_category":0},"product_brand":[],"product_cat":[45],"product_tag":[],"class_list":{"0":"post-5550","1":"product","2":"type-product","3":"status-publish","4":"has-post-thumbnail","6":"product_cat-antioxidantien","8":"first","9":"instock","10":"taxable","11":"shipping-taxable","12":"purchasable","13":"product-type-simple"},"yoast_head":"<!-- This site is optimized with the Yoast SEO Premium plugin v21.9 (Yoast SEO v26.6) - https:\/\/yoast.com\/wordpress\/plugins\/seo\/ -->\n<title>Super CoQ10 Plus CaliVita - Nature4Me<\/title>\n<meta name=\"description\" content=\"Super CoQ10 Komplex im Online Calivita Shop kaufen.\" \/>\n<meta name=\"robots\" content=\"index, follow, max-snippet:-1, max-image-preview:large, max-video-preview:-1\" \/>\n<link rel=\"canonical\" href=\"https:\/\/nature4me.eu\/de\/produkt\/coq10-20mg-plus\/\" \/>\n<meta property=\"og:locale\" content=\"de_DE\" \/>\n<meta property=\"og:type\" content=\"article\" \/>\n<meta property=\"og:title\" content=\"Super CoQ10 Plus (120 kapseln)\" \/>\n<meta property=\"og:description\" content=\"Super CoQ10 Komplex im Online Calivita Shop kaufen.\" \/>\n<meta property=\"og:url\" content=\"https:\/\/nature4me.eu\/de\/produkt\/coq10-20mg-plus\/\" \/>\n<meta property=\"og:site_name\" content=\"CaliVita Nature4me\" \/>\n<meta property=\"article:publisher\" content=\"https:\/\/www.facebook.com\/zdravjeiznarave.eu\" \/>\n<meta property=\"article:modified_time\" content=\"2024-10-22T06:08:14+00:00\" \/>\n<meta property=\"og:image\" content=\"https:\/\/nature4me.eu\/wp-content\/uploads\/2018\/03\/Super-CoQ10.png\" \/>\n\t<meta property=\"og:image:width\" content=\"200\" \/>\n\t<meta property=\"og:image:height\" content=\"382\" \/>\n\t<meta property=\"og:image:type\" content=\"image\/png\" \/>\n<meta name=\"twitter:card\" content=\"summary_large_image\" \/>\n<meta name=\"twitter:label1\" content=\"Gesch\u00e4tzte Lesezeit\" \/>\n\t<meta name=\"twitter:data1\" content=\"1\u00a0Minute\" \/>\n<script type=\"application\/ld+json\" class=\"yoast-schema-graph\">{\"@context\":\"https:\/\/schema.org\",\"@graph\":[{\"@type\":\"WebPage\",\"@id\":\"https:\/\/nature4me.eu\/de\/produkt\/coq10-20mg-plus\/\",\"url\":\"https:\/\/nature4me.eu\/de\/produkt\/coq10-20mg-plus\/\",\"name\":\"Super CoQ10 Plus CaliVita - Nature4Me\",\"isPartOf\":{\"@id\":\"https:\/\/nature4me.eu\/de\/#website\"},\"primaryImageOfPage\":{\"@id\":\"https:\/\/nature4me.eu\/de\/produkt\/coq10-20mg-plus\/#primaryimage\"},\"image\":{\"@id\":\"https:\/\/nature4me.eu\/de\/produkt\/coq10-20mg-plus\/#primaryimage\"},\"thumbnailUrl\":\"https:\/\/nature4me.eu\/wp-content\/uploads\/2018\/03\/Super-CoQ10.png\",\"datePublished\":\"2021-08-28T06:17:46+00:00\",\"dateModified\":\"2024-10-22T06:08:14+00:00\",\"description\":\"Super CoQ10 Komplex im Online Calivita Shop kaufen.\",\"breadcrumb\":{\"@id\":\"https:\/\/nature4me.eu\/de\/produkt\/coq10-20mg-plus\/#breadcrumb\"},\"inLanguage\":\"de\",\"potentialAction\":[{\"@type\":\"ReadAction\",\"target\":[\"https:\/\/nature4me.eu\/de\/produkt\/coq10-20mg-plus\/\"]}]},{\"@type\":\"ImageObject\",\"inLanguage\":\"de\",\"@id\":\"https:\/\/nature4me.eu\/de\/produkt\/coq10-20mg-plus\/#primaryimage\",\"url\":\"https:\/\/nature4me.eu\/wp-content\/uploads\/2018\/03\/Super-CoQ10.png\",\"contentUrl\":\"https:\/\/nature4me.eu\/wp-content\/uploads\/2018\/03\/Super-CoQ10.png\",\"width\":200,\"height\":382},{\"@type\":\"BreadcrumbList\",\"@id\":\"https:\/\/nature4me.eu\/de\/produkt\/coq10-20mg-plus\/#breadcrumb\",\"itemListElement\":[{\"@type\":\"ListItem\",\"position\":1,\"name\":\"Po\u010detna stranica\",\"item\":\"https:\/\/nature4me.eu\/de\/\"},{\"@type\":\"ListItem\",\"position\":2,\"name\":\"Webshop\",\"item\":\"https:\/\/nature4me.eu\/de\/shop\/\"},{\"@type\":\"ListItem\",\"position\":3,\"name\":\"Super CoQ10 Plus (120 kapseln)\"}]},{\"@type\":\"WebSite\",\"@id\":\"https:\/\/nature4me.eu\/de\/#website\",\"url\":\"https:\/\/nature4me.eu\/de\/\",\"name\":\"CaliVita Nature4me\",\"description\":\"CaliVita Nature4me\",\"potentialAction\":[{\"@type\":\"SearchAction\",\"target\":{\"@type\":\"EntryPoint\",\"urlTemplate\":\"https:\/\/nature4me.eu\/de\/?s={search_term_string}\"},\"query-input\":{\"@type\":\"PropertyValueSpecification\",\"valueRequired\":true,\"valueName\":\"search_term_string\"}}],\"inLanguage\":\"de\"}]}<\/script>\n<!-- \/ Yoast SEO Premium plugin. -->","yoast_head_json":{"title":"Super CoQ10 Plus CaliVita - Nature4Me","description":"Super CoQ10 Komplex im Online Calivita Shop kaufen.","robots":{"index":"index","follow":"follow","max-snippet":"max-snippet:-1","max-image-preview":"max-image-preview:large","max-video-preview":"max-video-preview:-1"},"canonical":"https:\/\/nature4me.eu\/de\/produkt\/coq10-20mg-plus\/","og_locale":"de_DE","og_type":"article","og_title":"Super CoQ10 Plus (120 kapseln)","og_description":"Super CoQ10 Komplex im Online Calivita Shop kaufen.","og_url":"https:\/\/nature4me.eu\/de\/produkt\/coq10-20mg-plus\/","og_site_name":"CaliVita Nature4me","article_publisher":"https:\/\/www.facebook.com\/zdravjeiznarave.eu","article_modified_time":"2024-10-22T06:08:14+00:00","og_image":[{"width":200,"height":382,"url":"https:\/\/nature4me.eu\/wp-content\/uploads\/2018\/03\/Super-CoQ10.png","type":"image\/png"}],"twitter_card":"summary_large_image","twitter_misc":{"Gesch\u00e4tzte Lesezeit":"1\u00a0Minute"},"schema":{"@context":"https:\/\/schema.org","@graph":[{"@type":"WebPage","@id":"https:\/\/nature4me.eu\/de\/produkt\/coq10-20mg-plus\/","url":"https:\/\/nature4me.eu\/de\/produkt\/coq10-20mg-plus\/","name":"Super CoQ10 Plus CaliVita - Nature4Me","isPartOf":{"@id":"https:\/\/nature4me.eu\/de\/#website"},"primaryImageOfPage":{"@id":"https:\/\/nature4me.eu\/de\/produkt\/coq10-20mg-plus\/#primaryimage"},"image":{"@id":"https:\/\/nature4me.eu\/de\/produkt\/coq10-20mg-plus\/#primaryimage"},"thumbnailUrl":"https:\/\/nature4me.eu\/wp-content\/uploads\/2018\/03\/Super-CoQ10.png","datePublished":"2021-08-28T06:17:46+00:00","dateModified":"2024-10-22T06:08:14+00:00","description":"Super CoQ10 Komplex im Online Calivita Shop kaufen.","breadcrumb":{"@id":"https:\/\/nature4me.eu\/de\/produkt\/coq10-20mg-plus\/#breadcrumb"},"inLanguage":"de","potentialAction":[{"@type":"ReadAction","target":["https:\/\/nature4me.eu\/de\/produkt\/coq10-20mg-plus\/"]}]},{"@type":"ImageObject","inLanguage":"de","@id":"https:\/\/nature4me.eu\/de\/produkt\/coq10-20mg-plus\/#primaryimage","url":"https:\/\/nature4me.eu\/wp-content\/uploads\/2018\/03\/Super-CoQ10.png","contentUrl":"https:\/\/nature4me.eu\/wp-content\/uploads\/2018\/03\/Super-CoQ10.png","width":200,"height":382},{"@type":"BreadcrumbList","@id":"https:\/\/nature4me.eu\/de\/produkt\/coq10-20mg-plus\/#breadcrumb","itemListElement":[{"@type":"ListItem","position":1,"name":"Po\u010detna stranica","item":"https:\/\/nature4me.eu\/de\/"},{"@type":"ListItem","position":2,"name":"Webshop","item":"https:\/\/nature4me.eu\/de\/shop\/"},{"@type":"ListItem","position":3,"name":"Super CoQ10 Plus (120 kapseln)"}]},{"@type":"WebSite","@id":"https:\/\/nature4me.eu\/de\/#website","url":"https:\/\/nature4me.eu\/de\/","name":"CaliVita Nature4me","description":"CaliVita Nature4me","potentialAction":[{"@type":"SearchAction","target":{"@type":"EntryPoint","urlTemplate":"https:\/\/nature4me.eu\/de\/?s={search_term_string}"},"query-input":{"@type":"PropertyValueSpecification","valueRequired":true,"valueName":"search_term_string"}}],"inLanguage":"de"}]}},"_links":{"self":[{"href":"https:\/\/nature4me.eu\/de\/wp-json\/wp\/v2\/product\/5550","targetHints":{"allow":["GET"]}}],"collection":[{"href":"https:\/\/nature4me.eu\/de\/wp-json\/wp\/v2\/product"}],"about":[{"href":"https:\/\/nature4me.eu\/de\/wp-json\/wp\/v2\/types\/product"}],"replies":[{"embeddable":true,"href":"https:\/\/nature4me.eu\/de\/wp-json\/wp\/v2\/comments?post=5550"}],"wp:featuredmedia":[{"embeddable":true,"href":"https:\/\/nature4me.eu\/de\/wp-json\/wp\/v2\/media\/7177"}],"wp:attachment":[{"href":"https:\/\/nature4me.eu\/de\/wp-json\/wp\/v2\/media?parent=5550"}],"wp:term":[{"taxonomy":"product_brand","embeddable":true,"href":"https:\/\/nature4me.eu\/de\/wp-json\/wp\/v2\/product_brand?post=5550"},{"taxonomy":"product_cat","embeddable":true,"href":"https:\/\/nature4me.eu\/de\/wp-json\/wp\/v2\/product_cat?post=5550"},{"taxonomy":"product_tag","embeddable":true,"href":"https:\/\/nature4me.eu\/de\/wp-json\/wp\/v2\/product_tag?post=5550"}],"curies":[{"name":"wp","href":"https:\/\/api.w.org\/{rel}","templated":true}]}}