{"id":5566,"date":"2018-02-12T14:33:55","date_gmt":"2021-08-28T06:38:54","guid":{"rendered":"https:\/\/nature4me.eu\/?post_type=product&#038;p=5566"},"modified":"2023-02-21T19:18:25","modified_gmt":"2023-02-21T17:18:25","slug":"organicare-deo-roll-on-50-ml","status":"publish","type":"product","link":"https:\/\/nature4me.eu\/de\/produkt\/organicare-deo-roll-on-50-ml\/","title":{"rendered":"OrganiCare Deo Roll-On (50 ml)"},"content":{"rendered":"<div id=\"product-long-decs\">\n<p>OragniCare Deo Roll-On kontrolliert und gleicht den Schwei\u00df aus, st\u00f6rt jedoch nicht die nat\u00fcrlichen Hautfunktionen.<\/p>\n<p>Seine \u00f6kologisch aktiven Inhaltsstoffe wie <strong>Aloe Vera, Lavendel, Oliven\u00f6l, Rosmarin und Zitronenschalenextrakt wirken antibakteriell<\/strong>. Beruhigt und sch\u00fctzt die Haut unter den Achselh\u00f6hlen und gibt Ihnen ein 24-Stunden-Gef\u00fchl von Frische.<\/p>\n<p><strong>Organische Deodorant enth\u00e4lt keine Aluminiumsalze, Parabene oder Alkohol.<\/strong><\/p>\n<\/div>\n","protected":false},"excerpt":{"rendered":"<p><!-- Short Details --><\/p>\n<p>&nbsp;<\/p>\n<p><!-- End Short Details --><\/p>\n","protected":false},"featured_media":7181,"comment_status":"closed","ping_status":"closed","template":"","meta":{"inline_featured_image":false,"_monsterinsights_skip_tracking":false,"_monsterinsights_sitenote_active":false,"_monsterinsights_sitenote_note":"","_monsterinsights_sitenote_category":0},"product_brand":[],"product_cat":[158],"product_tag":[],"class_list":{"0":"post-5566","1":"product","2":"type-product","3":"status-publish","4":"has-post-thumbnail","6":"product_cat-kosmetikprodukte-de","8":"first","9":"instock","10":"taxable","11":"shipping-taxable","12":"purchasable","13":"product-type-simple"},"yoast_head":"<!-- This site is optimized with the Yoast SEO Premium plugin v21.9 (Yoast SEO v26.6) - https:\/\/yoast.com\/wordpress\/plugins\/seo\/ -->\n<title>Organische Deodorant<\/title>\n<meta name=\"description\" content=\"Organische Deodorant\" \/>\n<meta name=\"robots\" content=\"index, follow, max-snippet:-1, max-image-preview:large, max-video-preview:-1\" \/>\n<link rel=\"canonical\" href=\"https:\/\/nature4me.eu\/de\/produkt\/organicare-deo-roll-on-50-ml\/\" \/>\n<meta property=\"og:locale\" content=\"de_DE\" \/>\n<meta property=\"og:type\" content=\"article\" \/>\n<meta property=\"og:title\" content=\"OrganiCare Deo Roll-On (50 ml)\" \/>\n<meta property=\"og:description\" content=\"Organische Deodorant\" \/>\n<meta property=\"og:url\" content=\"https:\/\/nature4me.eu\/de\/produkt\/organicare-deo-roll-on-50-ml\/\" \/>\n<meta property=\"og:site_name\" content=\"CaliVita Nature4me\" \/>\n<meta property=\"article:publisher\" content=\"https:\/\/www.facebook.com\/zdravjeiznarave.eu\" \/>\n<meta property=\"article:modified_time\" content=\"2023-02-21T17:18:25+00:00\" \/>\n<meta property=\"og:image\" content=\"https:\/\/nature4me.eu\/wp-content\/uploads\/2018\/02\/Organicare-Deo-Roll-On-1.png\" \/>\n\t<meta property=\"og:image:width\" content=\"200\" \/>\n\t<meta property=\"og:image:height\" content=\"530\" \/>\n\t<meta property=\"og:image:type\" content=\"image\/png\" \/>\n<meta name=\"twitter:card\" content=\"summary_large_image\" \/>\n<script type=\"application\/ld+json\" class=\"yoast-schema-graph\">{\"@context\":\"https:\/\/schema.org\",\"@graph\":[{\"@type\":\"WebPage\",\"@id\":\"https:\/\/nature4me.eu\/de\/produkt\/organicare-deo-roll-on-50-ml\/\",\"url\":\"https:\/\/nature4me.eu\/de\/produkt\/organicare-deo-roll-on-50-ml\/\",\"name\":\"Organische Deodorant\",\"isPartOf\":{\"@id\":\"https:\/\/nature4me.eu\/de\/#website\"},\"primaryImageOfPage\":{\"@id\":\"https:\/\/nature4me.eu\/de\/produkt\/organicare-deo-roll-on-50-ml\/#primaryimage\"},\"image\":{\"@id\":\"https:\/\/nature4me.eu\/de\/produkt\/organicare-deo-roll-on-50-ml\/#primaryimage\"},\"thumbnailUrl\":\"https:\/\/nature4me.eu\/wp-content\/uploads\/2018\/02\/Organicare-Deo-Roll-On-1.png\",\"datePublished\":\"2021-08-28T06:38:54+00:00\",\"dateModified\":\"2023-02-21T17:18:25+00:00\",\"description\":\"Organische Deodorant\",\"breadcrumb\":{\"@id\":\"https:\/\/nature4me.eu\/de\/produkt\/organicare-deo-roll-on-50-ml\/#breadcrumb\"},\"inLanguage\":\"de\",\"potentialAction\":[{\"@type\":\"ReadAction\",\"target\":[\"https:\/\/nature4me.eu\/de\/produkt\/organicare-deo-roll-on-50-ml\/\"]}]},{\"@type\":\"ImageObject\",\"inLanguage\":\"de\",\"@id\":\"https:\/\/nature4me.eu\/de\/produkt\/organicare-deo-roll-on-50-ml\/#primaryimage\",\"url\":\"https:\/\/nature4me.eu\/wp-content\/uploads\/2018\/02\/Organicare-Deo-Roll-On-1.png\",\"contentUrl\":\"https:\/\/nature4me.eu\/wp-content\/uploads\/2018\/02\/Organicare-Deo-Roll-On-1.png\",\"width\":200,\"height\":530,\"caption\":\"Ekolo\u0161ki dezodorant\"},{\"@type\":\"BreadcrumbList\",\"@id\":\"https:\/\/nature4me.eu\/de\/produkt\/organicare-deo-roll-on-50-ml\/#breadcrumb\",\"itemListElement\":[{\"@type\":\"ListItem\",\"position\":1,\"name\":\"Po\u010detna stranica\",\"item\":\"https:\/\/nature4me.eu\/de\/\"},{\"@type\":\"ListItem\",\"position\":2,\"name\":\"Webshop\",\"item\":\"https:\/\/nature4me.eu\/de\/shop\/\"},{\"@type\":\"ListItem\",\"position\":3,\"name\":\"OrganiCare Deo Roll-On (50 ml)\"}]},{\"@type\":\"WebSite\",\"@id\":\"https:\/\/nature4me.eu\/de\/#website\",\"url\":\"https:\/\/nature4me.eu\/de\/\",\"name\":\"CaliVita Nature4me\",\"description\":\"CaliVita Nature4me\",\"potentialAction\":[{\"@type\":\"SearchAction\",\"target\":{\"@type\":\"EntryPoint\",\"urlTemplate\":\"https:\/\/nature4me.eu\/de\/?s={search_term_string}\"},\"query-input\":{\"@type\":\"PropertyValueSpecification\",\"valueRequired\":true,\"valueName\":\"search_term_string\"}}],\"inLanguage\":\"de\"}]}<\/script>\n<!-- \/ Yoast SEO Premium plugin. -->","yoast_head_json":{"title":"Organische Deodorant","description":"Organische Deodorant","robots":{"index":"index","follow":"follow","max-snippet":"max-snippet:-1","max-image-preview":"max-image-preview:large","max-video-preview":"max-video-preview:-1"},"canonical":"https:\/\/nature4me.eu\/de\/produkt\/organicare-deo-roll-on-50-ml\/","og_locale":"de_DE","og_type":"article","og_title":"OrganiCare Deo Roll-On (50 ml)","og_description":"Organische Deodorant","og_url":"https:\/\/nature4me.eu\/de\/produkt\/organicare-deo-roll-on-50-ml\/","og_site_name":"CaliVita Nature4me","article_publisher":"https:\/\/www.facebook.com\/zdravjeiznarave.eu","article_modified_time":"2023-02-21T17:18:25+00:00","og_image":[{"width":200,"height":530,"url":"https:\/\/nature4me.eu\/wp-content\/uploads\/2018\/02\/Organicare-Deo-Roll-On-1.png","type":"image\/png"}],"twitter_card":"summary_large_image","schema":{"@context":"https:\/\/schema.org","@graph":[{"@type":"WebPage","@id":"https:\/\/nature4me.eu\/de\/produkt\/organicare-deo-roll-on-50-ml\/","url":"https:\/\/nature4me.eu\/de\/produkt\/organicare-deo-roll-on-50-ml\/","name":"Organische Deodorant","isPartOf":{"@id":"https:\/\/nature4me.eu\/de\/#website"},"primaryImageOfPage":{"@id":"https:\/\/nature4me.eu\/de\/produkt\/organicare-deo-roll-on-50-ml\/#primaryimage"},"image":{"@id":"https:\/\/nature4me.eu\/de\/produkt\/organicare-deo-roll-on-50-ml\/#primaryimage"},"thumbnailUrl":"https:\/\/nature4me.eu\/wp-content\/uploads\/2018\/02\/Organicare-Deo-Roll-On-1.png","datePublished":"2021-08-28T06:38:54+00:00","dateModified":"2023-02-21T17:18:25+00:00","description":"Organische Deodorant","breadcrumb":{"@id":"https:\/\/nature4me.eu\/de\/produkt\/organicare-deo-roll-on-50-ml\/#breadcrumb"},"inLanguage":"de","potentialAction":[{"@type":"ReadAction","target":["https:\/\/nature4me.eu\/de\/produkt\/organicare-deo-roll-on-50-ml\/"]}]},{"@type":"ImageObject","inLanguage":"de","@id":"https:\/\/nature4me.eu\/de\/produkt\/organicare-deo-roll-on-50-ml\/#primaryimage","url":"https:\/\/nature4me.eu\/wp-content\/uploads\/2018\/02\/Organicare-Deo-Roll-On-1.png","contentUrl":"https:\/\/nature4me.eu\/wp-content\/uploads\/2018\/02\/Organicare-Deo-Roll-On-1.png","width":200,"height":530,"caption":"Ekolo\u0161ki dezodorant"},{"@type":"BreadcrumbList","@id":"https:\/\/nature4me.eu\/de\/produkt\/organicare-deo-roll-on-50-ml\/#breadcrumb","itemListElement":[{"@type":"ListItem","position":1,"name":"Po\u010detna stranica","item":"https:\/\/nature4me.eu\/de\/"},{"@type":"ListItem","position":2,"name":"Webshop","item":"https:\/\/nature4me.eu\/de\/shop\/"},{"@type":"ListItem","position":3,"name":"OrganiCare Deo Roll-On (50 ml)"}]},{"@type":"WebSite","@id":"https:\/\/nature4me.eu\/de\/#website","url":"https:\/\/nature4me.eu\/de\/","name":"CaliVita Nature4me","description":"CaliVita Nature4me","potentialAction":[{"@type":"SearchAction","target":{"@type":"EntryPoint","urlTemplate":"https:\/\/nature4me.eu\/de\/?s={search_term_string}"},"query-input":{"@type":"PropertyValueSpecification","valueRequired":true,"valueName":"search_term_string"}}],"inLanguage":"de"}]}},"_links":{"self":[{"href":"https:\/\/nature4me.eu\/de\/wp-json\/wp\/v2\/product\/5566","targetHints":{"allow":["GET"]}}],"collection":[{"href":"https:\/\/nature4me.eu\/de\/wp-json\/wp\/v2\/product"}],"about":[{"href":"https:\/\/nature4me.eu\/de\/wp-json\/wp\/v2\/types\/product"}],"replies":[{"embeddable":true,"href":"https:\/\/nature4me.eu\/de\/wp-json\/wp\/v2\/comments?post=5566"}],"wp:featuredmedia":[{"embeddable":true,"href":"https:\/\/nature4me.eu\/de\/wp-json\/wp\/v2\/media\/7181"}],"wp:attachment":[{"href":"https:\/\/nature4me.eu\/de\/wp-json\/wp\/v2\/media?parent=5566"}],"wp:term":[{"taxonomy":"product_brand","embeddable":true,"href":"https:\/\/nature4me.eu\/de\/wp-json\/wp\/v2\/product_brand?post=5566"},{"taxonomy":"product_cat","embeddable":true,"href":"https:\/\/nature4me.eu\/de\/wp-json\/wp\/v2\/product_cat?post=5566"},{"taxonomy":"product_tag","embeddable":true,"href":"https:\/\/nature4me.eu\/de\/wp-json\/wp\/v2\/product_tag?post=5566"}],"curies":[{"name":"wp","href":"https:\/\/api.w.org\/{rel}","templated":true}]}}