{"id":5571,"date":"2018-02-08T08:31:08","date_gmt":"2021-08-28T06:42:37","guid":{"rendered":"https:\/\/nature4me.eu\/?post_type=product&#038;p=5571"},"modified":"2023-02-21T19:18:25","modified_gmt":"2023-02-21T17:18:25","slug":"organicare-anti-ageing-cream-50-ml","status":"publish","type":"product","link":"https:\/\/nature4me.eu\/de\/produkt\/organicare-anti-ageing-cream-50-ml\/","title":{"rendered":"OrganiCare Anti-Ageing Cream (50 ml)"},"content":{"rendered":"<div id=\"product-long-decs\">\n<p>OrganiCare Anti-Ageing Creme verringert die Sichtbarkeit von Falten, befeuchtet und pflegt die Haut von Gesicht, Hals und Dekollet\u00e9.<\/p>\n<p>Seine leichte und angenehme Textur zieht die Haut nach der ersten Anwendung schnell ein und spannt sie sichtbar an.<\/p>\n<p>Das Geheimnis liegt in einer einzigartigen Kombination aus <strong>nat\u00fcrlicher Hyalurons\u00e4ure und Bio-Kr\u00e4utern wie Aloe <\/strong><strong>Vera, Oliven\u00f6l, Mandel\u00f6l, Sheabutter und Jojoba\u00f6l<\/strong>.<\/p>\n<\/div>\n<div class=\"quotes\">Vir:How to Use Oral and Topical Cosmeceuticals to Prevent and Treat Skin Aging. &#8211; Baumann L., Facial Plast Surg Clin North Am. 2018 Nov;26(4):407-413<br \/>\nUse of silicon for skin and hair care: an approach of chemical forms available and efficacy &#8211; Lidiane Advincula de Ara\u00fajo et al., An Bras Dermatol. 2016;91(3):331-5.<br \/>\nDietary compound ellagic acid alleviates skin wrinkle and inflammation induced by UV-B irradiation &#8211; Bae JY et al, Exp Dermatol. 2010 Aug;19(8):e182-90.<\/div>\n","protected":false},"excerpt":{"rendered":"<p><!-- Short Details --><\/p>\n<p>&nbsp;<\/p>\n<p><!-- End Short Details --><\/p>\n","protected":false},"featured_media":7185,"comment_status":"closed","ping_status":"closed","template":"","meta":{"inline_featured_image":false,"_monsterinsights_skip_tracking":false,"_monsterinsights_sitenote_active":false,"_monsterinsights_sitenote_note":"","_monsterinsights_sitenote_category":0},"product_brand":[],"product_cat":[158],"product_tag":[],"class_list":{"0":"post-5571","1":"product","2":"type-product","3":"status-publish","4":"has-post-thumbnail","6":"product_cat-kosmetikprodukte-de","8":"first","9":"instock","10":"taxable","11":"shipping-taxable","12":"purchasable","13":"product-type-simple"},"yoast_head":"<!-- This site is optimized with the Yoast SEO Premium plugin v21.9 (Yoast SEO v26.6) - https:\/\/yoast.com\/wordpress\/plugins\/seo\/ -->\n<title>Organic Anti-Ageing Cream<\/title>\n<meta name=\"robots\" content=\"index, follow, max-snippet:-1, max-image-preview:large, max-video-preview:-1\" \/>\n<link rel=\"canonical\" href=\"https:\/\/nature4me.eu\/de\/produkt\/organicare-anti-ageing-cream-50-ml\/\" \/>\n<meta property=\"og:locale\" content=\"de_DE\" \/>\n<meta property=\"og:type\" content=\"article\" \/>\n<meta property=\"og:title\" content=\"OrganiCare Anti-Ageing Cream (50 ml)\" \/>\n<meta property=\"og:description\" content=\"&nbsp;\" \/>\n<meta property=\"og:url\" content=\"https:\/\/nature4me.eu\/de\/produkt\/organicare-anti-ageing-cream-50-ml\/\" \/>\n<meta property=\"og:site_name\" content=\"CaliVita Nature4me\" \/>\n<meta property=\"article:publisher\" content=\"https:\/\/www.facebook.com\/zdravjeiznarave.eu\" \/>\n<meta property=\"article:modified_time\" content=\"2023-02-21T17:18:25+00:00\" \/>\n<meta property=\"og:image\" content=\"https:\/\/zdravjeiznarave.eu\/skin\/uploads\/Krema-proti-staranju-1.png\" \/>\n<meta name=\"twitter:card\" content=\"summary_large_image\" \/>\n<meta name=\"twitter:label1\" content=\"Gesch\u00e4tzte Lesezeit\" \/>\n\t<meta name=\"twitter:data1\" content=\"1\u00a0Minute\" \/>\n<script type=\"application\/ld+json\" class=\"yoast-schema-graph\">{\"@context\":\"https:\/\/schema.org\",\"@graph\":[{\"@type\":\"WebPage\",\"@id\":\"https:\/\/nature4me.eu\/de\/produkt\/organicare-anti-ageing-cream-50-ml\/\",\"url\":\"https:\/\/nature4me.eu\/de\/produkt\/organicare-anti-ageing-cream-50-ml\/\",\"name\":\"Organic Anti-Ageing Cream\",\"isPartOf\":{\"@id\":\"https:\/\/nature4me.eu\/de\/#website\"},\"primaryImageOfPage\":{\"@id\":\"https:\/\/nature4me.eu\/de\/produkt\/organicare-anti-ageing-cream-50-ml\/#primaryimage\"},\"image\":{\"@id\":\"https:\/\/nature4me.eu\/de\/produkt\/organicare-anti-ageing-cream-50-ml\/#primaryimage\"},\"thumbnailUrl\":\"https:\/\/nature4me.eu\/wp-content\/uploads\/2018\/02\/Anti-ageing-cream-1.png\",\"datePublished\":\"2021-08-28T06:42:37+00:00\",\"dateModified\":\"2023-02-21T17:18:25+00:00\",\"breadcrumb\":{\"@id\":\"https:\/\/nature4me.eu\/de\/produkt\/organicare-anti-ageing-cream-50-ml\/#breadcrumb\"},\"inLanguage\":\"de\",\"potentialAction\":[{\"@type\":\"ReadAction\",\"target\":[\"https:\/\/nature4me.eu\/de\/produkt\/organicare-anti-ageing-cream-50-ml\/\"]}]},{\"@type\":\"ImageObject\",\"inLanguage\":\"de\",\"@id\":\"https:\/\/nature4me.eu\/de\/produkt\/organicare-anti-ageing-cream-50-ml\/#primaryimage\",\"url\":\"https:\/\/nature4me.eu\/wp-content\/uploads\/2018\/02\/Anti-ageing-cream-1.png\",\"contentUrl\":\"https:\/\/nature4me.eu\/wp-content\/uploads\/2018\/02\/Anti-ageing-cream-1.png\",\"width\":200,\"height\":1071,\"caption\":\"Krema proti staranju\"},{\"@type\":\"BreadcrumbList\",\"@id\":\"https:\/\/nature4me.eu\/de\/produkt\/organicare-anti-ageing-cream-50-ml\/#breadcrumb\",\"itemListElement\":[{\"@type\":\"ListItem\",\"position\":1,\"name\":\"Po\u010detna stranica\",\"item\":\"https:\/\/nature4me.eu\/de\/\"},{\"@type\":\"ListItem\",\"position\":2,\"name\":\"Webshop\",\"item\":\"https:\/\/nature4me.eu\/de\/shop\/\"},{\"@type\":\"ListItem\",\"position\":3,\"name\":\"OrganiCare Anti-Ageing Cream (50 ml)\"}]},{\"@type\":\"WebSite\",\"@id\":\"https:\/\/nature4me.eu\/de\/#website\",\"url\":\"https:\/\/nature4me.eu\/de\/\",\"name\":\"CaliVita Nature4me\",\"description\":\"CaliVita Nature4me\",\"potentialAction\":[{\"@type\":\"SearchAction\",\"target\":{\"@type\":\"EntryPoint\",\"urlTemplate\":\"https:\/\/nature4me.eu\/de\/?s={search_term_string}\"},\"query-input\":{\"@type\":\"PropertyValueSpecification\",\"valueRequired\":true,\"valueName\":\"search_term_string\"}}],\"inLanguage\":\"de\"}]}<\/script>\n<!-- \/ Yoast SEO Premium plugin. -->","yoast_head_json":{"title":"Organic Anti-Ageing Cream","robots":{"index":"index","follow":"follow","max-snippet":"max-snippet:-1","max-image-preview":"max-image-preview:large","max-video-preview":"max-video-preview:-1"},"canonical":"https:\/\/nature4me.eu\/de\/produkt\/organicare-anti-ageing-cream-50-ml\/","og_locale":"de_DE","og_type":"article","og_title":"OrganiCare Anti-Ageing Cream (50 ml)","og_description":"&nbsp;","og_url":"https:\/\/nature4me.eu\/de\/produkt\/organicare-anti-ageing-cream-50-ml\/","og_site_name":"CaliVita Nature4me","article_publisher":"https:\/\/www.facebook.com\/zdravjeiznarave.eu","article_modified_time":"2023-02-21T17:18:25+00:00","og_image":[{"url":"https:\/\/zdravjeiznarave.eu\/skin\/uploads\/Krema-proti-staranju-1.png","type":"","width":"","height":""}],"twitter_card":"summary_large_image","twitter_misc":{"Gesch\u00e4tzte Lesezeit":"1\u00a0Minute"},"schema":{"@context":"https:\/\/schema.org","@graph":[{"@type":"WebPage","@id":"https:\/\/nature4me.eu\/de\/produkt\/organicare-anti-ageing-cream-50-ml\/","url":"https:\/\/nature4me.eu\/de\/produkt\/organicare-anti-ageing-cream-50-ml\/","name":"Organic Anti-Ageing Cream","isPartOf":{"@id":"https:\/\/nature4me.eu\/de\/#website"},"primaryImageOfPage":{"@id":"https:\/\/nature4me.eu\/de\/produkt\/organicare-anti-ageing-cream-50-ml\/#primaryimage"},"image":{"@id":"https:\/\/nature4me.eu\/de\/produkt\/organicare-anti-ageing-cream-50-ml\/#primaryimage"},"thumbnailUrl":"https:\/\/nature4me.eu\/wp-content\/uploads\/2018\/02\/Anti-ageing-cream-1.png","datePublished":"2021-08-28T06:42:37+00:00","dateModified":"2023-02-21T17:18:25+00:00","breadcrumb":{"@id":"https:\/\/nature4me.eu\/de\/produkt\/organicare-anti-ageing-cream-50-ml\/#breadcrumb"},"inLanguage":"de","potentialAction":[{"@type":"ReadAction","target":["https:\/\/nature4me.eu\/de\/produkt\/organicare-anti-ageing-cream-50-ml\/"]}]},{"@type":"ImageObject","inLanguage":"de","@id":"https:\/\/nature4me.eu\/de\/produkt\/organicare-anti-ageing-cream-50-ml\/#primaryimage","url":"https:\/\/nature4me.eu\/wp-content\/uploads\/2018\/02\/Anti-ageing-cream-1.png","contentUrl":"https:\/\/nature4me.eu\/wp-content\/uploads\/2018\/02\/Anti-ageing-cream-1.png","width":200,"height":1071,"caption":"Krema proti staranju"},{"@type":"BreadcrumbList","@id":"https:\/\/nature4me.eu\/de\/produkt\/organicare-anti-ageing-cream-50-ml\/#breadcrumb","itemListElement":[{"@type":"ListItem","position":1,"name":"Po\u010detna stranica","item":"https:\/\/nature4me.eu\/de\/"},{"@type":"ListItem","position":2,"name":"Webshop","item":"https:\/\/nature4me.eu\/de\/shop\/"},{"@type":"ListItem","position":3,"name":"OrganiCare Anti-Ageing Cream (50 ml)"}]},{"@type":"WebSite","@id":"https:\/\/nature4me.eu\/de\/#website","url":"https:\/\/nature4me.eu\/de\/","name":"CaliVita Nature4me","description":"CaliVita Nature4me","potentialAction":[{"@type":"SearchAction","target":{"@type":"EntryPoint","urlTemplate":"https:\/\/nature4me.eu\/de\/?s={search_term_string}"},"query-input":{"@type":"PropertyValueSpecification","valueRequired":true,"valueName":"search_term_string"}}],"inLanguage":"de"}]}},"_links":{"self":[{"href":"https:\/\/nature4me.eu\/de\/wp-json\/wp\/v2\/product\/5571","targetHints":{"allow":["GET"]}}],"collection":[{"href":"https:\/\/nature4me.eu\/de\/wp-json\/wp\/v2\/product"}],"about":[{"href":"https:\/\/nature4me.eu\/de\/wp-json\/wp\/v2\/types\/product"}],"replies":[{"embeddable":true,"href":"https:\/\/nature4me.eu\/de\/wp-json\/wp\/v2\/comments?post=5571"}],"wp:featuredmedia":[{"embeddable":true,"href":"https:\/\/nature4me.eu\/de\/wp-json\/wp\/v2\/media\/7185"}],"wp:attachment":[{"href":"https:\/\/nature4me.eu\/de\/wp-json\/wp\/v2\/media?parent=5571"}],"wp:term":[{"taxonomy":"product_brand","embeddable":true,"href":"https:\/\/nature4me.eu\/de\/wp-json\/wp\/v2\/product_brand?post=5571"},{"taxonomy":"product_cat","embeddable":true,"href":"https:\/\/nature4me.eu\/de\/wp-json\/wp\/v2\/product_cat?post=5571"},{"taxonomy":"product_tag","embeddable":true,"href":"https:\/\/nature4me.eu\/de\/wp-json\/wp\/v2\/product_tag?post=5571"}],"curies":[{"name":"wp","href":"https:\/\/api.w.org\/{rel}","templated":true}]}}