{"id":5573,"date":"2017-11-03T09:08:40","date_gmt":"2021-08-28T06:46:35","guid":{"rendered":"https:\/\/nature4me.eu\/?post_type=product&#038;p=5573"},"modified":"2022-02-20T17:24:11","modified_gmt":"2022-02-20T15:24:11","slug":"ac-zymes-plus","status":"publish","type":"product","link":"https:\/\/nature4me.eu\/de\/produkt\/ac-zymes-plus\/","title":{"rendered":"Ac-Zymes Plus (60 Kapseln)"},"content":{"rendered":"<div id=\"product-long-decs\">\n<p>Das AC-Zymes Plus ist ein <strong>Probiotika und <span class=\"st\"> Pr\u00e4biotika<\/span><\/strong>, dass Lactobacillus acidophilus in gro\u00dfer Menge enth\u00e4lt.<\/p>\n<p>AC Zymes Plus enth\u00e4lt probiotische Bakterien von sechs verschiedenen Bakterienkulturen, es enthalten 6 Miliarden Keime probiotische Bakterien sowie die Pr\u00e4biotika, die ihr Wachstum unterst\u00fctzen. Fasern, die als Nahrungsquelle f\u00fcr Darmbakterien dienen und deren Wachstum und \u00dcberleben im Darm als Voraussetzung f\u00fcr die Gesundheit des D\u00fcnn und Dickdarms f\u00f6rdern.<\/p>\n<p>Das Lb. acidophilus ist ein besonders widerstandsf\u00e4higeres, n\u00fctzliches Bakterium, das das gesunde Darmsystem f\u00f6rdert, die t\u00e4glich sich entleerenden probiotischen Zellen ersetzt, an der Funktion des Immunsystems teilnimmt. <strong>Mit seiner Hilfe kann die normale Bakteriumsflora des Nahrungskanals gesch\u00fctzt werden, so k\u00f6nnen wir die gesunde Funktion unseres Verdauungssystems wirksam unterst\u00fctzen<\/strong>.<\/p>\n<h5>Wem und wozu empfehlen wir es:<\/h5>\n<ul>\n<li>W\u00e4hrend\/Nach einer Kur, zur Vorbeugung der sch\u00e4dlichen Wirkung auf die Darmflora von regelm\u00e4\u00dfig eingenommenen Medikamenten,<\/li>\n<li>zur Erg\u00e4nzung einer Behandlung von tief reichenden Infektionen (bei dermatologischen, gyn\u00e4kologischen Problemen),<\/li>\n<li>bei Verdauungsproblemen wegen Stress,<\/li>\n<li>zur erg\u00e4nzenden Behandlung von Magenverstimmung, Durchfall,<\/li>\n<li>zur Vorbeugung der sch\u00e4dlichen Wirkung auf die Darmflora von Alkohol, Rauchen,<\/li>\n<li>das Acidophilus mit Flohsamen auch bei Stuhlverstopfung.<\/li>\n<\/ul>\n<\/div>\n<p><!-- Product Specification --><\/p>\n<table class=\"product_details_body\" border=\"0\" width=\"500\" cellspacing=\"0\" align=\"center\" bgcolor=\"#7CDB8B\">\n<tbody>\n<tr bgcolor=\"\">\n<td height=\"20\"><u>Wirkstoffe\/Kapsel:<\/u><\/td>\n<td width=\"100\"><span class=\"pvdecla\">(View Declaration)<\/span><\/td>\n<td width=\"70\"><span class=\"pd-rda\">*RDA:<\/span><\/td>\n<\/tr>\n<tr>\n<td>Probiotische Kulture: Lactobacillus acidophilus, Lactobacillus bulgaricus, Lactobacillus plantarum, Lactobacillus rhamnosus, Bifidobacterium longum, Bifidobacterium breve<\/td>\n<td>6 bilion**<\/td>\n<td><\/td>\n<\/tr>\n<tr>\n<td>Fructo-Oligosaccharide (FOS)<\/td>\n<td>200 mg<\/td>\n<td><\/td>\n<\/tr>\n<tr>\n<td colspan=\"3\" height=\"10\"><\/td>\n<\/tr>\n<tr bgcolor=\"\">\n<td colspan=\"3\" height=\"20\"><u>Dosierung: *RDA:<\/u><\/td>\n<\/tr>\n<tr>\n<td colspan=\"3\" align=\"center\" height=\"15\">1 Kapsel t\u00e4glich.<\/td>\n<\/tr>\n<tr bgcolor=\"\">\n<td colspan=\"3\" height=\"20\"><u>Andere Zutaten:<\/u><\/td>\n<\/tr>\n<tr>\n<td colspan=\"3\" height=\"10\">Andere Zutaten: Gelatine, mikrokristalline Cellulose, Fetts\u00e4uren, Magnesiumstearat.<\/td>\n<\/tr>\n<tr>\n<td colspan=\"3\" height=\"10\"><\/td>\n<\/tr>\n<\/tbody>\n<\/table>\n<p><!-- End Product Specification --><\/p>\n<p>KoagKag approval number: 4340-1119-4872<br \/>\n<!-- Product Declaration --><\/p>\n<div id=\"product-declaration-title\">Nahrungserg\u00e4nzungsmittel<\/div>\n<div class=\"prod-declaration\">\n<div class=\"declar-txt\">\n<p>Achtung! Beim Durchfall sollen die allgemeinen Hinweise (viel Fl\u00fcssigkeitskonsum) auch eingehalten werden. Bei schweren Magen-Darm-Krankheiten (z. B. Geschw\u00fcre,Darmentz\u00fcndungen) sollen Sie vor der Verwendung Ihren behandelnden Arzt konsultieren!<br \/>\n** im Zeitpunkt der Herstellung<\/p>\n<p>(* RDA = Tageswert) Die empfohlenen Tagesmengen sollten nicht \u00fcberschritten werden. Das Nahrungserg\u00e4nzungsmittel ist kein Ersatz f\u00fcr eine ausgewogene und abwechslungsreiche Ern\u00e4hrung. Au\u00dferhalb der Reichweite von Kindern aufbewahren.<\/p>\n<\/div>\n<\/div>\n<p><!-- End Product Declaration --><\/p>\n<div class=\"\u201cquotes\u201c\">\n<p>\u201cDer Tod lauert im Darm\u201d &#8211; das Sprichwort, das Hippokrates zugeschrieben wird, es enth\u00fcllt, wie viel die Medizin schon mit dem menschlichen K\u00f6rper vor zweitausend Jahren vertraut war. Die Bedeutung des Darms f\u00fcr die Gesundheit wird auch heute Tag f\u00fcr Tag best\u00e4tigt. Es ist zu bedenken, dass die Eingeweide &#8211; durch die Nahrung, in die wir eintreten &#8211; fast in direktem Kontakt mit der Au\u00dfenwelt stehen und besonderen Schutz ben\u00f6tigen. Wenn das Gewebe gesund ist, nimmt es Vitamine, Wasser und N\u00e4hrstoffe auf und l\u00e4sst keine sch\u00e4dlichen Substanzen in die Blutbahn gelangen. Das Gleichgewicht zwischen der Darmflora ist empfindlich f\u00fcr Angriffe, die von au\u00dfen kommen, und kann leicht durch den negativen Einfluss von Medikamenteneinnahme, Rauchen, Alkoholkonsum, Stress, Zusatzstoffen usw. beeintr\u00e4chtigt werden. Probiotische Bakterien wie Lactobacillus acidophilus, die in den Pr\u00e4paraten Ac-Zymes und Acidophillus enthalten sind, helfen dem Immunsystem, sich vor Krankheitserregern.Survival and therapeutic potential of probiotics organisms with reference to Lactobacillus acidophilus and Bifidobacterium spp. \u2013 K. Kailasapathy, J. Chin Immunology and Cell Biology (2000) 78, 80-88<\/p>\n<\/div>\n","protected":false},"excerpt":{"rendered":"<p><!-- Short Details --><\/p>\n<div class=\"short-product-desc\">\n<h3>Probiotika und <span class=\"st\">Pr\u00e4biotika<\/span><\/h3>\n<\/div>\n<div class=\"short-product-desc-txt\">AC-Zymes PLUS enth\u00e4lt <strong>6 Milliarden aktive probiotische<\/strong> Bakterien in einer Kapsel und 6 Arten, die den D\u00fcnn und Dickdarm besiedeln &#8211; Lactobacillus acidophilus, Lactobacillus bulgaricus, Lactobacillus plantarum, Lactobacillus rhamnosus, Bifidobacterium longum und Bifidobacterium breve. <strong><span class=\"st\">Probiotika und Pr\u00e4biotika sollen den Aufbau einer gesunden Darmflora unterst\u00fctze<\/span><\/strong>.<\/div>\n<p><!-- End Short Details --><\/p>\n","protected":false},"featured_media":7194,"comment_status":"closed","ping_status":"closed","template":"","meta":{"inline_featured_image":false,"_monsterinsights_skip_tracking":false,"_monsterinsights_sitenote_active":false,"_monsterinsights_sitenote_note":"","_monsterinsights_sitenote_category":0},"product_brand":[],"product_cat":[165,175],"product_tag":[],"class_list":{"0":"post-5573","1":"product","2":"type-product","3":"status-publish","4":"has-post-thumbnail","6":"product_cat-fuer-bessere-verdauung-de","7":"product_cat-meistverkaufte-produkte","9":"first","10":"instock","11":"featured","12":"taxable","13":"shipping-taxable","14":"purchasable","15":"product-type-simple"},"yoast_head":"<!-- This site is optimized with the Yoast SEO Premium plugin v21.9 (Yoast SEO v26.6) - https:\/\/yoast.com\/wordpress\/plugins\/seo\/ -->\n<title>Ac Zymes Plus CaliVita - Nature4Me<\/title>\n<meta name=\"description\" content=\"Ac Zymes Plus Probiotika und Pr\u00e4biotika 60 Kapseln im Online Web Shop CaliVita Nature4me. Ac Zymes Plus has 6 billion Probiotische Kulture.\" \/>\n<meta name=\"robots\" content=\"index, follow, max-snippet:-1, max-image-preview:large, max-video-preview:-1\" \/>\n<link rel=\"canonical\" href=\"https:\/\/nature4me.eu\/de\/produkt\/ac-zymes-plus\/\" \/>\n<meta property=\"og:locale\" content=\"de_DE\" \/>\n<meta property=\"og:type\" content=\"article\" \/>\n<meta property=\"og:title\" content=\"Ac-Zymes Plus (60 Kapseln)\" \/>\n<meta property=\"og:description\" content=\"Ac Zymes Plus Probiotika und Pr\u00e4biotika 60 Kapseln im Online Web Shop CaliVita Nature4me. Ac Zymes Plus has 6 billion Probiotische Kulture.\" \/>\n<meta property=\"og:url\" content=\"https:\/\/nature4me.eu\/de\/produkt\/ac-zymes-plus\/\" \/>\n<meta property=\"og:site_name\" content=\"CaliVita Nature4me\" \/>\n<meta property=\"article:publisher\" content=\"https:\/\/www.facebook.com\/zdravjeiznarave.eu\" \/>\n<meta property=\"article:modified_time\" content=\"2022-02-20T15:24:11+00:00\" \/>\n<meta property=\"og:image\" content=\"https:\/\/nature4me.eu\/wp-content\/uploads\/2017\/11\/AC-Zymes-Plus-1.png\" \/>\n\t<meta property=\"og:image:width\" content=\"332\" \/>\n\t<meta property=\"og:image:height\" content=\"600\" \/>\n\t<meta property=\"og:image:type\" content=\"image\/png\" \/>\n<meta name=\"twitter:card\" content=\"summary_large_image\" \/>\n<meta name=\"twitter:label1\" content=\"Gesch\u00e4tzte Lesezeit\" \/>\n\t<meta name=\"twitter:data1\" content=\"2\u00a0Minuten\" \/>\n<script type=\"application\/ld+json\" class=\"yoast-schema-graph\">{\"@context\":\"https:\/\/schema.org\",\"@graph\":[{\"@type\":\"WebPage\",\"@id\":\"https:\/\/nature4me.eu\/de\/produkt\/ac-zymes-plus\/\",\"url\":\"https:\/\/nature4me.eu\/de\/produkt\/ac-zymes-plus\/\",\"name\":\"Ac Zymes Plus CaliVita - Nature4Me\",\"isPartOf\":{\"@id\":\"https:\/\/nature4me.eu\/de\/#website\"},\"primaryImageOfPage\":{\"@id\":\"https:\/\/nature4me.eu\/de\/produkt\/ac-zymes-plus\/#primaryimage\"},\"image\":{\"@id\":\"https:\/\/nature4me.eu\/de\/produkt\/ac-zymes-plus\/#primaryimage\"},\"thumbnailUrl\":\"https:\/\/nature4me.eu\/wp-content\/uploads\/2017\/11\/AC-Zymes-Plus-1.png\",\"datePublished\":\"2021-08-28T06:46:35+00:00\",\"dateModified\":\"2022-02-20T15:24:11+00:00\",\"description\":\"Ac Zymes Plus Probiotika und Pr\u00e4biotika 60 Kapseln im Online Web Shop CaliVita Nature4me. Ac Zymes Plus has 6 billion Probiotische Kulture.\",\"breadcrumb\":{\"@id\":\"https:\/\/nature4me.eu\/de\/produkt\/ac-zymes-plus\/#breadcrumb\"},\"inLanguage\":\"de\",\"potentialAction\":[{\"@type\":\"ReadAction\",\"target\":[\"https:\/\/nature4me.eu\/de\/produkt\/ac-zymes-plus\/\"]}]},{\"@type\":\"ImageObject\",\"inLanguage\":\"de\",\"@id\":\"https:\/\/nature4me.eu\/de\/produkt\/ac-zymes-plus\/#primaryimage\",\"url\":\"https:\/\/nature4me.eu\/wp-content\/uploads\/2017\/11\/AC-Zymes-Plus-1.png\",\"contentUrl\":\"https:\/\/nature4me.eu\/wp-content\/uploads\/2017\/11\/AC-Zymes-Plus-1.png\",\"width\":332,\"height\":600,\"caption\":\"pre in probiotiki\"},{\"@type\":\"BreadcrumbList\",\"@id\":\"https:\/\/nature4me.eu\/de\/produkt\/ac-zymes-plus\/#breadcrumb\",\"itemListElement\":[{\"@type\":\"ListItem\",\"position\":1,\"name\":\"Po\u010detna stranica\",\"item\":\"https:\/\/nature4me.eu\/de\/\"},{\"@type\":\"ListItem\",\"position\":2,\"name\":\"Webshop\",\"item\":\"https:\/\/nature4me.eu\/de\/shop\/\"},{\"@type\":\"ListItem\",\"position\":3,\"name\":\"Ac-Zymes Plus (60 Kapseln)\"}]},{\"@type\":\"WebSite\",\"@id\":\"https:\/\/nature4me.eu\/de\/#website\",\"url\":\"https:\/\/nature4me.eu\/de\/\",\"name\":\"CaliVita Nature4me\",\"description\":\"CaliVita Nature4me\",\"potentialAction\":[{\"@type\":\"SearchAction\",\"target\":{\"@type\":\"EntryPoint\",\"urlTemplate\":\"https:\/\/nature4me.eu\/de\/?s={search_term_string}\"},\"query-input\":{\"@type\":\"PropertyValueSpecification\",\"valueRequired\":true,\"valueName\":\"search_term_string\"}}],\"inLanguage\":\"de\"}]}<\/script>\n<!-- \/ Yoast SEO Premium plugin. -->","yoast_head_json":{"title":"Ac Zymes Plus CaliVita - Nature4Me","description":"Ac Zymes Plus Probiotika und Pr\u00e4biotika 60 Kapseln im Online Web Shop CaliVita Nature4me. Ac Zymes Plus has 6 billion Probiotische Kulture.","robots":{"index":"index","follow":"follow","max-snippet":"max-snippet:-1","max-image-preview":"max-image-preview:large","max-video-preview":"max-video-preview:-1"},"canonical":"https:\/\/nature4me.eu\/de\/produkt\/ac-zymes-plus\/","og_locale":"de_DE","og_type":"article","og_title":"Ac-Zymes Plus (60 Kapseln)","og_description":"Ac Zymes Plus Probiotika und Pr\u00e4biotika 60 Kapseln im Online Web Shop CaliVita Nature4me. Ac Zymes Plus has 6 billion Probiotische Kulture.","og_url":"https:\/\/nature4me.eu\/de\/produkt\/ac-zymes-plus\/","og_site_name":"CaliVita Nature4me","article_publisher":"https:\/\/www.facebook.com\/zdravjeiznarave.eu","article_modified_time":"2022-02-20T15:24:11+00:00","og_image":[{"width":332,"height":600,"url":"https:\/\/nature4me.eu\/wp-content\/uploads\/2017\/11\/AC-Zymes-Plus-1.png","type":"image\/png"}],"twitter_card":"summary_large_image","twitter_misc":{"Gesch\u00e4tzte Lesezeit":"2\u00a0Minuten"},"schema":{"@context":"https:\/\/schema.org","@graph":[{"@type":"WebPage","@id":"https:\/\/nature4me.eu\/de\/produkt\/ac-zymes-plus\/","url":"https:\/\/nature4me.eu\/de\/produkt\/ac-zymes-plus\/","name":"Ac Zymes Plus CaliVita - Nature4Me","isPartOf":{"@id":"https:\/\/nature4me.eu\/de\/#website"},"primaryImageOfPage":{"@id":"https:\/\/nature4me.eu\/de\/produkt\/ac-zymes-plus\/#primaryimage"},"image":{"@id":"https:\/\/nature4me.eu\/de\/produkt\/ac-zymes-plus\/#primaryimage"},"thumbnailUrl":"https:\/\/nature4me.eu\/wp-content\/uploads\/2017\/11\/AC-Zymes-Plus-1.png","datePublished":"2021-08-28T06:46:35+00:00","dateModified":"2022-02-20T15:24:11+00:00","description":"Ac Zymes Plus Probiotika und Pr\u00e4biotika 60 Kapseln im Online Web Shop CaliVita Nature4me. Ac Zymes Plus has 6 billion Probiotische Kulture.","breadcrumb":{"@id":"https:\/\/nature4me.eu\/de\/produkt\/ac-zymes-plus\/#breadcrumb"},"inLanguage":"de","potentialAction":[{"@type":"ReadAction","target":["https:\/\/nature4me.eu\/de\/produkt\/ac-zymes-plus\/"]}]},{"@type":"ImageObject","inLanguage":"de","@id":"https:\/\/nature4me.eu\/de\/produkt\/ac-zymes-plus\/#primaryimage","url":"https:\/\/nature4me.eu\/wp-content\/uploads\/2017\/11\/AC-Zymes-Plus-1.png","contentUrl":"https:\/\/nature4me.eu\/wp-content\/uploads\/2017\/11\/AC-Zymes-Plus-1.png","width":332,"height":600,"caption":"pre in probiotiki"},{"@type":"BreadcrumbList","@id":"https:\/\/nature4me.eu\/de\/produkt\/ac-zymes-plus\/#breadcrumb","itemListElement":[{"@type":"ListItem","position":1,"name":"Po\u010detna stranica","item":"https:\/\/nature4me.eu\/de\/"},{"@type":"ListItem","position":2,"name":"Webshop","item":"https:\/\/nature4me.eu\/de\/shop\/"},{"@type":"ListItem","position":3,"name":"Ac-Zymes Plus (60 Kapseln)"}]},{"@type":"WebSite","@id":"https:\/\/nature4me.eu\/de\/#website","url":"https:\/\/nature4me.eu\/de\/","name":"CaliVita Nature4me","description":"CaliVita Nature4me","potentialAction":[{"@type":"SearchAction","target":{"@type":"EntryPoint","urlTemplate":"https:\/\/nature4me.eu\/de\/?s={search_term_string}"},"query-input":{"@type":"PropertyValueSpecification","valueRequired":true,"valueName":"search_term_string"}}],"inLanguage":"de"}]}},"_links":{"self":[{"href":"https:\/\/nature4me.eu\/de\/wp-json\/wp\/v2\/product\/5573","targetHints":{"allow":["GET"]}}],"collection":[{"href":"https:\/\/nature4me.eu\/de\/wp-json\/wp\/v2\/product"}],"about":[{"href":"https:\/\/nature4me.eu\/de\/wp-json\/wp\/v2\/types\/product"}],"replies":[{"embeddable":true,"href":"https:\/\/nature4me.eu\/de\/wp-json\/wp\/v2\/comments?post=5573"}],"wp:featuredmedia":[{"embeddable":true,"href":"https:\/\/nature4me.eu\/de\/wp-json\/wp\/v2\/media\/7194"}],"wp:attachment":[{"href":"https:\/\/nature4me.eu\/de\/wp-json\/wp\/v2\/media?parent=5573"}],"wp:term":[{"taxonomy":"product_brand","embeddable":true,"href":"https:\/\/nature4me.eu\/de\/wp-json\/wp\/v2\/product_brand?post=5573"},{"taxonomy":"product_cat","embeddable":true,"href":"https:\/\/nature4me.eu\/de\/wp-json\/wp\/v2\/product_cat?post=5573"},{"taxonomy":"product_tag","embeddable":true,"href":"https:\/\/nature4me.eu\/de\/wp-json\/wp\/v2\/product_tag?post=5573"}],"curies":[{"name":"wp","href":"https:\/\/api.w.org\/{rel}","templated":true}]}}