{"id":5574,"date":"2017-03-24T10:36:51","date_gmt":"2021-08-28T06:54:13","guid":{"rendered":"https:\/\/nature4me.eu\/?post_type=product&#038;p=5574"},"modified":"2021-12-02T15:00:34","modified_gmt":"2021-12-02T13:00:34","slug":"shake-one-pure-30-gr","status":"publish","type":"product","link":"https:\/\/nature4me.eu\/de\/produkt\/shake-one-pure-30-gr\/","title":{"rendered":"Shake One Pure (30 gr)"},"content":{"rendered":"<p><!-- Product Specification --><\/p>\n<div id=\"wmark\">\n<div class=\"wmark-bckg\">zdravjeiznarave.eu<\/div>\n<\/div>\n<table class=\"product_details_body\" border=\"0\" width=\"500\" cellspacing=\"0\" align=\"center\" bgcolor=\"#7CDB8B\">\n<tbody>\n<tr bgcolor=\"#3c8b47\">\n<td height=\"20\"><u> Wirkstoffe<\/u><\/td>\n<td width=\"100\"><\/td>\n<td width=\"70\"><span class=\"pd-rda\">*RDA:<\/span><\/td>\n<\/tr>\n<tr>\n<td>Calcium (Calcium Carbonate)<\/td>\n<td>666 mg<\/td>\n<td>25%<\/td>\n<\/tr>\n<tr>\n<td>Zinc (Zinc Oxide)<\/td>\n<td>25 mg<\/td>\n<td>100%<\/td>\n<\/tr>\n<tr>\n<td>Chromium (Chromium Picolinate)<\/td>\n<td>200 mcg<\/td>\n<td>500%<\/td>\n<\/tr>\n<tr>\n<td>Selenium (Sodium Selenite)<\/td>\n<td>40 mcg<\/td>\n<td>73%<\/td>\n<\/tr>\n<tr>\n<td>Inulin<\/td>\n<td>200 mg<\/td>\n<td><\/td>\n<\/tr>\n<tr>\n<td>Acai Berry (Euterpe oleracea) fruit extract 4:1<\/td>\n<td>100 mg<\/td>\n<td><\/td>\n<\/tr>\n<tr>\n<td>Vitamin C (L-Ascorbic Acid)<\/td>\n<td>30 mg<\/td>\n<td>38%<\/td>\n<\/tr>\n<tr>\n<td>Vitamin E (D-\u03b1-Tocopherol)<\/td>\n<td>10 mg<\/td>\n<td>83%<\/td>\n<\/tr>\n<tr>\n<td>Vitamin B3 (Nicotinamide)<\/td>\n<td>10 mg<\/td>\n<td>63%<\/td>\n<\/tr>\n<tr>\n<td>Vitamin B6<\/td>\n<td>1 mg<\/td>\n<td>71%<\/td>\n<\/tr>\n<tr>\n<td>Vitamin B2<\/td>\n<td>0,8 mg<\/td>\n<td>57%<\/td>\n<\/tr>\n<tr>\n<td>Vitamin B1<\/td>\n<td>0,6 mg<\/td>\n<td>55%<\/td>\n<\/tr>\n<tr>\n<td>Folic Acid (Pteroylmonoglutamic Acid)<\/td>\n<td>150 mcg<\/td>\n<td>75%<\/td>\n<\/tr>\n<tr>\n<td>Vitamin D3 (Cholecalciferol)<\/td>\n<td>5 mcg<\/td>\n<td>100%<\/td>\n<\/tr>\n<tr>\n<td>Vitamin B12<\/td>\n<td>2 mcg<\/td>\n<td>80%<\/td>\n<\/tr>\n<tr>\n<td>Bromelain<\/td>\n<td>60 mcg<\/td>\n<td><\/td>\n<\/tr>\n<tr>\n<td>Papain<\/td>\n<td>60 mcg<\/td>\n<td><\/td>\n<\/tr>\n<tr>\n<td colspan=\"3\" height=\"10\"><\/td>\n<\/tr>\n<tr bgcolor=\"#3c8b47\">\n<td colspan=\"3\" height=\"20\"><u>Dosierung *RDA:<\/u><\/td>\n<\/tr>\n<tr>\n<td colspan=\"3\" align=\"center\" height=\"15\">Mischen Sie 1 Dosis (30g) mit 300 ml Wasser oder Magermilch oder Milchersatz in einem Shaker trinken und t\u00e4glich 1 Dosis verzehren<\/td>\n<\/tr>\n<tr bgcolor=\"#3c8b47\">\n<td colspan=\"3\" height=\"20\"><u>Sestavine, Opozorila in Deklaracija:<\/u><\/td>\n<\/tr>\n<tr>\n<td colspan=\"3\" height=\"10\">Inactive Zutaten: Vegan Protein Blend [Pea Protein Isolate, Rice Protein Isolate], Carbohydrate Matrix [PalatinoseTM (Isomaltulose****), Maltodextrin], Flavourings, Calcium Carbonate, Emulsifier (Sodium Carboxymethyl Cellulose), Inulin (from chicory), Acai Berry (Euterpe oleracea) Fruit Extract 4:1, Vitamin Complex [L-Ascorbic Acid, D-Alpha-Tocopherol, Nicotinamide, Cholecalciferol, Cyanocobalamin, Pyridoxine Hydrochloride, Riboflavin, Thiamin Hydrochloride, D-Biotin, Pteroylmonoglutamic Acid], Sweeteners (Sucralose, Acesulfame-K), Salt, Vanilla Crystal, Zinc Oxide, Chromium (III)-Picolinate, Digestive Enzyme Complex (Bromelain (from Ananas comosus, 1200 GDU\/GM), Papain (from<br \/>\nCarica papaya, 1,5 FIP U\/MG), Sodium Selenite.<\/td>\n<\/tr>\n<tr>\n<td colspan=\"3\" height=\"10\"><\/td>\n<\/tr>\n<\/tbody>\n<\/table>\n<p><!-- End Product Specification --><\/p>\n<p><!-- Product Declaration --><\/p>\n<div id=\"product-declaration-title\">Nahrungserg\u00e4nzungsmittel<\/div>\n<div class=\"prod-declaration\">\n<div class=\"declar-txt\">\n<p>(* RDA = Tageswert) Die empfohlenen Tagesmengen sollten nicht \u00fcberschritten werden. Das Nahrungserg\u00e4nzungsmittel ist kein Ersatz f\u00fcr eine ausgewogene und abwechslungsreiche Ern\u00e4hrung. Au\u00dferhalb der Reichweite von Kindern aufbewahren.<\/p>\n<\/div>\n<div class=\"declar-img\"><a href=\"https:\/\/zdravjeiznarave.eu\/skin\/themes\/theme_zin_v1.4\/images\/declaration\/CV0235_Shake_One_SLO.jpg\" target=\"_blank\" rel=\"noopener\">Glej deklaracijo SLO<\/a><\/div>\n<\/div>\n","protected":false},"excerpt":{"rendered":"<p><!-- Short Details --><\/p>\n<div class=\"short-product-desc\">\n<\/div>\n<div class=\"short-product-desc-txt\">Pflanzliches Proteinpulver zur Unterst\u00fctzung des Gewichtsverlusts<\/div>\n<p><!-- End Short Details --><\/p>\n","protected":false},"featured_media":5027,"comment_status":"closed","ping_status":"closed","template":"","meta":{"inline_featured_image":false,"_monsterinsights_skip_tracking":false,"_monsterinsights_sitenote_active":false,"_monsterinsights_sitenote_note":"","_monsterinsights_sitenote_category":0},"product_brand":[],"product_cat":[156,162,163],"product_tag":[],"class_list":{"0":"post-5574","1":"product","2":"type-product","3":"status-publish","4":"has-post-thumbnail","6":"product_cat-gewichtskontrolle-de","7":"product_cat-sport-und-erholung-de","8":"product_cat-vegetarier-veganer-de","10":"first","11":"instock","12":"taxable","13":"shipping-taxable","14":"purchasable","15":"product-type-simple"},"yoast_head":"<!-- This site is optimized with the Yoast SEO Premium plugin v21.9 (Yoast SEO v26.6) - https:\/\/yoast.com\/wordpress\/plugins\/seo\/ -->\n<title>Shake One Proteinpulver<\/title>\n<meta name=\"description\" content=\"PROTEINPLUVER F\u00dcR GEWICHTSREDUKTION\" \/>\n<meta name=\"robots\" content=\"index, follow, max-snippet:-1, max-image-preview:large, max-video-preview:-1\" \/>\n<link rel=\"canonical\" href=\"https:\/\/nature4me.eu\/de\/produkt\/shake-one-pure-30-gr\/\" \/>\n<meta property=\"og:locale\" content=\"de_DE\" \/>\n<meta property=\"og:type\" content=\"article\" \/>\n<meta property=\"og:title\" content=\"Shake One Pure (30 gr)\" \/>\n<meta property=\"og:description\" content=\"PROTEINPLUVER F\u00dcR GEWICHTSREDUKTION\" \/>\n<meta property=\"og:url\" content=\"https:\/\/nature4me.eu\/de\/produkt\/shake-one-pure-30-gr\/\" \/>\n<meta property=\"og:site_name\" content=\"CaliVita Nature4me\" \/>\n<meta property=\"article:publisher\" content=\"https:\/\/www.facebook.com\/zdravjeiznarave.eu\" \/>\n<meta property=\"article:modified_time\" content=\"2021-12-02T13:00:34+00:00\" \/>\n<meta property=\"og:image\" content=\"https:\/\/nature4me.eu\/wp-content\/uploads\/2017\/03\/Shake-One-Pure-30-gr.png\" \/>\n\t<meta property=\"og:image:width\" content=\"200\" \/>\n\t<meta property=\"og:image:height\" content=\"200\" \/>\n\t<meta property=\"og:image:type\" content=\"image\/png\" \/>\n<meta name=\"twitter:card\" content=\"summary_large_image\" \/>\n<meta name=\"twitter:label1\" content=\"Gesch\u00e4tzte Lesezeit\" \/>\n\t<meta name=\"twitter:data1\" content=\"1\u00a0Minute\" \/>\n<script type=\"application\/ld+json\" class=\"yoast-schema-graph\">{\"@context\":\"https:\/\/schema.org\",\"@graph\":[{\"@type\":\"WebPage\",\"@id\":\"https:\/\/nature4me.eu\/de\/produkt\/shake-one-pure-30-gr\/\",\"url\":\"https:\/\/nature4me.eu\/de\/produkt\/shake-one-pure-30-gr\/\",\"name\":\"Shake One Proteinpulver\",\"isPartOf\":{\"@id\":\"https:\/\/nature4me.eu\/de\/#website\"},\"primaryImageOfPage\":{\"@id\":\"https:\/\/nature4me.eu\/de\/produkt\/shake-one-pure-30-gr\/#primaryimage\"},\"image\":{\"@id\":\"https:\/\/nature4me.eu\/de\/produkt\/shake-one-pure-30-gr\/#primaryimage\"},\"thumbnailUrl\":\"https:\/\/nature4me.eu\/wp-content\/uploads\/2017\/03\/Shake-One-Pure-30-gr.png\",\"datePublished\":\"2021-08-28T06:54:13+00:00\",\"dateModified\":\"2021-12-02T13:00:34+00:00\",\"description\":\"PROTEINPLUVER F\u00dcR GEWICHTSREDUKTION\",\"breadcrumb\":{\"@id\":\"https:\/\/nature4me.eu\/de\/produkt\/shake-one-pure-30-gr\/#breadcrumb\"},\"inLanguage\":\"de\",\"potentialAction\":[{\"@type\":\"ReadAction\",\"target\":[\"https:\/\/nature4me.eu\/de\/produkt\/shake-one-pure-30-gr\/\"]}]},{\"@type\":\"ImageObject\",\"inLanguage\":\"de\",\"@id\":\"https:\/\/nature4me.eu\/de\/produkt\/shake-one-pure-30-gr\/#primaryimage\",\"url\":\"https:\/\/nature4me.eu\/wp-content\/uploads\/2017\/03\/Shake-One-Pure-30-gr.png\",\"contentUrl\":\"https:\/\/nature4me.eu\/wp-content\/uploads\/2017\/03\/Shake-One-Pure-30-gr.png\",\"width\":200,\"height\":200},{\"@type\":\"BreadcrumbList\",\"@id\":\"https:\/\/nature4me.eu\/de\/produkt\/shake-one-pure-30-gr\/#breadcrumb\",\"itemListElement\":[{\"@type\":\"ListItem\",\"position\":1,\"name\":\"Po\u010detna stranica\",\"item\":\"https:\/\/nature4me.eu\/de\/\"},{\"@type\":\"ListItem\",\"position\":2,\"name\":\"Webshop\",\"item\":\"https:\/\/nature4me.eu\/de\/shop\/\"},{\"@type\":\"ListItem\",\"position\":3,\"name\":\"Shake One Pure (30 gr)\"}]},{\"@type\":\"WebSite\",\"@id\":\"https:\/\/nature4me.eu\/de\/#website\",\"url\":\"https:\/\/nature4me.eu\/de\/\",\"name\":\"CaliVita Nature4me\",\"description\":\"CaliVita Nature4me\",\"potentialAction\":[{\"@type\":\"SearchAction\",\"target\":{\"@type\":\"EntryPoint\",\"urlTemplate\":\"https:\/\/nature4me.eu\/de\/?s={search_term_string}\"},\"query-input\":{\"@type\":\"PropertyValueSpecification\",\"valueRequired\":true,\"valueName\":\"search_term_string\"}}],\"inLanguage\":\"de\"}]}<\/script>\n<!-- \/ Yoast SEO Premium plugin. -->","yoast_head_json":{"title":"Shake One Proteinpulver","description":"PROTEINPLUVER F\u00dcR GEWICHTSREDUKTION","robots":{"index":"index","follow":"follow","max-snippet":"max-snippet:-1","max-image-preview":"max-image-preview:large","max-video-preview":"max-video-preview:-1"},"canonical":"https:\/\/nature4me.eu\/de\/produkt\/shake-one-pure-30-gr\/","og_locale":"de_DE","og_type":"article","og_title":"Shake One Pure (30 gr)","og_description":"PROTEINPLUVER F\u00dcR GEWICHTSREDUKTION","og_url":"https:\/\/nature4me.eu\/de\/produkt\/shake-one-pure-30-gr\/","og_site_name":"CaliVita Nature4me","article_publisher":"https:\/\/www.facebook.com\/zdravjeiznarave.eu","article_modified_time":"2021-12-02T13:00:34+00:00","og_image":[{"width":200,"height":200,"url":"https:\/\/nature4me.eu\/wp-content\/uploads\/2017\/03\/Shake-One-Pure-30-gr.png","type":"image\/png"}],"twitter_card":"summary_large_image","twitter_misc":{"Gesch\u00e4tzte Lesezeit":"1\u00a0Minute"},"schema":{"@context":"https:\/\/schema.org","@graph":[{"@type":"WebPage","@id":"https:\/\/nature4me.eu\/de\/produkt\/shake-one-pure-30-gr\/","url":"https:\/\/nature4me.eu\/de\/produkt\/shake-one-pure-30-gr\/","name":"Shake One Proteinpulver","isPartOf":{"@id":"https:\/\/nature4me.eu\/de\/#website"},"primaryImageOfPage":{"@id":"https:\/\/nature4me.eu\/de\/produkt\/shake-one-pure-30-gr\/#primaryimage"},"image":{"@id":"https:\/\/nature4me.eu\/de\/produkt\/shake-one-pure-30-gr\/#primaryimage"},"thumbnailUrl":"https:\/\/nature4me.eu\/wp-content\/uploads\/2017\/03\/Shake-One-Pure-30-gr.png","datePublished":"2021-08-28T06:54:13+00:00","dateModified":"2021-12-02T13:00:34+00:00","description":"PROTEINPLUVER F\u00dcR GEWICHTSREDUKTION","breadcrumb":{"@id":"https:\/\/nature4me.eu\/de\/produkt\/shake-one-pure-30-gr\/#breadcrumb"},"inLanguage":"de","potentialAction":[{"@type":"ReadAction","target":["https:\/\/nature4me.eu\/de\/produkt\/shake-one-pure-30-gr\/"]}]},{"@type":"ImageObject","inLanguage":"de","@id":"https:\/\/nature4me.eu\/de\/produkt\/shake-one-pure-30-gr\/#primaryimage","url":"https:\/\/nature4me.eu\/wp-content\/uploads\/2017\/03\/Shake-One-Pure-30-gr.png","contentUrl":"https:\/\/nature4me.eu\/wp-content\/uploads\/2017\/03\/Shake-One-Pure-30-gr.png","width":200,"height":200},{"@type":"BreadcrumbList","@id":"https:\/\/nature4me.eu\/de\/produkt\/shake-one-pure-30-gr\/#breadcrumb","itemListElement":[{"@type":"ListItem","position":1,"name":"Po\u010detna stranica","item":"https:\/\/nature4me.eu\/de\/"},{"@type":"ListItem","position":2,"name":"Webshop","item":"https:\/\/nature4me.eu\/de\/shop\/"},{"@type":"ListItem","position":3,"name":"Shake One Pure (30 gr)"}]},{"@type":"WebSite","@id":"https:\/\/nature4me.eu\/de\/#website","url":"https:\/\/nature4me.eu\/de\/","name":"CaliVita Nature4me","description":"CaliVita Nature4me","potentialAction":[{"@type":"SearchAction","target":{"@type":"EntryPoint","urlTemplate":"https:\/\/nature4me.eu\/de\/?s={search_term_string}"},"query-input":{"@type":"PropertyValueSpecification","valueRequired":true,"valueName":"search_term_string"}}],"inLanguage":"de"}]}},"_links":{"self":[{"href":"https:\/\/nature4me.eu\/de\/wp-json\/wp\/v2\/product\/5574","targetHints":{"allow":["GET"]}}],"collection":[{"href":"https:\/\/nature4me.eu\/de\/wp-json\/wp\/v2\/product"}],"about":[{"href":"https:\/\/nature4me.eu\/de\/wp-json\/wp\/v2\/types\/product"}],"replies":[{"embeddable":true,"href":"https:\/\/nature4me.eu\/de\/wp-json\/wp\/v2\/comments?post=5574"}],"wp:featuredmedia":[{"embeddable":true,"href":"https:\/\/nature4me.eu\/de\/wp-json\/wp\/v2\/media\/5027"}],"wp:attachment":[{"href":"https:\/\/nature4me.eu\/de\/wp-json\/wp\/v2\/media?parent=5574"}],"wp:term":[{"taxonomy":"product_brand","embeddable":true,"href":"https:\/\/nature4me.eu\/de\/wp-json\/wp\/v2\/product_brand?post=5574"},{"taxonomy":"product_cat","embeddable":true,"href":"https:\/\/nature4me.eu\/de\/wp-json\/wp\/v2\/product_cat?post=5574"},{"taxonomy":"product_tag","embeddable":true,"href":"https:\/\/nature4me.eu\/de\/wp-json\/wp\/v2\/product_tag?post=5574"}],"curies":[{"name":"wp","href":"https:\/\/api.w.org\/{rel}","templated":true}]}}