{"id":5581,"date":"2017-03-01T10:23:37","date_gmt":"2021-08-28T16:29:58","guid":{"rendered":"https:\/\/nature4me.eu\/?post_type=product&#038;p=5581"},"modified":"2024-02-23T01:38:34","modified_gmt":"2024-02-22T23:38:34","slug":"curcuma","status":"publish","type":"product","link":"https:\/\/nature4me.eu\/de\/produkt\/curcuma\/","title":{"rendered":"Kurkuma (60 Tabletten)"},"content":{"rendered":"<div id=\"product-long-decs\">\n<p>Kurkuma (Curcuma longa) ist eine Pflanze, die in tropischen Gegenden Asiens w\u00e4chst und sich als lebender Organismus und unverzichtbarer Bestandteil des beliebten Curry in der ganzen Welt verbreitet hat. Kurkuma hei\u00dft &#8220;gelbe Wurzel&#8221;. Verantwortlich f\u00fcr die Farbe ist der Stoff Curcumin.<\/p>\n<p>Kurkuma t\u00f6tet durch seine antibakterielle Wirkung Keime, Bakterien und Viren auf der Haut ab, wirkt abschwellend und durchblutungsf\u00f6rdernd. Curcumin reduziert wirksam Entz\u00fcndungen und tr\u00e4gt zur Behandlung von arthritischen Infektionen bei. Curcuma Pro, MicroActive\u00ae Kurkuma-Extrakt Pillen und Bioferrins\u00ae Black Pepper, die vom K\u00f6rper bis zu zehnmal effektiver aufgenommen werden k\u00f6nnen als herk\u00f6mmliche Kurkuma-Extrakte.<\/p>\n<h5>Zu wem ist empfohlen:<\/h5>\n<ul>\n<li>Als Unterst\u00fctzung bei der Behandlung von arthritischen Infektionen<\/li>\n<li>Zur Unterst\u00fctzung bei der Behandlung von Gelenkverletzungen<\/li>\n<li>Spitzensportler und alle, die regelm\u00e4\u00dfig Sport treiben<\/li>\n<li>F\u00fcr diejenigen, die durch Gelenke stark belastet werden (zum Beispiel: durch schwere k\u00f6rperliche Arbeit oder Fettleibigkeit)<\/li>\n<li>An alle, die ihre Entscheidungen unterst\u00fctzen und sch\u00fctzen wollen<\/li>\n<\/ul>\n<p><strong>Curcuma bei chronisch entz\u00fcndlichen Erkrankungen. <\/strong>Die entz\u00fcndungshemmende Wirkung ist die bekannteste Wirkung von Curcuma. Es wird sogar vermutet, dass Curcuma eine so starke entz\u00fcndungshemmende Wirkung hat, dass es in manchen F\u00e4llen genauso wirksam wie Vitamin C und E sein kann.<\/p>\n<p>In mehreren klinischen Studien wurde festgestellt, dass Curcuma die Entz\u00fcndung wirksam reduziert, und es ist nicht \u00fcberraschend, dass es effektiv zur Behandlung von arthritischen Entz\u00fcndungen (rheumatoide Arthritis, RA) beitragen kann. Diese Tatsache wird durch mehrere klinischen Studien gest\u00fctzt, in denen die Wirkung von Kurkumin 500 mg und 50 mg nicht-steroidaler Antirheumatika (NSAIDs) insgesamt oder getrennt bei Patienten mit rheumatoider Arthritis verglichen wird.<\/p>\n<p>Die Wirkung des Kurkumas bei Arthritis beruht vor allem auf dem Inhaltsstoff Curcumin. Dieser weist unter anderem eine entz\u00fcndungshemmende Eigenschaft auf, welche bei entz\u00fcndeten Gelenken Abhilfe verschaffen kann. Grundlage f\u00fcr die Effizienz sind bestimmte Proteine, die in der Knolle vorkommen. Diesen gelingt es, Gene im menschlichen Organismus zu regulieren. Auf eine solche Weise ist es m\u00f6glich, eine bestehende Entz\u00fcndung abklingen zu lassen.<\/p>\n<\/div>\n<p>KoagKag approval number: 4340-1219-5163<br \/>\n<!-- Product Specification --><\/p>\n<table class=\"product_details_body\" border=\"0\" width=\"500\" cellspacing=\"0\" align=\"center\" bgcolor=\"#7CDB8B\">\n<tbody>\n<tr bgcolor=>\n<td height=\"20\"><u>Wirkstoffe\/Tablette:<\/u><\/td>\n<td width=\"100\"><span class=\"pvdecla\">(View Declaration)<\/span><\/td>\n<td width=\"70\"><span class=\"pd-rda\">*RDA:<\/span><\/td>\n<\/tr>\n<tr>\n<td>Kurkuma Extrakt (std. 95 % Curcumin)<\/td>\n<td>200 mg<\/td>\n<td><\/td>\n<\/tr>\n<tr>\n<td>Kurkuma Extrakt<\/td>\n<td>200 mg<\/td>\n<td><\/td>\n<\/tr>\n<tr>\n<td>MicroActive\u00ae Kurkumin (25% curcuminoids)<\/td>\n<td>25 mg<\/td>\n<td><\/td>\n<\/tr>\n<tr>\n<td>Bioperin<\/td>\n<td>5 mg<\/td>\n<td><\/td>\n<\/tr>\n<tr>\n<td>Mittekettige Triglyceride<\/td>\n<td>1.5 mg<\/td>\n<td><\/td>\n<\/tr>\n<tr>\n<td colspan=\"3\" height=\"10\"><\/td>\n<\/tr>\n<tr bgcolor=>\n<td colspan=\"3\" height=\"20\"><u>Dosierung: *RDA:<\/u><\/td>\n<\/tr>\n<tr>\n<td colspan=\"3\" align=\"center\" height=\"15\">1 Tablette t\u00e4glich.<\/td>\n<\/tr>\n<tr bgcolor=>\n<td colspan=\"3\" height=\"20\"><u>Inaktive Inhaltsstoffe, Warnungen und Produktdeklarationen:<\/u><\/td>\n<\/tr>\n<tr>\n<td colspan=\"3\" height=\"10\">Andere Zutaten: DDikalziumphosphat, mikrokristalline Cellulose, Hydroxypropylmethylcellulose, Stearins\u00e4ure, Magnesiumstearat, Siliciumdioxid, Polyglycerolmonooleat, Triacetin, Natriumalginat<\/td>\n<\/tr>\n<tr>\n<td colspan=\"3\" height=\"10\"><\/td>\n<\/tr>\n<\/tbody>\n<\/table>\n<p><!-- End Product Specification --><\/p>\n<p><!-- Product Declaration --><\/p>\n<div id=\"product-declaration-title\">Nahrungserg\u00e4nzungsmittel<\/div>\n<div class=\"prod-declaration\">\n<div class=\"declar-txt\">\n<p>(* RDA = Tageswert) Die empfohlenen Tagesmengen sollten nicht \u00fcberschritten werden. Das Nahrungserg\u00e4nzungsmittel ist kein Ersatz f\u00fcr eine ausgewogene und abwechslungsreiche Ern\u00e4hrung. Au\u00dferhalb der Reichweite von Kindern aufbewahren.<\/p>\n<\/div>\n<div class=\"declar-img\"><a href=\"https:\/\/nature4me.eu\/wp-content\/themes\/n4mtheme\/images\/declaration\/CV0224_CurcumaPro_EN.pdf\" target=\"_blank\" rel=\"noopener noreferrer\">View Declaration ENG<\/a><\/div>\n<\/div>\n","protected":false},"excerpt":{"rendered":"<p><!-- Short Details --><\/p>\n<div class=\"short-product-desc\">\n<h4><strong>Kurkuma plus Schwarz Pfeffer<\/strong><\/h4>\n<\/div>\n<div class=\"short-product-desc-txt\"><\/div>\n<p><!-- End Short Details --><\/p>\n","protected":false},"featured_media":7202,"comment_status":"closed","ping_status":"closed","template":"","meta":{"inline_featured_image":false,"_monsterinsights_skip_tracking":false,"_monsterinsights_sitenote_active":false,"_monsterinsights_sitenote_note":"","_monsterinsights_sitenote_category":0},"product_brand":[],"product_cat":[36,157,163],"product_tag":[],"class_list":{"0":"post-5581","1":"product","2":"type-product","3":"status-publish","4":"has-post-thumbnail","6":"product_cat-andere-nahrungsergaenzungsmittel","7":"product_cat-pflanzenextrakte-de","8":"product_cat-vegetarier-veganer-de","10":"first","11":"instock","12":"taxable","13":"shipping-taxable","14":"purchasable","15":"product-type-simple"},"yoast_head":"<!-- This site is optimized with the Yoast SEO Premium plugin v21.9 (Yoast SEO v26.6) - https:\/\/yoast.com\/wordpress\/plugins\/seo\/ -->\n<title>Curcuma Pro CaliVita - Nature4Me<\/title>\n<meta name=\"description\" content=\"Der Hauptbestandteil von Curcuma Pro ist Kurkuma, den wir mit BioPerine\u00ae Pfefferextrakt und Kurkumin der einzigartigen MicroActive\u00aeFormel erg\u00e4nzt haben.\" \/>\n<meta name=\"robots\" content=\"index, follow, max-snippet:-1, max-image-preview:large, max-video-preview:-1\" \/>\n<link rel=\"canonical\" href=\"https:\/\/nature4me.eu\/de\/produkt\/curcuma\/\" \/>\n<meta property=\"og:locale\" content=\"de_DE\" \/>\n<meta property=\"og:type\" content=\"article\" \/>\n<meta property=\"og:title\" content=\"Kurkuma (60 Tabletten)\" \/>\n<meta property=\"og:description\" content=\"Der Hauptbestandteil von Curcuma Pro ist Kurkuma, den wir mit BioPerine\u00ae Pfefferextrakt und Kurkumin der einzigartigen MicroActive\u00aeFormel erg\u00e4nzt haben.\" \/>\n<meta property=\"og:url\" content=\"https:\/\/nature4me.eu\/de\/produkt\/curcuma\/\" \/>\n<meta property=\"og:site_name\" content=\"CaliVita Nature4me\" \/>\n<meta property=\"article:publisher\" content=\"https:\/\/www.facebook.com\/zdravjeiznarave.eu\" \/>\n<meta property=\"article:modified_time\" content=\"2024-02-22T23:38:34+00:00\" \/>\n<meta property=\"og:image\" content=\"https:\/\/zdravjeiznarave.eu\/skin\/uploads\/Curcuma-Pro.png\" \/>\n<meta name=\"twitter:card\" content=\"summary_large_image\" \/>\n<meta name=\"twitter:label1\" content=\"Gesch\u00e4tzte Lesezeit\" \/>\n\t<meta name=\"twitter:data1\" content=\"2\u00a0Minuten\" \/>\n<script type=\"application\/ld+json\" class=\"yoast-schema-graph\">{\"@context\":\"https:\/\/schema.org\",\"@graph\":[{\"@type\":\"WebPage\",\"@id\":\"https:\/\/nature4me.eu\/de\/produkt\/curcuma\/\",\"url\":\"https:\/\/nature4me.eu\/de\/produkt\/curcuma\/\",\"name\":\"Curcuma Pro CaliVita - Nature4Me\",\"isPartOf\":{\"@id\":\"https:\/\/nature4me.eu\/de\/#website\"},\"primaryImageOfPage\":{\"@id\":\"https:\/\/nature4me.eu\/de\/produkt\/curcuma\/#primaryimage\"},\"image\":{\"@id\":\"https:\/\/nature4me.eu\/de\/produkt\/curcuma\/#primaryimage\"},\"thumbnailUrl\":\"https:\/\/nature4me.eu\/wp-content\/uploads\/2017\/03\/Curcuma-Pro-2.png\",\"datePublished\":\"2021-08-28T16:29:58+00:00\",\"dateModified\":\"2024-02-22T23:38:34+00:00\",\"description\":\"Der Hauptbestandteil von Curcuma Pro ist Kurkuma, den wir mit BioPerine\u00ae Pfefferextrakt und Kurkumin der einzigartigen MicroActive\u00aeFormel erg\u00e4nzt haben.\",\"breadcrumb\":{\"@id\":\"https:\/\/nature4me.eu\/de\/produkt\/curcuma\/#breadcrumb\"},\"inLanguage\":\"de\",\"potentialAction\":[{\"@type\":\"ReadAction\",\"target\":[\"https:\/\/nature4me.eu\/de\/produkt\/curcuma\/\"]}]},{\"@type\":\"ImageObject\",\"inLanguage\":\"de\",\"@id\":\"https:\/\/nature4me.eu\/de\/produkt\/curcuma\/#primaryimage\",\"url\":\"https:\/\/nature4me.eu\/wp-content\/uploads\/2017\/03\/Curcuma-Pro-2.png\",\"contentUrl\":\"https:\/\/nature4me.eu\/wp-content\/uploads\/2017\/03\/Curcuma-Pro-2.png\",\"width\":200,\"height\":357,\"caption\":\"Kurkuma tablete\"},{\"@type\":\"BreadcrumbList\",\"@id\":\"https:\/\/nature4me.eu\/de\/produkt\/curcuma\/#breadcrumb\",\"itemListElement\":[{\"@type\":\"ListItem\",\"position\":1,\"name\":\"Po\u010detna stranica\",\"item\":\"https:\/\/nature4me.eu\/de\/\"},{\"@type\":\"ListItem\",\"position\":2,\"name\":\"Webshop\",\"item\":\"https:\/\/nature4me.eu\/de\/shop\/\"},{\"@type\":\"ListItem\",\"position\":3,\"name\":\"Kurkuma (60 Tabletten)\"}]},{\"@type\":\"WebSite\",\"@id\":\"https:\/\/nature4me.eu\/de\/#website\",\"url\":\"https:\/\/nature4me.eu\/de\/\",\"name\":\"CaliVita Nature4me\",\"description\":\"CaliVita Nature4me\",\"potentialAction\":[{\"@type\":\"SearchAction\",\"target\":{\"@type\":\"EntryPoint\",\"urlTemplate\":\"https:\/\/nature4me.eu\/de\/?s={search_term_string}\"},\"query-input\":{\"@type\":\"PropertyValueSpecification\",\"valueRequired\":true,\"valueName\":\"search_term_string\"}}],\"inLanguage\":\"de\"}]}<\/script>\n<!-- \/ Yoast SEO Premium plugin. -->","yoast_head_json":{"title":"Curcuma Pro CaliVita - Nature4Me","description":"Der Hauptbestandteil von Curcuma Pro ist Kurkuma, den wir mit BioPerine\u00ae Pfefferextrakt und Kurkumin der einzigartigen MicroActive\u00aeFormel erg\u00e4nzt haben.","robots":{"index":"index","follow":"follow","max-snippet":"max-snippet:-1","max-image-preview":"max-image-preview:large","max-video-preview":"max-video-preview:-1"},"canonical":"https:\/\/nature4me.eu\/de\/produkt\/curcuma\/","og_locale":"de_DE","og_type":"article","og_title":"Kurkuma (60 Tabletten)","og_description":"Der Hauptbestandteil von Curcuma Pro ist Kurkuma, den wir mit BioPerine\u00ae Pfefferextrakt und Kurkumin der einzigartigen MicroActive\u00aeFormel erg\u00e4nzt haben.","og_url":"https:\/\/nature4me.eu\/de\/produkt\/curcuma\/","og_site_name":"CaliVita Nature4me","article_publisher":"https:\/\/www.facebook.com\/zdravjeiznarave.eu","article_modified_time":"2024-02-22T23:38:34+00:00","og_image":[{"url":"https:\/\/zdravjeiznarave.eu\/skin\/uploads\/Curcuma-Pro.png","type":"","width":"","height":""}],"twitter_card":"summary_large_image","twitter_misc":{"Gesch\u00e4tzte Lesezeit":"2\u00a0Minuten"},"schema":{"@context":"https:\/\/schema.org","@graph":[{"@type":"WebPage","@id":"https:\/\/nature4me.eu\/de\/produkt\/curcuma\/","url":"https:\/\/nature4me.eu\/de\/produkt\/curcuma\/","name":"Curcuma Pro CaliVita - Nature4Me","isPartOf":{"@id":"https:\/\/nature4me.eu\/de\/#website"},"primaryImageOfPage":{"@id":"https:\/\/nature4me.eu\/de\/produkt\/curcuma\/#primaryimage"},"image":{"@id":"https:\/\/nature4me.eu\/de\/produkt\/curcuma\/#primaryimage"},"thumbnailUrl":"https:\/\/nature4me.eu\/wp-content\/uploads\/2017\/03\/Curcuma-Pro-2.png","datePublished":"2021-08-28T16:29:58+00:00","dateModified":"2024-02-22T23:38:34+00:00","description":"Der Hauptbestandteil von Curcuma Pro ist Kurkuma, den wir mit BioPerine\u00ae Pfefferextrakt und Kurkumin der einzigartigen MicroActive\u00aeFormel erg\u00e4nzt haben.","breadcrumb":{"@id":"https:\/\/nature4me.eu\/de\/produkt\/curcuma\/#breadcrumb"},"inLanguage":"de","potentialAction":[{"@type":"ReadAction","target":["https:\/\/nature4me.eu\/de\/produkt\/curcuma\/"]}]},{"@type":"ImageObject","inLanguage":"de","@id":"https:\/\/nature4me.eu\/de\/produkt\/curcuma\/#primaryimage","url":"https:\/\/nature4me.eu\/wp-content\/uploads\/2017\/03\/Curcuma-Pro-2.png","contentUrl":"https:\/\/nature4me.eu\/wp-content\/uploads\/2017\/03\/Curcuma-Pro-2.png","width":200,"height":357,"caption":"Kurkuma tablete"},{"@type":"BreadcrumbList","@id":"https:\/\/nature4me.eu\/de\/produkt\/curcuma\/#breadcrumb","itemListElement":[{"@type":"ListItem","position":1,"name":"Po\u010detna stranica","item":"https:\/\/nature4me.eu\/de\/"},{"@type":"ListItem","position":2,"name":"Webshop","item":"https:\/\/nature4me.eu\/de\/shop\/"},{"@type":"ListItem","position":3,"name":"Kurkuma (60 Tabletten)"}]},{"@type":"WebSite","@id":"https:\/\/nature4me.eu\/de\/#website","url":"https:\/\/nature4me.eu\/de\/","name":"CaliVita Nature4me","description":"CaliVita Nature4me","potentialAction":[{"@type":"SearchAction","target":{"@type":"EntryPoint","urlTemplate":"https:\/\/nature4me.eu\/de\/?s={search_term_string}"},"query-input":{"@type":"PropertyValueSpecification","valueRequired":true,"valueName":"search_term_string"}}],"inLanguage":"de"}]}},"_links":{"self":[{"href":"https:\/\/nature4me.eu\/de\/wp-json\/wp\/v2\/product\/5581","targetHints":{"allow":["GET"]}}],"collection":[{"href":"https:\/\/nature4me.eu\/de\/wp-json\/wp\/v2\/product"}],"about":[{"href":"https:\/\/nature4me.eu\/de\/wp-json\/wp\/v2\/types\/product"}],"replies":[{"embeddable":true,"href":"https:\/\/nature4me.eu\/de\/wp-json\/wp\/v2\/comments?post=5581"}],"wp:featuredmedia":[{"embeddable":true,"href":"https:\/\/nature4me.eu\/de\/wp-json\/wp\/v2\/media\/7202"}],"wp:attachment":[{"href":"https:\/\/nature4me.eu\/de\/wp-json\/wp\/v2\/media?parent=5581"}],"wp:term":[{"taxonomy":"product_brand","embeddable":true,"href":"https:\/\/nature4me.eu\/de\/wp-json\/wp\/v2\/product_brand?post=5581"},{"taxonomy":"product_cat","embeddable":true,"href":"https:\/\/nature4me.eu\/de\/wp-json\/wp\/v2\/product_cat?post=5581"},{"taxonomy":"product_tag","embeddable":true,"href":"https:\/\/nature4me.eu\/de\/wp-json\/wp\/v2\/product_tag?post=5581"}],"curies":[{"name":"wp","href":"https:\/\/api.w.org\/{rel}","templated":true}]}}