{"id":5582,"date":"2016-11-24T11:08:41","date_gmt":"2021-08-28T16:47:42","guid":{"rendered":"https:\/\/nature4me.eu\/?post_type=product&#038;p=5582"},"modified":"2021-12-03T09:35:16","modified_gmt":"2021-12-03T07:35:16","slug":"senior-formula","status":"publish","type":"product","link":"https:\/\/nature4me.eu\/de\/produkt\/senior-formula\/","title":{"rendered":"Senior Formula (90 Tabletten)"},"content":{"rendered":"<div id=\"product-long-decs\">\n<p>Das Senior Formula ist ein spezielles Multivitamin f\u00fcr Leute \u00fcber 50 mit Mineralstoffen, Spurenelementen, Antioxidantien, Bioflavonoiden und pflanzlichen Extrakten wie Ginkgo biloba, Traubenkern und Tannenrinde erg\u00e4nzt. Mit unserem Erzeugnis helfen wir gezielt nicht nur bei der Verst\u00e4rkung des Immunsystems, sondern auch bei der unver\u00e4nderlichen Erhaltung der Leistungsf\u00e4higkeit und beim Bewahren der geistigen und k\u00f6rperlichen Frische.<\/p>\n<h4>Wem und wozu empfehlen wir es:<\/h4>\n<ul>\n<li>Vor allem f\u00fcr Leute \u00fcber 50 zur gesunden Funktion des Organismus und der normalen physiologischen Prozesse,<\/li>\n<li>beim k\u00e4lteren Wetter zur Steigerung der Widerstandsf\u00e4higkeit,<\/li>\n<li>Bei erh\u00f6hter geistiger und physikalischer Belastung,<\/li>\n<li>bei unausgeglichener Ern\u00e4hrung (weniger Konsum von Gem\u00fcse oder Fr\u00fcchten, Di\u00e4t, Vegetarismus),<\/li>\n<li>aktiven oder passiven Rauchern, Einwohnern der Siedlungen, wo die Luft erschmutzt ist,<\/li>\n<li>enjenigen, die regelm\u00e4\u00dfig Alkohol konsumieren,<\/li>\n<li>bei Verst\u00e4rkung der Kondition nach einer Krankheit.<\/li>\n<\/ul>\n<\/div>\n<p><!-- Product Specification --><\/p>\n<div id=\"wmark\">\n<div class=\"wmark-bckg\">nature4me.eu<\/div>\n<\/div>\n<table class=\"product_details_body\" border=\"0\" width=\"500\" cellspacing=\"0\" align=\"center\" bgcolor=\"#7CDB8B\">\n<tbody>\n<tr bgcolor=\"#3c8b47\">\n<td height=\"20\"><u>Wirkstoffe Tablette\/Kapsel:<\/u><\/td>\n<td width=\"100\"><span class=\"pvdecla\">(View Declaration)<\/span><\/td>\n<td width=\"70\"><span class=\"pd-rda\">*RDA:<\/span><\/td>\n<\/tr>\n<tr>\n<td>Vitamin C<\/td>\n<td>60 mg<\/td>\n<td>100%<\/td>\n<\/tr>\n<tr>\n<td>Ginkgo biloba leaf<\/td>\n<td>10 mg<\/td>\n<td><\/td>\n<\/tr>\n<tr>\n<td>Niacin<\/td>\n<td>10 mg<\/td>\n<td>50%<\/td>\n<\/tr>\n<tr>\n<td>Vitamin E<\/td>\n<td>10I.U.<\/td>\n<td>33%<\/td>\n<\/tr>\n<tr>\n<td>Zinc<\/td>\n<td>5 mg<\/td>\n<td>33%<\/td>\n<\/tr>\n<tr>\n<td>Citrus Bioflavonoid Complex<\/td>\n<td>5 mg<\/td>\n<td><\/td>\n<\/tr>\n<tr>\n<td>Inositol<\/td>\n<td>5 mg<\/td>\n<td><\/td>\n<\/tr>\n<tr>\n<td>Choline<\/td>\n<td>5 mg<\/td>\n<td><\/td>\n<\/tr>\n<tr>\n<td>PABA<\/td>\n<td>4 mg<\/td>\n<td><\/td>\n<\/tr>\n<tr>\n<td>Pantothenic acid<\/td>\n<td>3 mg<\/td>\n<td>30%<\/td>\n<\/tr>\n<tr>\n<td>Lutein<\/td>\n<td>500 mcg<\/td>\n<td><\/td>\n<\/tr>\n<tr>\n<td>Copper<\/td>\n<td>300 mcg<\/td>\n<td>15%<\/td>\n<\/tr>\n<tr>\n<td>Folic acid<\/td>\n<td>70 mcg<\/td>\n<td>18%<\/td>\n<\/tr>\n<tr>\n<td>Biotin<\/td>\n<td>50 mcg<\/td>\n<td>17%<\/td>\n<\/tr>\n<tr>\n<td>Chromium<\/td>\n<td>50 mcg<\/td>\n<td>42%<\/td>\n<\/tr>\n<tr>\n<td>Molybdenum<\/td>\n<td>25 mcg<\/td>\n<td>33%<\/td>\n<\/tr>\n<tr>\n<td>Iodine<\/td>\n<td>20 mcg<\/td>\n<td>13%<\/td>\n<\/tr>\n<tr>\n<td>Selenium<\/td>\n<td>20 mcg<\/td>\n<td>29%<\/td>\n<\/tr>\n<tr>\n<td>Superoxide dismutase<\/td>\n<td>15 mcg<\/td>\n<td><\/td>\n<\/tr>\n<tr>\n<td>Vitamin B12<\/td>\n<td>1 mcg<\/td>\n<td>17%<\/td>\n<\/tr>\n<tr>\n<td>Iron<\/td>\n<td>3 mg<\/td>\n<td>17%<\/td>\n<\/tr>\n<tr>\n<td>Beta Carotene<\/td>\n<td>2950 I.U.<\/td>\n<td>20%<\/td>\n<\/tr>\n<tr>\n<td>Vitamin B2<\/td>\n<td>1.5 mg<\/td>\n<td>88%<\/td>\n<\/tr>\n<tr>\n<td>Vitamin B6<\/td>\n<td>1.5 mg<\/td>\n<td>75%<\/td>\n<\/tr>\n<tr>\n<td>Vitamin B1<\/td>\n<td>1.2 mg<\/td>\n<td>80%<\/td>\n<\/tr>\n<tr>\n<td>Pine bark extract<\/td>\n<td>1 mg<\/td>\n<td><\/td>\n<\/tr>\n<tr>\n<td>Hesperidin complex<\/td>\n<td>1 mg<\/td>\n<td><\/td>\n<\/tr>\n<tr>\n<td>L-glutathione<\/td>\n<td>1 mg<\/td>\n<td><\/td>\n<\/tr>\n<tr>\n<td>Grape seed extract<\/td>\n<td>1 mg<\/td>\n<td><\/td>\n<\/tr>\n<tr>\n<td>Manganese<\/td>\n<td>800 mcg<\/td>\n<td>40%<\/td>\n<\/tr>\n<tr>\n<td colspan=\"3\" height=\"10\"><\/td>\n<\/tr>\n<tr bgcolor=\"#3c8b47\">\n<td colspan=\"3\" height=\"20\"><u>Dosage *RDA:<\/u><\/td>\n<\/tr>\n<tr>\n<td colspan=\"3\" align=\"center\" height=\"15\">3&#215;1 Tablette t\u00e4glich<\/td>\n<\/tr>\n<tr bgcolor=\"#3c8b47\">\n<td colspan=\"3\" height=\"20\"><u>Inaktive Inhaltsstoffe, Warnungen und Produktdeklarationen:<\/u><\/td>\n<\/tr>\n<tr>\n<td colspan=\"3\" height=\"10\">Andere Zutaten: Calcium carbonate, microcrystalline cellulose, stearic acid, whey granular, potassium chloride, croscarmellose sodium, silica, magnesium stearate, pharmaceutical glaze, talc.<\/td>\n<\/tr>\n<tr>\n<td colspan=\"3\" height=\"10\"><\/td>\n<\/tr>\n<\/tbody>\n<\/table>\n<p><!-- End Product Specification --><\/p>\n<p><!-- Product Declaration --><\/p>\n<div id=\"product-declaration-title\">Nahrungserg\u00e4nzungsmittel<\/div>\n<div class=\"prod-declaration\">\n<div class=\"declar-txt\">\n<p>(* RDA = Tageswert) Die empfohlenen Tagesmengen sollten nicht \u00fcberschritten werden. Das Nahrungserg\u00e4nzungsmittel ist kein Ersatz f\u00fcr eine ausgewogene und abwechslungsreiche Ern\u00e4hrung. Au\u00dferhalb der Reichweite von Kindern aufbewahren.<\/p>\n<\/div>\n<div class=\"declar-img\"><a href=\"https:\/\/nature4me.eu\/wp-content\/themes\/n4mtheme\/images\/declaration\/FL0113_SeniorFormula_EN.pdf\" target=\"_blank\" rel=\"noopener\">View Declaration ENG<\/a><\/div>\n<\/div>\n<p><!-- End Product Declaration --><\/p>\n","protected":false},"excerpt":{"rendered":"<p><!-- Short Details --><\/p>\n<div class=\"short-product-desc\">\n<h2 class=\"details_h3\">Multivitamin f\u00fcr \u00e4ltere Menschen<\/h2>\n<\/div>\n","protected":false},"featured_media":7216,"comment_status":"closed","ping_status":"closed","template":"","meta":{"inline_featured_image":false,"_monsterinsights_skip_tracking":false,"_monsterinsights_sitenote_active":false,"_monsterinsights_sitenote_note":"","_monsterinsights_sitenote_category":0},"product_brand":[],"product_cat":[160],"product_tag":[],"class_list":{"0":"post-5582","1":"product","2":"type-product","3":"status-publish","4":"has-post-thumbnail","6":"product_cat-multivitamine-de","8":"first","9":"instock","10":"taxable","11":"shipping-taxable","12":"purchasable","13":"product-type-simple"},"yoast_head":"<!-- This site is optimized with the Yoast SEO Premium plugin v21.9 (Yoast SEO v26.6) - https:\/\/yoast.com\/wordpress\/plugins\/seo\/ -->\n<title>Senior Formula Multivitamin f\u00fcr Leute<\/title>\n<meta name=\"description\" content=\"Senior Formula ist ein spezielles Multivitamin f\u00fcr Leute \u00fcber 50 erg\u00e4nzt.\" \/>\n<meta name=\"robots\" content=\"index, follow, max-snippet:-1, max-image-preview:large, max-video-preview:-1\" \/>\n<link rel=\"canonical\" href=\"https:\/\/nature4me.eu\/de\/produkt\/senior-formula\/\" \/>\n<meta property=\"og:locale\" content=\"de_DE\" \/>\n<meta property=\"og:type\" content=\"article\" \/>\n<meta property=\"og:title\" content=\"Senior Formula (90 Tabletten)\" \/>\n<meta property=\"og:description\" content=\"Senior Formula ist ein spezielles Multivitamin f\u00fcr Leute \u00fcber 50 erg\u00e4nzt.\" \/>\n<meta property=\"og:url\" content=\"https:\/\/nature4me.eu\/de\/produkt\/senior-formula\/\" \/>\n<meta property=\"og:site_name\" content=\"CaliVita Nature4me\" \/>\n<meta property=\"article:publisher\" content=\"https:\/\/www.facebook.com\/zdravjeiznarave.eu\" \/>\n<meta property=\"article:modified_time\" content=\"2021-12-03T07:35:16+00:00\" \/>\n<meta property=\"og:image\" content=\"https:\/\/nature4me.eu\/wp-content\/uploads\/2016\/11\/Senior-Formula-1.png\" \/>\n\t<meta property=\"og:image:width\" content=\"200\" \/>\n\t<meta property=\"og:image:height\" content=\"361\" \/>\n\t<meta property=\"og:image:type\" content=\"image\/png\" \/>\n<meta name=\"twitter:card\" content=\"summary_large_image\" \/>\n<meta name=\"twitter:label1\" content=\"Gesch\u00e4tzte Lesezeit\" \/>\n\t<meta name=\"twitter:data1\" content=\"1\u00a0Minute\" \/>\n<script type=\"application\/ld+json\" class=\"yoast-schema-graph\">{\"@context\":\"https:\/\/schema.org\",\"@graph\":[{\"@type\":\"WebPage\",\"@id\":\"https:\/\/nature4me.eu\/de\/produkt\/senior-formula\/\",\"url\":\"https:\/\/nature4me.eu\/de\/produkt\/senior-formula\/\",\"name\":\"Senior Formula Multivitamin f\u00fcr Leute\",\"isPartOf\":{\"@id\":\"https:\/\/nature4me.eu\/de\/#website\"},\"primaryImageOfPage\":{\"@id\":\"https:\/\/nature4me.eu\/de\/produkt\/senior-formula\/#primaryimage\"},\"image\":{\"@id\":\"https:\/\/nature4me.eu\/de\/produkt\/senior-formula\/#primaryimage\"},\"thumbnailUrl\":\"https:\/\/nature4me.eu\/wp-content\/uploads\/2016\/11\/Senior-Formula-1.png\",\"datePublished\":\"2021-08-28T16:47:42+00:00\",\"dateModified\":\"2021-12-03T07:35:16+00:00\",\"description\":\"Senior Formula ist ein spezielles Multivitamin f\u00fcr Leute \u00fcber 50 erg\u00e4nzt.\",\"breadcrumb\":{\"@id\":\"https:\/\/nature4me.eu\/de\/produkt\/senior-formula\/#breadcrumb\"},\"inLanguage\":\"de\",\"potentialAction\":[{\"@type\":\"ReadAction\",\"target\":[\"https:\/\/nature4me.eu\/de\/produkt\/senior-formula\/\"]}]},{\"@type\":\"ImageObject\",\"inLanguage\":\"de\",\"@id\":\"https:\/\/nature4me.eu\/de\/produkt\/senior-formula\/#primaryimage\",\"url\":\"https:\/\/nature4me.eu\/wp-content\/uploads\/2016\/11\/Senior-Formula-1.png\",\"contentUrl\":\"https:\/\/nature4me.eu\/wp-content\/uploads\/2016\/11\/Senior-Formula-1.png\",\"width\":200,\"height\":361,\"caption\":\"Multivitamini za starej\u0161e\"},{\"@type\":\"BreadcrumbList\",\"@id\":\"https:\/\/nature4me.eu\/de\/produkt\/senior-formula\/#breadcrumb\",\"itemListElement\":[{\"@type\":\"ListItem\",\"position\":1,\"name\":\"Po\u010detna stranica\",\"item\":\"https:\/\/nature4me.eu\/de\/\"},{\"@type\":\"ListItem\",\"position\":2,\"name\":\"Webshop\",\"item\":\"https:\/\/nature4me.eu\/de\/shop\/\"},{\"@type\":\"ListItem\",\"position\":3,\"name\":\"Senior Formula (90 Tabletten)\"}]},{\"@type\":\"WebSite\",\"@id\":\"https:\/\/nature4me.eu\/de\/#website\",\"url\":\"https:\/\/nature4me.eu\/de\/\",\"name\":\"CaliVita Nature4me\",\"description\":\"CaliVita Nature4me\",\"potentialAction\":[{\"@type\":\"SearchAction\",\"target\":{\"@type\":\"EntryPoint\",\"urlTemplate\":\"https:\/\/nature4me.eu\/de\/?s={search_term_string}\"},\"query-input\":{\"@type\":\"PropertyValueSpecification\",\"valueRequired\":true,\"valueName\":\"search_term_string\"}}],\"inLanguage\":\"de\"}]}<\/script>\n<!-- \/ Yoast SEO Premium plugin. -->","yoast_head_json":{"title":"Senior Formula Multivitamin f\u00fcr Leute","description":"Senior Formula ist ein spezielles Multivitamin f\u00fcr Leute \u00fcber 50 erg\u00e4nzt.","robots":{"index":"index","follow":"follow","max-snippet":"max-snippet:-1","max-image-preview":"max-image-preview:large","max-video-preview":"max-video-preview:-1"},"canonical":"https:\/\/nature4me.eu\/de\/produkt\/senior-formula\/","og_locale":"de_DE","og_type":"article","og_title":"Senior Formula (90 Tabletten)","og_description":"Senior Formula ist ein spezielles Multivitamin f\u00fcr Leute \u00fcber 50 erg\u00e4nzt.","og_url":"https:\/\/nature4me.eu\/de\/produkt\/senior-formula\/","og_site_name":"CaliVita Nature4me","article_publisher":"https:\/\/www.facebook.com\/zdravjeiznarave.eu","article_modified_time":"2021-12-03T07:35:16+00:00","og_image":[{"width":200,"height":361,"url":"https:\/\/nature4me.eu\/wp-content\/uploads\/2016\/11\/Senior-Formula-1.png","type":"image\/png"}],"twitter_card":"summary_large_image","twitter_misc":{"Gesch\u00e4tzte Lesezeit":"1\u00a0Minute"},"schema":{"@context":"https:\/\/schema.org","@graph":[{"@type":"WebPage","@id":"https:\/\/nature4me.eu\/de\/produkt\/senior-formula\/","url":"https:\/\/nature4me.eu\/de\/produkt\/senior-formula\/","name":"Senior Formula Multivitamin f\u00fcr Leute","isPartOf":{"@id":"https:\/\/nature4me.eu\/de\/#website"},"primaryImageOfPage":{"@id":"https:\/\/nature4me.eu\/de\/produkt\/senior-formula\/#primaryimage"},"image":{"@id":"https:\/\/nature4me.eu\/de\/produkt\/senior-formula\/#primaryimage"},"thumbnailUrl":"https:\/\/nature4me.eu\/wp-content\/uploads\/2016\/11\/Senior-Formula-1.png","datePublished":"2021-08-28T16:47:42+00:00","dateModified":"2021-12-03T07:35:16+00:00","description":"Senior Formula ist ein spezielles Multivitamin f\u00fcr Leute \u00fcber 50 erg\u00e4nzt.","breadcrumb":{"@id":"https:\/\/nature4me.eu\/de\/produkt\/senior-formula\/#breadcrumb"},"inLanguage":"de","potentialAction":[{"@type":"ReadAction","target":["https:\/\/nature4me.eu\/de\/produkt\/senior-formula\/"]}]},{"@type":"ImageObject","inLanguage":"de","@id":"https:\/\/nature4me.eu\/de\/produkt\/senior-formula\/#primaryimage","url":"https:\/\/nature4me.eu\/wp-content\/uploads\/2016\/11\/Senior-Formula-1.png","contentUrl":"https:\/\/nature4me.eu\/wp-content\/uploads\/2016\/11\/Senior-Formula-1.png","width":200,"height":361,"caption":"Multivitamini za starej\u0161e"},{"@type":"BreadcrumbList","@id":"https:\/\/nature4me.eu\/de\/produkt\/senior-formula\/#breadcrumb","itemListElement":[{"@type":"ListItem","position":1,"name":"Po\u010detna stranica","item":"https:\/\/nature4me.eu\/de\/"},{"@type":"ListItem","position":2,"name":"Webshop","item":"https:\/\/nature4me.eu\/de\/shop\/"},{"@type":"ListItem","position":3,"name":"Senior Formula (90 Tabletten)"}]},{"@type":"WebSite","@id":"https:\/\/nature4me.eu\/de\/#website","url":"https:\/\/nature4me.eu\/de\/","name":"CaliVita Nature4me","description":"CaliVita Nature4me","potentialAction":[{"@type":"SearchAction","target":{"@type":"EntryPoint","urlTemplate":"https:\/\/nature4me.eu\/de\/?s={search_term_string}"},"query-input":{"@type":"PropertyValueSpecification","valueRequired":true,"valueName":"search_term_string"}}],"inLanguage":"de"}]}},"_links":{"self":[{"href":"https:\/\/nature4me.eu\/de\/wp-json\/wp\/v2\/product\/5582","targetHints":{"allow":["GET"]}}],"collection":[{"href":"https:\/\/nature4me.eu\/de\/wp-json\/wp\/v2\/product"}],"about":[{"href":"https:\/\/nature4me.eu\/de\/wp-json\/wp\/v2\/types\/product"}],"replies":[{"embeddable":true,"href":"https:\/\/nature4me.eu\/de\/wp-json\/wp\/v2\/comments?post=5582"}],"wp:featuredmedia":[{"embeddable":true,"href":"https:\/\/nature4me.eu\/de\/wp-json\/wp\/v2\/media\/7216"}],"wp:attachment":[{"href":"https:\/\/nature4me.eu\/de\/wp-json\/wp\/v2\/media?parent=5582"}],"wp:term":[{"taxonomy":"product_brand","embeddable":true,"href":"https:\/\/nature4me.eu\/de\/wp-json\/wp\/v2\/product_brand?post=5582"},{"taxonomy":"product_cat","embeddable":true,"href":"https:\/\/nature4me.eu\/de\/wp-json\/wp\/v2\/product_cat?post=5582"},{"taxonomy":"product_tag","embeddable":true,"href":"https:\/\/nature4me.eu\/de\/wp-json\/wp\/v2\/product_tag?post=5582"}],"curies":[{"name":"wp","href":"https:\/\/api.w.org\/{rel}","templated":true}]}}