{"id":5584,"date":"2016-11-23T19:14:26","date_gmt":"2021-08-28T17:03:36","guid":{"rendered":"https:\/\/nature4me.eu\/?post_type=product&#038;p=5584"},"modified":"2021-12-03T10:08:49","modified_gmt":"2021-12-03T08:08:49","slug":"power-booster","status":"publish","type":"product","link":"https:\/\/nature4me.eu\/de\/produkt\/power-booster\/","title":{"rendered":"Power Booster (90 Tabletten)"},"content":{"rendered":"<div id=\"product-long-decs\">\n<p>Nach einem Lebensalter von 30 Jahren mindert sich die Aussonderung des Wachstumshormons, deren negative Wirkung viele mit k\u00fcnstlicher Dosierung zu senken versuchen, aber das kann zahlreiche negative Wirkungen haben. Das HGH Support enth\u00e4lt KEIN (!) synthetisches Wachstumshormon, es f\u00f6rdert die innere Aussonderung durch seine nat\u00fcrlichen Grundstoffe. Die positive Wirkungen des Wachstumshormons sind vielseitig: es unterst\u00fctzt die normale Funktion des Immunsystems, f\u00f6rdert das Fettbrennen, f\u00f6rdert die Funktion von Haut, Knorpel und Gewebe, erh\u00f6ht die Proteinsynthese.<\/p>\n<h4>Wem und wozu empfehlen wir es:<\/h4>\n<ul>\n<li>Denjenigen, die regelm\u00e4\u00dfig physikalische Aktivit\u00e4t leisten,<\/li>\n<li>f\u00fcr Sportler wegen der wohltuenden Wirkung auf den Muskelaufbau,<\/li>\n<li>im Alter zur Vorbeugung des Muskelabbaus wegen der nat\u00fcrlichen Lebensprozesse.<\/li>\n<\/ul>\n<\/div>\n<p><!-- Product Specification --><\/p>\n<div id=\"wmark\">\n<div class=\"wmark-bckg\">nature4me.eu<\/div>\n<\/div>\n<table class=\"product_details_body\" border=\"0\" width=\"500\" cellspacing=\"0\" align=\"center\" bgcolor=\"#7CDB8B\">\n<tbody>\n<tr bgcolor=\"#3c8b47\">\n<td height=\"20\"><u>Wirkstoffe Tablette\/Kapsel:<\/u><\/td>\n<td width=\"100\"><span class=\"pvdecla\">(View Declaration)<\/span><\/td>\n<td width=\"70\"><span class=\"pd-rda\">*RDA:<\/span><\/td>\n<\/tr>\n<tr>\n<td>L-arginine pyroglutamate<\/td>\n<td>133.33 mg<\/td>\n<td><\/td>\n<\/tr>\n<tr>\n<td>L-Ornithine Hydrochloride<\/td>\n<td>66.66 mg<\/td>\n<td><\/td>\n<\/tr>\n<tr>\n<td>L-Lysine Hydrochloride<\/td>\n<td>100 mg<\/td>\n<td><\/td>\n<\/tr>\n<tr>\n<td>L-Glycine<\/td>\n<td>16.66 mg<\/td>\n<td><\/td>\n<\/tr>\n<tr>\n<td>Lecithin<\/td>\n<td>61.66 mg<\/td>\n<td><\/td>\n<\/tr>\n<tr>\n<td>Chromium<\/td>\n<td>4 mcg<\/td>\n<td><\/td>\n<\/tr>\n<tr>\n<td>Vicia Faba Major (broad bean) extract<\/td>\n<td>83.33 mg<\/td>\n<td><\/td>\n<\/tr>\n<tr>\n<td>L-Glutamine<\/td>\n<td>100 mg<\/td>\n<td><\/td>\n<\/tr>\n<tr>\n<td>Gamma-Amino Butyric Acid<\/td>\n<td>33.33 mg<\/td>\n<td><\/td>\n<\/tr>\n<tr>\n<td>Vitamin B6<\/td>\n<td>2 mg<\/td>\n<td>100%<\/td>\n<\/tr>\n<tr>\n<td>Vitamin C<\/td>\n<td>40 mg<\/td>\n<td>67%<\/td>\n<\/tr>\n<tr>\n<td colspan=\"3\" height=\"10\"><\/td>\n<\/tr>\n<tr bgcolor=\"#3c8b47\">\n<td colspan=\"3\" height=\"20\"><u>Dosage *RDA:<\/u><\/td>\n<\/tr>\n<tr>\n<td colspan=\"3\" align=\"center\" height=\"15\">2&#215;3 Tabletten t\u00e4glich auf n\u00fcchternen Magen<\/td>\n<\/tr>\n<tr bgcolor=\"#3c8b47\">\n<td colspan=\"3\" height=\"20\"><u>Inaktive Inhaltsstoffe, Warnungen und Produktdeklarationen:<\/u><\/td>\n<\/tr>\n<tr>\n<td colspan=\"3\" height=\"10\">Andere Zutaten: Dicalcium phosphate, microcrystalline cellulose, stearic acid, magnesium stearate.<\/td>\n<\/tr>\n<tr>\n<td colspan=\"3\" height=\"10\"><\/td>\n<\/tr>\n<\/tbody>\n<\/table>\n<p><!-- End Product Specification --><\/p>\n<p><!-- Product Declaration --><\/p>\n<div id=\"product-declaration-title\">Nahrungserg\u00e4nzungsmittel<\/div>\n<div class=\"prod-declaration\">\n<div class=\"declar-txt\">\n<p>Achtung! Wir empfehlen das Produkt nicht f\u00fcr Personen unter 25 Jahren, Diabetespatienten und solche die an Hormonst\u00f6rungen leiden.<\/p>\n<p>(* RDA = Tageswert) Die empfohlenen Tagesmengen sollten nicht \u00fcberschritten werden. Das Nahrungserg\u00e4nzungsmittel ist kein Ersatz f\u00fcr eine ausgewogene und abwechslungsreiche Ern\u00e4hrung. Au\u00dferhalb der Reichweite von Kindern aufbewahren.<\/p>\n<\/div>\n<div class=\"declar-img\"><a href=\"https:\/\/nature4me.eu\/wp-content\/themes\/n4mtheme\/images\/declaration\/CB0002_Natural_HGH_Support_EN.pdf\" target=\"_blank\" rel=\"noopener\">View Declaration ENG<\/a><\/div>\n<\/div>\n<p><!-- End Product Declaration --><\/p>\n","protected":false},"excerpt":{"rendered":"<p><!-- Short Details --><\/p>\n<div class=\"short-product-desc\">\n<h2 class=\"short-product-desc\">Nat\u00fcrlicher Wachstumssteiger<\/h2>\n<\/div>\n","protected":false},"featured_media":7224,"comment_status":"closed","ping_status":"closed","template":"","meta":{"inline_featured_image":false,"_monsterinsights_skip_tracking":false,"_monsterinsights_sitenote_active":false,"_monsterinsights_sitenote_note":"","_monsterinsights_sitenote_category":0},"product_brand":[],"product_cat":[162],"product_tag":[],"class_list":{"0":"post-5584","1":"product","2":"type-product","3":"status-publish","4":"has-post-thumbnail","6":"product_cat-sport-und-erholung-de","8":"first","9":"instock","10":"taxable","11":"shipping-taxable","12":"purchasable","13":"product-type-simple"},"yoast_head":"<!-- This site is optimized with the Yoast SEO Premium plugin v21.9 (Yoast SEO v26.6) - https:\/\/yoast.com\/wordpress\/plugins\/seo\/ -->\n<title>Power Booster, 90 Tabletten<\/title>\n<meta name=\"description\" content=\"Naturlicher Wachstumssteiger\" \/>\n<meta name=\"robots\" content=\"index, follow, max-snippet:-1, max-image-preview:large, max-video-preview:-1\" \/>\n<link rel=\"canonical\" href=\"https:\/\/nature4me.eu\/de\/produkt\/power-booster\/\" \/>\n<meta property=\"og:locale\" content=\"de_DE\" \/>\n<meta property=\"og:type\" content=\"article\" \/>\n<meta property=\"og:title\" content=\"Power Booster (90 Tabletten)\" \/>\n<meta property=\"og:description\" content=\"Naturlicher Wachstumssteiger\" \/>\n<meta property=\"og:url\" content=\"https:\/\/nature4me.eu\/de\/produkt\/power-booster\/\" \/>\n<meta property=\"og:site_name\" content=\"CaliVita Nature4me\" \/>\n<meta property=\"article:publisher\" content=\"https:\/\/www.facebook.com\/zdravjeiznarave.eu\" \/>\n<meta property=\"article:modified_time\" content=\"2021-12-03T08:08:49+00:00\" \/>\n<meta property=\"og:image\" content=\"https:\/\/nature4me.eu\/wp-content\/uploads\/2016\/11\/Power-Booster-1.png\" \/>\n\t<meta property=\"og:image:width\" content=\"200\" \/>\n\t<meta property=\"og:image:height\" content=\"365\" \/>\n\t<meta property=\"og:image:type\" content=\"image\/png\" \/>\n<meta name=\"twitter:card\" content=\"summary_large_image\" \/>\n<meta name=\"twitter:label1\" content=\"Gesch\u00e4tzte Lesezeit\" \/>\n\t<meta name=\"twitter:data1\" content=\"1\u00a0Minute\" \/>\n<script type=\"application\/ld+json\" class=\"yoast-schema-graph\">{\"@context\":\"https:\/\/schema.org\",\"@graph\":[{\"@type\":\"WebPage\",\"@id\":\"https:\/\/nature4me.eu\/de\/produkt\/power-booster\/\",\"url\":\"https:\/\/nature4me.eu\/de\/produkt\/power-booster\/\",\"name\":\"Power Booster, 90 Tabletten\",\"isPartOf\":{\"@id\":\"https:\/\/nature4me.eu\/de\/#website\"},\"primaryImageOfPage\":{\"@id\":\"https:\/\/nature4me.eu\/de\/produkt\/power-booster\/#primaryimage\"},\"image\":{\"@id\":\"https:\/\/nature4me.eu\/de\/produkt\/power-booster\/#primaryimage\"},\"thumbnailUrl\":\"https:\/\/nature4me.eu\/wp-content\/uploads\/2016\/11\/Power-Booster-1.png\",\"datePublished\":\"2021-08-28T17:03:36+00:00\",\"dateModified\":\"2021-12-03T08:08:49+00:00\",\"description\":\"Naturlicher Wachstumssteiger\",\"breadcrumb\":{\"@id\":\"https:\/\/nature4me.eu\/de\/produkt\/power-booster\/#breadcrumb\"},\"inLanguage\":\"de\",\"potentialAction\":[{\"@type\":\"ReadAction\",\"target\":[\"https:\/\/nature4me.eu\/de\/produkt\/power-booster\/\"]}]},{\"@type\":\"ImageObject\",\"inLanguage\":\"de\",\"@id\":\"https:\/\/nature4me.eu\/de\/produkt\/power-booster\/#primaryimage\",\"url\":\"https:\/\/nature4me.eu\/wp-content\/uploads\/2016\/11\/Power-Booster-1.png\",\"contentUrl\":\"https:\/\/nature4me.eu\/wp-content\/uploads\/2016\/11\/Power-Booster-1.png\",\"width\":200,\"height\":365},{\"@type\":\"BreadcrumbList\",\"@id\":\"https:\/\/nature4me.eu\/de\/produkt\/power-booster\/#breadcrumb\",\"itemListElement\":[{\"@type\":\"ListItem\",\"position\":1,\"name\":\"Po\u010detna stranica\",\"item\":\"https:\/\/nature4me.eu\/de\/\"},{\"@type\":\"ListItem\",\"position\":2,\"name\":\"Webshop\",\"item\":\"https:\/\/nature4me.eu\/de\/shop\/\"},{\"@type\":\"ListItem\",\"position\":3,\"name\":\"Power Booster (90 Tabletten)\"}]},{\"@type\":\"WebSite\",\"@id\":\"https:\/\/nature4me.eu\/de\/#website\",\"url\":\"https:\/\/nature4me.eu\/de\/\",\"name\":\"CaliVita Nature4me\",\"description\":\"CaliVita Nature4me\",\"potentialAction\":[{\"@type\":\"SearchAction\",\"target\":{\"@type\":\"EntryPoint\",\"urlTemplate\":\"https:\/\/nature4me.eu\/de\/?s={search_term_string}\"},\"query-input\":{\"@type\":\"PropertyValueSpecification\",\"valueRequired\":true,\"valueName\":\"search_term_string\"}}],\"inLanguage\":\"de\"}]}<\/script>\n<!-- \/ Yoast SEO Premium plugin. -->","yoast_head_json":{"title":"Power Booster, 90 Tabletten","description":"Naturlicher Wachstumssteiger","robots":{"index":"index","follow":"follow","max-snippet":"max-snippet:-1","max-image-preview":"max-image-preview:large","max-video-preview":"max-video-preview:-1"},"canonical":"https:\/\/nature4me.eu\/de\/produkt\/power-booster\/","og_locale":"de_DE","og_type":"article","og_title":"Power Booster (90 Tabletten)","og_description":"Naturlicher Wachstumssteiger","og_url":"https:\/\/nature4me.eu\/de\/produkt\/power-booster\/","og_site_name":"CaliVita Nature4me","article_publisher":"https:\/\/www.facebook.com\/zdravjeiznarave.eu","article_modified_time":"2021-12-03T08:08:49+00:00","og_image":[{"width":200,"height":365,"url":"https:\/\/nature4me.eu\/wp-content\/uploads\/2016\/11\/Power-Booster-1.png","type":"image\/png"}],"twitter_card":"summary_large_image","twitter_misc":{"Gesch\u00e4tzte Lesezeit":"1\u00a0Minute"},"schema":{"@context":"https:\/\/schema.org","@graph":[{"@type":"WebPage","@id":"https:\/\/nature4me.eu\/de\/produkt\/power-booster\/","url":"https:\/\/nature4me.eu\/de\/produkt\/power-booster\/","name":"Power Booster, 90 Tabletten","isPartOf":{"@id":"https:\/\/nature4me.eu\/de\/#website"},"primaryImageOfPage":{"@id":"https:\/\/nature4me.eu\/de\/produkt\/power-booster\/#primaryimage"},"image":{"@id":"https:\/\/nature4me.eu\/de\/produkt\/power-booster\/#primaryimage"},"thumbnailUrl":"https:\/\/nature4me.eu\/wp-content\/uploads\/2016\/11\/Power-Booster-1.png","datePublished":"2021-08-28T17:03:36+00:00","dateModified":"2021-12-03T08:08:49+00:00","description":"Naturlicher Wachstumssteiger","breadcrumb":{"@id":"https:\/\/nature4me.eu\/de\/produkt\/power-booster\/#breadcrumb"},"inLanguage":"de","potentialAction":[{"@type":"ReadAction","target":["https:\/\/nature4me.eu\/de\/produkt\/power-booster\/"]}]},{"@type":"ImageObject","inLanguage":"de","@id":"https:\/\/nature4me.eu\/de\/produkt\/power-booster\/#primaryimage","url":"https:\/\/nature4me.eu\/wp-content\/uploads\/2016\/11\/Power-Booster-1.png","contentUrl":"https:\/\/nature4me.eu\/wp-content\/uploads\/2016\/11\/Power-Booster-1.png","width":200,"height":365},{"@type":"BreadcrumbList","@id":"https:\/\/nature4me.eu\/de\/produkt\/power-booster\/#breadcrumb","itemListElement":[{"@type":"ListItem","position":1,"name":"Po\u010detna stranica","item":"https:\/\/nature4me.eu\/de\/"},{"@type":"ListItem","position":2,"name":"Webshop","item":"https:\/\/nature4me.eu\/de\/shop\/"},{"@type":"ListItem","position":3,"name":"Power Booster (90 Tabletten)"}]},{"@type":"WebSite","@id":"https:\/\/nature4me.eu\/de\/#website","url":"https:\/\/nature4me.eu\/de\/","name":"CaliVita Nature4me","description":"CaliVita Nature4me","potentialAction":[{"@type":"SearchAction","target":{"@type":"EntryPoint","urlTemplate":"https:\/\/nature4me.eu\/de\/?s={search_term_string}"},"query-input":{"@type":"PropertyValueSpecification","valueRequired":true,"valueName":"search_term_string"}}],"inLanguage":"de"}]}},"_links":{"self":[{"href":"https:\/\/nature4me.eu\/de\/wp-json\/wp\/v2\/product\/5584","targetHints":{"allow":["GET"]}}],"collection":[{"href":"https:\/\/nature4me.eu\/de\/wp-json\/wp\/v2\/product"}],"about":[{"href":"https:\/\/nature4me.eu\/de\/wp-json\/wp\/v2\/types\/product"}],"replies":[{"embeddable":true,"href":"https:\/\/nature4me.eu\/de\/wp-json\/wp\/v2\/comments?post=5584"}],"wp:featuredmedia":[{"embeddable":true,"href":"https:\/\/nature4me.eu\/de\/wp-json\/wp\/v2\/media\/7224"}],"wp:attachment":[{"href":"https:\/\/nature4me.eu\/de\/wp-json\/wp\/v2\/media?parent=5584"}],"wp:term":[{"taxonomy":"product_brand","embeddable":true,"href":"https:\/\/nature4me.eu\/de\/wp-json\/wp\/v2\/product_brand?post=5584"},{"taxonomy":"product_cat","embeddable":true,"href":"https:\/\/nature4me.eu\/de\/wp-json\/wp\/v2\/product_cat?post=5584"},{"taxonomy":"product_tag","embeddable":true,"href":"https:\/\/nature4me.eu\/de\/wp-json\/wp\/v2\/product_tag?post=5584"}],"curies":[{"name":"wp","href":"https:\/\/api.w.org\/{rel}","templated":true}]}}