{"id":5587,"date":"2016-11-17T08:12:07","date_gmt":"2021-08-28T17:17:13","guid":{"rendered":"https:\/\/nature4me.eu\/?post_type=product&#038;p=5587"},"modified":"2021-12-03T10:15:55","modified_gmt":"2021-12-03T08:15:55","slug":"polinesian-noni-kapseln","status":"publish","type":"product","link":"https:\/\/nature4me.eu\/de\/produkt\/polinesian-noni-kapseln\/","title":{"rendered":"Polinesian Noni Kapseln"},"content":{"rendered":"<div id=\"product-long-decs\">\n<p>Die wohltuende Wirkung des Saftes Polinesian Noni ist jetzt auch in Form von Kapsel auszuprobieren. Jede einzelne Noni Kapsel enth\u00e4lt 400 mg wertvollen Wirkstoff. Die besonderen Komponente der Frucht Noni f\u00f6rdern das Bewahren, die Wiederherstellung der Gesundheit: sollte es um Entschlackung oder eine Periode gehen, wann unser Immunsystem eine gr\u00f6\u00dfere Unterst\u00fctzung braucht.<\/p>\n<h4>Wem und wozu empfehlen wir es:<\/h4>\n<ul>\n<li>Zur Verbesserung des Widerstandsf\u00e4higkeit des Organismus,<\/li>\n<li>zur F\u00f6rderung der ausgeglichenen Funktion des Organismus,<\/li>\n<li>zur Steigerung und zum Bewahren des allgemeinen Energiespiegels,<\/li>\n<li>zur Erg\u00e4nzung von Entschlackungen.<\/li>\n<\/ul>\n<\/div>\n<p><!-- Product Specification --><\/p>\n<table class=\"product_details_body\" border=\"0\" width=\"500\" cellspacing=\"0\" align=\"center\" bgcolor=\"#7CDB8B\">\n<tbody>\n<tr bgcolor=\">\n<td height=\"20\"><u>Wirkstoffe Tablette\/Kapsel:<\/u><\/td>\n<td width=\"100\"><span class=\"pvdecla\">(View Declaration)<\/span><\/td>\n<td width=\"70\"><span class=\"pd-rda\">*RDA:<\/span><\/td>\n<\/tr>\n<tr>\n<td>Noni<\/td>\n<td>400 mg<\/td>\n<td><\/td>\n<\/tr>\n<tr>\n<td colspan=\"3\" height=\"10\"><\/td>\n<\/tr>\n<tr bgcolor=>\n<td colspan=\"3\" height=\"20\"><u>Dosage *RDA:<\/u><\/td>\n<\/tr>\n<tr>\n<td colspan=\"3\" align=\"center\" height=\"15\">1 Kapsel t\u00e4glich auf n\u00fcchternen Magen.<\/td>\n<\/tr>\n<tr bgcolor=>\n<td colspan=\"3\" height=\"20\"><u>Inaktive Inhaltsstoffe, Warnungen und Produktdeklarationen:<\/u><\/td>\n<\/tr>\n<tr>\n<td colspan=\"3\" height=\"10\">Andere Zutaten: Gelatin.<\/td>\n<\/tr>\n<tr>\n<td colspan=\"3\" height=\"10\"><\/td>\n<\/tr>\n<\/tbody>\n<\/table>\n<p><!-- End Product Specification --><\/p>\n<p><!-- Product Declaration --><\/p>\n<div id=\"product-declaration-title\">Nahrungserg\u00e4nzungsmittel<\/div>\n<div class=\"prod-declaration\">\n<div class=\"declar-txt\">\n<p>(* RDA = Tageswert) Die empfohlenen Tagesmengen sollten nicht \u00fcberschritten werden. Das Nahrungserg\u00e4nzungsmittel ist kein Ersatz f\u00fcr eine ausgewogene und abwechslungsreiche Ern\u00e4hrung. Au\u00dferhalb der Reichweite von Kindern aufbewahren.<\/p>\n<\/div>\n<div class=\"declar-img\"><a href=\"https:\/\/nature4me.eu\/wp-content\/themes\/n4mtheme\/images\/declaration\/FL0120_Noni_caps_EN.pdf\" target=\"_blank\" rel=\"noopener\">View Declaration ENG<\/a><\/div>\n<\/div>\n<p><!-- End Product Declaration --><\/p>\n","protected":false},"excerpt":{"rendered":"<p><!-- Short Details --><\/p>\n<div class=\"short-product-desc\">\n<h2 class=\"short-product-desc\">Morinda Citrifolia kapseln<\/h2>\n<\/div>\n","protected":false},"featured_media":7228,"comment_status":"closed","ping_status":"closed","template":"","meta":{"inline_featured_image":false,"_monsterinsights_skip_tracking":false,"_monsterinsights_sitenote_active":false,"_monsterinsights_sitenote_note":"","_monsterinsights_sitenote_category":0},"product_brand":[],"product_cat":[157],"product_tag":[],"class_list":{"0":"post-5587","1":"product","2":"type-product","3":"status-publish","4":"has-post-thumbnail","6":"product_cat-pflanzenextrakte-de","8":"first","9":"instock","10":"taxable","11":"shipping-taxable","12":"purchasable","13":"product-type-simple"},"yoast_head":"<!-- This site is optimized with the Yoast SEO Premium plugin v21.9 (Yoast SEO v26.6) - https:\/\/yoast.com\/wordpress\/plugins\/seo\/ -->\n<title>Noni Kapseln CaliVita - Nature4Me<\/title>\n<meta name=\"description\" content=\"Noni Kapseln\" \/>\n<meta name=\"robots\" content=\"index, follow, max-snippet:-1, max-image-preview:large, max-video-preview:-1\" \/>\n<link rel=\"canonical\" href=\"https:\/\/nature4me.eu\/de\/produkt\/polinesian-noni-kapseln\/\" \/>\n<meta property=\"og:locale\" content=\"de_DE\" \/>\n<meta property=\"og:type\" content=\"article\" \/>\n<meta property=\"og:title\" content=\"Polinesian Noni Kapseln\" \/>\n<meta property=\"og:description\" content=\"Noni Kapseln\" \/>\n<meta property=\"og:url\" content=\"https:\/\/nature4me.eu\/de\/produkt\/polinesian-noni-kapseln\/\" \/>\n<meta property=\"og:site_name\" content=\"CaliVita Nature4me\" \/>\n<meta property=\"article:publisher\" content=\"https:\/\/www.facebook.com\/zdravjeiznarave.eu\" \/>\n<meta property=\"article:modified_time\" content=\"2021-12-03T08:15:55+00:00\" \/>\n<meta property=\"og:image\" content=\"https:\/\/nature4me.eu\/wp-content\/uploads\/2016\/11\/Noni-kapsule-1.png\" \/>\n\t<meta property=\"og:image:width\" content=\"200\" \/>\n\t<meta property=\"og:image:height\" content=\"382\" \/>\n\t<meta property=\"og:image:type\" content=\"image\/png\" \/>\n<meta name=\"twitter:card\" content=\"summary_large_image\" \/>\n<script type=\"application\/ld+json\" class=\"yoast-schema-graph\">{\"@context\":\"https:\/\/schema.org\",\"@graph\":[{\"@type\":\"WebPage\",\"@id\":\"https:\/\/nature4me.eu\/de\/produkt\/polinesian-noni-kapseln\/\",\"url\":\"https:\/\/nature4me.eu\/de\/produkt\/polinesian-noni-kapseln\/\",\"name\":\"Noni Kapseln CaliVita - Nature4Me\",\"isPartOf\":{\"@id\":\"https:\/\/nature4me.eu\/de\/#website\"},\"primaryImageOfPage\":{\"@id\":\"https:\/\/nature4me.eu\/de\/produkt\/polinesian-noni-kapseln\/#primaryimage\"},\"image\":{\"@id\":\"https:\/\/nature4me.eu\/de\/produkt\/polinesian-noni-kapseln\/#primaryimage\"},\"thumbnailUrl\":\"https:\/\/nature4me.eu\/wp-content\/uploads\/2016\/11\/Noni-kapsule-1.png\",\"datePublished\":\"2021-08-28T17:17:13+00:00\",\"dateModified\":\"2021-12-03T08:15:55+00:00\",\"description\":\"Noni Kapseln\",\"breadcrumb\":{\"@id\":\"https:\/\/nature4me.eu\/de\/produkt\/polinesian-noni-kapseln\/#breadcrumb\"},\"inLanguage\":\"de\",\"potentialAction\":[{\"@type\":\"ReadAction\",\"target\":[\"https:\/\/nature4me.eu\/de\/produkt\/polinesian-noni-kapseln\/\"]}]},{\"@type\":\"ImageObject\",\"inLanguage\":\"de\",\"@id\":\"https:\/\/nature4me.eu\/de\/produkt\/polinesian-noni-kapseln\/#primaryimage\",\"url\":\"https:\/\/nature4me.eu\/wp-content\/uploads\/2016\/11\/Noni-kapsule-1.png\",\"contentUrl\":\"https:\/\/nature4me.eu\/wp-content\/uploads\/2016\/11\/Noni-kapsule-1.png\",\"width\":200,\"height\":382},{\"@type\":\"BreadcrumbList\",\"@id\":\"https:\/\/nature4me.eu\/de\/produkt\/polinesian-noni-kapseln\/#breadcrumb\",\"itemListElement\":[{\"@type\":\"ListItem\",\"position\":1,\"name\":\"Po\u010detna stranica\",\"item\":\"https:\/\/nature4me.eu\/de\/\"},{\"@type\":\"ListItem\",\"position\":2,\"name\":\"Webshop\",\"item\":\"https:\/\/nature4me.eu\/de\/shop\/\"},{\"@type\":\"ListItem\",\"position\":3,\"name\":\"Polinesian Noni Kapseln\"}]},{\"@type\":\"WebSite\",\"@id\":\"https:\/\/nature4me.eu\/de\/#website\",\"url\":\"https:\/\/nature4me.eu\/de\/\",\"name\":\"CaliVita Nature4me\",\"description\":\"CaliVita Nature4me\",\"potentialAction\":[{\"@type\":\"SearchAction\",\"target\":{\"@type\":\"EntryPoint\",\"urlTemplate\":\"https:\/\/nature4me.eu\/de\/?s={search_term_string}\"},\"query-input\":{\"@type\":\"PropertyValueSpecification\",\"valueRequired\":true,\"valueName\":\"search_term_string\"}}],\"inLanguage\":\"de\"}]}<\/script>\n<!-- \/ Yoast SEO Premium plugin. -->","yoast_head_json":{"title":"Noni Kapseln CaliVita - Nature4Me","description":"Noni Kapseln","robots":{"index":"index","follow":"follow","max-snippet":"max-snippet:-1","max-image-preview":"max-image-preview:large","max-video-preview":"max-video-preview:-1"},"canonical":"https:\/\/nature4me.eu\/de\/produkt\/polinesian-noni-kapseln\/","og_locale":"de_DE","og_type":"article","og_title":"Polinesian Noni Kapseln","og_description":"Noni Kapseln","og_url":"https:\/\/nature4me.eu\/de\/produkt\/polinesian-noni-kapseln\/","og_site_name":"CaliVita Nature4me","article_publisher":"https:\/\/www.facebook.com\/zdravjeiznarave.eu","article_modified_time":"2021-12-03T08:15:55+00:00","og_image":[{"width":200,"height":382,"url":"https:\/\/nature4me.eu\/wp-content\/uploads\/2016\/11\/Noni-kapsule-1.png","type":"image\/png"}],"twitter_card":"summary_large_image","schema":{"@context":"https:\/\/schema.org","@graph":[{"@type":"WebPage","@id":"https:\/\/nature4me.eu\/de\/produkt\/polinesian-noni-kapseln\/","url":"https:\/\/nature4me.eu\/de\/produkt\/polinesian-noni-kapseln\/","name":"Noni Kapseln CaliVita - Nature4Me","isPartOf":{"@id":"https:\/\/nature4me.eu\/de\/#website"},"primaryImageOfPage":{"@id":"https:\/\/nature4me.eu\/de\/produkt\/polinesian-noni-kapseln\/#primaryimage"},"image":{"@id":"https:\/\/nature4me.eu\/de\/produkt\/polinesian-noni-kapseln\/#primaryimage"},"thumbnailUrl":"https:\/\/nature4me.eu\/wp-content\/uploads\/2016\/11\/Noni-kapsule-1.png","datePublished":"2021-08-28T17:17:13+00:00","dateModified":"2021-12-03T08:15:55+00:00","description":"Noni Kapseln","breadcrumb":{"@id":"https:\/\/nature4me.eu\/de\/produkt\/polinesian-noni-kapseln\/#breadcrumb"},"inLanguage":"de","potentialAction":[{"@type":"ReadAction","target":["https:\/\/nature4me.eu\/de\/produkt\/polinesian-noni-kapseln\/"]}]},{"@type":"ImageObject","inLanguage":"de","@id":"https:\/\/nature4me.eu\/de\/produkt\/polinesian-noni-kapseln\/#primaryimage","url":"https:\/\/nature4me.eu\/wp-content\/uploads\/2016\/11\/Noni-kapsule-1.png","contentUrl":"https:\/\/nature4me.eu\/wp-content\/uploads\/2016\/11\/Noni-kapsule-1.png","width":200,"height":382},{"@type":"BreadcrumbList","@id":"https:\/\/nature4me.eu\/de\/produkt\/polinesian-noni-kapseln\/#breadcrumb","itemListElement":[{"@type":"ListItem","position":1,"name":"Po\u010detna stranica","item":"https:\/\/nature4me.eu\/de\/"},{"@type":"ListItem","position":2,"name":"Webshop","item":"https:\/\/nature4me.eu\/de\/shop\/"},{"@type":"ListItem","position":3,"name":"Polinesian Noni Kapseln"}]},{"@type":"WebSite","@id":"https:\/\/nature4me.eu\/de\/#website","url":"https:\/\/nature4me.eu\/de\/","name":"CaliVita Nature4me","description":"CaliVita Nature4me","potentialAction":[{"@type":"SearchAction","target":{"@type":"EntryPoint","urlTemplate":"https:\/\/nature4me.eu\/de\/?s={search_term_string}"},"query-input":{"@type":"PropertyValueSpecification","valueRequired":true,"valueName":"search_term_string"}}],"inLanguage":"de"}]}},"_links":{"self":[{"href":"https:\/\/nature4me.eu\/de\/wp-json\/wp\/v2\/product\/5587","targetHints":{"allow":["GET"]}}],"collection":[{"href":"https:\/\/nature4me.eu\/de\/wp-json\/wp\/v2\/product"}],"about":[{"href":"https:\/\/nature4me.eu\/de\/wp-json\/wp\/v2\/types\/product"}],"replies":[{"embeddable":true,"href":"https:\/\/nature4me.eu\/de\/wp-json\/wp\/v2\/comments?post=5587"}],"wp:featuredmedia":[{"embeddable":true,"href":"https:\/\/nature4me.eu\/de\/wp-json\/wp\/v2\/media\/7228"}],"wp:attachment":[{"href":"https:\/\/nature4me.eu\/de\/wp-json\/wp\/v2\/media?parent=5587"}],"wp:term":[{"taxonomy":"product_brand","embeddable":true,"href":"https:\/\/nature4me.eu\/de\/wp-json\/wp\/v2\/product_brand?post=5587"},{"taxonomy":"product_cat","embeddable":true,"href":"https:\/\/nature4me.eu\/de\/wp-json\/wp\/v2\/product_cat?post=5587"},{"taxonomy":"product_tag","embeddable":true,"href":"https:\/\/nature4me.eu\/de\/wp-json\/wp\/v2\/product_tag?post=5587"}],"curies":[{"name":"wp","href":"https:\/\/api.w.org\/{rel}","templated":true}]}}