{"id":5591,"date":"2016-11-11T19:46:22","date_gmt":"2021-08-28T17:52:50","guid":{"rendered":"https:\/\/nature4me.eu\/?post_type=product&#038;p=5591"},"modified":"2021-12-03T10:25:17","modified_gmt":"2021-12-03T08:25:17","slug":"mega-b-complex","status":"publish","type":"product","link":"https:\/\/nature4me.eu\/de\/produkt\/mega-b-complex\/","title":{"rendered":"Mega B Complex (100 Tabletten)"},"content":{"rendered":"<div id=\"product-long-decs\">\n<p>Sind Sie einem extremen Stress ausgesetzt? Haben Sie es immer eilig? M\u00f6chten Sie trotzdem etwas f\u00fcr Ihre Gesundheit tun? Nehmen Sie jeden Tag mindestens eine Minute f\u00fcr sich selbst, wann Sie die Tablette von Mega B Complex mit angemessener Fl\u00fcssigkeit einnehmen. Diese Tablette mit kontinuierlicher Absorption mit Megadosis, die das ganze Vitamin B enth\u00e4lt, kann helfen, die geistige Frische zu bewahren. Der Mega B Complex unterst\u00fctzt au\u00dfer der gesunden Funktion des Nervensystems und der gesunden Schleimhaut auch das Immunsystem.<\/p>\n<h4>Wem und wozu empfehlen wir es:<\/h4>\n<ul>\n<li>Bei extrem gro\u00dfer geistiger Belastung, zum Beispiel in der vorlesungsfreien Zeit oder bei termingebundenen Arbeiten,<\/li>\n<li>bei erh\u00f6hter physikalischer Belastung, zur Senkung von M\u00fcdigkeit und Erm\u00fcdung.<\/li>\n<\/ul>\n<\/div>\n<p><!-- Product Specification --><\/p>\n<div id=\"wmark\">\n<div class=\"wmark-bckg\">nature4me.eu<\/div>\n<\/div>\n<table class=\"product_details_body\" border=\"0\" width=\"500\" cellspacing=\"0\" align=\"center\" bgcolor=\"#7CDB8B\">\n<tbody>\n<tr bgcolor=\"#3c8b47\">\n<td height=\"20\"><u>Active ingredients:<\/u><\/td>\n<td width=\"100\"><span class=\"pvdecla\">(View Declaration)<\/span><\/td>\n<td width=\"70\"><span class=\"pd-rda\">*RDA:<\/span><\/td>\n<\/tr>\n<tr>\n<td>Vitamin B1<\/td>\n<td>100 mg<\/td>\n<td>6667%<\/td>\n<\/tr>\n<tr>\n<td>Vitamin B2<\/td>\n<td>100 mg<\/td>\n<td>5882%<\/td>\n<\/tr>\n<tr>\n<td>Vitamin B6<\/td>\n<td>100 mg<\/td>\n<td>5000%<\/td>\n<\/tr>\n<tr>\n<td>Inositol<\/td>\n<td>100 mg<\/td>\n<td><\/td>\n<\/tr>\n<tr>\n<td>Folic acid<\/td>\n<td>125 mcg<\/td>\n<td>31%<\/td>\n<\/tr>\n<tr>\n<td>Vitamin B12<\/td>\n<td>100 mcg<\/td>\n<td>1667%<\/td>\n<\/tr>\n<tr>\n<td>Biotin<\/td>\n<td>100 mcg<\/td>\n<td>33%<\/td>\n<\/tr>\n<tr>\n<td>Choline<\/td>\n<td>100 mg<\/td>\n<td><\/td>\n<\/tr>\n<tr>\n<td>Niacinamide<\/td>\n<td>100 mg<\/td>\n<td>500%<\/td>\n<\/tr>\n<tr>\n<td>PABA<\/td>\n<td>100 mg<\/td>\n<td><\/td>\n<\/tr>\n<tr>\n<td>Pantothenic acid<\/td>\n<td>100 mg<\/td>\n<td>1000%<\/td>\n<\/tr>\n<tr>\n<td colspan=\"3\" height=\"10\"><\/td>\n<\/tr>\n<tr bgcolor=\"#3c8b47\">\n<td colspan=\"3\" height=\"20\"><u>Dosierung *RDA:<\/u><\/td>\n<\/tr>\n<tr>\n<td colspan=\"3\" align=\"center\" height=\"15\">1 Tablette t\u00e4glich.<\/td>\n<\/tr>\n<tr bgcolor=\"#3c8b47\">\n<td colspan=\"3\" height=\"20\"><u>Inaktive Inhaltsstoffe, Warnungen und Produktdeklarationen:<\/u><\/td>\n<\/tr>\n<tr>\n<td colspan=\"3\" height=\"10\">Andere Zutaten: Microcrystalline cellulose, calcium carbonate, stearic acid, magnesium stearate, silicon dioxide, croscarmellose sodium, pharmaceutical glaze, talc.<\/td>\n<\/tr>\n<tr>\n<td colspan=\"3\" height=\"10\"><\/td>\n<\/tr>\n<\/tbody>\n<\/table>\n<p><!-- End Product Specification --><\/p>\n<p><!-- Product Declaration --><\/p>\n<div id=\"product-declaration-title\">Nahrungserg\u00e4nzungsmittel<\/div>\n<div class=\"prod-declaration\">\n<div class=\"declar-txt\">\n<p>(* RDA = Tageswert) Die empfohlenen Tagesmengen sollten nicht \u00fcberschritten werden. Das Nahrungserg\u00e4nzungsmittel ist kein Ersatz f\u00fcr eine ausgewogene und abwechslungsreiche Ern\u00e4hrung. Au\u00dferhalb der Reichweite von Kindern aufbewahren.<\/p>\n<\/div>\n<div class=\"declar-img\"><a href=\"https:\/\/nature4me.eu\/wp-content\/themes\/n4mtheme\/images\/declaration\/FL0078_MegaB_Complex_EN.pdf\" target=\"_blank\" rel=\"noopener\">View Declaration ENG<\/a><\/div>\n<\/div>\n","protected":false},"excerpt":{"rendered":"<p><!-- Short Details --><\/p>\n<div class=\"short-product-desc\">\n<h2 class=\"details_name\">Megadose Vitamin B<\/h2>\n<\/div>\n","protected":false},"featured_media":7236,"comment_status":"closed","ping_status":"closed","template":"","meta":{"inline_featured_image":false,"_monsterinsights_skip_tracking":false,"_monsterinsights_sitenote_active":false,"_monsterinsights_sitenote_note":"","_monsterinsights_sitenote_category":0},"product_brand":[],"product_cat":[166],"product_tag":[],"class_list":{"0":"post-5591","1":"product","2":"type-product","3":"status-publish","4":"has-post-thumbnail","6":"product_cat-vitamine-de","8":"first","9":"instock","10":"taxable","11":"shipping-taxable","12":"purchasable","13":"product-type-simple"},"yoast_head":"<!-- This site is optimized with the Yoast SEO Premium plugin v21.9 (Yoast SEO v26.6) - https:\/\/yoast.com\/wordpress\/plugins\/seo\/ -->\n<title>vitamin B megadose<\/title>\n<meta name=\"description\" content=\"Der Mega B Complex unterst\u00fctzt au\u00dfer der gesunden Funktion des Nervensystems auch das Immunsystem.\" \/>\n<meta name=\"robots\" content=\"index, follow, max-snippet:-1, max-image-preview:large, max-video-preview:-1\" \/>\n<link rel=\"canonical\" href=\"https:\/\/nature4me.eu\/de\/produkt\/mega-b-complex\/\" \/>\n<meta property=\"og:locale\" content=\"de_DE\" \/>\n<meta property=\"og:type\" content=\"article\" \/>\n<meta property=\"og:title\" content=\"Mega B Complex (100 Tabletten)\" \/>\n<meta property=\"og:description\" content=\"Der Mega B Complex unterst\u00fctzt au\u00dfer der gesunden Funktion des Nervensystems auch das Immunsystem.\" \/>\n<meta property=\"og:url\" content=\"https:\/\/nature4me.eu\/de\/produkt\/mega-b-complex\/\" \/>\n<meta property=\"og:site_name\" content=\"CaliVita Nature4me\" \/>\n<meta property=\"article:publisher\" content=\"https:\/\/www.facebook.com\/zdravjeiznarave.eu\" \/>\n<meta property=\"article:modified_time\" content=\"2021-12-03T08:25:17+00:00\" \/>\n<meta property=\"og:image\" content=\"https:\/\/nature4me.eu\/wp-content\/uploads\/2016\/11\/Mega-B-Complex-1.png\" \/>\n\t<meta property=\"og:image:width\" content=\"200\" \/>\n\t<meta property=\"og:image:height\" content=\"389\" \/>\n\t<meta property=\"og:image:type\" content=\"image\/png\" \/>\n<meta name=\"twitter:card\" content=\"summary_large_image\" \/>\n<meta name=\"twitter:label1\" content=\"Gesch\u00e4tzte Lesezeit\" \/>\n\t<meta name=\"twitter:data1\" content=\"1\u00a0Minute\" \/>\n<script type=\"application\/ld+json\" class=\"yoast-schema-graph\">{\"@context\":\"https:\/\/schema.org\",\"@graph\":[{\"@type\":\"WebPage\",\"@id\":\"https:\/\/nature4me.eu\/de\/produkt\/mega-b-complex\/\",\"url\":\"https:\/\/nature4me.eu\/de\/produkt\/mega-b-complex\/\",\"name\":\"vitamin B megadose\",\"isPartOf\":{\"@id\":\"https:\/\/nature4me.eu\/de\/#website\"},\"primaryImageOfPage\":{\"@id\":\"https:\/\/nature4me.eu\/de\/produkt\/mega-b-complex\/#primaryimage\"},\"image\":{\"@id\":\"https:\/\/nature4me.eu\/de\/produkt\/mega-b-complex\/#primaryimage\"},\"thumbnailUrl\":\"https:\/\/nature4me.eu\/wp-content\/uploads\/2016\/11\/Mega-B-Complex-1.png\",\"datePublished\":\"2021-08-28T17:52:50+00:00\",\"dateModified\":\"2021-12-03T08:25:17+00:00\",\"description\":\"Der Mega B Complex unterst\u00fctzt au\u00dfer der gesunden Funktion des Nervensystems auch das Immunsystem.\",\"breadcrumb\":{\"@id\":\"https:\/\/nature4me.eu\/de\/produkt\/mega-b-complex\/#breadcrumb\"},\"inLanguage\":\"de\",\"potentialAction\":[{\"@type\":\"ReadAction\",\"target\":[\"https:\/\/nature4me.eu\/de\/produkt\/mega-b-complex\/\"]}]},{\"@type\":\"ImageObject\",\"inLanguage\":\"de\",\"@id\":\"https:\/\/nature4me.eu\/de\/produkt\/mega-b-complex\/#primaryimage\",\"url\":\"https:\/\/nature4me.eu\/wp-content\/uploads\/2016\/11\/Mega-B-Complex-1.png\",\"contentUrl\":\"https:\/\/nature4me.eu\/wp-content\/uploads\/2016\/11\/Mega-B-Complex-1.png\",\"width\":200,\"height\":389,\"caption\":\"Mega odmerek vitamina B\"},{\"@type\":\"BreadcrumbList\",\"@id\":\"https:\/\/nature4me.eu\/de\/produkt\/mega-b-complex\/#breadcrumb\",\"itemListElement\":[{\"@type\":\"ListItem\",\"position\":1,\"name\":\"Po\u010detna stranica\",\"item\":\"https:\/\/nature4me.eu\/de\/\"},{\"@type\":\"ListItem\",\"position\":2,\"name\":\"Webshop\",\"item\":\"https:\/\/nature4me.eu\/de\/shop\/\"},{\"@type\":\"ListItem\",\"position\":3,\"name\":\"Mega B Complex (100 Tabletten)\"}]},{\"@type\":\"WebSite\",\"@id\":\"https:\/\/nature4me.eu\/de\/#website\",\"url\":\"https:\/\/nature4me.eu\/de\/\",\"name\":\"CaliVita Nature4me\",\"description\":\"CaliVita Nature4me\",\"potentialAction\":[{\"@type\":\"SearchAction\",\"target\":{\"@type\":\"EntryPoint\",\"urlTemplate\":\"https:\/\/nature4me.eu\/de\/?s={search_term_string}\"},\"query-input\":{\"@type\":\"PropertyValueSpecification\",\"valueRequired\":true,\"valueName\":\"search_term_string\"}}],\"inLanguage\":\"de\"}]}<\/script>\n<!-- \/ Yoast SEO Premium plugin. -->","yoast_head_json":{"title":"vitamin B megadose","description":"Der Mega B Complex unterst\u00fctzt au\u00dfer der gesunden Funktion des Nervensystems auch das Immunsystem.","robots":{"index":"index","follow":"follow","max-snippet":"max-snippet:-1","max-image-preview":"max-image-preview:large","max-video-preview":"max-video-preview:-1"},"canonical":"https:\/\/nature4me.eu\/de\/produkt\/mega-b-complex\/","og_locale":"de_DE","og_type":"article","og_title":"Mega B Complex (100 Tabletten)","og_description":"Der Mega B Complex unterst\u00fctzt au\u00dfer der gesunden Funktion des Nervensystems auch das Immunsystem.","og_url":"https:\/\/nature4me.eu\/de\/produkt\/mega-b-complex\/","og_site_name":"CaliVita Nature4me","article_publisher":"https:\/\/www.facebook.com\/zdravjeiznarave.eu","article_modified_time":"2021-12-03T08:25:17+00:00","og_image":[{"width":200,"height":389,"url":"https:\/\/nature4me.eu\/wp-content\/uploads\/2016\/11\/Mega-B-Complex-1.png","type":"image\/png"}],"twitter_card":"summary_large_image","twitter_misc":{"Gesch\u00e4tzte Lesezeit":"1\u00a0Minute"},"schema":{"@context":"https:\/\/schema.org","@graph":[{"@type":"WebPage","@id":"https:\/\/nature4me.eu\/de\/produkt\/mega-b-complex\/","url":"https:\/\/nature4me.eu\/de\/produkt\/mega-b-complex\/","name":"vitamin B megadose","isPartOf":{"@id":"https:\/\/nature4me.eu\/de\/#website"},"primaryImageOfPage":{"@id":"https:\/\/nature4me.eu\/de\/produkt\/mega-b-complex\/#primaryimage"},"image":{"@id":"https:\/\/nature4me.eu\/de\/produkt\/mega-b-complex\/#primaryimage"},"thumbnailUrl":"https:\/\/nature4me.eu\/wp-content\/uploads\/2016\/11\/Mega-B-Complex-1.png","datePublished":"2021-08-28T17:52:50+00:00","dateModified":"2021-12-03T08:25:17+00:00","description":"Der Mega B Complex unterst\u00fctzt au\u00dfer der gesunden Funktion des Nervensystems auch das Immunsystem.","breadcrumb":{"@id":"https:\/\/nature4me.eu\/de\/produkt\/mega-b-complex\/#breadcrumb"},"inLanguage":"de","potentialAction":[{"@type":"ReadAction","target":["https:\/\/nature4me.eu\/de\/produkt\/mega-b-complex\/"]}]},{"@type":"ImageObject","inLanguage":"de","@id":"https:\/\/nature4me.eu\/de\/produkt\/mega-b-complex\/#primaryimage","url":"https:\/\/nature4me.eu\/wp-content\/uploads\/2016\/11\/Mega-B-Complex-1.png","contentUrl":"https:\/\/nature4me.eu\/wp-content\/uploads\/2016\/11\/Mega-B-Complex-1.png","width":200,"height":389,"caption":"Mega odmerek vitamina B"},{"@type":"BreadcrumbList","@id":"https:\/\/nature4me.eu\/de\/produkt\/mega-b-complex\/#breadcrumb","itemListElement":[{"@type":"ListItem","position":1,"name":"Po\u010detna stranica","item":"https:\/\/nature4me.eu\/de\/"},{"@type":"ListItem","position":2,"name":"Webshop","item":"https:\/\/nature4me.eu\/de\/shop\/"},{"@type":"ListItem","position":3,"name":"Mega B Complex (100 Tabletten)"}]},{"@type":"WebSite","@id":"https:\/\/nature4me.eu\/de\/#website","url":"https:\/\/nature4me.eu\/de\/","name":"CaliVita Nature4me","description":"CaliVita Nature4me","potentialAction":[{"@type":"SearchAction","target":{"@type":"EntryPoint","urlTemplate":"https:\/\/nature4me.eu\/de\/?s={search_term_string}"},"query-input":{"@type":"PropertyValueSpecification","valueRequired":true,"valueName":"search_term_string"}}],"inLanguage":"de"}]}},"_links":{"self":[{"href":"https:\/\/nature4me.eu\/de\/wp-json\/wp\/v2\/product\/5591","targetHints":{"allow":["GET"]}}],"collection":[{"href":"https:\/\/nature4me.eu\/de\/wp-json\/wp\/v2\/product"}],"about":[{"href":"https:\/\/nature4me.eu\/de\/wp-json\/wp\/v2\/types\/product"}],"replies":[{"embeddable":true,"href":"https:\/\/nature4me.eu\/de\/wp-json\/wp\/v2\/comments?post=5591"}],"wp:featuredmedia":[{"embeddable":true,"href":"https:\/\/nature4me.eu\/de\/wp-json\/wp\/v2\/media\/7236"}],"wp:attachment":[{"href":"https:\/\/nature4me.eu\/de\/wp-json\/wp\/v2\/media?parent=5591"}],"wp:term":[{"taxonomy":"product_brand","embeddable":true,"href":"https:\/\/nature4me.eu\/de\/wp-json\/wp\/v2\/product_brand?post=5591"},{"taxonomy":"product_cat","embeddable":true,"href":"https:\/\/nature4me.eu\/de\/wp-json\/wp\/v2\/product_cat?post=5591"},{"taxonomy":"product_tag","embeddable":true,"href":"https:\/\/nature4me.eu\/de\/wp-json\/wp\/v2\/product_tag?post=5591"}],"curies":[{"name":"wp","href":"https:\/\/api.w.org\/{rel}","templated":true}]}}