{"id":5592,"date":"2016-11-11T09:59:00","date_gmt":"2021-08-28T18:06:04","guid":{"rendered":"https:\/\/nature4me.eu\/?post_type=product&#038;p=5592"},"modified":"2021-12-03T10:26:47","modified_gmt":"2021-12-03T08:26:47","slug":"d-drops-pack","status":"publish","type":"product","link":"https:\/\/nature4me.eu\/de\/produkt\/d-drops-pack\/","title":{"rendered":"D drops pack (4 x 30 ml)"},"content":{"rendered":"<div id=\"product-long-decs\">\n<p>Der Vitamin D-Mangel betrifft nach Sch\u00e4tzungen 70% der Bev\u00f6lkerung. Wir haben den Wirkstoff von D-drops, das Vitamin D3 aus Kabeljauleber entnommen und dazu haben wir nat\u00fcrliche Aromen zugegeben. Seine Dosierung ist einfach, es kann sowohl in Getr\u00e4nke als auch in Speisen dazugegeben werden. Seine fl\u00fcssige Form sichert f\u00fcr die ganze Familie die Versorgung mit Vitamin D.<\/p>\n<h4>Wem und wozu empfehlen wir es:<\/h4>\n<ul>\n<li>Denjenigen, die den gr\u00f6\u00dften Teil eines Tages an einem geschlossenen Ort verbringen,<\/li>\n<li>denjenigen, die \u00dcbergewicht haben, da ihr Vitamin D-Bedarf h\u00f6her liegt,<\/li>\n<li>allen zum Bewahren des gesunden Immunsystems, da das Vitamin D die normale Funktion des Immunsystems unterst\u00fctzt,<\/li>\n<li>denjenigen, f\u00fcr die die Gesundheit seiner Knochen und Z\u00e4hne wichtig ist, da das Vitamin D das Bewahren der gesunden Knochen und Z\u00e4hne unterst\u00fctzt,<\/li>\n<li>stillenden M\u00fcttern f\u00fcr die angemessene Entwicklung der Knochen des Fetusses sowie zum Schutz der Knochen der Mutter,<\/li>\n<li>w\u00e4hrend der Stillzeit zum Bewahren des angemessenen Vitaminspiegels,<\/li>\n<li>denjenigen, die Sonnenallergie haben.<\/li>\n<\/ul>\n<\/div>\n<p><!-- Product Specification --><\/p>\n<table class=\"product_details_body\" border=\"0\" width=\"500\" cellspacing=\"0\" align=\"center\" bgcolor=\"#7CDB8B\">\n<tbody>\n<tr bgcolor=>\n<td height=\"20\"><u>Wirkstoff\/3 Tropfen:<\/u><\/td>\n<td width=\"100\"><span class=\"pvdecla\">(View Declaration)<\/span><\/td>\n<td width=\"70\"><span class=\"pd-rda\">*RDA:<\/span><\/td>\n<\/tr>\n<tr>\n<td>Vitamin D3<\/td>\n<td>1200 I.E.<\/td>\n<td>300%<\/td>\n<\/tr>\n<tr>\n<td>Mittelkettige Triglyceride (MCT)<\/td>\n<td>95 mg<\/td>\n<td><\/td>\n<\/tr>\n<tr>\n<td colspan=\"3\" height=\"10\"><\/td>\n<\/tr>\n<tr bgcolor=>\n<td colspan=\"3\" height=\"20\"><u>Dosierung:<\/u><\/td>\n<\/tr>\n<tr>\n<td colspan=\"3\" align=\"center\" height=\"15\">3 Tropfen t\u00e4glich, in Getr\u00e4nk gemischt.<\/td>\n<\/tr>\n<tr bgcolor=>\n<td colspan=\"3\" height=\"20\"><u>Andere Zutaten, Achtung und Product Declaration:<\/u><\/td>\n<\/tr>\n<tr>\n<td colspan=\"3\" height=\"10\">Andere Zutaten: entionisiertes Wasser, nat\u00fcrliches Orangenaroma, Zitronen\u00f6l<\/td>\n<\/tr>\n<tr>\n<td colspan=\"3\" height=\"10\"><\/td>\n<\/tr>\n<\/tbody>\n<\/table>\n<p><!-- End Product Specification --><\/p>\n<p><!-- Product Declaration --><\/p>\n<div id=\"product-declaration-title\">Nahrungserg\u00e4nzungsmittel<\/div>\n<div class=\"prod-declaration\">\n<div class=\"declar-txt\">\n<p>(* RDA = Tageswert) Die empfohlenen Tagesmengen sollten nicht \u00fcberschritten werden. Das Nahrungserg\u00e4nzungsmittel ist kein Ersatz f\u00fcr eine ausgewogene und abwechslungsreiche Ern\u00e4hrung. Au\u00dferhalb der Reichweite von Kindern aufbewahren.<\/p>\n<\/div>\n<div class=\"declar-img\"><a href=\"https:\/\/nature4me.eu\/wp-content\/themes\/n4mtheme\/images\/declaration\/CV0178_D-drops_ENG.pdf\" target=\"_blank\" rel=\"noopener\">View Declaration ENG<\/a><\/div>\n<\/div>\n<p><!-- End Product Declaration --><\/p>\n","protected":false},"excerpt":{"rendered":"<p><!-- Short Details --><\/p>\n<div class=\"short-product-desc\">\n<h3 class=\"details_name\">Vitamin D3 fl\u00fcssig<\/h3>\n<\/div>\n","protected":false},"featured_media":7756,"comment_status":"closed","ping_status":"closed","template":"","meta":{"inline_featured_image":false,"_monsterinsights_skip_tracking":false,"_monsterinsights_sitenote_active":false,"_monsterinsights_sitenote_note":"","_monsterinsights_sitenote_category":0},"product_brand":[],"product_cat":[164,154,166],"product_tag":[],"class_list":{"0":"post-5592","1":"product","2":"type-product","3":"status-publish","4":"has-post-thumbnail","6":"product_cat-immunsystem-staerken-de","7":"product_cat-sale-de","8":"product_cat-vitamine-de","10":"first","11":"instock","12":"sale","13":"taxable","14":"shipping-taxable","15":"purchasable","16":"product-type-simple"},"yoast_head":"<!-- This site is optimized with the Yoast SEO Premium plugin v21.9 (Yoast SEO v26.6) - https:\/\/yoast.com\/wordpress\/plugins\/seo\/ -->\n<title>Vitamin D3 pack 3+1 gratis. D drops CaliVita - Nature4Me<\/title>\n<meta name=\"description\" content=\"Vitamin D3 packung 4 x 30 ml.\" \/>\n<meta name=\"robots\" content=\"index, follow, max-snippet:-1, max-image-preview:large, max-video-preview:-1\" \/>\n<link rel=\"canonical\" href=\"https:\/\/nature4me.eu\/de\/produkt\/d-drops-pack\/\" \/>\n<meta property=\"og:locale\" content=\"de_DE\" \/>\n<meta property=\"og:type\" content=\"article\" \/>\n<meta property=\"og:title\" content=\"D drops pack (4 x 30 ml)\" \/>\n<meta property=\"og:description\" content=\"Vitamin D3 packung 4 x 30 ml.\" \/>\n<meta property=\"og:url\" content=\"https:\/\/nature4me.eu\/de\/produkt\/d-drops-pack\/\" \/>\n<meta property=\"og:site_name\" content=\"CaliVita Nature4me\" \/>\n<meta property=\"article:publisher\" content=\"https:\/\/www.facebook.com\/zdravjeiznarave.eu\" \/>\n<meta property=\"article:modified_time\" content=\"2021-12-03T08:26:47+00:00\" \/>\n<meta property=\"og:image\" content=\"https:\/\/nature4me.eu\/wp-content\/uploads\/2016\/11\/D-drops-31.png\" \/>\n\t<meta property=\"og:image:width\" content=\"300\" \/>\n\t<meta property=\"og:image:height\" content=\"250\" \/>\n\t<meta property=\"og:image:type\" content=\"image\/png\" \/>\n<meta name=\"twitter:card\" content=\"summary_large_image\" \/>\n<meta name=\"twitter:label1\" content=\"Gesch\u00e4tzte Lesezeit\" \/>\n\t<meta name=\"twitter:data1\" content=\"1\u00a0Minute\" \/>\n<script type=\"application\/ld+json\" class=\"yoast-schema-graph\">{\"@context\":\"https:\/\/schema.org\",\"@graph\":[{\"@type\":\"WebPage\",\"@id\":\"https:\/\/nature4me.eu\/de\/produkt\/d-drops-pack\/\",\"url\":\"https:\/\/nature4me.eu\/de\/produkt\/d-drops-pack\/\",\"name\":\"Vitamin D3 pack 3+1 gratis. D drops CaliVita - Nature4Me\",\"isPartOf\":{\"@id\":\"https:\/\/nature4me.eu\/de\/#website\"},\"primaryImageOfPage\":{\"@id\":\"https:\/\/nature4me.eu\/de\/produkt\/d-drops-pack\/#primaryimage\"},\"image\":{\"@id\":\"https:\/\/nature4me.eu\/de\/produkt\/d-drops-pack\/#primaryimage\"},\"thumbnailUrl\":\"https:\/\/nature4me.eu\/wp-content\/uploads\/2016\/11\/D-drops-31.png\",\"datePublished\":\"2021-08-28T18:06:04+00:00\",\"dateModified\":\"2021-12-03T08:26:47+00:00\",\"description\":\"Vitamin D3 packung 4 x 30 ml.\",\"breadcrumb\":{\"@id\":\"https:\/\/nature4me.eu\/de\/produkt\/d-drops-pack\/#breadcrumb\"},\"inLanguage\":\"de\",\"potentialAction\":[{\"@type\":\"ReadAction\",\"target\":[\"https:\/\/nature4me.eu\/de\/produkt\/d-drops-pack\/\"]}]},{\"@type\":\"ImageObject\",\"inLanguage\":\"de\",\"@id\":\"https:\/\/nature4me.eu\/de\/produkt\/d-drops-pack\/#primaryimage\",\"url\":\"https:\/\/nature4me.eu\/wp-content\/uploads\/2016\/11\/D-drops-31.png\",\"contentUrl\":\"https:\/\/nature4me.eu\/wp-content\/uploads\/2016\/11\/D-drops-31.png\",\"width\":300,\"height\":250},{\"@type\":\"BreadcrumbList\",\"@id\":\"https:\/\/nature4me.eu\/de\/produkt\/d-drops-pack\/#breadcrumb\",\"itemListElement\":[{\"@type\":\"ListItem\",\"position\":1,\"name\":\"Po\u010detna stranica\",\"item\":\"https:\/\/nature4me.eu\/de\/\"},{\"@type\":\"ListItem\",\"position\":2,\"name\":\"Webshop\",\"item\":\"https:\/\/nature4me.eu\/de\/shop\/\"},{\"@type\":\"ListItem\",\"position\":3,\"name\":\"D drops pack (4 x 30 ml)\"}]},{\"@type\":\"WebSite\",\"@id\":\"https:\/\/nature4me.eu\/de\/#website\",\"url\":\"https:\/\/nature4me.eu\/de\/\",\"name\":\"CaliVita Nature4me\",\"description\":\"CaliVita Nature4me\",\"potentialAction\":[{\"@type\":\"SearchAction\",\"target\":{\"@type\":\"EntryPoint\",\"urlTemplate\":\"https:\/\/nature4me.eu\/de\/?s={search_term_string}\"},\"query-input\":{\"@type\":\"PropertyValueSpecification\",\"valueRequired\":true,\"valueName\":\"search_term_string\"}}],\"inLanguage\":\"de\"}]}<\/script>\n<!-- \/ Yoast SEO Premium plugin. -->","yoast_head_json":{"title":"Vitamin D3 pack 3+1 gratis. D drops CaliVita - Nature4Me","description":"Vitamin D3 packung 4 x 30 ml.","robots":{"index":"index","follow":"follow","max-snippet":"max-snippet:-1","max-image-preview":"max-image-preview:large","max-video-preview":"max-video-preview:-1"},"canonical":"https:\/\/nature4me.eu\/de\/produkt\/d-drops-pack\/","og_locale":"de_DE","og_type":"article","og_title":"D drops pack (4 x 30 ml)","og_description":"Vitamin D3 packung 4 x 30 ml.","og_url":"https:\/\/nature4me.eu\/de\/produkt\/d-drops-pack\/","og_site_name":"CaliVita Nature4me","article_publisher":"https:\/\/www.facebook.com\/zdravjeiznarave.eu","article_modified_time":"2021-12-03T08:26:47+00:00","og_image":[{"width":300,"height":250,"url":"https:\/\/nature4me.eu\/wp-content\/uploads\/2016\/11\/D-drops-31.png","type":"image\/png"}],"twitter_card":"summary_large_image","twitter_misc":{"Gesch\u00e4tzte Lesezeit":"1\u00a0Minute"},"schema":{"@context":"https:\/\/schema.org","@graph":[{"@type":"WebPage","@id":"https:\/\/nature4me.eu\/de\/produkt\/d-drops-pack\/","url":"https:\/\/nature4me.eu\/de\/produkt\/d-drops-pack\/","name":"Vitamin D3 pack 3+1 gratis. D drops CaliVita - Nature4Me","isPartOf":{"@id":"https:\/\/nature4me.eu\/de\/#website"},"primaryImageOfPage":{"@id":"https:\/\/nature4me.eu\/de\/produkt\/d-drops-pack\/#primaryimage"},"image":{"@id":"https:\/\/nature4me.eu\/de\/produkt\/d-drops-pack\/#primaryimage"},"thumbnailUrl":"https:\/\/nature4me.eu\/wp-content\/uploads\/2016\/11\/D-drops-31.png","datePublished":"2021-08-28T18:06:04+00:00","dateModified":"2021-12-03T08:26:47+00:00","description":"Vitamin D3 packung 4 x 30 ml.","breadcrumb":{"@id":"https:\/\/nature4me.eu\/de\/produkt\/d-drops-pack\/#breadcrumb"},"inLanguage":"de","potentialAction":[{"@type":"ReadAction","target":["https:\/\/nature4me.eu\/de\/produkt\/d-drops-pack\/"]}]},{"@type":"ImageObject","inLanguage":"de","@id":"https:\/\/nature4me.eu\/de\/produkt\/d-drops-pack\/#primaryimage","url":"https:\/\/nature4me.eu\/wp-content\/uploads\/2016\/11\/D-drops-31.png","contentUrl":"https:\/\/nature4me.eu\/wp-content\/uploads\/2016\/11\/D-drops-31.png","width":300,"height":250},{"@type":"BreadcrumbList","@id":"https:\/\/nature4me.eu\/de\/produkt\/d-drops-pack\/#breadcrumb","itemListElement":[{"@type":"ListItem","position":1,"name":"Po\u010detna stranica","item":"https:\/\/nature4me.eu\/de\/"},{"@type":"ListItem","position":2,"name":"Webshop","item":"https:\/\/nature4me.eu\/de\/shop\/"},{"@type":"ListItem","position":3,"name":"D drops pack (4 x 30 ml)"}]},{"@type":"WebSite","@id":"https:\/\/nature4me.eu\/de\/#website","url":"https:\/\/nature4me.eu\/de\/","name":"CaliVita Nature4me","description":"CaliVita Nature4me","potentialAction":[{"@type":"SearchAction","target":{"@type":"EntryPoint","urlTemplate":"https:\/\/nature4me.eu\/de\/?s={search_term_string}"},"query-input":{"@type":"PropertyValueSpecification","valueRequired":true,"valueName":"search_term_string"}}],"inLanguage":"de"}]}},"_links":{"self":[{"href":"https:\/\/nature4me.eu\/de\/wp-json\/wp\/v2\/product\/5592","targetHints":{"allow":["GET"]}}],"collection":[{"href":"https:\/\/nature4me.eu\/de\/wp-json\/wp\/v2\/product"}],"about":[{"href":"https:\/\/nature4me.eu\/de\/wp-json\/wp\/v2\/types\/product"}],"replies":[{"embeddable":true,"href":"https:\/\/nature4me.eu\/de\/wp-json\/wp\/v2\/comments?post=5592"}],"wp:featuredmedia":[{"embeddable":true,"href":"https:\/\/nature4me.eu\/de\/wp-json\/wp\/v2\/media\/7756"}],"wp:attachment":[{"href":"https:\/\/nature4me.eu\/de\/wp-json\/wp\/v2\/media?parent=5592"}],"wp:term":[{"taxonomy":"product_brand","embeddable":true,"href":"https:\/\/nature4me.eu\/de\/wp-json\/wp\/v2\/product_brand?post=5592"},{"taxonomy":"product_cat","embeddable":true,"href":"https:\/\/nature4me.eu\/de\/wp-json\/wp\/v2\/product_cat?post=5592"},{"taxonomy":"product_tag","embeddable":true,"href":"https:\/\/nature4me.eu\/de\/wp-json\/wp\/v2\/product_tag?post=5592"}],"curies":[{"name":"wp","href":"https:\/\/api.w.org\/{rel}","templated":true}]}}