{"id":5594,"date":"2016-04-15T07:49:34","date_gmt":"2021-08-28T18:10:05","guid":{"rendered":"https:\/\/nature4me.eu\/?post_type=product&#038;p=5594"},"modified":"2022-02-20T15:58:25","modified_gmt":"2022-02-20T13:58:25","slug":"arginine-plus","status":"publish","type":"product","link":"https:\/\/nature4me.eu\/de\/produkt\/arginine-plus\/","title":{"rendered":"Arginine Plus (100 Tabletten)"},"content":{"rendered":"<div id=\"product-long-decs\">\n<p><strong>Das Arginine<\/strong> ist eine Aminos\u00e4ure, das bei der Funktion, beim Wachsen und Regenerieren der Muskeln eine Rolle spielt. Au\u00dferdem kann es zum Bewahren des gesunden Blutstroms und zur gesunden Funktion des Gef\u00e4\u00dfsystems beitragen. Es ist Wachstumshormon und Insulin stimulierend sowie es ist der Vorstoff von dem lebenswichtigen Gef\u00e4\u00dfwand erweiternden Stickstoffoxid.<\/p>\n<h4>Wem und wozu empfehlen wir es:<\/h4>\n<ul>\n<li>F\u00fcr Sportler, Bodybuilder, da es die Sauerstoff- und N\u00e4hrstofflieferung f\u00f6rdert, zur Steigerung und zum Regenerieren des d\u00fcnnen Muskelgewichtes,<\/li>\n<li>bei schwerer physikalischer Arbeit,<\/li>\n<li>zur F\u00f6rderung der Proteinsynthese, der Absonderung der Wachstumshormone und des Insulins,<\/li>\n<li>wegen seiner Gef\u00e4\u00df erweiternden Wirkung zum Schutz des Herz- und Gef\u00e4\u00dfsystems,<\/li>\n<li>zur F\u00f6rderung der Entschlackungen,<\/li>\n<li>zur F\u00f6rderung der sexuellen Aktivit\u00e4t.<\/li>\n<\/ul>\n<p><strong>Eine Tablette Arginine Plus<\/strong> enth\u00e4lt so viel l-arginine wie <strong>4.5 Kilo Walnuss.<\/strong><\/p>\n<\/div>\n<p><!-- Product Specification --><\/p>\n<table class=\"product_details_body\" border=\"0\" width=\"500\" cellspacing=\"0\" align=\"center\" bgcolor=\"#7CDB8B\">\n<tbody>\n<tr bgcolor=>\n<td height=\"20\"><u>Wirkstoffe\/Tablette:<\/u><\/td>\n<td width=\"100\"><span class=\"pvdecla\">(View Declaration)<\/span><\/td>\n<td width=\"70\"><span class=\"pd-rda\">*RDA:<\/span><\/td>\n<\/tr>\n<tr>\n<td>L-Arginin<\/td>\n<td>500 mg<\/td>\n<td><\/td>\n<\/tr>\n<tr>\n<td>Alpha-Ketoglutars\u00e4ure<\/td>\n<td>50 mg<\/td>\n<td><\/td>\n<\/tr>\n<tr>\n<td>Mangan<\/td>\n<td>600 mcg<\/td>\n<td><\/td>\n<\/tr>\n<tr>\n<td colspan=\"3\" height=\"10\"><\/td>\n<\/tr>\n<tr bgcolor=>\n<td colspan=\"3\" height=\"20\"><u>Dosierung *RDA:<\/u><\/td>\n<\/tr>\n<tr>\n<td colspan=\"3\" align=\"center\" height=\"15\">1 Tablette t\u00e4glich.<\/td>\n<\/tr>\n<tr bgcolor=>\n<td colspan=\"3\" height=\"20\"><u>Andere Zutaten, Product Declaration:<\/u><\/td>\n<\/tr>\n<tr>\n<td colspan=\"3\" height=\"10\">Andere Zutaten: Mikrokristalline Cellulose, Calciumcarbonat, Stearins\u00e4ure, Croscarmellose-Natrium, Siliciumdioxid, pharmazeutische Glasur.<\/td>\n<\/tr>\n<tr>\n<td colspan=\"3\" height=\"10\"><\/td>\n<\/tr>\n<\/tbody>\n<\/table>\n<p><!-- End Product Specification --><\/p>\n<p><!-- Product Declaration --><\/p>\n<div id=\"product-declaration-title\">Nahrungserg\u00e4nzungsmittel<\/div>\n<div class=\"prod-declaration\">\n<div class=\"declar-txt\">\n<p>Achtung! Es wird nicht f\u00fcr asthmatische Patienten oder Personen mit Leberzirrhose oder Nierenerkrankungen empfohlen. Menschen mit einem angeborenen Enzymmangel<br \/>\n(Guanidinoacetat-Methyltransferase-Mangel) sollten kein Arginin verwenden! Personen, die Medikamente wie Blutdruckmedikamente, Diabetesmedikamente, Diuretika und Antikoagulantien einnehmen, sollten vor der Einnahme von Arginin einen Arzt konsultieren.<\/p>\n<p>(* RDA = Tageswert) Die empfohlenen Tagesmengen sollten nicht \u00fcberschritten werden. Das Nahrungserg\u00e4nzungsmittel ist kein Ersatz f\u00fcr eine ausgewogene und abwechslungsreiche Ern\u00e4hrung. Au\u00dferhalb der Reichweite von Kindern aufbewahren.<\/p>\n<\/div>\n<div class=\"declar-img\"><a href=\"https:\/\/nature4me.eu\/wp-content\/themes\/n4mtheme\/images\/declaration\/FL0064_EN.pdf\" target=\"_blank\" rel=\"noopener noreferrer\">View Declaration ENG<\/a><\/div>\n<\/div>\n","protected":false},"excerpt":{"rendered":"<p><!-- Short Details --><\/p>\n<div class=\"short-product-desc\">\n<h4 class=\"details_h3\">Leistungssteigerung<\/h4>\n<\/div>\n","protected":false},"featured_media":7403,"comment_status":"closed","ping_status":"closed","template":"","meta":{"inline_featured_image":false,"_monsterinsights_skip_tracking":false,"_monsterinsights_sitenote_active":false,"_monsterinsights_sitenote_note":"","_monsterinsights_sitenote_category":0},"product_brand":[],"product_cat":[162],"product_tag":[],"class_list":{"0":"post-5594","1":"product","2":"type-product","3":"status-publish","4":"has-post-thumbnail","6":"product_cat-sport-und-erholung-de","8":"first","9":"instock","10":"taxable","11":"shipping-taxable","12":"purchasable","13":"product-type-simple"},"yoast_head":"<!-- This site is optimized with the Yoast SEO Premium plugin v21.9 (Yoast SEO v26.6) - https:\/\/yoast.com\/wordpress\/plugins\/seo\/ -->\n<title>Arginine Plus CaliVita - Nature4me<\/title>\n<meta name=\"description\" content=\"Das Arginine bei Calivita ist eine Aminos\u00e4ure, das bei der Funktion, beim Wachsen und Regenerieren der Muskeln\" \/>\n<meta name=\"robots\" content=\"index, follow, max-snippet:-1, max-image-preview:large, max-video-preview:-1\" \/>\n<link rel=\"canonical\" href=\"https:\/\/nature4me.eu\/de\/produkt\/arginine-plus\/\" \/>\n<meta property=\"og:locale\" content=\"de_DE\" \/>\n<meta property=\"og:type\" content=\"article\" \/>\n<meta property=\"og:title\" content=\"Arginine Plus (100 Tabletten)\" \/>\n<meta property=\"og:description\" content=\"Das Arginine bei Calivita ist eine Aminos\u00e4ure, das bei der Funktion, beim Wachsen und Regenerieren der Muskeln\" \/>\n<meta property=\"og:url\" content=\"https:\/\/nature4me.eu\/de\/produkt\/arginine-plus\/\" \/>\n<meta property=\"og:site_name\" content=\"CaliVita Nature4me\" \/>\n<meta property=\"article:publisher\" content=\"https:\/\/www.facebook.com\/zdravjeiznarave.eu\" \/>\n<meta property=\"article:modified_time\" content=\"2022-02-20T13:58:25+00:00\" \/>\n<meta property=\"og:image\" content=\"https:\/\/nature4me.eu\/wp-content\/uploads\/2016\/04\/Arginine-1.png\" \/>\n\t<meta property=\"og:image:width\" content=\"200\" \/>\n\t<meta property=\"og:image:height\" content=\"365\" \/>\n\t<meta property=\"og:image:type\" content=\"image\/png\" \/>\n<meta name=\"twitter:card\" content=\"summary_large_image\" \/>\n<meta name=\"twitter:label1\" content=\"Gesch\u00e4tzte Lesezeit\" \/>\n\t<meta name=\"twitter:data1\" content=\"1\u00a0Minute\" \/>\n<script type=\"application\/ld+json\" class=\"yoast-schema-graph\">{\"@context\":\"https:\/\/schema.org\",\"@graph\":[{\"@type\":\"WebPage\",\"@id\":\"https:\/\/nature4me.eu\/de\/produkt\/arginine-plus\/\",\"url\":\"https:\/\/nature4me.eu\/de\/produkt\/arginine-plus\/\",\"name\":\"Arginine Plus CaliVita - Nature4me\",\"isPartOf\":{\"@id\":\"https:\/\/nature4me.eu\/de\/#website\"},\"primaryImageOfPage\":{\"@id\":\"https:\/\/nature4me.eu\/de\/produkt\/arginine-plus\/#primaryimage\"},\"image\":{\"@id\":\"https:\/\/nature4me.eu\/de\/produkt\/arginine-plus\/#primaryimage\"},\"thumbnailUrl\":\"https:\/\/nature4me.eu\/wp-content\/uploads\/2016\/04\/Arginine-1.png\",\"datePublished\":\"2021-08-28T18:10:05+00:00\",\"dateModified\":\"2022-02-20T13:58:25+00:00\",\"description\":\"Das Arginine bei Calivita ist eine Aminos\u00e4ure, das bei der Funktion, beim Wachsen und Regenerieren der Muskeln\",\"breadcrumb\":{\"@id\":\"https:\/\/nature4me.eu\/de\/produkt\/arginine-plus\/#breadcrumb\"},\"inLanguage\":\"de\",\"potentialAction\":[{\"@type\":\"ReadAction\",\"target\":[\"https:\/\/nature4me.eu\/de\/produkt\/arginine-plus\/\"]}]},{\"@type\":\"ImageObject\",\"inLanguage\":\"de\",\"@id\":\"https:\/\/nature4me.eu\/de\/produkt\/arginine-plus\/#primaryimage\",\"url\":\"https:\/\/nature4me.eu\/wp-content\/uploads\/2016\/04\/Arginine-1.png\",\"contentUrl\":\"https:\/\/nature4me.eu\/wp-content\/uploads\/2016\/04\/Arginine-1.png\",\"width\":200,\"height\":365},{\"@type\":\"BreadcrumbList\",\"@id\":\"https:\/\/nature4me.eu\/de\/produkt\/arginine-plus\/#breadcrumb\",\"itemListElement\":[{\"@type\":\"ListItem\",\"position\":1,\"name\":\"Po\u010detna stranica\",\"item\":\"https:\/\/nature4me.eu\/de\/\"},{\"@type\":\"ListItem\",\"position\":2,\"name\":\"Webshop\",\"item\":\"https:\/\/nature4me.eu\/de\/shop\/\"},{\"@type\":\"ListItem\",\"position\":3,\"name\":\"Arginine Plus (100 Tabletten)\"}]},{\"@type\":\"WebSite\",\"@id\":\"https:\/\/nature4me.eu\/de\/#website\",\"url\":\"https:\/\/nature4me.eu\/de\/\",\"name\":\"CaliVita Nature4me\",\"description\":\"CaliVita Nature4me\",\"potentialAction\":[{\"@type\":\"SearchAction\",\"target\":{\"@type\":\"EntryPoint\",\"urlTemplate\":\"https:\/\/nature4me.eu\/de\/?s={search_term_string}\"},\"query-input\":{\"@type\":\"PropertyValueSpecification\",\"valueRequired\":true,\"valueName\":\"search_term_string\"}}],\"inLanguage\":\"de\"}]}<\/script>\n<!-- \/ Yoast SEO Premium plugin. -->","yoast_head_json":{"title":"Arginine Plus CaliVita - Nature4me","description":"Das Arginine bei Calivita ist eine Aminos\u00e4ure, das bei der Funktion, beim Wachsen und Regenerieren der Muskeln","robots":{"index":"index","follow":"follow","max-snippet":"max-snippet:-1","max-image-preview":"max-image-preview:large","max-video-preview":"max-video-preview:-1"},"canonical":"https:\/\/nature4me.eu\/de\/produkt\/arginine-plus\/","og_locale":"de_DE","og_type":"article","og_title":"Arginine Plus (100 Tabletten)","og_description":"Das Arginine bei Calivita ist eine Aminos\u00e4ure, das bei der Funktion, beim Wachsen und Regenerieren der Muskeln","og_url":"https:\/\/nature4me.eu\/de\/produkt\/arginine-plus\/","og_site_name":"CaliVita Nature4me","article_publisher":"https:\/\/www.facebook.com\/zdravjeiznarave.eu","article_modified_time":"2022-02-20T13:58:25+00:00","og_image":[{"width":200,"height":365,"url":"https:\/\/nature4me.eu\/wp-content\/uploads\/2016\/04\/Arginine-1.png","type":"image\/png"}],"twitter_card":"summary_large_image","twitter_misc":{"Gesch\u00e4tzte Lesezeit":"1\u00a0Minute"},"schema":{"@context":"https:\/\/schema.org","@graph":[{"@type":"WebPage","@id":"https:\/\/nature4me.eu\/de\/produkt\/arginine-plus\/","url":"https:\/\/nature4me.eu\/de\/produkt\/arginine-plus\/","name":"Arginine Plus CaliVita - Nature4me","isPartOf":{"@id":"https:\/\/nature4me.eu\/de\/#website"},"primaryImageOfPage":{"@id":"https:\/\/nature4me.eu\/de\/produkt\/arginine-plus\/#primaryimage"},"image":{"@id":"https:\/\/nature4me.eu\/de\/produkt\/arginine-plus\/#primaryimage"},"thumbnailUrl":"https:\/\/nature4me.eu\/wp-content\/uploads\/2016\/04\/Arginine-1.png","datePublished":"2021-08-28T18:10:05+00:00","dateModified":"2022-02-20T13:58:25+00:00","description":"Das Arginine bei Calivita ist eine Aminos\u00e4ure, das bei der Funktion, beim Wachsen und Regenerieren der Muskeln","breadcrumb":{"@id":"https:\/\/nature4me.eu\/de\/produkt\/arginine-plus\/#breadcrumb"},"inLanguage":"de","potentialAction":[{"@type":"ReadAction","target":["https:\/\/nature4me.eu\/de\/produkt\/arginine-plus\/"]}]},{"@type":"ImageObject","inLanguage":"de","@id":"https:\/\/nature4me.eu\/de\/produkt\/arginine-plus\/#primaryimage","url":"https:\/\/nature4me.eu\/wp-content\/uploads\/2016\/04\/Arginine-1.png","contentUrl":"https:\/\/nature4me.eu\/wp-content\/uploads\/2016\/04\/Arginine-1.png","width":200,"height":365},{"@type":"BreadcrumbList","@id":"https:\/\/nature4me.eu\/de\/produkt\/arginine-plus\/#breadcrumb","itemListElement":[{"@type":"ListItem","position":1,"name":"Po\u010detna stranica","item":"https:\/\/nature4me.eu\/de\/"},{"@type":"ListItem","position":2,"name":"Webshop","item":"https:\/\/nature4me.eu\/de\/shop\/"},{"@type":"ListItem","position":3,"name":"Arginine Plus (100 Tabletten)"}]},{"@type":"WebSite","@id":"https:\/\/nature4me.eu\/de\/#website","url":"https:\/\/nature4me.eu\/de\/","name":"CaliVita Nature4me","description":"CaliVita Nature4me","potentialAction":[{"@type":"SearchAction","target":{"@type":"EntryPoint","urlTemplate":"https:\/\/nature4me.eu\/de\/?s={search_term_string}"},"query-input":{"@type":"PropertyValueSpecification","valueRequired":true,"valueName":"search_term_string"}}],"inLanguage":"de"}]}},"_links":{"self":[{"href":"https:\/\/nature4me.eu\/de\/wp-json\/wp\/v2\/product\/5594","targetHints":{"allow":["GET"]}}],"collection":[{"href":"https:\/\/nature4me.eu\/de\/wp-json\/wp\/v2\/product"}],"about":[{"href":"https:\/\/nature4me.eu\/de\/wp-json\/wp\/v2\/types\/product"}],"replies":[{"embeddable":true,"href":"https:\/\/nature4me.eu\/de\/wp-json\/wp\/v2\/comments?post=5594"}],"wp:featuredmedia":[{"embeddable":true,"href":"https:\/\/nature4me.eu\/de\/wp-json\/wp\/v2\/media\/7403"}],"wp:attachment":[{"href":"https:\/\/nature4me.eu\/de\/wp-json\/wp\/v2\/media?parent=5594"}],"wp:term":[{"taxonomy":"product_brand","embeddable":true,"href":"https:\/\/nature4me.eu\/de\/wp-json\/wp\/v2\/product_brand?post=5594"},{"taxonomy":"product_cat","embeddable":true,"href":"https:\/\/nature4me.eu\/de\/wp-json\/wp\/v2\/product_cat?post=5594"},{"taxonomy":"product_tag","embeddable":true,"href":"https:\/\/nature4me.eu\/de\/wp-json\/wp\/v2\/product_tag?post=5594"}],"curies":[{"name":"wp","href":"https:\/\/api.w.org\/{rel}","templated":true}]}}