{"id":5595,"date":"2016-03-22T12:52:42","date_gmt":"2021-08-28T18:14:39","guid":{"rendered":"https:\/\/nature4me.eu\/?post_type=product&#038;p=5595"},"modified":"2023-02-21T19:18:25","modified_gmt":"2023-02-21T17:18:25","slug":"organicare-rescue-gel","status":"publish","type":"product","link":"https:\/\/nature4me.eu\/de\/produkt\/organicare-rescue-gel\/","title":{"rendered":"OrganiCare Rescue Gel (60 ml)"},"content":{"rendered":"<div id=\"product-long-decs\">\n<p>\u00d6kologische Salbe f\u00fcr schnelle Hilfe.<\/p>\n<p>Rescue Gel enth\u00e4lt ausgezeichnete Zutaten wie Aloe Vera, Oliven\u00f6l,Menthol, Kampfer, Kamille, Salbei, Rosmarin, Damastcreme und Arnika. Das Verpacken mit einer praktischen Ballapplikation erm\u00f6glicht eine<strong> schnelle Anwendung und sofortige Linderung bei rheumatischen Schmerzen, Muskelkr\u00e4mpfen und Entschuldigungen, <\/strong><strong>verbrannter Haut, Insektenflecken oder verstopften Atemwegen<\/strong>. Die Verwendung ist ideal f\u00fcr sportliche Aktivit\u00e4ten sowie f\u00fcr Ausfl\u00fcge und Urlaub<strong>.<\/strong><\/p>\n<\/div>\n","protected":false},"excerpt":{"rendered":"<p><!-- Short Details --><br \/>\n<!-- End Short Details --><\/p>\n","protected":false},"featured_media":7455,"comment_status":"closed","ping_status":"closed","template":"","meta":{"inline_featured_image":false,"_monsterinsights_skip_tracking":false,"_monsterinsights_sitenote_active":false,"_monsterinsights_sitenote_note":"","_monsterinsights_sitenote_category":0},"product_brand":[],"product_cat":[158],"product_tag":[],"class_list":{"0":"post-5595","1":"product","2":"type-product","3":"status-publish","4":"has-post-thumbnail","6":"product_cat-kosmetikprodukte-de","8":"first","9":"instock","10":"taxable","11":"shipping-taxable","12":"purchasable","13":"product-type-simple"},"yoast_head":"<!-- This site is optimized with the Yoast SEO Premium plugin v21.9 (Yoast SEO v26.6) - https:\/\/yoast.com\/wordpress\/plugins\/seo\/ -->\n<title>Biobalsam f\u00fcr Erste Hilfe<\/title>\n<meta name=\"description\" content=\"Rescue Gel Biobalsam\" \/>\n<meta name=\"robots\" content=\"index, follow, max-snippet:-1, max-image-preview:large, max-video-preview:-1\" \/>\n<link rel=\"canonical\" href=\"https:\/\/nature4me.eu\/de\/produkt\/organicare-rescue-gel\/\" \/>\n<meta property=\"og:locale\" content=\"de_DE\" \/>\n<meta property=\"og:type\" content=\"article\" \/>\n<meta property=\"og:title\" content=\"OrganiCare Rescue Gel (60 ml)\" \/>\n<meta property=\"og:description\" content=\"Rescue Gel Biobalsam\" \/>\n<meta property=\"og:url\" content=\"https:\/\/nature4me.eu\/de\/produkt\/organicare-rescue-gel\/\" \/>\n<meta property=\"og:site_name\" content=\"CaliVita Nature4me\" \/>\n<meta property=\"article:publisher\" content=\"https:\/\/www.facebook.com\/zdravjeiznarave.eu\" \/>\n<meta property=\"article:modified_time\" content=\"2023-02-21T17:18:25+00:00\" \/>\n<meta property=\"og:image\" content=\"https:\/\/nature4me.eu\/wp-content\/uploads\/2016\/03\/Rescue-gel-1.png\" \/>\n\t<meta property=\"og:image:width\" content=\"97\" \/>\n\t<meta property=\"og:image:height\" content=\"300\" \/>\n\t<meta property=\"og:image:type\" content=\"image\/png\" \/>\n<meta name=\"twitter:card\" content=\"summary_large_image\" \/>\n<script type=\"application\/ld+json\" class=\"yoast-schema-graph\">{\"@context\":\"https:\/\/schema.org\",\"@graph\":[{\"@type\":\"WebPage\",\"@id\":\"https:\/\/nature4me.eu\/de\/produkt\/organicare-rescue-gel\/\",\"url\":\"https:\/\/nature4me.eu\/de\/produkt\/organicare-rescue-gel\/\",\"name\":\"Biobalsam f\u00fcr Erste Hilfe\",\"isPartOf\":{\"@id\":\"https:\/\/nature4me.eu\/de\/#website\"},\"primaryImageOfPage\":{\"@id\":\"https:\/\/nature4me.eu\/de\/produkt\/organicare-rescue-gel\/#primaryimage\"},\"image\":{\"@id\":\"https:\/\/nature4me.eu\/de\/produkt\/organicare-rescue-gel\/#primaryimage\"},\"thumbnailUrl\":\"https:\/\/nature4me.eu\/wp-content\/uploads\/2016\/03\/Rescue-gel-1.png\",\"datePublished\":\"2021-08-28T18:14:39+00:00\",\"dateModified\":\"2023-02-21T17:18:25+00:00\",\"description\":\"Rescue Gel Biobalsam\",\"breadcrumb\":{\"@id\":\"https:\/\/nature4me.eu\/de\/produkt\/organicare-rescue-gel\/#breadcrumb\"},\"inLanguage\":\"de\",\"potentialAction\":[{\"@type\":\"ReadAction\",\"target\":[\"https:\/\/nature4me.eu\/de\/produkt\/organicare-rescue-gel\/\"]}]},{\"@type\":\"ImageObject\",\"inLanguage\":\"de\",\"@id\":\"https:\/\/nature4me.eu\/de\/produkt\/organicare-rescue-gel\/#primaryimage\",\"url\":\"https:\/\/nature4me.eu\/wp-content\/uploads\/2016\/03\/Rescue-gel-1.png\",\"contentUrl\":\"https:\/\/nature4me.eu\/wp-content\/uploads\/2016\/03\/Rescue-gel-1.png\",\"width\":97,\"height\":300,\"caption\":\"mazilo za hlajenje in sprostitev ko\u017ee\"},{\"@type\":\"BreadcrumbList\",\"@id\":\"https:\/\/nature4me.eu\/de\/produkt\/organicare-rescue-gel\/#breadcrumb\",\"itemListElement\":[{\"@type\":\"ListItem\",\"position\":1,\"name\":\"Po\u010detna stranica\",\"item\":\"https:\/\/nature4me.eu\/de\/\"},{\"@type\":\"ListItem\",\"position\":2,\"name\":\"Webshop\",\"item\":\"https:\/\/nature4me.eu\/de\/shop\/\"},{\"@type\":\"ListItem\",\"position\":3,\"name\":\"OrganiCare Rescue Gel (60 ml)\"}]},{\"@type\":\"WebSite\",\"@id\":\"https:\/\/nature4me.eu\/de\/#website\",\"url\":\"https:\/\/nature4me.eu\/de\/\",\"name\":\"CaliVita Nature4me\",\"description\":\"CaliVita Nature4me\",\"potentialAction\":[{\"@type\":\"SearchAction\",\"target\":{\"@type\":\"EntryPoint\",\"urlTemplate\":\"https:\/\/nature4me.eu\/de\/?s={search_term_string}\"},\"query-input\":{\"@type\":\"PropertyValueSpecification\",\"valueRequired\":true,\"valueName\":\"search_term_string\"}}],\"inLanguage\":\"de\"}]}<\/script>\n<!-- \/ Yoast SEO Premium plugin. -->","yoast_head_json":{"title":"Biobalsam f\u00fcr Erste Hilfe","description":"Rescue Gel Biobalsam","robots":{"index":"index","follow":"follow","max-snippet":"max-snippet:-1","max-image-preview":"max-image-preview:large","max-video-preview":"max-video-preview:-1"},"canonical":"https:\/\/nature4me.eu\/de\/produkt\/organicare-rescue-gel\/","og_locale":"de_DE","og_type":"article","og_title":"OrganiCare Rescue Gel (60 ml)","og_description":"Rescue Gel Biobalsam","og_url":"https:\/\/nature4me.eu\/de\/produkt\/organicare-rescue-gel\/","og_site_name":"CaliVita Nature4me","article_publisher":"https:\/\/www.facebook.com\/zdravjeiznarave.eu","article_modified_time":"2023-02-21T17:18:25+00:00","og_image":[{"width":97,"height":300,"url":"https:\/\/nature4me.eu\/wp-content\/uploads\/2016\/03\/Rescue-gel-1.png","type":"image\/png"}],"twitter_card":"summary_large_image","schema":{"@context":"https:\/\/schema.org","@graph":[{"@type":"WebPage","@id":"https:\/\/nature4me.eu\/de\/produkt\/organicare-rescue-gel\/","url":"https:\/\/nature4me.eu\/de\/produkt\/organicare-rescue-gel\/","name":"Biobalsam f\u00fcr Erste Hilfe","isPartOf":{"@id":"https:\/\/nature4me.eu\/de\/#website"},"primaryImageOfPage":{"@id":"https:\/\/nature4me.eu\/de\/produkt\/organicare-rescue-gel\/#primaryimage"},"image":{"@id":"https:\/\/nature4me.eu\/de\/produkt\/organicare-rescue-gel\/#primaryimage"},"thumbnailUrl":"https:\/\/nature4me.eu\/wp-content\/uploads\/2016\/03\/Rescue-gel-1.png","datePublished":"2021-08-28T18:14:39+00:00","dateModified":"2023-02-21T17:18:25+00:00","description":"Rescue Gel Biobalsam","breadcrumb":{"@id":"https:\/\/nature4me.eu\/de\/produkt\/organicare-rescue-gel\/#breadcrumb"},"inLanguage":"de","potentialAction":[{"@type":"ReadAction","target":["https:\/\/nature4me.eu\/de\/produkt\/organicare-rescue-gel\/"]}]},{"@type":"ImageObject","inLanguage":"de","@id":"https:\/\/nature4me.eu\/de\/produkt\/organicare-rescue-gel\/#primaryimage","url":"https:\/\/nature4me.eu\/wp-content\/uploads\/2016\/03\/Rescue-gel-1.png","contentUrl":"https:\/\/nature4me.eu\/wp-content\/uploads\/2016\/03\/Rescue-gel-1.png","width":97,"height":300,"caption":"mazilo za hlajenje in sprostitev ko\u017ee"},{"@type":"BreadcrumbList","@id":"https:\/\/nature4me.eu\/de\/produkt\/organicare-rescue-gel\/#breadcrumb","itemListElement":[{"@type":"ListItem","position":1,"name":"Po\u010detna stranica","item":"https:\/\/nature4me.eu\/de\/"},{"@type":"ListItem","position":2,"name":"Webshop","item":"https:\/\/nature4me.eu\/de\/shop\/"},{"@type":"ListItem","position":3,"name":"OrganiCare Rescue Gel (60 ml)"}]},{"@type":"WebSite","@id":"https:\/\/nature4me.eu\/de\/#website","url":"https:\/\/nature4me.eu\/de\/","name":"CaliVita Nature4me","description":"CaliVita Nature4me","potentialAction":[{"@type":"SearchAction","target":{"@type":"EntryPoint","urlTemplate":"https:\/\/nature4me.eu\/de\/?s={search_term_string}"},"query-input":{"@type":"PropertyValueSpecification","valueRequired":true,"valueName":"search_term_string"}}],"inLanguage":"de"}]}},"_links":{"self":[{"href":"https:\/\/nature4me.eu\/de\/wp-json\/wp\/v2\/product\/5595","targetHints":{"allow":["GET"]}}],"collection":[{"href":"https:\/\/nature4me.eu\/de\/wp-json\/wp\/v2\/product"}],"about":[{"href":"https:\/\/nature4me.eu\/de\/wp-json\/wp\/v2\/types\/product"}],"replies":[{"embeddable":true,"href":"https:\/\/nature4me.eu\/de\/wp-json\/wp\/v2\/comments?post=5595"}],"wp:featuredmedia":[{"embeddable":true,"href":"https:\/\/nature4me.eu\/de\/wp-json\/wp\/v2\/media\/7455"}],"wp:attachment":[{"href":"https:\/\/nature4me.eu\/de\/wp-json\/wp\/v2\/media?parent=5595"}],"wp:term":[{"taxonomy":"product_brand","embeddable":true,"href":"https:\/\/nature4me.eu\/de\/wp-json\/wp\/v2\/product_brand?post=5595"},{"taxonomy":"product_cat","embeddable":true,"href":"https:\/\/nature4me.eu\/de\/wp-json\/wp\/v2\/product_cat?post=5595"},{"taxonomy":"product_tag","embeddable":true,"href":"https:\/\/nature4me.eu\/de\/wp-json\/wp\/v2\/product_tag?post=5595"}],"curies":[{"name":"wp","href":"https:\/\/api.w.org\/{rel}","templated":true}]}}