{"id":5601,"date":"2016-03-20T09:09:04","date_gmt":"2021-08-30T06:19:47","guid":{"rendered":"https:\/\/nature4me.eu\/?post_type=product&#038;p=5601"},"modified":"2023-02-21T19:18:26","modified_gmt":"2023-02-21T17:18:26","slug":"organicare-toothpaste-fresh-lemon-herbal","status":"publish","type":"product","link":"https:\/\/nature4me.eu\/de\/produkt\/organicare-toothpaste-fresh-lemon-herbal\/","title":{"rendered":"OrganiCare Toothpaste Fresh Lemon Herbal (75 ml)"},"content":{"rendered":"<div id=\"product-long-decs\"><\/div>\n","protected":false},"excerpt":{"rendered":"<p><!-- Short Details --><\/p>\n<p><!-- End Short Details --><\/p>\n","protected":false},"featured_media":7471,"comment_status":"closed","ping_status":"closed","template":"","meta":{"inline_featured_image":false,"_monsterinsights_skip_tracking":false,"_monsterinsights_sitenote_active":false,"_monsterinsights_sitenote_note":"","_monsterinsights_sitenote_category":0},"product_brand":[],"product_cat":[158],"product_tag":[],"class_list":{"0":"post-5601","1":"product","2":"type-product","3":"status-publish","4":"has-post-thumbnail","6":"product_cat-kosmetikprodukte-de","8":"first","9":"instock","10":"taxable","11":"shipping-taxable","12":"purchasable","13":"product-type-simple"},"yoast_head":"<!-- This site is optimized with the Yoast SEO Premium plugin v21.9 (Yoast SEO v26.6) - https:\/\/yoast.com\/wordpress\/plugins\/seo\/ -->\n<title>Organicare Zahnpasta Calivita<\/title>\n<meta name=\"description\" content=\"Organicare Zahnpasta mit wei\u00dfem Tonhat einen Zitronenund Salbeigeschmack\" \/>\n<meta name=\"robots\" content=\"index, follow, max-snippet:-1, max-image-preview:large, max-video-preview:-1\" \/>\n<link rel=\"canonical\" href=\"https:\/\/nature4me.eu\/de\/produkt\/organicare-toothpaste-fresh-lemon-herbal\/\" \/>\n<meta property=\"og:locale\" content=\"de_DE\" \/>\n<meta property=\"og:type\" content=\"article\" \/>\n<meta property=\"og:title\" content=\"OrganiCare Toothpaste Fresh Lemon Herbal (75 ml)\" \/>\n<meta property=\"og:description\" content=\"Organicare Zahnpasta mit wei\u00dfem Tonhat einen Zitronenund Salbeigeschmack\" \/>\n<meta property=\"og:url\" content=\"https:\/\/nature4me.eu\/de\/produkt\/organicare-toothpaste-fresh-lemon-herbal\/\" \/>\n<meta property=\"og:site_name\" content=\"CaliVita Nature4me\" \/>\n<meta property=\"article:publisher\" content=\"https:\/\/www.facebook.com\/zdravjeiznarave.eu\" \/>\n<meta property=\"article:modified_time\" content=\"2023-02-21T17:18:26+00:00\" \/>\n<meta property=\"og:image\" content=\"https:\/\/nature4me.eu\/wp-content\/uploads\/2016\/03\/organicare-Toothpaste.png\" \/>\n\t<meta property=\"og:image:width\" content=\"124\" \/>\n\t<meta property=\"og:image:height\" content=\"300\" \/>\n\t<meta property=\"og:image:type\" content=\"image\/png\" \/>\n<meta name=\"twitter:card\" content=\"summary_large_image\" \/>\n<script type=\"application\/ld+json\" class=\"yoast-schema-graph\">{\"@context\":\"https:\/\/schema.org\",\"@graph\":[{\"@type\":\"WebPage\",\"@id\":\"https:\/\/nature4me.eu\/de\/produkt\/organicare-toothpaste-fresh-lemon-herbal\/\",\"url\":\"https:\/\/nature4me.eu\/de\/produkt\/organicare-toothpaste-fresh-lemon-herbal\/\",\"name\":\"Organicare Zahnpasta Calivita\",\"isPartOf\":{\"@id\":\"https:\/\/nature4me.eu\/de\/#website\"},\"primaryImageOfPage\":{\"@id\":\"https:\/\/nature4me.eu\/de\/produkt\/organicare-toothpaste-fresh-lemon-herbal\/#primaryimage\"},\"image\":{\"@id\":\"https:\/\/nature4me.eu\/de\/produkt\/organicare-toothpaste-fresh-lemon-herbal\/#primaryimage\"},\"thumbnailUrl\":\"https:\/\/nature4me.eu\/wp-content\/uploads\/2016\/03\/organicare-Toothpaste.png\",\"datePublished\":\"2021-08-30T06:19:47+00:00\",\"dateModified\":\"2023-02-21T17:18:26+00:00\",\"description\":\"Organicare Zahnpasta mit wei\u00dfem Tonhat einen Zitronenund Salbeigeschmack\",\"breadcrumb\":{\"@id\":\"https:\/\/nature4me.eu\/de\/produkt\/organicare-toothpaste-fresh-lemon-herbal\/#breadcrumb\"},\"inLanguage\":\"de\",\"potentialAction\":[{\"@type\":\"ReadAction\",\"target\":[\"https:\/\/nature4me.eu\/de\/produkt\/organicare-toothpaste-fresh-lemon-herbal\/\"]}]},{\"@type\":\"ImageObject\",\"inLanguage\":\"de\",\"@id\":\"https:\/\/nature4me.eu\/de\/produkt\/organicare-toothpaste-fresh-lemon-herbal\/#primaryimage\",\"url\":\"https:\/\/nature4me.eu\/wp-content\/uploads\/2016\/03\/organicare-Toothpaste.png\",\"contentUrl\":\"https:\/\/nature4me.eu\/wp-content\/uploads\/2016\/03\/organicare-Toothpaste.png\",\"width\":124,\"height\":300,\"caption\":\"ekolo\u0161ka zeli\u0161\u010dna zobna pasta\"},{\"@type\":\"BreadcrumbList\",\"@id\":\"https:\/\/nature4me.eu\/de\/produkt\/organicare-toothpaste-fresh-lemon-herbal\/#breadcrumb\",\"itemListElement\":[{\"@type\":\"ListItem\",\"position\":1,\"name\":\"Po\u010detna stranica\",\"item\":\"https:\/\/nature4me.eu\/de\/\"},{\"@type\":\"ListItem\",\"position\":2,\"name\":\"Webshop\",\"item\":\"https:\/\/nature4me.eu\/de\/shop\/\"},{\"@type\":\"ListItem\",\"position\":3,\"name\":\"OrganiCare Toothpaste Fresh Lemon Herbal (75 ml)\"}]},{\"@type\":\"WebSite\",\"@id\":\"https:\/\/nature4me.eu\/de\/#website\",\"url\":\"https:\/\/nature4me.eu\/de\/\",\"name\":\"CaliVita Nature4me\",\"description\":\"CaliVita Nature4me\",\"potentialAction\":[{\"@type\":\"SearchAction\",\"target\":{\"@type\":\"EntryPoint\",\"urlTemplate\":\"https:\/\/nature4me.eu\/de\/?s={search_term_string}\"},\"query-input\":{\"@type\":\"PropertyValueSpecification\",\"valueRequired\":true,\"valueName\":\"search_term_string\"}}],\"inLanguage\":\"de\"}]}<\/script>\n<!-- \/ Yoast SEO Premium plugin. -->","yoast_head_json":{"title":"Organicare Zahnpasta Calivita","description":"Organicare Zahnpasta mit wei\u00dfem Tonhat einen Zitronenund Salbeigeschmack","robots":{"index":"index","follow":"follow","max-snippet":"max-snippet:-1","max-image-preview":"max-image-preview:large","max-video-preview":"max-video-preview:-1"},"canonical":"https:\/\/nature4me.eu\/de\/produkt\/organicare-toothpaste-fresh-lemon-herbal\/","og_locale":"de_DE","og_type":"article","og_title":"OrganiCare Toothpaste Fresh Lemon Herbal (75 ml)","og_description":"Organicare Zahnpasta mit wei\u00dfem Tonhat einen Zitronenund Salbeigeschmack","og_url":"https:\/\/nature4me.eu\/de\/produkt\/organicare-toothpaste-fresh-lemon-herbal\/","og_site_name":"CaliVita Nature4me","article_publisher":"https:\/\/www.facebook.com\/zdravjeiznarave.eu","article_modified_time":"2023-02-21T17:18:26+00:00","og_image":[{"width":124,"height":300,"url":"https:\/\/nature4me.eu\/wp-content\/uploads\/2016\/03\/organicare-Toothpaste.png","type":"image\/png"}],"twitter_card":"summary_large_image","schema":{"@context":"https:\/\/schema.org","@graph":[{"@type":"WebPage","@id":"https:\/\/nature4me.eu\/de\/produkt\/organicare-toothpaste-fresh-lemon-herbal\/","url":"https:\/\/nature4me.eu\/de\/produkt\/organicare-toothpaste-fresh-lemon-herbal\/","name":"Organicare Zahnpasta Calivita","isPartOf":{"@id":"https:\/\/nature4me.eu\/de\/#website"},"primaryImageOfPage":{"@id":"https:\/\/nature4me.eu\/de\/produkt\/organicare-toothpaste-fresh-lemon-herbal\/#primaryimage"},"image":{"@id":"https:\/\/nature4me.eu\/de\/produkt\/organicare-toothpaste-fresh-lemon-herbal\/#primaryimage"},"thumbnailUrl":"https:\/\/nature4me.eu\/wp-content\/uploads\/2016\/03\/organicare-Toothpaste.png","datePublished":"2021-08-30T06:19:47+00:00","dateModified":"2023-02-21T17:18:26+00:00","description":"Organicare Zahnpasta mit wei\u00dfem Tonhat einen Zitronenund Salbeigeschmack","breadcrumb":{"@id":"https:\/\/nature4me.eu\/de\/produkt\/organicare-toothpaste-fresh-lemon-herbal\/#breadcrumb"},"inLanguage":"de","potentialAction":[{"@type":"ReadAction","target":["https:\/\/nature4me.eu\/de\/produkt\/organicare-toothpaste-fresh-lemon-herbal\/"]}]},{"@type":"ImageObject","inLanguage":"de","@id":"https:\/\/nature4me.eu\/de\/produkt\/organicare-toothpaste-fresh-lemon-herbal\/#primaryimage","url":"https:\/\/nature4me.eu\/wp-content\/uploads\/2016\/03\/organicare-Toothpaste.png","contentUrl":"https:\/\/nature4me.eu\/wp-content\/uploads\/2016\/03\/organicare-Toothpaste.png","width":124,"height":300,"caption":"ekolo\u0161ka zeli\u0161\u010dna zobna pasta"},{"@type":"BreadcrumbList","@id":"https:\/\/nature4me.eu\/de\/produkt\/organicare-toothpaste-fresh-lemon-herbal\/#breadcrumb","itemListElement":[{"@type":"ListItem","position":1,"name":"Po\u010detna stranica","item":"https:\/\/nature4me.eu\/de\/"},{"@type":"ListItem","position":2,"name":"Webshop","item":"https:\/\/nature4me.eu\/de\/shop\/"},{"@type":"ListItem","position":3,"name":"OrganiCare Toothpaste Fresh Lemon Herbal (75 ml)"}]},{"@type":"WebSite","@id":"https:\/\/nature4me.eu\/de\/#website","url":"https:\/\/nature4me.eu\/de\/","name":"CaliVita Nature4me","description":"CaliVita Nature4me","potentialAction":[{"@type":"SearchAction","target":{"@type":"EntryPoint","urlTemplate":"https:\/\/nature4me.eu\/de\/?s={search_term_string}"},"query-input":{"@type":"PropertyValueSpecification","valueRequired":true,"valueName":"search_term_string"}}],"inLanguage":"de"}]}},"_links":{"self":[{"href":"https:\/\/nature4me.eu\/de\/wp-json\/wp\/v2\/product\/5601","targetHints":{"allow":["GET"]}}],"collection":[{"href":"https:\/\/nature4me.eu\/de\/wp-json\/wp\/v2\/product"}],"about":[{"href":"https:\/\/nature4me.eu\/de\/wp-json\/wp\/v2\/types\/product"}],"replies":[{"embeddable":true,"href":"https:\/\/nature4me.eu\/de\/wp-json\/wp\/v2\/comments?post=5601"}],"wp:featuredmedia":[{"embeddable":true,"href":"https:\/\/nature4me.eu\/de\/wp-json\/wp\/v2\/media\/7471"}],"wp:attachment":[{"href":"https:\/\/nature4me.eu\/de\/wp-json\/wp\/v2\/media?parent=5601"}],"wp:term":[{"taxonomy":"product_brand","embeddable":true,"href":"https:\/\/nature4me.eu\/de\/wp-json\/wp\/v2\/product_brand?post=5601"},{"taxonomy":"product_cat","embeddable":true,"href":"https:\/\/nature4me.eu\/de\/wp-json\/wp\/v2\/product_cat?post=5601"},{"taxonomy":"product_tag","embeddable":true,"href":"https:\/\/nature4me.eu\/de\/wp-json\/wp\/v2\/product_tag?post=5601"}],"curies":[{"name":"wp","href":"https:\/\/api.w.org\/{rel}","templated":true}]}}