{"id":5606,"date":"2016-03-20T08:44:03","date_gmt":"2021-08-30T06:46:16","guid":{"rendered":"https:\/\/nature4me.eu\/?post_type=product&#038;p=5606"},"modified":"2023-02-21T19:18:26","modified_gmt":"2023-02-21T17:18:26","slug":"aquabelle-night","status":"publish","type":"product","link":"https:\/\/nature4me.eu\/de\/produkt\/aquabelle-night\/","title":{"rendered":"Aquabelle Night (50 ml)"},"content":{"rendered":"<div id=\"product-long-decs\">\n<p>Die Besonderheit dieser Creme ist <strong>die komplexe Emulsion von DD-Wasser und Squalan<\/strong> (Oliven\u00f6lessenz), die au\u00dfer der sofortigen Feuchtigkeits- und N\u00e4hrstoff spende dank der geregelten anhaltenden Wirkstoffabgabe auch eine tief hydrierende Wirkung sichert. Das Avokado\u00f6l in der Creme n\u00e4hrt und verj\u00fcngt die trockene, wasserarme Haut. Wegen ihres hohen Vitamin E-Gehalts ist sie nicht nur f\u00fcr trockene, sondern auch f\u00fcr problematische Haut<br \/>\n(z. B. bei Psoriasen) geeignet. Sie ist eine ideale Nachtcreme.<\/p>\n<\/div>\n","protected":false},"excerpt":{"rendered":"<p><!-- Short Details --><\/p>\n<p>&nbsp;<\/p>\n<p><!-- End Short Details --><\/p>\n","protected":false},"featured_media":7445,"comment_status":"closed","ping_status":"closed","template":"","meta":{"inline_featured_image":false,"_monsterinsights_skip_tracking":false,"_monsterinsights_sitenote_active":false,"_monsterinsights_sitenote_note":"","_monsterinsights_sitenote_category":0},"product_brand":[],"product_cat":[158],"product_tag":[],"class_list":{"0":"post-5606","1":"product","2":"type-product","3":"status-publish","4":"has-post-thumbnail","6":"product_cat-kosmetikprodukte-de","8":"first","9":"instock","10":"taxable","11":"shipping-taxable","12":"purchasable","13":"product-type-simple"},"yoast_head":"<!-- This site is optimized with the Yoast SEO Premium plugin v21.9 (Yoast SEO v26.6) - https:\/\/yoast.com\/wordpress\/plugins\/seo\/ -->\n<title>Nachtcreme 50ml<\/title>\n<meta name=\"description\" content=\"Aquabelle Nachtcreme Calivita 50 ml. mit aktive Hauptbestandteil der Creme ist die Ceramide\" \/>\n<meta name=\"robots\" content=\"index, follow, max-snippet:-1, max-image-preview:large, max-video-preview:-1\" \/>\n<link rel=\"canonical\" href=\"https:\/\/nature4me.eu\/de\/produkt\/aquabelle-night\/\" \/>\n<meta property=\"og:locale\" content=\"de_DE\" \/>\n<meta property=\"og:type\" content=\"article\" \/>\n<meta property=\"og:title\" content=\"Aquabelle Night (50 ml)\" \/>\n<meta property=\"og:description\" content=\"Aquabelle Nachtcreme Calivita 50 ml. mit aktive Hauptbestandteil der Creme ist die Ceramide\" \/>\n<meta property=\"og:url\" content=\"https:\/\/nature4me.eu\/de\/produkt\/aquabelle-night\/\" \/>\n<meta property=\"og:site_name\" content=\"CaliVita Nature4me\" \/>\n<meta property=\"article:publisher\" content=\"https:\/\/www.facebook.com\/zdravjeiznarave.eu\" \/>\n<meta property=\"article:modified_time\" content=\"2023-02-21T17:18:26+00:00\" \/>\n<meta property=\"og:image\" content=\"https:\/\/nature4me.eu\/wp-content\/uploads\/2016\/03\/Aquabelle-night-cream.png\" \/>\n\t<meta property=\"og:image:width\" content=\"148\" \/>\n\t<meta property=\"og:image:height\" content=\"300\" \/>\n\t<meta property=\"og:image:type\" content=\"image\/png\" \/>\n<meta name=\"twitter:card\" content=\"summary_large_image\" \/>\n<script type=\"application\/ld+json\" class=\"yoast-schema-graph\">{\"@context\":\"https:\/\/schema.org\",\"@graph\":[{\"@type\":\"WebPage\",\"@id\":\"https:\/\/nature4me.eu\/de\/produkt\/aquabelle-night\/\",\"url\":\"https:\/\/nature4me.eu\/de\/produkt\/aquabelle-night\/\",\"name\":\"Nachtcreme 50ml\",\"isPartOf\":{\"@id\":\"https:\/\/nature4me.eu\/de\/#website\"},\"primaryImageOfPage\":{\"@id\":\"https:\/\/nature4me.eu\/de\/produkt\/aquabelle-night\/#primaryimage\"},\"image\":{\"@id\":\"https:\/\/nature4me.eu\/de\/produkt\/aquabelle-night\/#primaryimage\"},\"thumbnailUrl\":\"https:\/\/nature4me.eu\/wp-content\/uploads\/2016\/03\/Aquabelle-night-cream.png\",\"datePublished\":\"2021-08-30T06:46:16+00:00\",\"dateModified\":\"2023-02-21T17:18:26+00:00\",\"description\":\"Aquabelle Nachtcreme Calivita 50 ml. mit aktive Hauptbestandteil der Creme ist die Ceramide\",\"breadcrumb\":{\"@id\":\"https:\/\/nature4me.eu\/de\/produkt\/aquabelle-night\/#breadcrumb\"},\"inLanguage\":\"de\",\"potentialAction\":[{\"@type\":\"ReadAction\",\"target\":[\"https:\/\/nature4me.eu\/de\/produkt\/aquabelle-night\/\"]}]},{\"@type\":\"ImageObject\",\"inLanguage\":\"de\",\"@id\":\"https:\/\/nature4me.eu\/de\/produkt\/aquabelle-night\/#primaryimage\",\"url\":\"https:\/\/nature4me.eu\/wp-content\/uploads\/2016\/03\/Aquabelle-night-cream.png\",\"contentUrl\":\"https:\/\/nature4me.eu\/wp-content\/uploads\/2016\/03\/Aquabelle-night-cream.png\",\"width\":148,\"height\":300},{\"@type\":\"BreadcrumbList\",\"@id\":\"https:\/\/nature4me.eu\/de\/produkt\/aquabelle-night\/#breadcrumb\",\"itemListElement\":[{\"@type\":\"ListItem\",\"position\":1,\"name\":\"Po\u010detna stranica\",\"item\":\"https:\/\/nature4me.eu\/de\/\"},{\"@type\":\"ListItem\",\"position\":2,\"name\":\"Webshop\",\"item\":\"https:\/\/nature4me.eu\/de\/shop\/\"},{\"@type\":\"ListItem\",\"position\":3,\"name\":\"Aquabelle Night (50 ml)\"}]},{\"@type\":\"WebSite\",\"@id\":\"https:\/\/nature4me.eu\/de\/#website\",\"url\":\"https:\/\/nature4me.eu\/de\/\",\"name\":\"CaliVita Nature4me\",\"description\":\"CaliVita Nature4me\",\"potentialAction\":[{\"@type\":\"SearchAction\",\"target\":{\"@type\":\"EntryPoint\",\"urlTemplate\":\"https:\/\/nature4me.eu\/de\/?s={search_term_string}\"},\"query-input\":{\"@type\":\"PropertyValueSpecification\",\"valueRequired\":true,\"valueName\":\"search_term_string\"}}],\"inLanguage\":\"de\"}]}<\/script>\n<!-- \/ Yoast SEO Premium plugin. -->","yoast_head_json":{"title":"Nachtcreme 50ml","description":"Aquabelle Nachtcreme Calivita 50 ml. mit aktive Hauptbestandteil der Creme ist die Ceramide","robots":{"index":"index","follow":"follow","max-snippet":"max-snippet:-1","max-image-preview":"max-image-preview:large","max-video-preview":"max-video-preview:-1"},"canonical":"https:\/\/nature4me.eu\/de\/produkt\/aquabelle-night\/","og_locale":"de_DE","og_type":"article","og_title":"Aquabelle Night (50 ml)","og_description":"Aquabelle Nachtcreme Calivita 50 ml. mit aktive Hauptbestandteil der Creme ist die Ceramide","og_url":"https:\/\/nature4me.eu\/de\/produkt\/aquabelle-night\/","og_site_name":"CaliVita Nature4me","article_publisher":"https:\/\/www.facebook.com\/zdravjeiznarave.eu","article_modified_time":"2023-02-21T17:18:26+00:00","og_image":[{"width":148,"height":300,"url":"https:\/\/nature4me.eu\/wp-content\/uploads\/2016\/03\/Aquabelle-night-cream.png","type":"image\/png"}],"twitter_card":"summary_large_image","schema":{"@context":"https:\/\/schema.org","@graph":[{"@type":"WebPage","@id":"https:\/\/nature4me.eu\/de\/produkt\/aquabelle-night\/","url":"https:\/\/nature4me.eu\/de\/produkt\/aquabelle-night\/","name":"Nachtcreme 50ml","isPartOf":{"@id":"https:\/\/nature4me.eu\/de\/#website"},"primaryImageOfPage":{"@id":"https:\/\/nature4me.eu\/de\/produkt\/aquabelle-night\/#primaryimage"},"image":{"@id":"https:\/\/nature4me.eu\/de\/produkt\/aquabelle-night\/#primaryimage"},"thumbnailUrl":"https:\/\/nature4me.eu\/wp-content\/uploads\/2016\/03\/Aquabelle-night-cream.png","datePublished":"2021-08-30T06:46:16+00:00","dateModified":"2023-02-21T17:18:26+00:00","description":"Aquabelle Nachtcreme Calivita 50 ml. mit aktive Hauptbestandteil der Creme ist die Ceramide","breadcrumb":{"@id":"https:\/\/nature4me.eu\/de\/produkt\/aquabelle-night\/#breadcrumb"},"inLanguage":"de","potentialAction":[{"@type":"ReadAction","target":["https:\/\/nature4me.eu\/de\/produkt\/aquabelle-night\/"]}]},{"@type":"ImageObject","inLanguage":"de","@id":"https:\/\/nature4me.eu\/de\/produkt\/aquabelle-night\/#primaryimage","url":"https:\/\/nature4me.eu\/wp-content\/uploads\/2016\/03\/Aquabelle-night-cream.png","contentUrl":"https:\/\/nature4me.eu\/wp-content\/uploads\/2016\/03\/Aquabelle-night-cream.png","width":148,"height":300},{"@type":"BreadcrumbList","@id":"https:\/\/nature4me.eu\/de\/produkt\/aquabelle-night\/#breadcrumb","itemListElement":[{"@type":"ListItem","position":1,"name":"Po\u010detna stranica","item":"https:\/\/nature4me.eu\/de\/"},{"@type":"ListItem","position":2,"name":"Webshop","item":"https:\/\/nature4me.eu\/de\/shop\/"},{"@type":"ListItem","position":3,"name":"Aquabelle Night (50 ml)"}]},{"@type":"WebSite","@id":"https:\/\/nature4me.eu\/de\/#website","url":"https:\/\/nature4me.eu\/de\/","name":"CaliVita Nature4me","description":"CaliVita Nature4me","potentialAction":[{"@type":"SearchAction","target":{"@type":"EntryPoint","urlTemplate":"https:\/\/nature4me.eu\/de\/?s={search_term_string}"},"query-input":{"@type":"PropertyValueSpecification","valueRequired":true,"valueName":"search_term_string"}}],"inLanguage":"de"}]}},"_links":{"self":[{"href":"https:\/\/nature4me.eu\/de\/wp-json\/wp\/v2\/product\/5606","targetHints":{"allow":["GET"]}}],"collection":[{"href":"https:\/\/nature4me.eu\/de\/wp-json\/wp\/v2\/product"}],"about":[{"href":"https:\/\/nature4me.eu\/de\/wp-json\/wp\/v2\/types\/product"}],"replies":[{"embeddable":true,"href":"https:\/\/nature4me.eu\/de\/wp-json\/wp\/v2\/comments?post=5606"}],"wp:featuredmedia":[{"embeddable":true,"href":"https:\/\/nature4me.eu\/de\/wp-json\/wp\/v2\/media\/7445"}],"wp:attachment":[{"href":"https:\/\/nature4me.eu\/de\/wp-json\/wp\/v2\/media?parent=5606"}],"wp:term":[{"taxonomy":"product_brand","embeddable":true,"href":"https:\/\/nature4me.eu\/de\/wp-json\/wp\/v2\/product_brand?post=5606"},{"taxonomy":"product_cat","embeddable":true,"href":"https:\/\/nature4me.eu\/de\/wp-json\/wp\/v2\/product_cat?post=5606"},{"taxonomy":"product_tag","embeddable":true,"href":"https:\/\/nature4me.eu\/de\/wp-json\/wp\/v2\/product_tag?post=5606"}],"curies":[{"name":"wp","href":"https:\/\/api.w.org\/{rel}","templated":true}]}}