{"id":5611,"date":"2016-03-19T14:23:24","date_gmt":"2021-08-30T06:50:13","guid":{"rendered":"https:\/\/nature4me.eu\/?post_type=product&#038;p=5611"},"modified":"2023-02-21T19:18:26","modified_gmt":"2023-02-21T17:18:26","slug":"aquabelle-day","status":"publish","type":"product","link":"https:\/\/nature4me.eu\/de\/produkt\/aquabelle-day\/","title":{"rendered":"Aquabelle Day (50 ml)"},"content":{"rendered":"<div id=\"product-long-decs\">\n<p><strong>Der aktive Hauptbestandteil der Creme ist die Ceramide (ein nat\u00fcrliches Lipuid), die die Haut regeneriert, deren Feuchtigkeitsbewahrungsf\u00e4higkeit unterst\u00fctzt<\/strong>.<\/p>\n<p>Sie verbessert die Elastizit\u00e4t der Haut und dadurch senkt sie die Falten und sch\u00fctzt effektivvor den sch\u00e4dlichen Wirkungen der Umwelt. Der andere Hauptbestandteil ist das Vitamin E, das wegen seiner antioxidativen Wirkung die Zellen der Haut vor den sch\u00e4dlichen oxidativen Pro zessen sch\u00fctzt. Wir empfehlen die Creme vor allem f\u00fcr Tagespflege, aber sie ist auch die ideale Grundlage f\u00fcr das Make-up.<\/p>\n<\/div>\n","protected":false},"excerpt":{"rendered":"<p><!-- Short Details --><\/p>\n<p>&nbsp;<\/p>\n<p><!-- End Short Details --><\/p>\n","protected":false},"featured_media":7449,"comment_status":"closed","ping_status":"closed","template":"","meta":{"inline_featured_image":false,"_monsterinsights_skip_tracking":false,"_monsterinsights_sitenote_active":false,"_monsterinsights_sitenote_note":"","_monsterinsights_sitenote_category":0},"product_brand":[],"product_cat":[158],"product_tag":[],"class_list":{"0":"post-5611","1":"product","2":"type-product","3":"status-publish","4":"has-post-thumbnail","6":"product_cat-kosmetikprodukte-de","8":"first","9":"instock","10":"taxable","11":"shipping-taxable","12":"purchasable","13":"product-type-simple"},"yoast_head":"<!-- This site is optimized with the Yoast SEO Premium plugin v21.9 (Yoast SEO v26.6) - https:\/\/yoast.com\/wordpress\/plugins\/seo\/ -->\n<title>Regenerierende Creme 50 ml.<\/title>\n<meta name=\"description\" content=\"Aquabelle Regenerierende Creme Calivita 50 ml.\" \/>\n<meta name=\"robots\" content=\"index, follow, max-snippet:-1, max-image-preview:large, max-video-preview:-1\" \/>\n<link rel=\"canonical\" href=\"https:\/\/nature4me.eu\/de\/produkt\/aquabelle-day\/\" \/>\n<meta property=\"og:locale\" content=\"de_DE\" \/>\n<meta property=\"og:type\" content=\"article\" \/>\n<meta property=\"og:title\" content=\"Aquabelle Day (50 ml)\" \/>\n<meta property=\"og:description\" content=\"Aquabelle Regenerierende Creme Calivita 50 ml.\" \/>\n<meta property=\"og:url\" content=\"https:\/\/nature4me.eu\/de\/produkt\/aquabelle-day\/\" \/>\n<meta property=\"og:site_name\" content=\"CaliVita Nature4me\" \/>\n<meta property=\"article:publisher\" content=\"https:\/\/www.facebook.com\/zdravjeiznarave.eu\" \/>\n<meta property=\"article:modified_time\" content=\"2023-02-21T17:18:26+00:00\" \/>\n<meta property=\"og:image\" content=\"https:\/\/nature4me.eu\/wp-content\/uploads\/2016\/03\/Aquabelle-day-cream-1.png\" \/>\n\t<meta property=\"og:image:width\" content=\"148\" \/>\n\t<meta property=\"og:image:height\" content=\"300\" \/>\n\t<meta property=\"og:image:type\" content=\"image\/png\" \/>\n<meta name=\"twitter:card\" content=\"summary_large_image\" \/>\n<script type=\"application\/ld+json\" class=\"yoast-schema-graph\">{\"@context\":\"https:\/\/schema.org\",\"@graph\":[{\"@type\":\"WebPage\",\"@id\":\"https:\/\/nature4me.eu\/de\/produkt\/aquabelle-day\/\",\"url\":\"https:\/\/nature4me.eu\/de\/produkt\/aquabelle-day\/\",\"name\":\"Regenerierende Creme 50 ml.\",\"isPartOf\":{\"@id\":\"https:\/\/nature4me.eu\/de\/#website\"},\"primaryImageOfPage\":{\"@id\":\"https:\/\/nature4me.eu\/de\/produkt\/aquabelle-day\/#primaryimage\"},\"image\":{\"@id\":\"https:\/\/nature4me.eu\/de\/produkt\/aquabelle-day\/#primaryimage\"},\"thumbnailUrl\":\"https:\/\/nature4me.eu\/wp-content\/uploads\/2016\/03\/Aquabelle-day-cream-1.png\",\"datePublished\":\"2021-08-30T06:50:13+00:00\",\"dateModified\":\"2023-02-21T17:18:26+00:00\",\"description\":\"Aquabelle Regenerierende Creme Calivita 50 ml.\",\"breadcrumb\":{\"@id\":\"https:\/\/nature4me.eu\/de\/produkt\/aquabelle-day\/#breadcrumb\"},\"inLanguage\":\"de\",\"potentialAction\":[{\"@type\":\"ReadAction\",\"target\":[\"https:\/\/nature4me.eu\/de\/produkt\/aquabelle-day\/\"]}]},{\"@type\":\"ImageObject\",\"inLanguage\":\"de\",\"@id\":\"https:\/\/nature4me.eu\/de\/produkt\/aquabelle-day\/#primaryimage\",\"url\":\"https:\/\/nature4me.eu\/wp-content\/uploads\/2016\/03\/Aquabelle-day-cream-1.png\",\"contentUrl\":\"https:\/\/nature4me.eu\/wp-content\/uploads\/2016\/03\/Aquabelle-day-cream-1.png\",\"width\":148,\"height\":300},{\"@type\":\"BreadcrumbList\",\"@id\":\"https:\/\/nature4me.eu\/de\/produkt\/aquabelle-day\/#breadcrumb\",\"itemListElement\":[{\"@type\":\"ListItem\",\"position\":1,\"name\":\"Po\u010detna stranica\",\"item\":\"https:\/\/nature4me.eu\/de\/\"},{\"@type\":\"ListItem\",\"position\":2,\"name\":\"Webshop\",\"item\":\"https:\/\/nature4me.eu\/de\/shop\/\"},{\"@type\":\"ListItem\",\"position\":3,\"name\":\"Aquabelle Day (50 ml)\"}]},{\"@type\":\"WebSite\",\"@id\":\"https:\/\/nature4me.eu\/de\/#website\",\"url\":\"https:\/\/nature4me.eu\/de\/\",\"name\":\"CaliVita Nature4me\",\"description\":\"CaliVita Nature4me\",\"potentialAction\":[{\"@type\":\"SearchAction\",\"target\":{\"@type\":\"EntryPoint\",\"urlTemplate\":\"https:\/\/nature4me.eu\/de\/?s={search_term_string}\"},\"query-input\":{\"@type\":\"PropertyValueSpecification\",\"valueRequired\":true,\"valueName\":\"search_term_string\"}}],\"inLanguage\":\"de\"}]}<\/script>\n<!-- \/ Yoast SEO Premium plugin. -->","yoast_head_json":{"title":"Regenerierende Creme 50 ml.","description":"Aquabelle Regenerierende Creme Calivita 50 ml.","robots":{"index":"index","follow":"follow","max-snippet":"max-snippet:-1","max-image-preview":"max-image-preview:large","max-video-preview":"max-video-preview:-1"},"canonical":"https:\/\/nature4me.eu\/de\/produkt\/aquabelle-day\/","og_locale":"de_DE","og_type":"article","og_title":"Aquabelle Day (50 ml)","og_description":"Aquabelle Regenerierende Creme Calivita 50 ml.","og_url":"https:\/\/nature4me.eu\/de\/produkt\/aquabelle-day\/","og_site_name":"CaliVita Nature4me","article_publisher":"https:\/\/www.facebook.com\/zdravjeiznarave.eu","article_modified_time":"2023-02-21T17:18:26+00:00","og_image":[{"width":148,"height":300,"url":"https:\/\/nature4me.eu\/wp-content\/uploads\/2016\/03\/Aquabelle-day-cream-1.png","type":"image\/png"}],"twitter_card":"summary_large_image","schema":{"@context":"https:\/\/schema.org","@graph":[{"@type":"WebPage","@id":"https:\/\/nature4me.eu\/de\/produkt\/aquabelle-day\/","url":"https:\/\/nature4me.eu\/de\/produkt\/aquabelle-day\/","name":"Regenerierende Creme 50 ml.","isPartOf":{"@id":"https:\/\/nature4me.eu\/de\/#website"},"primaryImageOfPage":{"@id":"https:\/\/nature4me.eu\/de\/produkt\/aquabelle-day\/#primaryimage"},"image":{"@id":"https:\/\/nature4me.eu\/de\/produkt\/aquabelle-day\/#primaryimage"},"thumbnailUrl":"https:\/\/nature4me.eu\/wp-content\/uploads\/2016\/03\/Aquabelle-day-cream-1.png","datePublished":"2021-08-30T06:50:13+00:00","dateModified":"2023-02-21T17:18:26+00:00","description":"Aquabelle Regenerierende Creme Calivita 50 ml.","breadcrumb":{"@id":"https:\/\/nature4me.eu\/de\/produkt\/aquabelle-day\/#breadcrumb"},"inLanguage":"de","potentialAction":[{"@type":"ReadAction","target":["https:\/\/nature4me.eu\/de\/produkt\/aquabelle-day\/"]}]},{"@type":"ImageObject","inLanguage":"de","@id":"https:\/\/nature4me.eu\/de\/produkt\/aquabelle-day\/#primaryimage","url":"https:\/\/nature4me.eu\/wp-content\/uploads\/2016\/03\/Aquabelle-day-cream-1.png","contentUrl":"https:\/\/nature4me.eu\/wp-content\/uploads\/2016\/03\/Aquabelle-day-cream-1.png","width":148,"height":300},{"@type":"BreadcrumbList","@id":"https:\/\/nature4me.eu\/de\/produkt\/aquabelle-day\/#breadcrumb","itemListElement":[{"@type":"ListItem","position":1,"name":"Po\u010detna stranica","item":"https:\/\/nature4me.eu\/de\/"},{"@type":"ListItem","position":2,"name":"Webshop","item":"https:\/\/nature4me.eu\/de\/shop\/"},{"@type":"ListItem","position":3,"name":"Aquabelle Day (50 ml)"}]},{"@type":"WebSite","@id":"https:\/\/nature4me.eu\/de\/#website","url":"https:\/\/nature4me.eu\/de\/","name":"CaliVita Nature4me","description":"CaliVita Nature4me","potentialAction":[{"@type":"SearchAction","target":{"@type":"EntryPoint","urlTemplate":"https:\/\/nature4me.eu\/de\/?s={search_term_string}"},"query-input":{"@type":"PropertyValueSpecification","valueRequired":true,"valueName":"search_term_string"}}],"inLanguage":"de"}]}},"_links":{"self":[{"href":"https:\/\/nature4me.eu\/de\/wp-json\/wp\/v2\/product\/5611","targetHints":{"allow":["GET"]}}],"collection":[{"href":"https:\/\/nature4me.eu\/de\/wp-json\/wp\/v2\/product"}],"about":[{"href":"https:\/\/nature4me.eu\/de\/wp-json\/wp\/v2\/types\/product"}],"replies":[{"embeddable":true,"href":"https:\/\/nature4me.eu\/de\/wp-json\/wp\/v2\/comments?post=5611"}],"wp:featuredmedia":[{"embeddable":true,"href":"https:\/\/nature4me.eu\/de\/wp-json\/wp\/v2\/media\/7449"}],"wp:attachment":[{"href":"https:\/\/nature4me.eu\/de\/wp-json\/wp\/v2\/media?parent=5611"}],"wp:term":[{"taxonomy":"product_brand","embeddable":true,"href":"https:\/\/nature4me.eu\/de\/wp-json\/wp\/v2\/product_brand?post=5611"},{"taxonomy":"product_cat","embeddable":true,"href":"https:\/\/nature4me.eu\/de\/wp-json\/wp\/v2\/product_cat?post=5611"},{"taxonomy":"product_tag","embeddable":true,"href":"https:\/\/nature4me.eu\/de\/wp-json\/wp\/v2\/product_tag?post=5611"}],"curies":[{"name":"wp","href":"https:\/\/api.w.org\/{rel}","templated":true}]}}