{"id":5618,"date":"2016-03-18T12:57:50","date_gmt":"2021-08-30T06:58:21","guid":{"rendered":"https:\/\/nature4me.eu\/?post_type=product&#038;p=5618"},"modified":"2023-02-21T19:18:26","modified_gmt":"2023-02-21T17:18:26","slug":"5618","status":"publish","type":"product","link":"https:\/\/nature4me.eu\/de\/produkt\/5618\/","title":{"rendered":"Hand &#038; Body Lotion (1l)"},"content":{"rendered":"<div id=\"product-long-decs\">\n<p>Mit der Hand &amp; Body Lotion k\u00f6nnen Sie Ihre Haut mit den erforderlichen Bed\u00fcrfnissen versorgen. Es enth\u00e4lt <strong>Vitamin E und f\u00fcr den K\u00f6rper n\u00fctzliches Oliven\u00f6l<\/strong> in einer aktuellen Zusammensetzung. Ihre Haut f\u00fchlt sich samtig an und behalten ihren Feuchtigkeitsgehalt und ihre Elastizit\u00e4t f\u00fcr lange Zeit. Es wird schnell und leicht aufgenommen. Es hat keine gl\u00e4nzenden R\u00fcckst\u00e4nde und ist daher auch perfekt f\u00fcr den t\u00e4glichen Gebrauch geeignet.<br \/>\nWir empfehlen die Bodylotion f\u00fcr jeden Hauttyp und f\u00fcr jedes Familienmitglied. Massieren Sie die Lotion t\u00e4glich in Ihre Haut ein und zahlen Sie daf\u00fcr besondere Aufmerksamkeit f\u00fcr trockene, raue und vergr\u00f6berte Bereiche. Aufgrund ihres diskreten Duftes ist die Bodylotion angenehm zu verwenden.<\/p>\n<\/div>\n","protected":false},"excerpt":{"rendered":"<p><!-- Short Details --><\/p>\n<p>&nbsp;<\/p>\n<p><!-- End Short Details --><\/p>\n","protected":false},"featured_media":7479,"comment_status":"closed","ping_status":"closed","template":"","meta":{"inline_featured_image":false,"_monsterinsights_skip_tracking":false,"_monsterinsights_sitenote_active":false,"_monsterinsights_sitenote_note":"","_monsterinsights_sitenote_category":0},"product_brand":[],"product_cat":[158],"product_tag":[],"class_list":{"0":"post-5618","1":"product","2":"type-product","3":"status-publish","4":"has-post-thumbnail","6":"product_cat-kosmetikprodukte-de","8":"first","9":"instock","10":"taxable","11":"shipping-taxable","12":"purchasable","13":"product-type-simple"},"yoast_head":"<!-- This site is optimized with the Yoast SEO Premium plugin v21.9 (Yoast SEO v26.6) - https:\/\/yoast.com\/wordpress\/plugins\/seo\/ -->\n<title>Hand &amp; Body Lotion<\/title>\n<meta name=\"description\" content=\"Hand &amp; Body Lotion Calivita\" \/>\n<meta name=\"robots\" content=\"index, follow, max-snippet:-1, max-image-preview:large, max-video-preview:-1\" \/>\n<link rel=\"canonical\" href=\"https:\/\/nature4me.eu\/de\/produkt\/5618\/\" \/>\n<meta property=\"og:locale\" content=\"de_DE\" \/>\n<meta property=\"og:type\" content=\"article\" \/>\n<meta property=\"og:title\" content=\"Hand &amp; Body Lotion (1l)\" \/>\n<meta property=\"og:description\" content=\"Hand &amp; Body Lotion Calivita\" \/>\n<meta property=\"og:url\" content=\"https:\/\/nature4me.eu\/de\/produkt\/5618\/\" \/>\n<meta property=\"og:site_name\" content=\"CaliVita Nature4me\" \/>\n<meta property=\"article:publisher\" content=\"https:\/\/www.facebook.com\/zdravjeiznarave.eu\" \/>\n<meta property=\"article:modified_time\" content=\"2023-02-21T17:18:26+00:00\" \/>\n<meta property=\"og:image\" content=\"https:\/\/nature4me.eu\/wp-content\/uploads\/2016\/03\/Hand-Body-lotion-1.png\" \/>\n\t<meta property=\"og:image:width\" content=\"113\" \/>\n\t<meta property=\"og:image:height\" content=\"300\" \/>\n\t<meta property=\"og:image:type\" content=\"image\/png\" \/>\n<meta name=\"twitter:card\" content=\"summary_large_image\" \/>\n<meta name=\"twitter:label1\" content=\"Gesch\u00e4tzte Lesezeit\" \/>\n\t<meta name=\"twitter:data1\" content=\"1\u00a0Minute\" \/>\n<script type=\"application\/ld+json\" class=\"yoast-schema-graph\">{\"@context\":\"https:\/\/schema.org\",\"@graph\":[{\"@type\":\"WebPage\",\"@id\":\"https:\/\/nature4me.eu\/de\/produkt\/5618\/\",\"url\":\"https:\/\/nature4me.eu\/de\/produkt\/5618\/\",\"name\":\"Hand & Body Lotion\",\"isPartOf\":{\"@id\":\"https:\/\/nature4me.eu\/de\/#website\"},\"primaryImageOfPage\":{\"@id\":\"https:\/\/nature4me.eu\/de\/produkt\/5618\/#primaryimage\"},\"image\":{\"@id\":\"https:\/\/nature4me.eu\/de\/produkt\/5618\/#primaryimage\"},\"thumbnailUrl\":\"https:\/\/nature4me.eu\/wp-content\/uploads\/2016\/03\/Hand-Body-lotion-1.png\",\"datePublished\":\"2021-08-30T06:58:21+00:00\",\"dateModified\":\"2023-02-21T17:18:26+00:00\",\"description\":\"Hand & Body Lotion Calivita\",\"breadcrumb\":{\"@id\":\"https:\/\/nature4me.eu\/de\/produkt\/5618\/#breadcrumb\"},\"inLanguage\":\"de\",\"potentialAction\":[{\"@type\":\"ReadAction\",\"target\":[\"https:\/\/nature4me.eu\/de\/produkt\/5618\/\"]}]},{\"@type\":\"ImageObject\",\"inLanguage\":\"de\",\"@id\":\"https:\/\/nature4me.eu\/de\/produkt\/5618\/#primaryimage\",\"url\":\"https:\/\/nature4me.eu\/wp-content\/uploads\/2016\/03\/Hand-Body-lotion-1.png\",\"contentUrl\":\"https:\/\/nature4me.eu\/wp-content\/uploads\/2016\/03\/Hand-Body-lotion-1.png\",\"width\":113,\"height\":300,\"caption\":\"losjon za roke in telo\"},{\"@type\":\"BreadcrumbList\",\"@id\":\"https:\/\/nature4me.eu\/de\/produkt\/5618\/#breadcrumb\",\"itemListElement\":[{\"@type\":\"ListItem\",\"position\":1,\"name\":\"Po\u010detna stranica\",\"item\":\"https:\/\/nature4me.eu\/de\/\"},{\"@type\":\"ListItem\",\"position\":2,\"name\":\"Webshop\",\"item\":\"https:\/\/nature4me.eu\/de\/shop\/\"},{\"@type\":\"ListItem\",\"position\":3,\"name\":\"Hand &#038; Body Lotion (1l)\"}]},{\"@type\":\"WebSite\",\"@id\":\"https:\/\/nature4me.eu\/de\/#website\",\"url\":\"https:\/\/nature4me.eu\/de\/\",\"name\":\"CaliVita Nature4me\",\"description\":\"CaliVita Nature4me\",\"potentialAction\":[{\"@type\":\"SearchAction\",\"target\":{\"@type\":\"EntryPoint\",\"urlTemplate\":\"https:\/\/nature4me.eu\/de\/?s={search_term_string}\"},\"query-input\":{\"@type\":\"PropertyValueSpecification\",\"valueRequired\":true,\"valueName\":\"search_term_string\"}}],\"inLanguage\":\"de\"}]}<\/script>\n<!-- \/ Yoast SEO Premium plugin. -->","yoast_head_json":{"title":"Hand & Body Lotion","description":"Hand & Body Lotion Calivita","robots":{"index":"index","follow":"follow","max-snippet":"max-snippet:-1","max-image-preview":"max-image-preview:large","max-video-preview":"max-video-preview:-1"},"canonical":"https:\/\/nature4me.eu\/de\/produkt\/5618\/","og_locale":"de_DE","og_type":"article","og_title":"Hand & Body Lotion (1l)","og_description":"Hand & Body Lotion Calivita","og_url":"https:\/\/nature4me.eu\/de\/produkt\/5618\/","og_site_name":"CaliVita Nature4me","article_publisher":"https:\/\/www.facebook.com\/zdravjeiznarave.eu","article_modified_time":"2023-02-21T17:18:26+00:00","og_image":[{"width":113,"height":300,"url":"https:\/\/nature4me.eu\/wp-content\/uploads\/2016\/03\/Hand-Body-lotion-1.png","type":"image\/png"}],"twitter_card":"summary_large_image","twitter_misc":{"Gesch\u00e4tzte Lesezeit":"1\u00a0Minute"},"schema":{"@context":"https:\/\/schema.org","@graph":[{"@type":"WebPage","@id":"https:\/\/nature4me.eu\/de\/produkt\/5618\/","url":"https:\/\/nature4me.eu\/de\/produkt\/5618\/","name":"Hand & Body Lotion","isPartOf":{"@id":"https:\/\/nature4me.eu\/de\/#website"},"primaryImageOfPage":{"@id":"https:\/\/nature4me.eu\/de\/produkt\/5618\/#primaryimage"},"image":{"@id":"https:\/\/nature4me.eu\/de\/produkt\/5618\/#primaryimage"},"thumbnailUrl":"https:\/\/nature4me.eu\/wp-content\/uploads\/2016\/03\/Hand-Body-lotion-1.png","datePublished":"2021-08-30T06:58:21+00:00","dateModified":"2023-02-21T17:18:26+00:00","description":"Hand & Body Lotion Calivita","breadcrumb":{"@id":"https:\/\/nature4me.eu\/de\/produkt\/5618\/#breadcrumb"},"inLanguage":"de","potentialAction":[{"@type":"ReadAction","target":["https:\/\/nature4me.eu\/de\/produkt\/5618\/"]}]},{"@type":"ImageObject","inLanguage":"de","@id":"https:\/\/nature4me.eu\/de\/produkt\/5618\/#primaryimage","url":"https:\/\/nature4me.eu\/wp-content\/uploads\/2016\/03\/Hand-Body-lotion-1.png","contentUrl":"https:\/\/nature4me.eu\/wp-content\/uploads\/2016\/03\/Hand-Body-lotion-1.png","width":113,"height":300,"caption":"losjon za roke in telo"},{"@type":"BreadcrumbList","@id":"https:\/\/nature4me.eu\/de\/produkt\/5618\/#breadcrumb","itemListElement":[{"@type":"ListItem","position":1,"name":"Po\u010detna stranica","item":"https:\/\/nature4me.eu\/de\/"},{"@type":"ListItem","position":2,"name":"Webshop","item":"https:\/\/nature4me.eu\/de\/shop\/"},{"@type":"ListItem","position":3,"name":"Hand &#038; Body Lotion (1l)"}]},{"@type":"WebSite","@id":"https:\/\/nature4me.eu\/de\/#website","url":"https:\/\/nature4me.eu\/de\/","name":"CaliVita Nature4me","description":"CaliVita Nature4me","potentialAction":[{"@type":"SearchAction","target":{"@type":"EntryPoint","urlTemplate":"https:\/\/nature4me.eu\/de\/?s={search_term_string}"},"query-input":{"@type":"PropertyValueSpecification","valueRequired":true,"valueName":"search_term_string"}}],"inLanguage":"de"}]}},"_links":{"self":[{"href":"https:\/\/nature4me.eu\/de\/wp-json\/wp\/v2\/product\/5618","targetHints":{"allow":["GET"]}}],"collection":[{"href":"https:\/\/nature4me.eu\/de\/wp-json\/wp\/v2\/product"}],"about":[{"href":"https:\/\/nature4me.eu\/de\/wp-json\/wp\/v2\/types\/product"}],"replies":[{"embeddable":true,"href":"https:\/\/nature4me.eu\/de\/wp-json\/wp\/v2\/comments?post=5618"}],"wp:featuredmedia":[{"embeddable":true,"href":"https:\/\/nature4me.eu\/de\/wp-json\/wp\/v2\/media\/7479"}],"wp:attachment":[{"href":"https:\/\/nature4me.eu\/de\/wp-json\/wp\/v2\/media?parent=5618"}],"wp:term":[{"taxonomy":"product_brand","embeddable":true,"href":"https:\/\/nature4me.eu\/de\/wp-json\/wp\/v2\/product_brand?post=5618"},{"taxonomy":"product_cat","embeddable":true,"href":"https:\/\/nature4me.eu\/de\/wp-json\/wp\/v2\/product_cat?post=5618"},{"taxonomy":"product_tag","embeddable":true,"href":"https:\/\/nature4me.eu\/de\/wp-json\/wp\/v2\/product_tag?post=5618"}],"curies":[{"name":"wp","href":"https:\/\/api.w.org\/{rel}","templated":true}]}}