{"id":5631,"date":"2016-03-15T15:05:24","date_gmt":"2021-08-30T10:14:44","guid":{"rendered":"https:\/\/nature4me.eu\/?post_type=product&#038;p=5631"},"modified":"2021-11-14T20:36:21","modified_gmt":"2021-11-14T18:36:21","slug":"aquarion-wasserionisierendes-geraet-und-filter","status":"publish","type":"product","link":"https:\/\/nature4me.eu\/de\/produkt\/aquarion-wasserionisierendes-geraet-und-filter\/","title":{"rendered":"Aquarion Wasserionisierendes Ger\u00e4t und Filter"},"content":{"rendered":"<div id=\"product-long-decs\">\n<p>Das Aquarion ist ein Hochleistungsger\u00e4t zur Wasserfilterung, das ionisiertes, sauerstoffreiches alkalisches oder s\u00e4urehaltiges Wasser nach der Einstellung des Verbrauchers herstellt, das keine Schwermetalle und Giftstoffe enth\u00e4lt. Unsere Ern\u00e4hrung, die meisten Nahrungszusatzstoffe und einige Medikamente k\u00f6nnen den pH-Wert unseres Organismus in sauere Richtung verschieben. Das ionisierte Wasser kann den Organismus ausgezeichnet alkalisieren und es verf\u00fcgt auch \u00fcber eine antioxidative Wirkung.<\/p>\n<\/div>\n","protected":false},"excerpt":{"rendered":"<p><!-- Short Details --><\/p>\n<div class=\"short-product-desc\"><\/div>\n<p><!-- End Short Details --><\/p>\n","protected":false},"featured_media":5140,"comment_status":"closed","ping_status":"closed","template":"","meta":{"inline_featured_image":false,"_monsterinsights_skip_tracking":false,"_monsterinsights_sitenote_active":false,"_monsterinsights_sitenote_note":"","_monsterinsights_sitenote_category":0},"product_brand":[],"product_cat":[56,175,163],"product_tag":[],"class_list":{"0":"post-5631","1":"product","2":"type-product","3":"status-publish","4":"has-post-thumbnail","6":"product_cat-elektronik","7":"product_cat-meistverkaufte-produkte","8":"product_cat-vegetarier-veganer-de","10":"first","11":"outofstock","12":"taxable","13":"shipping-taxable","14":"purchasable","15":"product-type-simple"},"yoast_head":"<!-- This site is optimized with the Yoast SEO Premium plugin v21.9 (Yoast SEO v26.6) - https:\/\/yoast.com\/wordpress\/plugins\/seo\/ -->\n<title>Aquarion Wasserionisierendes Ger\u00e4t und Filter - CaliVita Nature4me<\/title>\n<meta name=\"robots\" content=\"index, follow, max-snippet:-1, max-image-preview:large, max-video-preview:-1\" \/>\n<link rel=\"canonical\" href=\"https:\/\/nature4me.eu\/de\/produkt\/aquarion-wasserionisierendes-geraet-und-filter\/\" \/>\n<meta property=\"og:locale\" content=\"de_DE\" \/>\n<meta property=\"og:type\" content=\"article\" \/>\n<meta property=\"og:title\" content=\"Aquarion Wasserionisierendes Ger\u00e4t und Filter\" \/>\n<meta property=\"og:url\" content=\"https:\/\/nature4me.eu\/de\/produkt\/aquarion-wasserionisierendes-geraet-und-filter\/\" \/>\n<meta property=\"og:site_name\" content=\"CaliVita Nature4me\" \/>\n<meta property=\"article:publisher\" content=\"https:\/\/www.facebook.com\/zdravjeiznarave.eu\" \/>\n<meta property=\"article:modified_time\" content=\"2021-11-14T18:36:21+00:00\" \/>\n<meta property=\"og:image\" content=\"https:\/\/nature4me.eu\/wp-content\/uploads\/2016\/03\/Aquarion.png\" \/>\n\t<meta property=\"og:image:width\" content=\"201\" \/>\n\t<meta property=\"og:image:height\" content=\"250\" \/>\n\t<meta property=\"og:image:type\" content=\"image\/png\" \/>\n<meta name=\"twitter:card\" content=\"summary_large_image\" \/>\n<script type=\"application\/ld+json\" class=\"yoast-schema-graph\">{\"@context\":\"https:\/\/schema.org\",\"@graph\":[{\"@type\":\"WebPage\",\"@id\":\"https:\/\/nature4me.eu\/de\/produkt\/aquarion-wasserionisierendes-geraet-und-filter\/\",\"url\":\"https:\/\/nature4me.eu\/de\/produkt\/aquarion-wasserionisierendes-geraet-und-filter\/\",\"name\":\"Aquarion Wasserionisierendes Ger\u00e4t und Filter - CaliVita Nature4me\",\"isPartOf\":{\"@id\":\"https:\/\/nature4me.eu\/de\/#website\"},\"primaryImageOfPage\":{\"@id\":\"https:\/\/nature4me.eu\/de\/produkt\/aquarion-wasserionisierendes-geraet-und-filter\/#primaryimage\"},\"image\":{\"@id\":\"https:\/\/nature4me.eu\/de\/produkt\/aquarion-wasserionisierendes-geraet-und-filter\/#primaryimage\"},\"thumbnailUrl\":\"https:\/\/nature4me.eu\/wp-content\/uploads\/2016\/03\/Aquarion.png\",\"datePublished\":\"2021-08-30T10:14:44+00:00\",\"dateModified\":\"2021-11-14T18:36:21+00:00\",\"breadcrumb\":{\"@id\":\"https:\/\/nature4me.eu\/de\/produkt\/aquarion-wasserionisierendes-geraet-und-filter\/#breadcrumb\"},\"inLanguage\":\"de\",\"potentialAction\":[{\"@type\":\"ReadAction\",\"target\":[\"https:\/\/nature4me.eu\/de\/produkt\/aquarion-wasserionisierendes-geraet-und-filter\/\"]}]},{\"@type\":\"ImageObject\",\"inLanguage\":\"de\",\"@id\":\"https:\/\/nature4me.eu\/de\/produkt\/aquarion-wasserionisierendes-geraet-und-filter\/#primaryimage\",\"url\":\"https:\/\/nature4me.eu\/wp-content\/uploads\/2016\/03\/Aquarion.png\",\"contentUrl\":\"https:\/\/nature4me.eu\/wp-content\/uploads\/2016\/03\/Aquarion.png\",\"width\":201,\"height\":250},{\"@type\":\"BreadcrumbList\",\"@id\":\"https:\/\/nature4me.eu\/de\/produkt\/aquarion-wasserionisierendes-geraet-und-filter\/#breadcrumb\",\"itemListElement\":[{\"@type\":\"ListItem\",\"position\":1,\"name\":\"Po\u010detna stranica\",\"item\":\"https:\/\/nature4me.eu\/de\/\"},{\"@type\":\"ListItem\",\"position\":2,\"name\":\"Webshop\",\"item\":\"https:\/\/nature4me.eu\/de\/shop\/\"},{\"@type\":\"ListItem\",\"position\":3,\"name\":\"Aquarion Wasserionisierendes Ger\u00e4t und Filter\"}]},{\"@type\":\"WebSite\",\"@id\":\"https:\/\/nature4me.eu\/de\/#website\",\"url\":\"https:\/\/nature4me.eu\/de\/\",\"name\":\"CaliVita Nature4me\",\"description\":\"CaliVita Nature4me\",\"potentialAction\":[{\"@type\":\"SearchAction\",\"target\":{\"@type\":\"EntryPoint\",\"urlTemplate\":\"https:\/\/nature4me.eu\/de\/?s={search_term_string}\"},\"query-input\":{\"@type\":\"PropertyValueSpecification\",\"valueRequired\":true,\"valueName\":\"search_term_string\"}}],\"inLanguage\":\"de\"}]}<\/script>\n<!-- \/ Yoast SEO Premium plugin. -->","yoast_head_json":{"title":"Aquarion Wasserionisierendes Ger\u00e4t und Filter - CaliVita Nature4me","robots":{"index":"index","follow":"follow","max-snippet":"max-snippet:-1","max-image-preview":"max-image-preview:large","max-video-preview":"max-video-preview:-1"},"canonical":"https:\/\/nature4me.eu\/de\/produkt\/aquarion-wasserionisierendes-geraet-und-filter\/","og_locale":"de_DE","og_type":"article","og_title":"Aquarion Wasserionisierendes Ger\u00e4t und Filter","og_url":"https:\/\/nature4me.eu\/de\/produkt\/aquarion-wasserionisierendes-geraet-und-filter\/","og_site_name":"CaliVita Nature4me","article_publisher":"https:\/\/www.facebook.com\/zdravjeiznarave.eu","article_modified_time":"2021-11-14T18:36:21+00:00","og_image":[{"width":201,"height":250,"url":"https:\/\/nature4me.eu\/wp-content\/uploads\/2016\/03\/Aquarion.png","type":"image\/png"}],"twitter_card":"summary_large_image","schema":{"@context":"https:\/\/schema.org","@graph":[{"@type":"WebPage","@id":"https:\/\/nature4me.eu\/de\/produkt\/aquarion-wasserionisierendes-geraet-und-filter\/","url":"https:\/\/nature4me.eu\/de\/produkt\/aquarion-wasserionisierendes-geraet-und-filter\/","name":"Aquarion Wasserionisierendes Ger\u00e4t und Filter - CaliVita Nature4me","isPartOf":{"@id":"https:\/\/nature4me.eu\/de\/#website"},"primaryImageOfPage":{"@id":"https:\/\/nature4me.eu\/de\/produkt\/aquarion-wasserionisierendes-geraet-und-filter\/#primaryimage"},"image":{"@id":"https:\/\/nature4me.eu\/de\/produkt\/aquarion-wasserionisierendes-geraet-und-filter\/#primaryimage"},"thumbnailUrl":"https:\/\/nature4me.eu\/wp-content\/uploads\/2016\/03\/Aquarion.png","datePublished":"2021-08-30T10:14:44+00:00","dateModified":"2021-11-14T18:36:21+00:00","breadcrumb":{"@id":"https:\/\/nature4me.eu\/de\/produkt\/aquarion-wasserionisierendes-geraet-und-filter\/#breadcrumb"},"inLanguage":"de","potentialAction":[{"@type":"ReadAction","target":["https:\/\/nature4me.eu\/de\/produkt\/aquarion-wasserionisierendes-geraet-und-filter\/"]}]},{"@type":"ImageObject","inLanguage":"de","@id":"https:\/\/nature4me.eu\/de\/produkt\/aquarion-wasserionisierendes-geraet-und-filter\/#primaryimage","url":"https:\/\/nature4me.eu\/wp-content\/uploads\/2016\/03\/Aquarion.png","contentUrl":"https:\/\/nature4me.eu\/wp-content\/uploads\/2016\/03\/Aquarion.png","width":201,"height":250},{"@type":"BreadcrumbList","@id":"https:\/\/nature4me.eu\/de\/produkt\/aquarion-wasserionisierendes-geraet-und-filter\/#breadcrumb","itemListElement":[{"@type":"ListItem","position":1,"name":"Po\u010detna stranica","item":"https:\/\/nature4me.eu\/de\/"},{"@type":"ListItem","position":2,"name":"Webshop","item":"https:\/\/nature4me.eu\/de\/shop\/"},{"@type":"ListItem","position":3,"name":"Aquarion Wasserionisierendes Ger\u00e4t und Filter"}]},{"@type":"WebSite","@id":"https:\/\/nature4me.eu\/de\/#website","url":"https:\/\/nature4me.eu\/de\/","name":"CaliVita Nature4me","description":"CaliVita Nature4me","potentialAction":[{"@type":"SearchAction","target":{"@type":"EntryPoint","urlTemplate":"https:\/\/nature4me.eu\/de\/?s={search_term_string}"},"query-input":{"@type":"PropertyValueSpecification","valueRequired":true,"valueName":"search_term_string"}}],"inLanguage":"de"}]}},"_links":{"self":[{"href":"https:\/\/nature4me.eu\/de\/wp-json\/wp\/v2\/product\/5631","targetHints":{"allow":["GET"]}}],"collection":[{"href":"https:\/\/nature4me.eu\/de\/wp-json\/wp\/v2\/product"}],"about":[{"href":"https:\/\/nature4me.eu\/de\/wp-json\/wp\/v2\/types\/product"}],"replies":[{"embeddable":true,"href":"https:\/\/nature4me.eu\/de\/wp-json\/wp\/v2\/comments?post=5631"}],"wp:featuredmedia":[{"embeddable":true,"href":"https:\/\/nature4me.eu\/de\/wp-json\/wp\/v2\/media\/5140"}],"wp:attachment":[{"href":"https:\/\/nature4me.eu\/de\/wp-json\/wp\/v2\/media?parent=5631"}],"wp:term":[{"taxonomy":"product_brand","embeddable":true,"href":"https:\/\/nature4me.eu\/de\/wp-json\/wp\/v2\/product_brand?post=5631"},{"taxonomy":"product_cat","embeddable":true,"href":"https:\/\/nature4me.eu\/de\/wp-json\/wp\/v2\/product_cat?post=5631"},{"taxonomy":"product_tag","embeddable":true,"href":"https:\/\/nature4me.eu\/de\/wp-json\/wp\/v2\/product_tag?post=5631"}],"curies":[{"name":"wp","href":"https:\/\/api.w.org\/{rel}","templated":true}]}}