{"id":5638,"date":"2016-03-10T12:57:19","date_gmt":"2021-08-30T10:32:27","guid":{"rendered":"https:\/\/nature4me.eu\/?post_type=product&#038;p=5638"},"modified":"2021-08-30T12:32:27","modified_gmt":"2021-08-30T10:32:27","slug":"vital-0","status":"publish","type":"product","link":"https:\/\/nature4me.eu\/de\/produkt\/vital-0\/","title":{"rendered":"Vital 0"},"content":{"rendered":"<div id=\"product-long-decs\">\n<p>W\u00e4hrend der Evolution haben sich die mit Blutgruppe 0 an das Fleischessen angepasst. Dadurch k\u00f6nnen sie ihren Eisenbedarf einfacher decken, aber von einigen Vitaminen B k\u00f6nnen sie Erg\u00e4nzung brauchen. Das Vital 0 ist ein Erzeugnis, das f\u00fcr jede Person die angemessenen Vitamine und speziellen Pflanzenextrakte wie Yucca, Kurkuma und Meerrettich enth\u00e4lt.<\/p>\n<h4>Wem und wozu empfehlen wir es:<\/h4>\n<ul>\n<li>Zum t\u00e4glichen Bewahren der gesunden Lebensprozesse und der Vitalit\u00e4t,<\/li>\n<li>zur F\u00f6rderung des Immunsystems,<\/li>\n<li>bei Grippe, Schnupfen zur Verst\u00e4rkung der Widerstandsf\u00e4higkeit,<\/li>\n<li>zur Erg\u00e4nzung von Blutgruppen-Ern\u00e4hrung f\u00fcr Leute mit Blutgruppe 0.<\/li>\n<li><span lang=\"de-DE\">zur F\u00f6rderung der Genesung nach einer Krankheit<\/span>.<\/li>\n<\/ul>\n<\/div>\n<p>KoagKag approval number: 4340-0620-2471<\/p>\n","protected":false},"excerpt":{"rendered":"<p><!-- Short Details --><\/p>\n<div class=\"short-product-desc\">\n<h2 class=\"details_h3\">Vitamine und Pflanzenextrakte<\/h2>\n<\/div>\n","protected":false},"featured_media":7306,"comment_status":"closed","ping_status":"closed","template":"","meta":{"inline_featured_image":false,"_monsterinsights_skip_tracking":false,"_monsterinsights_sitenote_active":false,"_monsterinsights_sitenote_note":"","_monsterinsights_sitenote_category":0},"product_brand":[],"product_cat":[160],"product_tag":[],"class_list":{"0":"post-5638","1":"product","2":"type-product","3":"status-publish","4":"has-post-thumbnail","6":"product_cat-multivitamine-de","8":"first","9":"instock","10":"taxable","11":"shipping-taxable","12":"purchasable","13":"product-type-simple"},"yoast_head":"<!-- This site is optimized with the Yoast SEO Premium plugin v21.9 (Yoast SEO v26.6) - https:\/\/yoast.com\/wordpress\/plugins\/seo\/ -->\n<title>Vital 0 - CaliVita Nature4me<\/title>\n<meta name=\"robots\" content=\"index, follow, max-snippet:-1, max-image-preview:large, max-video-preview:-1\" \/>\n<link rel=\"canonical\" href=\"https:\/\/nature4me.eu\/de\/produkt\/vital-0\/\" \/>\n<meta property=\"og:locale\" content=\"de_DE\" \/>\n<meta property=\"og:type\" content=\"article\" \/>\n<meta property=\"og:title\" content=\"Vital 0\" \/>\n<meta property=\"og:description\" content=\"Vitamine und Pflanzenextrakte\" \/>\n<meta property=\"og:url\" content=\"https:\/\/nature4me.eu\/de\/produkt\/vital-0\/\" \/>\n<meta property=\"og:site_name\" content=\"CaliVita Nature4me\" \/>\n<meta property=\"article:publisher\" content=\"https:\/\/www.facebook.com\/zdravjeiznarave.eu\" \/>\n<meta property=\"og:image\" content=\"https:\/\/nature4me.eu\/wp-content\/uploads\/2016\/03\/Vital-0-1.png\" \/>\n\t<meta property=\"og:image:width\" content=\"200\" \/>\n\t<meta property=\"og:image:height\" content=\"365\" \/>\n\t<meta property=\"og:image:type\" content=\"image\/png\" \/>\n<meta name=\"twitter:card\" content=\"summary_large_image\" \/>\n<meta name=\"twitter:label1\" content=\"Gesch\u00e4tzte Lesezeit\" \/>\n\t<meta name=\"twitter:data1\" content=\"1\u00a0Minute\" \/>\n<script type=\"application\/ld+json\" class=\"yoast-schema-graph\">{\"@context\":\"https:\/\/schema.org\",\"@graph\":[{\"@type\":\"WebPage\",\"@id\":\"https:\/\/nature4me.eu\/de\/produkt\/vital-0\/\",\"url\":\"https:\/\/nature4me.eu\/de\/produkt\/vital-0\/\",\"name\":\"Vital 0 - CaliVita Nature4me\",\"isPartOf\":{\"@id\":\"https:\/\/nature4me.eu\/de\/#website\"},\"primaryImageOfPage\":{\"@id\":\"https:\/\/nature4me.eu\/de\/produkt\/vital-0\/#primaryimage\"},\"image\":{\"@id\":\"https:\/\/nature4me.eu\/de\/produkt\/vital-0\/#primaryimage\"},\"thumbnailUrl\":\"https:\/\/nature4me.eu\/wp-content\/uploads\/2016\/03\/Vital-0-1.png\",\"datePublished\":\"2021-08-30T10:32:27+00:00\",\"breadcrumb\":{\"@id\":\"https:\/\/nature4me.eu\/de\/produkt\/vital-0\/#breadcrumb\"},\"inLanguage\":\"de\",\"potentialAction\":[{\"@type\":\"ReadAction\",\"target\":[\"https:\/\/nature4me.eu\/de\/produkt\/vital-0\/\"]}]},{\"@type\":\"ImageObject\",\"inLanguage\":\"de\",\"@id\":\"https:\/\/nature4me.eu\/de\/produkt\/vital-0\/#primaryimage\",\"url\":\"https:\/\/nature4me.eu\/wp-content\/uploads\/2016\/03\/Vital-0-1.png\",\"contentUrl\":\"https:\/\/nature4me.eu\/wp-content\/uploads\/2016\/03\/Vital-0-1.png\",\"width\":200,\"height\":365,\"caption\":\"krvna skupina 0\"},{\"@type\":\"BreadcrumbList\",\"@id\":\"https:\/\/nature4me.eu\/de\/produkt\/vital-0\/#breadcrumb\",\"itemListElement\":[{\"@type\":\"ListItem\",\"position\":1,\"name\":\"Po\u010detna stranica\",\"item\":\"https:\/\/nature4me.eu\/de\/\"},{\"@type\":\"ListItem\",\"position\":2,\"name\":\"Webshop\",\"item\":\"https:\/\/nature4me.eu\/de\/shop\/\"},{\"@type\":\"ListItem\",\"position\":3,\"name\":\"Vital 0\"}]},{\"@type\":\"WebSite\",\"@id\":\"https:\/\/nature4me.eu\/de\/#website\",\"url\":\"https:\/\/nature4me.eu\/de\/\",\"name\":\"CaliVita Nature4me\",\"description\":\"CaliVita Nature4me\",\"potentialAction\":[{\"@type\":\"SearchAction\",\"target\":{\"@type\":\"EntryPoint\",\"urlTemplate\":\"https:\/\/nature4me.eu\/de\/?s={search_term_string}\"},\"query-input\":{\"@type\":\"PropertyValueSpecification\",\"valueRequired\":true,\"valueName\":\"search_term_string\"}}],\"inLanguage\":\"de\"}]}<\/script>\n<!-- \/ Yoast SEO Premium plugin. -->","yoast_head_json":{"title":"Vital 0 - CaliVita Nature4me","robots":{"index":"index","follow":"follow","max-snippet":"max-snippet:-1","max-image-preview":"max-image-preview:large","max-video-preview":"max-video-preview:-1"},"canonical":"https:\/\/nature4me.eu\/de\/produkt\/vital-0\/","og_locale":"de_DE","og_type":"article","og_title":"Vital 0","og_description":"Vitamine und Pflanzenextrakte","og_url":"https:\/\/nature4me.eu\/de\/produkt\/vital-0\/","og_site_name":"CaliVita Nature4me","article_publisher":"https:\/\/www.facebook.com\/zdravjeiznarave.eu","og_image":[{"width":200,"height":365,"url":"https:\/\/nature4me.eu\/wp-content\/uploads\/2016\/03\/Vital-0-1.png","type":"image\/png"}],"twitter_card":"summary_large_image","twitter_misc":{"Gesch\u00e4tzte Lesezeit":"1\u00a0Minute"},"schema":{"@context":"https:\/\/schema.org","@graph":[{"@type":"WebPage","@id":"https:\/\/nature4me.eu\/de\/produkt\/vital-0\/","url":"https:\/\/nature4me.eu\/de\/produkt\/vital-0\/","name":"Vital 0 - CaliVita Nature4me","isPartOf":{"@id":"https:\/\/nature4me.eu\/de\/#website"},"primaryImageOfPage":{"@id":"https:\/\/nature4me.eu\/de\/produkt\/vital-0\/#primaryimage"},"image":{"@id":"https:\/\/nature4me.eu\/de\/produkt\/vital-0\/#primaryimage"},"thumbnailUrl":"https:\/\/nature4me.eu\/wp-content\/uploads\/2016\/03\/Vital-0-1.png","datePublished":"2021-08-30T10:32:27+00:00","breadcrumb":{"@id":"https:\/\/nature4me.eu\/de\/produkt\/vital-0\/#breadcrumb"},"inLanguage":"de","potentialAction":[{"@type":"ReadAction","target":["https:\/\/nature4me.eu\/de\/produkt\/vital-0\/"]}]},{"@type":"ImageObject","inLanguage":"de","@id":"https:\/\/nature4me.eu\/de\/produkt\/vital-0\/#primaryimage","url":"https:\/\/nature4me.eu\/wp-content\/uploads\/2016\/03\/Vital-0-1.png","contentUrl":"https:\/\/nature4me.eu\/wp-content\/uploads\/2016\/03\/Vital-0-1.png","width":200,"height":365,"caption":"krvna skupina 0"},{"@type":"BreadcrumbList","@id":"https:\/\/nature4me.eu\/de\/produkt\/vital-0\/#breadcrumb","itemListElement":[{"@type":"ListItem","position":1,"name":"Po\u010detna stranica","item":"https:\/\/nature4me.eu\/de\/"},{"@type":"ListItem","position":2,"name":"Webshop","item":"https:\/\/nature4me.eu\/de\/shop\/"},{"@type":"ListItem","position":3,"name":"Vital 0"}]},{"@type":"WebSite","@id":"https:\/\/nature4me.eu\/de\/#website","url":"https:\/\/nature4me.eu\/de\/","name":"CaliVita Nature4me","description":"CaliVita Nature4me","potentialAction":[{"@type":"SearchAction","target":{"@type":"EntryPoint","urlTemplate":"https:\/\/nature4me.eu\/de\/?s={search_term_string}"},"query-input":{"@type":"PropertyValueSpecification","valueRequired":true,"valueName":"search_term_string"}}],"inLanguage":"de"}]}},"_links":{"self":[{"href":"https:\/\/nature4me.eu\/de\/wp-json\/wp\/v2\/product\/5638","targetHints":{"allow":["GET"]}}],"collection":[{"href":"https:\/\/nature4me.eu\/de\/wp-json\/wp\/v2\/product"}],"about":[{"href":"https:\/\/nature4me.eu\/de\/wp-json\/wp\/v2\/types\/product"}],"replies":[{"embeddable":true,"href":"https:\/\/nature4me.eu\/de\/wp-json\/wp\/v2\/comments?post=5638"}],"wp:featuredmedia":[{"embeddable":true,"href":"https:\/\/nature4me.eu\/de\/wp-json\/wp\/v2\/media\/7306"}],"wp:attachment":[{"href":"https:\/\/nature4me.eu\/de\/wp-json\/wp\/v2\/media?parent=5638"}],"wp:term":[{"taxonomy":"product_brand","embeddable":true,"href":"https:\/\/nature4me.eu\/de\/wp-json\/wp\/v2\/product_brand?post=5638"},{"taxonomy":"product_cat","embeddable":true,"href":"https:\/\/nature4me.eu\/de\/wp-json\/wp\/v2\/product_cat?post=5638"},{"taxonomy":"product_tag","embeddable":true,"href":"https:\/\/nature4me.eu\/de\/wp-json\/wp\/v2\/product_tag?post=5638"}],"curies":[{"name":"wp","href":"https:\/\/api.w.org\/{rel}","templated":true}]}}