{"id":5639,"date":"2016-03-10T12:54:27","date_gmt":"2021-08-30T10:51:24","guid":{"rendered":"https:\/\/nature4me.eu\/?post_type=product&#038;p=5639"},"modified":"2021-12-28T10:23:12","modified_gmt":"2021-12-28T08:23:12","slug":"vital-ab","status":"publish","type":"product","link":"https:\/\/nature4me.eu\/de\/produkt\/vital-ab\/","title":{"rendered":"Vital AB"},"content":{"rendered":"<div id=\"product-long-decs\">\n<p>Die Blutgruppe hat sich w\u00e4hrend der Evolution als letzte durch die Mischung von Blutgruppen A und B entwickelt. Die Ern\u00e4hrung dieser Blutgruppe kann sich gemischt werden, obwohl der Gem\u00fcsekonsum eine wohltuende Wirkung aus\u00fcbt. Das Multivitamin Vital AB direkt f\u00fcr diese Blutgruppe enth\u00e4lt in erh\u00f6hter Dosis Kalzium und Selen. Die Vitamine und Mineralstoffe werden mit Heilpflanzen wie Extrakt aus roten Trauben, Sellerieblatt und Knoblauch erg\u00e4nzt.<\/p>\n<h4>Wem und wozu empfehlen wir es:<\/h4>\n<ul>\n<li>Zum t\u00e4glichen Bewahren der gesunden Lebensprozesse und der Vitalit\u00e4t,<\/li>\n<li>zur F\u00f6rderung des Immunsystems,<\/li>\n<li>bei Grippe, Schnupfen zur Verst\u00e4rkung der Widerstandsf\u00e4higkeit,<\/li>\n<li>zur Erg\u00e4nzung von Blutgruppen-Ern\u00e4hrung f\u00fcr Leute mit Blutgruppe AB,<\/li>\n<li>zur F\u00f6rderung der Genesung nach einer Krankheit.<\/li>\n<\/ul>\n<\/div>\n<p><!-- Product Specification --><\/p>\n<table class=\"product_details_body\" border=\"0\" width=\"500\" cellspacing=\"0\" align=\"center\" bgcolor=\"#7CDB8B\">\n<tbody>\n<tr bgcolor=>\n<td height=\"20\"><u>Wirkstoffe 3 Tabletten\/Kapseln:<\/u><\/td>\n<td width=\"100\"><span class=\"pvdecla\">(Deklaration anzeigen)<\/span><\/td>\n<td width=\"70\"><span class=\"pd-rda\">*RDA:<\/span><\/td>\n<\/tr>\n<tr>\n<td>Kalzium<\/td>\n<td>679,8 mg<\/td>\n<td>85%<\/td>\n<\/tr>\n<tr>\n<td>Magnesium<\/td>\n<td>240 mg<\/td>\n<td>64%<\/td>\n<\/tr>\n<tr>\n<td>Vitamin C<\/td>\n<td>180 mg<\/td>\n<td>225%<\/td>\n<\/tr>\n<tr>\n<td>Sellerieblatt<\/td>\n<td>150 mg<\/td>\n<td><\/td>\n<\/tr>\n<tr>\n<td>Knoblauch<\/td>\n<td>150 mg<\/td>\n<td><\/td>\n<\/tr>\n<tr>\n<td>Bromelain<\/td>\n<td>75 mg<\/td>\n<td><\/td>\n<\/tr>\n<tr>\n<td>Brokkoli<\/td>\n<td>60 mg<\/td>\n<td><\/td>\n<\/tr>\n<tr>\n<td>Cholin<\/td>\n<td>60 mg<\/td>\n<td><\/td>\n<\/tr>\n<tr>\n<td>Moosbeere<\/td>\n<td>60 mg<\/td>\n<td><\/td>\n<\/tr>\n<tr>\n<td>Inositol<\/td>\n<td>60 mg<\/td>\n<td><\/td>\n<\/tr>\n<tr>\n<td>Niacin<\/td>\n<td>54 mg<\/td>\n<td>300%<\/td>\n<\/tr>\n<tr>\n<td>L-zytstein<\/td>\n<td>30 mg<\/td>\n<td><\/td>\n<\/tr>\n<tr>\n<td>Rote Traubenschalenextrakt (4:1)<\/td>\n<td>30 mg<\/td>\n<td><\/td>\n<\/tr>\n<tr>\n<td>Gr\u00fcner Tee Blatt Extrakt (std. 50% polyphenols; 6:1)<\/td>\n<td>30 mg<\/td>\n<td><\/td>\n<\/tr>\n<tr>\n<td>Fols\u00e4ure<\/td>\n<td>300 mcg<\/td>\n<td>150%<\/td>\n<\/tr>\n<tr>\n<td>Molybd\u00e4n<\/td>\n<td>240 mcg<\/td>\n<td>480%<\/td>\n<\/tr>\n<tr>\n<td>Jod<\/td>\n<td>150 mcg<\/td>\n<td>100%<\/td>\n<\/tr>\n<tr>\n<td>Bor<\/td>\n<td>150 mcg<\/td>\n<td><\/td>\n<\/tr>\n<tr>\n<td>Selen<\/td>\n<td>120 mcg<\/td>\n<td>218%<\/td>\n<\/tr>\n<tr>\n<td>Chrom<\/td>\n<td>90 mcg<\/td>\n<td>225%<\/td>\n<\/tr>\n<tr>\n<td>Biotin<\/td>\n<td>120 mcg<\/td>\n<td>240%<\/td>\n<\/tr>\n<tr>\n<td>Mangan<\/td>\n<td>3 mg<\/td>\n<td>150%<\/td>\n<\/tr>\n<tr>\n<td>Vitamin B12<\/td>\n<td>3 mcg<\/td>\n<td>120%<\/td>\n<\/tr>\n<tr>\n<td>Beta karotin<\/td>\n<td>600 mcg<\/td>\n<td>75%<\/td>\n<\/tr>\n<tr>\n<td>Kupfer<\/td>\n<td>1.5 mg<\/td>\n<td>150%<\/td>\n<\/tr>\n<tr>\n<td>Vitamin E<\/td>\n<td>20 mg<\/td>\n<td>167%<\/td>\n<\/tr>\n<tr>\n<td>Zink<\/td>\n<td>24 mg<\/td>\n<td>240%<\/td>\n<\/tr>\n<tr>\n<td>L-Glutathion Komplex<\/td>\n<td>15mg<\/td>\n<td><\/td>\n<\/tr>\n<tr>\n<td>PABA (Para-Amino-Benzoes\u00e4ure)<\/td>\n<td>15 mg<\/td>\n<td><\/td>\n<\/tr>\n<tr>\n<td>Ingwerwurzelextrakt (std. 40 % gingerol )<\/td>\n<td>15 mg<\/td>\n<td><\/td>\n<\/tr>\n<tr>\n<td>Querzetin<\/td>\n<td>15 mg<\/td>\n<td><\/td>\n<\/tr>\n<tr>\n<td>Pantothens\u00e4ure<\/td>\n<td>15 mg<\/td>\n<td>250%<\/td>\n<\/tr>\n<tr>\n<td>Hesperidin Komplex<\/td>\n<td>15 mg<\/td>\n<td><\/td>\n<\/tr>\n<tr>\n<td>Eisen<\/td>\n<td>15 mg<\/td>\n<td>107%<\/td>\n<\/tr>\n<tr>\n<td>Rutin<\/td>\n<td>12 mg<\/td>\n<td><\/td>\n<\/tr>\n<tr>\n<td>Zitrus Bioflavonoid Komplex<\/td>\n<td>12 mg<\/td>\n<td><\/td>\n<\/tr>\n<tr>\n<td>Vitamin B6<\/td>\n<td>6 mg<\/td>\n<td>429%<\/td>\n<\/tr>\n<tr>\n<td>Vitamin B2<\/td>\n<td>4.8 mg<\/td>\n<td>343%<\/td>\n<\/tr>\n<tr>\n<td>Vitamin B1<\/td>\n<td>4.2 mg<\/td>\n<td>382%<\/td>\n<\/tr>\n<tr>\n<td colspan=\"3\" height=\"10\"><\/td>\n<\/tr>\n<tr bgcolor=>\n<td colspan=\"3\" height=\"20\"><u>Dosierung *RDA:<\/u><\/td>\n<\/tr>\n<tr>\n<td colspan=\"3\" align=\"center\" height=\"15\">3&#215;1 Tablette t\u00e4glich, nach der Mahlzeit.<\/td>\n<\/tr>\n<tr bgcolor=>\n<td colspan=\"3\" height=\"20\"><u>Inaktive Inhaltsstoffe, Warnungen und Produktdeklarationen:<\/u><\/td>\n<\/tr>\n<tr>\n<td colspan=\"3\" height=\"10\">Andere Zutaten: mikrokristalline Cellulose, Kaliummalat, Stearins\u00e4ure, Natrium-carboxymethylcellulose, Hydroxypropylmethylcellulose, Siliciumdioxid, Propylenglycol, Triacetin.<\/td>\n<\/tr>\n<tr>\n<td colspan=\"3\" height=\"10\"><\/td>\n<\/tr>\n<\/tbody>\n<\/table>\n<p><!-- End Product Specification --><\/p>\n<p><!-- Product Declaration --><\/p>\n<div id=\"product-declaration-title\">Nahrungserg\u00e4nzungsmittel<\/div>\n<div class=\"prod-declaration\">\n<div class=\"declar-txt\">\n<p>(* RDA = Tageswert) Die empfohlenen Tagesmengen sollten nicht \u00fcberschritten werden. Das Nahrungserg\u00e4nzungsmittel ist kein Ersatz f\u00fcr eine ausgewogene und abwechslungsreiche Ern\u00e4hrung. Au\u00dferhalb der Reichweite von Kindern aufbewahren.<\/p>\n<\/div>\n<\/div>\n<p><!-- End Product Declaration --><\/p>\n","protected":false},"excerpt":{"rendered":"<p><!-- Short Details --><\/p>\n<div class=\"short-product-desc\">\n<h4 class=\"details_h3\">Multivitamin f\u00fcr die Blutgruppe AB<\/h4>\n<\/div>\n","protected":false},"featured_media":7298,"comment_status":"closed","ping_status":"closed","template":"","meta":{"inline_featured_image":false,"_monsterinsights_skip_tracking":false,"_monsterinsights_sitenote_active":false,"_monsterinsights_sitenote_note":"","_monsterinsights_sitenote_category":0},"product_brand":[],"product_cat":[160],"product_tag":[],"class_list":{"0":"post-5639","1":"product","2":"type-product","3":"status-publish","4":"has-post-thumbnail","6":"product_cat-multivitamine-de","8":"first","9":"instock","10":"taxable","11":"shipping-taxable","12":"purchasable","13":"product-type-simple"},"yoast_head":"<!-- This site is optimized with the Yoast SEO Premium plugin v21.9 (Yoast SEO v26.6) - https:\/\/yoast.com\/wordpress\/plugins\/seo\/ -->\n<title>Vital AB - Multivitamin f\u00fcr die Blutgruppe AB<\/title>\n<meta name=\"description\" content=\"Vital AB - Multivitamin f\u00fcr die Blutgruppe AB.\" \/>\n<meta name=\"robots\" content=\"index, follow, max-snippet:-1, max-image-preview:large, max-video-preview:-1\" \/>\n<link rel=\"canonical\" href=\"https:\/\/nature4me.eu\/de\/produkt\/vital-ab\/\" \/>\n<meta property=\"og:locale\" content=\"de_DE\" \/>\n<meta property=\"og:type\" content=\"article\" \/>\n<meta property=\"og:title\" content=\"Vital AB\" \/>\n<meta property=\"og:description\" content=\"Vital AB - Multivitamin f\u00fcr die Blutgruppe AB.\" \/>\n<meta property=\"og:url\" content=\"https:\/\/nature4me.eu\/de\/produkt\/vital-ab\/\" \/>\n<meta property=\"og:site_name\" content=\"CaliVita Nature4me\" \/>\n<meta property=\"article:publisher\" content=\"https:\/\/www.facebook.com\/zdravjeiznarave.eu\" \/>\n<meta property=\"article:modified_time\" content=\"2021-12-28T08:23:12+00:00\" \/>\n<meta property=\"og:image\" content=\"https:\/\/nature4me.eu\/wp-content\/uploads\/2016\/03\/Vital-AB-1.png\" \/>\n\t<meta property=\"og:image:width\" content=\"200\" \/>\n\t<meta property=\"og:image:height\" content=\"365\" \/>\n\t<meta property=\"og:image:type\" content=\"image\/png\" \/>\n<meta name=\"twitter:card\" content=\"summary_large_image\" \/>\n<meta name=\"twitter:label1\" content=\"Gesch\u00e4tzte Lesezeit\" \/>\n\t<meta name=\"twitter:data1\" content=\"1\u00a0Minute\" \/>\n<script type=\"application\/ld+json\" class=\"yoast-schema-graph\">{\"@context\":\"https:\/\/schema.org\",\"@graph\":[{\"@type\":\"WebPage\",\"@id\":\"https:\/\/nature4me.eu\/de\/produkt\/vital-ab\/\",\"url\":\"https:\/\/nature4me.eu\/de\/produkt\/vital-ab\/\",\"name\":\"Vital AB - Multivitamin f\u00fcr die Blutgruppe AB\",\"isPartOf\":{\"@id\":\"https:\/\/nature4me.eu\/de\/#website\"},\"primaryImageOfPage\":{\"@id\":\"https:\/\/nature4me.eu\/de\/produkt\/vital-ab\/#primaryimage\"},\"image\":{\"@id\":\"https:\/\/nature4me.eu\/de\/produkt\/vital-ab\/#primaryimage\"},\"thumbnailUrl\":\"https:\/\/nature4me.eu\/wp-content\/uploads\/2016\/03\/Vital-AB-1.png\",\"datePublished\":\"2021-08-30T10:51:24+00:00\",\"dateModified\":\"2021-12-28T08:23:12+00:00\",\"description\":\"Vital AB - Multivitamin f\u00fcr die Blutgruppe AB.\",\"breadcrumb\":{\"@id\":\"https:\/\/nature4me.eu\/de\/produkt\/vital-ab\/#breadcrumb\"},\"inLanguage\":\"de\",\"potentialAction\":[{\"@type\":\"ReadAction\",\"target\":[\"https:\/\/nature4me.eu\/de\/produkt\/vital-ab\/\"]}]},{\"@type\":\"ImageObject\",\"inLanguage\":\"de\",\"@id\":\"https:\/\/nature4me.eu\/de\/produkt\/vital-ab\/#primaryimage\",\"url\":\"https:\/\/nature4me.eu\/wp-content\/uploads\/2016\/03\/Vital-AB-1.png\",\"contentUrl\":\"https:\/\/nature4me.eu\/wp-content\/uploads\/2016\/03\/Vital-AB-1.png\",\"width\":200,\"height\":365,\"caption\":\"krvna skupina AB\"},{\"@type\":\"BreadcrumbList\",\"@id\":\"https:\/\/nature4me.eu\/de\/produkt\/vital-ab\/#breadcrumb\",\"itemListElement\":[{\"@type\":\"ListItem\",\"position\":1,\"name\":\"Po\u010detna stranica\",\"item\":\"https:\/\/nature4me.eu\/de\/\"},{\"@type\":\"ListItem\",\"position\":2,\"name\":\"Webshop\",\"item\":\"https:\/\/nature4me.eu\/de\/shop\/\"},{\"@type\":\"ListItem\",\"position\":3,\"name\":\"Vital AB\"}]},{\"@type\":\"WebSite\",\"@id\":\"https:\/\/nature4me.eu\/de\/#website\",\"url\":\"https:\/\/nature4me.eu\/de\/\",\"name\":\"CaliVita Nature4me\",\"description\":\"CaliVita Nature4me\",\"potentialAction\":[{\"@type\":\"SearchAction\",\"target\":{\"@type\":\"EntryPoint\",\"urlTemplate\":\"https:\/\/nature4me.eu\/de\/?s={search_term_string}\"},\"query-input\":{\"@type\":\"PropertyValueSpecification\",\"valueRequired\":true,\"valueName\":\"search_term_string\"}}],\"inLanguage\":\"de\"}]}<\/script>\n<!-- \/ Yoast SEO Premium plugin. -->","yoast_head_json":{"title":"Vital AB - Multivitamin f\u00fcr die Blutgruppe AB","description":"Vital AB - Multivitamin f\u00fcr die Blutgruppe AB.","robots":{"index":"index","follow":"follow","max-snippet":"max-snippet:-1","max-image-preview":"max-image-preview:large","max-video-preview":"max-video-preview:-1"},"canonical":"https:\/\/nature4me.eu\/de\/produkt\/vital-ab\/","og_locale":"de_DE","og_type":"article","og_title":"Vital AB","og_description":"Vital AB - Multivitamin f\u00fcr die Blutgruppe AB.","og_url":"https:\/\/nature4me.eu\/de\/produkt\/vital-ab\/","og_site_name":"CaliVita Nature4me","article_publisher":"https:\/\/www.facebook.com\/zdravjeiznarave.eu","article_modified_time":"2021-12-28T08:23:12+00:00","og_image":[{"width":200,"height":365,"url":"https:\/\/nature4me.eu\/wp-content\/uploads\/2016\/03\/Vital-AB-1.png","type":"image\/png"}],"twitter_card":"summary_large_image","twitter_misc":{"Gesch\u00e4tzte Lesezeit":"1\u00a0Minute"},"schema":{"@context":"https:\/\/schema.org","@graph":[{"@type":"WebPage","@id":"https:\/\/nature4me.eu\/de\/produkt\/vital-ab\/","url":"https:\/\/nature4me.eu\/de\/produkt\/vital-ab\/","name":"Vital AB - Multivitamin f\u00fcr die Blutgruppe AB","isPartOf":{"@id":"https:\/\/nature4me.eu\/de\/#website"},"primaryImageOfPage":{"@id":"https:\/\/nature4me.eu\/de\/produkt\/vital-ab\/#primaryimage"},"image":{"@id":"https:\/\/nature4me.eu\/de\/produkt\/vital-ab\/#primaryimage"},"thumbnailUrl":"https:\/\/nature4me.eu\/wp-content\/uploads\/2016\/03\/Vital-AB-1.png","datePublished":"2021-08-30T10:51:24+00:00","dateModified":"2021-12-28T08:23:12+00:00","description":"Vital AB - Multivitamin f\u00fcr die Blutgruppe AB.","breadcrumb":{"@id":"https:\/\/nature4me.eu\/de\/produkt\/vital-ab\/#breadcrumb"},"inLanguage":"de","potentialAction":[{"@type":"ReadAction","target":["https:\/\/nature4me.eu\/de\/produkt\/vital-ab\/"]}]},{"@type":"ImageObject","inLanguage":"de","@id":"https:\/\/nature4me.eu\/de\/produkt\/vital-ab\/#primaryimage","url":"https:\/\/nature4me.eu\/wp-content\/uploads\/2016\/03\/Vital-AB-1.png","contentUrl":"https:\/\/nature4me.eu\/wp-content\/uploads\/2016\/03\/Vital-AB-1.png","width":200,"height":365,"caption":"krvna skupina AB"},{"@type":"BreadcrumbList","@id":"https:\/\/nature4me.eu\/de\/produkt\/vital-ab\/#breadcrumb","itemListElement":[{"@type":"ListItem","position":1,"name":"Po\u010detna stranica","item":"https:\/\/nature4me.eu\/de\/"},{"@type":"ListItem","position":2,"name":"Webshop","item":"https:\/\/nature4me.eu\/de\/shop\/"},{"@type":"ListItem","position":3,"name":"Vital AB"}]},{"@type":"WebSite","@id":"https:\/\/nature4me.eu\/de\/#website","url":"https:\/\/nature4me.eu\/de\/","name":"CaliVita Nature4me","description":"CaliVita Nature4me","potentialAction":[{"@type":"SearchAction","target":{"@type":"EntryPoint","urlTemplate":"https:\/\/nature4me.eu\/de\/?s={search_term_string}"},"query-input":{"@type":"PropertyValueSpecification","valueRequired":true,"valueName":"search_term_string"}}],"inLanguage":"de"}]}},"_links":{"self":[{"href":"https:\/\/nature4me.eu\/de\/wp-json\/wp\/v2\/product\/5639","targetHints":{"allow":["GET"]}}],"collection":[{"href":"https:\/\/nature4me.eu\/de\/wp-json\/wp\/v2\/product"}],"about":[{"href":"https:\/\/nature4me.eu\/de\/wp-json\/wp\/v2\/types\/product"}],"replies":[{"embeddable":true,"href":"https:\/\/nature4me.eu\/de\/wp-json\/wp\/v2\/comments?post=5639"}],"wp:featuredmedia":[{"embeddable":true,"href":"https:\/\/nature4me.eu\/de\/wp-json\/wp\/v2\/media\/7298"}],"wp:attachment":[{"href":"https:\/\/nature4me.eu\/de\/wp-json\/wp\/v2\/media?parent=5639"}],"wp:term":[{"taxonomy":"product_brand","embeddable":true,"href":"https:\/\/nature4me.eu\/de\/wp-json\/wp\/v2\/product_brand?post=5639"},{"taxonomy":"product_cat","embeddable":true,"href":"https:\/\/nature4me.eu\/de\/wp-json\/wp\/v2\/product_cat?post=5639"},{"taxonomy":"product_tag","embeddable":true,"href":"https:\/\/nature4me.eu\/de\/wp-json\/wp\/v2\/product_tag?post=5639"}],"curies":[{"name":"wp","href":"https:\/\/api.w.org\/{rel}","templated":true}]}}