{"id":5643,"date":"2016-03-10T12:39:28","date_gmt":"2021-08-31T06:41:56","guid":{"rendered":"https:\/\/nature4me.eu\/?post_type=product&#038;p=5643"},"modified":"2021-12-28T10:57:59","modified_gmt":"2021-12-28T08:57:59","slug":"vital-a","status":"publish","type":"product","link":"https:\/\/nature4me.eu\/de\/produkt\/vital-a\/","title":{"rendered":"Vital A"},"content":{"rendered":"<div id=\"product-long-decs\">\n<p>Die mit Blutgruppe A haben dank der Verbreitung des Pflanzenanbaus vor 15-25 Tausend Jahren Charakteristika von Pflanzenfresser entwickelt. Sie versorgen ihren Organismus durch die Ern\u00e4hrung gut mit Mineralstoffen, aber sie k\u00f6nnen die optimale Funktion des Organismus mit Vitaminen B<sub><span lang=\"de-DE\">12<\/span><\/sub><span lang=\"de-DE\">, C, E sowie mit Fols\u00e4ure und Pantothens\u00e4ure unterst\u00fctzen. Im Vital A werden die Mineralstoffe und Vitamine mit Heilpflanzen wie Wei\u00dfdornbl\u00e4tter, Heidelbeere und Oregano erg\u00e4nzt<\/span>.<\/p>\n<h4>Wem und wozu empfehlen wir es:<\/h4>\n<ul>\n<li>Zum t\u00e4glichen Bewahren der gesunden Lebensprozesse und der Vitalit\u00e4t,<\/li>\n<li>zur F\u00f6rderung des Immunsystems,<\/li>\n<li>bei Grippe, Schnupfen zur Verst\u00e4rkung der Widerstandsf\u00e4higkeit,<\/li>\n<li>zur Erg\u00e4nzung von Blutgruppen-Ern\u00e4hrung f\u00fcr Leute mit Blutgruppe A,<\/li>\n<li>zur F\u00f6rderung der Genesung nach einer Krankheit.<\/li>\n<\/ul>\n<\/div>\n<p><!-- Product Specification --><\/p>\n<table class=\"product_details_body\" border=\"0\" width=\"500\" cellspacing=\"0\" align=\"center\" bgcolor=\"#7CDB8B\">\n<tbody>\n<tr bgcolor=>\n<td height=\"20\"><u>Wirkstoffe Tablette\/Kapsel:<\/u><\/td>\n<td width=\"100\"><span class=\"pvdecla\">(Deklaration anzeigen)<\/span><\/td>\n<td width=\"70\"><span class=\"pd-rda\">*RDA:<\/span><\/td>\n<\/tr>\n<tr>\n<td>Beta-Karotin<\/td>\n<td>2000 I.E.<\/td>\n<td>13%<\/td>\n<\/tr>\n<tr>\n<td>Vitamin E<\/td>\n<td>10 I.E.<\/td>\n<td>33%<\/td>\n<\/tr>\n<tr>\n<td>Vitamin C<\/td>\n<td>600 mg<\/td>\n<td>100%<\/td>\n<\/tr>\n<tr>\n<td>Vitamin B1<\/td>\n<td>1.4 mg<\/td>\n<td>93%<\/td>\n<\/tr>\n<tr>\n<td>Vitamin B2<\/td>\n<td>1.6 mg<\/td>\n<td>94%<\/td>\n<\/tr>\n<tr>\n<td>Niacin<\/td>\n<td>18 mg<\/td>\n<td>90%<\/td>\n<\/tr>\n<tr>\n<td>Pantothenic Acid <\/td>\n<td>5 mg<\/td>\n<td>50%<\/td>\n<\/tr>\n<tr>\n<td>Vitamin B6<\/td>\n<td>2 mg<\/td>\n<td>100 %<\/td>\n<\/tr>\n<tr>\n<td>Fols\u00e4ure<\/td>\n<td>150 mcg<\/td>\n<td>38 %<\/td>\n<\/tr>\n<tr>\n<td>Vitamin B12<\/td>\n<td>1 mcg<\/td>\n<td>17 %<\/td>\n<\/tr>\n<tr>\n<td>Cholin<\/td>\n<td>20 mg<\/td>\n<td><\/td>\n<\/tr>\n<tr>\n<td>Inositol<\/td>\n<td>20 mg<\/td>\n<td><\/td>\n<\/tr>\n<tr>\n<td>Para-Amino Benzoic Acid<\/td>\n<td>5 mg<\/td>\n<td><\/td>\n<\/tr>\n<tr>\n<td>Biotin<\/td>\n<td>40 mcg<\/td>\n<td>13%<\/td>\n<\/tr>\n<tr>\n<td>Rutin<\/td>\n<td>4 mg<\/td>\n<td><\/td>\n<\/tr>\n<tr>\n<td>Citrus Bioflavonoid Complex<\/td>\n<td>4 mg<\/td>\n<td><\/td>\n<\/tr>\n<tr>\n<td>Quercetin<\/td>\n<td>5 mg<\/td>\n<td><\/td>\n<\/tr>\n<tr>\n<td>Hesperidin Complex <\/td>\n<td>5 mg<\/td>\n<td><\/td>\n<\/tr>\n<tr>\n<td>Iodine<\/td>\n<td>50 mcg<\/td>\n<td>33%<\/td>\n<\/tr>\n<tr>\n<td>Chrom<\/td>\n<td>90 mcg<\/td>\n<td>225%<\/td>\n<\/tr>\n<tr>\n<td>Kalzium<\/td>\n<td>193 mg<\/td>\n<td>19%<\/td>\n<\/tr>\n<tr>\n<td>Magnezium<\/td>\n<td>57 mg<\/td>\n<td>14%<\/td>\n<\/tr>\n<tr>\n<td>Iron<\/td>\n<td>8 mg<\/td>\n<td>44 %<\/td>\n<\/tr>\n<tr>\n<td>Copper<\/td>\n<td>0,5 mg<\/td>\n<td>25 %<\/td>\n<\/tr>\n<tr>\n<td>Zinc<\/td>\n<td>8 mg<\/td>\n<td>53 %<\/td>\n<\/tr>\n<tr>\n<td>Chromium<\/td>\n<td>50 mcg<\/td>\n<td>42 %<\/td>\n<\/tr>\n<tr>\n<td>Selenium<\/td>\n<td>40 mcg<\/td>\n<td>57 %<\/td>\n<\/tr>\n<tr>\n<td>Manganese<\/td>\n<td>1 mg<\/td>\n<td>50 %<\/td>\n<\/tr>\n<tr>\n<td>Molybdenum<\/td>\n<td>80 mcg<\/td>\n<td>107 %<\/td>\n<\/tr>\n<tr>\n<td>Boron<\/td>\n<td>50 mcg<\/td>\n<td><\/td>\n<\/tr>\n<tr>\n<td>Silicon<\/td>\n<td>1 mg<\/td>\n<td><\/td>\n<\/tr>\n<tr>\n<td>L-Glutathione Complex<\/td>\n<td>5 mg<\/td>\n<td><\/td>\n<\/tr>\n<tr>\n<td>L-Cysteine <\/td>\n<td>20 mg<\/td>\n<td><\/td>\n<\/tr>\n<tr>\n<td>Bromelain <\/td>\n<td>25 mg<\/td>\n<td><\/td>\n<\/tr>\n<tr>\n<td>Hawthorne Leaf std. (2% flavonoids)<\/td>\n<td>10 mg<\/td>\n<td><\/td>\n<\/tr>\n<tr>\n<td>Green Tea Leaf Extract (std. 20% polyphenols)<\/td>\n<td>10 mg<\/td>\n<td><\/td>\n<\/tr>\n<tr>\n<td>Parsley Leaf <\/td>\n<td>50 mg<\/td>\n<td><\/td>\n<\/tr>\n<tr>\n<td>Blueberry Fruit<\/td>\n<td>20 mg<\/td>\n<td><\/td>\n<\/tr>\n<tr>\n<td>Plum Fruit<\/td>\n<td>20 mg<\/td>\n<td><\/td>\n<\/tr>\n<tr>\n<td>Oregano Leaf<\/td>\n<td>50 mg<\/td>\n<td><\/td>\n<\/tr>\n<tr>\n<td>Ginger Root Extract (std. 5% gingerols)<\/td>\n<td>5 mg<\/td>\n<td><\/td>\n<\/tr>\n<tr>\n<td colspan=\"3\" height=\"10\"><\/td>\n<\/tr>\n<tr bgcolor=>\n<td colspan=\"3\" height=\"20\"><u>Dosierung *RDA:<\/u><\/td>\n<\/tr>\n<tr>\n<td colspan=\"3\" align=\"center\" height=\"15\">3&#215;1 Tablette t\u00e4glich, nach der Mahlzeit.<\/td>\n<\/tr>\n<tr bgcolor=>\n<td colspan=\"3\" height=\"20\"><u>Inaktive Inhaltsstoffe, Warnungen und Produktdeklarationen:<\/u><\/td>\n<\/tr>\n<tr>\n<td colspan=\"3\" height=\"10\">Andere Zutaten:<\/td>\n<\/tr>\n<tr>\n<td colspan=\"3\" height=\"10\"><\/td>\n<\/tr>\n<\/tbody>\n<\/table>\n<p><!-- End Product Specification --><\/p>\n<p><!-- Product Declaration --><\/p>\n<div id=\"product-declaration-title\">Nahrungserg\u00e4nzungsmittel<\/div>\n<div class=\"prod-declaration\">\n<div class=\"declar-txt\">\n<p>(* RDA = Tageswert) Die empfohlenen Tagesmengen sollten nicht \u00fcberschritten werden. Das Nahrungserg\u00e4nzungsmittel ist kein Ersatz f\u00fcr eine ausgewogene und abwechslungsreiche Ern\u00e4hrung. Au\u00dferhalb der Reichweite von Kindern aufbewahren.<\/p>\n<\/div>\n<\/div>\n<p><!-- End Product Declaration --><\/p>\n","protected":false},"excerpt":{"rendered":"<p><!-- Short Details --><\/p>\n<div class=\"short-product-desc\">\n<h2 class=\"details_h3\">Multivitamin f\u00fcr die Blutgruppe A<\/h2>\n<\/div>\n","protected":false},"featured_media":7302,"comment_status":"closed","ping_status":"closed","template":"","meta":{"inline_featured_image":false,"_monsterinsights_skip_tracking":false,"_monsterinsights_sitenote_active":false,"_monsterinsights_sitenote_note":"","_monsterinsights_sitenote_category":0},"product_brand":[],"product_cat":[160],"product_tag":[],"class_list":{"0":"post-5643","1":"product","2":"type-product","3":"status-publish","4":"has-post-thumbnail","6":"product_cat-multivitamine-de","8":"first","9":"outofstock","10":"taxable","11":"shipping-taxable","12":"purchasable","13":"product-type-simple"},"yoast_head":"<!-- This site is optimized with the Yoast SEO Premium plugin v21.9 (Yoast SEO v26.6) - https:\/\/yoast.com\/wordpress\/plugins\/seo\/ -->\n<title>Vital A - Multivitamin f\u00fcr die Blutgruppe A<\/title>\n<meta name=\"robots\" content=\"index, follow, max-snippet:-1, max-image-preview:large, max-video-preview:-1\" \/>\n<link rel=\"canonical\" href=\"https:\/\/nature4me.eu\/de\/produkt\/vital-a\/\" \/>\n<meta property=\"og:locale\" content=\"de_DE\" \/>\n<meta property=\"og:type\" content=\"article\" \/>\n<meta property=\"og:title\" content=\"Vital A\" \/>\n<meta property=\"og:description\" content=\"Multivitamin f\u00fcr die Blutgruppe A\" \/>\n<meta property=\"og:url\" content=\"https:\/\/nature4me.eu\/de\/produkt\/vital-a\/\" \/>\n<meta property=\"og:site_name\" content=\"CaliVita Nature4me\" \/>\n<meta property=\"article:publisher\" content=\"https:\/\/www.facebook.com\/zdravjeiznarave.eu\" \/>\n<meta property=\"article:modified_time\" content=\"2021-12-28T08:57:59+00:00\" \/>\n<meta property=\"og:image\" content=\"https:\/\/nature4me.eu\/wp-content\/uploads\/2016\/03\/Vital-A-1.png\" \/>\n\t<meta property=\"og:image:width\" content=\"200\" \/>\n\t<meta property=\"og:image:height\" content=\"365\" \/>\n\t<meta property=\"og:image:type\" content=\"image\/png\" \/>\n<meta name=\"twitter:card\" content=\"summary_large_image\" \/>\n<meta name=\"twitter:label1\" content=\"Gesch\u00e4tzte Lesezeit\" \/>\n\t<meta name=\"twitter:data1\" content=\"1\u00a0Minute\" \/>\n<script type=\"application\/ld+json\" class=\"yoast-schema-graph\">{\"@context\":\"https:\/\/schema.org\",\"@graph\":[{\"@type\":\"WebPage\",\"@id\":\"https:\/\/nature4me.eu\/de\/produkt\/vital-a\/\",\"url\":\"https:\/\/nature4me.eu\/de\/produkt\/vital-a\/\",\"name\":\"Vital A - Multivitamin f\u00fcr die Blutgruppe A\",\"isPartOf\":{\"@id\":\"https:\/\/nature4me.eu\/de\/#website\"},\"primaryImageOfPage\":{\"@id\":\"https:\/\/nature4me.eu\/de\/produkt\/vital-a\/#primaryimage\"},\"image\":{\"@id\":\"https:\/\/nature4me.eu\/de\/produkt\/vital-a\/#primaryimage\"},\"thumbnailUrl\":\"https:\/\/nature4me.eu\/wp-content\/uploads\/2016\/03\/Vital-A-1.png\",\"datePublished\":\"2021-08-31T06:41:56+00:00\",\"dateModified\":\"2021-12-28T08:57:59+00:00\",\"breadcrumb\":{\"@id\":\"https:\/\/nature4me.eu\/de\/produkt\/vital-a\/#breadcrumb\"},\"inLanguage\":\"de\",\"potentialAction\":[{\"@type\":\"ReadAction\",\"target\":[\"https:\/\/nature4me.eu\/de\/produkt\/vital-a\/\"]}]},{\"@type\":\"ImageObject\",\"inLanguage\":\"de\",\"@id\":\"https:\/\/nature4me.eu\/de\/produkt\/vital-a\/#primaryimage\",\"url\":\"https:\/\/nature4me.eu\/wp-content\/uploads\/2016\/03\/Vital-A-1.png\",\"contentUrl\":\"https:\/\/nature4me.eu\/wp-content\/uploads\/2016\/03\/Vital-A-1.png\",\"width\":200,\"height\":365,\"caption\":\"krvna skupina A\"},{\"@type\":\"BreadcrumbList\",\"@id\":\"https:\/\/nature4me.eu\/de\/produkt\/vital-a\/#breadcrumb\",\"itemListElement\":[{\"@type\":\"ListItem\",\"position\":1,\"name\":\"Po\u010detna stranica\",\"item\":\"https:\/\/nature4me.eu\/de\/\"},{\"@type\":\"ListItem\",\"position\":2,\"name\":\"Webshop\",\"item\":\"https:\/\/nature4me.eu\/de\/shop\/\"},{\"@type\":\"ListItem\",\"position\":3,\"name\":\"Vital A\"}]},{\"@type\":\"WebSite\",\"@id\":\"https:\/\/nature4me.eu\/de\/#website\",\"url\":\"https:\/\/nature4me.eu\/de\/\",\"name\":\"CaliVita Nature4me\",\"description\":\"CaliVita Nature4me\",\"potentialAction\":[{\"@type\":\"SearchAction\",\"target\":{\"@type\":\"EntryPoint\",\"urlTemplate\":\"https:\/\/nature4me.eu\/de\/?s={search_term_string}\"},\"query-input\":{\"@type\":\"PropertyValueSpecification\",\"valueRequired\":true,\"valueName\":\"search_term_string\"}}],\"inLanguage\":\"de\"}]}<\/script>\n<!-- \/ Yoast SEO Premium plugin. -->","yoast_head_json":{"title":"Vital A - Multivitamin f\u00fcr die Blutgruppe A","robots":{"index":"index","follow":"follow","max-snippet":"max-snippet:-1","max-image-preview":"max-image-preview:large","max-video-preview":"max-video-preview:-1"},"canonical":"https:\/\/nature4me.eu\/de\/produkt\/vital-a\/","og_locale":"de_DE","og_type":"article","og_title":"Vital A","og_description":"Multivitamin f\u00fcr die Blutgruppe A","og_url":"https:\/\/nature4me.eu\/de\/produkt\/vital-a\/","og_site_name":"CaliVita Nature4me","article_publisher":"https:\/\/www.facebook.com\/zdravjeiznarave.eu","article_modified_time":"2021-12-28T08:57:59+00:00","og_image":[{"width":200,"height":365,"url":"https:\/\/nature4me.eu\/wp-content\/uploads\/2016\/03\/Vital-A-1.png","type":"image\/png"}],"twitter_card":"summary_large_image","twitter_misc":{"Gesch\u00e4tzte Lesezeit":"1\u00a0Minute"},"schema":{"@context":"https:\/\/schema.org","@graph":[{"@type":"WebPage","@id":"https:\/\/nature4me.eu\/de\/produkt\/vital-a\/","url":"https:\/\/nature4me.eu\/de\/produkt\/vital-a\/","name":"Vital A - Multivitamin f\u00fcr die Blutgruppe A","isPartOf":{"@id":"https:\/\/nature4me.eu\/de\/#website"},"primaryImageOfPage":{"@id":"https:\/\/nature4me.eu\/de\/produkt\/vital-a\/#primaryimage"},"image":{"@id":"https:\/\/nature4me.eu\/de\/produkt\/vital-a\/#primaryimage"},"thumbnailUrl":"https:\/\/nature4me.eu\/wp-content\/uploads\/2016\/03\/Vital-A-1.png","datePublished":"2021-08-31T06:41:56+00:00","dateModified":"2021-12-28T08:57:59+00:00","breadcrumb":{"@id":"https:\/\/nature4me.eu\/de\/produkt\/vital-a\/#breadcrumb"},"inLanguage":"de","potentialAction":[{"@type":"ReadAction","target":["https:\/\/nature4me.eu\/de\/produkt\/vital-a\/"]}]},{"@type":"ImageObject","inLanguage":"de","@id":"https:\/\/nature4me.eu\/de\/produkt\/vital-a\/#primaryimage","url":"https:\/\/nature4me.eu\/wp-content\/uploads\/2016\/03\/Vital-A-1.png","contentUrl":"https:\/\/nature4me.eu\/wp-content\/uploads\/2016\/03\/Vital-A-1.png","width":200,"height":365,"caption":"krvna skupina A"},{"@type":"BreadcrumbList","@id":"https:\/\/nature4me.eu\/de\/produkt\/vital-a\/#breadcrumb","itemListElement":[{"@type":"ListItem","position":1,"name":"Po\u010detna stranica","item":"https:\/\/nature4me.eu\/de\/"},{"@type":"ListItem","position":2,"name":"Webshop","item":"https:\/\/nature4me.eu\/de\/shop\/"},{"@type":"ListItem","position":3,"name":"Vital A"}]},{"@type":"WebSite","@id":"https:\/\/nature4me.eu\/de\/#website","url":"https:\/\/nature4me.eu\/de\/","name":"CaliVita Nature4me","description":"CaliVita Nature4me","potentialAction":[{"@type":"SearchAction","target":{"@type":"EntryPoint","urlTemplate":"https:\/\/nature4me.eu\/de\/?s={search_term_string}"},"query-input":{"@type":"PropertyValueSpecification","valueRequired":true,"valueName":"search_term_string"}}],"inLanguage":"de"}]}},"_links":{"self":[{"href":"https:\/\/nature4me.eu\/de\/wp-json\/wp\/v2\/product\/5643","targetHints":{"allow":["GET"]}}],"collection":[{"href":"https:\/\/nature4me.eu\/de\/wp-json\/wp\/v2\/product"}],"about":[{"href":"https:\/\/nature4me.eu\/de\/wp-json\/wp\/v2\/types\/product"}],"replies":[{"embeddable":true,"href":"https:\/\/nature4me.eu\/de\/wp-json\/wp\/v2\/comments?post=5643"}],"wp:featuredmedia":[{"embeddable":true,"href":"https:\/\/nature4me.eu\/de\/wp-json\/wp\/v2\/media\/7302"}],"wp:attachment":[{"href":"https:\/\/nature4me.eu\/de\/wp-json\/wp\/v2\/media?parent=5643"}],"wp:term":[{"taxonomy":"product_brand","embeddable":true,"href":"https:\/\/nature4me.eu\/de\/wp-json\/wp\/v2\/product_brand?post=5643"},{"taxonomy":"product_cat","embeddable":true,"href":"https:\/\/nature4me.eu\/de\/wp-json\/wp\/v2\/product_cat?post=5643"},{"taxonomy":"product_tag","embeddable":true,"href":"https:\/\/nature4me.eu\/de\/wp-json\/wp\/v2\/product_tag?post=5643"}],"curies":[{"name":"wp","href":"https:\/\/api.w.org\/{rel}","templated":true}]}}