{"id":5650,"date":"2016-03-09T11:54:54","date_gmt":"2021-08-31T07:37:04","guid":{"rendered":"https:\/\/nature4me.eu\/?post_type=product&#038;p=5650"},"modified":"2022-02-20T17:29:51","modified_gmt":"2022-02-20T15:29:51","slug":"vein-protex","status":"publish","type":"product","link":"https:\/\/nature4me.eu\/de\/produkt\/vein-protex\/","title":{"rendered":"Vein Protex (60 Tabletten)"},"content":{"rendered":"<div id=\"product-long-decs\">\n<h4>Vein Protex gegen allergien<\/h4>\n<p>Vein Protex enth\u00e4lt eine Kombination von sechs Wirkstoffen die bekanntesten davon sind Oligoantoid-Proanthocyanidine (OPC), Starke Antioxidantien aus roten Traubenkernen die sehr schnell wirken, um Allergien zu lindern und Histamin freizusetzen. Tabletten gegen allergiesymptome rezeptfrei.<\/p>\n<h4>Vein Protex sch\u00fctzt Blutgef\u00e4\u00dfe<\/h4>\n<p>Beim Schutz unserer Venen spielen die Antioxidanten eine besondere Rolle, da hinter der Gef\u00e4\u00dfverkalkung und hinter den sonstigen Erkrankungen der Venen in den meisten F\u00e4llen die sch\u00e4dliche Wirkung der freien Radikale steht. Vein Protex ist ein atioxidatives Erzeugnis, dessen Wirkstoffe die Venen verst\u00e4rken und sch\u00fctzen. Die Wirkstoffe aus Traubenkern nehmen zusammen mit Hesperidin-Komplex den Kampf gegen die freien Radikale auf. Das Vitamin C und das MSM unterst\u00fctzen die Gesundheit der Venen bildenden Gewebe. Der Ingwer und die Kurkuma sind in der Volksheilkunde vor allem f\u00fcr ihre Blutkreislauf f\u00f6rdernde Wirkung bekannt.<\/p>\n<h4>Wem und wozu empfehlen wir es:<\/h4>\n<ul>\n<li>Denjenigen, deren Arbeit mit dauerndem Stehen oder Sitzen verbunden ist,<\/li>\n<li>zur Vorbeugung von Venenerkrankungen, zum Bewahren der Venenstruktur,<\/li>\n<li>beim \u00dcbergewicht.<\/li>\n<\/ul>\n<p><!-- Product Specification -->\n<\/div>\n<table class=\"product_details_body\" border=\"0\" width=\"500\" cellspacing=\"0\" align=\"center\" bgcolor=\"#7CDB8B\">\n<tbody>\n<tr bgcolor=>\n<td height=\"20\"><u>Wirkstoffe Tablette\/Kapsel:<\/u><\/td>\n<td width=\"100\"><span class=\"pvdecla\">(View Declaration)<\/span><\/td>\n<td width=\"70\"><span class=\"pd-rda\">*RDA:<\/span><\/td>\n<\/tr>\n<tr>\n<td>Vitamin C<\/td>\n<td>250 mg<\/td>\n<td>417%<\/td>\n<\/tr>\n<tr>\n<td>MSM (Methylsulfonyl-Methane)<\/td>\n<td>150 mg<\/td>\n<td><\/td>\n<\/tr>\n<tr>\n<td>Oligomere Proanthocyanidin Komplex (aus Traubenkern)<\/td>\n<td>100 mg<\/td>\n<td><\/td>\n<\/tr>\n<tr>\n<td>Ingwerwurzelextrakt (std. 40 % gingerol<\/td>\n<td>66.6 mg<\/td>\n<td><\/td>\n<\/tr>\n<tr>\n<td>Kurkuma Extrakt (std. 95 % Curcumin)<\/td>\n<td>50 mg<\/td>\n<td><\/td>\n<\/tr>\n<tr>\n<td>Hesperidin Komplex<\/td>\n<td>15 mg<\/td>\n<td><\/td>\n<\/tr>\n<tr>\n<td colspan=\"3\" height=\"10\"><\/td>\n<\/tr>\n<tr bgcolor=>\n<td colspan=\"3\" height=\"20\"><u>Dosierung *RDA:<\/u><\/td>\n<\/tr>\n<tr>\n<td colspan=\"3\" align=\"center\" height=\"15\">1 Tablette t\u00e4glich<\/td>\n<\/tr>\n<tr bgcolor=>\n<td colspan=\"3\" height=\"20\"><u>Inaktive Inhaltsstoffe, Warnungen und Produktdeklarationen:<\/u><\/td>\n<\/tr>\n<tr>\n<td colspan=\"3\" height=\"10\">Andere Zutaten:<\/td>\n<\/tr>\n<tr>\n<td colspan=\"3\" height=\"10\"><\/td>\n<\/tr>\n<\/tbody>\n<\/table>\n<p><!-- End Product Specification --><\/p>\n<div id=\"product-declaration-title\">Nahrungserg\u00e4nzungsmittel<\/div>\n<div class=\"prod-declaration\">\n<div class=\"declar-txt\">\n<p>(* RDA = Tageswert) Die empfohlenen Tagesmengen sollten nicht \u00fcberschritten werden. Das Nahrungserg\u00e4nzungsmittel ist kein Ersatz f\u00fcr eine ausgewogene und abwechslungsreiche Ern\u00e4hrung. Au\u00dferhalb der Reichweite von Kindern aufbewahren.<\/p>\n<\/div>\n<\/div>\n<p><!-- End Product Declaration --><\/p>\n","protected":false},"excerpt":{"rendered":"<p><!-- Short Details --><\/p>\n<div class=\"short-product-desc\">\n<h4 class=\"details_h3\">Rezeptfreie Kr\u00e4uterpillen f\u00fcr Allergien und Blutgef\u00e4\u00dfe<\/h4>\n<\/div>\n<p><!-- End Short Details --><\/p>\n","protected":false},"featured_media":7507,"comment_status":"closed","ping_status":"closed","template":"","meta":{"inline_featured_image":false,"_monsterinsights_skip_tracking":false,"_monsterinsights_sitenote_active":false,"_monsterinsights_sitenote_note":"","_monsterinsights_sitenote_category":0},"product_brand":[],"product_cat":[36,157],"product_tag":[],"class_list":{"0":"post-5650","1":"product","2":"type-product","3":"status-publish","4":"has-post-thumbnail","6":"product_cat-andere-nahrungsergaenzungsmittel","7":"product_cat-pflanzenextrakte-de","9":"first","10":"instock","11":"taxable","12":"shipping-taxable","13":"purchasable","14":"product-type-simple"},"yoast_head":"<!-- This site is optimized with the Yoast SEO Premium plugin v21.9 (Yoast SEO v26.6) - https:\/\/yoast.com\/wordpress\/plugins\/seo\/ -->\n<title>Vein Protex Kr\u00e4uterpillen f\u00fcr Allergien<\/title>\n<meta name=\"description\" content=\"Vein Protex Calivita Rezeptfreie Kr\u00e4uterpillen f\u00fcr Allergien und Blutgef\u00e4\u00dfe enth\u00e4lt eine Kombination von sechs Wirkstoffen.\" \/>\n<meta name=\"robots\" content=\"index, follow, max-snippet:-1, max-image-preview:large, max-video-preview:-1\" \/>\n<link rel=\"canonical\" href=\"https:\/\/nature4me.eu\/de\/produkt\/vein-protex\/\" \/>\n<meta property=\"og:locale\" content=\"de_DE\" \/>\n<meta property=\"og:type\" content=\"article\" \/>\n<meta property=\"og:title\" content=\"Vein Protex (60 Tabletten)\" \/>\n<meta property=\"og:description\" content=\"Vein Protex Calivita Rezeptfreie Kr\u00e4uterpillen f\u00fcr Allergien und Blutgef\u00e4\u00dfe enth\u00e4lt eine Kombination von sechs Wirkstoffen.\" \/>\n<meta property=\"og:url\" content=\"https:\/\/nature4me.eu\/de\/produkt\/vein-protex\/\" \/>\n<meta property=\"og:site_name\" content=\"CaliVita Nature4me\" \/>\n<meta property=\"article:publisher\" content=\"https:\/\/www.facebook.com\/zdravjeiznarave.eu\" \/>\n<meta property=\"article:modified_time\" content=\"2022-02-20T15:29:51+00:00\" \/>\n<meta property=\"og:image\" content=\"https:\/\/nature4me.eu\/wp-content\/uploads\/2016\/03\/Vein-Protex-2.png\" \/>\n\t<meta property=\"og:image:width\" content=\"200\" \/>\n\t<meta property=\"og:image:height\" content=\"357\" \/>\n\t<meta property=\"og:image:type\" content=\"image\/png\" \/>\n<meta name=\"twitter:card\" content=\"summary_large_image\" \/>\n<meta name=\"twitter:label1\" content=\"Gesch\u00e4tzte Lesezeit\" \/>\n\t<meta name=\"twitter:data1\" content=\"1\u00a0Minute\" \/>\n<script type=\"application\/ld+json\" class=\"yoast-schema-graph\">{\"@context\":\"https:\/\/schema.org\",\"@graph\":[{\"@type\":\"WebPage\",\"@id\":\"https:\/\/nature4me.eu\/de\/produkt\/vein-protex\/\",\"url\":\"https:\/\/nature4me.eu\/de\/produkt\/vein-protex\/\",\"name\":\"Vein Protex Kr\u00e4uterpillen f\u00fcr Allergien\",\"isPartOf\":{\"@id\":\"https:\/\/nature4me.eu\/de\/#website\"},\"primaryImageOfPage\":{\"@id\":\"https:\/\/nature4me.eu\/de\/produkt\/vein-protex\/#primaryimage\"},\"image\":{\"@id\":\"https:\/\/nature4me.eu\/de\/produkt\/vein-protex\/#primaryimage\"},\"thumbnailUrl\":\"https:\/\/nature4me.eu\/wp-content\/uploads\/2016\/03\/Vein-Protex-2.png\",\"datePublished\":\"2021-08-31T07:37:04+00:00\",\"dateModified\":\"2022-02-20T15:29:51+00:00\",\"description\":\"Vein Protex Calivita Rezeptfreie Kr\u00e4uterpillen f\u00fcr Allergien und Blutgef\u00e4\u00dfe enth\u00e4lt eine Kombination von sechs Wirkstoffen.\",\"breadcrumb\":{\"@id\":\"https:\/\/nature4me.eu\/de\/produkt\/vein-protex\/#breadcrumb\"},\"inLanguage\":\"de\",\"potentialAction\":[{\"@type\":\"ReadAction\",\"target\":[\"https:\/\/nature4me.eu\/de\/produkt\/vein-protex\/\"]}]},{\"@type\":\"ImageObject\",\"inLanguage\":\"de\",\"@id\":\"https:\/\/nature4me.eu\/de\/produkt\/vein-protex\/#primaryimage\",\"url\":\"https:\/\/nature4me.eu\/wp-content\/uploads\/2016\/03\/Vein-Protex-2.png\",\"contentUrl\":\"https:\/\/nature4me.eu\/wp-content\/uploads\/2016\/03\/Vein-Protex-2.png\",\"width\":200,\"height\":357},{\"@type\":\"BreadcrumbList\",\"@id\":\"https:\/\/nature4me.eu\/de\/produkt\/vein-protex\/#breadcrumb\",\"itemListElement\":[{\"@type\":\"ListItem\",\"position\":1,\"name\":\"Po\u010detna stranica\",\"item\":\"https:\/\/nature4me.eu\/de\/\"},{\"@type\":\"ListItem\",\"position\":2,\"name\":\"Webshop\",\"item\":\"https:\/\/nature4me.eu\/de\/shop\/\"},{\"@type\":\"ListItem\",\"position\":3,\"name\":\"Vein Protex (60 Tabletten)\"}]},{\"@type\":\"WebSite\",\"@id\":\"https:\/\/nature4me.eu\/de\/#website\",\"url\":\"https:\/\/nature4me.eu\/de\/\",\"name\":\"CaliVita Nature4me\",\"description\":\"CaliVita Nature4me\",\"potentialAction\":[{\"@type\":\"SearchAction\",\"target\":{\"@type\":\"EntryPoint\",\"urlTemplate\":\"https:\/\/nature4me.eu\/de\/?s={search_term_string}\"},\"query-input\":{\"@type\":\"PropertyValueSpecification\",\"valueRequired\":true,\"valueName\":\"search_term_string\"}}],\"inLanguage\":\"de\"}]}<\/script>\n<!-- \/ Yoast SEO Premium plugin. -->","yoast_head_json":{"title":"Vein Protex Kr\u00e4uterpillen f\u00fcr Allergien","description":"Vein Protex Calivita Rezeptfreie Kr\u00e4uterpillen f\u00fcr Allergien und Blutgef\u00e4\u00dfe enth\u00e4lt eine Kombination von sechs Wirkstoffen.","robots":{"index":"index","follow":"follow","max-snippet":"max-snippet:-1","max-image-preview":"max-image-preview:large","max-video-preview":"max-video-preview:-1"},"canonical":"https:\/\/nature4me.eu\/de\/produkt\/vein-protex\/","og_locale":"de_DE","og_type":"article","og_title":"Vein Protex (60 Tabletten)","og_description":"Vein Protex Calivita Rezeptfreie Kr\u00e4uterpillen f\u00fcr Allergien und Blutgef\u00e4\u00dfe enth\u00e4lt eine Kombination von sechs Wirkstoffen.","og_url":"https:\/\/nature4me.eu\/de\/produkt\/vein-protex\/","og_site_name":"CaliVita Nature4me","article_publisher":"https:\/\/www.facebook.com\/zdravjeiznarave.eu","article_modified_time":"2022-02-20T15:29:51+00:00","og_image":[{"width":200,"height":357,"url":"https:\/\/nature4me.eu\/wp-content\/uploads\/2016\/03\/Vein-Protex-2.png","type":"image\/png"}],"twitter_card":"summary_large_image","twitter_misc":{"Gesch\u00e4tzte Lesezeit":"1\u00a0Minute"},"schema":{"@context":"https:\/\/schema.org","@graph":[{"@type":"WebPage","@id":"https:\/\/nature4me.eu\/de\/produkt\/vein-protex\/","url":"https:\/\/nature4me.eu\/de\/produkt\/vein-protex\/","name":"Vein Protex Kr\u00e4uterpillen f\u00fcr Allergien","isPartOf":{"@id":"https:\/\/nature4me.eu\/de\/#website"},"primaryImageOfPage":{"@id":"https:\/\/nature4me.eu\/de\/produkt\/vein-protex\/#primaryimage"},"image":{"@id":"https:\/\/nature4me.eu\/de\/produkt\/vein-protex\/#primaryimage"},"thumbnailUrl":"https:\/\/nature4me.eu\/wp-content\/uploads\/2016\/03\/Vein-Protex-2.png","datePublished":"2021-08-31T07:37:04+00:00","dateModified":"2022-02-20T15:29:51+00:00","description":"Vein Protex Calivita Rezeptfreie Kr\u00e4uterpillen f\u00fcr Allergien und Blutgef\u00e4\u00dfe enth\u00e4lt eine Kombination von sechs Wirkstoffen.","breadcrumb":{"@id":"https:\/\/nature4me.eu\/de\/produkt\/vein-protex\/#breadcrumb"},"inLanguage":"de","potentialAction":[{"@type":"ReadAction","target":["https:\/\/nature4me.eu\/de\/produkt\/vein-protex\/"]}]},{"@type":"ImageObject","inLanguage":"de","@id":"https:\/\/nature4me.eu\/de\/produkt\/vein-protex\/#primaryimage","url":"https:\/\/nature4me.eu\/wp-content\/uploads\/2016\/03\/Vein-Protex-2.png","contentUrl":"https:\/\/nature4me.eu\/wp-content\/uploads\/2016\/03\/Vein-Protex-2.png","width":200,"height":357},{"@type":"BreadcrumbList","@id":"https:\/\/nature4me.eu\/de\/produkt\/vein-protex\/#breadcrumb","itemListElement":[{"@type":"ListItem","position":1,"name":"Po\u010detna stranica","item":"https:\/\/nature4me.eu\/de\/"},{"@type":"ListItem","position":2,"name":"Webshop","item":"https:\/\/nature4me.eu\/de\/shop\/"},{"@type":"ListItem","position":3,"name":"Vein Protex (60 Tabletten)"}]},{"@type":"WebSite","@id":"https:\/\/nature4me.eu\/de\/#website","url":"https:\/\/nature4me.eu\/de\/","name":"CaliVita Nature4me","description":"CaliVita Nature4me","potentialAction":[{"@type":"SearchAction","target":{"@type":"EntryPoint","urlTemplate":"https:\/\/nature4me.eu\/de\/?s={search_term_string}"},"query-input":{"@type":"PropertyValueSpecification","valueRequired":true,"valueName":"search_term_string"}}],"inLanguage":"de"}]}},"_links":{"self":[{"href":"https:\/\/nature4me.eu\/de\/wp-json\/wp\/v2\/product\/5650","targetHints":{"allow":["GET"]}}],"collection":[{"href":"https:\/\/nature4me.eu\/de\/wp-json\/wp\/v2\/product"}],"about":[{"href":"https:\/\/nature4me.eu\/de\/wp-json\/wp\/v2\/types\/product"}],"replies":[{"embeddable":true,"href":"https:\/\/nature4me.eu\/de\/wp-json\/wp\/v2\/comments?post=5650"}],"wp:featuredmedia":[{"embeddable":true,"href":"https:\/\/nature4me.eu\/de\/wp-json\/wp\/v2\/media\/7507"}],"wp:attachment":[{"href":"https:\/\/nature4me.eu\/de\/wp-json\/wp\/v2\/media?parent=5650"}],"wp:term":[{"taxonomy":"product_brand","embeddable":true,"href":"https:\/\/nature4me.eu\/de\/wp-json\/wp\/v2\/product_brand?post=5650"},{"taxonomy":"product_cat","embeddable":true,"href":"https:\/\/nature4me.eu\/de\/wp-json\/wp\/v2\/product_cat?post=5650"},{"taxonomy":"product_tag","embeddable":true,"href":"https:\/\/nature4me.eu\/de\/wp-json\/wp\/v2\/product_tag?post=5650"}],"curies":[{"name":"wp","href":"https:\/\/api.w.org\/{rel}","templated":true}]}}