{"id":5652,"date":"2016-03-09T11:09:15","date_gmt":"2021-08-31T07:54:07","guid":{"rendered":"https:\/\/nature4me.eu\/?post_type=product&#038;p=5652"},"modified":"2023-03-03T12:18:01","modified_gmt":"2023-03-03T10:18:01","slug":"soya-lecithin-1236-mg","status":"publish","type":"product","link":"https:\/\/nature4me.eu\/de\/produkt\/soya-lecithin-1236-mg\/","title":{"rendered":"Triple Potency Lecithin 1236 mg (100 Weichgelkapseln)"},"content":{"rendered":"<div id=\"product-long-decs\">\n<p>Das Sojalezithin kann den gesunden Blutfettspiegel, den Blutstrom aufrecht erhalten, es hat eine Leber sch\u00fctzende Funktion und es f\u00f6rdert deren Funktion. Die Lezithine haben eine besondere Bedeutung bei geistiger Frische, Konzentration, Lernprozessen und beim Kampf gegen geistigen Abbau, aber sie werden auch als fettspaltender Stoff genannt. W\u00e4hlen Sie das Triple-Potency Lecithin wegen seiner dreifachen Wirkung.<\/p>\n<h4>Wem und wozu empfehlen wir es:<\/h4>\n<ul>\n<li>Zur F\u00f6rderung der Cholesterinspiegelsenkung,<\/li>\n<li>bei Gelenkbeschwerden,<\/li>\n<li>f\u00fcr \u00e4ltere Leute zum Bewahren der geistigen Frische,<\/li>\n<li>f\u00fcr Sportler und bei schwerer physikalischer Arbeit zur F\u00f6rderung des Kreislaufs und der Gelenke.<\/li>\n<\/ul>\n<\/div>\n<p>KAG-nr. 4340-1220-5236<br \/>\n<!-- Product Specification --><\/p>\n<div id=\"wmark\">\n<div class=\"wmark-bckg\">nature4me.eu<\/div>\n<\/div>\n<table width=\"500\" border=\"0\" align=\"center\" cellspacing=\"0\" bgcolor=\"#7CDB8B\" class=\"product_details_body\">\n<tr bgcolor=\"#3c8b47\">\n<td height=\"20\"><u>Wirkstoffe Tablette\/Kapsel:<\/u><\/td>\n<td width=\"100\"><span class=\"pvdecla\">(View Declaration)<\/span><\/td>\n<td width=\"70\"><span class=\"pd-rda\">*RDA:<\/span><\/td>\n<\/tr>\n<tr>\n<td>Sojabohne-Phosphatid Komplex (Phosphatidylcholine min.420 mg)<\/td>\n<td>1236 mg<\/td>\n<td><\/td>\n<\/tr>\n<tr>\n<td height=\"10\" colspan=\"3\"><\/td>\n<\/tr>\n<tr bgcolor=\"#3c8b47\">\n<td height=\"20\" colspan=\"3\"><u>Dosierung *RDA:<\/u><\/td>\n<\/tr>\n<tr>\n<td height=\"15\" colspan=\"3\" align=\"center\">1-2 Weichgelkapseln t\u00e4glich<\/td>\n<\/tr>\n<tr bgcolor=\"#3c8b47\">\n<td height=\"20\" colspan=\"3\"><u>Inaktive Inhaltsstoffe, Warnungen und Produktdeklarationen:<\/u><\/td>\n<\/tr>\n<tr>\n<td height=\"10\" colspan=\"3\">Andere Zutaten:soya lecithin, gelatin<\/td>\n<\/tr>\n<tr>\n<td height=\"10\" colspan=\"3\"><\/td>\n<\/tr>\n<\/table>\n<p><!-- End Product Specification --><\/p>\n<p><!-- Product Declaration --><\/p>\n<div id=\"product-declaration-title\">Nahrungserg\u00e4nzungsmittel<\/div>\n<div class=\"prod-declaration\">\n<div class=\"declar-txt\">\n<p>(* RDA = Tageswert) Die empfohlenen Tagesmengen sollten nicht \u00fcberschritten werden. Das Nahrungserg\u00e4nzungsmittel ist kein Ersatz f\u00fcr eine ausgewogene und abwechslungsreiche Ern\u00e4hrung. Au\u00dferhalb der Reichweite von Kindern aufbewahren.<\/p>\n<\/div>\n<\/div>\n<p><!-- End Product Declaration --><\/p>\n","protected":false},"excerpt":{"rendered":"<p><!-- Short Details --><\/p>\n<div class=\"short-product-desc\"><\/div>\n","protected":false},"featured_media":7523,"comment_status":"closed","ping_status":"closed","template":"","meta":{"inline_featured_image":false,"_monsterinsights_skip_tracking":false,"_monsterinsights_sitenote_active":false,"_monsterinsights_sitenote_note":"","_monsterinsights_sitenote_category":0},"product_brand":[],"product_cat":[45],"product_tag":[],"class_list":{"0":"post-5652","1":"product","2":"type-product","3":"status-publish","4":"has-post-thumbnail","6":"product_cat-antioxidantien","8":"first","9":"instock","10":"taxable","11":"shipping-taxable","12":"purchasable","13":"product-type-simple"},"yoast_head":"<!-- This site is optimized with the Yoast SEO Premium plugin v21.9 (Yoast SEO v26.6) - https:\/\/yoast.com\/wordpress\/plugins\/seo\/ -->\n<title>Triple Potency Lecithin Calivita - Nature4Me<\/title>\n<meta name=\"description\" content=\"Treiple Potency Lecithin Calivita 1236 mg. non GMO. Wertvolle Fetts\u00e4ure. Ohne k\u00fcnstliche Zus\u00e4tze. Bestpreis im Calivita Shop online.\" \/>\n<meta name=\"robots\" content=\"index, follow, max-snippet:-1, max-image-preview:large, max-video-preview:-1\" \/>\n<link rel=\"canonical\" href=\"https:\/\/nature4me.eu\/de\/produkt\/soya-lecithin-1236-mg\/\" \/>\n<meta property=\"og:locale\" content=\"de_DE\" \/>\n<meta property=\"og:type\" content=\"article\" \/>\n<meta property=\"og:title\" content=\"Triple Potency Lecithin 1236 mg (100 Weichgelkapseln)\" \/>\n<meta property=\"og:description\" content=\"Treiple Potency Lecithin Calivita 1236 mg. non GMO. Wertvolle Fetts\u00e4ure. Ohne k\u00fcnstliche Zus\u00e4tze. Bestpreis im Calivita Shop online.\" \/>\n<meta property=\"og:url\" content=\"https:\/\/nature4me.eu\/de\/produkt\/soya-lecithin-1236-mg\/\" \/>\n<meta property=\"og:site_name\" content=\"CaliVita Nature4me\" \/>\n<meta property=\"article:publisher\" content=\"https:\/\/www.facebook.com\/zdravjeiznarave.eu\" \/>\n<meta property=\"article:modified_time\" content=\"2023-03-03T10:18:01+00:00\" \/>\n<meta property=\"og:image\" content=\"https:\/\/nature4me.eu\/wp-content\/uploads\/2016\/03\/Triple-Potency-Lecithin-1.png\" \/>\n\t<meta property=\"og:image:width\" content=\"200\" \/>\n\t<meta property=\"og:image:height\" content=\"402\" \/>\n\t<meta property=\"og:image:type\" content=\"image\/png\" \/>\n<meta name=\"twitter:card\" content=\"summary_large_image\" \/>\n<meta name=\"twitter:label1\" content=\"Gesch\u00e4tzte Lesezeit\" \/>\n\t<meta name=\"twitter:data1\" content=\"1\u00a0Minute\" \/>\n<script type=\"application\/ld+json\" class=\"yoast-schema-graph\">{\"@context\":\"https:\/\/schema.org\",\"@graph\":[{\"@type\":\"WebPage\",\"@id\":\"https:\/\/nature4me.eu\/de\/produkt\/soya-lecithin-1236-mg\/\",\"url\":\"https:\/\/nature4me.eu\/de\/produkt\/soya-lecithin-1236-mg\/\",\"name\":\"Triple Potency Lecithin Calivita - Nature4Me\",\"isPartOf\":{\"@id\":\"https:\/\/nature4me.eu\/de\/#website\"},\"primaryImageOfPage\":{\"@id\":\"https:\/\/nature4me.eu\/de\/produkt\/soya-lecithin-1236-mg\/#primaryimage\"},\"image\":{\"@id\":\"https:\/\/nature4me.eu\/de\/produkt\/soya-lecithin-1236-mg\/#primaryimage\"},\"thumbnailUrl\":\"https:\/\/nature4me.eu\/wp-content\/uploads\/2016\/03\/Triple-Potency-Lecithin-1.png\",\"datePublished\":\"2021-08-31T07:54:07+00:00\",\"dateModified\":\"2023-03-03T10:18:01+00:00\",\"description\":\"Treiple Potency Lecithin Calivita 1236 mg. non GMO. Wertvolle Fetts\u00e4ure. Ohne k\u00fcnstliche Zus\u00e4tze. Bestpreis im Calivita Shop online.\",\"breadcrumb\":{\"@id\":\"https:\/\/nature4me.eu\/de\/produkt\/soya-lecithin-1236-mg\/#breadcrumb\"},\"inLanguage\":\"de\",\"potentialAction\":[{\"@type\":\"ReadAction\",\"target\":[\"https:\/\/nature4me.eu\/de\/produkt\/soya-lecithin-1236-mg\/\"]}]},{\"@type\":\"ImageObject\",\"inLanguage\":\"de\",\"@id\":\"https:\/\/nature4me.eu\/de\/produkt\/soya-lecithin-1236-mg\/#primaryimage\",\"url\":\"https:\/\/nature4me.eu\/wp-content\/uploads\/2016\/03\/Triple-Potency-Lecithin-1.png\",\"contentUrl\":\"https:\/\/nature4me.eu\/wp-content\/uploads\/2016\/03\/Triple-Potency-Lecithin-1.png\",\"width\":200,\"height\":402},{\"@type\":\"BreadcrumbList\",\"@id\":\"https:\/\/nature4me.eu\/de\/produkt\/soya-lecithin-1236-mg\/#breadcrumb\",\"itemListElement\":[{\"@type\":\"ListItem\",\"position\":1,\"name\":\"Po\u010detna stranica\",\"item\":\"https:\/\/nature4me.eu\/de\/\"},{\"@type\":\"ListItem\",\"position\":2,\"name\":\"Webshop\",\"item\":\"https:\/\/nature4me.eu\/de\/shop\/\"},{\"@type\":\"ListItem\",\"position\":3,\"name\":\"Triple Potency Lecithin 1236 mg (100 Weichgelkapseln)\"}]},{\"@type\":\"WebSite\",\"@id\":\"https:\/\/nature4me.eu\/de\/#website\",\"url\":\"https:\/\/nature4me.eu\/de\/\",\"name\":\"CaliVita Nature4me\",\"description\":\"CaliVita Nature4me\",\"potentialAction\":[{\"@type\":\"SearchAction\",\"target\":{\"@type\":\"EntryPoint\",\"urlTemplate\":\"https:\/\/nature4me.eu\/de\/?s={search_term_string}\"},\"query-input\":{\"@type\":\"PropertyValueSpecification\",\"valueRequired\":true,\"valueName\":\"search_term_string\"}}],\"inLanguage\":\"de\"}]}<\/script>\n<!-- \/ Yoast SEO Premium plugin. -->","yoast_head_json":{"title":"Triple Potency Lecithin Calivita - Nature4Me","description":"Treiple Potency Lecithin Calivita 1236 mg. non GMO. Wertvolle Fetts\u00e4ure. Ohne k\u00fcnstliche Zus\u00e4tze. Bestpreis im Calivita Shop online.","robots":{"index":"index","follow":"follow","max-snippet":"max-snippet:-1","max-image-preview":"max-image-preview:large","max-video-preview":"max-video-preview:-1"},"canonical":"https:\/\/nature4me.eu\/de\/produkt\/soya-lecithin-1236-mg\/","og_locale":"de_DE","og_type":"article","og_title":"Triple Potency Lecithin 1236 mg (100 Weichgelkapseln)","og_description":"Treiple Potency Lecithin Calivita 1236 mg. non GMO. Wertvolle Fetts\u00e4ure. Ohne k\u00fcnstliche Zus\u00e4tze. Bestpreis im Calivita Shop online.","og_url":"https:\/\/nature4me.eu\/de\/produkt\/soya-lecithin-1236-mg\/","og_site_name":"CaliVita Nature4me","article_publisher":"https:\/\/www.facebook.com\/zdravjeiznarave.eu","article_modified_time":"2023-03-03T10:18:01+00:00","og_image":[{"width":200,"height":402,"url":"https:\/\/nature4me.eu\/wp-content\/uploads\/2016\/03\/Triple-Potency-Lecithin-1.png","type":"image\/png"}],"twitter_card":"summary_large_image","twitter_misc":{"Gesch\u00e4tzte Lesezeit":"1\u00a0Minute"},"schema":{"@context":"https:\/\/schema.org","@graph":[{"@type":"WebPage","@id":"https:\/\/nature4me.eu\/de\/produkt\/soya-lecithin-1236-mg\/","url":"https:\/\/nature4me.eu\/de\/produkt\/soya-lecithin-1236-mg\/","name":"Triple Potency Lecithin Calivita - Nature4Me","isPartOf":{"@id":"https:\/\/nature4me.eu\/de\/#website"},"primaryImageOfPage":{"@id":"https:\/\/nature4me.eu\/de\/produkt\/soya-lecithin-1236-mg\/#primaryimage"},"image":{"@id":"https:\/\/nature4me.eu\/de\/produkt\/soya-lecithin-1236-mg\/#primaryimage"},"thumbnailUrl":"https:\/\/nature4me.eu\/wp-content\/uploads\/2016\/03\/Triple-Potency-Lecithin-1.png","datePublished":"2021-08-31T07:54:07+00:00","dateModified":"2023-03-03T10:18:01+00:00","description":"Treiple Potency Lecithin Calivita 1236 mg. non GMO. Wertvolle Fetts\u00e4ure. Ohne k\u00fcnstliche Zus\u00e4tze. Bestpreis im Calivita Shop online.","breadcrumb":{"@id":"https:\/\/nature4me.eu\/de\/produkt\/soya-lecithin-1236-mg\/#breadcrumb"},"inLanguage":"de","potentialAction":[{"@type":"ReadAction","target":["https:\/\/nature4me.eu\/de\/produkt\/soya-lecithin-1236-mg\/"]}]},{"@type":"ImageObject","inLanguage":"de","@id":"https:\/\/nature4me.eu\/de\/produkt\/soya-lecithin-1236-mg\/#primaryimage","url":"https:\/\/nature4me.eu\/wp-content\/uploads\/2016\/03\/Triple-Potency-Lecithin-1.png","contentUrl":"https:\/\/nature4me.eu\/wp-content\/uploads\/2016\/03\/Triple-Potency-Lecithin-1.png","width":200,"height":402},{"@type":"BreadcrumbList","@id":"https:\/\/nature4me.eu\/de\/produkt\/soya-lecithin-1236-mg\/#breadcrumb","itemListElement":[{"@type":"ListItem","position":1,"name":"Po\u010detna stranica","item":"https:\/\/nature4me.eu\/de\/"},{"@type":"ListItem","position":2,"name":"Webshop","item":"https:\/\/nature4me.eu\/de\/shop\/"},{"@type":"ListItem","position":3,"name":"Triple Potency Lecithin 1236 mg (100 Weichgelkapseln)"}]},{"@type":"WebSite","@id":"https:\/\/nature4me.eu\/de\/#website","url":"https:\/\/nature4me.eu\/de\/","name":"CaliVita Nature4me","description":"CaliVita Nature4me","potentialAction":[{"@type":"SearchAction","target":{"@type":"EntryPoint","urlTemplate":"https:\/\/nature4me.eu\/de\/?s={search_term_string}"},"query-input":{"@type":"PropertyValueSpecification","valueRequired":true,"valueName":"search_term_string"}}],"inLanguage":"de"}]}},"_links":{"self":[{"href":"https:\/\/nature4me.eu\/de\/wp-json\/wp\/v2\/product\/5652","targetHints":{"allow":["GET"]}}],"collection":[{"href":"https:\/\/nature4me.eu\/de\/wp-json\/wp\/v2\/product"}],"about":[{"href":"https:\/\/nature4me.eu\/de\/wp-json\/wp\/v2\/types\/product"}],"replies":[{"embeddable":true,"href":"https:\/\/nature4me.eu\/de\/wp-json\/wp\/v2\/comments?post=5652"}],"wp:featuredmedia":[{"embeddable":true,"href":"https:\/\/nature4me.eu\/de\/wp-json\/wp\/v2\/media\/7523"}],"wp:attachment":[{"href":"https:\/\/nature4me.eu\/de\/wp-json\/wp\/v2\/media?parent=5652"}],"wp:term":[{"taxonomy":"product_brand","embeddable":true,"href":"https:\/\/nature4me.eu\/de\/wp-json\/wp\/v2\/product_brand?post=5652"},{"taxonomy":"product_cat","embeddable":true,"href":"https:\/\/nature4me.eu\/de\/wp-json\/wp\/v2\/product_cat?post=5652"},{"taxonomy":"product_tag","embeddable":true,"href":"https:\/\/nature4me.eu\/de\/wp-json\/wp\/v2\/product_tag?post=5652"}],"curies":[{"name":"wp","href":"https:\/\/api.w.org\/{rel}","templated":true}]}}