{"id":5655,"date":"2016-03-09T09:55:48","date_gmt":"2021-08-31T08:35:54","guid":{"rendered":"https:\/\/nature4me.eu\/?post_type=product&#038;p=5655"},"modified":"2022-03-09T09:42:54","modified_gmt":"2022-03-09T07:42:54","slug":"super-mega-50","status":"publish","type":"product","link":"https:\/\/nature4me.eu\/de\/produkt\/super-mega-50\/","title":{"rendered":"Super Mega 50 (90 Tabletten)"},"content":{"rendered":"<div id=\"product-long-decs\">\n<p>Das Super Mega 50 ist ein <strong>Multivitamin mit hoher Dosis<\/strong>, verz\u00f6gerter Wirkung, mit Mineralstoffen, Spurenelementen, Antioxidantien und extra Bioflavonoiden, das wir ausgesprochen f\u00fcr diejenigen entwickelt haben, die ein hoch geschraubtes Leben haben.<\/p>\n<h4>Wem und wozu empfehlen wir es:<\/h4>\n<ul>\n<li>Beim k\u00e4lteren Wetter zur Steigerung der Widerstandsf\u00e4higkeit,<\/li>\n<li>zur F\u00f6rderung des Immunsystems,<\/li>\n<li>f\u00fcr Sportler und bei schwerer physikalischer Arbeit<\/li>\n<li>bei erh\u00f6hter geistiger und physikalischer Belastung,<\/li>\n<li>bei unausgeglichener Ern\u00e4hrung (weniger Konsum von Gem\u00fcse oder Fr\u00fcchten, Di\u00e4t, Vegetarismus),<\/li>\n<li>aktiven oder passiven Rauchern, Einwohnern der Siedlungen, wo die Luft erschmutzt ist,<\/li>\n<li>denjenigen, die regelm\u00e4\u00dfig Alkohol konsumieren,<\/li>\n<li>bei Verst\u00e4rkung der Kondition nach einer Krankheit,<\/li>\n<li>bei Absorptionsproblemen.<\/li>\n<\/ul>\n<\/div>\n<p><!-- Product Specification --><\/p>\n<table class=\"product_details_body\" border=\"0\" width=\"500\" cellspacing=\"0\" align=\"center\" bgcolor=\"#7CDB8B\">\n<tbody>\n<tr bgcolor=>\n<td height=\"20\"><u>Wirkstoffe Tablette\/Kapsel:<\/u><\/td>\n<td width=\"100\"><span class=\"pvdecla\">(View Declaration)<\/span><\/td>\n<td width=\"70\"><span class=\"pd-rda\">*RDA:<\/span><\/td>\n<\/tr>\n<tr>\n<td>Vitamin C<\/td>\n<td>250 mg<\/td>\n<td>312%<\/td>\n<\/tr>\n<tr>\n<td>Kalzium<\/td>\n<td>174 mg<\/td>\n<td>13.6%<\/td>\n<\/tr>\n<tr>\n<td>Vitamin E<\/td>\n<td>100 I.E.<\/td>\n<td>833%<\/td>\n<\/tr>\n<tr>\n<td>Cholin<\/td>\n<td>50 mg<\/td>\n<td><\/td>\n<\/tr>\n<tr>\n<td>Inositol<\/td>\n<td>50 mg<\/td>\n<td><\/td>\n<\/tr>\n<tr>\n<td>Niacin<\/td>\n<td>50 mg<\/td>\n<td>312.6%<\/td>\n<\/tr>\n<tr>\n<td>Pantothens\u00e4ure<\/td>\n<td>50 mg<\/td>\n<td>833.3%<\/td>\n<\/tr>\n<tr>\n<td>PABA (Para-Amino-Benzoes\u00e4ure)<\/td>\n<td>50 mg<\/td>\n<td><\/td>\n<\/tr>\n<tr>\n<td>Vitamin B2<\/td>\n<td>50 mg<\/td>\n<td>3571%<\/td>\n<\/tr>\n<tr>\n<td>Vitamin B1<\/td>\n<td>50 mg<\/td>\n<td>4545.3%<\/td>\n<\/tr>\n<tr>\n<td>Vitamin B6<\/td>\n<td>50 mg<\/td>\n<td>3571.3%<\/td>\n<\/tr>\n<tr>\n<td>Zink<\/td>\n<td>15 mg<\/td>\n<td>150%<\/td>\n<\/tr>\n<tr>\n<td>L-Zystein<\/td>\n<td>25 mg<\/td>\n<td><\/td>\n<\/tr>\n<tr>\n<td>Magnesium<\/td>\n<td>25 mg<\/td>\n<td>6.6%<\/td>\n<\/tr>\n<tr>\n<td>Rutin<\/td>\n<td>25 mg<\/td>\n<td><\/td>\n<\/tr>\n<tr>\n<td>Eisen<\/td>\n<td>9 mg<\/td>\n<td>64.3%<\/td>\n<\/tr>\n<tr>\n<td>Bioflavonoid Komplex<\/td>\n<td>25 mg<\/td>\n<td><\/td>\n<\/tr>\n<tr>\n<td>Hesperidin Komplex<\/td>\n<td>5 mg<\/td>\n<td><\/td>\n<\/tr>\n<tr>\n<td>L-Glutathion<\/td>\n<td>5 mg<\/td>\n<td><\/td>\n<\/tr>\n<tr>\n<td>Hagebutte<\/td>\n<td>5 mg<\/td>\n<td><\/td>\n<\/tr>\n<tr>\n<td>Mangan<\/td>\n<td>3 mg<\/td>\n<td>150%<\/td>\n<\/tr>\n<tr>\n<td>Beta-Karotin<\/td>\n<td>7500 I.E.<\/td>\n<td>260%<\/td>\n<\/tr>\n<tr>\n<td>Bor<\/td>\n<td>1 mg<\/td>\n<td><\/td>\n<\/tr>\n<tr>\n<td>Kupfer<\/td>\n<td>500 mcg<\/td>\n<td>50%<\/td>\n<\/tr>\n<tr>\n<td>Molybd\u00e4n<\/td>\n<td>250 mcg<\/td>\n<td>500%<\/td>\n<\/tr>\n<tr>\n<td>Fols\u00e4ure<\/td>\n<td>200 mcg<\/td>\n<td>100%<\/td>\n<\/tr>\n<tr>\n<td>Jod<\/td>\n<td>150 mcg<\/td>\n<td>100%<\/td>\n<\/tr>\n<tr>\n<td>Chrom<\/td>\n<td>100 mcg<\/td>\n<td>250%<\/td>\n<\/tr>\n<tr>\n<td>Biotin<\/td>\n<td>50 mcg<\/td>\n<td>100%<\/td>\n<\/tr>\n<tr>\n<td>Vitamin B12<\/td>\n<td>50 mcg<\/td>\n<td>2000%<\/td>\n<\/tr>\n<tr>\n<td>Selen<\/td>\n<td>25 mcg<\/td>\n<td>45.3%<\/td>\n<\/tr>\n<tr>\n<td>Vitamin D<\/td>\n<td>400 I.E<\/td>\n<td>200%<\/td>\n<\/tr>\n<tr>\n<td colspan=\"3\" height=\"10\"><\/td>\n<\/tr>\n<tr bgcolor=>\n<td colspan=\"3\" height=\"20\"><u>Dosierung *RDA:<\/u><\/td>\n<\/tr>\n<tr>\n<td colspan=\"3\" align=\"center\" height=\"15\">3&#215;1 Tablette t\u00e4glich.<\/td>\n<\/tr>\n<tr bgcolor=>\n<td colspan=\"3\" height=\"20\"><u>Inaktive Inhaltsstoffe, Warnungen und Produktdeklarationen:<\/u><\/td>\n<\/tr>\n<tr>\n<td colspan=\"3\" height=\"10\">Andere Zutaten: Mikrokristalline Cellulose, Stearins\u00e4ure, Magnesiumstearat, Hydroxypropylmethylcellulose, Croscarmellose-Natrium, Kaliumchlorid, Kiesels\u00e4ure, Triacetin, Propylenglykol.<\/td>\n<\/tr>\n<tr>\n<td colspan=\"3\" height=\"10\"><\/td>\n<\/tr>\n<\/tbody>\n<\/table>\n<p><!-- End Product Specification --><\/p>\n<p><!-- Product Declaration --><\/p>\n<div id=\"product-declaration-title\">Nahrungserg\u00e4nzungsmittel<\/div>\n<div class=\"prod-declaration\">\n<div class=\"declar-txt\">\n<p>(* RDA = Tageswert) Die empfohlenen Tagesmengen sollten nicht \u00fcberschritten werden. Das Nahrungserg\u00e4nzungsmittel ist kein Ersatz f\u00fcr eine ausgewogene und abwechslungsreiche Ern\u00e4hrung. Au\u00dferhalb der Reichweite von Kindern aufbewahren.<\/p>\n<\/div>\n<div class=\"declar-img\"><a href=\"https:\/\/nature4me.eu\/wp-content\/themes\/n4mtheme\/images\/declaration\/FL006_EN.pdf\" target=\"_blank\" rel=\"noopener\">View Declaration ENG<\/a><\/div>\n<\/div>\n<p><!-- End Product Declaration --><\/p>\n","protected":false},"excerpt":{"rendered":"<p><!-- Short Details --><\/p>\n<div class=\"short-product-desc\">\n<h4 class=\"details_h3\">Megadose Multivitamin<\/h4>\n<\/div>\n","protected":false},"featured_media":7310,"comment_status":"closed","ping_status":"closed","template":"","meta":{"inline_featured_image":false,"_monsterinsights_skip_tracking":false,"_monsterinsights_sitenote_active":false,"_monsterinsights_sitenote_note":"","_monsterinsights_sitenote_category":0},"product_brand":[],"product_cat":[164,160],"product_tag":[],"class_list":{"0":"post-5655","1":"product","2":"type-product","3":"status-publish","4":"has-post-thumbnail","6":"product_cat-immunsystem-staerken-de","7":"product_cat-multivitamine-de","9":"first","10":"instock","11":"taxable","12":"shipping-taxable","13":"purchasable","14":"product-type-simple"},"yoast_head":"<!-- This site is optimized with the Yoast SEO Premium plugin v21.9 (Yoast SEO v26.6) - https:\/\/yoast.com\/wordpress\/plugins\/seo\/ -->\n<title>Super Mega 50 Megadose Multivitamin<\/title>\n<meta name=\"description\" content=\"Super Mega 50 Megadose Multivitamin Calivita im Online Shop kaufen. Multivitamin mit hoher Dosis zur F\u00f6rderung des Immunsystems.\" \/>\n<meta name=\"robots\" content=\"index, follow, max-snippet:-1, max-image-preview:large, max-video-preview:-1\" \/>\n<link rel=\"canonical\" href=\"https:\/\/nature4me.eu\/de\/produkt\/super-mega-50\/\" \/>\n<meta property=\"og:locale\" content=\"de_DE\" \/>\n<meta property=\"og:type\" content=\"article\" \/>\n<meta property=\"og:title\" content=\"Super Mega 50 (90 Tabletten)\" \/>\n<meta property=\"og:description\" content=\"Super Mega 50 Megadose Multivitamin Calivita im Online Shop kaufen. Multivitamin mit hoher Dosis zur F\u00f6rderung des Immunsystems.\" \/>\n<meta property=\"og:url\" content=\"https:\/\/nature4me.eu\/de\/produkt\/super-mega-50\/\" \/>\n<meta property=\"og:site_name\" content=\"CaliVita Nature4me\" \/>\n<meta property=\"article:publisher\" content=\"https:\/\/www.facebook.com\/zdravjeiznarave.eu\" \/>\n<meta property=\"article:modified_time\" content=\"2022-03-09T07:42:54+00:00\" \/>\n<meta property=\"og:image\" content=\"https:\/\/nature4me.eu\/wp-content\/uploads\/2016\/03\/Super-Mega-50-multivitamin-1.png\" \/>\n\t<meta property=\"og:image:width\" content=\"200\" \/>\n\t<meta property=\"og:image:height\" content=\"387\" \/>\n\t<meta property=\"og:image:type\" content=\"image\/png\" \/>\n<meta name=\"twitter:card\" content=\"summary_large_image\" \/>\n<meta name=\"twitter:label1\" content=\"Gesch\u00e4tzte Lesezeit\" \/>\n\t<meta name=\"twitter:data1\" content=\"1\u00a0Minute\" \/>\n<script type=\"application\/ld+json\" class=\"yoast-schema-graph\">{\"@context\":\"https:\/\/schema.org\",\"@graph\":[{\"@type\":\"WebPage\",\"@id\":\"https:\/\/nature4me.eu\/de\/produkt\/super-mega-50\/\",\"url\":\"https:\/\/nature4me.eu\/de\/produkt\/super-mega-50\/\",\"name\":\"Super Mega 50 Megadose Multivitamin\",\"isPartOf\":{\"@id\":\"https:\/\/nature4me.eu\/de\/#website\"},\"primaryImageOfPage\":{\"@id\":\"https:\/\/nature4me.eu\/de\/produkt\/super-mega-50\/#primaryimage\"},\"image\":{\"@id\":\"https:\/\/nature4me.eu\/de\/produkt\/super-mega-50\/#primaryimage\"},\"thumbnailUrl\":\"https:\/\/nature4me.eu\/wp-content\/uploads\/2016\/03\/Super-Mega-50-multivitamin-1.png\",\"datePublished\":\"2021-08-31T08:35:54+00:00\",\"dateModified\":\"2022-03-09T07:42:54+00:00\",\"description\":\"Super Mega 50 Megadose Multivitamin Calivita im Online Shop kaufen. Multivitamin mit hoher Dosis zur F\u00f6rderung des Immunsystems.\",\"breadcrumb\":{\"@id\":\"https:\/\/nature4me.eu\/de\/produkt\/super-mega-50\/#breadcrumb\"},\"inLanguage\":\"de\",\"potentialAction\":[{\"@type\":\"ReadAction\",\"target\":[\"https:\/\/nature4me.eu\/de\/produkt\/super-mega-50\/\"]}]},{\"@type\":\"ImageObject\",\"inLanguage\":\"de\",\"@id\":\"https:\/\/nature4me.eu\/de\/produkt\/super-mega-50\/#primaryimage\",\"url\":\"https:\/\/nature4me.eu\/wp-content\/uploads\/2016\/03\/Super-Mega-50-multivitamin-1.png\",\"contentUrl\":\"https:\/\/nature4me.eu\/wp-content\/uploads\/2016\/03\/Super-Mega-50-multivitamin-1.png\",\"width\":200,\"height\":387,\"caption\":\"Multivitamini\"},{\"@type\":\"BreadcrumbList\",\"@id\":\"https:\/\/nature4me.eu\/de\/produkt\/super-mega-50\/#breadcrumb\",\"itemListElement\":[{\"@type\":\"ListItem\",\"position\":1,\"name\":\"Po\u010detna stranica\",\"item\":\"https:\/\/nature4me.eu\/de\/\"},{\"@type\":\"ListItem\",\"position\":2,\"name\":\"Webshop\",\"item\":\"https:\/\/nature4me.eu\/de\/shop\/\"},{\"@type\":\"ListItem\",\"position\":3,\"name\":\"Super Mega 50 (90 Tabletten)\"}]},{\"@type\":\"WebSite\",\"@id\":\"https:\/\/nature4me.eu\/de\/#website\",\"url\":\"https:\/\/nature4me.eu\/de\/\",\"name\":\"CaliVita Nature4me\",\"description\":\"CaliVita Nature4me\",\"potentialAction\":[{\"@type\":\"SearchAction\",\"target\":{\"@type\":\"EntryPoint\",\"urlTemplate\":\"https:\/\/nature4me.eu\/de\/?s={search_term_string}\"},\"query-input\":{\"@type\":\"PropertyValueSpecification\",\"valueRequired\":true,\"valueName\":\"search_term_string\"}}],\"inLanguage\":\"de\"}]}<\/script>\n<!-- \/ Yoast SEO Premium plugin. -->","yoast_head_json":{"title":"Super Mega 50 Megadose Multivitamin","description":"Super Mega 50 Megadose Multivitamin Calivita im Online Shop kaufen. Multivitamin mit hoher Dosis zur F\u00f6rderung des Immunsystems.","robots":{"index":"index","follow":"follow","max-snippet":"max-snippet:-1","max-image-preview":"max-image-preview:large","max-video-preview":"max-video-preview:-1"},"canonical":"https:\/\/nature4me.eu\/de\/produkt\/super-mega-50\/","og_locale":"de_DE","og_type":"article","og_title":"Super Mega 50 (90 Tabletten)","og_description":"Super Mega 50 Megadose Multivitamin Calivita im Online Shop kaufen. Multivitamin mit hoher Dosis zur F\u00f6rderung des Immunsystems.","og_url":"https:\/\/nature4me.eu\/de\/produkt\/super-mega-50\/","og_site_name":"CaliVita Nature4me","article_publisher":"https:\/\/www.facebook.com\/zdravjeiznarave.eu","article_modified_time":"2022-03-09T07:42:54+00:00","og_image":[{"width":200,"height":387,"url":"https:\/\/nature4me.eu\/wp-content\/uploads\/2016\/03\/Super-Mega-50-multivitamin-1.png","type":"image\/png"}],"twitter_card":"summary_large_image","twitter_misc":{"Gesch\u00e4tzte Lesezeit":"1\u00a0Minute"},"schema":{"@context":"https:\/\/schema.org","@graph":[{"@type":"WebPage","@id":"https:\/\/nature4me.eu\/de\/produkt\/super-mega-50\/","url":"https:\/\/nature4me.eu\/de\/produkt\/super-mega-50\/","name":"Super Mega 50 Megadose Multivitamin","isPartOf":{"@id":"https:\/\/nature4me.eu\/de\/#website"},"primaryImageOfPage":{"@id":"https:\/\/nature4me.eu\/de\/produkt\/super-mega-50\/#primaryimage"},"image":{"@id":"https:\/\/nature4me.eu\/de\/produkt\/super-mega-50\/#primaryimage"},"thumbnailUrl":"https:\/\/nature4me.eu\/wp-content\/uploads\/2016\/03\/Super-Mega-50-multivitamin-1.png","datePublished":"2021-08-31T08:35:54+00:00","dateModified":"2022-03-09T07:42:54+00:00","description":"Super Mega 50 Megadose Multivitamin Calivita im Online Shop kaufen. Multivitamin mit hoher Dosis zur F\u00f6rderung des Immunsystems.","breadcrumb":{"@id":"https:\/\/nature4me.eu\/de\/produkt\/super-mega-50\/#breadcrumb"},"inLanguage":"de","potentialAction":[{"@type":"ReadAction","target":["https:\/\/nature4me.eu\/de\/produkt\/super-mega-50\/"]}]},{"@type":"ImageObject","inLanguage":"de","@id":"https:\/\/nature4me.eu\/de\/produkt\/super-mega-50\/#primaryimage","url":"https:\/\/nature4me.eu\/wp-content\/uploads\/2016\/03\/Super-Mega-50-multivitamin-1.png","contentUrl":"https:\/\/nature4me.eu\/wp-content\/uploads\/2016\/03\/Super-Mega-50-multivitamin-1.png","width":200,"height":387,"caption":"Multivitamini"},{"@type":"BreadcrumbList","@id":"https:\/\/nature4me.eu\/de\/produkt\/super-mega-50\/#breadcrumb","itemListElement":[{"@type":"ListItem","position":1,"name":"Po\u010detna stranica","item":"https:\/\/nature4me.eu\/de\/"},{"@type":"ListItem","position":2,"name":"Webshop","item":"https:\/\/nature4me.eu\/de\/shop\/"},{"@type":"ListItem","position":3,"name":"Super Mega 50 (90 Tabletten)"}]},{"@type":"WebSite","@id":"https:\/\/nature4me.eu\/de\/#website","url":"https:\/\/nature4me.eu\/de\/","name":"CaliVita Nature4me","description":"CaliVita Nature4me","potentialAction":[{"@type":"SearchAction","target":{"@type":"EntryPoint","urlTemplate":"https:\/\/nature4me.eu\/de\/?s={search_term_string}"},"query-input":{"@type":"PropertyValueSpecification","valueRequired":true,"valueName":"search_term_string"}}],"inLanguage":"de"}]}},"_links":{"self":[{"href":"https:\/\/nature4me.eu\/de\/wp-json\/wp\/v2\/product\/5655","targetHints":{"allow":["GET"]}}],"collection":[{"href":"https:\/\/nature4me.eu\/de\/wp-json\/wp\/v2\/product"}],"about":[{"href":"https:\/\/nature4me.eu\/de\/wp-json\/wp\/v2\/types\/product"}],"replies":[{"embeddable":true,"href":"https:\/\/nature4me.eu\/de\/wp-json\/wp\/v2\/comments?post=5655"}],"wp:featuredmedia":[{"embeddable":true,"href":"https:\/\/nature4me.eu\/de\/wp-json\/wp\/v2\/media\/7310"}],"wp:attachment":[{"href":"https:\/\/nature4me.eu\/de\/wp-json\/wp\/v2\/media?parent=5655"}],"wp:term":[{"taxonomy":"product_brand","embeddable":true,"href":"https:\/\/nature4me.eu\/de\/wp-json\/wp\/v2\/product_brand?post=5655"},{"taxonomy":"product_cat","embeddable":true,"href":"https:\/\/nature4me.eu\/de\/wp-json\/wp\/v2\/product_cat?post=5655"},{"taxonomy":"product_tag","embeddable":true,"href":"https:\/\/nature4me.eu\/de\/wp-json\/wp\/v2\/product_tag?post=5655"}],"curies":[{"name":"wp","href":"https:\/\/api.w.org\/{rel}","templated":true}]}}