{"id":5656,"date":"2016-03-08T18:31:24","date_gmt":"2021-08-31T08:39:57","guid":{"rendered":"https:\/\/nature4me.eu\/?post_type=product&#038;p=5656"},"modified":"2022-02-20T16:17:33","modified_gmt":"2022-02-20T14:17:33","slug":"calcium-magnesium-plus","status":"publish","type":"product","link":"https:\/\/nature4me.eu\/de\/produkt\/calcium-magnesium-plus\/","title":{"rendered":"Calcium Magnesium Plus (100 Kapesln)"},"content":{"rendered":"<div id=\"product-long-decs\">\n<p>Das Calcium Magnesium Plus ist ein Kalzium und Magnesium enthaltenes Erzeugnis, das das Bewahren des <strong>gesunden Knochensystems, die gesunde Muskelfunktion<\/strong> und die gesunde Funktion des Nervensystems unterst\u00fctzt. Wir haben es mit Vitamin D3 erg\u00e4nzt, damit die bessere Absorption von Kalzium gesichert wird. Wenn Sie das angemessene Knochengewicht erreichen und bewahren m\u00f6chten oder den Knochenabbau vorbeugen, verlangsamen m\u00f6chten, dann kann das Calcium Magnesium Plus dabei helfensi.<\/p>\n<h5>Wem und wozu empfehlen wir es:<\/h5>\n<ul>\n<li>Zur F\u00f6rderung der Regeneration nach Knochenbruch,<\/li>\n<li>f\u00fcr Schwangere zur angemessenen Knochenentwicklung des Fetus und zur Bewahrung der gesunden Z\u00e4hne,<\/li>\n<li>f\u00fcr Jugendliche zum Aufbau des gesunden Knochensystems,<\/li>\n<li>f\u00fcr Leute von mittlerem Alter zur Bewahrung des gesunden Knochensystems und zur Vorbeugung des Knochenschwundes,<\/li>\n<li>f\u00fcr \u00c4ltere zur Verlangsamung des Knochenabbaus,<\/li>\n<li>f\u00fcr diejenigen, die keine Milch, Milchprodukte konsumieren oder regelm\u00e4\u00dfig Kaffee, Limonade mit Phosphors\u00e4ure trinken<\/li>\n<\/ul>\n<\/div>\n<p>KoagKag approval number: 4340-0319-1269<\/p>\n<p><!-- Product Specification --><\/p>\n<table class=\"product_details_body\" border=\"0\" width=\"500\" cellspacing=\"0\" align=\"center\" bgcolor=\"#7CDB8B\">\n<tbody>\n<tr bgcolor=>\n<td height=\"20\"><u>Wirkstoffe\/2 Kapseln:<\/u><\/td>\n<td width=\"100\"><span class=\"pvdecla\">(View Declaration)<\/span><\/td>\n<td width=\"70\"><span class=\"pd-rda\">*RDA:<\/span><\/td>\n<\/tr>\n<tr>\n<td>Kalzium<\/td>\n<td>500 mg<\/td>\n<td>50%<\/td>\n<\/tr>\n<tr>\n<td>Magnesium<\/td>\n<td>250 mg<\/td>\n<td>63%<\/td>\n<\/tr>\n<tr>\n<td>Vitamin D3<\/td>\n<td>200 IU<\/td>\n<td>50%<\/td>\n<\/tr>\n<tr>\n<td>Vitamin K2<\/td>\n<td>90 \u00b5g<\/td>\n<td>113%<\/td>\n<\/tr>\n<tr>\n<td colspan=\"3\" height=\"10\"><\/td>\n<\/tr>\n<tr bgcolor=>\n<td colspan=\"3\" height=\"20\"><u>Dosierung *RDA:<\/u><\/td>\n<\/tr>\n<tr>\n<td colspan=\"3\" align=\"center\" height=\"15\">2 Kapseln t\u00e4glich.<\/td>\n<\/tr>\n<tr bgcolor=>\n<td colspan=\"3\" height=\"20\"><u>Andere Zutaten:<\/u><\/td>\n<\/tr>\n<tr>\n<td colspan=\"3\" height=\"10\">Andere Zutaten: Gelatine, mikrokristalline Cellulose, Fetts\u00e4uren, Magnesiumstearat.<\/td>\n<\/tr>\n<tr>\n<td colspan=\"3\" height=\"10\"><\/td>\n<\/tr>\n<\/tbody>\n<\/table>\n<p><!-- End Product Specification --><\/p>\n<p><!-- Product Declaration --><\/p>\n<div id=\"product-declaration-title\">Nahrungserg\u00e4nzungsmittel<\/div>\n<div class=\"prod-declaration\">\n<div class=\"declar-txt\">\n<p>(* RDA = Tageswert) Die empfohlenen Tagesmengen sollten nicht \u00fcberschritten werden. Das Nahrungserg\u00e4nzungsmittel ist kein Ersatz f\u00fcr eine ausgewogene und abwechslungsreiche Ern\u00e4hrung. Au\u00dferhalb der Reichweite von Kindern aufbewahren.<\/p>\n<\/div>\n<\/div>\n<p><!-- End Product Declaration --><\/p>\n","protected":false},"excerpt":{"rendered":"<p><!-- Short Details --><\/p>\n<div class=\"short-product-desc\">\n<h3 class=\"details_h3\">Kalcium, Magnezium + Vitamin D3+K2<\/h3>\n<\/div>\n","protected":false},"featured_media":7527,"comment_status":"closed","ping_status":"closed","template":"","meta":{"inline_featured_image":false,"_monsterinsights_skip_tracking":false,"_monsterinsights_sitenote_active":false,"_monsterinsights_sitenote_note":"","_monsterinsights_sitenote_category":0},"product_brand":[],"product_cat":[159],"product_tag":[],"class_list":{"0":"post-5656","1":"product","2":"type-product","3":"status-publish","4":"has-post-thumbnail","6":"product_cat-mineralien-de","8":"first","9":"instock","10":"taxable","11":"shipping-taxable","12":"purchasable","13":"product-type-simple"},"yoast_head":"<!-- This site is optimized with the Yoast SEO Premium plugin v21.9 (Yoast SEO v26.6) - https:\/\/yoast.com\/wordpress\/plugins\/seo\/ -->\n<title>Calcium Magnesium Plus 100 Kapseln - Nature4Me CaliVita<\/title>\n<meta name=\"description\" content=\"Calivita Kalcium, Magnezium + Vitamin D3+K2 im Onlin Shop kaufen.\" \/>\n<meta name=\"robots\" content=\"index, follow, max-snippet:-1, max-image-preview:large, max-video-preview:-1\" \/>\n<link rel=\"canonical\" href=\"https:\/\/nature4me.eu\/de\/produkt\/calcium-magnesium-plus\/\" \/>\n<meta property=\"og:locale\" content=\"de_DE\" \/>\n<meta property=\"og:type\" content=\"article\" \/>\n<meta property=\"og:title\" content=\"Calcium Magnesium Plus (100 Kapesln)\" \/>\n<meta property=\"og:description\" content=\"Calivita Kalcium, Magnezium + Vitamin D3+K2 im Onlin Shop kaufen.\" \/>\n<meta property=\"og:url\" content=\"https:\/\/nature4me.eu\/de\/produkt\/calcium-magnesium-plus\/\" \/>\n<meta property=\"og:site_name\" content=\"CaliVita Nature4me\" \/>\n<meta property=\"article:publisher\" content=\"https:\/\/www.facebook.com\/zdravjeiznarave.eu\" \/>\n<meta property=\"article:modified_time\" content=\"2022-02-20T14:17:33+00:00\" \/>\n<meta property=\"og:image\" content=\"https:\/\/nature4me.eu\/wp-content\/uploads\/2016\/03\/calcium-magnesium-plus-1.png\" \/>\n\t<meta property=\"og:image:width\" content=\"200\" \/>\n\t<meta property=\"og:image:height\" content=\"382\" \/>\n\t<meta property=\"og:image:type\" content=\"image\/png\" \/>\n<meta name=\"twitter:card\" content=\"summary_large_image\" \/>\n<meta name=\"twitter:label1\" content=\"Gesch\u00e4tzte Lesezeit\" \/>\n\t<meta name=\"twitter:data1\" content=\"1\u00a0Minute\" \/>\n<script type=\"application\/ld+json\" class=\"yoast-schema-graph\">{\"@context\":\"https:\/\/schema.org\",\"@graph\":[{\"@type\":\"WebPage\",\"@id\":\"https:\/\/nature4me.eu\/de\/produkt\/calcium-magnesium-plus\/\",\"url\":\"https:\/\/nature4me.eu\/de\/produkt\/calcium-magnesium-plus\/\",\"name\":\"Calcium Magnesium Plus 100 Kapseln - Nature4Me CaliVita\",\"isPartOf\":{\"@id\":\"https:\/\/nature4me.eu\/de\/#website\"},\"primaryImageOfPage\":{\"@id\":\"https:\/\/nature4me.eu\/de\/produkt\/calcium-magnesium-plus\/#primaryimage\"},\"image\":{\"@id\":\"https:\/\/nature4me.eu\/de\/produkt\/calcium-magnesium-plus\/#primaryimage\"},\"thumbnailUrl\":\"https:\/\/nature4me.eu\/wp-content\/uploads\/2016\/03\/calcium-magnesium-plus-1.png\",\"datePublished\":\"2021-08-31T08:39:57+00:00\",\"dateModified\":\"2022-02-20T14:17:33+00:00\",\"description\":\"Calivita Kalcium, Magnezium + Vitamin D3+K2 im Onlin Shop kaufen.\",\"breadcrumb\":{\"@id\":\"https:\/\/nature4me.eu\/de\/produkt\/calcium-magnesium-plus\/#breadcrumb\"},\"inLanguage\":\"de\",\"potentialAction\":[{\"@type\":\"ReadAction\",\"target\":[\"https:\/\/nature4me.eu\/de\/produkt\/calcium-magnesium-plus\/\"]}]},{\"@type\":\"ImageObject\",\"inLanguage\":\"de\",\"@id\":\"https:\/\/nature4me.eu\/de\/produkt\/calcium-magnesium-plus\/#primaryimage\",\"url\":\"https:\/\/nature4me.eu\/wp-content\/uploads\/2016\/03\/calcium-magnesium-plus-1.png\",\"contentUrl\":\"https:\/\/nature4me.eu\/wp-content\/uploads\/2016\/03\/calcium-magnesium-plus-1.png\",\"width\":200,\"height\":382,\"caption\":\"kalcij, magnezij + vitamina D3 in K2\"},{\"@type\":\"BreadcrumbList\",\"@id\":\"https:\/\/nature4me.eu\/de\/produkt\/calcium-magnesium-plus\/#breadcrumb\",\"itemListElement\":[{\"@type\":\"ListItem\",\"position\":1,\"name\":\"Po\u010detna stranica\",\"item\":\"https:\/\/nature4me.eu\/de\/\"},{\"@type\":\"ListItem\",\"position\":2,\"name\":\"Webshop\",\"item\":\"https:\/\/nature4me.eu\/de\/shop\/\"},{\"@type\":\"ListItem\",\"position\":3,\"name\":\"Calcium Magnesium Plus (100 Kapesln)\"}]},{\"@type\":\"WebSite\",\"@id\":\"https:\/\/nature4me.eu\/de\/#website\",\"url\":\"https:\/\/nature4me.eu\/de\/\",\"name\":\"CaliVita Nature4me\",\"description\":\"CaliVita Nature4me\",\"potentialAction\":[{\"@type\":\"SearchAction\",\"target\":{\"@type\":\"EntryPoint\",\"urlTemplate\":\"https:\/\/nature4me.eu\/de\/?s={search_term_string}\"},\"query-input\":{\"@type\":\"PropertyValueSpecification\",\"valueRequired\":true,\"valueName\":\"search_term_string\"}}],\"inLanguage\":\"de\"}]}<\/script>\n<!-- \/ Yoast SEO Premium plugin. -->","yoast_head_json":{"title":"Calcium Magnesium Plus 100 Kapseln - Nature4Me CaliVita","description":"Calivita Kalcium, Magnezium + Vitamin D3+K2 im Onlin Shop kaufen.","robots":{"index":"index","follow":"follow","max-snippet":"max-snippet:-1","max-image-preview":"max-image-preview:large","max-video-preview":"max-video-preview:-1"},"canonical":"https:\/\/nature4me.eu\/de\/produkt\/calcium-magnesium-plus\/","og_locale":"de_DE","og_type":"article","og_title":"Calcium Magnesium Plus (100 Kapesln)","og_description":"Calivita Kalcium, Magnezium + Vitamin D3+K2 im Onlin Shop kaufen.","og_url":"https:\/\/nature4me.eu\/de\/produkt\/calcium-magnesium-plus\/","og_site_name":"CaliVita Nature4me","article_publisher":"https:\/\/www.facebook.com\/zdravjeiznarave.eu","article_modified_time":"2022-02-20T14:17:33+00:00","og_image":[{"width":200,"height":382,"url":"https:\/\/nature4me.eu\/wp-content\/uploads\/2016\/03\/calcium-magnesium-plus-1.png","type":"image\/png"}],"twitter_card":"summary_large_image","twitter_misc":{"Gesch\u00e4tzte Lesezeit":"1\u00a0Minute"},"schema":{"@context":"https:\/\/schema.org","@graph":[{"@type":"WebPage","@id":"https:\/\/nature4me.eu\/de\/produkt\/calcium-magnesium-plus\/","url":"https:\/\/nature4me.eu\/de\/produkt\/calcium-magnesium-plus\/","name":"Calcium Magnesium Plus 100 Kapseln - Nature4Me CaliVita","isPartOf":{"@id":"https:\/\/nature4me.eu\/de\/#website"},"primaryImageOfPage":{"@id":"https:\/\/nature4me.eu\/de\/produkt\/calcium-magnesium-plus\/#primaryimage"},"image":{"@id":"https:\/\/nature4me.eu\/de\/produkt\/calcium-magnesium-plus\/#primaryimage"},"thumbnailUrl":"https:\/\/nature4me.eu\/wp-content\/uploads\/2016\/03\/calcium-magnesium-plus-1.png","datePublished":"2021-08-31T08:39:57+00:00","dateModified":"2022-02-20T14:17:33+00:00","description":"Calivita Kalcium, Magnezium + Vitamin D3+K2 im Onlin Shop kaufen.","breadcrumb":{"@id":"https:\/\/nature4me.eu\/de\/produkt\/calcium-magnesium-plus\/#breadcrumb"},"inLanguage":"de","potentialAction":[{"@type":"ReadAction","target":["https:\/\/nature4me.eu\/de\/produkt\/calcium-magnesium-plus\/"]}]},{"@type":"ImageObject","inLanguage":"de","@id":"https:\/\/nature4me.eu\/de\/produkt\/calcium-magnesium-plus\/#primaryimage","url":"https:\/\/nature4me.eu\/wp-content\/uploads\/2016\/03\/calcium-magnesium-plus-1.png","contentUrl":"https:\/\/nature4me.eu\/wp-content\/uploads\/2016\/03\/calcium-magnesium-plus-1.png","width":200,"height":382,"caption":"kalcij, magnezij + vitamina D3 in K2"},{"@type":"BreadcrumbList","@id":"https:\/\/nature4me.eu\/de\/produkt\/calcium-magnesium-plus\/#breadcrumb","itemListElement":[{"@type":"ListItem","position":1,"name":"Po\u010detna stranica","item":"https:\/\/nature4me.eu\/de\/"},{"@type":"ListItem","position":2,"name":"Webshop","item":"https:\/\/nature4me.eu\/de\/shop\/"},{"@type":"ListItem","position":3,"name":"Calcium Magnesium Plus (100 Kapesln)"}]},{"@type":"WebSite","@id":"https:\/\/nature4me.eu\/de\/#website","url":"https:\/\/nature4me.eu\/de\/","name":"CaliVita Nature4me","description":"CaliVita Nature4me","potentialAction":[{"@type":"SearchAction","target":{"@type":"EntryPoint","urlTemplate":"https:\/\/nature4me.eu\/de\/?s={search_term_string}"},"query-input":{"@type":"PropertyValueSpecification","valueRequired":true,"valueName":"search_term_string"}}],"inLanguage":"de"}]}},"_links":{"self":[{"href":"https:\/\/nature4me.eu\/de\/wp-json\/wp\/v2\/product\/5656","targetHints":{"allow":["GET"]}}],"collection":[{"href":"https:\/\/nature4me.eu\/de\/wp-json\/wp\/v2\/product"}],"about":[{"href":"https:\/\/nature4me.eu\/de\/wp-json\/wp\/v2\/types\/product"}],"replies":[{"embeddable":true,"href":"https:\/\/nature4me.eu\/de\/wp-json\/wp\/v2\/comments?post=5656"}],"wp:featuredmedia":[{"embeddable":true,"href":"https:\/\/nature4me.eu\/de\/wp-json\/wp\/v2\/media\/7527"}],"wp:attachment":[{"href":"https:\/\/nature4me.eu\/de\/wp-json\/wp\/v2\/media?parent=5656"}],"wp:term":[{"taxonomy":"product_brand","embeddable":true,"href":"https:\/\/nature4me.eu\/de\/wp-json\/wp\/v2\/product_brand?post=5656"},{"taxonomy":"product_cat","embeddable":true,"href":"https:\/\/nature4me.eu\/de\/wp-json\/wp\/v2\/product_cat?post=5656"},{"taxonomy":"product_tag","embeddable":true,"href":"https:\/\/nature4me.eu\/de\/wp-json\/wp\/v2\/product_tag?post=5656"}],"curies":[{"name":"wp","href":"https:\/\/api.w.org\/{rel}","templated":true}]}}