{"id":5668,"date":"2016-03-08T16:52:50","date_gmt":"2021-08-31T09:39:30","guid":{"rendered":"https:\/\/nature4me.eu\/?post_type=product&#038;p=5668"},"modified":"2021-12-07T10:00:29","modified_gmt":"2021-12-07T08:00:29","slug":"spirulina-chlorella-plus","status":"publish","type":"product","link":"https:\/\/nature4me.eu\/de\/produkt\/spirulina-chlorella-plus\/","title":{"rendered":"Spirulina Chlorella Plus (100 Tabletten)"},"content":{"rendered":"<div id=\"product-long-decs\">\n<p>Wir haben die Kombination von Spirulina und Chlorella Algen im Erzeugnis Spirulina Chlorella PLUS mit Luzernen und Weizengras erg\u00e4nzt. Das Chlorophyll in den Pflanzen kann das S\u00e4ure-Basen-Gleichgewicht wohltuend beeinflussen uns so kann es schonend entschlacken, alkalisieren. Der Teil der Tablette ist auch eine patentierte Mischung, in der die n\u00fctzlichen Stoffe von selten konsumierten Gem\u00fcsesorten und Pflanzen zu finden sind. Das Produkt bietet auch einen wirksamen Schutz vor freien Radikalen dank dem Extrakt von Likopin und Lutein.<\/p>\n<h4>Wem und wozu empfehlen wir es:<\/h4>\n<ul>\n<li>Zur Erg\u00e4nzung bei Basenkuren,<\/li>\n<li>beim \u00fcbertriebenen Konsumieren von Speisen, die S\u00e4uren bilden (z. B. Fleisch, Tierfett, nicht kalt gepresstes \u00d6l, verfeinertes Mehl, Zucker),<\/li>\n<li>zur Erg\u00e4nzung von essentiellen Aminos\u00e4uren.<\/li>\n<\/ul>\n<\/div>\n<p><!-- Product Specification --><\/p>\n<div id=\"wmark\">\n<div class=\"wmark-bckg\">nature4me.eu<\/div>\n<\/div>\n<table class=\"product_details_body\" border=\"0\" width=\"500\" cellspacing=\"0\" align=\"center\" bgcolor=\"#7CDB8B\">\n<tbody>\n<tr bgcolor=\"#3c8b47\">\n<td height=\"20\"><u>Wirkstoffe Tablette\/Kapsel:<\/u><\/td>\n<td width=\"100\"><span class=\"pvdecla\">(View Declaration)<\/span><\/td>\n<td width=\"70\"><span class=\"pd-rda\">*RDA:<\/span><\/td>\n<\/tr>\n<tr>\n<td>Chlorella Algenpulver<\/td>\n<td>250 mg<\/td>\n<td><\/td>\n<\/tr>\n<tr>\n<td>Spirulina Algenpulver<\/td>\n<td>250 mg<\/td>\n<td><\/td>\n<\/tr>\n<tr>\n<td>Patentierte Mischung<\/td>\n<td>140 mg<\/td>\n<td><\/td>\n<\/tr>\n<tr>\n<td>Selleriepulver, Seealgenpulver, Krautpulver, Spinatpulver, L\u00f6wenzahnwurzelpulver, Petersilienblattpulver, Luteinextrakt, Likopinextrakt, Rosenkohlblattpulver,Schwarzer Winter-Rettich Pulver, Aloe Vera Pulver, Brokkolipulver<\/td>\n<td><\/td>\n<td><\/td>\n<\/tr>\n<tr>\n<td>*** This ingredient may cause allergy or intolerance<\/td>\n<td><\/td>\n<td><\/td>\n<\/tr>\n<tr>\n<td>Weizengraspulver ***<\/td>\n<td>100 mg<\/td>\n<td><\/td>\n<\/tr>\n<tr>\n<td>Luzernenblattpulver<\/td>\n<td>100 mg<\/td>\n<td><\/td>\n<\/tr>\n<tr>\n<td colspan=\"3\" height=\"10\"><\/td>\n<\/tr>\n<tr bgcolor=\"#3c8b47\">\n<td colspan=\"3\" height=\"20\"><u>Dosierung *RDA:<\/u><\/td>\n<\/tr>\n<tr>\n<td colspan=\"3\" align=\"center\" height=\"15\">1 Tablette t\u00e4glich<\/td>\n<\/tr>\n<tr bgcolor=\"#3c8b47\">\n<td colspan=\"3\" height=\"20\"><u>Inaktive Inhaltsstoffe, Warnungen und Produktdeklarationen:<\/u><\/td>\n<\/tr>\n<tr>\n<td colspan=\"3\" height=\"10\">Andere Zutaten:<\/td>\n<\/tr>\n<tr>\n<td colspan=\"3\" height=\"10\"><\/td>\n<\/tr>\n<\/tbody>\n<\/table>\n<p><!-- End Product Specification --><\/p>\n<p><!-- Product Declaration --><\/p>\n<div id=\"product-declaration-title\">Nahrungserg\u00e4nzungsmittel<\/div>\n<div class=\"prod-declaration\">\n<div class=\"declar-txt\">\n<p>(* RDA = Tageswert) Die empfohlenen Tagesmengen sollten nicht \u00fcberschritten werden. Das Nahrungserg\u00e4nzungsmittel ist kein Ersatz f\u00fcr eine ausgewogene und abwechslungsreiche Ern\u00e4hrung. Au\u00dferhalb der Reichweite von Kindern aufbewahren.<\/p>\n<\/div>\n<div class=\"declar-img\"><a href=\"https:\/\/nature4me.eu\/wp-content\/themes\/n4mtheme\/images\/declaration\/CV0165_Spirulina_Chlorella_Plus_EN.pdf\" target=\"_blank\" rel=\"noopener\">View Declaration ENG<\/a><\/div>\n<\/div>\n<p><!-- End Product Declaration --><\/p>\n","protected":false},"excerpt":{"rendered":"<p><!-- Short Details --><\/p>\n<div class=\"short-product-desc\">\n<h2 class=\"details_h3\">Komplexes basisches Pr\u00e4parat<\/h2>\n<\/div>\n","protected":false},"featured_media":7437,"comment_status":"closed","ping_status":"closed","template":"","meta":{"inline_featured_image":false,"_monsterinsights_skip_tracking":false,"_monsterinsights_sitenote_active":false,"_monsterinsights_sitenote_note":"","_monsterinsights_sitenote_category":0},"product_brand":[],"product_cat":[157,163],"product_tag":[],"class_list":{"0":"post-5668","1":"product","2":"type-product","3":"status-publish","4":"has-post-thumbnail","6":"product_cat-pflanzenextrakte-de","7":"product_cat-vegetarier-veganer-de","9":"first","10":"instock","11":"taxable","12":"shipping-taxable","13":"purchasable","14":"product-type-simple"},"yoast_head":"<!-- This site is optimized with the Yoast SEO Premium plugin v21.9 (Yoast SEO v26.6) - https:\/\/yoast.com\/wordpress\/plugins\/seo\/ -->\n<title>Spirulina Chlorella Plus<\/title>\n<meta name=\"robots\" content=\"index, follow, max-snippet:-1, max-image-preview:large, max-video-preview:-1\" \/>\n<link rel=\"canonical\" href=\"https:\/\/nature4me.eu\/de\/produkt\/spirulina-chlorella-plus\/\" \/>\n<meta property=\"og:locale\" content=\"de_DE\" \/>\n<meta property=\"og:type\" content=\"article\" \/>\n<meta property=\"og:title\" content=\"Spirulina Chlorella Plus (100 Tabletten)\" \/>\n<meta property=\"og:description\" content=\"Komplexes basisches Pr\u00e4parat\" \/>\n<meta property=\"og:url\" content=\"https:\/\/nature4me.eu\/de\/produkt\/spirulina-chlorella-plus\/\" \/>\n<meta property=\"og:site_name\" content=\"CaliVita Nature4me\" \/>\n<meta property=\"article:publisher\" content=\"https:\/\/www.facebook.com\/zdravjeiznarave.eu\" \/>\n<meta property=\"article:modified_time\" content=\"2021-12-07T08:00:29+00:00\" \/>\n<meta property=\"og:image\" content=\"https:\/\/nature4me.eu\/wp-content\/uploads\/2016\/03\/Spirulina-Chlorella-1.png\" \/>\n\t<meta property=\"og:image:width\" content=\"200\" \/>\n\t<meta property=\"og:image:height\" content=\"375\" \/>\n\t<meta property=\"og:image:type\" content=\"image\/png\" \/>\n<meta name=\"twitter:card\" content=\"summary_large_image\" \/>\n<meta name=\"twitter:label1\" content=\"Gesch\u00e4tzte Lesezeit\" \/>\n\t<meta name=\"twitter:data1\" content=\"1\u00a0Minute\" \/>\n<script type=\"application\/ld+json\" class=\"yoast-schema-graph\">{\"@context\":\"https:\/\/schema.org\",\"@graph\":[{\"@type\":\"WebPage\",\"@id\":\"https:\/\/nature4me.eu\/de\/produkt\/spirulina-chlorella-plus\/\",\"url\":\"https:\/\/nature4me.eu\/de\/produkt\/spirulina-chlorella-plus\/\",\"name\":\"Spirulina Chlorella Plus\",\"isPartOf\":{\"@id\":\"https:\/\/nature4me.eu\/de\/#website\"},\"primaryImageOfPage\":{\"@id\":\"https:\/\/nature4me.eu\/de\/produkt\/spirulina-chlorella-plus\/#primaryimage\"},\"image\":{\"@id\":\"https:\/\/nature4me.eu\/de\/produkt\/spirulina-chlorella-plus\/#primaryimage\"},\"thumbnailUrl\":\"https:\/\/nature4me.eu\/wp-content\/uploads\/2016\/03\/Spirulina-Chlorella-1.png\",\"datePublished\":\"2021-08-31T09:39:30+00:00\",\"dateModified\":\"2021-12-07T08:00:29+00:00\",\"breadcrumb\":{\"@id\":\"https:\/\/nature4me.eu\/de\/produkt\/spirulina-chlorella-plus\/#breadcrumb\"},\"inLanguage\":\"de\",\"potentialAction\":[{\"@type\":\"ReadAction\",\"target\":[\"https:\/\/nature4me.eu\/de\/produkt\/spirulina-chlorella-plus\/\"]}]},{\"@type\":\"ImageObject\",\"inLanguage\":\"de\",\"@id\":\"https:\/\/nature4me.eu\/de\/produkt\/spirulina-chlorella-plus\/#primaryimage\",\"url\":\"https:\/\/nature4me.eu\/wp-content\/uploads\/2016\/03\/Spirulina-Chlorella-1.png\",\"contentUrl\":\"https:\/\/nature4me.eu\/wp-content\/uploads\/2016\/03\/Spirulina-Chlorella-1.png\",\"width\":200,\"height\":375},{\"@type\":\"BreadcrumbList\",\"@id\":\"https:\/\/nature4me.eu\/de\/produkt\/spirulina-chlorella-plus\/#breadcrumb\",\"itemListElement\":[{\"@type\":\"ListItem\",\"position\":1,\"name\":\"Po\u010detna stranica\",\"item\":\"https:\/\/nature4me.eu\/de\/\"},{\"@type\":\"ListItem\",\"position\":2,\"name\":\"Webshop\",\"item\":\"https:\/\/nature4me.eu\/de\/shop\/\"},{\"@type\":\"ListItem\",\"position\":3,\"name\":\"Spirulina Chlorella Plus (100 Tabletten)\"}]},{\"@type\":\"WebSite\",\"@id\":\"https:\/\/nature4me.eu\/de\/#website\",\"url\":\"https:\/\/nature4me.eu\/de\/\",\"name\":\"CaliVita Nature4me\",\"description\":\"CaliVita Nature4me\",\"potentialAction\":[{\"@type\":\"SearchAction\",\"target\":{\"@type\":\"EntryPoint\",\"urlTemplate\":\"https:\/\/nature4me.eu\/de\/?s={search_term_string}\"},\"query-input\":{\"@type\":\"PropertyValueSpecification\",\"valueRequired\":true,\"valueName\":\"search_term_string\"}}],\"inLanguage\":\"de\"}]}<\/script>\n<!-- \/ Yoast SEO Premium plugin. -->","yoast_head_json":{"title":"Spirulina Chlorella Plus","robots":{"index":"index","follow":"follow","max-snippet":"max-snippet:-1","max-image-preview":"max-image-preview:large","max-video-preview":"max-video-preview:-1"},"canonical":"https:\/\/nature4me.eu\/de\/produkt\/spirulina-chlorella-plus\/","og_locale":"de_DE","og_type":"article","og_title":"Spirulina Chlorella Plus (100 Tabletten)","og_description":"Komplexes basisches Pr\u00e4parat","og_url":"https:\/\/nature4me.eu\/de\/produkt\/spirulina-chlorella-plus\/","og_site_name":"CaliVita Nature4me","article_publisher":"https:\/\/www.facebook.com\/zdravjeiznarave.eu","article_modified_time":"2021-12-07T08:00:29+00:00","og_image":[{"width":200,"height":375,"url":"https:\/\/nature4me.eu\/wp-content\/uploads\/2016\/03\/Spirulina-Chlorella-1.png","type":"image\/png"}],"twitter_card":"summary_large_image","twitter_misc":{"Gesch\u00e4tzte Lesezeit":"1\u00a0Minute"},"schema":{"@context":"https:\/\/schema.org","@graph":[{"@type":"WebPage","@id":"https:\/\/nature4me.eu\/de\/produkt\/spirulina-chlorella-plus\/","url":"https:\/\/nature4me.eu\/de\/produkt\/spirulina-chlorella-plus\/","name":"Spirulina Chlorella Plus","isPartOf":{"@id":"https:\/\/nature4me.eu\/de\/#website"},"primaryImageOfPage":{"@id":"https:\/\/nature4me.eu\/de\/produkt\/spirulina-chlorella-plus\/#primaryimage"},"image":{"@id":"https:\/\/nature4me.eu\/de\/produkt\/spirulina-chlorella-plus\/#primaryimage"},"thumbnailUrl":"https:\/\/nature4me.eu\/wp-content\/uploads\/2016\/03\/Spirulina-Chlorella-1.png","datePublished":"2021-08-31T09:39:30+00:00","dateModified":"2021-12-07T08:00:29+00:00","breadcrumb":{"@id":"https:\/\/nature4me.eu\/de\/produkt\/spirulina-chlorella-plus\/#breadcrumb"},"inLanguage":"de","potentialAction":[{"@type":"ReadAction","target":["https:\/\/nature4me.eu\/de\/produkt\/spirulina-chlorella-plus\/"]}]},{"@type":"ImageObject","inLanguage":"de","@id":"https:\/\/nature4me.eu\/de\/produkt\/spirulina-chlorella-plus\/#primaryimage","url":"https:\/\/nature4me.eu\/wp-content\/uploads\/2016\/03\/Spirulina-Chlorella-1.png","contentUrl":"https:\/\/nature4me.eu\/wp-content\/uploads\/2016\/03\/Spirulina-Chlorella-1.png","width":200,"height":375},{"@type":"BreadcrumbList","@id":"https:\/\/nature4me.eu\/de\/produkt\/spirulina-chlorella-plus\/#breadcrumb","itemListElement":[{"@type":"ListItem","position":1,"name":"Po\u010detna stranica","item":"https:\/\/nature4me.eu\/de\/"},{"@type":"ListItem","position":2,"name":"Webshop","item":"https:\/\/nature4me.eu\/de\/shop\/"},{"@type":"ListItem","position":3,"name":"Spirulina Chlorella Plus (100 Tabletten)"}]},{"@type":"WebSite","@id":"https:\/\/nature4me.eu\/de\/#website","url":"https:\/\/nature4me.eu\/de\/","name":"CaliVita Nature4me","description":"CaliVita Nature4me","potentialAction":[{"@type":"SearchAction","target":{"@type":"EntryPoint","urlTemplate":"https:\/\/nature4me.eu\/de\/?s={search_term_string}"},"query-input":{"@type":"PropertyValueSpecification","valueRequired":true,"valueName":"search_term_string"}}],"inLanguage":"de"}]}},"_links":{"self":[{"href":"https:\/\/nature4me.eu\/de\/wp-json\/wp\/v2\/product\/5668","targetHints":{"allow":["GET"]}}],"collection":[{"href":"https:\/\/nature4me.eu\/de\/wp-json\/wp\/v2\/product"}],"about":[{"href":"https:\/\/nature4me.eu\/de\/wp-json\/wp\/v2\/types\/product"}],"replies":[{"embeddable":true,"href":"https:\/\/nature4me.eu\/de\/wp-json\/wp\/v2\/comments?post=5668"}],"wp:featuredmedia":[{"embeddable":true,"href":"https:\/\/nature4me.eu\/de\/wp-json\/wp\/v2\/media\/7437"}],"wp:attachment":[{"href":"https:\/\/nature4me.eu\/de\/wp-json\/wp\/v2\/media?parent=5668"}],"wp:term":[{"taxonomy":"product_brand","embeddable":true,"href":"https:\/\/nature4me.eu\/de\/wp-json\/wp\/v2\/product_brand?post=5668"},{"taxonomy":"product_cat","embeddable":true,"href":"https:\/\/nature4me.eu\/de\/wp-json\/wp\/v2\/product_cat?post=5668"},{"taxonomy":"product_tag","embeddable":true,"href":"https:\/\/nature4me.eu\/de\/wp-json\/wp\/v2\/product_tag?post=5668"}],"curies":[{"name":"wp","href":"https:\/\/api.w.org\/{rel}","templated":true}]}}