{"id":5671,"date":"2016-03-08T11:06:51","date_gmt":"2021-08-31T10:09:52","guid":{"rendered":"https:\/\/nature4me.eu\/?post_type=product&#038;p=5671"},"modified":"2022-03-10T10:18:44","modified_gmt":"2022-03-10T08:18:44","slug":"samburex","status":"publish","type":"product","link":"https:\/\/nature4me.eu\/de\/produkt\/samburex\/","title":{"rendered":"Samburex (240 ml)"},"content":{"rendered":"<div id=\"product-long-decs\">\n<p>Es ist ein Heilpflanzenkomplex, in dem der konzentrierte Extrakt aus schwarzem Holunder in gro\u00dfer Dosis mit seit Jahrtausenden verwendeten Echinacea sowie mit extra Vitamin C und Zink gemischt wurde. All dies ist in Form einer geschmackvollen Fl\u00fcssigkeit, damit alle Mitglieder in der Familie mit einem vorbereiteten Immunsystem auf die Gefahren einer Grippe in den Wintermonaten wirten k\u00f6nnen. Er enth\u00e4lt keinen zugegebenen Zucker, keine k\u00fcnstlichen Zusatz- und Farbstoffe.<\/p>\n<h4>Wem und wozu empfehlen wir es:<\/h4>\n<ul>\n<li>Wegen seiner fl\u00fcssigen Form f\u00fcr alte Leute, werdende M\u00fctter und f\u00fcr diejenigen, die Probleme beim Schlucken haben, zur Verst\u00e4rkung des Immunsystems,<\/li>\n<li>bei Erk\u00e4ltung oder Grippe zum Beschleunigen der Heilprozesse,<\/li>\n<li>bei Halsentz\u00fcndung oder beim Husten zur Milderung der Symptome,<\/li>\n<li>bei Verdauungsproblemen zur Anregung der Verdauung,<\/li>\n<li>er enth\u00e4lt keinen Alkohol, deshalb ist es ideal auch f\u00fcr Kinder und Autofahrer.<\/li>\n<\/ul>\n<\/div>\n<p><!-- Product Specification --><\/p>\n<table class=\"product_details_body\" border=\"0\" width=\"500\" cellspacing=\"0\" align=\"center\" bgcolor=\"#7CDB8B\">\n<tbody>\n<tr bgcolor=>\n<td height=\"20\"><u>Wirkstoffe 5 ml:<\/u><\/td>\n<td width=\"100\"><span class=\"pvdecla\">(View Declaration)<\/span><\/td>\n<td width=\"70\"><span class=\"pd-rda\">*RDA:<\/span><\/td>\n<\/tr>\n<tr>\n<td>Auszug der Frucht des schwarzen Holunders<\/td>\n<td>5000 mg<\/td>\n<td><\/td>\n<\/tr>\n<tr>\n<td>Patentierte Mischung<\/td>\n<td>130 mg<\/td>\n<td><\/td>\n<\/tr>\n<tr>\n<td>Echinacea purpurea Extrakt, Organic Echinacea angustifolia Extrakt<\/td>\n<td><\/td>\n<td><\/td>\n<\/tr>\n<tr>\n<td>Vitamin C<\/td>\n<td>100 mg<\/td>\n<td>167%<\/td>\n<\/tr>\n<tr>\n<td>Zink<\/td>\n<td>5 mg<\/td>\n<td>33%<\/td>\n<\/tr>\n<tr>\n<td colspan=\"3\" height=\"10\"><\/td>\n<\/tr>\n<tr bgcolor=>\n<td colspan=\"3\" height=\"20\"><u>Dosage *RDA:<\/u><\/td>\n<\/tr>\n<tr>\n<td colspan=\"3\" align=\"center\" height=\"15\">1 Teel\u00f6ffel t\u00e4glich, kann auch ins Essen und Trinken gemischt werden.<\/td>\n<\/tr>\n<tr bgcolor=>\n<td colspan=\"3\" height=\"20\"><u>Inaktive Inhaltsstoffe, Warnungen und Produktdeklarationen:<\/u><\/td>\n<\/tr>\n<tr>\n<td colspan=\"3\" height=\"10\">Andere Zutaten:Vegetable glycerin, USP purified water, citric acid, raspberry extract.<\/td>\n<\/tr>\n<tr>\n<td colspan=\"3\" height=\"10\"><\/td>\n<\/tr>\n<\/tbody>\n<\/table>\n<p><!-- End Product Specification --><\/p>\n<p><!-- Product Declaration --><\/p>\n<div id=\"product-declaration-title\">Nahrungserg\u00e4nzungsmittel<\/div>\n<div class=\"prod-declaration\">\n<div class=\"declar-txt\">\n<p>(* RDA = Tageswert) Die empfohlenen Tagesmengen sollten nicht \u00fcberschritten werden. Das Nahrungserg\u00e4nzungsmittel ist kein Ersatz f\u00fcr eine ausgewogene und abwechslungsreiche Ern\u00e4hrung. Au\u00dferhalb der Reichweite von Kindern aufbewahren.<\/p>\n<\/div>\n<div class=\"declar-img\"><a href=\"https:\/\/nature4me.eu\/wp-content\/themes\/n4mtheme\/images\/declaration\/CV0171_SambuRex_EN.pdf\" target=\"_blank\" rel=\"noopener\">View Declaration ENG<\/a><\/div>\n<\/div>\n","protected":false},"excerpt":{"rendered":"<p><!-- Short Details --><\/p>\n<div class=\"short-product-desc\">\n<h4 class=\"details_h3\">Saft zur Immunst\u00e4rkung<\/h4>\n<\/div>\n","protected":false},"featured_media":5248,"comment_status":"closed","ping_status":"closed","template":"","meta":{"inline_featured_image":false,"_monsterinsights_skip_tracking":false,"_monsterinsights_sitenote_active":false,"_monsterinsights_sitenote_note":"","_monsterinsights_sitenote_category":0},"product_brand":[],"product_cat":[164,157,163],"product_tag":[],"class_list":{"0":"post-5671","1":"product","2":"type-product","3":"status-publish","4":"has-post-thumbnail","6":"product_cat-immunsystem-staerken-de","7":"product_cat-pflanzenextrakte-de","8":"product_cat-vegetarier-veganer-de","10":"first","11":"instock","12":"taxable","13":"shipping-taxable","14":"purchasable","15":"product-type-simple"},"yoast_head":"<!-- This site is optimized with the Yoast SEO Premium plugin v21.9 (Yoast SEO v26.6) - https:\/\/yoast.com\/wordpress\/plugins\/seo\/ -->\n<title>Samburex Calivita<\/title>\n<meta name=\"description\" content=\"Samburex Calivita der konzentrierte Extrakt aus schwarzem Holunder\" \/>\n<meta name=\"robots\" content=\"index, follow, max-snippet:-1, max-image-preview:large, max-video-preview:-1\" \/>\n<link rel=\"canonical\" href=\"https:\/\/nature4me.eu\/de\/produkt\/samburex\/\" \/>\n<meta property=\"og:locale\" content=\"de_DE\" \/>\n<meta property=\"og:type\" content=\"article\" \/>\n<meta property=\"og:title\" content=\"Samburex (240 ml)\" \/>\n<meta property=\"og:description\" content=\"Samburex Calivita der konzentrierte Extrakt aus schwarzem Holunder\" \/>\n<meta property=\"og:url\" content=\"https:\/\/nature4me.eu\/de\/produkt\/samburex\/\" \/>\n<meta property=\"og:site_name\" content=\"CaliVita Nature4me\" \/>\n<meta property=\"article:publisher\" content=\"https:\/\/www.facebook.com\/zdravjeiznarave.eu\" \/>\n<meta property=\"article:modified_time\" content=\"2022-03-10T08:18:44+00:00\" \/>\n<meta property=\"og:image\" content=\"https:\/\/nature4me.eu\/wp-content\/uploads\/2016\/03\/Samburex-1.jpg\" \/>\n\t<meta property=\"og:image:width\" content=\"200\" \/>\n\t<meta property=\"og:image:height\" content=\"471\" \/>\n\t<meta property=\"og:image:type\" content=\"image\/jpeg\" \/>\n<meta name=\"twitter:card\" content=\"summary_large_image\" \/>\n<meta name=\"twitter:label1\" content=\"Gesch\u00e4tzte Lesezeit\" \/>\n\t<meta name=\"twitter:data1\" content=\"1\u00a0Minute\" \/>\n<script type=\"application\/ld+json\" class=\"yoast-schema-graph\">{\"@context\":\"https:\/\/schema.org\",\"@graph\":[{\"@type\":\"WebPage\",\"@id\":\"https:\/\/nature4me.eu\/de\/produkt\/samburex\/\",\"url\":\"https:\/\/nature4me.eu\/de\/produkt\/samburex\/\",\"name\":\"Samburex Calivita\",\"isPartOf\":{\"@id\":\"https:\/\/nature4me.eu\/de\/#website\"},\"primaryImageOfPage\":{\"@id\":\"https:\/\/nature4me.eu\/de\/produkt\/samburex\/#primaryimage\"},\"image\":{\"@id\":\"https:\/\/nature4me.eu\/de\/produkt\/samburex\/#primaryimage\"},\"thumbnailUrl\":\"https:\/\/nature4me.eu\/wp-content\/uploads\/2016\/03\/Samburex.png\",\"datePublished\":\"2021-08-31T10:09:52+00:00\",\"dateModified\":\"2022-03-10T08:18:44+00:00\",\"description\":\"Samburex Calivita der konzentrierte Extrakt aus schwarzem Holunder\",\"breadcrumb\":{\"@id\":\"https:\/\/nature4me.eu\/de\/produkt\/samburex\/#breadcrumb\"},\"inLanguage\":\"de\",\"potentialAction\":[{\"@type\":\"ReadAction\",\"target\":[\"https:\/\/nature4me.eu\/de\/produkt\/samburex\/\"]}]},{\"@type\":\"ImageObject\",\"inLanguage\":\"de\",\"@id\":\"https:\/\/nature4me.eu\/de\/produkt\/samburex\/#primaryimage\",\"url\":\"https:\/\/nature4me.eu\/wp-content\/uploads\/2016\/03\/Samburex.png\",\"contentUrl\":\"https:\/\/nature4me.eu\/wp-content\/uploads\/2016\/03\/Samburex.png\",\"width\":106,\"height\":250,\"caption\":\"Saft zur Immunst\u00e4rkung\"},{\"@type\":\"BreadcrumbList\",\"@id\":\"https:\/\/nature4me.eu\/de\/produkt\/samburex\/#breadcrumb\",\"itemListElement\":[{\"@type\":\"ListItem\",\"position\":1,\"name\":\"Po\u010detna stranica\",\"item\":\"https:\/\/nature4me.eu\/de\/\"},{\"@type\":\"ListItem\",\"position\":2,\"name\":\"Webshop\",\"item\":\"https:\/\/nature4me.eu\/de\/shop\/\"},{\"@type\":\"ListItem\",\"position\":3,\"name\":\"Samburex (240 ml)\"}]},{\"@type\":\"WebSite\",\"@id\":\"https:\/\/nature4me.eu\/de\/#website\",\"url\":\"https:\/\/nature4me.eu\/de\/\",\"name\":\"CaliVita Nature4me\",\"description\":\"CaliVita Nature4me\",\"potentialAction\":[{\"@type\":\"SearchAction\",\"target\":{\"@type\":\"EntryPoint\",\"urlTemplate\":\"https:\/\/nature4me.eu\/de\/?s={search_term_string}\"},\"query-input\":{\"@type\":\"PropertyValueSpecification\",\"valueRequired\":true,\"valueName\":\"search_term_string\"}}],\"inLanguage\":\"de\"}]}<\/script>\n<!-- \/ Yoast SEO Premium plugin. -->","yoast_head_json":{"title":"Samburex Calivita","description":"Samburex Calivita der konzentrierte Extrakt aus schwarzem Holunder","robots":{"index":"index","follow":"follow","max-snippet":"max-snippet:-1","max-image-preview":"max-image-preview:large","max-video-preview":"max-video-preview:-1"},"canonical":"https:\/\/nature4me.eu\/de\/produkt\/samburex\/","og_locale":"de_DE","og_type":"article","og_title":"Samburex (240 ml)","og_description":"Samburex Calivita der konzentrierte Extrakt aus schwarzem Holunder","og_url":"https:\/\/nature4me.eu\/de\/produkt\/samburex\/","og_site_name":"CaliVita Nature4me","article_publisher":"https:\/\/www.facebook.com\/zdravjeiznarave.eu","article_modified_time":"2022-03-10T08:18:44+00:00","og_image":[{"width":200,"height":471,"url":"https:\/\/nature4me.eu\/wp-content\/uploads\/2016\/03\/Samburex-1.jpg","type":"image\/jpeg"}],"twitter_card":"summary_large_image","twitter_misc":{"Gesch\u00e4tzte Lesezeit":"1\u00a0Minute"},"schema":{"@context":"https:\/\/schema.org","@graph":[{"@type":"WebPage","@id":"https:\/\/nature4me.eu\/de\/produkt\/samburex\/","url":"https:\/\/nature4me.eu\/de\/produkt\/samburex\/","name":"Samburex Calivita","isPartOf":{"@id":"https:\/\/nature4me.eu\/de\/#website"},"primaryImageOfPage":{"@id":"https:\/\/nature4me.eu\/de\/produkt\/samburex\/#primaryimage"},"image":{"@id":"https:\/\/nature4me.eu\/de\/produkt\/samburex\/#primaryimage"},"thumbnailUrl":"https:\/\/nature4me.eu\/wp-content\/uploads\/2016\/03\/Samburex.png","datePublished":"2021-08-31T10:09:52+00:00","dateModified":"2022-03-10T08:18:44+00:00","description":"Samburex Calivita der konzentrierte Extrakt aus schwarzem Holunder","breadcrumb":{"@id":"https:\/\/nature4me.eu\/de\/produkt\/samburex\/#breadcrumb"},"inLanguage":"de","potentialAction":[{"@type":"ReadAction","target":["https:\/\/nature4me.eu\/de\/produkt\/samburex\/"]}]},{"@type":"ImageObject","inLanguage":"de","@id":"https:\/\/nature4me.eu\/de\/produkt\/samburex\/#primaryimage","url":"https:\/\/nature4me.eu\/wp-content\/uploads\/2016\/03\/Samburex.png","contentUrl":"https:\/\/nature4me.eu\/wp-content\/uploads\/2016\/03\/Samburex.png","width":106,"height":250,"caption":"Saft zur Immunst\u00e4rkung"},{"@type":"BreadcrumbList","@id":"https:\/\/nature4me.eu\/de\/produkt\/samburex\/#breadcrumb","itemListElement":[{"@type":"ListItem","position":1,"name":"Po\u010detna stranica","item":"https:\/\/nature4me.eu\/de\/"},{"@type":"ListItem","position":2,"name":"Webshop","item":"https:\/\/nature4me.eu\/de\/shop\/"},{"@type":"ListItem","position":3,"name":"Samburex (240 ml)"}]},{"@type":"WebSite","@id":"https:\/\/nature4me.eu\/de\/#website","url":"https:\/\/nature4me.eu\/de\/","name":"CaliVita Nature4me","description":"CaliVita Nature4me","potentialAction":[{"@type":"SearchAction","target":{"@type":"EntryPoint","urlTemplate":"https:\/\/nature4me.eu\/de\/?s={search_term_string}"},"query-input":{"@type":"PropertyValueSpecification","valueRequired":true,"valueName":"search_term_string"}}],"inLanguage":"de"}]}},"_links":{"self":[{"href":"https:\/\/nature4me.eu\/de\/wp-json\/wp\/v2\/product\/5671","targetHints":{"allow":["GET"]}}],"collection":[{"href":"https:\/\/nature4me.eu\/de\/wp-json\/wp\/v2\/product"}],"about":[{"href":"https:\/\/nature4me.eu\/de\/wp-json\/wp\/v2\/types\/product"}],"replies":[{"embeddable":true,"href":"https:\/\/nature4me.eu\/de\/wp-json\/wp\/v2\/comments?post=5671"}],"wp:featuredmedia":[{"embeddable":true,"href":"https:\/\/nature4me.eu\/de\/wp-json\/wp\/v2\/media\/5248"}],"wp:attachment":[{"href":"https:\/\/nature4me.eu\/de\/wp-json\/wp\/v2\/media?parent=5671"}],"wp:term":[{"taxonomy":"product_brand","embeddable":true,"href":"https:\/\/nature4me.eu\/de\/wp-json\/wp\/v2\/product_brand?post=5671"},{"taxonomy":"product_cat","embeddable":true,"href":"https:\/\/nature4me.eu\/de\/wp-json\/wp\/v2\/product_cat?post=5671"},{"taxonomy":"product_tag","embeddable":true,"href":"https:\/\/nature4me.eu\/de\/wp-json\/wp\/v2\/product_tag?post=5671"}],"curies":[{"name":"wp","href":"https:\/\/api.w.org\/{rel}","templated":true}]}}