{"id":5673,"date":"2016-03-07T18:30:16","date_gmt":"2021-08-31T10:13:12","guid":{"rendered":"https:\/\/nature4me.eu\/?post_type=product&#038;p=5673"},"modified":"2022-03-09T08:41:54","modified_gmt":"2022-03-09T06:41:54","slug":"rhodiolin","status":"publish","type":"product","link":"https:\/\/nature4me.eu\/de\/produkt\/rhodiolin\/","title":{"rendered":"Rhodiolin (120 Kapseln)"},"content":{"rendered":"<div id=\"product-long-decs\">\n<p>Der Hauptwirkstoff der Rhodiolin Kapsel ist die Rhodiola rosea (Rosenwurz), eine adaptogenische Heilpflanze. Die aktiven Wirkstoffe der Pflanze haben eine <strong>positive Wirkung<\/strong> auf das Zentralnervensystem und dank dessen k\u00f6nnen sich die <strong>Konzentrationsf\u00e4higkeit und auch die geistige und physikalische Leistung erh\u00f6hen<\/strong>. Es kann beim Lernen, Sport, bei Behandlung von Stress helfen, die mentale M\u00fcdigkeit senken und zum besseren allgemeinen Befinden beitragen.<\/p>\n<p>Das mit Zink erg\u00e4nzte Rhodiolin &#8211; Rosenwurz verbessert die Widerstandsf\u00e4higkeit des Organismus gegen Krankheiten, vermindert den Stress und die Symptome der gespannten Lebensweise.<\/p>\n<h4>Wem und wozu empfehlen wir es:<\/h4>\n<ul>\n<li>Denjenigen, die im Alltag erh\u00f6htem Stress ausgesetzt sind,<\/li>\n<li>bei k\u00f6rperlicher und\/oder geistiger Belastung,<\/li>\n<li>zum Bewahren des allgemeinen Energiehaushaltes, der Konzentration,<\/li>\n<li>zur Verbesserung der Widerstandsf\u00e4higkeit des Organismus,<\/li>\n<li>bei leichteren Schlafst\u00f6rungen (F\u00f6rderung des Einschlafens, Durchschlafens).<\/li>\n<\/ul>\n<p>In Sibirien wird der Rosenwurz \u201eGoldene Wurzel\u201c (\u0417\u043e\u043b\u043e\u0442\u043e\u0439 \u041a\u043e\u0440\u0435\u043d\u044c, Solotoy Koren) genannt, denn der Wurzelextrakt soll Erinnerungsverm\u00f6gen, Konzentration und Aufnahmeverm\u00f6gen steigern. Zudem wird er bei Problemen mit Potenzst\u00f6rungen angewandt. Rosenwurz ist eine adaptogene Heilpflanze, die seit langem medizinische Verwendung in russischen, baltischen und skandinavischen L\u00e4ndern findet, sowohl als Tee als auch in Form von Extrakten. <strong>Auch in anderen L\u00e4ndern verbreitet sich die traditionell begr\u00fcndete oder volksheilkundliche Anwendung von Zubereitungen des Rosenwurzrhizoms zur Steigerung der Leistungsf\u00e4higkeit und zum Stressabbau<\/strong>.<\/p>\n<p>KoagKag approval number:4340-0919-3816<\/p>\n<\/div>\n<p><!-- Product Specification --><\/p>\n<table class=\"product_details_body\" border=\"0\" width=\"500\" cellspacing=\"0\" align=\"center\" bgcolor=\"#7CDB8B\">\n<tbody>\n<tr bgcolor=>\n<td height=\"20\"><u>Wirkstoffe\/Kapseln:<\/u><\/td>\n<td width=\"100\"><span class=\"pvdecla\">(View Declaration)<\/span><\/td>\n<td width=\"70\"><span class=\"pd-rda\">*RDA:<\/span><\/td>\n<\/tr>\n<tr>\n<td>Rhodiola Konzentrat (5:1, entspricht 500 mg Pulver)<\/td>\n<td>100 mg<\/td>\n<td><\/td>\n<\/tr>\n<tr>\n<td>Zinc<\/td>\n<td>5 mg<\/td>\n<td>33%<\/td>\n<\/tr>\n<tr>\n<td colspan=\"3\" height=\"10\"><\/td>\n<\/tr>\n<tr bgcolor=>\n<td colspan=\"3\" height=\"20\"><u>Dosierung *RDA:<\/u><\/td>\n<\/tr>\n<tr>\n<td colspan=\"3\" align=\"center\" height=\"15\">1-3 Kapseln t\u00e4glich.<\/td>\n<\/tr>\n<tr bgcolor=>\n<td colspan=\"3\" height=\"20\"><u>Inaktive Inhaltsstoffe, Warnungen und Produktdeklarationen:<\/u><\/td>\n<\/tr>\n<tr>\n<td colspan=\"3\" height=\"10\">Andere Zutaten: mikrokristalline Cellulose, Gelatine<\/td>\n<\/tr>\n<tr>\n<td colspan=\"3\" height=\"10\"><\/td>\n<\/tr>\n<\/tbody>\n<\/table>\n<p><!-- End Product Specification --><\/p>\n<p><!-- Product Declaration --><\/p>\n<div id=\"product-declaration-title\">Nahrungserg\u00e4nzungsmittel<\/div>\n<div class=\"prod-declaration\">\n<div class=\"declar-txt\">\n<p>(* RDA = Tageswert) Die empfohlenen Tagesmengen sollten nicht \u00fcberschritten werden. Das Nahrungserg\u00e4nzungsmittel ist kein Ersatz f\u00fcr eine ausgewogene und abwechslungsreiche Ern\u00e4hrung. Au\u00dferhalb der Reichweite von Kindern aufbewahren.<\/p>\n<\/div>\n<div class=\"declar-img\"><a href=\"https:\/\/nature4me.eu\/wp-content\/themes\/n4mtheme\/images\/declaration\/CV0128_Rhodiolin_EN.pdf\" target=\"_blank\" rel=\"noopener noreferrer\">View Declaration ENG<\/a><\/div>\n<\/div>\n<p><!-- End Product Declaration --><\/p>\n","protected":false},"excerpt":{"rendered":"<p><!-- Short Details --><\/p>\n<div class=\"short-product-desc\">\n<h4 class=\"details_h3\">Stressreduzierung mit Rosenwurz Kapseln<\/h4>\n<\/div>\n","protected":false},"featured_media":7110,"comment_status":"closed","ping_status":"closed","template":"","meta":{"inline_featured_image":false,"_monsterinsights_skip_tracking":false,"_monsterinsights_sitenote_active":false,"_monsterinsights_sitenote_note":"","_monsterinsights_sitenote_category":0},"product_brand":[],"product_cat":[175,157],"product_tag":[],"class_list":{"0":"post-5673","1":"product","2":"type-product","3":"status-publish","4":"has-post-thumbnail","6":"product_cat-meistverkaufte-produkte","7":"product_cat-pflanzenextrakte-de","9":"first","10":"instock","11":"featured","12":"taxable","13":"shipping-taxable","14":"purchasable","15":"product-type-simple"},"yoast_head":"<!-- This site is optimized with the Yoast SEO Premium plugin v21.9 (Yoast SEO v26.6) - https:\/\/yoast.com\/wordpress\/plugins\/seo\/ -->\n<title>Rhodiolin CaliVita Rosenwurz Kapseln<\/title>\n<meta name=\"description\" content=\"Rhodiolin CaliVita Rosenwurz Kapseln (Rhodiola Rosea) Online kaufen. Stressreduzierung Nahrungserg\u00e4nzungsmittel.\" \/>\n<meta name=\"robots\" content=\"index, follow, max-snippet:-1, max-image-preview:large, max-video-preview:-1\" \/>\n<link rel=\"canonical\" href=\"https:\/\/nature4me.eu\/de\/produkt\/rhodiolin\/\" \/>\n<meta property=\"og:locale\" content=\"de_DE\" \/>\n<meta property=\"og:type\" content=\"article\" \/>\n<meta property=\"og:title\" content=\"Rhodiolin (120 Kapseln)\" \/>\n<meta property=\"og:description\" content=\"Rhodiolin CaliVita Rosenwurz Kapseln\" \/>\n<meta property=\"og:url\" content=\"https:\/\/nature4me.eu\/de\/produkt\/rhodiolin\/\" \/>\n<meta property=\"og:site_name\" content=\"CaliVita Nature4me\" \/>\n<meta property=\"article:publisher\" content=\"https:\/\/www.facebook.com\/zdravjeiznarave.eu\" \/>\n<meta property=\"article:modified_time\" content=\"2022-03-09T06:41:54+00:00\" \/>\n<meta property=\"og:image\" content=\"https:\/\/nature4me.eu\/wp-content\/uploads\/2016\/03\/Rhodiolin-1.png\" \/>\n\t<meta property=\"og:image:width\" content=\"200\" \/>\n\t<meta property=\"og:image:height\" content=\"382\" \/>\n\t<meta property=\"og:image:type\" content=\"image\/png\" \/>\n<meta name=\"twitter:card\" content=\"summary_large_image\" \/>\n<meta name=\"twitter:label1\" content=\"Gesch\u00e4tzte Lesezeit\" \/>\n\t<meta name=\"twitter:data1\" content=\"1\u00a0Minute\" \/>\n<script type=\"application\/ld+json\" class=\"yoast-schema-graph\">{\"@context\":\"https:\/\/schema.org\",\"@graph\":[{\"@type\":\"WebPage\",\"@id\":\"https:\/\/nature4me.eu\/de\/produkt\/rhodiolin\/\",\"url\":\"https:\/\/nature4me.eu\/de\/produkt\/rhodiolin\/\",\"name\":\"Rhodiolin CaliVita Rosenwurz Kapseln\",\"isPartOf\":{\"@id\":\"https:\/\/nature4me.eu\/de\/#website\"},\"primaryImageOfPage\":{\"@id\":\"https:\/\/nature4me.eu\/de\/produkt\/rhodiolin\/#primaryimage\"},\"image\":{\"@id\":\"https:\/\/nature4me.eu\/de\/produkt\/rhodiolin\/#primaryimage\"},\"thumbnailUrl\":\"https:\/\/nature4me.eu\/wp-content\/uploads\/2016\/03\/Rhodiolin-1.png\",\"datePublished\":\"2021-08-31T10:13:12+00:00\",\"dateModified\":\"2022-03-09T06:41:54+00:00\",\"description\":\"Rhodiolin CaliVita Rosenwurz Kapseln (Rhodiola Rosea) Online kaufen. Stressreduzierung Nahrungserg\u00e4nzungsmittel.\",\"breadcrumb\":{\"@id\":\"https:\/\/nature4me.eu\/de\/produkt\/rhodiolin\/#breadcrumb\"},\"inLanguage\":\"de\",\"potentialAction\":[{\"@type\":\"ReadAction\",\"target\":[\"https:\/\/nature4me.eu\/de\/produkt\/rhodiolin\/\"]}]},{\"@type\":\"ImageObject\",\"inLanguage\":\"de\",\"@id\":\"https:\/\/nature4me.eu\/de\/produkt\/rhodiolin\/#primaryimage\",\"url\":\"https:\/\/nature4me.eu\/wp-content\/uploads\/2016\/03\/Rhodiolin-1.png\",\"contentUrl\":\"https:\/\/nature4me.eu\/wp-content\/uploads\/2016\/03\/Rhodiolin-1.png\",\"width\":200,\"height\":382,\"caption\":\"Ro\u017eni koren\"},{\"@type\":\"BreadcrumbList\",\"@id\":\"https:\/\/nature4me.eu\/de\/produkt\/rhodiolin\/#breadcrumb\",\"itemListElement\":[{\"@type\":\"ListItem\",\"position\":1,\"name\":\"Po\u010detna stranica\",\"item\":\"https:\/\/nature4me.eu\/de\/\"},{\"@type\":\"ListItem\",\"position\":2,\"name\":\"Webshop\",\"item\":\"https:\/\/nature4me.eu\/de\/shop\/\"},{\"@type\":\"ListItem\",\"position\":3,\"name\":\"Rhodiolin (120 Kapseln)\"}]},{\"@type\":\"WebSite\",\"@id\":\"https:\/\/nature4me.eu\/de\/#website\",\"url\":\"https:\/\/nature4me.eu\/de\/\",\"name\":\"CaliVita Nature4me\",\"description\":\"CaliVita Nature4me\",\"potentialAction\":[{\"@type\":\"SearchAction\",\"target\":{\"@type\":\"EntryPoint\",\"urlTemplate\":\"https:\/\/nature4me.eu\/de\/?s={search_term_string}\"},\"query-input\":{\"@type\":\"PropertyValueSpecification\",\"valueRequired\":true,\"valueName\":\"search_term_string\"}}],\"inLanguage\":\"de\"}]}<\/script>\n<!-- \/ Yoast SEO Premium plugin. -->","yoast_head_json":{"title":"Rhodiolin CaliVita Rosenwurz Kapseln","description":"Rhodiolin CaliVita Rosenwurz Kapseln (Rhodiola Rosea) Online kaufen. Stressreduzierung Nahrungserg\u00e4nzungsmittel.","robots":{"index":"index","follow":"follow","max-snippet":"max-snippet:-1","max-image-preview":"max-image-preview:large","max-video-preview":"max-video-preview:-1"},"canonical":"https:\/\/nature4me.eu\/de\/produkt\/rhodiolin\/","og_locale":"de_DE","og_type":"article","og_title":"Rhodiolin (120 Kapseln)","og_description":"Rhodiolin CaliVita Rosenwurz Kapseln","og_url":"https:\/\/nature4me.eu\/de\/produkt\/rhodiolin\/","og_site_name":"CaliVita Nature4me","article_publisher":"https:\/\/www.facebook.com\/zdravjeiznarave.eu","article_modified_time":"2022-03-09T06:41:54+00:00","og_image":[{"width":200,"height":382,"url":"https:\/\/nature4me.eu\/wp-content\/uploads\/2016\/03\/Rhodiolin-1.png","type":"image\/png"}],"twitter_card":"summary_large_image","twitter_misc":{"Gesch\u00e4tzte Lesezeit":"1\u00a0Minute"},"schema":{"@context":"https:\/\/schema.org","@graph":[{"@type":"WebPage","@id":"https:\/\/nature4me.eu\/de\/produkt\/rhodiolin\/","url":"https:\/\/nature4me.eu\/de\/produkt\/rhodiolin\/","name":"Rhodiolin CaliVita Rosenwurz Kapseln","isPartOf":{"@id":"https:\/\/nature4me.eu\/de\/#website"},"primaryImageOfPage":{"@id":"https:\/\/nature4me.eu\/de\/produkt\/rhodiolin\/#primaryimage"},"image":{"@id":"https:\/\/nature4me.eu\/de\/produkt\/rhodiolin\/#primaryimage"},"thumbnailUrl":"https:\/\/nature4me.eu\/wp-content\/uploads\/2016\/03\/Rhodiolin-1.png","datePublished":"2021-08-31T10:13:12+00:00","dateModified":"2022-03-09T06:41:54+00:00","description":"Rhodiolin CaliVita Rosenwurz Kapseln (Rhodiola Rosea) Online kaufen. Stressreduzierung Nahrungserg\u00e4nzungsmittel.","breadcrumb":{"@id":"https:\/\/nature4me.eu\/de\/produkt\/rhodiolin\/#breadcrumb"},"inLanguage":"de","potentialAction":[{"@type":"ReadAction","target":["https:\/\/nature4me.eu\/de\/produkt\/rhodiolin\/"]}]},{"@type":"ImageObject","inLanguage":"de","@id":"https:\/\/nature4me.eu\/de\/produkt\/rhodiolin\/#primaryimage","url":"https:\/\/nature4me.eu\/wp-content\/uploads\/2016\/03\/Rhodiolin-1.png","contentUrl":"https:\/\/nature4me.eu\/wp-content\/uploads\/2016\/03\/Rhodiolin-1.png","width":200,"height":382,"caption":"Ro\u017eni koren"},{"@type":"BreadcrumbList","@id":"https:\/\/nature4me.eu\/de\/produkt\/rhodiolin\/#breadcrumb","itemListElement":[{"@type":"ListItem","position":1,"name":"Po\u010detna stranica","item":"https:\/\/nature4me.eu\/de\/"},{"@type":"ListItem","position":2,"name":"Webshop","item":"https:\/\/nature4me.eu\/de\/shop\/"},{"@type":"ListItem","position":3,"name":"Rhodiolin (120 Kapseln)"}]},{"@type":"WebSite","@id":"https:\/\/nature4me.eu\/de\/#website","url":"https:\/\/nature4me.eu\/de\/","name":"CaliVita Nature4me","description":"CaliVita Nature4me","potentialAction":[{"@type":"SearchAction","target":{"@type":"EntryPoint","urlTemplate":"https:\/\/nature4me.eu\/de\/?s={search_term_string}"},"query-input":{"@type":"PropertyValueSpecification","valueRequired":true,"valueName":"search_term_string"}}],"inLanguage":"de"}]}},"_links":{"self":[{"href":"https:\/\/nature4me.eu\/de\/wp-json\/wp\/v2\/product\/5673","targetHints":{"allow":["GET"]}}],"collection":[{"href":"https:\/\/nature4me.eu\/de\/wp-json\/wp\/v2\/product"}],"about":[{"href":"https:\/\/nature4me.eu\/de\/wp-json\/wp\/v2\/types\/product"}],"replies":[{"embeddable":true,"href":"https:\/\/nature4me.eu\/de\/wp-json\/wp\/v2\/comments?post=5673"}],"wp:featuredmedia":[{"embeddable":true,"href":"https:\/\/nature4me.eu\/de\/wp-json\/wp\/v2\/media\/7110"}],"wp:attachment":[{"href":"https:\/\/nature4me.eu\/de\/wp-json\/wp\/v2\/media?parent=5673"}],"wp:term":[{"taxonomy":"product_brand","embeddable":true,"href":"https:\/\/nature4me.eu\/de\/wp-json\/wp\/v2\/product_brand?post=5673"},{"taxonomy":"product_cat","embeddable":true,"href":"https:\/\/nature4me.eu\/de\/wp-json\/wp\/v2\/product_cat?post=5673"},{"taxonomy":"product_tag","embeddable":true,"href":"https:\/\/nature4me.eu\/de\/wp-json\/wp\/v2\/product_tag?post=5673"}],"curies":[{"name":"wp","href":"https:\/\/api.w.org\/{rel}","templated":true}]}}