{"id":5677,"date":"2016-03-07T17:39:06","date_gmt":"2021-09-01T06:45:33","guid":{"rendered":"https:\/\/nature4me.eu\/?post_type=product&#038;p=5677"},"modified":"2021-12-13T10:52:33","modified_gmt":"2021-12-13T08:52:33","slug":"pro-stp","status":"publish","type":"product","link":"https:\/\/nature4me.eu\/de\/produkt\/pro-stp\/","title":{"rendered":"Pro-STP (60 Kapseln)"},"content":{"rendered":"<div id=\"product-long-decs\">\n<p>Die gutartige Prostatavergr\u00f6\u00dferung<span lang=\"de-DE\"> kann bei \u00e4lteren M\u00e4nnern unangenehme Beschwerden (h\u00e4ufiges Wasser lassen in der Nacht, sp\u00e4ter am Tag) verursachen, aber diese k\u00f6nnen mit nat\u00fcrlichen Erzeugnissen wirksam behandelt werden. Die Extrakte aus S\u00e4gepalme und Brennnessel mit Gro\u00dfbl\u00e4ttern k\u00f6nnen die Symptome senken, die bei Prostatavergr\u00f6\u00dferung, bei Entz\u00fcndung entstehen.<\/span>Der Phytosterol-Komplex ist ein Gemisch aus chemischen Verbindungen mit heilsamer Wirkung, welche in der Lage sind, die Enzyme zu hemmen, die f\u00fcr die Prostatavergr\u00f6\u00dferung verantwortlich sind. Die Brennnessel hat eine harntreibende und reinigende Wirkung. Das Zink und das Selen sind nicht nur eine antioxidative Wirkung, sondern sie k\u00f6nnen auch zur angemessenen Funktion der m\u00e4nnlichen Geschlechtsorgane beitragen.<\/p>\n<h4>Wem und wozu empfehlen wir es:<\/h4>\n<ul>\n<li>Bei Prostataproblemen zur Minderung der Symptome,<\/li>\n<li>f\u00fcr M\u00e4nner \u00fcber 40 zur Vorbeugung der Prostataprobleme.<\/li>\n<\/ul>\n<\/div>\n<p><!-- Product Specification --><\/p>\n<div id=\"wmark\">\n<div class=\"wmark-bckg\">nature4me.eu<\/div>\n<\/div>\n<table class=\"product_details_body\" border=\"0\" width=\"500\" cellspacing=\"0\" align=\"center\" bgcolor=\"#7CDB8B\">\n<tbody>\n<tr bgcolor=\"#3c8b47\">\n<td height=\"20\"><u>Wirkstoffe Tablette\/Kapsel:<\/u><\/td>\n<td width=\"100\"><span class=\"pvdecla\">(View Declaration)<\/span><\/td>\n<td width=\"70\"><span class=\"pd-rda\">*RDA:<\/span><\/td>\n<\/tr>\n<tr>\n<td>S\u00e4gepalmebeeren extract (std. 45% EFA und Sterinen)<\/td>\n<td>300 mg<\/td>\n<td><\/td>\n<\/tr>\n<tr>\n<td>Extrakt aus dem Blatt der Gro\u00dfen Brennnessel<\/td>\n<td>150 mg<\/td>\n<td><\/td>\n<\/tr>\n<tr>\n<td>Lein\u00f6l<\/td>\n<td>150 mg<\/td>\n<td><\/td>\n<\/tr>\n<tr>\n<td>Phytosterol-Komplex (40% \u03b2-Sitosterol)<\/td>\n<td>100 mg<\/td>\n<td><\/td>\n<\/tr>\n<tr>\n<td>Zink<\/td>\n<td>15 mg<\/td>\n<td>100%<\/td>\n<\/tr>\n<tr>\n<td>Likopin<\/td>\n<td>2,5 mg<\/td>\n<td><\/td>\n<\/tr>\n<tr>\n<td>Bioperin<\/td>\n<td>1 mg<\/td>\n<td><\/td>\n<\/tr>\n<tr>\n<td>Selen<\/td>\n<td>80 mcg<\/td>\n<td>114%<\/td>\n<\/tr>\n<tr>\n<td colspan=\"3\" height=\"10\"><\/td>\n<\/tr>\n<tr bgcolor=\"#3c8b47\">\n<td colspan=\"3\" height=\"20\"><u>Dosierung *RDA:<\/u><\/td>\n<\/tr>\n<tr>\n<td colspan=\"3\" align=\"center\" height=\"15\">2 Tabletten t\u00e4glich.<\/td>\n<\/tr>\n<tr bgcolor=\"#3c8b47\">\n<td colspan=\"3\" height=\"20\"><u>Inaktive Inhaltsstoffe, Warnungen und Produktdeklarationen:<\/u><\/td>\n<\/tr>\n<tr>\n<td colspan=\"3\" height=\"10\">Andere Zutaten:C<\/td>\n<\/tr>\n<tr>\n<td colspan=\"3\" height=\"10\"><\/td>\n<\/tr>\n<\/tbody>\n<\/table>\n<p><!-- End Product Specification --><\/p>\n<p><!-- Product Declaration --><\/p>\n<div id=\"product-declaration-title\">Nahrungserg\u00e4nzungsmittel<\/div>\n<div class=\"prod-declaration\">\n<div class=\"declar-txt\">\n<p>(* RDA = Tageswert) Die empfohlenen Tagesmengen sollten nicht \u00fcberschritten werden. Das Nahrungserg\u00e4nzungsmittel ist kein Ersatz f\u00fcr eine ausgewogene und abwechslungsreiche Ern\u00e4hrung. Au\u00dferhalb der Reichweite von Kindern aufbewahren.<\/p>\n<\/div>\n<div class=\"declar-img\"><a href=\"https:\/\/nature4me.eu\/wp-content\/themes\/n4mtheme\/images\/declaration\/CV0204_Pro-STP_EN.pdf\" target=\"_blank\" rel=\"noopener\">View Declaration ENG<\/a><\/div>\n<\/div>\n<p><!-- End Product Declaration --><\/p>\n","protected":false},"excerpt":{"rendered":"<p><!-- Short Details --><\/p>\n<div class=\"short-product-desc\">\n<h2 class=\"short-product-desc\">Prostataschutz<\/h2>\n<\/div>\n","protected":false},"featured_media":7551,"comment_status":"closed","ping_status":"closed","template":"","meta":{"inline_featured_image":false,"_monsterinsights_skip_tracking":false,"_monsterinsights_sitenote_active":false,"_monsterinsights_sitenote_note":"","_monsterinsights_sitenote_category":0},"product_brand":[],"product_cat":[157],"product_tag":[],"class_list":{"0":"post-5677","1":"product","2":"type-product","3":"status-publish","4":"has-post-thumbnail","6":"product_cat-pflanzenextrakte-de","8":"first","9":"instock","10":"taxable","11":"shipping-taxable","12":"purchasable","13":"product-type-simple"},"yoast_head":"<!-- This site is optimized with the Yoast SEO Premium plugin v21.9 (Yoast SEO v26.6) - https:\/\/yoast.com\/wordpress\/plugins\/seo\/ -->\n<title>Pro STP Prostataschutz<\/title>\n<meta name=\"description\" content=\"Pro-STP Calivita Prostataschutz mit Extrakte aus S\u00e4gepalme und Brennnessel mit Gro\u00dfbl\u00e4ttern\" \/>\n<meta name=\"robots\" content=\"index, follow, max-snippet:-1, max-image-preview:large, max-video-preview:-1\" \/>\n<link rel=\"canonical\" href=\"https:\/\/nature4me.eu\/de\/produkt\/pro-stp\/\" \/>\n<meta property=\"og:locale\" content=\"de_DE\" \/>\n<meta property=\"og:type\" content=\"article\" \/>\n<meta property=\"og:title\" content=\"Pro-STP (60 Kapseln)\" \/>\n<meta property=\"og:description\" content=\"Pro-STP Calivita Prostataschutz mit Extrakte aus S\u00e4gepalme und Brennnessel mit Gro\u00dfbl\u00e4ttern\" \/>\n<meta property=\"og:url\" content=\"https:\/\/nature4me.eu\/de\/produkt\/pro-stp\/\" \/>\n<meta property=\"og:site_name\" content=\"CaliVita Nature4me\" \/>\n<meta property=\"article:publisher\" content=\"https:\/\/www.facebook.com\/zdravjeiznarave.eu\" \/>\n<meta property=\"article:modified_time\" content=\"2021-12-13T08:52:33+00:00\" \/>\n<meta property=\"og:image\" content=\"https:\/\/nature4me.eu\/wp-content\/uploads\/2016\/03\/Pro-STP.png\" \/>\n\t<meta property=\"og:image:width\" content=\"200\" \/>\n\t<meta property=\"og:image:height\" content=\"361\" \/>\n\t<meta property=\"og:image:type\" content=\"image\/png\" \/>\n<meta name=\"twitter:card\" content=\"summary_large_image\" \/>\n<meta name=\"twitter:label1\" content=\"Gesch\u00e4tzte Lesezeit\" \/>\n\t<meta name=\"twitter:data1\" content=\"1\u00a0Minute\" \/>\n<script type=\"application\/ld+json\" class=\"yoast-schema-graph\">{\"@context\":\"https:\/\/schema.org\",\"@graph\":[{\"@type\":\"WebPage\",\"@id\":\"https:\/\/nature4me.eu\/de\/produkt\/pro-stp\/\",\"url\":\"https:\/\/nature4me.eu\/de\/produkt\/pro-stp\/\",\"name\":\"Pro STP Prostataschutz\",\"isPartOf\":{\"@id\":\"https:\/\/nature4me.eu\/de\/#website\"},\"primaryImageOfPage\":{\"@id\":\"https:\/\/nature4me.eu\/de\/produkt\/pro-stp\/#primaryimage\"},\"image\":{\"@id\":\"https:\/\/nature4me.eu\/de\/produkt\/pro-stp\/#primaryimage\"},\"thumbnailUrl\":\"https:\/\/nature4me.eu\/wp-content\/uploads\/2016\/03\/Pro-STP.png\",\"datePublished\":\"2021-09-01T06:45:33+00:00\",\"dateModified\":\"2021-12-13T08:52:33+00:00\",\"description\":\"Pro-STP Calivita Prostataschutz mit Extrakte aus S\u00e4gepalme und Brennnessel mit Gro\u00dfbl\u00e4ttern\",\"breadcrumb\":{\"@id\":\"https:\/\/nature4me.eu\/de\/produkt\/pro-stp\/#breadcrumb\"},\"inLanguage\":\"de\",\"potentialAction\":[{\"@type\":\"ReadAction\",\"target\":[\"https:\/\/nature4me.eu\/de\/produkt\/pro-stp\/\"]}]},{\"@type\":\"ImageObject\",\"inLanguage\":\"de\",\"@id\":\"https:\/\/nature4me.eu\/de\/produkt\/pro-stp\/#primaryimage\",\"url\":\"https:\/\/nature4me.eu\/wp-content\/uploads\/2016\/03\/Pro-STP.png\",\"contentUrl\":\"https:\/\/nature4me.eu\/wp-content\/uploads\/2016\/03\/Pro-STP.png\",\"width\":200,\"height\":361,\"caption\":\"Pripravek za prostato\"},{\"@type\":\"BreadcrumbList\",\"@id\":\"https:\/\/nature4me.eu\/de\/produkt\/pro-stp\/#breadcrumb\",\"itemListElement\":[{\"@type\":\"ListItem\",\"position\":1,\"name\":\"Po\u010detna stranica\",\"item\":\"https:\/\/nature4me.eu\/de\/\"},{\"@type\":\"ListItem\",\"position\":2,\"name\":\"Webshop\",\"item\":\"https:\/\/nature4me.eu\/de\/shop\/\"},{\"@type\":\"ListItem\",\"position\":3,\"name\":\"Pro-STP (60 Kapseln)\"}]},{\"@type\":\"WebSite\",\"@id\":\"https:\/\/nature4me.eu\/de\/#website\",\"url\":\"https:\/\/nature4me.eu\/de\/\",\"name\":\"CaliVita Nature4me\",\"description\":\"CaliVita Nature4me\",\"potentialAction\":[{\"@type\":\"SearchAction\",\"target\":{\"@type\":\"EntryPoint\",\"urlTemplate\":\"https:\/\/nature4me.eu\/de\/?s={search_term_string}\"},\"query-input\":{\"@type\":\"PropertyValueSpecification\",\"valueRequired\":true,\"valueName\":\"search_term_string\"}}],\"inLanguage\":\"de\"}]}<\/script>\n<!-- \/ Yoast SEO Premium plugin. -->","yoast_head_json":{"title":"Pro STP Prostataschutz","description":"Pro-STP Calivita Prostataschutz mit Extrakte aus S\u00e4gepalme und Brennnessel mit Gro\u00dfbl\u00e4ttern","robots":{"index":"index","follow":"follow","max-snippet":"max-snippet:-1","max-image-preview":"max-image-preview:large","max-video-preview":"max-video-preview:-1"},"canonical":"https:\/\/nature4me.eu\/de\/produkt\/pro-stp\/","og_locale":"de_DE","og_type":"article","og_title":"Pro-STP (60 Kapseln)","og_description":"Pro-STP Calivita Prostataschutz mit Extrakte aus S\u00e4gepalme und Brennnessel mit Gro\u00dfbl\u00e4ttern","og_url":"https:\/\/nature4me.eu\/de\/produkt\/pro-stp\/","og_site_name":"CaliVita Nature4me","article_publisher":"https:\/\/www.facebook.com\/zdravjeiznarave.eu","article_modified_time":"2021-12-13T08:52:33+00:00","og_image":[{"width":200,"height":361,"url":"https:\/\/nature4me.eu\/wp-content\/uploads\/2016\/03\/Pro-STP.png","type":"image\/png"}],"twitter_card":"summary_large_image","twitter_misc":{"Gesch\u00e4tzte Lesezeit":"1\u00a0Minute"},"schema":{"@context":"https:\/\/schema.org","@graph":[{"@type":"WebPage","@id":"https:\/\/nature4me.eu\/de\/produkt\/pro-stp\/","url":"https:\/\/nature4me.eu\/de\/produkt\/pro-stp\/","name":"Pro STP Prostataschutz","isPartOf":{"@id":"https:\/\/nature4me.eu\/de\/#website"},"primaryImageOfPage":{"@id":"https:\/\/nature4me.eu\/de\/produkt\/pro-stp\/#primaryimage"},"image":{"@id":"https:\/\/nature4me.eu\/de\/produkt\/pro-stp\/#primaryimage"},"thumbnailUrl":"https:\/\/nature4me.eu\/wp-content\/uploads\/2016\/03\/Pro-STP.png","datePublished":"2021-09-01T06:45:33+00:00","dateModified":"2021-12-13T08:52:33+00:00","description":"Pro-STP Calivita Prostataschutz mit Extrakte aus S\u00e4gepalme und Brennnessel mit Gro\u00dfbl\u00e4ttern","breadcrumb":{"@id":"https:\/\/nature4me.eu\/de\/produkt\/pro-stp\/#breadcrumb"},"inLanguage":"de","potentialAction":[{"@type":"ReadAction","target":["https:\/\/nature4me.eu\/de\/produkt\/pro-stp\/"]}]},{"@type":"ImageObject","inLanguage":"de","@id":"https:\/\/nature4me.eu\/de\/produkt\/pro-stp\/#primaryimage","url":"https:\/\/nature4me.eu\/wp-content\/uploads\/2016\/03\/Pro-STP.png","contentUrl":"https:\/\/nature4me.eu\/wp-content\/uploads\/2016\/03\/Pro-STP.png","width":200,"height":361,"caption":"Pripravek za prostato"},{"@type":"BreadcrumbList","@id":"https:\/\/nature4me.eu\/de\/produkt\/pro-stp\/#breadcrumb","itemListElement":[{"@type":"ListItem","position":1,"name":"Po\u010detna stranica","item":"https:\/\/nature4me.eu\/de\/"},{"@type":"ListItem","position":2,"name":"Webshop","item":"https:\/\/nature4me.eu\/de\/shop\/"},{"@type":"ListItem","position":3,"name":"Pro-STP (60 Kapseln)"}]},{"@type":"WebSite","@id":"https:\/\/nature4me.eu\/de\/#website","url":"https:\/\/nature4me.eu\/de\/","name":"CaliVita Nature4me","description":"CaliVita Nature4me","potentialAction":[{"@type":"SearchAction","target":{"@type":"EntryPoint","urlTemplate":"https:\/\/nature4me.eu\/de\/?s={search_term_string}"},"query-input":{"@type":"PropertyValueSpecification","valueRequired":true,"valueName":"search_term_string"}}],"inLanguage":"de"}]}},"_links":{"self":[{"href":"https:\/\/nature4me.eu\/de\/wp-json\/wp\/v2\/product\/5677","targetHints":{"allow":["GET"]}}],"collection":[{"href":"https:\/\/nature4me.eu\/de\/wp-json\/wp\/v2\/product"}],"about":[{"href":"https:\/\/nature4me.eu\/de\/wp-json\/wp\/v2\/types\/product"}],"replies":[{"embeddable":true,"href":"https:\/\/nature4me.eu\/de\/wp-json\/wp\/v2\/comments?post=5677"}],"wp:featuredmedia":[{"embeddable":true,"href":"https:\/\/nature4me.eu\/de\/wp-json\/wp\/v2\/media\/7551"}],"wp:attachment":[{"href":"https:\/\/nature4me.eu\/de\/wp-json\/wp\/v2\/media?parent=5677"}],"wp:term":[{"taxonomy":"product_brand","embeddable":true,"href":"https:\/\/nature4me.eu\/de\/wp-json\/wp\/v2\/product_brand?post=5677"},{"taxonomy":"product_cat","embeddable":true,"href":"https:\/\/nature4me.eu\/de\/wp-json\/wp\/v2\/product_cat?post=5677"},{"taxonomy":"product_tag","embeddable":true,"href":"https:\/\/nature4me.eu\/de\/wp-json\/wp\/v2\/product_tag?post=5677"}],"curies":[{"name":"wp","href":"https:\/\/api.w.org\/{rel}","templated":true}]}}