{"id":5681,"date":"2016-03-06T11:50:50","date_gmt":"2021-09-01T07:04:11","guid":{"rendered":"https:\/\/nature4me.eu\/?post_type=product&#038;p=5681"},"modified":"2022-03-09T08:28:05","modified_gmt":"2022-03-09T06:28:05","slug":"power-mins-mineral-complex","status":"publish","type":"product","link":"https:\/\/nature4me.eu\/de\/produkt\/power-mins-mineral-complex\/","title":{"rendered":"Power Mins (100 Tabletten)"},"content":{"rendered":"<div id=\"product-long-decs\">Es gibt in unserem Organismus keine Prozesse, an denen irgendein Mineralstoff nicht teilnimmt. Das Power Mins enth\u00e4lt die notwendigsten 10 Mineralstoffe, die zur t\u00e4glichen Funktion aller unserer Zellen notwendig sind.<\/p>\n<h4>Wem und wozu empfehlen wir es:<\/h4>\n<ul>\n<li>Sportlern und denjenigen, die physikalische Arbeit leisten, wegen Schwitzen,<\/li>\n<li>denjenigen, die die Erg\u00e4nzung von mindestens zwei Mineralstoffen ben\u00f6tigen,<\/li>\n<li>denjenigen, die Vitamine nehmen, zur besseren wohltuenden Wirkung von Vitaminen,<\/li>\n<li>denjenigen, die je nach einer Krankheit ihren Organismus wieder verst\u00e4rken m\u00f6chten.<\/li>\n<\/ul>\n<\/div>\n<p>KoagKag approval number: 4340-0519-1808<br \/>\n<!-- Product Specification --><\/p>\n<div id=\"wmark\">\n<div class=\"wmark-bckg\">nature4me.eu<\/div>\n<\/div>\n<p>&nbsp;<\/p>\n<table class=\"product_details_body\" border=\"0\" width=\"500\" cellspacing=\"0\" align=\"center\" bgcolor=\"#7CDB8B\">\n<tbody>\n<tr bgcolor=>\n<td height=\"20\"><u>Wirkstoffe Tablette\/Kapsel:<\/u><\/td>\n<td width=\"100\"><span class=\"pvdecla\">(View Declaration)<\/span><\/td>\n<td width=\"70\"><span class=\"pd-rda\">*RDA:<\/span><\/td>\n<\/tr>\n<tr>\n<td>Kalzium<\/td>\n<td>500 mg<\/td>\n<td>50%<\/td>\n<\/tr>\n<tr>\n<td>Magnesium<\/td>\n<td>300 mg<\/td>\n<td>75%<\/td>\n<\/tr>\n<tr>\n<td>Zink<\/td>\n<td>15 mg<\/td>\n<td>100%<\/td>\n<\/tr>\n<tr>\n<td>Mangan<\/td>\n<td>8 mg<\/td>\n<td>400%<\/td>\n<\/tr>\n<tr>\n<td>Eisen<\/td>\n<td>8 mg<\/td>\n<td>44%<\/td>\n<\/tr>\n<tr>\n<td>Kupfer<\/td>\n<td>1 mg<\/td>\n<td>50%<\/td>\n<\/tr>\n<tr>\n<td>Molybd\u00e4n<\/td>\n<td>250 mcg<\/td>\n<td>333%<\/td>\n<\/tr>\n<tr>\n<td>Jod<\/td>\n<td>100 mcg<\/td>\n<td>67%<\/td>\n<\/tr>\n<tr>\n<td>Chrom<\/td>\n<td>100 mcg<\/td>\n<td>83%<\/td>\n<\/tr>\n<tr>\n<td>Selen<\/td>\n<td>40 mcg<\/td>\n<td>57%<\/td>\n<\/tr>\n<tr>\n<td colspan=\"3\" height=\"10\"><\/td>\n<\/tr>\n<tr bgcolor=>\n<td colspan=\"3\" height=\"20\"><u>Dosierung *RDA:<\/u><\/td>\n<\/tr>\n<tr>\n<td colspan=\"3\" align=\"center\" height=\"15\">2-4 Tabletten t\u00e4glich.<\/td>\n<\/tr>\n<tr bgcolor=>\n<td colspan=\"3\" height=\"20\"><u>Inaktive Inhaltsstoffe, Warnungen und Produktdeklarationen:<\/u><\/td>\n<\/tr>\n<tr>\n<td colspan=\"3\" height=\"10\">Andere Zutaten:<\/td>\n<\/tr>\n<tr>\n<td colspan=\"3\" height=\"10\"><\/td>\n<\/tr>\n<\/tbody>\n<\/table>\n<p><!-- End Product Specification --><\/p>\n<p><!-- Product Declaration --><\/p>\n<div id=\"product-declaration-title\">Nahrungserg\u00e4nzungsmittel<\/div>\n<div class=\"prod-declaration\">\n<div class=\"declar-txt\">\n<p>(* RDA = Tageswert) Die empfohlenen Tagesmengen sollten nicht \u00fcberschritten werden. Das Nahrungserg\u00e4nzungsmittel ist kein Ersatz f\u00fcr eine ausgewogene und abwechslungsreiche Ern\u00e4hrung. Au\u00dferhalb der Reichweite von Kindern aufbewahren.<\/p>\n<\/div>\n<div class=\"declar-img\"><a href=\"https:\/\/nature4me.eu\/wp-content\/themes\/n4mtheme\/images\/declaration\/FL0066_Power_Mins_EN.pdf\" target=\"_blank\" rel=\"noopener\">View Declaration ENG<\/a><\/div>\n<\/div>\n<p><!-- End Product Declaration --><\/p>\n","protected":false},"excerpt":{"rendered":"<p><!-- Short Details --><\/p>\n<div class=\"short-product-desc\">\n<h2 class=\"short-product-desc\">Mineralkomplex<\/h2>\n<\/div>\n","protected":false},"featured_media":7563,"comment_status":"closed","ping_status":"closed","template":"","meta":{"inline_featured_image":false,"_monsterinsights_skip_tracking":false,"_monsterinsights_sitenote_active":false,"_monsterinsights_sitenote_note":"","_monsterinsights_sitenote_category":0},"product_brand":[],"product_cat":[159],"product_tag":[],"class_list":{"0":"post-5681","1":"product","2":"type-product","3":"status-publish","4":"has-post-thumbnail","6":"product_cat-mineralien-de","8":"first","9":"instock","10":"taxable","11":"shipping-taxable","12":"purchasable","13":"product-type-simple"},"yoast_head":"<!-- This site is optimized with the Yoast SEO Premium plugin v21.9 (Yoast SEO v26.6) - https:\/\/yoast.com\/wordpress\/plugins\/seo\/ -->\n<title>Power Mins Mineral Complex<\/title>\n<meta name=\"description\" content=\"Power Mins Calivita enth\u00e4lt die notwendigsten 10 Mineralstoffe.\" \/>\n<meta name=\"robots\" content=\"index, follow, max-snippet:-1, max-image-preview:large, max-video-preview:-1\" \/>\n<link rel=\"canonical\" href=\"https:\/\/nature4me.eu\/de\/produkt\/power-mins-mineral-complex\/\" \/>\n<meta property=\"og:locale\" content=\"de_DE\" \/>\n<meta property=\"og:type\" content=\"article\" \/>\n<meta property=\"og:title\" content=\"Power Mins (100 Tabletten)\" \/>\n<meta property=\"og:description\" content=\"Power Mins Calivita enth\u00e4lt die notwendigsten 10 Mineralstoffe.\" \/>\n<meta property=\"og:url\" content=\"https:\/\/nature4me.eu\/de\/produkt\/power-mins-mineral-complex\/\" \/>\n<meta property=\"og:site_name\" content=\"CaliVita Nature4me\" \/>\n<meta property=\"article:publisher\" content=\"https:\/\/www.facebook.com\/zdravjeiznarave.eu\" \/>\n<meta property=\"article:modified_time\" content=\"2022-03-09T06:28:05+00:00\" \/>\n<meta property=\"og:image\" content=\"https:\/\/nature4me.eu\/wp-content\/uploads\/2016\/03\/Power-Mins-1.png\" \/>\n\t<meta property=\"og:image:width\" content=\"164\" \/>\n\t<meta property=\"og:image:height\" content=\"300\" \/>\n\t<meta property=\"og:image:type\" content=\"image\/png\" \/>\n<meta name=\"twitter:card\" content=\"summary_large_image\" \/>\n<meta name=\"twitter:label1\" content=\"Gesch\u00e4tzte Lesezeit\" \/>\n\t<meta name=\"twitter:data1\" content=\"1\u00a0Minute\" \/>\n<script type=\"application\/ld+json\" class=\"yoast-schema-graph\">{\"@context\":\"https:\/\/schema.org\",\"@graph\":[{\"@type\":\"WebPage\",\"@id\":\"https:\/\/nature4me.eu\/de\/produkt\/power-mins-mineral-complex\/\",\"url\":\"https:\/\/nature4me.eu\/de\/produkt\/power-mins-mineral-complex\/\",\"name\":\"Power Mins Mineral Complex\",\"isPartOf\":{\"@id\":\"https:\/\/nature4me.eu\/de\/#website\"},\"primaryImageOfPage\":{\"@id\":\"https:\/\/nature4me.eu\/de\/produkt\/power-mins-mineral-complex\/#primaryimage\"},\"image\":{\"@id\":\"https:\/\/nature4me.eu\/de\/produkt\/power-mins-mineral-complex\/#primaryimage\"},\"thumbnailUrl\":\"https:\/\/nature4me.eu\/wp-content\/uploads\/2016\/03\/Power-Mins-1.png\",\"datePublished\":\"2021-09-01T07:04:11+00:00\",\"dateModified\":\"2022-03-09T06:28:05+00:00\",\"description\":\"Power Mins Calivita enth\u00e4lt die notwendigsten 10 Mineralstoffe.\",\"breadcrumb\":{\"@id\":\"https:\/\/nature4me.eu\/de\/produkt\/power-mins-mineral-complex\/#breadcrumb\"},\"inLanguage\":\"de\",\"potentialAction\":[{\"@type\":\"ReadAction\",\"target\":[\"https:\/\/nature4me.eu\/de\/produkt\/power-mins-mineral-complex\/\"]}]},{\"@type\":\"ImageObject\",\"inLanguage\":\"de\",\"@id\":\"https:\/\/nature4me.eu\/de\/produkt\/power-mins-mineral-complex\/#primaryimage\",\"url\":\"https:\/\/nature4me.eu\/wp-content\/uploads\/2016\/03\/Power-Mins-1.png\",\"contentUrl\":\"https:\/\/nature4me.eu\/wp-content\/uploads\/2016\/03\/Power-Mins-1.png\",\"width\":164,\"height\":300,\"caption\":\"kompleks mineralov\"},{\"@type\":\"BreadcrumbList\",\"@id\":\"https:\/\/nature4me.eu\/de\/produkt\/power-mins-mineral-complex\/#breadcrumb\",\"itemListElement\":[{\"@type\":\"ListItem\",\"position\":1,\"name\":\"Po\u010detna stranica\",\"item\":\"https:\/\/nature4me.eu\/de\/\"},{\"@type\":\"ListItem\",\"position\":2,\"name\":\"Webshop\",\"item\":\"https:\/\/nature4me.eu\/de\/shop\/\"},{\"@type\":\"ListItem\",\"position\":3,\"name\":\"Power Mins (100 Tabletten)\"}]},{\"@type\":\"WebSite\",\"@id\":\"https:\/\/nature4me.eu\/de\/#website\",\"url\":\"https:\/\/nature4me.eu\/de\/\",\"name\":\"CaliVita Nature4me\",\"description\":\"CaliVita Nature4me\",\"potentialAction\":[{\"@type\":\"SearchAction\",\"target\":{\"@type\":\"EntryPoint\",\"urlTemplate\":\"https:\/\/nature4me.eu\/de\/?s={search_term_string}\"},\"query-input\":{\"@type\":\"PropertyValueSpecification\",\"valueRequired\":true,\"valueName\":\"search_term_string\"}}],\"inLanguage\":\"de\"}]}<\/script>\n<!-- \/ Yoast SEO Premium plugin. -->","yoast_head_json":{"title":"Power Mins Mineral Complex","description":"Power Mins Calivita enth\u00e4lt die notwendigsten 10 Mineralstoffe.","robots":{"index":"index","follow":"follow","max-snippet":"max-snippet:-1","max-image-preview":"max-image-preview:large","max-video-preview":"max-video-preview:-1"},"canonical":"https:\/\/nature4me.eu\/de\/produkt\/power-mins-mineral-complex\/","og_locale":"de_DE","og_type":"article","og_title":"Power Mins (100 Tabletten)","og_description":"Power Mins Calivita enth\u00e4lt die notwendigsten 10 Mineralstoffe.","og_url":"https:\/\/nature4me.eu\/de\/produkt\/power-mins-mineral-complex\/","og_site_name":"CaliVita Nature4me","article_publisher":"https:\/\/www.facebook.com\/zdravjeiznarave.eu","article_modified_time":"2022-03-09T06:28:05+00:00","og_image":[{"width":164,"height":300,"url":"https:\/\/nature4me.eu\/wp-content\/uploads\/2016\/03\/Power-Mins-1.png","type":"image\/png"}],"twitter_card":"summary_large_image","twitter_misc":{"Gesch\u00e4tzte Lesezeit":"1\u00a0Minute"},"schema":{"@context":"https:\/\/schema.org","@graph":[{"@type":"WebPage","@id":"https:\/\/nature4me.eu\/de\/produkt\/power-mins-mineral-complex\/","url":"https:\/\/nature4me.eu\/de\/produkt\/power-mins-mineral-complex\/","name":"Power Mins Mineral Complex","isPartOf":{"@id":"https:\/\/nature4me.eu\/de\/#website"},"primaryImageOfPage":{"@id":"https:\/\/nature4me.eu\/de\/produkt\/power-mins-mineral-complex\/#primaryimage"},"image":{"@id":"https:\/\/nature4me.eu\/de\/produkt\/power-mins-mineral-complex\/#primaryimage"},"thumbnailUrl":"https:\/\/nature4me.eu\/wp-content\/uploads\/2016\/03\/Power-Mins-1.png","datePublished":"2021-09-01T07:04:11+00:00","dateModified":"2022-03-09T06:28:05+00:00","description":"Power Mins Calivita enth\u00e4lt die notwendigsten 10 Mineralstoffe.","breadcrumb":{"@id":"https:\/\/nature4me.eu\/de\/produkt\/power-mins-mineral-complex\/#breadcrumb"},"inLanguage":"de","potentialAction":[{"@type":"ReadAction","target":["https:\/\/nature4me.eu\/de\/produkt\/power-mins-mineral-complex\/"]}]},{"@type":"ImageObject","inLanguage":"de","@id":"https:\/\/nature4me.eu\/de\/produkt\/power-mins-mineral-complex\/#primaryimage","url":"https:\/\/nature4me.eu\/wp-content\/uploads\/2016\/03\/Power-Mins-1.png","contentUrl":"https:\/\/nature4me.eu\/wp-content\/uploads\/2016\/03\/Power-Mins-1.png","width":164,"height":300,"caption":"kompleks mineralov"},{"@type":"BreadcrumbList","@id":"https:\/\/nature4me.eu\/de\/produkt\/power-mins-mineral-complex\/#breadcrumb","itemListElement":[{"@type":"ListItem","position":1,"name":"Po\u010detna stranica","item":"https:\/\/nature4me.eu\/de\/"},{"@type":"ListItem","position":2,"name":"Webshop","item":"https:\/\/nature4me.eu\/de\/shop\/"},{"@type":"ListItem","position":3,"name":"Power Mins (100 Tabletten)"}]},{"@type":"WebSite","@id":"https:\/\/nature4me.eu\/de\/#website","url":"https:\/\/nature4me.eu\/de\/","name":"CaliVita Nature4me","description":"CaliVita Nature4me","potentialAction":[{"@type":"SearchAction","target":{"@type":"EntryPoint","urlTemplate":"https:\/\/nature4me.eu\/de\/?s={search_term_string}"},"query-input":{"@type":"PropertyValueSpecification","valueRequired":true,"valueName":"search_term_string"}}],"inLanguage":"de"}]}},"_links":{"self":[{"href":"https:\/\/nature4me.eu\/de\/wp-json\/wp\/v2\/product\/5681","targetHints":{"allow":["GET"]}}],"collection":[{"href":"https:\/\/nature4me.eu\/de\/wp-json\/wp\/v2\/product"}],"about":[{"href":"https:\/\/nature4me.eu\/de\/wp-json\/wp\/v2\/types\/product"}],"replies":[{"embeddable":true,"href":"https:\/\/nature4me.eu\/de\/wp-json\/wp\/v2\/comments?post=5681"}],"wp:featuredmedia":[{"embeddable":true,"href":"https:\/\/nature4me.eu\/de\/wp-json\/wp\/v2\/media\/7563"}],"wp:attachment":[{"href":"https:\/\/nature4me.eu\/de\/wp-json\/wp\/v2\/media?parent=5681"}],"wp:term":[{"taxonomy":"product_brand","embeddable":true,"href":"https:\/\/nature4me.eu\/de\/wp-json\/wp\/v2\/product_brand?post=5681"},{"taxonomy":"product_cat","embeddable":true,"href":"https:\/\/nature4me.eu\/de\/wp-json\/wp\/v2\/product_cat?post=5681"},{"taxonomy":"product_tag","embeddable":true,"href":"https:\/\/nature4me.eu\/de\/wp-json\/wp\/v2\/product_tag?post=5681"}],"curies":[{"name":"wp","href":"https:\/\/api.w.org\/{rel}","templated":true}]}}