{"id":5683,"date":"2016-03-06T10:22:14","date_gmt":"2021-09-01T07:07:17","guid":{"rendered":"https:\/\/nature4me.eu\/?post_type=product&#038;p=5683"},"modified":"2023-01-18T10:02:41","modified_gmt":"2023-01-18T08:02:41","slug":"paraprotex","status":"publish","type":"product","link":"https:\/\/nature4me.eu\/de\/produkt\/paraprotex\/","title":{"rendered":"ParaProtex (100 Tabletten)"},"content":{"rendered":"<div id=\"product-long-decs\">\n<p>Das ParaProtex ist ein einzigartiges Pr\u00e4parat (rezeptfrei) mit einem breiten Spektrum, das den Schutz des Organismus vor Bakterien, W\u00fcrmer, Pilzen, Viren auf nat\u00fcrliche Weise unterst\u00fctzt. Es ist eine <strong>effektive Hilfe<\/strong> bei Infektionen im Verdauungssystem, <strong>gegen parasiten<\/strong> es bewahrt die gesunde Darmflora und es st\u00e4rkt das Immunsystem durch die Darmschleimhaut.<\/p>\n<p>Seine Wirkstoffe bestehen einerseits aus allgemein bekannten Komponenten wie Grapefruitkern\u00f6l, Knoblauch, Nuss, Gew\u00fcrznelke, andererseits aus in der Volksheilkunde schon seit Jahrtausenden bekannten Heilkr\u00e4utern wie Roter Jasmin, Myrrhe, Sauerdorn, Argentinischer Feuerbusch (Pau D\u2019Arco).<br \/>\nParaProtex es schadet n\u00fctzlichen Darmbakterien nicht.<\/p>\n<h4>Wem und wozu empfehlen wir es:<\/h4>\n<ul>\n<li>Denjenigen, die ihren Organismus gegen Bakterien, Viren, Pilzen bzw. Darminfektionen f\u00f6rdern m\u00f6chten,<\/li>\n<li>denjenigen, die ihr Immunsystem durch Bewahren der gesunden Darmflora st\u00e4rken m\u00f6chten,<\/li>\n<li>bei Verdauungsproblemen zur F\u00f6rderung der normalen Darmfunktion,<\/li>\n<li>bei Entgiftungskuren<\/li>\n<\/ul>\n<p>Der Schl\u00fcssel zum Erfolg des ParaProtex-Produkts liegt darin, dass es auf der Grundlage langer und detaillierter Forschung eine einzigartige Formel von Kr\u00e4utern enth\u00e4lt, die bisher nur den Verbrauchern separat zur Verf\u00fcgung standen.<\/p>\n<p>Parasiten sind \u00fcberall um uns herum zu finden (Erde, Wasser, Luft, Nahrung) und k\u00f6nnen sehr schnell in unseren K\u00f6rper eindringen. Sie beeinflussen indirekt die Entwicklung der Krankheit und ein schwaches Immunsystem (der K\u00f6rper nimmt Vitamine, Mineralien auf, scheidet sch\u00e4dlichen Abfall aus). Zu den Symptomen des Vorhandenseins von Parasiten z\u00e4hlen Ersch\u00f6pfung, Schlaflosigkeit, Kopfschmerzen, R\u00fccken- und Nackenschmerzen, Verdauungsst\u00f6rungen, \u00dcbelkeit und Erbrechen.<\/p>\n<\/div>\n<p><!-- Product Specification --><\/p>\n<table class=\"product_details_body\" border=\"0\" width=\"500\" cellspacing=\"0\" align=\"center\" bgcolor=\"#7CDB8B\">\n<tbody>\n<tr bgcolor=>\n<td height=\"20\"><u>Wirkstoffe Tablette\/Kapsel:<\/u><\/td>\n<td width=\"100\"><span class=\"pvdecla\">(Deklaration anzeigen)<\/span><\/td>\n<td width=\"70\"><span class=\"pd-rda\">*RDA:<\/span><\/td>\n<\/tr>\n<tr>\n<td>Roter Jasmin<\/td>\n<td>150 mg<\/td>\n<td><\/td>\n<\/tr>\n<tr>\n<td>Myrrhengras<\/td>\n<td>100 mg<\/td>\n<td><\/td>\n<\/tr>\n<tr>\n<td>Duftende Myrrhengras<\/td>\n<td>50 mg<\/td>\n<td><\/td>\n<\/tr>\n<tr>\n<td>Pau D\u2019Arco Extrakt (4:1)<\/td>\n<td>50 mg<\/td>\n<td><\/td>\n<\/tr>\n<tr>\n<td>Grapefruitkern Extrakt<\/td>\n<td>25 mg<\/td>\n<td><\/td>\n<\/tr>\n<tr>\n<td>Knoblauchpulver<\/td>\n<td>12,5 mg<\/td>\n<td><\/td>\n<\/tr>\n<tr>\n<td>Sauerdorn (std. 6 % alkaloida)<\/td>\n<td>50 mg<\/td>\n<td><\/td>\n<\/tr>\n<tr>\n<td>Gew\u00fcrznelke<\/td>\n<td>50 mg<\/td>\n<td><\/td>\n<\/tr>\n<tr>\n<td>Nuss\u00f6l<\/td>\n<td>37,5 mg<\/td>\n<td><\/td>\n<\/tr>\n<tr>\n<td>Schwarznusspulver<\/td>\n<td>37,5 mg<\/td>\n<td><\/td>\n<\/tr>\n<tr>\n<td colspan=\"3\" height=\"10\"><\/td>\n<\/tr>\n<tr bgcolor=>\n<td colspan=\"3\" height=\"20\"><u>Dosierung *RDA:<\/u><\/td>\n<\/tr>\n<tr>\n<td colspan=\"3\" align=\"center\" height=\"15\">3&#215;1-2 Tabletten, w\u00e4hrend Mahlzeit.<\/td>\n<\/tr>\n<tr bgcolor=>\n<td colspan=\"3\" height=\"20\"><u>Inaktive Inhaltsstoffe, Warnungen und Produktdeklarationen:<\/u><\/td>\n<\/tr>\n<tr>\n<td colspan=\"3\" height=\"10\">Andere Zutaten: Aktive Inhaltsstoffe Nusspulver und Nuss\u00f6l k\u00f6nnen Allergie oder Intoleranz verursachen.<\/td>\n<\/tr>\n<tr>\n<td colspan=\"3\" height=\"10\"><\/td>\n<\/tr>\n<\/tbody>\n<\/table>\n<p><!-- End Product Specification --><\/p>\n<p><!-- Product Declaration --><\/p>\n<div id=\"product-declaration-title\">Nahrungserg\u00e4nzungsmittel<\/div>\n<div class=\"prod-declaration\">\n<div class=\"declar-txt\">\n<p>Achtung! Aktive Inhaltsstoffe Nusspulver und Nuss\u00f6l k\u00f6nnen Allergie oder Intoleranz verursachen. Die Verwendung des Pr\u00e4parates ersetzt keine \u00e4rztliche Untersuchung, keine Konsultation mit dem Arzt. Wenn Sie das Vorhandensein von irgendeinem Darmwurm oder Parasiten in Ihrem Organismus sp\u00fcren, suchen Sie Ihren Arzt sofortig auf.<\/p>\n<p>(* RDA = Tageswert) Die empfohlenen Tagesmengen sollten nicht \u00fcberschritten werden. Das Nahrungserg\u00e4nzungsmittel ist kein Ersatz f\u00fcr eine ausgewogene und abwechslungsreiche Ern\u00e4hrung. Au\u00dferhalb der Reichweite von Kindern aufbewahren.<\/p>\n<\/div>\n<\/div>\n","protected":false},"excerpt":{"rendered":"<p><!-- Short Details --><\/p>\n<div class=\"short-product-desc\">\n<h4>Antiparasiten und Antipilzen Formel.<\/h4>\n<\/div>\n<div class=\"short-product-desc-txt\">Paraprotex hat ein breites Wirkungsspektrum mit einer einzigartigen Zusammensetzung.<\/div>\n<p><!-- End Short Details --><\/p>\n","protected":false},"featured_media":7121,"comment_status":"closed","ping_status":"closed","template":"","meta":{"inline_featured_image":false,"_monsterinsights_skip_tracking":false,"_monsterinsights_sitenote_active":false,"_monsterinsights_sitenote_note":"","_monsterinsights_sitenote_category":0},"product_brand":[],"product_cat":[175,157,163],"product_tag":[],"class_list":{"0":"post-5683","1":"product","2":"type-product","3":"status-publish","4":"has-post-thumbnail","6":"product_cat-meistverkaufte-produkte","7":"product_cat-pflanzenextrakte-de","8":"product_cat-vegetarier-veganer-de","10":"first","11":"instock","12":"featured","13":"taxable","14":"shipping-taxable","15":"purchasable","16":"product-type-simple"},"yoast_head":"<!-- This site is optimized with the Yoast SEO Premium plugin v21.9 (Yoast SEO v26.6) - https:\/\/yoast.com\/wordpress\/plugins\/seo\/ -->\n<title>ParaProtex CaliVita 100 Tabletten - nature4me.eu<\/title>\n<meta name=\"description\" content=\"Paraprotex Calivita Antiparasiten und Antipilzen Formel. Nahrungserg\u00e4nzungsmittel Paraprotex gegen Parasiten (rezeptfrei).\" \/>\n<meta name=\"robots\" content=\"index, follow, max-snippet:-1, max-image-preview:large, max-video-preview:-1\" \/>\n<link rel=\"canonical\" href=\"https:\/\/nature4me.eu\/de\/produkt\/paraprotex\/\" \/>\n<meta property=\"og:locale\" content=\"de_DE\" \/>\n<meta property=\"og:type\" content=\"article\" \/>\n<meta property=\"og:title\" content=\"ParaProtex (100 Tabletten)\" \/>\n<meta property=\"og:description\" content=\"Paraprotex Calivita Antiparasiten und Antipilzen Formel. Nahrungserg\u00e4nzungsmittel Paraprotex gegen Parasiten (rezeptfrei).\" \/>\n<meta property=\"og:url\" content=\"https:\/\/nature4me.eu\/de\/produkt\/paraprotex\/\" \/>\n<meta property=\"og:site_name\" content=\"CaliVita Nature4me\" \/>\n<meta property=\"article:publisher\" content=\"https:\/\/www.facebook.com\/zdravjeiznarave.eu\" \/>\n<meta property=\"article:modified_time\" content=\"2023-01-18T08:02:41+00:00\" \/>\n<meta property=\"og:image\" content=\"https:\/\/nature4me.eu\/wp-content\/uploads\/2016\/03\/Paraprotex-1.png\" \/>\n\t<meta property=\"og:image:width\" content=\"200\" \/>\n\t<meta property=\"og:image:height\" content=\"361\" \/>\n\t<meta property=\"og:image:type\" content=\"image\/png\" \/>\n<meta name=\"twitter:card\" content=\"summary_large_image\" \/>\n<meta name=\"twitter:label1\" content=\"Gesch\u00e4tzte Lesezeit\" \/>\n\t<meta name=\"twitter:data1\" content=\"2\u00a0Minuten\" \/>\n<script type=\"application\/ld+json\" class=\"yoast-schema-graph\">{\"@context\":\"https:\/\/schema.org\",\"@graph\":[{\"@type\":\"WebPage\",\"@id\":\"https:\/\/nature4me.eu\/de\/produkt\/paraprotex\/\",\"url\":\"https:\/\/nature4me.eu\/de\/produkt\/paraprotex\/\",\"name\":\"ParaProtex CaliVita 100 Tabletten - nature4me.eu\",\"isPartOf\":{\"@id\":\"https:\/\/nature4me.eu\/de\/#website\"},\"primaryImageOfPage\":{\"@id\":\"https:\/\/nature4me.eu\/de\/produkt\/paraprotex\/#primaryimage\"},\"image\":{\"@id\":\"https:\/\/nature4me.eu\/de\/produkt\/paraprotex\/#primaryimage\"},\"thumbnailUrl\":\"https:\/\/nature4me.eu\/wp-content\/uploads\/2016\/03\/Paraprotex-1.png\",\"datePublished\":\"2021-09-01T07:07:17+00:00\",\"dateModified\":\"2023-01-18T08:02:41+00:00\",\"description\":\"Paraprotex Calivita Antiparasiten und Antipilzen Formel. Nahrungserg\u00e4nzungsmittel Paraprotex gegen Parasiten (rezeptfrei).\",\"breadcrumb\":{\"@id\":\"https:\/\/nature4me.eu\/de\/produkt\/paraprotex\/#breadcrumb\"},\"inLanguage\":\"de\",\"potentialAction\":[{\"@type\":\"ReadAction\",\"target\":[\"https:\/\/nature4me.eu\/de\/produkt\/paraprotex\/\"]}]},{\"@type\":\"ImageObject\",\"inLanguage\":\"de\",\"@id\":\"https:\/\/nature4me.eu\/de\/produkt\/paraprotex\/#primaryimage\",\"url\":\"https:\/\/nature4me.eu\/wp-content\/uploads\/2016\/03\/Paraprotex-1.png\",\"contentUrl\":\"https:\/\/nature4me.eu\/wp-content\/uploads\/2016\/03\/Paraprotex-1.png\",\"width\":200,\"height\":361,\"caption\":\"podan\u010dice zdravilo\"},{\"@type\":\"BreadcrumbList\",\"@id\":\"https:\/\/nature4me.eu\/de\/produkt\/paraprotex\/#breadcrumb\",\"itemListElement\":[{\"@type\":\"ListItem\",\"position\":1,\"name\":\"Po\u010detna stranica\",\"item\":\"https:\/\/nature4me.eu\/de\/\"},{\"@type\":\"ListItem\",\"position\":2,\"name\":\"Webshop\",\"item\":\"https:\/\/nature4me.eu\/de\/shop\/\"},{\"@type\":\"ListItem\",\"position\":3,\"name\":\"ParaProtex (100 Tabletten)\"}]},{\"@type\":\"WebSite\",\"@id\":\"https:\/\/nature4me.eu\/de\/#website\",\"url\":\"https:\/\/nature4me.eu\/de\/\",\"name\":\"CaliVita Nature4me\",\"description\":\"CaliVita Nature4me\",\"potentialAction\":[{\"@type\":\"SearchAction\",\"target\":{\"@type\":\"EntryPoint\",\"urlTemplate\":\"https:\/\/nature4me.eu\/de\/?s={search_term_string}\"},\"query-input\":{\"@type\":\"PropertyValueSpecification\",\"valueRequired\":true,\"valueName\":\"search_term_string\"}}],\"inLanguage\":\"de\"}]}<\/script>\n<!-- \/ Yoast SEO Premium plugin. -->","yoast_head_json":{"title":"ParaProtex CaliVita 100 Tabletten - nature4me.eu","description":"Paraprotex Calivita Antiparasiten und Antipilzen Formel. Nahrungserg\u00e4nzungsmittel Paraprotex gegen Parasiten (rezeptfrei).","robots":{"index":"index","follow":"follow","max-snippet":"max-snippet:-1","max-image-preview":"max-image-preview:large","max-video-preview":"max-video-preview:-1"},"canonical":"https:\/\/nature4me.eu\/de\/produkt\/paraprotex\/","og_locale":"de_DE","og_type":"article","og_title":"ParaProtex (100 Tabletten)","og_description":"Paraprotex Calivita Antiparasiten und Antipilzen Formel. Nahrungserg\u00e4nzungsmittel Paraprotex gegen Parasiten (rezeptfrei).","og_url":"https:\/\/nature4me.eu\/de\/produkt\/paraprotex\/","og_site_name":"CaliVita Nature4me","article_publisher":"https:\/\/www.facebook.com\/zdravjeiznarave.eu","article_modified_time":"2023-01-18T08:02:41+00:00","og_image":[{"width":200,"height":361,"url":"https:\/\/nature4me.eu\/wp-content\/uploads\/2016\/03\/Paraprotex-1.png","type":"image\/png"}],"twitter_card":"summary_large_image","twitter_misc":{"Gesch\u00e4tzte Lesezeit":"2\u00a0Minuten"},"schema":{"@context":"https:\/\/schema.org","@graph":[{"@type":"WebPage","@id":"https:\/\/nature4me.eu\/de\/produkt\/paraprotex\/","url":"https:\/\/nature4me.eu\/de\/produkt\/paraprotex\/","name":"ParaProtex CaliVita 100 Tabletten - nature4me.eu","isPartOf":{"@id":"https:\/\/nature4me.eu\/de\/#website"},"primaryImageOfPage":{"@id":"https:\/\/nature4me.eu\/de\/produkt\/paraprotex\/#primaryimage"},"image":{"@id":"https:\/\/nature4me.eu\/de\/produkt\/paraprotex\/#primaryimage"},"thumbnailUrl":"https:\/\/nature4me.eu\/wp-content\/uploads\/2016\/03\/Paraprotex-1.png","datePublished":"2021-09-01T07:07:17+00:00","dateModified":"2023-01-18T08:02:41+00:00","description":"Paraprotex Calivita Antiparasiten und Antipilzen Formel. Nahrungserg\u00e4nzungsmittel Paraprotex gegen Parasiten (rezeptfrei).","breadcrumb":{"@id":"https:\/\/nature4me.eu\/de\/produkt\/paraprotex\/#breadcrumb"},"inLanguage":"de","potentialAction":[{"@type":"ReadAction","target":["https:\/\/nature4me.eu\/de\/produkt\/paraprotex\/"]}]},{"@type":"ImageObject","inLanguage":"de","@id":"https:\/\/nature4me.eu\/de\/produkt\/paraprotex\/#primaryimage","url":"https:\/\/nature4me.eu\/wp-content\/uploads\/2016\/03\/Paraprotex-1.png","contentUrl":"https:\/\/nature4me.eu\/wp-content\/uploads\/2016\/03\/Paraprotex-1.png","width":200,"height":361,"caption":"podan\u010dice zdravilo"},{"@type":"BreadcrumbList","@id":"https:\/\/nature4me.eu\/de\/produkt\/paraprotex\/#breadcrumb","itemListElement":[{"@type":"ListItem","position":1,"name":"Po\u010detna stranica","item":"https:\/\/nature4me.eu\/de\/"},{"@type":"ListItem","position":2,"name":"Webshop","item":"https:\/\/nature4me.eu\/de\/shop\/"},{"@type":"ListItem","position":3,"name":"ParaProtex (100 Tabletten)"}]},{"@type":"WebSite","@id":"https:\/\/nature4me.eu\/de\/#website","url":"https:\/\/nature4me.eu\/de\/","name":"CaliVita Nature4me","description":"CaliVita Nature4me","potentialAction":[{"@type":"SearchAction","target":{"@type":"EntryPoint","urlTemplate":"https:\/\/nature4me.eu\/de\/?s={search_term_string}"},"query-input":{"@type":"PropertyValueSpecification","valueRequired":true,"valueName":"search_term_string"}}],"inLanguage":"de"}]}},"_links":{"self":[{"href":"https:\/\/nature4me.eu\/de\/wp-json\/wp\/v2\/product\/5683","targetHints":{"allow":["GET"]}}],"collection":[{"href":"https:\/\/nature4me.eu\/de\/wp-json\/wp\/v2\/product"}],"about":[{"href":"https:\/\/nature4me.eu\/de\/wp-json\/wp\/v2\/types\/product"}],"replies":[{"embeddable":true,"href":"https:\/\/nature4me.eu\/de\/wp-json\/wp\/v2\/comments?post=5683"}],"wp:featuredmedia":[{"embeddable":true,"href":"https:\/\/nature4me.eu\/de\/wp-json\/wp\/v2\/media\/7121"}],"wp:attachment":[{"href":"https:\/\/nature4me.eu\/de\/wp-json\/wp\/v2\/media?parent=5683"}],"wp:term":[{"taxonomy":"product_brand","embeddable":true,"href":"https:\/\/nature4me.eu\/de\/wp-json\/wp\/v2\/product_brand?post=5683"},{"taxonomy":"product_cat","embeddable":true,"href":"https:\/\/nature4me.eu\/de\/wp-json\/wp\/v2\/product_cat?post=5683"},{"taxonomy":"product_tag","embeddable":true,"href":"https:\/\/nature4me.eu\/de\/wp-json\/wp\/v2\/product_tag?post=5683"}],"curies":[{"name":"wp","href":"https:\/\/api.w.org\/{rel}","templated":true}]}}