{"id":5688,"date":"2016-03-05T16:43:07","date_gmt":"2021-09-01T08:10:04","guid":{"rendered":"https:\/\/nature4me.eu\/?post_type=product&#038;p=5688"},"modified":"2022-03-10T09:35:46","modified_gmt":"2022-03-10T07:35:46","slug":"oregano-oil","status":"publish","type":"product","link":"https:\/\/nature4me.eu\/de\/produkt\/oregano-oil\/","title":{"rendered":"Oregano Oil (30 ml)"},"content":{"rendered":"<div id=\"product-long-decs\">\n<p>Unter den Wirkstoffen des Oregano \u00f6l sind f\u00fcr ihre besondere antioxidative Wirkung bekannte Flavonoiden und auch mehrere \u00e4therische <span lang=\"de-DE\">\u00d6le zu finden. Einer von diesen ist das Carvacrol, der dank seiner antimikrobischen Wirkung die Bakterien und Pilzen vernichten oder deren Fortpflanzung verhindern kann<\/span>.<\/p>\n<h4>Wem und wozu empfehlen wir es:<\/h4>\n<ul>\n<li>Bei Erk\u00e4ltung, zum Inhalieren bei gelinderen Atemwegsschmerzen,<\/li>\n<li>zur Sp\u00fclung der Infektionen im Mund,<\/li>\n<li>bei Verdauungsproblemen innerlich angewendet,<\/li>\n<li>zur Neutralisierung der sch\u00e4dlichen freien Radikalen, die als Nebenprodukt des Stoffwechsels der Zellen entstehen,<\/li>\n<li>zur Behandlung von Pickeln, Insektenstichen, Schrammen \u00e4u\u00dferlich angewendet, zur Vorbeugung von Pilzinfektionen.<\/li>\n<\/ul>\n<\/div>\n<p>KoagKag approval number: 4340-0920-4018<br \/>\n<!-- Product Specification --><\/p>\n<table class=\"product_details_body\" border=\"0\" width=\"500\" cellspacing=\"0\" align=\"center\" bgcolor=\"#7CDB8B\">\n<tbody>\n<tr bgcolor=>\n<td height=\"20\"><u>Wirkstoffe\/t\u00e4gliche Dosierung (12 Tropfen):<\/u><\/td>\n<td width=\"100\"><span class=\"pvdecla\">(View Declaration)<\/span><\/td>\n<td width=\"70\"><span class=\"pd-rda\">*RDA:<\/span><\/td>\n<\/tr>\n<tr>\n<td>Oregano Bl\u00e4tter \u00d6l (1.4 mg Karvakrol)<\/td>\n<td>13 mg<\/td>\n<td><\/td>\n<\/tr>\n<tr>\n<td colspan=\"3\" height=\"10\"><\/td>\n<\/tr>\n<tr bgcolor=>\n<td colspan=\"3\" height=\"20\"><u>Dosierung:<\/u><\/td>\n<\/tr>\n<tr>\n<td colspan=\"3\" align=\"center\" height=\"15\">4 Tropfen (ca. 0,17 ml), dreimal t\u00e4glich, in wenig Wasser gemischt.<\/td>\n<\/tr>\n<tr bgcolor=>\n<td colspan=\"3\" height=\"20\"><u>Andere Zutaten:<\/u><\/td>\n<\/tr>\n<tr>\n<td colspan=\"3\" height=\"10\">Andere Zutaten: natives Oliven\u00f6l Extra<\/td>\n<\/tr>\n<tr>\n<td colspan=\"3\" height=\"10\"><\/td>\n<\/tr>\n<\/tbody>\n<\/table>\n<p><!-- End Product Specification --><\/p>\n<p><!-- Product Declaration --><\/p>\n<div id=\"product-declaration-title\">Nahrungserg\u00e4nzungsmittel<\/div>\n<div class=\"prod-declaration\">\n<div class=\"declar-txt\">\n<p>Achtung! F\u00fcr schwangere und stillende M\u00fctter ist es nicht zu empfehlen. Achten Sie erh\u00f6ht darauf, dass es nicht mit Augen und Schleimh\u00e4ute in Ber\u00fchrung kommt<\/p>\n<p>(* RDA = Tageswert) Die empfohlenen Tagesmengen sollten nicht \u00fcberschritten werden. Das Nahrungserg\u00e4nzungsmittel ist kein Ersatz f\u00fcr eine ausgewogene und abwechslungsreiche Ern\u00e4hrung. Au\u00dferhalb der Reichweite von Kindern aufbewahren.<\/p>\n<\/div>\n<div class=\"declar-img\"><a href=\"https:\/\/nature4me.eu\/wp-content\/themes\/n4mtheme\/images\/declaration\/CV0146_OreganoOil_EN.pdf\" target=\"_blank\" rel=\"noopener\">View Declaration ENG<\/a><\/div>\n<\/div>\n<p><!-- End Product Declaration --><\/p>\n","protected":false},"excerpt":{"rendered":"<p><!-- Short Details --><\/p>\n<div class=\"short-product-desc\"><\/div>\n","protected":false},"featured_media":7571,"comment_status":"closed","ping_status":"closed","template":"","meta":{"inline_featured_image":false,"_monsterinsights_skip_tracking":false,"_monsterinsights_sitenote_active":false,"_monsterinsights_sitenote_note":"","_monsterinsights_sitenote_category":0},"product_brand":[],"product_cat":[157,163],"product_tag":[],"class_list":{"0":"post-5688","1":"product","2":"type-product","3":"status-publish","4":"has-post-thumbnail","6":"product_cat-pflanzenextrakte-de","7":"product_cat-vegetarier-veganer-de","9":"first","10":"instock","11":"taxable","12":"shipping-taxable","13":"purchasable","14":"product-type-simple"},"yoast_head":"<!-- This site is optimized with the Yoast SEO Premium plugin v21.9 (Yoast SEO v26.6) - https:\/\/yoast.com\/wordpress\/plugins\/seo\/ -->\n<title>Oregano \u00d6l Calivita - Nature4Me<\/title>\n<meta name=\"description\" content=\"Oregano \u00d6l Calivita 30 ml, Oregano Bl\u00e4tter \u00d6l 39 mg (1.4 mg Karvakrol).\" \/>\n<meta name=\"robots\" content=\"index, follow, max-snippet:-1, max-image-preview:large, max-video-preview:-1\" \/>\n<link rel=\"canonical\" href=\"https:\/\/nature4me.eu\/de\/produkt\/oregano-oil\/\" \/>\n<meta property=\"og:locale\" content=\"de_DE\" \/>\n<meta property=\"og:type\" content=\"article\" \/>\n<meta property=\"og:title\" content=\"Oregano \u00d6l Calivita\" \/>\n<meta property=\"og:description\" content=\"Oregano \u00d6l Calivita 30 ml, Oregano Bl\u00e4tter \u00d6l 39 mg (1.4 mg Karvakrol).\" \/>\n<meta property=\"og:url\" content=\"https:\/\/nature4me.eu\/de\/produkt\/oregano-oil\/\" \/>\n<meta property=\"og:site_name\" content=\"CaliVita Nature4me\" \/>\n<meta property=\"article:publisher\" content=\"https:\/\/www.facebook.com\/zdravjeiznarave.eu\" \/>\n<meta property=\"article:modified_time\" content=\"2022-03-10T07:35:46+00:00\" \/>\n<meta property=\"og:image\" content=\"https:\/\/nature4me.eu\/wp-content\/uploads\/2016\/03\/Oregano-oil.jpg\" \/>\n\t<meta property=\"og:image:width\" content=\"200\" \/>\n\t<meta property=\"og:image:height\" content=\"574\" \/>\n\t<meta property=\"og:image:type\" content=\"image\/jpeg\" \/>\n<meta name=\"twitter:card\" content=\"summary_large_image\" \/>\n<meta name=\"twitter:title\" content=\"Oregano Oil (30 ml)\" \/>\n<meta name=\"twitter:label1\" content=\"Gesch\u00e4tzte Lesezeit\" \/>\n\t<meta name=\"twitter:data1\" content=\"1\u00a0Minute\" \/>\n<script type=\"application\/ld+json\" class=\"yoast-schema-graph\">{\"@context\":\"https:\/\/schema.org\",\"@graph\":[{\"@type\":\"WebPage\",\"@id\":\"https:\/\/nature4me.eu\/de\/produkt\/oregano-oil\/\",\"url\":\"https:\/\/nature4me.eu\/de\/produkt\/oregano-oil\/\",\"name\":\"Oregano \u00d6l Calivita - Nature4Me\",\"isPartOf\":{\"@id\":\"https:\/\/nature4me.eu\/de\/#website\"},\"primaryImageOfPage\":{\"@id\":\"https:\/\/nature4me.eu\/de\/produkt\/oregano-oil\/#primaryimage\"},\"image\":{\"@id\":\"https:\/\/nature4me.eu\/de\/produkt\/oregano-oil\/#primaryimage\"},\"thumbnailUrl\":\"https:\/\/nature4me.eu\/wp-content\/uploads\/2016\/03\/Oregano-oil-1.png\",\"datePublished\":\"2021-09-01T08:10:04+00:00\",\"dateModified\":\"2022-03-10T07:35:46+00:00\",\"description\":\"Oregano \u00d6l Calivita 30 ml, Oregano Bl\u00e4tter \u00d6l 39 mg (1.4 mg Karvakrol).\",\"breadcrumb\":{\"@id\":\"https:\/\/nature4me.eu\/de\/produkt\/oregano-oil\/#breadcrumb\"},\"inLanguage\":\"de\",\"potentialAction\":[{\"@type\":\"ReadAction\",\"target\":[\"https:\/\/nature4me.eu\/de\/produkt\/oregano-oil\/\"]}]},{\"@type\":\"ImageObject\",\"inLanguage\":\"de\",\"@id\":\"https:\/\/nature4me.eu\/de\/produkt\/oregano-oil\/#primaryimage\",\"url\":\"https:\/\/nature4me.eu\/wp-content\/uploads\/2016\/03\/Oregano-oil-1.png\",\"contentUrl\":\"https:\/\/nature4me.eu\/wp-content\/uploads\/2016\/03\/Oregano-oil-1.png\",\"width\":200,\"height\":606,\"caption\":\"origanovo olje\"},{\"@type\":\"BreadcrumbList\",\"@id\":\"https:\/\/nature4me.eu\/de\/produkt\/oregano-oil\/#breadcrumb\",\"itemListElement\":[{\"@type\":\"ListItem\",\"position\":1,\"name\":\"Po\u010detna stranica\",\"item\":\"https:\/\/nature4me.eu\/de\/\"},{\"@type\":\"ListItem\",\"position\":2,\"name\":\"Webshop\",\"item\":\"https:\/\/nature4me.eu\/de\/shop\/\"},{\"@type\":\"ListItem\",\"position\":3,\"name\":\"Oregano Oil (30 ml)\"}]},{\"@type\":\"WebSite\",\"@id\":\"https:\/\/nature4me.eu\/de\/#website\",\"url\":\"https:\/\/nature4me.eu\/de\/\",\"name\":\"CaliVita Nature4me\",\"description\":\"CaliVita Nature4me\",\"potentialAction\":[{\"@type\":\"SearchAction\",\"target\":{\"@type\":\"EntryPoint\",\"urlTemplate\":\"https:\/\/nature4me.eu\/de\/?s={search_term_string}\"},\"query-input\":{\"@type\":\"PropertyValueSpecification\",\"valueRequired\":true,\"valueName\":\"search_term_string\"}}],\"inLanguage\":\"de\"}]}<\/script>\n<!-- \/ Yoast SEO Premium plugin. -->","yoast_head_json":{"title":"Oregano \u00d6l Calivita - Nature4Me","description":"Oregano \u00d6l Calivita 30 ml, Oregano Bl\u00e4tter \u00d6l 39 mg (1.4 mg Karvakrol).","robots":{"index":"index","follow":"follow","max-snippet":"max-snippet:-1","max-image-preview":"max-image-preview:large","max-video-preview":"max-video-preview:-1"},"canonical":"https:\/\/nature4me.eu\/de\/produkt\/oregano-oil\/","og_locale":"de_DE","og_type":"article","og_title":"Oregano \u00d6l Calivita","og_description":"Oregano \u00d6l Calivita 30 ml, Oregano Bl\u00e4tter \u00d6l 39 mg (1.4 mg Karvakrol).","og_url":"https:\/\/nature4me.eu\/de\/produkt\/oregano-oil\/","og_site_name":"CaliVita Nature4me","article_publisher":"https:\/\/www.facebook.com\/zdravjeiznarave.eu","article_modified_time":"2022-03-10T07:35:46+00:00","og_image":[{"width":200,"height":574,"url":"https:\/\/nature4me.eu\/wp-content\/uploads\/2016\/03\/Oregano-oil.jpg","type":"image\/jpeg"}],"twitter_card":"summary_large_image","twitter_title":"Oregano Oil (30 ml)","twitter_misc":{"Gesch\u00e4tzte Lesezeit":"1\u00a0Minute"},"schema":{"@context":"https:\/\/schema.org","@graph":[{"@type":"WebPage","@id":"https:\/\/nature4me.eu\/de\/produkt\/oregano-oil\/","url":"https:\/\/nature4me.eu\/de\/produkt\/oregano-oil\/","name":"Oregano \u00d6l Calivita - Nature4Me","isPartOf":{"@id":"https:\/\/nature4me.eu\/de\/#website"},"primaryImageOfPage":{"@id":"https:\/\/nature4me.eu\/de\/produkt\/oregano-oil\/#primaryimage"},"image":{"@id":"https:\/\/nature4me.eu\/de\/produkt\/oregano-oil\/#primaryimage"},"thumbnailUrl":"https:\/\/nature4me.eu\/wp-content\/uploads\/2016\/03\/Oregano-oil-1.png","datePublished":"2021-09-01T08:10:04+00:00","dateModified":"2022-03-10T07:35:46+00:00","description":"Oregano \u00d6l Calivita 30 ml, Oregano Bl\u00e4tter \u00d6l 39 mg (1.4 mg Karvakrol).","breadcrumb":{"@id":"https:\/\/nature4me.eu\/de\/produkt\/oregano-oil\/#breadcrumb"},"inLanguage":"de","potentialAction":[{"@type":"ReadAction","target":["https:\/\/nature4me.eu\/de\/produkt\/oregano-oil\/"]}]},{"@type":"ImageObject","inLanguage":"de","@id":"https:\/\/nature4me.eu\/de\/produkt\/oregano-oil\/#primaryimage","url":"https:\/\/nature4me.eu\/wp-content\/uploads\/2016\/03\/Oregano-oil-1.png","contentUrl":"https:\/\/nature4me.eu\/wp-content\/uploads\/2016\/03\/Oregano-oil-1.png","width":200,"height":606,"caption":"origanovo olje"},{"@type":"BreadcrumbList","@id":"https:\/\/nature4me.eu\/de\/produkt\/oregano-oil\/#breadcrumb","itemListElement":[{"@type":"ListItem","position":1,"name":"Po\u010detna stranica","item":"https:\/\/nature4me.eu\/de\/"},{"@type":"ListItem","position":2,"name":"Webshop","item":"https:\/\/nature4me.eu\/de\/shop\/"},{"@type":"ListItem","position":3,"name":"Oregano Oil (30 ml)"}]},{"@type":"WebSite","@id":"https:\/\/nature4me.eu\/de\/#website","url":"https:\/\/nature4me.eu\/de\/","name":"CaliVita Nature4me","description":"CaliVita Nature4me","potentialAction":[{"@type":"SearchAction","target":{"@type":"EntryPoint","urlTemplate":"https:\/\/nature4me.eu\/de\/?s={search_term_string}"},"query-input":{"@type":"PropertyValueSpecification","valueRequired":true,"valueName":"search_term_string"}}],"inLanguage":"de"}]}},"_links":{"self":[{"href":"https:\/\/nature4me.eu\/de\/wp-json\/wp\/v2\/product\/5688","targetHints":{"allow":["GET"]}}],"collection":[{"href":"https:\/\/nature4me.eu\/de\/wp-json\/wp\/v2\/product"}],"about":[{"href":"https:\/\/nature4me.eu\/de\/wp-json\/wp\/v2\/types\/product"}],"replies":[{"embeddable":true,"href":"https:\/\/nature4me.eu\/de\/wp-json\/wp\/v2\/comments?post=5688"}],"wp:featuredmedia":[{"embeddable":true,"href":"https:\/\/nature4me.eu\/de\/wp-json\/wp\/v2\/media\/7571"}],"wp:attachment":[{"href":"https:\/\/nature4me.eu\/de\/wp-json\/wp\/v2\/media?parent=5688"}],"wp:term":[{"taxonomy":"product_brand","embeddable":true,"href":"https:\/\/nature4me.eu\/de\/wp-json\/wp\/v2\/product_brand?post=5688"},{"taxonomy":"product_cat","embeddable":true,"href":"https:\/\/nature4me.eu\/de\/wp-json\/wp\/v2\/product_cat?post=5688"},{"taxonomy":"product_tag","embeddable":true,"href":"https:\/\/nature4me.eu\/de\/wp-json\/wp\/v2\/product_tag?post=5688"}],"curies":[{"name":"wp","href":"https:\/\/api.w.org\/{rel}","templated":true}]}}