{"id":5689,"date":"2016-03-05T16:25:35","date_gmt":"2021-09-02T06:29:14","guid":{"rendered":"https:\/\/nature4me.eu\/?post_type=product&#038;p=5689"},"modified":"2021-12-15T09:54:25","modified_gmt":"2021-12-15T07:54:25","slug":"omega-3","status":"publish","type":"product","link":"https:\/\/nature4me.eu\/de\/produkt\/omega-3\/","title":{"rendered":"Omega 3 (100 Weichgelkapseln)"},"content":{"rendered":"<div id=\"product-long-decs\">\n<p>Es ist ein Erzeugnis mit aus wertvollem Fisch\u00f6l durch molekularische Destillation gewonnenen Omega 3 Fetts\u00e4uren (EPA-DHA). Ihre Wirkstoffe tragen zum Bewahren des normalen Blutfettspiegels und Blutdrucks bei, sie sch\u00fctzen das Herz- und Gef\u00e4\u00dfsystem, senken die Entz\u00fcndungen, f\u00f6rdern die normale Funktion des Nervensystems und des Gehirns, unterst\u00fctzten das Sehen.<\/p>\n<h4>Wem und wozu empfehlen wir es:<\/h4>\n<ul>\n<li>Bei Herz- und Gef\u00e4\u00dfproblemen sowie bei Blutdruckproblemen, beziehungsweise denjenigen, f\u00fcr die das Bewahren von deren Gesundheit und normaler Funktion wichtig sind,<\/li>\n<li>f\u00fcr junge M\u00fctter und Kinder zur normalen Entwicklung des Nervensystems des Kindes,<\/li>\n<li>denjenigen, die bei Entz\u00fcndungskrankheiten (z. B. Gelenkentz\u00fcndungen) ihren Organismus unterst\u00fctzen m\u00f6chten,<\/li>\n<li>bei fettarmer Di\u00e4t, Abmagerungskur,<\/li>\n<li>jedem, der die Gesundheit des Sehens und des Nervensystems bewahren m\u00f6chte&lt;.<\/li>\n<\/ul>\n<\/div>\n<p><!-- Product Specification --><\/p>\n<div id=\"wmark\">\n<div class=\"wmark-bckg\">nature4me.eu<\/div>\n<\/div>\n<table class=\"product_details_body\" border=\"0\" width=\"500\" cellspacing=\"0\" align=\"center\" bgcolor=\"#7CDB8B\">\n<tbody>\n<tr bgcolor=\"#3c8b47\">\n<td height=\"20\"><u>Wirkstoffe\/Kapseln::<\/u><\/td>\n<td width=\"100\"><span class=\"pvdecla\">(View Declaration)<\/span><\/td>\n<td width=\"70\"><span class=\"pd-rda\">*RDA:<\/span><\/td>\n<\/tr>\n<tr>\n<td>Hochkonzentriertes Fisch\u00f6l<\/td>\n<td>600 mg<\/td>\n<td><\/td>\n<\/tr>\n<tr>\n<td>EPA (Eikosapentaens\u00e4ure)<\/td>\n<td>180 mg<\/td>\n<td><\/td>\n<\/tr>\n<tr>\n<td>DHA (Dokosahexaens\u00e4ure)<\/td>\n<td>120 mg<\/td>\n<td><\/td>\n<\/tr>\n<tr>\n<td colspan=\"3\" height=\"10\"><\/td>\n<\/tr>\n<tr bgcolor=\"#3c8b47\">\n<td colspan=\"3\" height=\"20\"><u>Dosierung:<\/u><\/td>\n<\/tr>\n<tr>\n<td colspan=\"3\" align=\"center\" height=\"15\">1-3 Kapseln t\u00e4glich.<\/td>\n<\/tr>\n<tr bgcolor=\"#3c8b47\">\n<td colspan=\"3\" height=\"20\"><u>Andere Zutaten, Achtung und Product Declaration:<\/u><\/td>\n<\/tr>\n<tr>\n<td colspan=\"3\" height=\"10\">Andere Zutaten: Gelatine, Wasser, Glycerin.<\/td>\n<\/tr>\n<tr>\n<td colspan=\"3\" height=\"10\"><\/td>\n<\/tr>\n<\/tbody>\n<\/table>\n<p><!-- End Product Specification --><\/p>\n<p><!-- Product Declaration --><\/p>\n<div id=\"product-declaration-title\">Nahrungserg\u00e4nzungsmittel<\/div>\n<div class=\"prod-declaration\">\n<div class=\"declar-txt\">\n<p>Die unges\u00e4ttigten Fetts\u00e4uren sind auf die sch\u00e4dliche Wirkung der freien Radikale sehr empfindlich, deshalb ist es bei der Einnahme von Omega 3 Fetts\u00e4uren in<br \/>\ngr\u00f6\u00dferer Dosis die gleichzeitige Einnahme von irgendeinem Antioxidans empfehlenswert.<\/p>\n<p>(* RDA = Tageswert) Die empfohlenen Tagesmengen sollten nicht \u00fcberschritten werden. Das Nahrungserg\u00e4nzungsmittel ist kein Ersatz f\u00fcr eine ausgewogene und abwechslungsreiche Ern\u00e4hrung. Au\u00dferhalb der Reichweite von Kindern aufbewahren.<\/p>\n<\/div>\n<div class=\"declar-img\"><a href=\"https:\/\/nature4me.eu\/wp-content\/themes\/n4mtheme\/images\/declaration\/CV0173_Omega3_concentrate_EN.pdf\" target=\"_blank\" rel=\"noopener\">View Declaration ENG<\/a><\/div>\n<\/div>\n<p><!-- End Product Declaration --><\/p>\n","protected":false},"excerpt":{"rendered":"<p><!-- Short Details --><\/p>\n<div class=\"short-product-desc\">\n<div>\n<div>\n<h2 class=\"details_name\">Omega-3 Konzentrat<\/h2>\n<h2 id=\"xdetails_close_icon\" class=\"close\"><\/h2>\n<div class=\"spacer\"><\/div>\n<div class=\"details_h3\"><\/div>\n<\/div>\n<div id=\"frame_prod_details\"><\/div>\n<div class=\"spacer\"><\/div>\n<div class=\"details_h3\"><\/div>\n<\/div>\n<div id=\"frame_prod_details\"><\/div>\n<\/div>\n","protected":false},"featured_media":7575,"comment_status":"closed","ping_status":"closed","template":"","meta":{"inline_featured_image":false,"_monsterinsights_skip_tracking":false,"_monsterinsights_sitenote_active":false,"_monsterinsights_sitenote_note":"","_monsterinsights_sitenote_category":0},"product_brand":[],"product_cat":[161],"product_tag":[],"class_list":{"0":"post-5689","1":"product","2":"type-product","3":"status-publish","4":"has-post-thumbnail","6":"product_cat-omega-3-fettsaeuren-de","8":"first","9":"instock","10":"taxable","11":"shipping-taxable","12":"purchasable","13":"product-type-simple"},"yoast_head":"<!-- This site is optimized with the Yoast SEO Premium plugin v21.9 (Yoast SEO v26.6) - https:\/\/yoast.com\/wordpress\/plugins\/seo\/ -->\n<title>Omega 3 (100 Weichgelkapseln) - CaliVita Nature4me<\/title>\n<meta name=\"description\" content=\"Omega 3 Fetts\u00e4uren EPA\/DHA Nahrungserg\u00e4nzung aus wertvollem Fisch\u00f6l durch molek\u00fclarische Destillation\" \/>\n<meta name=\"robots\" content=\"index, follow, max-snippet:-1, max-image-preview:large, max-video-preview:-1\" \/>\n<link rel=\"canonical\" href=\"https:\/\/nature4me.eu\/de\/produkt\/omega-3\/\" \/>\n<meta property=\"og:locale\" content=\"de_DE\" \/>\n<meta property=\"og:type\" content=\"article\" \/>\n<meta property=\"og:title\" content=\"Omega 3 (100 Weichgelkapseln)\" \/>\n<meta property=\"og:description\" content=\"Omega 3 Fetts\u00e4uren EPA\/DHA Nahrungserg\u00e4nzung aus wertvollem Fisch\u00f6l durch molek\u00fclarische Destillation\" \/>\n<meta property=\"og:url\" content=\"https:\/\/nature4me.eu\/de\/produkt\/omega-3\/\" \/>\n<meta property=\"og:site_name\" content=\"CaliVita Nature4me\" \/>\n<meta property=\"article:publisher\" content=\"https:\/\/www.facebook.com\/zdravjeiznarave.eu\" \/>\n<meta property=\"article:modified_time\" content=\"2021-12-15T07:54:25+00:00\" \/>\n<meta property=\"og:image\" content=\"https:\/\/nature4me.eu\/wp-content\/uploads\/2016\/03\/Omega-3-1.png\" \/>\n\t<meta property=\"og:image:width\" content=\"200\" \/>\n\t<meta property=\"og:image:height\" content=\"365\" \/>\n\t<meta property=\"og:image:type\" content=\"image\/png\" \/>\n<meta name=\"twitter:card\" content=\"summary_large_image\" \/>\n<meta name=\"twitter:label1\" content=\"Gesch\u00e4tzte Lesezeit\" \/>\n\t<meta name=\"twitter:data1\" content=\"1\u00a0Minute\" \/>\n<script type=\"application\/ld+json\" class=\"yoast-schema-graph\">{\"@context\":\"https:\/\/schema.org\",\"@graph\":[{\"@type\":\"WebPage\",\"@id\":\"https:\/\/nature4me.eu\/de\/produkt\/omega-3\/\",\"url\":\"https:\/\/nature4me.eu\/de\/produkt\/omega-3\/\",\"name\":\"Omega 3 (100 Weichgelkapseln) - CaliVita Nature4me\",\"isPartOf\":{\"@id\":\"https:\/\/nature4me.eu\/de\/#website\"},\"primaryImageOfPage\":{\"@id\":\"https:\/\/nature4me.eu\/de\/produkt\/omega-3\/#primaryimage\"},\"image\":{\"@id\":\"https:\/\/nature4me.eu\/de\/produkt\/omega-3\/#primaryimage\"},\"thumbnailUrl\":\"https:\/\/nature4me.eu\/wp-content\/uploads\/2016\/03\/Omega-3-1.png\",\"datePublished\":\"2021-09-02T06:29:14+00:00\",\"dateModified\":\"2021-12-15T07:54:25+00:00\",\"description\":\"Omega 3 Fetts\u00e4uren EPA\/DHA Nahrungserg\u00e4nzung aus wertvollem Fisch\u00f6l durch molek\u00fclarische Destillation\",\"breadcrumb\":{\"@id\":\"https:\/\/nature4me.eu\/de\/produkt\/omega-3\/#breadcrumb\"},\"inLanguage\":\"de\",\"potentialAction\":[{\"@type\":\"ReadAction\",\"target\":[\"https:\/\/nature4me.eu\/de\/produkt\/omega-3\/\"]}]},{\"@type\":\"ImageObject\",\"inLanguage\":\"de\",\"@id\":\"https:\/\/nature4me.eu\/de\/produkt\/omega-3\/#primaryimage\",\"url\":\"https:\/\/nature4me.eu\/wp-content\/uploads\/2016\/03\/Omega-3-1.png\",\"contentUrl\":\"https:\/\/nature4me.eu\/wp-content\/uploads\/2016\/03\/Omega-3-1.png\",\"width\":200,\"height\":365,\"caption\":\"koncentrat Omega-3\"},{\"@type\":\"BreadcrumbList\",\"@id\":\"https:\/\/nature4me.eu\/de\/produkt\/omega-3\/#breadcrumb\",\"itemListElement\":[{\"@type\":\"ListItem\",\"position\":1,\"name\":\"Po\u010detna stranica\",\"item\":\"https:\/\/nature4me.eu\/de\/\"},{\"@type\":\"ListItem\",\"position\":2,\"name\":\"Webshop\",\"item\":\"https:\/\/nature4me.eu\/de\/shop\/\"},{\"@type\":\"ListItem\",\"position\":3,\"name\":\"Omega 3 (100 Weichgelkapseln)\"}]},{\"@type\":\"WebSite\",\"@id\":\"https:\/\/nature4me.eu\/de\/#website\",\"url\":\"https:\/\/nature4me.eu\/de\/\",\"name\":\"CaliVita Nature4me\",\"description\":\"CaliVita Nature4me\",\"potentialAction\":[{\"@type\":\"SearchAction\",\"target\":{\"@type\":\"EntryPoint\",\"urlTemplate\":\"https:\/\/nature4me.eu\/de\/?s={search_term_string}\"},\"query-input\":{\"@type\":\"PropertyValueSpecification\",\"valueRequired\":true,\"valueName\":\"search_term_string\"}}],\"inLanguage\":\"de\"}]}<\/script>\n<!-- \/ Yoast SEO Premium plugin. -->","yoast_head_json":{"title":"Omega 3 (100 Weichgelkapseln) - CaliVita Nature4me","description":"Omega 3 Fetts\u00e4uren EPA\/DHA Nahrungserg\u00e4nzung aus wertvollem Fisch\u00f6l durch molek\u00fclarische Destillation","robots":{"index":"index","follow":"follow","max-snippet":"max-snippet:-1","max-image-preview":"max-image-preview:large","max-video-preview":"max-video-preview:-1"},"canonical":"https:\/\/nature4me.eu\/de\/produkt\/omega-3\/","og_locale":"de_DE","og_type":"article","og_title":"Omega 3 (100 Weichgelkapseln)","og_description":"Omega 3 Fetts\u00e4uren EPA\/DHA Nahrungserg\u00e4nzung aus wertvollem Fisch\u00f6l durch molek\u00fclarische Destillation","og_url":"https:\/\/nature4me.eu\/de\/produkt\/omega-3\/","og_site_name":"CaliVita Nature4me","article_publisher":"https:\/\/www.facebook.com\/zdravjeiznarave.eu","article_modified_time":"2021-12-15T07:54:25+00:00","og_image":[{"width":200,"height":365,"url":"https:\/\/nature4me.eu\/wp-content\/uploads\/2016\/03\/Omega-3-1.png","type":"image\/png"}],"twitter_card":"summary_large_image","twitter_misc":{"Gesch\u00e4tzte Lesezeit":"1\u00a0Minute"},"schema":{"@context":"https:\/\/schema.org","@graph":[{"@type":"WebPage","@id":"https:\/\/nature4me.eu\/de\/produkt\/omega-3\/","url":"https:\/\/nature4me.eu\/de\/produkt\/omega-3\/","name":"Omega 3 (100 Weichgelkapseln) - CaliVita Nature4me","isPartOf":{"@id":"https:\/\/nature4me.eu\/de\/#website"},"primaryImageOfPage":{"@id":"https:\/\/nature4me.eu\/de\/produkt\/omega-3\/#primaryimage"},"image":{"@id":"https:\/\/nature4me.eu\/de\/produkt\/omega-3\/#primaryimage"},"thumbnailUrl":"https:\/\/nature4me.eu\/wp-content\/uploads\/2016\/03\/Omega-3-1.png","datePublished":"2021-09-02T06:29:14+00:00","dateModified":"2021-12-15T07:54:25+00:00","description":"Omega 3 Fetts\u00e4uren EPA\/DHA Nahrungserg\u00e4nzung aus wertvollem Fisch\u00f6l durch molek\u00fclarische Destillation","breadcrumb":{"@id":"https:\/\/nature4me.eu\/de\/produkt\/omega-3\/#breadcrumb"},"inLanguage":"de","potentialAction":[{"@type":"ReadAction","target":["https:\/\/nature4me.eu\/de\/produkt\/omega-3\/"]}]},{"@type":"ImageObject","inLanguage":"de","@id":"https:\/\/nature4me.eu\/de\/produkt\/omega-3\/#primaryimage","url":"https:\/\/nature4me.eu\/wp-content\/uploads\/2016\/03\/Omega-3-1.png","contentUrl":"https:\/\/nature4me.eu\/wp-content\/uploads\/2016\/03\/Omega-3-1.png","width":200,"height":365,"caption":"koncentrat Omega-3"},{"@type":"BreadcrumbList","@id":"https:\/\/nature4me.eu\/de\/produkt\/omega-3\/#breadcrumb","itemListElement":[{"@type":"ListItem","position":1,"name":"Po\u010detna stranica","item":"https:\/\/nature4me.eu\/de\/"},{"@type":"ListItem","position":2,"name":"Webshop","item":"https:\/\/nature4me.eu\/de\/shop\/"},{"@type":"ListItem","position":3,"name":"Omega 3 (100 Weichgelkapseln)"}]},{"@type":"WebSite","@id":"https:\/\/nature4me.eu\/de\/#website","url":"https:\/\/nature4me.eu\/de\/","name":"CaliVita Nature4me","description":"CaliVita Nature4me","potentialAction":[{"@type":"SearchAction","target":{"@type":"EntryPoint","urlTemplate":"https:\/\/nature4me.eu\/de\/?s={search_term_string}"},"query-input":{"@type":"PropertyValueSpecification","valueRequired":true,"valueName":"search_term_string"}}],"inLanguage":"de"}]}},"_links":{"self":[{"href":"https:\/\/nature4me.eu\/de\/wp-json\/wp\/v2\/product\/5689","targetHints":{"allow":["GET"]}}],"collection":[{"href":"https:\/\/nature4me.eu\/de\/wp-json\/wp\/v2\/product"}],"about":[{"href":"https:\/\/nature4me.eu\/de\/wp-json\/wp\/v2\/types\/product"}],"replies":[{"embeddable":true,"href":"https:\/\/nature4me.eu\/de\/wp-json\/wp\/v2\/comments?post=5689"}],"wp:featuredmedia":[{"embeddable":true,"href":"https:\/\/nature4me.eu\/de\/wp-json\/wp\/v2\/media\/7575"}],"wp:attachment":[{"href":"https:\/\/nature4me.eu\/de\/wp-json\/wp\/v2\/media?parent=5689"}],"wp:term":[{"taxonomy":"product_brand","embeddable":true,"href":"https:\/\/nature4me.eu\/de\/wp-json\/wp\/v2\/product_brand?post=5689"},{"taxonomy":"product_cat","embeddable":true,"href":"https:\/\/nature4me.eu\/de\/wp-json\/wp\/v2\/product_cat?post=5689"},{"taxonomy":"product_tag","embeddable":true,"href":"https:\/\/nature4me.eu\/de\/wp-json\/wp\/v2\/product_tag?post=5689"}],"curies":[{"name":"wp","href":"https:\/\/api.w.org\/{rel}","templated":true}]}}