{"id":5690,"date":"2016-03-05T16:10:17","date_gmt":"2021-09-02T06:38:12","guid":{"rendered":"https:\/\/nature4me.eu\/?post_type=product&#038;p=5690"},"modified":"2022-04-07T08:43:25","modified_gmt":"2022-04-07T06:43:25","slug":"ocean-21","status":"publish","type":"product","link":"https:\/\/nature4me.eu\/de\/produkt\/ocean-21\/","title":{"rendered":"Ocean 21 (946 ml)"},"content":{"rendered":"<div id=\"product-long-decs\">\n<p>Das <strong>Ocean 21 ist ein Algakomplex mit Aloe Vera<\/strong> und mit mehr als 200 wertvollen Wirkstoffen. Es f\u00f6rdert mit den dazugegebenen weiteren ausgezeichneten Komponenten wie Extrakt von Pau D\u2019Arco, Preiselbeeren, roter Bete und M\u00f6hre gleichzeitig die Entschlackung, das Regenerieren und die Widerstandsf\u00e4higkeit unseres Organismus, sogar in Form einer geschmackvollen Fl\u00fcssigkeit.<\/p>\n<h4>Wem und wozu empfehlen wir es:<\/h4>\n<ul>\n<li>Die eine Entschlackungskur machen und als Erg\u00e4nzung das Alkalisieren f\u00f6rdern m\u00f6chten,<\/li>\n<li>bei Verdauungsproblemen zur F\u00f6rderung der normalen Darmfunktion,<\/li>\n<li>denjenigen, die Abmagerungskur machen, zur F\u00f6rderung der normalem Stoffwechselprozesse,<\/li>\n<li>bei Schilddr\u00fcsenproblemen zur Einstellung der normalen Funktion,<\/li>\n<li>denjenigen, die spr\u00f6de, matte N\u00e4gel und Haare sowie unelastische Haut haben,<\/li>\n<li>denjenigen, die Vitamin- und Mineralstoffmangel haben und ihre Vitalit\u00e4t so schnell wie m\u00f6glich zur\u00fcck gewinnen und bewahren m\u00f6chten,<\/li>\n<li>jedem zur F\u00f6rderung des Immunsystems, zur F\u00f6rderung des Regenerierens,<\/li>\n<\/ul>\n<\/div>\n<p><!-- Product Specification -->\n<\/div>\n<table class=\"product_details_body\" border=\"0\" width=\"500\" cellspacing=\"0\" align=\"center\" bgcolor=\"#7CDB8B\">\n<tbody>\n<tr bgcolor=>\n<td height=\"20\"><u>Wirkstoffe 30 ml:<\/u><\/td>\n<td width=\"100\"><span class=\"pvdecla\">(View Declaration)<\/span><\/td>\n<td width=\"70\"><span class=\"pd-rda\">*RDA:<\/span><\/td>\n<\/tr>\n<tr>\n<td>Patentierte Mischung<\/td>\n<td>7500,33 mg<\/td>\n<td><\/td>\n<\/tr>\n<tr>\n<td>Patentierte Mischung der Extrakten der Seepflanzen und Gem\u00fcsen:<\/td>\n<td>3100,00 mg<\/td>\n<td><\/td>\n<\/tr>\n<tr>\n<td>Alaria marginata, Ascophyllum nodosum, Chondrus crispus, Fucus vesiculosus, Laminaria digitata, Porphyra yezoensis, Palmaria palmata, Ulva lactuca<\/td>\n<td><\/td>\n<td><\/td>\n<\/tr>\n<tr>\n<td>Aloe Vera saft<\/td>\n<td>2000,00 mg<\/td>\n<td><\/td>\n<\/tr>\n<tr>\n<td>Pau D\u2019Arco Extrakt<\/td>\n<td>1100,00 mg<\/td>\n<td><\/td>\n<\/tr>\n<tr>\n<td>Rote Beere Konzentrat<\/td>\n<td>600,00 mg<\/td>\n<td><\/td>\n<\/tr>\n<tr>\n<td>Rote Rebe Extrakt<\/td>\n<td>350,00 mg<\/td>\n<td><\/td>\n<\/tr>\n<tr>\n<td>Karotten Extrakt<\/td>\n<td>350,00 mg<\/td>\n<td><\/td>\n<\/tr>\n<tr>\n<td>Mineralienkomplex<\/td>\n<td>0,33 mg<\/td>\n<td><\/td>\n<\/tr>\n<tr>\n<td colspan=\"3\" height=\"10\"><\/td>\n<\/tr>\n<tr bgcolor=>\n<td colspan=\"3\" height=\"20\"><u>Dosierung *RDA:<\/u><\/td>\n<\/tr>\n<tr>\n<td colspan=\"3\" align=\"center\" height=\"15\">1-2 x 2 Essl\u00f6ffel t\u00e4glich.<\/td>\n<\/tr>\n<tr bgcolor=>\n<td colspan=\"3\" height=\"20\"><u>Inaktive Inhaltsstoffe, Warnungen und Produktdeklarationen:<\/u><\/td>\n<\/tr>\n<tr>\n<td colspan=\"3\" height=\"10\">Andere Zutaten:<\/td>\n<\/tr>\n<tr>\n<td colspan=\"3\" height=\"10\"><\/td>\n<\/tr>\n<\/tbody>\n<\/table>\n<p><!-- End Product Specification --><\/p>\n<p><!-- Product Declaration --><\/p>\n<div id=\"product-declaration-title\">Nahrungserg\u00e4nzungsmittel<\/div>\n<div class=\"prod-declaration\">\n<div class=\"declar-txt\">\n<p>(* RDA = Tageswert) Die empfohlenen Tagesmengen sollten nicht \u00fcberschritten werden. Das Nahrungserg\u00e4nzungsmittel ist kein Ersatz f\u00fcr eine ausgewogene und abwechslungsreiche Ern\u00e4hrung. Au\u00dferhalb der Reichweite von Kindern aufbewahren.<\/p>\n<\/div>\n<\/div>\n<p><!-- End Product Declaration --><\/p>\n","protected":false},"excerpt":{"rendered":"<p><!-- Short Details --><\/p>\n<div class=\"short-product-desc\">\n<h4 class=\"details_name\">Algen und Aloe Vera zum Entschlaken<\/h4>\n<\/div>\n","protected":false},"featured_media":7579,"comment_status":"closed","ping_status":"closed","template":"","meta":{"inline_featured_image":false,"_monsterinsights_skip_tracking":false,"_monsterinsights_sitenote_active":false,"_monsterinsights_sitenote_note":"","_monsterinsights_sitenote_category":0},"product_brand":[],"product_cat":[164,157,163],"product_tag":[],"class_list":{"0":"post-5690","1":"product","2":"type-product","3":"status-publish","4":"has-post-thumbnail","6":"product_cat-immunsystem-staerken-de","7":"product_cat-pflanzenextrakte-de","8":"product_cat-vegetarier-veganer-de","10":"first","11":"instock","12":"taxable","13":"shipping-taxable","14":"purchasable","15":"product-type-simple"},"yoast_head":"<!-- This site is optimized with the Yoast SEO Premium plugin v21.9 (Yoast SEO v26.6) - https:\/\/yoast.com\/wordpress\/plugins\/seo\/ -->\n<title>Ocean 21 Calivita - Aloe Vera und Algen Saft<\/title>\n<meta name=\"description\" content=\"Das Ocean 21Calivita ist ein Algenkomplex mit Aloe Vera Saft und mit mehr als 200 wertvollen Wirkstoffen im Online Shop kaufen.\" \/>\n<meta name=\"robots\" content=\"index, follow, max-snippet:-1, max-image-preview:large, max-video-preview:-1\" \/>\n<link rel=\"canonical\" href=\"https:\/\/nature4me.eu\/de\/produkt\/ocean-21\/\" \/>\n<meta property=\"og:locale\" content=\"de_DE\" \/>\n<meta property=\"og:type\" content=\"article\" \/>\n<meta property=\"og:title\" content=\"Aleo Vear Saft\" \/>\n<meta property=\"og:description\" content=\"Das Ocean 21Calivita ist ein Algenkomplex mit Aloe Vera Saft und mit mehr als 200 wertvollen Wirkstoffen im Online Shop kaufen.\" \/>\n<meta property=\"og:url\" content=\"https:\/\/nature4me.eu\/de\/produkt\/ocean-21\/\" \/>\n<meta property=\"og:site_name\" content=\"CaliVita Nature4me\" \/>\n<meta property=\"article:publisher\" content=\"https:\/\/www.facebook.com\/zdravjeiznarave.eu\" \/>\n<meta property=\"article:modified_time\" content=\"2022-04-07T06:43:25+00:00\" \/>\n<meta property=\"og:image\" content=\"https:\/\/nature4me.eu\/wp-content\/uploads\/2016\/03\/Ocean-21-1.jpg\" \/>\n\t<meta property=\"og:image:width\" content=\"200\" \/>\n\t<meta property=\"og:image:height\" content=\"462\" \/>\n\t<meta property=\"og:image:type\" content=\"image\/jpeg\" \/>\n<meta name=\"twitter:card\" content=\"summary_large_image\" \/>\n<meta name=\"twitter:title\" content=\"Ocean 21 (946 ml)\" \/>\n<meta name=\"twitter:label1\" content=\"Gesch\u00e4tzte Lesezeit\" \/>\n\t<meta name=\"twitter:data1\" content=\"1\u00a0Minute\" \/>\n<script type=\"application\/ld+json\" class=\"yoast-schema-graph\">{\"@context\":\"https:\/\/schema.org\",\"@graph\":[{\"@type\":\"WebPage\",\"@id\":\"https:\/\/nature4me.eu\/de\/produkt\/ocean-21\/\",\"url\":\"https:\/\/nature4me.eu\/de\/produkt\/ocean-21\/\",\"name\":\"Ocean 21 Calivita - Aloe Vera und Algen Saft\",\"isPartOf\":{\"@id\":\"https:\/\/nature4me.eu\/de\/#website\"},\"primaryImageOfPage\":{\"@id\":\"https:\/\/nature4me.eu\/de\/produkt\/ocean-21\/#primaryimage\"},\"image\":{\"@id\":\"https:\/\/nature4me.eu\/de\/produkt\/ocean-21\/#primaryimage\"},\"thumbnailUrl\":\"https:\/\/nature4me.eu\/wp-content\/uploads\/2016\/03\/Ocean-21-1.png\",\"datePublished\":\"2021-09-02T06:38:12+00:00\",\"dateModified\":\"2022-04-07T06:43:25+00:00\",\"description\":\"Das Ocean 21Calivita ist ein Algenkomplex mit Aloe Vera Saft und mit mehr als 200 wertvollen Wirkstoffen im Online Shop kaufen.\",\"breadcrumb\":{\"@id\":\"https:\/\/nature4me.eu\/de\/produkt\/ocean-21\/#breadcrumb\"},\"inLanguage\":\"de\",\"potentialAction\":[{\"@type\":\"ReadAction\",\"target\":[\"https:\/\/nature4me.eu\/de\/produkt\/ocean-21\/\"]}]},{\"@type\":\"ImageObject\",\"inLanguage\":\"de\",\"@id\":\"https:\/\/nature4me.eu\/de\/produkt\/ocean-21\/#primaryimage\",\"url\":\"https:\/\/nature4me.eu\/wp-content\/uploads\/2016\/03\/Ocean-21-1.png\",\"contentUrl\":\"https:\/\/nature4me.eu\/wp-content\/uploads\/2016\/03\/Ocean-21-1.png\",\"width\":200,\"height\":491,\"caption\":\"alge in aloe vera\"},{\"@type\":\"BreadcrumbList\",\"@id\":\"https:\/\/nature4me.eu\/de\/produkt\/ocean-21\/#breadcrumb\",\"itemListElement\":[{\"@type\":\"ListItem\",\"position\":1,\"name\":\"Po\u010detna stranica\",\"item\":\"https:\/\/nature4me.eu\/de\/\"},{\"@type\":\"ListItem\",\"position\":2,\"name\":\"Webshop\",\"item\":\"https:\/\/nature4me.eu\/de\/shop\/\"},{\"@type\":\"ListItem\",\"position\":3,\"name\":\"Ocean 21 (946 ml)\"}]},{\"@type\":\"WebSite\",\"@id\":\"https:\/\/nature4me.eu\/de\/#website\",\"url\":\"https:\/\/nature4me.eu\/de\/\",\"name\":\"CaliVita Nature4me\",\"description\":\"CaliVita Nature4me\",\"potentialAction\":[{\"@type\":\"SearchAction\",\"target\":{\"@type\":\"EntryPoint\",\"urlTemplate\":\"https:\/\/nature4me.eu\/de\/?s={search_term_string}\"},\"query-input\":{\"@type\":\"PropertyValueSpecification\",\"valueRequired\":true,\"valueName\":\"search_term_string\"}}],\"inLanguage\":\"de\"}]}<\/script>\n<!-- \/ Yoast SEO Premium plugin. -->","yoast_head_json":{"title":"Ocean 21 Calivita - Aloe Vera und Algen Saft","description":"Das Ocean 21Calivita ist ein Algenkomplex mit Aloe Vera Saft und mit mehr als 200 wertvollen Wirkstoffen im Online Shop kaufen.","robots":{"index":"index","follow":"follow","max-snippet":"max-snippet:-1","max-image-preview":"max-image-preview:large","max-video-preview":"max-video-preview:-1"},"canonical":"https:\/\/nature4me.eu\/de\/produkt\/ocean-21\/","og_locale":"de_DE","og_type":"article","og_title":"Aleo Vear Saft","og_description":"Das Ocean 21Calivita ist ein Algenkomplex mit Aloe Vera Saft und mit mehr als 200 wertvollen Wirkstoffen im Online Shop kaufen.","og_url":"https:\/\/nature4me.eu\/de\/produkt\/ocean-21\/","og_site_name":"CaliVita Nature4me","article_publisher":"https:\/\/www.facebook.com\/zdravjeiznarave.eu","article_modified_time":"2022-04-07T06:43:25+00:00","og_image":[{"width":200,"height":462,"url":"https:\/\/nature4me.eu\/wp-content\/uploads\/2016\/03\/Ocean-21-1.jpg","type":"image\/jpeg"}],"twitter_card":"summary_large_image","twitter_title":"Ocean 21 (946 ml)","twitter_misc":{"Gesch\u00e4tzte Lesezeit":"1\u00a0Minute"},"schema":{"@context":"https:\/\/schema.org","@graph":[{"@type":"WebPage","@id":"https:\/\/nature4me.eu\/de\/produkt\/ocean-21\/","url":"https:\/\/nature4me.eu\/de\/produkt\/ocean-21\/","name":"Ocean 21 Calivita - Aloe Vera und Algen Saft","isPartOf":{"@id":"https:\/\/nature4me.eu\/de\/#website"},"primaryImageOfPage":{"@id":"https:\/\/nature4me.eu\/de\/produkt\/ocean-21\/#primaryimage"},"image":{"@id":"https:\/\/nature4me.eu\/de\/produkt\/ocean-21\/#primaryimage"},"thumbnailUrl":"https:\/\/nature4me.eu\/wp-content\/uploads\/2016\/03\/Ocean-21-1.png","datePublished":"2021-09-02T06:38:12+00:00","dateModified":"2022-04-07T06:43:25+00:00","description":"Das Ocean 21Calivita ist ein Algenkomplex mit Aloe Vera Saft und mit mehr als 200 wertvollen Wirkstoffen im Online Shop kaufen.","breadcrumb":{"@id":"https:\/\/nature4me.eu\/de\/produkt\/ocean-21\/#breadcrumb"},"inLanguage":"de","potentialAction":[{"@type":"ReadAction","target":["https:\/\/nature4me.eu\/de\/produkt\/ocean-21\/"]}]},{"@type":"ImageObject","inLanguage":"de","@id":"https:\/\/nature4me.eu\/de\/produkt\/ocean-21\/#primaryimage","url":"https:\/\/nature4me.eu\/wp-content\/uploads\/2016\/03\/Ocean-21-1.png","contentUrl":"https:\/\/nature4me.eu\/wp-content\/uploads\/2016\/03\/Ocean-21-1.png","width":200,"height":491,"caption":"alge in aloe vera"},{"@type":"BreadcrumbList","@id":"https:\/\/nature4me.eu\/de\/produkt\/ocean-21\/#breadcrumb","itemListElement":[{"@type":"ListItem","position":1,"name":"Po\u010detna stranica","item":"https:\/\/nature4me.eu\/de\/"},{"@type":"ListItem","position":2,"name":"Webshop","item":"https:\/\/nature4me.eu\/de\/shop\/"},{"@type":"ListItem","position":3,"name":"Ocean 21 (946 ml)"}]},{"@type":"WebSite","@id":"https:\/\/nature4me.eu\/de\/#website","url":"https:\/\/nature4me.eu\/de\/","name":"CaliVita Nature4me","description":"CaliVita Nature4me","potentialAction":[{"@type":"SearchAction","target":{"@type":"EntryPoint","urlTemplate":"https:\/\/nature4me.eu\/de\/?s={search_term_string}"},"query-input":{"@type":"PropertyValueSpecification","valueRequired":true,"valueName":"search_term_string"}}],"inLanguage":"de"}]}},"_links":{"self":[{"href":"https:\/\/nature4me.eu\/de\/wp-json\/wp\/v2\/product\/5690","targetHints":{"allow":["GET"]}}],"collection":[{"href":"https:\/\/nature4me.eu\/de\/wp-json\/wp\/v2\/product"}],"about":[{"href":"https:\/\/nature4me.eu\/de\/wp-json\/wp\/v2\/types\/product"}],"replies":[{"embeddable":true,"href":"https:\/\/nature4me.eu\/de\/wp-json\/wp\/v2\/comments?post=5690"}],"wp:featuredmedia":[{"embeddable":true,"href":"https:\/\/nature4me.eu\/de\/wp-json\/wp\/v2\/media\/7579"}],"wp:attachment":[{"href":"https:\/\/nature4me.eu\/de\/wp-json\/wp\/v2\/media?parent=5690"}],"wp:term":[{"taxonomy":"product_brand","embeddable":true,"href":"https:\/\/nature4me.eu\/de\/wp-json\/wp\/v2\/product_brand?post=5690"},{"taxonomy":"product_cat","embeddable":true,"href":"https:\/\/nature4me.eu\/de\/wp-json\/wp\/v2\/product_cat?post=5690"},{"taxonomy":"product_tag","embeddable":true,"href":"https:\/\/nature4me.eu\/de\/wp-json\/wp\/v2\/product_tag?post=5690"}],"curies":[{"name":"wp","href":"https:\/\/api.w.org\/{rel}","templated":true}]}}