{"id":5692,"date":"2016-03-05T15:51:54","date_gmt":"2021-09-02T06:45:45","guid":{"rendered":"https:\/\/nature4me.eu\/?post_type=product&#038;p=5692"},"modified":"2022-03-09T09:49:28","modified_gmt":"2022-03-09T07:49:28","slug":"nopalin","status":"publish","type":"product","link":"https:\/\/nature4me.eu\/de\/produkt\/nopalin\/","title":{"rendered":"Nopalin (200 Tabletten)"},"content":{"rendered":"<div id=\"product-long-decs\">\n<p>Das Nopalin, produziert aus Nopal Feigenkaktus, f\u00f6rdert als reiche Fasernquelle die Entschlackung, \u00fcbt eine <strong>positive Wirkung auf die Darmfunktion<\/strong>, w\u00e4hrend es unseren Organismus mit Vitaminen ((B<sub><span lang=\"de-DE\">1<\/span><\/sub><span lang=\"de-DE\">, B<\/span><sub><span lang=\"de-DE\">2<\/span><\/sub><span lang=\"de-DE\">, Niacin) und Mineralstoffen versorgt. Der Feigenkaktus kann die Absorption der Fette verhindern, er steigert gleichzeitig deren Abbau und Absonderung. Er f\u00f6rdert mit seiner harntreibenden Wirkung die Funktion der Blase und der Nieren<\/span>.<\/p>\n<h4>Wem und wozu empfehlen wir es:<\/h4>\n<ul>\n<li>Denjenigen, die eine Abmagerungskur halten und w\u00e4hrend des Konsums wegen der positiven Wirkung des Sattgef\u00fchls,<\/li>\n<li>zur Milderung der Stuhlverstopfung,<\/li>\n<li>zur Senkung des hohen Cholesterin- und Trigliceridspiegels,<\/li>\n<li>f\u00fcr Diabetiker zur Steigerung des Fasernskonsums,<\/li>\n<li>bei Cellulitisproblemen.<\/li>\n<\/ul>\n<\/div>\n<p>KoagKag approval number:4340-0920-4019<br \/>\n<!-- Product Specification --><\/p>\n<table class=\"product_details_body\" border=\"0\" width=\"500\" cellspacing=\"0\" align=\"center\" bgcolor=\"#7CDB8B\">\n<tbody>\n<tr bgcolor=>\n<td height=\"20\"><u>Wirkstoffe Tablette\/Kapsel:<\/u><\/td>\n<td width=\"100\"><span class=\"pvdecla\">(View Declaration)<\/span><\/td>\n<td width=\"70\"><span class=\"pd-rda\">*RDA:<\/span><\/td>\n<\/tr>\n<tr>\n<td>Getrockneter Nopal-Kaktus<\/td>\n<td>300 mg<\/td>\n<td><\/td>\n<\/tr>\n<tr>\n<td colspan=\"3\" height=\"10\"><\/td>\n<\/tr>\n<tr bgcolor=>\n<td colspan=\"3\" height=\"20\"><u>Dosierung *RDA:<\/u><\/td>\n<\/tr>\n<tr>\n<td colspan=\"3\" align=\"center\" height=\"15\">3&#215;2 Tabletten t\u00e4glich w\u00e4hrend der Mahlzeit.<\/td>\n<\/tr>\n<tr bgcolor=>\n<td colspan=\"3\" height=\"20\"><u>Inaktive Inhaltsstoffe, Warnungen und Produktdeklarationen:<\/u><\/td>\n<\/tr>\n<tr>\n<td colspan=\"3\" height=\"10\">Andere Zutaten: Mikrokristalline Cellulose, Dikalkiumphosphat, Croscarmellose-Natrium, Stearins\u00e4ure, Siliciumdioxid, Hydroxypropylmethylcellulose, Triacetin, Propylenglycol.<\/td>\n<\/tr>\n<tr>\n<td colspan=\"3\" height=\"10\"><\/td>\n<\/tr>\n<\/tbody>\n<\/table>\n<p><!-- End Product Specification --><\/p>\n<p><!-- Product Declaration --><\/p>\n<div id=\"product-declaration-title\">Nahrungserg\u00e4nzungsmittel<\/div>\n<div class=\"prod-declaration\">\n<div class=\"declar-txt\">\n<p>(* RDA = Tageswert) Die empfohlenen Tagesmengen sollten nicht \u00fcberschritten werden. Das Nahrungserg\u00e4nzungsmittel ist kein Ersatz f\u00fcr eine ausgewogene und abwechslungsreiche Ern\u00e4hrung. Au\u00dferhalb der Reichweite von Kindern aufbewahren.<\/p>\n<\/div>\n<div class=\"declar-img\"><a href=\"https:\/\/nature4me.eu\/wp-content\/themes\/n4mtheme\/images\/declaration\/CV0105_Nopalin_EN.pdf\" target=\"_blank\" rel=\"noopener\">View Declaration ENG<\/a><\/div>\n<\/div>\n<p><!-- End Product Declaration --><\/p>\n","protected":false},"excerpt":{"rendered":"<p>Das Nopalin, produziert aus Nopal Feigenkaktus, f\u00f6rdert als reiche Fasernquelle [&hellip;]<\/p>\n","protected":false},"featured_media":7583,"comment_status":"closed","ping_status":"closed","template":"","meta":{"inline_featured_image":false,"_monsterinsights_skip_tracking":false,"_monsterinsights_sitenote_active":false,"_monsterinsights_sitenote_note":"","_monsterinsights_sitenote_category":0},"product_brand":[],"product_cat":[165,156,157,163],"product_tag":[],"class_list":{"0":"post-5692","1":"product","2":"type-product","3":"status-publish","4":"has-post-thumbnail","6":"product_cat-fuer-bessere-verdauung-de","7":"product_cat-gewichtskontrolle-de","8":"product_cat-pflanzenextrakte-de","9":"product_cat-vegetarier-veganer-de","11":"first","12":"instock","13":"taxable","14":"shipping-taxable","15":"purchasable","16":"product-type-simple"},"yoast_head":"<!-- This site is optimized with the Yoast SEO Premium plugin v21.9 (Yoast SEO v26.6) - https:\/\/yoast.com\/wordpress\/plugins\/seo\/ -->\n<title>Nopalin Calivita - Nature4Me<\/title>\n<meta name=\"description\" content=\"Nopalin Faserntabletten mit Nopal Kaktus \u00fcbt eine positive Wirkung auf die Darmfunktion im Online Shop Calivita Nature4me kaufen.\" \/>\n<meta name=\"robots\" content=\"index, follow, max-snippet:-1, max-image-preview:large, max-video-preview:-1\" \/>\n<link rel=\"canonical\" href=\"https:\/\/nature4me.eu\/de\/produkt\/nopalin\/\" \/>\n<meta property=\"og:locale\" content=\"de_DE\" \/>\n<meta property=\"og:type\" content=\"article\" \/>\n<meta property=\"og:title\" content=\"Nopalin (200 Tabletten)\" \/>\n<meta property=\"og:description\" content=\"Nopalin Faserntabletten mit Nopal Kaktus \u00fcbt eine positive Wirkung auf die Darmfunktion im Online Shop Calivita Nature4me kaufen.\" \/>\n<meta property=\"og:url\" content=\"https:\/\/nature4me.eu\/de\/produkt\/nopalin\/\" \/>\n<meta property=\"og:site_name\" content=\"CaliVita Nature4me\" \/>\n<meta property=\"article:publisher\" content=\"https:\/\/www.facebook.com\/zdravjeiznarave.eu\" \/>\n<meta property=\"article:modified_time\" content=\"2022-03-09T07:49:28+00:00\" \/>\n<meta property=\"og:image\" content=\"https:\/\/nature4me.eu\/wp-content\/uploads\/2016\/03\/Nopalin-1.png\" \/>\n\t<meta property=\"og:image:width\" content=\"157\" \/>\n\t<meta property=\"og:image:height\" content=\"300\" \/>\n\t<meta property=\"og:image:type\" content=\"image\/png\" \/>\n<meta name=\"twitter:card\" content=\"summary_large_image\" \/>\n<meta name=\"twitter:label1\" content=\"Gesch\u00e4tzte Lesezeit\" \/>\n\t<meta name=\"twitter:data1\" content=\"1\u00a0Minute\" \/>\n<script type=\"application\/ld+json\" class=\"yoast-schema-graph\">{\"@context\":\"https:\/\/schema.org\",\"@graph\":[{\"@type\":\"WebPage\",\"@id\":\"https:\/\/nature4me.eu\/de\/produkt\/nopalin\/\",\"url\":\"https:\/\/nature4me.eu\/de\/produkt\/nopalin\/\",\"name\":\"Nopalin Calivita - Nature4Me\",\"isPartOf\":{\"@id\":\"https:\/\/nature4me.eu\/de\/#website\"},\"primaryImageOfPage\":{\"@id\":\"https:\/\/nature4me.eu\/de\/produkt\/nopalin\/#primaryimage\"},\"image\":{\"@id\":\"https:\/\/nature4me.eu\/de\/produkt\/nopalin\/#primaryimage\"},\"thumbnailUrl\":\"https:\/\/nature4me.eu\/wp-content\/uploads\/2016\/03\/Nopalin-1.png\",\"datePublished\":\"2021-09-02T06:45:45+00:00\",\"dateModified\":\"2022-03-09T07:49:28+00:00\",\"description\":\"Nopalin Faserntabletten mit Nopal Kaktus \u00fcbt eine positive Wirkung auf die Darmfunktion im Online Shop Calivita Nature4me kaufen.\",\"breadcrumb\":{\"@id\":\"https:\/\/nature4me.eu\/de\/produkt\/nopalin\/#breadcrumb\"},\"inLanguage\":\"de\",\"potentialAction\":[{\"@type\":\"ReadAction\",\"target\":[\"https:\/\/nature4me.eu\/de\/produkt\/nopalin\/\"]}]},{\"@type\":\"ImageObject\",\"inLanguage\":\"de\",\"@id\":\"https:\/\/nature4me.eu\/de\/produkt\/nopalin\/#primaryimage\",\"url\":\"https:\/\/nature4me.eu\/wp-content\/uploads\/2016\/03\/Nopalin-1.png\",\"contentUrl\":\"https:\/\/nature4me.eu\/wp-content\/uploads\/2016\/03\/Nopalin-1.png\",\"width\":157,\"height\":300,\"caption\":\"tablete z vlakninami smokvove opuncije\"},{\"@type\":\"BreadcrumbList\",\"@id\":\"https:\/\/nature4me.eu\/de\/produkt\/nopalin\/#breadcrumb\",\"itemListElement\":[{\"@type\":\"ListItem\",\"position\":1,\"name\":\"Po\u010detna stranica\",\"item\":\"https:\/\/nature4me.eu\/de\/\"},{\"@type\":\"ListItem\",\"position\":2,\"name\":\"Webshop\",\"item\":\"https:\/\/nature4me.eu\/de\/shop\/\"},{\"@type\":\"ListItem\",\"position\":3,\"name\":\"Nopalin (200 Tabletten)\"}]},{\"@type\":\"WebSite\",\"@id\":\"https:\/\/nature4me.eu\/de\/#website\",\"url\":\"https:\/\/nature4me.eu\/de\/\",\"name\":\"CaliVita Nature4me\",\"description\":\"CaliVita Nature4me\",\"potentialAction\":[{\"@type\":\"SearchAction\",\"target\":{\"@type\":\"EntryPoint\",\"urlTemplate\":\"https:\/\/nature4me.eu\/de\/?s={search_term_string}\"},\"query-input\":{\"@type\":\"PropertyValueSpecification\",\"valueRequired\":true,\"valueName\":\"search_term_string\"}}],\"inLanguage\":\"de\"}]}<\/script>\n<!-- \/ Yoast SEO Premium plugin. -->","yoast_head_json":{"title":"Nopalin Calivita - Nature4Me","description":"Nopalin Faserntabletten mit Nopal Kaktus \u00fcbt eine positive Wirkung auf die Darmfunktion im Online Shop Calivita Nature4me kaufen.","robots":{"index":"index","follow":"follow","max-snippet":"max-snippet:-1","max-image-preview":"max-image-preview:large","max-video-preview":"max-video-preview:-1"},"canonical":"https:\/\/nature4me.eu\/de\/produkt\/nopalin\/","og_locale":"de_DE","og_type":"article","og_title":"Nopalin (200 Tabletten)","og_description":"Nopalin Faserntabletten mit Nopal Kaktus \u00fcbt eine positive Wirkung auf die Darmfunktion im Online Shop Calivita Nature4me kaufen.","og_url":"https:\/\/nature4me.eu\/de\/produkt\/nopalin\/","og_site_name":"CaliVita Nature4me","article_publisher":"https:\/\/www.facebook.com\/zdravjeiznarave.eu","article_modified_time":"2022-03-09T07:49:28+00:00","og_image":[{"width":157,"height":300,"url":"https:\/\/nature4me.eu\/wp-content\/uploads\/2016\/03\/Nopalin-1.png","type":"image\/png"}],"twitter_card":"summary_large_image","twitter_misc":{"Gesch\u00e4tzte Lesezeit":"1\u00a0Minute"},"schema":{"@context":"https:\/\/schema.org","@graph":[{"@type":"WebPage","@id":"https:\/\/nature4me.eu\/de\/produkt\/nopalin\/","url":"https:\/\/nature4me.eu\/de\/produkt\/nopalin\/","name":"Nopalin Calivita - Nature4Me","isPartOf":{"@id":"https:\/\/nature4me.eu\/de\/#website"},"primaryImageOfPage":{"@id":"https:\/\/nature4me.eu\/de\/produkt\/nopalin\/#primaryimage"},"image":{"@id":"https:\/\/nature4me.eu\/de\/produkt\/nopalin\/#primaryimage"},"thumbnailUrl":"https:\/\/nature4me.eu\/wp-content\/uploads\/2016\/03\/Nopalin-1.png","datePublished":"2021-09-02T06:45:45+00:00","dateModified":"2022-03-09T07:49:28+00:00","description":"Nopalin Faserntabletten mit Nopal Kaktus \u00fcbt eine positive Wirkung auf die Darmfunktion im Online Shop Calivita Nature4me kaufen.","breadcrumb":{"@id":"https:\/\/nature4me.eu\/de\/produkt\/nopalin\/#breadcrumb"},"inLanguage":"de","potentialAction":[{"@type":"ReadAction","target":["https:\/\/nature4me.eu\/de\/produkt\/nopalin\/"]}]},{"@type":"ImageObject","inLanguage":"de","@id":"https:\/\/nature4me.eu\/de\/produkt\/nopalin\/#primaryimage","url":"https:\/\/nature4me.eu\/wp-content\/uploads\/2016\/03\/Nopalin-1.png","contentUrl":"https:\/\/nature4me.eu\/wp-content\/uploads\/2016\/03\/Nopalin-1.png","width":157,"height":300,"caption":"tablete z vlakninami smokvove opuncije"},{"@type":"BreadcrumbList","@id":"https:\/\/nature4me.eu\/de\/produkt\/nopalin\/#breadcrumb","itemListElement":[{"@type":"ListItem","position":1,"name":"Po\u010detna stranica","item":"https:\/\/nature4me.eu\/de\/"},{"@type":"ListItem","position":2,"name":"Webshop","item":"https:\/\/nature4me.eu\/de\/shop\/"},{"@type":"ListItem","position":3,"name":"Nopalin (200 Tabletten)"}]},{"@type":"WebSite","@id":"https:\/\/nature4me.eu\/de\/#website","url":"https:\/\/nature4me.eu\/de\/","name":"CaliVita Nature4me","description":"CaliVita Nature4me","potentialAction":[{"@type":"SearchAction","target":{"@type":"EntryPoint","urlTemplate":"https:\/\/nature4me.eu\/de\/?s={search_term_string}"},"query-input":{"@type":"PropertyValueSpecification","valueRequired":true,"valueName":"search_term_string"}}],"inLanguage":"de"}]}},"_links":{"self":[{"href":"https:\/\/nature4me.eu\/de\/wp-json\/wp\/v2\/product\/5692","targetHints":{"allow":["GET"]}}],"collection":[{"href":"https:\/\/nature4me.eu\/de\/wp-json\/wp\/v2\/product"}],"about":[{"href":"https:\/\/nature4me.eu\/de\/wp-json\/wp\/v2\/types\/product"}],"replies":[{"embeddable":true,"href":"https:\/\/nature4me.eu\/de\/wp-json\/wp\/v2\/comments?post=5692"}],"wp:featuredmedia":[{"embeddable":true,"href":"https:\/\/nature4me.eu\/de\/wp-json\/wp\/v2\/media\/7583"}],"wp:attachment":[{"href":"https:\/\/nature4me.eu\/de\/wp-json\/wp\/v2\/media?parent=5692"}],"wp:term":[{"taxonomy":"product_brand","embeddable":true,"href":"https:\/\/nature4me.eu\/de\/wp-json\/wp\/v2\/product_brand?post=5692"},{"taxonomy":"product_cat","embeddable":true,"href":"https:\/\/nature4me.eu\/de\/wp-json\/wp\/v2\/product_cat?post=5692"},{"taxonomy":"product_tag","embeddable":true,"href":"https:\/\/nature4me.eu\/de\/wp-json\/wp\/v2\/product_tag?post=5692"}],"curies":[{"name":"wp","href":"https:\/\/api.w.org\/{rel}","templated":true}]}}