{"id":5694,"date":"2016-03-04T15:50:31","date_gmt":"2021-09-02T07:16:18","guid":{"rendered":"https:\/\/nature4me.eu\/?post_type=product&#038;p=5694"},"modified":"2022-03-10T08:50:17","modified_gmt":"2022-03-10T06:50:17","slug":"organic-noni","status":"publish","type":"product","link":"https:\/\/nature4me.eu\/de\/produkt\/organic-noni\/","title":{"rendered":"Organic Noni (946 ml)"},"content":{"rendered":"<div id=\"product-long-decs\">\n<p><strong>Original Organic Noni Saft Calivita<\/strong>. Die Morinda citrifolia (auf polynesisch: noni) ist eine exotische, besondere Frucht, in der zahlreiche lebensnotwendige N\u00e4hrstoffe zu finden sind. Das Polinesian Noni und das Organic (BIO) Noni sind komplexe, Gesundheit f\u00f6rdernde an<strong> Vitaminen, Aminos\u00e4uren und Mineralstoffen reiche Erzeugnisse<\/strong>. Sie f\u00f6rdern die gesunde Funktion der Zellen und die normale Zellteilung, sowie sie mildern die Entz\u00fcndungsprozesse im Organismus. Sie tragen zur Entschlackungsfunktion der Leber bei und sie haben auch eine antibakterielle, Antivirus- und Antipilz-Wirkung.<\/p>\n<p>Die Fr\u00fcchte von Organic Noni, die aus \u00f6kologisch kontrolliertem Anbau stammen, haben wir Himbeeren aus Bio-Anbau abgeschmeckt. W\u00e4hrend das Polinesian Noni aus der unber\u00fchrten Natur stammt, stammt das Organic Noni Saft aus einem Bio-Anbau.<\/p>\n<h4>Wem und wozu empfehlen wir es:<\/h4>\n<ul>\n<li>Zur Verbesserung des Widerstandsf\u00e4higkeit des Organismus,<\/li>\n<li>zur F\u00f6rderung der ausgeglichenen Funktion des Organismus,<\/li>\n<li>zur Steigerung und zum Bewahren des allgemeinen Energiespiegels,<\/li>\n<li>zur Erg\u00e4nzung von Entschlackungen.<\/li>\n<\/ul>\n<\/div>\n<p>KoagKag approval number: 4340-0720-2808<br \/>\n<!-- Product Specification --><\/p>\n<table class=\"product_details_body\" border=\"0\" width=\"500\" cellspacing=\"0\" align=\"center\" bgcolor=\"#7CDB8B\">\n<tbody>\n<tr bgcolor=>\n<td height=\"20\"><u>Wirkstoffe:<\/u><\/td>\n<td width=\"100\"><span class=\"pvdecla\">(View Declaration)<\/span><\/td>\n<td width=\"70\"><span class=\"pd-rda\">*RDA:<\/span><\/td>\n<\/tr>\n<tr>\n<td>Organic Noni<\/td>\n<td>12000 mg<\/td>\n<td><\/td>\n<\/tr>\n<tr>\n<td colspan=\"3\" height=\"10\"><\/td>\n<\/tr>\n<tr bgcolor=>\n<td colspan=\"3\" height=\"20\"><u>Dosierung *RDA:<\/u><\/td>\n<\/tr>\n<tr>\n<td colspan=\"3\" align=\"center\" height=\"15\">2 Essl\u00f6ffel t\u00e4glich<\/td>\n<\/tr>\n<tr bgcolor=>\n<td colspan=\"3\" height=\"20\"><u>Inaktive Inhaltsstoffe, Warnungen und Produktdeklarationen:<\/u><\/td>\n<\/tr>\n<tr>\n<td colspan=\"3\" height=\"10\">Andere Zutaten: Organic certified natural raspberry flavor,citric acid.<\/td>\n<\/tr>\n<tr>\n<td colspan=\"3\" height=\"10\"><\/td>\n<\/tr>\n<\/tbody>\n<\/table>\n<p><!-- End Product Specification --><\/p>\n<p><!-- Product Declaration --><\/p>\n<div id=\"product-declaration-title\">Nahrungserg\u00e4nzungsmittel<\/div>\n<div class=\"prod-declaration\">\n<div class=\"declar-txt\">\n<p>(* RDA = Tageswert) Die empfohlenen Tagesmengen sollten nicht \u00fcberschritten werden. Das Nahrungserg\u00e4nzungsmittel ist kein Ersatz f\u00fcr eine ausgewogene und abwechslungsreiche Ern\u00e4hrung. Au\u00dferhalb der Reichweite von Kindern aufbewahren.<\/p>\n<\/div>\n<div class=\"declar-img\"><a href=\"https:\/\/nature4me.eu\/wp-content\/themes\/n4mtheme\/images\/declaration\/CV0172_Organic_Noni_EN.pdf\" target=\"_blank\" rel=\"noopener\">View Declaration ENG<\/a><\/div>\n<\/div>\n","protected":false},"excerpt":{"rendered":"<p><!-- Short Details --><\/p>\n<div class=\"short-product-desc\">\n<h3 class=\"short-product-desc\">Bio Noni<\/h3>\n<\/div>\n","protected":false},"featured_media":7399,"comment_status":"closed","ping_status":"closed","template":"","meta":{"inline_featured_image":false,"_monsterinsights_skip_tracking":false,"_monsterinsights_sitenote_active":false,"_monsterinsights_sitenote_note":"","_monsterinsights_sitenote_category":0},"product_brand":[],"product_cat":[164,175,157,163],"product_tag":[],"class_list":{"0":"post-5694","1":"product","2":"type-product","3":"status-publish","4":"has-post-thumbnail","6":"product_cat-immunsystem-staerken-de","7":"product_cat-meistverkaufte-produkte","8":"product_cat-pflanzenextrakte-de","9":"product_cat-vegetarier-veganer-de","11":"first","12":"instock","13":"taxable","14":"shipping-taxable","15":"purchasable","16":"product-type-simple"},"yoast_head":"<!-- This site is optimized with the Yoast SEO Premium plugin v21.9 (Yoast SEO v26.6) - https:\/\/yoast.com\/wordpress\/plugins\/seo\/ -->\n<title>Organischer Noni Saft<\/title>\n<meta name=\"description\" content=\"Noni Saft Organischer mit organischen Fr\u00fcchten: Wei\u00dfweintrauben Saftkonzentrat, Schwarzerkirchen Saftkonzentrat und Granatapfel Saftkonzentrat\" \/>\n<meta name=\"robots\" content=\"index, follow, max-snippet:-1, max-image-preview:large, max-video-preview:-1\" \/>\n<link rel=\"canonical\" href=\"https:\/\/nature4me.eu\/de\/produkt\/organic-noni\/\" \/>\n<meta property=\"og:locale\" content=\"de_DE\" \/>\n<meta property=\"og:type\" content=\"article\" \/>\n<meta property=\"og:title\" content=\"Noni\" \/>\n<meta property=\"og:description\" content=\"Noni Saft Organischer mit organischen Fr\u00fcchten: Wei\u00dfweintrauben Saftkonzentrat, Schwarzerkirchen Saftkonzentrat und Granatapfel Saftkonzentrat\" \/>\n<meta property=\"og:url\" content=\"https:\/\/nature4me.eu\/de\/produkt\/organic-noni\/\" \/>\n<meta property=\"og:site_name\" content=\"CaliVita Nature4me\" \/>\n<meta property=\"article:publisher\" content=\"https:\/\/www.facebook.com\/zdravjeiznarave.eu\" \/>\n<meta property=\"article:modified_time\" content=\"2022-03-10T06:50:17+00:00\" \/>\n<meta property=\"og:image\" content=\"https:\/\/nature4me.eu\/wp-content\/uploads\/2016\/03\/noni.jpg\" \/>\n\t<meta property=\"og:image:width\" content=\"200\" \/>\n\t<meta property=\"og:image:height\" content=\"460\" \/>\n\t<meta property=\"og:image:type\" content=\"image\/jpeg\" \/>\n<meta name=\"twitter:card\" content=\"summary_large_image\" \/>\n<meta name=\"twitter:title\" content=\"Organic Noni (946 ml)\" \/>\n<meta name=\"twitter:label1\" content=\"Gesch\u00e4tzte Lesezeit\" \/>\n\t<meta name=\"twitter:data1\" content=\"1\u00a0Minute\" \/>\n<script type=\"application\/ld+json\" class=\"yoast-schema-graph\">{\"@context\":\"https:\/\/schema.org\",\"@graph\":[{\"@type\":\"WebPage\",\"@id\":\"https:\/\/nature4me.eu\/de\/produkt\/organic-noni\/\",\"url\":\"https:\/\/nature4me.eu\/de\/produkt\/organic-noni\/\",\"name\":\"Organischer Noni Saft\",\"isPartOf\":{\"@id\":\"https:\/\/nature4me.eu\/de\/#website\"},\"primaryImageOfPage\":{\"@id\":\"https:\/\/nature4me.eu\/de\/produkt\/organic-noni\/#primaryimage\"},\"image\":{\"@id\":\"https:\/\/nature4me.eu\/de\/produkt\/organic-noni\/#primaryimage\"},\"thumbnailUrl\":\"https:\/\/nature4me.eu\/wp-content\/uploads\/2016\/03\/Organic-noni-3.png\",\"datePublished\":\"2021-09-02T07:16:18+00:00\",\"dateModified\":\"2022-03-10T06:50:17+00:00\",\"description\":\"Noni Saft Organischer mit organischen Fr\u00fcchten: Wei\u00dfweintrauben Saftkonzentrat, Schwarzerkirchen Saftkonzentrat und Granatapfel Saftkonzentrat\",\"breadcrumb\":{\"@id\":\"https:\/\/nature4me.eu\/de\/produkt\/organic-noni\/#breadcrumb\"},\"inLanguage\":\"de\",\"potentialAction\":[{\"@type\":\"ReadAction\",\"target\":[\"https:\/\/nature4me.eu\/de\/produkt\/organic-noni\/\"]}]},{\"@type\":\"ImageObject\",\"inLanguage\":\"de\",\"@id\":\"https:\/\/nature4me.eu\/de\/produkt\/organic-noni\/#primaryimage\",\"url\":\"https:\/\/nature4me.eu\/wp-content\/uploads\/2016\/03\/Organic-noni-3.png\",\"contentUrl\":\"https:\/\/nature4me.eu\/wp-content\/uploads\/2016\/03\/Organic-noni-3.png\",\"width\":240,\"height\":200,\"caption\":\"Sok ekolo\u0161kega nonija\"},{\"@type\":\"BreadcrumbList\",\"@id\":\"https:\/\/nature4me.eu\/de\/produkt\/organic-noni\/#breadcrumb\",\"itemListElement\":[{\"@type\":\"ListItem\",\"position\":1,\"name\":\"Po\u010detna stranica\",\"item\":\"https:\/\/nature4me.eu\/de\/\"},{\"@type\":\"ListItem\",\"position\":2,\"name\":\"Webshop\",\"item\":\"https:\/\/nature4me.eu\/de\/shop\/\"},{\"@type\":\"ListItem\",\"position\":3,\"name\":\"Organic Noni (946 ml)\"}]},{\"@type\":\"WebSite\",\"@id\":\"https:\/\/nature4me.eu\/de\/#website\",\"url\":\"https:\/\/nature4me.eu\/de\/\",\"name\":\"CaliVita Nature4me\",\"description\":\"CaliVita Nature4me\",\"potentialAction\":[{\"@type\":\"SearchAction\",\"target\":{\"@type\":\"EntryPoint\",\"urlTemplate\":\"https:\/\/nature4me.eu\/de\/?s={search_term_string}\"},\"query-input\":{\"@type\":\"PropertyValueSpecification\",\"valueRequired\":true,\"valueName\":\"search_term_string\"}}],\"inLanguage\":\"de\"}]}<\/script>\n<!-- \/ Yoast SEO Premium plugin. -->","yoast_head_json":{"title":"Organischer Noni Saft","description":"Noni Saft Organischer mit organischen Fr\u00fcchten: Wei\u00dfweintrauben Saftkonzentrat, Schwarzerkirchen Saftkonzentrat und Granatapfel Saftkonzentrat","robots":{"index":"index","follow":"follow","max-snippet":"max-snippet:-1","max-image-preview":"max-image-preview:large","max-video-preview":"max-video-preview:-1"},"canonical":"https:\/\/nature4me.eu\/de\/produkt\/organic-noni\/","og_locale":"de_DE","og_type":"article","og_title":"Noni","og_description":"Noni Saft Organischer mit organischen Fr\u00fcchten: Wei\u00dfweintrauben Saftkonzentrat, Schwarzerkirchen Saftkonzentrat und Granatapfel Saftkonzentrat","og_url":"https:\/\/nature4me.eu\/de\/produkt\/organic-noni\/","og_site_name":"CaliVita Nature4me","article_publisher":"https:\/\/www.facebook.com\/zdravjeiznarave.eu","article_modified_time":"2022-03-10T06:50:17+00:00","og_image":[{"width":200,"height":460,"url":"https:\/\/nature4me.eu\/wp-content\/uploads\/2016\/03\/noni.jpg","type":"image\/jpeg"}],"twitter_card":"summary_large_image","twitter_title":"Organic Noni (946 ml)","twitter_misc":{"Gesch\u00e4tzte Lesezeit":"1\u00a0Minute"},"schema":{"@context":"https:\/\/schema.org","@graph":[{"@type":"WebPage","@id":"https:\/\/nature4me.eu\/de\/produkt\/organic-noni\/","url":"https:\/\/nature4me.eu\/de\/produkt\/organic-noni\/","name":"Organischer Noni Saft","isPartOf":{"@id":"https:\/\/nature4me.eu\/de\/#website"},"primaryImageOfPage":{"@id":"https:\/\/nature4me.eu\/de\/produkt\/organic-noni\/#primaryimage"},"image":{"@id":"https:\/\/nature4me.eu\/de\/produkt\/organic-noni\/#primaryimage"},"thumbnailUrl":"https:\/\/nature4me.eu\/wp-content\/uploads\/2016\/03\/Organic-noni-3.png","datePublished":"2021-09-02T07:16:18+00:00","dateModified":"2022-03-10T06:50:17+00:00","description":"Noni Saft Organischer mit organischen Fr\u00fcchten: Wei\u00dfweintrauben Saftkonzentrat, Schwarzerkirchen Saftkonzentrat und Granatapfel Saftkonzentrat","breadcrumb":{"@id":"https:\/\/nature4me.eu\/de\/produkt\/organic-noni\/#breadcrumb"},"inLanguage":"de","potentialAction":[{"@type":"ReadAction","target":["https:\/\/nature4me.eu\/de\/produkt\/organic-noni\/"]}]},{"@type":"ImageObject","inLanguage":"de","@id":"https:\/\/nature4me.eu\/de\/produkt\/organic-noni\/#primaryimage","url":"https:\/\/nature4me.eu\/wp-content\/uploads\/2016\/03\/Organic-noni-3.png","contentUrl":"https:\/\/nature4me.eu\/wp-content\/uploads\/2016\/03\/Organic-noni-3.png","width":240,"height":200,"caption":"Sok ekolo\u0161kega nonija"},{"@type":"BreadcrumbList","@id":"https:\/\/nature4me.eu\/de\/produkt\/organic-noni\/#breadcrumb","itemListElement":[{"@type":"ListItem","position":1,"name":"Po\u010detna stranica","item":"https:\/\/nature4me.eu\/de\/"},{"@type":"ListItem","position":2,"name":"Webshop","item":"https:\/\/nature4me.eu\/de\/shop\/"},{"@type":"ListItem","position":3,"name":"Organic Noni (946 ml)"}]},{"@type":"WebSite","@id":"https:\/\/nature4me.eu\/de\/#website","url":"https:\/\/nature4me.eu\/de\/","name":"CaliVita Nature4me","description":"CaliVita Nature4me","potentialAction":[{"@type":"SearchAction","target":{"@type":"EntryPoint","urlTemplate":"https:\/\/nature4me.eu\/de\/?s={search_term_string}"},"query-input":{"@type":"PropertyValueSpecification","valueRequired":true,"valueName":"search_term_string"}}],"inLanguage":"de"}]}},"_links":{"self":[{"href":"https:\/\/nature4me.eu\/de\/wp-json\/wp\/v2\/product\/5694","targetHints":{"allow":["GET"]}}],"collection":[{"href":"https:\/\/nature4me.eu\/de\/wp-json\/wp\/v2\/product"}],"about":[{"href":"https:\/\/nature4me.eu\/de\/wp-json\/wp\/v2\/types\/product"}],"replies":[{"embeddable":true,"href":"https:\/\/nature4me.eu\/de\/wp-json\/wp\/v2\/comments?post=5694"}],"wp:featuredmedia":[{"embeddable":true,"href":"https:\/\/nature4me.eu\/de\/wp-json\/wp\/v2\/media\/7399"}],"wp:attachment":[{"href":"https:\/\/nature4me.eu\/de\/wp-json\/wp\/v2\/media?parent=5694"}],"wp:term":[{"taxonomy":"product_brand","embeddable":true,"href":"https:\/\/nature4me.eu\/de\/wp-json\/wp\/v2\/product_brand?post=5694"},{"taxonomy":"product_cat","embeddable":true,"href":"https:\/\/nature4me.eu\/de\/wp-json\/wp\/v2\/product_cat?post=5694"},{"taxonomy":"product_tag","embeddable":true,"href":"https:\/\/nature4me.eu\/de\/wp-json\/wp\/v2\/product_tag?post=5694"}],"curies":[{"name":"wp","href":"https:\/\/api.w.org\/{rel}","templated":true}]}}