{"id":5697,"date":"2016-03-04T13:18:29","date_gmt":"2021-09-02T07:54:50","guid":{"rendered":"https:\/\/nature4me.eu\/?post_type=product&#038;p=5697"},"modified":"2021-12-15T10:23:06","modified_gmt":"2021-12-15T08:23:06","slug":"new-life","status":"publish","type":"product","link":"https:\/\/nature4me.eu\/de\/produkt\/new-life\/","title":{"rendered":"New life (120 Tabletten)"},"content":{"rendered":"<div id=\"product-long-decs\">\n<p>F\u00fcr junge M\u00fctter und schon w\u00e4hrend der Schwangerschaft ist es wichtig, den sich erh\u00f6hten Vitamin und Mineralstoffbedarf zu sichern. Dabei hilft das New Life. Das Eisen, das Vitamin C, die Vitamine B, das Kalzium und das Magnesium sind bei Blutbildung des Fetusses, zur gesunden Entwicklung des Immunsystems, des Knochensystems und des Nervensystems und zur F\u00f6rderung des Organismus der Mutter unentbehrlich. Au\u00dferdem nimmt die Fols\u00e4ure an der Entwicklung der Gewebe der Mutter, am Bewahren des normalen psychischen Zustandes, beziehungsweise an der Entwicklung des lebensnotwendigen Nervensystems des Fetusses teil.<\/p>\n<h4>Wem und wozu empfehlen wir es:<\/h4>\n<ul>\n<li>Denjenigen, die Baby planen,<\/li>\n<li>f\u00fcr schwangere und stillende M\u00fctter.<\/li>\n<\/ul>\n<\/div>\n<p>KoagKag approval number:4340-0820-2985<br \/>\n<!-- Product Specification --><\/p>\n<div id=\"wmark\">\n<div class=\"wmark-bckg\">nature4me.eu<\/div>\n<\/div>\n<table class=\"product_details_body\" border=\"0\" width=\"500\" cellspacing=\"0\" align=\"center\" bgcolor=\"#7CDB8B\">\n<tbody>\n<tr bgcolor=\"#3c8b47\">\n<td height=\"20\"><u>Wirkstoffe Tablette\/Kapsel:<\/u><\/td>\n<td width=\"100\"><span class=\"pvdecla\">(View Declaration)<\/span><\/td>\n<td width=\"70\"><span class=\"pd-rda\">*RDA:<\/span><\/td>\n<\/tr>\n<tr>\n<td>Vitamin D3<\/td>\n<td>400 I.U.<\/td>\n<td>100%<\/td>\n<\/tr>\n<tr>\n<td>Kalzium<\/td>\n<td>325 mg<\/td>\n<td>33%<\/td>\n<\/tr>\n<tr>\n<td>Magnezium<\/td>\n<td>112,5 mg<\/td>\n<td>28%<\/td>\n<\/tr>\n<tr>\n<td>Vitamin C<\/td>\n<td>60 mg<\/td>\n<td>100%<\/td>\n<\/tr>\n<tr>\n<td>Inositol<\/td>\n<td>10 mg<\/td>\n<td><\/td>\n<\/tr>\n<tr>\n<td>Choline<\/td>\n<td>10 mg<\/td>\n<td><\/td>\n<\/tr>\n<tr>\n<td>Niacin<\/td>\n<td>90 mg<\/td>\n<td>45%<\/td>\n<\/tr>\n<tr>\n<td>Zink<\/td>\n<td>8 mg<\/td>\n<td>53%<\/td>\n<\/tr>\n<tr>\n<td>Kupfer<\/td>\n<td>1 mg<\/td>\n<td>50%<\/td>\n<\/tr>\n<tr>\n<td>Vitamin B1<\/td>\n<td>0,8 mg<\/td>\n<td>53%<\/td>\n<\/tr>\n<tr>\n<td>Fols\u00e4ure<\/td>\n<td>400 mcg<\/td>\n<td>100%<\/td>\n<\/tr>\n<tr>\n<td>Jod<\/td>\n<td>75 mcg<\/td>\n<td>50%<\/td>\n<\/tr>\n<tr>\n<td>Biotin<\/td>\n<td>60 mcg<\/td>\n<td>20%<\/td>\n<\/tr>\n<tr>\n<td>Chrom<\/td>\n<td>25 mcg<\/td>\n<td>21%<\/td>\n<\/tr>\n<tr>\n<td>Vitamin B12<\/td>\n<td>1 mcg<\/td>\n<td>17%<\/td>\n<\/tr>\n<tr>\n<td>Vitamin E<\/td>\n<td>7,5 mg<\/td>\n<td>25%<\/td>\n<\/tr>\n<tr>\n<td>Pantothens\u00e4ure<\/td>\n<td>4 mg<\/td>\n<td>40%<\/td>\n<\/tr>\n<tr>\n<td>Eisen<\/td>\n<td>4 mg<\/td>\n<td>22%<\/td>\n<\/tr>\n<tr>\n<td>Beta Karotin<\/td>\n<td>2,5 mg<\/td>\n<td>28%<\/td>\n<\/tr>\n<tr>\n<td>Vitamin B2<\/td>\n<td>1 mg<\/td>\n<td>59%<\/td>\n<\/tr>\n<tr>\n<td>Vitamin B6<\/td>\n<td>1 mg<\/td>\n<td>50%<\/td>\n<\/tr>\n<tr>\n<td>Mangan<\/td>\n<td>1 mg<\/td>\n<td><\/td>\n<\/tr>\n<tr>\n<td>Para-Amino-Benzoes\u00e4ure<\/td>\n<td>1 mg<\/td>\n<td>28%<\/td>\n<\/tr>\n<tr>\n<td colspan=\"3\" height=\"10\"><\/td>\n<\/tr>\n<tr bgcolor=\"#3c8b47\">\n<td colspan=\"3\" height=\"20\"><u>Dosierung *RDA:<\/u><\/td>\n<\/tr>\n<tr>\n<td colspan=\"3\" align=\"center\" height=\"15\">t\u00e4glich 2 Tabletten, mit Fr\u00fchst\u00fcck 1 Tablette, mit Abendessen 1 Tablette.<\/td>\n<\/tr>\n<tr bgcolor=\"#3c8b47\">\n<td colspan=\"3\" height=\"20\"><u>Inaktive Inhaltsstoffe, Warnungen und Produktdeklarationen:<\/u><\/td>\n<\/tr>\n<tr>\n<td colspan=\"3\" height=\"10\">Andere Zutaten:<\/td>\n<\/tr>\n<tr>\n<td colspan=\"3\" height=\"10\"><\/td>\n<\/tr>\n<\/tbody>\n<\/table>\n<p><!-- End Product Specification --><\/p>\n<div id=\"product-declaration-title\">Nahrungserg\u00e4nzungsmittel<\/div>\n<div class=\"prod-declaration\">\n<div class=\"declar-txt\">\n<p>((* RDA = Tageswert) Die empfohlenen Tagesmengen sollten nicht \u00fcberschritten werden. Das Nahrungserg\u00e4nzungsmittel ist kein Ersatz f\u00fcr eine ausgewogene und abwechslungsreiche Ern\u00e4hrung. Au\u00dferhalb der Reichweite von Kindern aufbewahren.<\/p>\n<\/div>\n<div class=\"declar-img\"><a href=\"https:\/\/nature4me.eu\/wp-content\/themes\/n4mtheme\/images\/declaration\/CV0195_New_Life_EN.pdf\" target=\"_blank\" rel=\"noopener\">View Declaration ENG<\/a><\/div>\n<\/div>\n<p><!-- End Product Declaration --><\/p>\n","protected":false},"excerpt":{"rendered":"<p><!-- Short Details --><\/p>\n<div class=\"short-product-desc\">\n<div>\n<h2 class=\"details_h3\">Multivitamin f\u00fcr schwangere und stillende M\u00fctter<\/h2>\n<div id=\"xdetails_close_icon\" class=\"close\"><\/div>\n<div class=\"spacer\"><\/div>\n<div class=\"details_h3\"><\/div>\n<\/div>\n<div id=\"frame_prod_details\"><\/div>\n<\/div>\n","protected":false},"featured_media":7318,"comment_status":"closed","ping_status":"closed","template":"","meta":{"inline_featured_image":false,"_monsterinsights_skip_tracking":false,"_monsterinsights_sitenote_active":false,"_monsterinsights_sitenote_note":"","_monsterinsights_sitenote_category":0},"product_brand":[],"product_cat":[160],"product_tag":[],"class_list":{"0":"post-5697","1":"product","2":"type-product","3":"status-publish","4":"has-post-thumbnail","6":"product_cat-multivitamine-de","8":"first","9":"instock","10":"taxable","11":"shipping-taxable","12":"purchasable","13":"product-type-simple"},"yoast_head":"<!-- This site is optimized with the Yoast SEO Premium plugin v21.9 (Yoast SEO v26.6) - https:\/\/yoast.com\/wordpress\/plugins\/seo\/ -->\n<title>Multivitamin f\u00fcr schwangere<\/title>\n<meta name=\"description\" content=\"Multivitamin f\u00fcr schwangere und stillende M\u00fctter New Life Calivita (120 Tabletten)\" \/>\n<meta name=\"robots\" content=\"index, follow, max-snippet:-1, max-image-preview:large, max-video-preview:-1\" \/>\n<link rel=\"canonical\" href=\"https:\/\/nature4me.eu\/de\/produkt\/new-life\/\" \/>\n<meta property=\"og:locale\" content=\"de_DE\" \/>\n<meta property=\"og:type\" content=\"article\" \/>\n<meta property=\"og:title\" content=\"New life (120 Tabletten)\" \/>\n<meta property=\"og:description\" content=\"Multivitamin f\u00fcr schwangere und stillende M\u00fctter New Life Calivita (120 Tabletten)\" \/>\n<meta property=\"og:url\" content=\"https:\/\/nature4me.eu\/de\/produkt\/new-life\/\" \/>\n<meta property=\"og:site_name\" content=\"CaliVita Nature4me\" \/>\n<meta property=\"article:publisher\" content=\"https:\/\/www.facebook.com\/zdravjeiznarave.eu\" \/>\n<meta property=\"article:modified_time\" content=\"2021-12-15T08:23:06+00:00\" \/>\n<meta property=\"og:image\" content=\"https:\/\/nature4me.eu\/wp-content\/uploads\/2016\/03\/New-Life-1.png\" \/>\n\t<meta property=\"og:image:width\" content=\"200\" \/>\n\t<meta property=\"og:image:height\" content=\"382\" \/>\n\t<meta property=\"og:image:type\" content=\"image\/png\" \/>\n<meta name=\"twitter:card\" content=\"summary_large_image\" \/>\n<meta name=\"twitter:label1\" content=\"Gesch\u00e4tzte Lesezeit\" \/>\n\t<meta name=\"twitter:data1\" content=\"1\u00a0Minute\" \/>\n<script type=\"application\/ld+json\" class=\"yoast-schema-graph\">{\"@context\":\"https:\/\/schema.org\",\"@graph\":[{\"@type\":\"WebPage\",\"@id\":\"https:\/\/nature4me.eu\/de\/produkt\/new-life\/\",\"url\":\"https:\/\/nature4me.eu\/de\/produkt\/new-life\/\",\"name\":\"Multivitamin f\u00fcr schwangere\",\"isPartOf\":{\"@id\":\"https:\/\/nature4me.eu\/de\/#website\"},\"primaryImageOfPage\":{\"@id\":\"https:\/\/nature4me.eu\/de\/produkt\/new-life\/#primaryimage\"},\"image\":{\"@id\":\"https:\/\/nature4me.eu\/de\/produkt\/new-life\/#primaryimage\"},\"thumbnailUrl\":\"https:\/\/nature4me.eu\/wp-content\/uploads\/2016\/03\/New-Life-1.png\",\"datePublished\":\"2021-09-02T07:54:50+00:00\",\"dateModified\":\"2021-12-15T08:23:06+00:00\",\"description\":\"Multivitamin f\u00fcr schwangere und stillende M\u00fctter New Life Calivita (120 Tabletten)\",\"breadcrumb\":{\"@id\":\"https:\/\/nature4me.eu\/de\/produkt\/new-life\/#breadcrumb\"},\"inLanguage\":\"de\",\"potentialAction\":[{\"@type\":\"ReadAction\",\"target\":[\"https:\/\/nature4me.eu\/de\/produkt\/new-life\/\"]}]},{\"@type\":\"ImageObject\",\"inLanguage\":\"de\",\"@id\":\"https:\/\/nature4me.eu\/de\/produkt\/new-life\/#primaryimage\",\"url\":\"https:\/\/nature4me.eu\/wp-content\/uploads\/2016\/03\/New-Life-1.png\",\"contentUrl\":\"https:\/\/nature4me.eu\/wp-content\/uploads\/2016\/03\/New-Life-1.png\",\"width\":200,\"height\":382,\"caption\":\"Nabolj\u0161i vitamini za nose\u010dnice\"},{\"@type\":\"BreadcrumbList\",\"@id\":\"https:\/\/nature4me.eu\/de\/produkt\/new-life\/#breadcrumb\",\"itemListElement\":[{\"@type\":\"ListItem\",\"position\":1,\"name\":\"Po\u010detna stranica\",\"item\":\"https:\/\/nature4me.eu\/de\/\"},{\"@type\":\"ListItem\",\"position\":2,\"name\":\"Webshop\",\"item\":\"https:\/\/nature4me.eu\/de\/shop\/\"},{\"@type\":\"ListItem\",\"position\":3,\"name\":\"New life (120 Tabletten)\"}]},{\"@type\":\"WebSite\",\"@id\":\"https:\/\/nature4me.eu\/de\/#website\",\"url\":\"https:\/\/nature4me.eu\/de\/\",\"name\":\"CaliVita Nature4me\",\"description\":\"CaliVita Nature4me\",\"potentialAction\":[{\"@type\":\"SearchAction\",\"target\":{\"@type\":\"EntryPoint\",\"urlTemplate\":\"https:\/\/nature4me.eu\/de\/?s={search_term_string}\"},\"query-input\":{\"@type\":\"PropertyValueSpecification\",\"valueRequired\":true,\"valueName\":\"search_term_string\"}}],\"inLanguage\":\"de\"}]}<\/script>\n<!-- \/ Yoast SEO Premium plugin. -->","yoast_head_json":{"title":"Multivitamin f\u00fcr schwangere","description":"Multivitamin f\u00fcr schwangere und stillende M\u00fctter New Life Calivita (120 Tabletten)","robots":{"index":"index","follow":"follow","max-snippet":"max-snippet:-1","max-image-preview":"max-image-preview:large","max-video-preview":"max-video-preview:-1"},"canonical":"https:\/\/nature4me.eu\/de\/produkt\/new-life\/","og_locale":"de_DE","og_type":"article","og_title":"New life (120 Tabletten)","og_description":"Multivitamin f\u00fcr schwangere und stillende M\u00fctter New Life Calivita (120 Tabletten)","og_url":"https:\/\/nature4me.eu\/de\/produkt\/new-life\/","og_site_name":"CaliVita Nature4me","article_publisher":"https:\/\/www.facebook.com\/zdravjeiznarave.eu","article_modified_time":"2021-12-15T08:23:06+00:00","og_image":[{"width":200,"height":382,"url":"https:\/\/nature4me.eu\/wp-content\/uploads\/2016\/03\/New-Life-1.png","type":"image\/png"}],"twitter_card":"summary_large_image","twitter_misc":{"Gesch\u00e4tzte Lesezeit":"1\u00a0Minute"},"schema":{"@context":"https:\/\/schema.org","@graph":[{"@type":"WebPage","@id":"https:\/\/nature4me.eu\/de\/produkt\/new-life\/","url":"https:\/\/nature4me.eu\/de\/produkt\/new-life\/","name":"Multivitamin f\u00fcr schwangere","isPartOf":{"@id":"https:\/\/nature4me.eu\/de\/#website"},"primaryImageOfPage":{"@id":"https:\/\/nature4me.eu\/de\/produkt\/new-life\/#primaryimage"},"image":{"@id":"https:\/\/nature4me.eu\/de\/produkt\/new-life\/#primaryimage"},"thumbnailUrl":"https:\/\/nature4me.eu\/wp-content\/uploads\/2016\/03\/New-Life-1.png","datePublished":"2021-09-02T07:54:50+00:00","dateModified":"2021-12-15T08:23:06+00:00","description":"Multivitamin f\u00fcr schwangere und stillende M\u00fctter New Life Calivita (120 Tabletten)","breadcrumb":{"@id":"https:\/\/nature4me.eu\/de\/produkt\/new-life\/#breadcrumb"},"inLanguage":"de","potentialAction":[{"@type":"ReadAction","target":["https:\/\/nature4me.eu\/de\/produkt\/new-life\/"]}]},{"@type":"ImageObject","inLanguage":"de","@id":"https:\/\/nature4me.eu\/de\/produkt\/new-life\/#primaryimage","url":"https:\/\/nature4me.eu\/wp-content\/uploads\/2016\/03\/New-Life-1.png","contentUrl":"https:\/\/nature4me.eu\/wp-content\/uploads\/2016\/03\/New-Life-1.png","width":200,"height":382,"caption":"Nabolj\u0161i vitamini za nose\u010dnice"},{"@type":"BreadcrumbList","@id":"https:\/\/nature4me.eu\/de\/produkt\/new-life\/#breadcrumb","itemListElement":[{"@type":"ListItem","position":1,"name":"Po\u010detna stranica","item":"https:\/\/nature4me.eu\/de\/"},{"@type":"ListItem","position":2,"name":"Webshop","item":"https:\/\/nature4me.eu\/de\/shop\/"},{"@type":"ListItem","position":3,"name":"New life (120 Tabletten)"}]},{"@type":"WebSite","@id":"https:\/\/nature4me.eu\/de\/#website","url":"https:\/\/nature4me.eu\/de\/","name":"CaliVita Nature4me","description":"CaliVita Nature4me","potentialAction":[{"@type":"SearchAction","target":{"@type":"EntryPoint","urlTemplate":"https:\/\/nature4me.eu\/de\/?s={search_term_string}"},"query-input":{"@type":"PropertyValueSpecification","valueRequired":true,"valueName":"search_term_string"}}],"inLanguage":"de"}]}},"_links":{"self":[{"href":"https:\/\/nature4me.eu\/de\/wp-json\/wp\/v2\/product\/5697","targetHints":{"allow":["GET"]}}],"collection":[{"href":"https:\/\/nature4me.eu\/de\/wp-json\/wp\/v2\/product"}],"about":[{"href":"https:\/\/nature4me.eu\/de\/wp-json\/wp\/v2\/types\/product"}],"replies":[{"embeddable":true,"href":"https:\/\/nature4me.eu\/de\/wp-json\/wp\/v2\/comments?post=5697"}],"wp:featuredmedia":[{"embeddable":true,"href":"https:\/\/nature4me.eu\/de\/wp-json\/wp\/v2\/media\/7318"}],"wp:attachment":[{"href":"https:\/\/nature4me.eu\/de\/wp-json\/wp\/v2\/media?parent=5697"}],"wp:term":[{"taxonomy":"product_brand","embeddable":true,"href":"https:\/\/nature4me.eu\/de\/wp-json\/wp\/v2\/product_brand?post=5697"},{"taxonomy":"product_cat","embeddable":true,"href":"https:\/\/nature4me.eu\/de\/wp-json\/wp\/v2\/product_cat?post=5697"},{"taxonomy":"product_tag","embeddable":true,"href":"https:\/\/nature4me.eu\/de\/wp-json\/wp\/v2\/product_tag?post=5697"}],"curies":[{"name":"wp","href":"https:\/\/api.w.org\/{rel}","templated":true}]}}