{"id":5699,"date":"2016-03-04T13:01:41","date_gmt":"2021-09-02T08:16:46","guid":{"rendered":"https:\/\/nature4me.eu\/?post_type=product&#038;p=5699"},"modified":"2021-12-15T10:35:52","modified_gmt":"2021-12-15T08:35:52","slug":"mega-qprotect","status":"publish","type":"product","link":"https:\/\/nature4me.eu\/de\/produkt\/mega-qprotect\/","title":{"rendered":"Mega qProtect (90 Tabletten)"},"content":{"rendered":"<div id=\"product-long-decs\">\n<p>Im Alter bzw. in einer gestressten Periode erz\u00e4hlen wir oft \u00fcber schw\u00e4chere Konzentration, unscharfes Sehen, Ver\u00e4nderungen des Blutkreislaufes. Das Mega Q Protect ist ein komplexes antioxidatives Erzeugnis mit Megadosis, das unsere Zellen mit Vitaminen, Spurenelementen, Aminos\u00e4uren und Pflanzenextrakten, die es enth\u00e4lt, erh\u00f6ht und gezielter sch\u00fctzt.<\/p>\n<p>Der Ginkgo, der Gr\u00fcne Tee und das CoQ10 geben Energie, sie f\u00f6rdern den Blutkreislauf, bewahren die normale Gehirn- und Herzfunktion. Die Heidelbeeren und das Beta-Carotin sch\u00fctzen die Gesundheit unserer Augen, w\u00e4hrend die Aminos\u00e4uren den Alterungsprozess unserer Zellen stark verlangsamen.<\/p>\n<h4>Wem und wozu empfehlen wir es:<\/h4>\n<ul>\n<li>Bei erh\u00f6hter geistiger Belastung, in der vorlesungsfreien Zeit, beim Stress auf dem Arbeitsplatz zur Konzentrationsverbesserung,<\/li>\n<li>\u00e4lteren Menschen zur normalen Gehirnfunktion und zum Bewahren der Ged\u00e4chtniskapazit\u00e4t,<\/li>\n<li>bei Herz- und Kreislaufproblemen,<\/li>\n<li>bei erh\u00f6hter Belastung der Augen,<\/li>\n<li>denjenigen, die oft kalte Gliedma\u00dfen haben,<\/li>\n<li>beim Ohrensausen,<\/li>\n<li>aktiven oder passiven Rauchern,<\/li>\n<li>denjenigen, die regelm\u00e4\u00dfig Alkohol konsumieren,<\/li>\n<li>denjenigen, die sich einen erh\u00f6hten antioxidativen Schutz und Immunst\u00e4rkung w\u00fcnschen.<\/li>\n<\/ul>\n<\/div>\n<p><!-- Product Specification --><\/p>\n<table class=\"product_details_body\" border=\"0\" width=\"500\" cellspacing=\"0\" align=\"center\" bgcolor=\"#7CDB8B\">\n<tbody>\n<tr bgcolor=>\n<td height=\"20\"><u>Wirkstoffe Tablette\/Kapsel:<\/u><\/td>\n<td width=\"100\"><span class=\"pvdecla\">(View Declaration)<\/span><\/td>\n<td width=\"70\"><span class=\"pd-rda\">*RDA:<\/span><\/td>\n<\/tr>\n<tr>\n<td>Beta carotin<\/td>\n<td>16667 I.U.<\/td>\n<td>111%<\/td>\n<\/tr>\n<tr>\n<td>Retinol<\/td>\n<td>4995 I.U.<\/td>\n<td>100 %<\/td>\n<\/tr>\n<tr>\n<td>Lycopene complex<\/td>\n<td>5 mg<\/td>\n<td><\/td>\n<\/tr>\n<tr>\n<td>Vitamin C<\/td>\n<td>200 mg<\/td>\n<td>333%<\/td>\n<\/tr>\n<tr>\n<td>Vitamin E<\/td>\n<td>100 mg<\/td>\n<td>333%<\/td>\n<\/tr>\n<tr>\n<td>Selen<\/td>\n<td>50 mcg<\/td>\n<td>71%<\/td>\n<\/tr>\n<tr>\n<td>Zink<\/td>\n<td>8 mg<\/td>\n<td>53%<\/td>\n<\/tr>\n<tr>\n<td>Mangan<\/td>\n<td>2 mg<\/td>\n<td>100%<\/td>\n<\/tr>\n<tr>\n<td>Coenzyme Q10<\/td>\n<td>10 mg<\/td>\n<td><\/td>\n<\/tr>\n<tr>\n<td>L-Zystein<\/td>\n<td>100 mg<\/td>\n<td><\/td>\n<\/tr>\n<tr>\n<td>L-Glutation<\/td>\n<td>20 mg<\/td>\n<td><\/td>\n<\/tr>\n<tr>\n<td>Alpha-Lipons\u00e4ure<\/td>\n<td>20 mg<\/td>\n<td><\/td>\n<\/tr>\n<tr>\n<td>Schwarzbeere Extrakt (std. 25% anthocyanins)<\/td>\n<td>5 mg<\/td>\n<td><\/td>\n<\/tr>\n<tr>\n<td>Ginkgo biloba Extrakt (std. 24% flavonglycosides)<\/td>\n<td>20 mg<\/td>\n<td><\/td>\n<\/tr>\n<tr>\n<td>Gr\u00fcner Tee Blatt Extrakt (std. 20% Polyphenols)<\/td>\n<td>15 mg<\/td>\n<td><\/td>\n<\/tr>\n<tr>\n<td colspan=\"3\" height=\"10\"><\/td>\n<\/tr>\n<tr bgcolor=>\n<td colspan=\"3\" height=\"20\"><u>Dosierung *RDA:<\/u><\/td>\n<\/tr>\n<tr>\n<td colspan=\"3\" align=\"center\" height=\"15\">2-4 Tabletten t\u00e4glich, nach der Mahlzeit<\/td>\n<\/tr>\n<tr bgcolor=>\n<td colspan=\"3\" height=\"20\"><u>Inaktive Inhaltsstoffe, Warnungen und Produktdeklarationen:<\/u><\/td>\n<\/tr>\n<tr>\n<td colspan=\"3\" height=\"10\">Andere Zutaten:<\/td>\n<\/tr>\n<tr>\n<td colspan=\"3\" height=\"10\"><\/td>\n<\/tr>\n<\/tbody>\n<\/table>\n<p><!-- End Product Specification --><\/p>\n<p><!-- Product Declaration --><\/p>\n<div id=\"product-declaration-title\">Nahrungserg\u00e4nzungsmittel<\/div>\n<div class=\"prod-declaration\">\n<div class=\"declar-txt\">\n<p>(* RDA = Tageswert) Die empfohlenen Tagesmengen sollten nicht \u00fcberschritten werden. Das Nahrungserg\u00e4nzungsmittel ist kein Ersatz f\u00fcr eine ausgewogene und abwechslungsreiche Ern\u00e4hrung. Au\u00dferhalb der Reichweite von Kindern aufbewahren.<\/p>\n<\/div>\n<div class=\"declar-img\"><a href=\"https:\/\/nature4me.eu\/wp-content\/themes\/n4mtheme\/images\/declaration\/FL0091_Mega_qProtect_EN.pdf\" target=\"_blank\" rel=\"noopener\">View Declaration ENG<\/a><\/div>\n<\/div>\n<p><!-- End Product Declaration --><\/p>\n","protected":false},"excerpt":{"rendered":"<p><!-- Short Details --><\/p>\n<div class=\"short-product-desc\">\n<h2 class=\"details_name\">Antioxidante mit Megadosi<\/h2>\n<\/div>\n","protected":false},"featured_media":7599,"comment_status":"closed","ping_status":"closed","template":"","meta":{"inline_featured_image":false,"_monsterinsights_skip_tracking":false,"_monsterinsights_sitenote_active":false,"_monsterinsights_sitenote_note":"","_monsterinsights_sitenote_category":0},"product_brand":[],"product_cat":[45],"product_tag":[],"class_list":{"0":"post-5699","1":"product","2":"type-product","3":"status-publish","4":"has-post-thumbnail","6":"product_cat-antioxidantien","8":"first","9":"instock","10":"taxable","11":"shipping-taxable","12":"purchasable","13":"product-type-simple"},"yoast_head":"<!-- This site is optimized with the Yoast SEO Premium plugin v21.9 (Yoast SEO v26.6) - https:\/\/yoast.com\/wordpress\/plugins\/seo\/ -->\n<title>Antioxidante Tabletten<\/title>\n<meta name=\"description\" content=\"Das Mega qProtect ist ein komplexes antioxidatives Pr\u00e4parat mit Megadosis.\" \/>\n<meta name=\"robots\" content=\"index, follow, max-snippet:-1, max-image-preview:large, max-video-preview:-1\" \/>\n<link rel=\"canonical\" href=\"https:\/\/nature4me.eu\/de\/produkt\/mega-qprotect\/\" \/>\n<meta property=\"og:locale\" content=\"de_DE\" \/>\n<meta property=\"og:type\" content=\"article\" \/>\n<meta property=\"og:title\" content=\"Mega qProtect (90 Tabletten)\" \/>\n<meta property=\"og:description\" content=\"Das Mega qProtect ist ein komplexes antioxidatives Pr\u00e4parat mit Megadosis.\" \/>\n<meta property=\"og:url\" content=\"https:\/\/nature4me.eu\/de\/produkt\/mega-qprotect\/\" \/>\n<meta property=\"og:site_name\" content=\"CaliVita Nature4me\" \/>\n<meta property=\"article:publisher\" content=\"https:\/\/www.facebook.com\/zdravjeiznarave.eu\" \/>\n<meta property=\"article:modified_time\" content=\"2021-12-15T08:35:52+00:00\" \/>\n<meta property=\"og:image\" content=\"https:\/\/nature4me.eu\/wp-content\/uploads\/2016\/03\/Mega-Q-Protect-1.png\" \/>\n\t<meta property=\"og:image:width\" content=\"166\" \/>\n\t<meta property=\"og:image:height\" content=\"300\" \/>\n\t<meta property=\"og:image:type\" content=\"image\/png\" \/>\n<meta name=\"twitter:card\" content=\"summary_large_image\" \/>\n<meta name=\"twitter:label1\" content=\"Gesch\u00e4tzte Lesezeit\" \/>\n\t<meta name=\"twitter:data1\" content=\"1\u00a0Minute\" \/>\n<script type=\"application\/ld+json\" class=\"yoast-schema-graph\">{\"@context\":\"https:\/\/schema.org\",\"@graph\":[{\"@type\":\"WebPage\",\"@id\":\"https:\/\/nature4me.eu\/de\/produkt\/mega-qprotect\/\",\"url\":\"https:\/\/nature4me.eu\/de\/produkt\/mega-qprotect\/\",\"name\":\"Antioxidante Tabletten\",\"isPartOf\":{\"@id\":\"https:\/\/nature4me.eu\/de\/#website\"},\"primaryImageOfPage\":{\"@id\":\"https:\/\/nature4me.eu\/de\/produkt\/mega-qprotect\/#primaryimage\"},\"image\":{\"@id\":\"https:\/\/nature4me.eu\/de\/produkt\/mega-qprotect\/#primaryimage\"},\"thumbnailUrl\":\"https:\/\/nature4me.eu\/wp-content\/uploads\/2016\/03\/Mega-Q-Protect-1.png\",\"datePublished\":\"2021-09-02T08:16:46+00:00\",\"dateModified\":\"2021-12-15T08:35:52+00:00\",\"description\":\"Das Mega qProtect ist ein komplexes antioxidatives Pr\u00e4parat mit Megadosis.\",\"breadcrumb\":{\"@id\":\"https:\/\/nature4me.eu\/de\/produkt\/mega-qprotect\/#breadcrumb\"},\"inLanguage\":\"de\",\"potentialAction\":[{\"@type\":\"ReadAction\",\"target\":[\"https:\/\/nature4me.eu\/de\/produkt\/mega-qprotect\/\"]}]},{\"@type\":\"ImageObject\",\"inLanguage\":\"de\",\"@id\":\"https:\/\/nature4me.eu\/de\/produkt\/mega-qprotect\/#primaryimage\",\"url\":\"https:\/\/nature4me.eu\/wp-content\/uploads\/2016\/03\/Mega-Q-Protect-1.png\",\"contentUrl\":\"https:\/\/nature4me.eu\/wp-content\/uploads\/2016\/03\/Mega-Q-Protect-1.png\",\"width\":166,\"height\":300},{\"@type\":\"BreadcrumbList\",\"@id\":\"https:\/\/nature4me.eu\/de\/produkt\/mega-qprotect\/#breadcrumb\",\"itemListElement\":[{\"@type\":\"ListItem\",\"position\":1,\"name\":\"Po\u010detna stranica\",\"item\":\"https:\/\/nature4me.eu\/de\/\"},{\"@type\":\"ListItem\",\"position\":2,\"name\":\"Webshop\",\"item\":\"https:\/\/nature4me.eu\/de\/shop\/\"},{\"@type\":\"ListItem\",\"position\":3,\"name\":\"Mega qProtect (90 Tabletten)\"}]},{\"@type\":\"WebSite\",\"@id\":\"https:\/\/nature4me.eu\/de\/#website\",\"url\":\"https:\/\/nature4me.eu\/de\/\",\"name\":\"CaliVita Nature4me\",\"description\":\"CaliVita Nature4me\",\"potentialAction\":[{\"@type\":\"SearchAction\",\"target\":{\"@type\":\"EntryPoint\",\"urlTemplate\":\"https:\/\/nature4me.eu\/de\/?s={search_term_string}\"},\"query-input\":{\"@type\":\"PropertyValueSpecification\",\"valueRequired\":true,\"valueName\":\"search_term_string\"}}],\"inLanguage\":\"de\"}]}<\/script>\n<!-- \/ Yoast SEO Premium plugin. -->","yoast_head_json":{"title":"Antioxidante Tabletten","description":"Das Mega qProtect ist ein komplexes antioxidatives Pr\u00e4parat mit Megadosis.","robots":{"index":"index","follow":"follow","max-snippet":"max-snippet:-1","max-image-preview":"max-image-preview:large","max-video-preview":"max-video-preview:-1"},"canonical":"https:\/\/nature4me.eu\/de\/produkt\/mega-qprotect\/","og_locale":"de_DE","og_type":"article","og_title":"Mega qProtect (90 Tabletten)","og_description":"Das Mega qProtect ist ein komplexes antioxidatives Pr\u00e4parat mit Megadosis.","og_url":"https:\/\/nature4me.eu\/de\/produkt\/mega-qprotect\/","og_site_name":"CaliVita Nature4me","article_publisher":"https:\/\/www.facebook.com\/zdravjeiznarave.eu","article_modified_time":"2021-12-15T08:35:52+00:00","og_image":[{"width":166,"height":300,"url":"https:\/\/nature4me.eu\/wp-content\/uploads\/2016\/03\/Mega-Q-Protect-1.png","type":"image\/png"}],"twitter_card":"summary_large_image","twitter_misc":{"Gesch\u00e4tzte Lesezeit":"1\u00a0Minute"},"schema":{"@context":"https:\/\/schema.org","@graph":[{"@type":"WebPage","@id":"https:\/\/nature4me.eu\/de\/produkt\/mega-qprotect\/","url":"https:\/\/nature4me.eu\/de\/produkt\/mega-qprotect\/","name":"Antioxidante Tabletten","isPartOf":{"@id":"https:\/\/nature4me.eu\/de\/#website"},"primaryImageOfPage":{"@id":"https:\/\/nature4me.eu\/de\/produkt\/mega-qprotect\/#primaryimage"},"image":{"@id":"https:\/\/nature4me.eu\/de\/produkt\/mega-qprotect\/#primaryimage"},"thumbnailUrl":"https:\/\/nature4me.eu\/wp-content\/uploads\/2016\/03\/Mega-Q-Protect-1.png","datePublished":"2021-09-02T08:16:46+00:00","dateModified":"2021-12-15T08:35:52+00:00","description":"Das Mega qProtect ist ein komplexes antioxidatives Pr\u00e4parat mit Megadosis.","breadcrumb":{"@id":"https:\/\/nature4me.eu\/de\/produkt\/mega-qprotect\/#breadcrumb"},"inLanguage":"de","potentialAction":[{"@type":"ReadAction","target":["https:\/\/nature4me.eu\/de\/produkt\/mega-qprotect\/"]}]},{"@type":"ImageObject","inLanguage":"de","@id":"https:\/\/nature4me.eu\/de\/produkt\/mega-qprotect\/#primaryimage","url":"https:\/\/nature4me.eu\/wp-content\/uploads\/2016\/03\/Mega-Q-Protect-1.png","contentUrl":"https:\/\/nature4me.eu\/wp-content\/uploads\/2016\/03\/Mega-Q-Protect-1.png","width":166,"height":300},{"@type":"BreadcrumbList","@id":"https:\/\/nature4me.eu\/de\/produkt\/mega-qprotect\/#breadcrumb","itemListElement":[{"@type":"ListItem","position":1,"name":"Po\u010detna stranica","item":"https:\/\/nature4me.eu\/de\/"},{"@type":"ListItem","position":2,"name":"Webshop","item":"https:\/\/nature4me.eu\/de\/shop\/"},{"@type":"ListItem","position":3,"name":"Mega qProtect (90 Tabletten)"}]},{"@type":"WebSite","@id":"https:\/\/nature4me.eu\/de\/#website","url":"https:\/\/nature4me.eu\/de\/","name":"CaliVita Nature4me","description":"CaliVita Nature4me","potentialAction":[{"@type":"SearchAction","target":{"@type":"EntryPoint","urlTemplate":"https:\/\/nature4me.eu\/de\/?s={search_term_string}"},"query-input":{"@type":"PropertyValueSpecification","valueRequired":true,"valueName":"search_term_string"}}],"inLanguage":"de"}]}},"_links":{"self":[{"href":"https:\/\/nature4me.eu\/de\/wp-json\/wp\/v2\/product\/5699","targetHints":{"allow":["GET"]}}],"collection":[{"href":"https:\/\/nature4me.eu\/de\/wp-json\/wp\/v2\/product"}],"about":[{"href":"https:\/\/nature4me.eu\/de\/wp-json\/wp\/v2\/types\/product"}],"replies":[{"embeddable":true,"href":"https:\/\/nature4me.eu\/de\/wp-json\/wp\/v2\/comments?post=5699"}],"wp:featuredmedia":[{"embeddable":true,"href":"https:\/\/nature4me.eu\/de\/wp-json\/wp\/v2\/media\/7599"}],"wp:attachment":[{"href":"https:\/\/nature4me.eu\/de\/wp-json\/wp\/v2\/media?parent=5699"}],"wp:term":[{"taxonomy":"product_brand","embeddable":true,"href":"https:\/\/nature4me.eu\/de\/wp-json\/wp\/v2\/product_brand?post=5699"},{"taxonomy":"product_cat","embeddable":true,"href":"https:\/\/nature4me.eu\/de\/wp-json\/wp\/v2\/product_cat?post=5699"},{"taxonomy":"product_tag","embeddable":true,"href":"https:\/\/nature4me.eu\/de\/wp-json\/wp\/v2\/product_tag?post=5699"}],"curies":[{"name":"wp","href":"https:\/\/api.w.org\/{rel}","templated":true}]}}