{"id":5701,"date":"2016-03-04T11:57:10","date_gmt":"2021-09-02T09:04:46","guid":{"rendered":"https:\/\/nature4me.eu\/?post_type=product&#038;p=5701"},"modified":"2021-12-17T10:05:43","modified_gmt":"2021-12-17T08:05:43","slug":"magnezi-b6","status":"publish","type":"product","link":"https:\/\/nature4me.eu\/de\/produkt\/magnezi-b6\/","title":{"rendered":"MagneZi B6 (90 Tabletten)"},"content":{"rendered":"<div id=\"product-long-decs\">\n<p>Das MagneZi B6 enth\u00e4lt die Drei von den bekannten Wirkstoffen Magnesium, Vitamin B<sub><span lang=\"de-DE\">6<\/span><\/sub><span lang=\"de-DE\"> und Zink, das wir f\u00fcr Sie in einer f\u00fcr den K\u00f6rper einfach verwertenden Form gezielt f\u00fcr die komplexe Unterst\u00fctzung von Muskeln und Nervensystem entwickelt haben<\/span>.<\/p>\n<h4>Wem und wozu empfehlen wir es:<\/h4>\n<ul>\n<li>Sportlern und denen, die physikalische Arbeit leisten,<\/li>\n<li>w\u00e4hrend erh\u00f6hten Fl\u00fcssigkeitsverlustes oder nach erh\u00f6htem Fl\u00fcssigkeitsverlust (z. B. Schwitzen),<\/li>\n<li>bei bedeutender geistiger Inanspruchnahme, in vorlesungsfreier Zeit, unter Stress auf dem Arbeitsplatz,<\/li>\n<li>denjenigen, die ein hoch geschraubtes Leben f\u00fchren,<\/li>\n<li>bei nicht ausgeglichener Ern\u00e4hrung (Verbrauch von wenig Gem\u00fcse oder Fr\u00fcchten, Di\u00e4t, Vegetarismus, Abmagerungskur),<\/li>\n<li>werdenden oder stillenden M\u00fcttern,<\/li>\n<li>denjenigen, die regelm\u00e4\u00dfig Alkohol konsumieren,<\/li>\n<li>allen, die Plus-Energie an langen Tagen brauchen.<\/li>\n<\/ul>\n<\/div>\n<p>KoagKag approval number: 4340-0319-1194<br \/>\n<!-- Product Specification --><\/p>\n<div id=\"wmark\">\n<div class=\"wmark-bckg\">nature4me.eu<\/div>\n<\/div>\n<table class=\"product_details_body\" border=\"0\" width=\"500\" cellspacing=\"0\" align=\"center\" bgcolor=\"#7CDB8B\">\n<tbody>\n<tr bgcolor=\"#3c8b47\">\n<td height=\"20\"><u>Wirkstoffe Tablette\/Kapsel:<\/u><\/td>\n<td width=\"100\"><span class=\"pvdecla\">(View Declaration)<\/span><\/td>\n<td width=\"70\"><span class=\"pd-rda\">*RDA:<\/span><\/td>\n<\/tr>\n<tr>\n<td>Magnesium<\/td>\n<td>100 mg<\/td>\n<td>25%<\/td>\n<\/tr>\n<tr>\n<td>Vitamin B6<\/td>\n<td>5 mg<\/td>\n<td>250%<\/td>\n<\/tr>\n<tr>\n<td>Zink<\/td>\n<td>5 mg<\/td>\n<td>33%<\/td>\n<\/tr>\n<tr>\n<td colspan=\"3\" height=\"10\"><\/td>\n<\/tr>\n<tr bgcolor=\"#3c8b47\">\n<td colspan=\"3\" height=\"20\"><u>Dosierung *RDA:<\/u><\/td>\n<\/tr>\n<tr>\n<td colspan=\"3\" align=\"center\" height=\"15\">1 Tablette t\u00e4glich.<\/td>\n<\/tr>\n<tr bgcolor=\"#3c8b47\">\n<td colspan=\"3\" height=\"20\"><u>IInaktive Inhaltsstoffe, Warnungen und Produktdeklarationen:<\/u><\/td>\n<\/tr>\n<tr>\n<td colspan=\"3\" height=\"10\">Andere Zutaten:<\/td>\n<\/tr>\n<tr>\n<td colspan=\"3\" height=\"10\"><\/td>\n<\/tr>\n<\/tbody>\n<\/table>\n<p><!-- End Product Specification --><\/p>\n<p><!-- Product Declaration --><\/p>\n<div id=\"product-declaration-title\">Nahrungserg\u00e4nzungsmittel<\/div>\n<div class=\"prod-declaration\">\n<div class=\"declar-txt\">\n<p>(* RDA = Tageswert) Die empfohlenen Tagesmengen sollten nicht \u00fcberschritten werden. Das Nahrungserg\u00e4nzungsmittel ist kein Ersatz f\u00fcr eine ausgewogene und abwechslungsreiche Ern\u00e4hrung. Au\u00dferhalb der Reichweite von Kindern aufbewahren.<\/p>\n<\/div>\n<div class=\"declar-img\"><a href=\"https:\/\/nature4me.eu\/wp-content\/themes\/n4mtheme\/images\/declaration\/CV0163_MagneZi_B6_EN.pdf\" target=\"_blank\" rel=\"noopener\">View Declaration ENG<\/a><\/div>\n<\/div>\n<p><!-- End Product Declaration --><\/p>\n","protected":false},"excerpt":{"rendered":"<p><!-- Short Details --><\/p>\n<div class=\"short-product-desc\">\n<h2 class=\"details_name\">Magnesium + Vitamin B6<\/h2>\n<\/div>\n","protected":false},"featured_media":7607,"comment_status":"closed","ping_status":"closed","template":"","meta":{"inline_featured_image":false,"_monsterinsights_skip_tracking":false,"_monsterinsights_sitenote_active":false,"_monsterinsights_sitenote_note":"","_monsterinsights_sitenote_category":0},"product_brand":[],"product_cat":[159],"product_tag":[],"class_list":{"0":"post-5701","1":"product","2":"type-product","3":"status-publish","4":"has-post-thumbnail","6":"product_cat-mineralien-de","8":"first","9":"instock","10":"taxable","11":"shipping-taxable","12":"purchasable","13":"product-type-simple"},"yoast_head":"<!-- This site is optimized with the Yoast SEO Premium plugin v21.9 (Yoast SEO v26.6) - https:\/\/yoast.com\/wordpress\/plugins\/seo\/ -->\n<title>Magnesium Tabletten Calivita<\/title>\n<meta name=\"description\" content=\"Magnesium Tabletten Calivita mit Vitamin B6 und Zink\" \/>\n<meta name=\"robots\" content=\"index, follow, max-snippet:-1, max-image-preview:large, max-video-preview:-1\" \/>\n<link rel=\"canonical\" href=\"https:\/\/nature4me.eu\/de\/produkt\/magnezi-b6\/\" \/>\n<meta property=\"og:locale\" content=\"de_DE\" \/>\n<meta property=\"og:type\" content=\"article\" \/>\n<meta property=\"og:title\" content=\"MagneZi B6 (90 Tabletten)\" \/>\n<meta property=\"og:description\" content=\"Magnesium Tabletten Calivita mit Vitamin B6 und Zink\" \/>\n<meta property=\"og:url\" content=\"https:\/\/nature4me.eu\/de\/produkt\/magnezi-b6\/\" \/>\n<meta property=\"og:site_name\" content=\"CaliVita Nature4me\" \/>\n<meta property=\"article:publisher\" content=\"https:\/\/www.facebook.com\/zdravjeiznarave.eu\" \/>\n<meta property=\"article:modified_time\" content=\"2021-12-17T08:05:43+00:00\" \/>\n<meta property=\"og:image\" content=\"https:\/\/nature4me.eu\/wp-content\/uploads\/2016\/03\/MagneZi-B6-Magnezij-1.png\" \/>\n\t<meta property=\"og:image:width\" content=\"166\" \/>\n\t<meta property=\"og:image:height\" content=\"300\" \/>\n\t<meta property=\"og:image:type\" content=\"image\/png\" \/>\n<meta name=\"twitter:card\" content=\"summary_large_image\" \/>\n<meta name=\"twitter:label1\" content=\"Gesch\u00e4tzte Lesezeit\" \/>\n\t<meta name=\"twitter:data1\" content=\"1\u00a0Minute\" \/>\n<script type=\"application\/ld+json\" class=\"yoast-schema-graph\">{\"@context\":\"https:\/\/schema.org\",\"@graph\":[{\"@type\":\"WebPage\",\"@id\":\"https:\/\/nature4me.eu\/de\/produkt\/magnezi-b6\/\",\"url\":\"https:\/\/nature4me.eu\/de\/produkt\/magnezi-b6\/\",\"name\":\"Magnesium Tabletten Calivita\",\"isPartOf\":{\"@id\":\"https:\/\/nature4me.eu\/de\/#website\"},\"primaryImageOfPage\":{\"@id\":\"https:\/\/nature4me.eu\/de\/produkt\/magnezi-b6\/#primaryimage\"},\"image\":{\"@id\":\"https:\/\/nature4me.eu\/de\/produkt\/magnezi-b6\/#primaryimage\"},\"thumbnailUrl\":\"https:\/\/nature4me.eu\/wp-content\/uploads\/2016\/03\/MagneZi-B6-Magnezij-1.png\",\"datePublished\":\"2021-09-02T09:04:46+00:00\",\"dateModified\":\"2021-12-17T08:05:43+00:00\",\"description\":\"Magnesium Tabletten Calivita mit Vitamin B6 und Zink\",\"breadcrumb\":{\"@id\":\"https:\/\/nature4me.eu\/de\/produkt\/magnezi-b6\/#breadcrumb\"},\"inLanguage\":\"de\",\"potentialAction\":[{\"@type\":\"ReadAction\",\"target\":[\"https:\/\/nature4me.eu\/de\/produkt\/magnezi-b6\/\"]}]},{\"@type\":\"ImageObject\",\"inLanguage\":\"de\",\"@id\":\"https:\/\/nature4me.eu\/de\/produkt\/magnezi-b6\/#primaryimage\",\"url\":\"https:\/\/nature4me.eu\/wp-content\/uploads\/2016\/03\/MagneZi-B6-Magnezij-1.png\",\"contentUrl\":\"https:\/\/nature4me.eu\/wp-content\/uploads\/2016\/03\/MagneZi-B6-Magnezij-1.png\",\"width\":166,\"height\":300,\"caption\":\"magnezij in vitamin B6\"},{\"@type\":\"BreadcrumbList\",\"@id\":\"https:\/\/nature4me.eu\/de\/produkt\/magnezi-b6\/#breadcrumb\",\"itemListElement\":[{\"@type\":\"ListItem\",\"position\":1,\"name\":\"Po\u010detna stranica\",\"item\":\"https:\/\/nature4me.eu\/de\/\"},{\"@type\":\"ListItem\",\"position\":2,\"name\":\"Webshop\",\"item\":\"https:\/\/nature4me.eu\/de\/shop\/\"},{\"@type\":\"ListItem\",\"position\":3,\"name\":\"MagneZi B6 (90 Tabletten)\"}]},{\"@type\":\"WebSite\",\"@id\":\"https:\/\/nature4me.eu\/de\/#website\",\"url\":\"https:\/\/nature4me.eu\/de\/\",\"name\":\"CaliVita Nature4me\",\"description\":\"CaliVita Nature4me\",\"potentialAction\":[{\"@type\":\"SearchAction\",\"target\":{\"@type\":\"EntryPoint\",\"urlTemplate\":\"https:\/\/nature4me.eu\/de\/?s={search_term_string}\"},\"query-input\":{\"@type\":\"PropertyValueSpecification\",\"valueRequired\":true,\"valueName\":\"search_term_string\"}}],\"inLanguage\":\"de\"}]}<\/script>\n<!-- \/ Yoast SEO Premium plugin. -->","yoast_head_json":{"title":"Magnesium Tabletten Calivita","description":"Magnesium Tabletten Calivita mit Vitamin B6 und Zink","robots":{"index":"index","follow":"follow","max-snippet":"max-snippet:-1","max-image-preview":"max-image-preview:large","max-video-preview":"max-video-preview:-1"},"canonical":"https:\/\/nature4me.eu\/de\/produkt\/magnezi-b6\/","og_locale":"de_DE","og_type":"article","og_title":"MagneZi B6 (90 Tabletten)","og_description":"Magnesium Tabletten Calivita mit Vitamin B6 und Zink","og_url":"https:\/\/nature4me.eu\/de\/produkt\/magnezi-b6\/","og_site_name":"CaliVita Nature4me","article_publisher":"https:\/\/www.facebook.com\/zdravjeiznarave.eu","article_modified_time":"2021-12-17T08:05:43+00:00","og_image":[{"width":166,"height":300,"url":"https:\/\/nature4me.eu\/wp-content\/uploads\/2016\/03\/MagneZi-B6-Magnezij-1.png","type":"image\/png"}],"twitter_card":"summary_large_image","twitter_misc":{"Gesch\u00e4tzte Lesezeit":"1\u00a0Minute"},"schema":{"@context":"https:\/\/schema.org","@graph":[{"@type":"WebPage","@id":"https:\/\/nature4me.eu\/de\/produkt\/magnezi-b6\/","url":"https:\/\/nature4me.eu\/de\/produkt\/magnezi-b6\/","name":"Magnesium Tabletten Calivita","isPartOf":{"@id":"https:\/\/nature4me.eu\/de\/#website"},"primaryImageOfPage":{"@id":"https:\/\/nature4me.eu\/de\/produkt\/magnezi-b6\/#primaryimage"},"image":{"@id":"https:\/\/nature4me.eu\/de\/produkt\/magnezi-b6\/#primaryimage"},"thumbnailUrl":"https:\/\/nature4me.eu\/wp-content\/uploads\/2016\/03\/MagneZi-B6-Magnezij-1.png","datePublished":"2021-09-02T09:04:46+00:00","dateModified":"2021-12-17T08:05:43+00:00","description":"Magnesium Tabletten Calivita mit Vitamin B6 und Zink","breadcrumb":{"@id":"https:\/\/nature4me.eu\/de\/produkt\/magnezi-b6\/#breadcrumb"},"inLanguage":"de","potentialAction":[{"@type":"ReadAction","target":["https:\/\/nature4me.eu\/de\/produkt\/magnezi-b6\/"]}]},{"@type":"ImageObject","inLanguage":"de","@id":"https:\/\/nature4me.eu\/de\/produkt\/magnezi-b6\/#primaryimage","url":"https:\/\/nature4me.eu\/wp-content\/uploads\/2016\/03\/MagneZi-B6-Magnezij-1.png","contentUrl":"https:\/\/nature4me.eu\/wp-content\/uploads\/2016\/03\/MagneZi-B6-Magnezij-1.png","width":166,"height":300,"caption":"magnezij in vitamin B6"},{"@type":"BreadcrumbList","@id":"https:\/\/nature4me.eu\/de\/produkt\/magnezi-b6\/#breadcrumb","itemListElement":[{"@type":"ListItem","position":1,"name":"Po\u010detna stranica","item":"https:\/\/nature4me.eu\/de\/"},{"@type":"ListItem","position":2,"name":"Webshop","item":"https:\/\/nature4me.eu\/de\/shop\/"},{"@type":"ListItem","position":3,"name":"MagneZi B6 (90 Tabletten)"}]},{"@type":"WebSite","@id":"https:\/\/nature4me.eu\/de\/#website","url":"https:\/\/nature4me.eu\/de\/","name":"CaliVita Nature4me","description":"CaliVita Nature4me","potentialAction":[{"@type":"SearchAction","target":{"@type":"EntryPoint","urlTemplate":"https:\/\/nature4me.eu\/de\/?s={search_term_string}"},"query-input":{"@type":"PropertyValueSpecification","valueRequired":true,"valueName":"search_term_string"}}],"inLanguage":"de"}]}},"_links":{"self":[{"href":"https:\/\/nature4me.eu\/de\/wp-json\/wp\/v2\/product\/5701","targetHints":{"allow":["GET"]}}],"collection":[{"href":"https:\/\/nature4me.eu\/de\/wp-json\/wp\/v2\/product"}],"about":[{"href":"https:\/\/nature4me.eu\/de\/wp-json\/wp\/v2\/types\/product"}],"replies":[{"embeddable":true,"href":"https:\/\/nature4me.eu\/de\/wp-json\/wp\/v2\/comments?post=5701"}],"wp:featuredmedia":[{"embeddable":true,"href":"https:\/\/nature4me.eu\/de\/wp-json\/wp\/v2\/media\/7607"}],"wp:attachment":[{"href":"https:\/\/nature4me.eu\/de\/wp-json\/wp\/v2\/media?parent=5701"}],"wp:term":[{"taxonomy":"product_brand","embeddable":true,"href":"https:\/\/nature4me.eu\/de\/wp-json\/wp\/v2\/product_brand?post=5701"},{"taxonomy":"product_cat","embeddable":true,"href":"https:\/\/nature4me.eu\/de\/wp-json\/wp\/v2\/product_cat?post=5701"},{"taxonomy":"product_tag","embeddable":true,"href":"https:\/\/nature4me.eu\/de\/wp-json\/wp\/v2\/product_tag?post=5701"}],"curies":[{"name":"wp","href":"https:\/\/api.w.org\/{rel}","templated":true}]}}