{"id":5718,"date":"2016-02-27T13:17:45","date_gmt":"2021-09-03T07:00:22","guid":{"rendered":"https:\/\/nature4me.eu\/?post_type=product&#038;p=5718"},"modified":"2022-02-11T08:41:43","modified_gmt":"2022-02-11T06:41:43","slug":"joint-protex-forte","status":"publish","type":"product","link":"https:\/\/nature4me.eu\/de\/produkt\/joint-protex-forte\/","title":{"rendered":"Joint Protex Forte (90 Tabletten)"},"content":{"rendered":"<div id=\"product-long-decs\">\n<p>Die Joint ProteX FORTE Tablette bietet eine besondere Unterst\u00fctzung zum <strong>Regenerieren der Knorpel<\/strong> und zur Bildung der <strong>Gelenkfl\u00fcssigkeit zwischen den Knochen<\/strong>. Neben einer angemessenen Ern\u00e4hrung k\u00f6nnen wir doch wenige Wirkstoffe in den Organismus bringen, die die Gesundheit unserer Gelenke sch\u00fctzen k\u00f6nnten.<br \/>\nIn unserer Tablette tragen das Knorpel st\u00e4rkende Glukosamin und Chondroitin mit hoher Dosis, die Gelenkfl\u00fcssigkeitsbildung f\u00f6rdernde Hyalruns\u00e4ure und das MSM und die Entz\u00fcndung hemmenden Heilpflanzen (z. B. Kurkuma, Echtes M\u00e4des\u00fc\u00df) dazu bei, dass die Gelenke auch bei einer extremen Belastung die angemessene Unterst\u00fctzung erhalten.<\/p>\n<p><strong>Glucosamin<\/strong> stimuliert den Regenerationsprozess Die Wiederherstellung des Knorpels und beseitigit Schmerzen.<\/p>\n<h5>Wem und wozu empfehlen wir es:<\/h5>\n<ul>\n<li>Denjenigen, die die Gelenke extra unterst\u00fctzen und sch\u00fctzen m\u00f6chten,<\/li>\n<li>bei schwerer physikalischer Arbeit,<\/li>\n<li>f\u00fcr Spitzensportler oder denjenigen, die regelm\u00e4\u00dfig Sport treiben,<\/li>\n<li>beim \u00dcbergewicht,<\/li>\n<li>bei einer bewegungsarmen Bewegung,<\/li>\n<li>zur Erg\u00e4nzung bei Behandlung von Gelenkverletzungen.<\/li>\n<\/ul>\n<\/div>\n<p><!-- Product Specification --><\/p>\n<div id=\"wmark\">\n<\/div>\n<table class=\"product_details_body\" border=\"0\" width=\"500\" cellspacing=\"0\" align=\"center\" bgcolor=\"#7CDB8B\">\n<tbody>\n<tr bgcolor=>\n<td height=\"20\"><u>Wirkstoffe Tablette\/Kapsel:<\/u><\/td>\n<td width=\"100\"><span class=\"pvdecla\">(View Declaration)<\/span><\/td>\n<td width=\"70\"><span class=\"pd-rda\">*RDA:<\/span><\/td>\n<\/tr>\n<tr>\n<td>Glukosaminsulfat<\/td>\n<td>500 mg<\/td>\n<td><\/td>\n<\/tr>\n<tr>\n<td>Chondroitinsulfat<\/td>\n<td>270 mg<\/td>\n<td><\/td>\n<\/tr>\n<tr>\n<td>MSM (Methylsulfonyl-Methane)<\/td>\n<td>150 mg<\/td>\n<td><\/td>\n<\/tr>\n<tr>\n<td>Hyalurons\u00e4ure<\/td>\n<td>50 mg<\/td>\n<td><\/td>\n<\/tr>\n<tr>\n<td>Indischer Weichrauchbaum (std. 25 % Weichrauchs\u00e4ure)<\/td>\n<td>50 mg<\/td>\n<td><\/td>\n<\/tr>\n<tr>\n<td>Filipendula Ulmaria (M\u00e4des\u00fcss)<\/td>\n<td>40 mg<\/td>\n<td><\/td>\n<\/tr>\n<tr>\n<td>Kurkumin Extrakt (std. 25 % Kurkumin)<\/td>\n<td>10 mg<\/td>\n<td><\/td>\n<\/tr>\n<tr>\n<td>Zink<\/td>\n<td>5 mg<\/td>\n<td>33%<\/td>\n<\/tr>\n<tr>\n<td>Mangan<\/td>\n<td>1 mg<\/td>\n<td>50%<\/td>\n<\/tr>\n<tr>\n<td colspan=\"3\" height=\"10\"><\/td>\n<\/tr>\n<tr bgcolor=>\n<td colspan=\"3\" height=\"20\"><u>Suggested Usage\/Daily *RDA:<\/u><\/td>\n<\/tr>\n<tr>\n<td colspan=\"3\" align=\"center\" height=\"15\">1 tablet daily<\/td>\n<\/tr>\n<tr bgcolor=>\n<td colspan=\"3\" height=\"20\"><u>Inactive ingredients, Warnings and Product Declaration:<\/u><\/td>\n<\/tr>\n<tr>\n<td colspan=\"3\" height=\"10\">Andere Zutatenn:<\/td>\n<\/tr>\n<tr>\n<td colspan=\"3\" height=\"10\"><\/td>\n<\/tr>\n<\/tbody>\n<\/table>\n<p><!-- End Product Specification --><\/p>\n<p><!-- Product Declaration --><\/p>\n<div id=\"product-declaration-title\">Nahrungserg\u00e4nzungsmittel<\/div>\n<div class=\"prod-declaration\">\n<div class=\"declar-txt\">\n<p>Achtun! Der Inhaltsstoff Glucosamin kann Allergie oder Intoleranz verursachen.<\/p>\n<p>(* RDA = Tageswert) Die empfohlenen Tagesmengen sollten nicht \u00fcberschritten werden. Das Nahrungserg\u00e4nzungsmittel ist kein Ersatz f\u00fcr eine ausgewogene und abwechslungsreiche Ern\u00e4hrung. Au\u00dferhalb der Reichweite von Kindern aufbewahren.<\/p>\n<\/div>\n<\/div>\n<p><!-- End Product Declaration --><\/p>\n","protected":false},"excerpt":{"rendered":"<p><!-- Short Details --><\/p>\n<div class=\"short-product-desc\">\n<h3 class=\"details_name\">Komplexer Gelenkschutz<\/h3>\n<\/div>\n","protected":false},"featured_media":7635,"comment_status":"closed","ping_status":"closed","template":"","meta":{"inline_featured_image":false,"_monsterinsights_skip_tracking":false,"_monsterinsights_sitenote_active":false,"_monsterinsights_sitenote_note":"","_monsterinsights_sitenote_category":0},"product_brand":[],"product_cat":[36],"product_tag":[],"class_list":{"0":"post-5718","1":"product","2":"type-product","3":"status-publish","4":"has-post-thumbnail","6":"product_cat-andere-nahrungsergaenzungsmittel","8":"first","9":"instock","10":"taxable","11":"shipping-taxable","12":"purchasable","13":"product-type-simple"},"yoast_head":"<!-- This site is optimized with the Yoast SEO Premium plugin v21.9 (Yoast SEO v26.6) - https:\/\/yoast.com\/wordpress\/plugins\/seo\/ -->\n<title>Glucosamin, Chondroitin und MSM Gelenkschutz Komplex<\/title>\n<meta name=\"description\" content=\"Glukosamin, Chondroitin und MSM in hoher Dosis Joint Protex Forte Calivita Gelenkschutz Komplex 90 Tabletten\" \/>\n<meta name=\"robots\" content=\"index, follow, max-snippet:-1, max-image-preview:large, max-video-preview:-1\" \/>\n<link rel=\"canonical\" href=\"https:\/\/nature4me.eu\/de\/produkt\/joint-protex-forte\/\" \/>\n<meta property=\"og:locale\" content=\"de_DE\" \/>\n<meta property=\"og:type\" content=\"article\" \/>\n<meta property=\"og:title\" content=\"Joint Protex Forte (90 Tabletten)\" \/>\n<meta property=\"og:description\" content=\"Glukosamin, Chondroitin und MSM in hoher Dosis Joint Protex Forte Calivita Gelenkschutz Komplex 90 Tabletten\" \/>\n<meta property=\"og:url\" content=\"https:\/\/nature4me.eu\/de\/produkt\/joint-protex-forte\/\" \/>\n<meta property=\"og:site_name\" content=\"CaliVita Nature4me\" \/>\n<meta property=\"article:publisher\" content=\"https:\/\/www.facebook.com\/zdravjeiznarave.eu\" \/>\n<meta property=\"article:modified_time\" content=\"2022-02-11T06:41:43+00:00\" \/>\n<meta property=\"og:image\" content=\"https:\/\/nature4me.eu\/wp-content\/uploads\/2016\/02\/Joint-Protex-Forte-1.png\" \/>\n\t<meta property=\"og:image:width\" content=\"200\" \/>\n\t<meta property=\"og:image:height\" content=\"382\" \/>\n\t<meta property=\"og:image:type\" content=\"image\/png\" \/>\n<meta name=\"twitter:card\" content=\"summary_large_image\" \/>\n<meta name=\"twitter:label1\" content=\"Gesch\u00e4tzte Lesezeit\" \/>\n\t<meta name=\"twitter:data1\" content=\"1\u00a0Minute\" \/>\n<script type=\"application\/ld+json\" class=\"yoast-schema-graph\">{\"@context\":\"https:\/\/schema.org\",\"@graph\":[{\"@type\":\"WebPage\",\"@id\":\"https:\/\/nature4me.eu\/de\/produkt\/joint-protex-forte\/\",\"url\":\"https:\/\/nature4me.eu\/de\/produkt\/joint-protex-forte\/\",\"name\":\"Glucosamin, Chondroitin und MSM Gelenkschutz Komplex\",\"isPartOf\":{\"@id\":\"https:\/\/nature4me.eu\/de\/#website\"},\"primaryImageOfPage\":{\"@id\":\"https:\/\/nature4me.eu\/de\/produkt\/joint-protex-forte\/#primaryimage\"},\"image\":{\"@id\":\"https:\/\/nature4me.eu\/de\/produkt\/joint-protex-forte\/#primaryimage\"},\"thumbnailUrl\":\"https:\/\/nature4me.eu\/wp-content\/uploads\/2016\/02\/Joint-Protex-Forte-1.png\",\"datePublished\":\"2021-09-03T07:00:22+00:00\",\"dateModified\":\"2022-02-11T06:41:43+00:00\",\"description\":\"Glukosamin, Chondroitin und MSM in hoher Dosis Joint Protex Forte Calivita Gelenkschutz Komplex 90 Tabletten\",\"breadcrumb\":{\"@id\":\"https:\/\/nature4me.eu\/de\/produkt\/joint-protex-forte\/#breadcrumb\"},\"inLanguage\":\"de\",\"potentialAction\":[{\"@type\":\"ReadAction\",\"target\":[\"https:\/\/nature4me.eu\/de\/produkt\/joint-protex-forte\/\"]}]},{\"@type\":\"ImageObject\",\"inLanguage\":\"de\",\"@id\":\"https:\/\/nature4me.eu\/de\/produkt\/joint-protex-forte\/#primaryimage\",\"url\":\"https:\/\/nature4me.eu\/wp-content\/uploads\/2016\/02\/Joint-Protex-Forte-1.png\",\"contentUrl\":\"https:\/\/nature4me.eu\/wp-content\/uploads\/2016\/02\/Joint-Protex-Forte-1.png\",\"width\":200,\"height\":382,\"caption\":\"kompleksna za\u0161\u010dita sklepov\"},{\"@type\":\"BreadcrumbList\",\"@id\":\"https:\/\/nature4me.eu\/de\/produkt\/joint-protex-forte\/#breadcrumb\",\"itemListElement\":[{\"@type\":\"ListItem\",\"position\":1,\"name\":\"Po\u010detna stranica\",\"item\":\"https:\/\/nature4me.eu\/de\/\"},{\"@type\":\"ListItem\",\"position\":2,\"name\":\"Webshop\",\"item\":\"https:\/\/nature4me.eu\/de\/shop\/\"},{\"@type\":\"ListItem\",\"position\":3,\"name\":\"Joint Protex Forte (90 Tabletten)\"}]},{\"@type\":\"WebSite\",\"@id\":\"https:\/\/nature4me.eu\/de\/#website\",\"url\":\"https:\/\/nature4me.eu\/de\/\",\"name\":\"CaliVita Nature4me\",\"description\":\"CaliVita Nature4me\",\"potentialAction\":[{\"@type\":\"SearchAction\",\"target\":{\"@type\":\"EntryPoint\",\"urlTemplate\":\"https:\/\/nature4me.eu\/de\/?s={search_term_string}\"},\"query-input\":{\"@type\":\"PropertyValueSpecification\",\"valueRequired\":true,\"valueName\":\"search_term_string\"}}],\"inLanguage\":\"de\"}]}<\/script>\n<!-- \/ Yoast SEO Premium plugin. -->","yoast_head_json":{"title":"Glucosamin, Chondroitin und MSM Gelenkschutz Komplex","description":"Glukosamin, Chondroitin und MSM in hoher Dosis Joint Protex Forte Calivita Gelenkschutz Komplex 90 Tabletten","robots":{"index":"index","follow":"follow","max-snippet":"max-snippet:-1","max-image-preview":"max-image-preview:large","max-video-preview":"max-video-preview:-1"},"canonical":"https:\/\/nature4me.eu\/de\/produkt\/joint-protex-forte\/","og_locale":"de_DE","og_type":"article","og_title":"Joint Protex Forte (90 Tabletten)","og_description":"Glukosamin, Chondroitin und MSM in hoher Dosis Joint Protex Forte Calivita Gelenkschutz Komplex 90 Tabletten","og_url":"https:\/\/nature4me.eu\/de\/produkt\/joint-protex-forte\/","og_site_name":"CaliVita Nature4me","article_publisher":"https:\/\/www.facebook.com\/zdravjeiznarave.eu","article_modified_time":"2022-02-11T06:41:43+00:00","og_image":[{"width":200,"height":382,"url":"https:\/\/nature4me.eu\/wp-content\/uploads\/2016\/02\/Joint-Protex-Forte-1.png","type":"image\/png"}],"twitter_card":"summary_large_image","twitter_misc":{"Gesch\u00e4tzte Lesezeit":"1\u00a0Minute"},"schema":{"@context":"https:\/\/schema.org","@graph":[{"@type":"WebPage","@id":"https:\/\/nature4me.eu\/de\/produkt\/joint-protex-forte\/","url":"https:\/\/nature4me.eu\/de\/produkt\/joint-protex-forte\/","name":"Glucosamin, Chondroitin und MSM Gelenkschutz Komplex","isPartOf":{"@id":"https:\/\/nature4me.eu\/de\/#website"},"primaryImageOfPage":{"@id":"https:\/\/nature4me.eu\/de\/produkt\/joint-protex-forte\/#primaryimage"},"image":{"@id":"https:\/\/nature4me.eu\/de\/produkt\/joint-protex-forte\/#primaryimage"},"thumbnailUrl":"https:\/\/nature4me.eu\/wp-content\/uploads\/2016\/02\/Joint-Protex-Forte-1.png","datePublished":"2021-09-03T07:00:22+00:00","dateModified":"2022-02-11T06:41:43+00:00","description":"Glukosamin, Chondroitin und MSM in hoher Dosis Joint Protex Forte Calivita Gelenkschutz Komplex 90 Tabletten","breadcrumb":{"@id":"https:\/\/nature4me.eu\/de\/produkt\/joint-protex-forte\/#breadcrumb"},"inLanguage":"de","potentialAction":[{"@type":"ReadAction","target":["https:\/\/nature4me.eu\/de\/produkt\/joint-protex-forte\/"]}]},{"@type":"ImageObject","inLanguage":"de","@id":"https:\/\/nature4me.eu\/de\/produkt\/joint-protex-forte\/#primaryimage","url":"https:\/\/nature4me.eu\/wp-content\/uploads\/2016\/02\/Joint-Protex-Forte-1.png","contentUrl":"https:\/\/nature4me.eu\/wp-content\/uploads\/2016\/02\/Joint-Protex-Forte-1.png","width":200,"height":382,"caption":"kompleksna za\u0161\u010dita sklepov"},{"@type":"BreadcrumbList","@id":"https:\/\/nature4me.eu\/de\/produkt\/joint-protex-forte\/#breadcrumb","itemListElement":[{"@type":"ListItem","position":1,"name":"Po\u010detna stranica","item":"https:\/\/nature4me.eu\/de\/"},{"@type":"ListItem","position":2,"name":"Webshop","item":"https:\/\/nature4me.eu\/de\/shop\/"},{"@type":"ListItem","position":3,"name":"Joint Protex Forte (90 Tabletten)"}]},{"@type":"WebSite","@id":"https:\/\/nature4me.eu\/de\/#website","url":"https:\/\/nature4me.eu\/de\/","name":"CaliVita Nature4me","description":"CaliVita Nature4me","potentialAction":[{"@type":"SearchAction","target":{"@type":"EntryPoint","urlTemplate":"https:\/\/nature4me.eu\/de\/?s={search_term_string}"},"query-input":{"@type":"PropertyValueSpecification","valueRequired":true,"valueName":"search_term_string"}}],"inLanguage":"de"}]}},"_links":{"self":[{"href":"https:\/\/nature4me.eu\/de\/wp-json\/wp\/v2\/product\/5718","targetHints":{"allow":["GET"]}}],"collection":[{"href":"https:\/\/nature4me.eu\/de\/wp-json\/wp\/v2\/product"}],"about":[{"href":"https:\/\/nature4me.eu\/de\/wp-json\/wp\/v2\/types\/product"}],"replies":[{"embeddable":true,"href":"https:\/\/nature4me.eu\/de\/wp-json\/wp\/v2\/comments?post=5718"}],"wp:featuredmedia":[{"embeddable":true,"href":"https:\/\/nature4me.eu\/de\/wp-json\/wp\/v2\/media\/7635"}],"wp:attachment":[{"href":"https:\/\/nature4me.eu\/de\/wp-json\/wp\/v2\/media?parent=5718"}],"wp:term":[{"taxonomy":"product_brand","embeddable":true,"href":"https:\/\/nature4me.eu\/de\/wp-json\/wp\/v2\/product_brand?post=5718"},{"taxonomy":"product_cat","embeddable":true,"href":"https:\/\/nature4me.eu\/de\/wp-json\/wp\/v2\/product_cat?post=5718"},{"taxonomy":"product_tag","embeddable":true,"href":"https:\/\/nature4me.eu\/de\/wp-json\/wp\/v2\/product_tag?post=5718"}],"curies":[{"name":"wp","href":"https:\/\/api.w.org\/{rel}","templated":true}]}}