{"id":5722,"date":"2016-02-27T12:53:28","date_gmt":"2021-09-03T07:13:24","guid":{"rendered":"https:\/\/nature4me.eu\/?post_type=product&#038;p=5722"},"modified":"2021-12-17T11:29:44","modified_gmt":"2021-12-17T09:29:44","slug":"iron-plus","status":"publish","type":"product","link":"https:\/\/nature4me.eu\/de\/produkt\/iron-plus\/","title":{"rendered":"Iron Plus (100 Tabletten)"},"content":{"rendered":"<div id=\"product-long-decs\">\n<p>Das Eisen tr\u00e4gt zur gesunden Blutbildung bei und es spielt eine Rolle als Bestandteil von H\u00e4moglobin bei Sauerstoffbindung und Lieferung zu Zellen. Das Iron Plus ist ein Erzeugnis guter Qualit\u00e4t, es ist mit Eisen von organischer Bindung, mit Absorption und Verwendung sogar vervierfachendem Vitamin C und Bioflavonoiden erg\u00e4nzt.<\/p>\n<h4>Wem und wozu empfehlen wir es:<\/h4>\n<ul>\n<li>Frauen in fruchtbaren Jahren zur Erg\u00e4nzung von Eisenmangel wegen Menstruation,<\/li>\n<li>werdenden M\u00fcttern, da es w\u00e4hrend der Schwangerschaft ein erh\u00f6hter Eisenbedarf besteht,<\/li>\n<li>denjenigen, die an Blutarmut wegen Eisenmangel leiden, zur Erg\u00e4nzung der Therapie,<\/li>\n<li>in Kindheit und Pubert\u00e4t wegen des schnellen Wuchs zur Eisenerg\u00e4nzung,<\/li>\n<li>zur Deckung von erh\u00f6htem N\u00e4hrstoff-, Vitamin- und Mineralstoffbedarf,<\/li>\n<li>denjenigen, die eine strenge Vega-Di\u00e4t halten.<\/li>\n<\/ul>\n<\/div>\n<p>KoagKag approval number: 4340-0319-1268<br \/>\n<!-- Product Specification --><\/p>\n<div id=\"wmark\">\n<div class=\"wmark-bckg\">nature4me.eu<\/div>\n<\/div>\n<table class=\"product_details_body\" border=\"0\" width=\"500\" cellspacing=\"0\" align=\"center\" bgcolor=\"#7CDB8B\">\n<tbody>\n<tr bgcolor=\"#3c8b47\">\n<td height=\"20\"><u>Wirkstoffe Tablette\/Kapsel:<\/u><\/td>\n<td width=\"100\"><span class=\"pvdecla\">(View Declaration)<\/span><\/td>\n<td width=\"70\"><span class=\"pd-rda\">*RDA:<\/span><\/td>\n<\/tr>\n<tr>\n<td>Vitamin C<\/td>\n<td>30 mg<\/td>\n<td>50%<\/td>\n<\/tr>\n<tr>\n<td>Eisen<\/td>\n<td>14 mg<\/td>\n<td>78%<\/td>\n<\/tr>\n<tr>\n<td>Zitrus Bioflavonoid Komplex<\/td>\n<td>10 mg<\/td>\n<td><\/td>\n<\/tr>\n<tr>\n<td colspan=\"3\" height=\"10\"><\/td>\n<\/tr>\n<tr bgcolor=\"#3c8b47\">\n<td colspan=\"3\" height=\"20\"><u>Dosierung *RDA:<\/u><\/td>\n<\/tr>\n<tr>\n<td colspan=\"3\" align=\"center\" height=\"15\">1 Tablette t\u00e4glich.<\/td>\n<\/tr>\n<tr bgcolor=\"#3c8b47\">\n<td colspan=\"3\" height=\"20\"><u>Inaktive Inhaltsstoffe, Warnungen und Produktdeklarationen:<\/u><\/td>\n<\/tr>\n<tr>\n<td colspan=\"3\" height=\"10\">Andere Zutaten:<\/td>\n<\/tr>\n<tr>\n<td colspan=\"3\" height=\"10\"><\/td>\n<\/tr>\n<\/tbody>\n<\/table>\n<p><!-- End Product Specification --><\/p>\n<p><!-- Product Declaration --><\/p>\n<div id=\"product-declaration-title\">Nahrungserg\u00e4nzungsmittel<\/div>\n<div class=\"prod-declaration\">\n<div class=\"declar-txt\">\n<p>(* RDA = Tageswert) Die empfohlenen Tagesmengen sollten nicht \u00fcberschritten werden. Das Nahrungserg\u00e4nzungsmittel ist kein Ersatz f\u00fcr eine ausgewogene und abwechslungsreiche Ern\u00e4hrung. Au\u00dferhalb der Reichweite von Kindern aufbewahren.<\/p>\n<\/div>\n<div class=\"declar-img\"><a href=\"https:\/\/nature4me.eu\/wp-content\/themes\/n4mtheme\/images\/declaration\/FL0025_Iron_Plus_EN.pdf\" target=\"_blank\" rel=\"noopener\">View Declaration ENG<\/a><\/div>\n<\/div>\n<p><!-- End Product Declaration --><\/p>\n","protected":false},"excerpt":{"rendered":"<p><!-- Short Details --><\/p>\n<div class=\"short-product-desc\">\n<h2 class=\"details_name\">Eisen mit Vitamin C<\/h2>\n<\/div>\n","protected":false},"featured_media":7643,"comment_status":"closed","ping_status":"closed","template":"","meta":{"inline_featured_image":false,"_monsterinsights_skip_tracking":false,"_monsterinsights_sitenote_active":false,"_monsterinsights_sitenote_note":"","_monsterinsights_sitenote_category":0},"product_brand":[],"product_cat":[159,163],"product_tag":[],"class_list":{"0":"post-5722","1":"product","2":"type-product","3":"status-publish","4":"has-post-thumbnail","6":"product_cat-mineralien-de","7":"product_cat-vegetarier-veganer-de","9":"first","10":"instock","11":"taxable","12":"shipping-taxable","13":"purchasable","14":"product-type-simple"},"yoast_head":"<!-- This site is optimized with the Yoast SEO Premium plugin v21.9 (Yoast SEO v26.6) - https:\/\/yoast.com\/wordpress\/plugins\/seo\/ -->\n<title>Eisen Tabletten Iron Plus Calivita<\/title>\n<meta name=\"description\" content=\"Eisen Tabletten Iron Plus ist ein Pr\u00e4parat mit Eisen von organischer Bindung\" \/>\n<meta name=\"robots\" content=\"index, follow, max-snippet:-1, max-image-preview:large, max-video-preview:-1\" \/>\n<link rel=\"canonical\" href=\"https:\/\/nature4me.eu\/de\/produkt\/iron-plus\/\" \/>\n<meta property=\"og:locale\" content=\"de_DE\" \/>\n<meta property=\"og:type\" content=\"article\" \/>\n<meta property=\"og:title\" content=\"Iron Plus (100 Tabletten)\" \/>\n<meta property=\"og:description\" content=\"Eisen Tabletten Iron Plus ist ein Pr\u00e4parat mit Eisen von organischer Bindung\" \/>\n<meta property=\"og:url\" content=\"https:\/\/nature4me.eu\/de\/produkt\/iron-plus\/\" \/>\n<meta property=\"og:site_name\" content=\"CaliVita Nature4me\" \/>\n<meta property=\"article:publisher\" content=\"https:\/\/www.facebook.com\/zdravjeiznarave.eu\" \/>\n<meta property=\"article:modified_time\" content=\"2021-12-17T09:29:44+00:00\" \/>\n<meta property=\"og:image\" content=\"https:\/\/nature4me.eu\/wp-content\/uploads\/2016\/02\/Iron-Plus-1.png\" \/>\n\t<meta property=\"og:image:width\" content=\"200\" \/>\n\t<meta property=\"og:image:height\" content=\"392\" \/>\n\t<meta property=\"og:image:type\" content=\"image\/png\" \/>\n<meta name=\"twitter:card\" content=\"summary_large_image\" \/>\n<meta name=\"twitter:label1\" content=\"Gesch\u00e4tzte Lesezeit\" \/>\n\t<meta name=\"twitter:data1\" content=\"1\u00a0Minute\" \/>\n<script type=\"application\/ld+json\" class=\"yoast-schema-graph\">{\"@context\":\"https:\/\/schema.org\",\"@graph\":[{\"@type\":\"WebPage\",\"@id\":\"https:\/\/nature4me.eu\/de\/produkt\/iron-plus\/\",\"url\":\"https:\/\/nature4me.eu\/de\/produkt\/iron-plus\/\",\"name\":\"Eisen Tabletten Iron Plus Calivita\",\"isPartOf\":{\"@id\":\"https:\/\/nature4me.eu\/de\/#website\"},\"primaryImageOfPage\":{\"@id\":\"https:\/\/nature4me.eu\/de\/produkt\/iron-plus\/#primaryimage\"},\"image\":{\"@id\":\"https:\/\/nature4me.eu\/de\/produkt\/iron-plus\/#primaryimage\"},\"thumbnailUrl\":\"https:\/\/nature4me.eu\/wp-content\/uploads\/2016\/02\/Iron-Plus-1.png\",\"datePublished\":\"2021-09-03T07:13:24+00:00\",\"dateModified\":\"2021-12-17T09:29:44+00:00\",\"description\":\"Eisen Tabletten Iron Plus ist ein Pr\u00e4parat mit Eisen von organischer Bindung\",\"breadcrumb\":{\"@id\":\"https:\/\/nature4me.eu\/de\/produkt\/iron-plus\/#breadcrumb\"},\"inLanguage\":\"de\",\"potentialAction\":[{\"@type\":\"ReadAction\",\"target\":[\"https:\/\/nature4me.eu\/de\/produkt\/iron-plus\/\"]}]},{\"@type\":\"ImageObject\",\"inLanguage\":\"de\",\"@id\":\"https:\/\/nature4me.eu\/de\/produkt\/iron-plus\/#primaryimage\",\"url\":\"https:\/\/nature4me.eu\/wp-content\/uploads\/2016\/02\/Iron-Plus-1.png\",\"contentUrl\":\"https:\/\/nature4me.eu\/wp-content\/uploads\/2016\/02\/Iron-Plus-1.png\",\"width\":200,\"height\":392,\"caption\":\"kompleksna za\u0161\u010dita sklepov\"},{\"@type\":\"BreadcrumbList\",\"@id\":\"https:\/\/nature4me.eu\/de\/produkt\/iron-plus\/#breadcrumb\",\"itemListElement\":[{\"@type\":\"ListItem\",\"position\":1,\"name\":\"Po\u010detna stranica\",\"item\":\"https:\/\/nature4me.eu\/de\/\"},{\"@type\":\"ListItem\",\"position\":2,\"name\":\"Webshop\",\"item\":\"https:\/\/nature4me.eu\/de\/shop\/\"},{\"@type\":\"ListItem\",\"position\":3,\"name\":\"Iron Plus (100 Tabletten)\"}]},{\"@type\":\"WebSite\",\"@id\":\"https:\/\/nature4me.eu\/de\/#website\",\"url\":\"https:\/\/nature4me.eu\/de\/\",\"name\":\"CaliVita Nature4me\",\"description\":\"CaliVita Nature4me\",\"potentialAction\":[{\"@type\":\"SearchAction\",\"target\":{\"@type\":\"EntryPoint\",\"urlTemplate\":\"https:\/\/nature4me.eu\/de\/?s={search_term_string}\"},\"query-input\":{\"@type\":\"PropertyValueSpecification\",\"valueRequired\":true,\"valueName\":\"search_term_string\"}}],\"inLanguage\":\"de\"}]}<\/script>\n<!-- \/ Yoast SEO Premium plugin. -->","yoast_head_json":{"title":"Eisen Tabletten Iron Plus Calivita","description":"Eisen Tabletten Iron Plus ist ein Pr\u00e4parat mit Eisen von organischer Bindung","robots":{"index":"index","follow":"follow","max-snippet":"max-snippet:-1","max-image-preview":"max-image-preview:large","max-video-preview":"max-video-preview:-1"},"canonical":"https:\/\/nature4me.eu\/de\/produkt\/iron-plus\/","og_locale":"de_DE","og_type":"article","og_title":"Iron Plus (100 Tabletten)","og_description":"Eisen Tabletten Iron Plus ist ein Pr\u00e4parat mit Eisen von organischer Bindung","og_url":"https:\/\/nature4me.eu\/de\/produkt\/iron-plus\/","og_site_name":"CaliVita Nature4me","article_publisher":"https:\/\/www.facebook.com\/zdravjeiznarave.eu","article_modified_time":"2021-12-17T09:29:44+00:00","og_image":[{"width":200,"height":392,"url":"https:\/\/nature4me.eu\/wp-content\/uploads\/2016\/02\/Iron-Plus-1.png","type":"image\/png"}],"twitter_card":"summary_large_image","twitter_misc":{"Gesch\u00e4tzte Lesezeit":"1\u00a0Minute"},"schema":{"@context":"https:\/\/schema.org","@graph":[{"@type":"WebPage","@id":"https:\/\/nature4me.eu\/de\/produkt\/iron-plus\/","url":"https:\/\/nature4me.eu\/de\/produkt\/iron-plus\/","name":"Eisen Tabletten Iron Plus Calivita","isPartOf":{"@id":"https:\/\/nature4me.eu\/de\/#website"},"primaryImageOfPage":{"@id":"https:\/\/nature4me.eu\/de\/produkt\/iron-plus\/#primaryimage"},"image":{"@id":"https:\/\/nature4me.eu\/de\/produkt\/iron-plus\/#primaryimage"},"thumbnailUrl":"https:\/\/nature4me.eu\/wp-content\/uploads\/2016\/02\/Iron-Plus-1.png","datePublished":"2021-09-03T07:13:24+00:00","dateModified":"2021-12-17T09:29:44+00:00","description":"Eisen Tabletten Iron Plus ist ein Pr\u00e4parat mit Eisen von organischer Bindung","breadcrumb":{"@id":"https:\/\/nature4me.eu\/de\/produkt\/iron-plus\/#breadcrumb"},"inLanguage":"de","potentialAction":[{"@type":"ReadAction","target":["https:\/\/nature4me.eu\/de\/produkt\/iron-plus\/"]}]},{"@type":"ImageObject","inLanguage":"de","@id":"https:\/\/nature4me.eu\/de\/produkt\/iron-plus\/#primaryimage","url":"https:\/\/nature4me.eu\/wp-content\/uploads\/2016\/02\/Iron-Plus-1.png","contentUrl":"https:\/\/nature4me.eu\/wp-content\/uploads\/2016\/02\/Iron-Plus-1.png","width":200,"height":392,"caption":"kompleksna za\u0161\u010dita sklepov"},{"@type":"BreadcrumbList","@id":"https:\/\/nature4me.eu\/de\/produkt\/iron-plus\/#breadcrumb","itemListElement":[{"@type":"ListItem","position":1,"name":"Po\u010detna stranica","item":"https:\/\/nature4me.eu\/de\/"},{"@type":"ListItem","position":2,"name":"Webshop","item":"https:\/\/nature4me.eu\/de\/shop\/"},{"@type":"ListItem","position":3,"name":"Iron Plus (100 Tabletten)"}]},{"@type":"WebSite","@id":"https:\/\/nature4me.eu\/de\/#website","url":"https:\/\/nature4me.eu\/de\/","name":"CaliVita Nature4me","description":"CaliVita Nature4me","potentialAction":[{"@type":"SearchAction","target":{"@type":"EntryPoint","urlTemplate":"https:\/\/nature4me.eu\/de\/?s={search_term_string}"},"query-input":{"@type":"PropertyValueSpecification","valueRequired":true,"valueName":"search_term_string"}}],"inLanguage":"de"}]}},"_links":{"self":[{"href":"https:\/\/nature4me.eu\/de\/wp-json\/wp\/v2\/product\/5722","targetHints":{"allow":["GET"]}}],"collection":[{"href":"https:\/\/nature4me.eu\/de\/wp-json\/wp\/v2\/product"}],"about":[{"href":"https:\/\/nature4me.eu\/de\/wp-json\/wp\/v2\/types\/product"}],"replies":[{"embeddable":true,"href":"https:\/\/nature4me.eu\/de\/wp-json\/wp\/v2\/comments?post=5722"}],"wp:featuredmedia":[{"embeddable":true,"href":"https:\/\/nature4me.eu\/de\/wp-json\/wp\/v2\/media\/7643"}],"wp:attachment":[{"href":"https:\/\/nature4me.eu\/de\/wp-json\/wp\/v2\/media?parent=5722"}],"wp:term":[{"taxonomy":"product_brand","embeddable":true,"href":"https:\/\/nature4me.eu\/de\/wp-json\/wp\/v2\/product_brand?post=5722"},{"taxonomy":"product_cat","embeddable":true,"href":"https:\/\/nature4me.eu\/de\/wp-json\/wp\/v2\/product_cat?post=5722"},{"taxonomy":"product_tag","embeddable":true,"href":"https:\/\/nature4me.eu\/de\/wp-json\/wp\/v2\/product_tag?post=5722"}],"curies":[{"name":"wp","href":"https:\/\/api.w.org\/{rel}","templated":true}]}}